{"id":27879,"date":"2026-01-02T18:28:28","date_gmt":"2026-01-02T17:28:28","guid":{"rendered":"https:\/\/paragaleriedetalborjt.com\/?post_type=product&#038;p=27879"},"modified":"2026-01-02T18:28:28","modified_gmt":"2026-01-02T17:28:28","slug":"tommee-tippee-lot-de-4-bols-pour-bebe-easi-scoop","status":"publish","type":"product","link":"https:\/\/paragaleriedetalborjt.com\/en\/boutique\/tommee-tippee-lot-de-4-bols-pour-bebe-easi-scoop\/","title":{"rendered":"Tommee Tippee Lot De 4 Bols Pour B\u00e9b\u00e9 Easi Scoop"},"content":{"rendered":"<div aria-labelledby=\"tab-title-description\" class=\"woocommerce-Tabs-panel woocommerce-Tabs-panel--description panel entry-content wc-tab\" id=\"tab-description\" role=\"tabpanel\" style=\"\">\n<h2>Description<\/h2>\n<p><strong>Tommee Tippee Lot De 4 Bols Pour B\u00e9b\u00e9 Easi Scoop<\/strong><\/p>\n<p>Profitez d\u2019une alimentation sans tracas gr\u00e2ce \u00e0 ces bols pour b\u00e9b\u00e9 Tommee Tippee Easi Scoop. Leur conception unique avec base triangulaire facilite la prise de chaque bouch\u00e9e, ce qui vous permet de r\u00e9duire le gaspillage et le nettoyage. De plus, une poign\u00e9e ergonomique sur le c\u00f4t\u00e9 assure une prise en main facile sans se salir les doigts. Commandez maintenant pour des repas agr\u00e9ables et propres !<br \/>\nUne fois le repas termin\u00e9, ces bols de sevrage s\u2019empilent facilement les uns dans les autres, optimisant ainsi votre espace de stockage. En prime, ils sont sans BPA et peuvent \u00eatre utilis\u00e9s en toute s\u00e9curit\u00e9 au micro-ondes. Nettoyez-les avec de l\u2019eau chaude savonneuse ou mettez-les simplement dans le haut du lave-vaisselle. Et pour une tranquillit\u00e9 d\u2019esprit absolue, vous pouvez m\u00eame les st\u00e9riliser.<br \/>\nConvient aux b\u00e9b\u00e9s de 6 mois et plus.<\/p>\n<\/div>","protected":false},"excerpt":{"rendered":"<p>Highlights:Tommee Tippee Lot De 4 Bols Pour B\u00e9b\u00e9 Easi ScoopLes bols pour b\u00e9b\u00e9 Tommee Tippee Easi Scoop rendent l\u2019alimentation sans tracas. Leur conception unique avec une base triangulaire facilite la prise de chaque bouch\u00e9e, r\u00e9duisant ainsi le gaspillage et le nettoyage. Dot\u00e9s d\u2019une poign\u00e9e ergonomique sur le c\u00f4t\u00e9, ils sont faciles \u00e0 tenir sans se salir les doigts. Apr\u00e8s le repas, ils s\u2019empilent pour optimiser le stockage, sont sans BPA et s\u00fbrs pour le micro-ondes. Nettoyez-les simplement \u00e0 l\u2019eau savonneuse ou mettez-les simplement dans le haut du lave-vaisselle, et st\u00e9rilisez-les pour une tranquillit\u00e9 d\u2019esprit totale. Parfaits pour les b\u00e9b\u00e9s de 6 mois et plus.Commandez maintenant pour des repas agr\u00e9ables et propres !<\/p>","protected":false},"featured_media":27880,"comment_status":"open","ping_status":"closed","template":"","meta":[],"pwb-brand":[],"product_cat":[16],"product_tag":[],"class_list":{"0":"post-27879","1":"product","2":"type-product","3":"status-publish","4":"has-post-thumbnail","6":"product_cat-non-classe","7":"pa_brands-tommee-tippee","9":"first","10":"instock","11":"sale","12":"shipping-taxable","13":"purchasable","14":"product-type-simple"},"yoast_head":"<!-- This site is optimized with the Yoast SEO plugin v27.5 - https:\/\/yoast.com\/product\/yoast-seo-wordpress\/ -->\n<title>Tommee Tippee Lot De 4 Bols Pour B\u00e9b\u00e9 Easi Scoop - paragaleriedetalborjt<\/title>\n<meta name=\"robots\" content=\"index, follow, max-snippet:-1, max-image-preview:large, max-video-preview:-1\" \/>\n<link rel=\"canonical\" href=\"https:\/\/paragaleriedetalborjt.com\/en\/boutique\/tommee-tippee-lot-de-4-bols-pour-bebe-easi-scoop\/\" \/>\n<meta property=\"og:locale\" content=\"en_US\" \/>\n<meta property=\"og:type\" content=\"article\" \/>\n<meta property=\"og:title\" content=\"Tommee Tippee Lot De 4 Bols Pour B\u00e9b\u00e9 Easi Scoop - paragaleriedetalborjt\" \/>\n<meta property=\"og:description\" content=\"Highlights:Tommee Tippee Lot De 4 Bols Pour B\u00e9b\u00e9 Easi ScoopLes bols pour b\u00e9b\u00e9 Tommee Tippee Easi Scoop rendent l\u2019alimentation sans tracas. Leur conception unique avec une base triangulaire facilite la prise de chaque bouch\u00e9e, r\u00e9duisant ainsi le gaspillage et le nettoyage. Dot\u00e9s d\u2019une poign\u00e9e ergonomique sur le c\u00f4t\u00e9, ils sont faciles \u00e0 tenir sans se salir les doigts. Apr\u00e8s le repas, ils s\u2019empilent pour optimiser le stockage, sont sans BPA et s\u00fbrs pour le micro-ondes. Nettoyez-les simplement \u00e0 l\u2019eau savonneuse ou mettez-les simplement dans le haut du lave-vaisselle, et st\u00e9rilisez-les pour une tranquillit\u00e9 d\u2019esprit totale. Parfaits pour les b\u00e9b\u00e9s de 6 mois et plus.Commandez maintenant pour des repas agr\u00e9ables et propres !\" \/>\n<meta property=\"og:url\" content=\"https:\/\/paragaleriedetalborjt.com\/en\/boutique\/tommee-tippee-lot-de-4-bols-pour-bebe-easi-scoop\/\" \/>\n<meta property=\"og:site_name\" content=\"paragaleriedetalborjt\" \/>\n<meta property=\"og:image\" content=\"https:\/\/paragaleriedetalborjt.com\/wp-content\/uploads\/2026\/01\/tommee-tippee-lot-de-4-bols-pour-bebe-easi-scoop-6m.jpg\" \/>\n\t<meta property=\"og:image:width\" content=\"595\" \/>\n\t<meta property=\"og:image:height\" content=\"655\" \/>\n\t<meta property=\"og:image:type\" content=\"image\/jpeg\" \/>\n<meta name=\"twitter:card\" content=\"summary_large_image\" \/>\n<meta name=\"twitter:label1\" content=\"Est. reading time\" \/>\n\t<meta name=\"twitter:data1\" content=\"1 minute\" \/>\n<script type=\"application\/ld+json\" class=\"yoast-schema-graph\">{\"@context\":\"https:\\\/\\\/schema.org\",\"@graph\":[{\"@type\":\"WebPage\",\"@id\":\"https:\\\/\\\/paragaleriedetalborjt.com\\\/boutique\\\/tommee-tippee-lot-de-4-bols-pour-bebe-easi-scoop\\\/\",\"url\":\"https:\\\/\\\/paragaleriedetalborjt.com\\\/boutique\\\/tommee-tippee-lot-de-4-bols-pour-bebe-easi-scoop\\\/\",\"name\":\"Tommee Tippee Lot De 4 Bols Pour B\u00e9b\u00e9 Easi Scoop - paragaleriedetalborjt\",\"isPartOf\":{\"@id\":\"https:\\\/\\\/paragaleriedetalborjt.com\\\/#website\"},\"primaryImageOfPage\":{\"@id\":\"https:\\\/\\\/paragaleriedetalborjt.com\\\/boutique\\\/tommee-tippee-lot-de-4-bols-pour-bebe-easi-scoop\\\/#primaryimage\"},\"image\":{\"@id\":\"https:\\\/\\\/paragaleriedetalborjt.com\\\/boutique\\\/tommee-tippee-lot-de-4-bols-pour-bebe-easi-scoop\\\/#primaryimage\"},\"thumbnailUrl\":\"https:\\\/\\\/paragaleriedetalborjt.com\\\/wp-content\\\/uploads\\\/2026\\\/01\\\/tommee-tippee-lot-de-4-bols-pour-bebe-easi-scoop-6m.jpg\",\"datePublished\":\"2026-01-02T17:28:28+00:00\",\"breadcrumb\":{\"@id\":\"https:\\\/\\\/paragaleriedetalborjt.com\\\/boutique\\\/tommee-tippee-lot-de-4-bols-pour-bebe-easi-scoop\\\/#breadcrumb\"},\"inLanguage\":\"en-US\",\"potentialAction\":[{\"@type\":\"ReadAction\",\"target\":[\"https:\\\/\\\/paragaleriedetalborjt.com\\\/boutique\\\/tommee-tippee-lot-de-4-bols-pour-bebe-easi-scoop\\\/\"]}]},{\"@type\":\"ImageObject\",\"inLanguage\":\"en-US\",\"@id\":\"https:\\\/\\\/paragaleriedetalborjt.com\\\/boutique\\\/tommee-tippee-lot-de-4-bols-pour-bebe-easi-scoop\\\/#primaryimage\",\"url\":\"https:\\\/\\\/paragaleriedetalborjt.com\\\/wp-content\\\/uploads\\\/2026\\\/01\\\/tommee-tippee-lot-de-4-bols-pour-bebe-easi-scoop-6m.jpg\",\"contentUrl\":\"https:\\\/\\\/paragaleriedetalborjt.com\\\/wp-content\\\/uploads\\\/2026\\\/01\\\/tommee-tippee-lot-de-4-bols-pour-bebe-easi-scoop-6m.jpg\",\"width\":595,\"height\":655},{\"@type\":\"BreadcrumbList\",\"@id\":\"https:\\\/\\\/paragaleriedetalborjt.com\\\/boutique\\\/tommee-tippee-lot-de-4-bols-pour-bebe-easi-scoop\\\/#breadcrumb\",\"itemListElement\":[{\"@type\":\"ListItem\",\"position\":1,\"name\":\"Accueil\",\"item\":\"https:\\\/\\\/paragaleriedetalborjt.com\\\/\"},{\"@type\":\"ListItem\",\"position\":2,\"name\":\"Boutique\",\"item\":\"https:\\\/\\\/paragaleriedetalborjt.com\\\/boutique\\\/\"},{\"@type\":\"ListItem\",\"position\":3,\"name\":\"Tommee Tippee Lot De 4 Bols Pour B\u00e9b\u00e9 Easi Scoop\"}]},{\"@type\":\"WebSite\",\"@id\":\"https:\\\/\\\/paragaleriedetalborjt.com\\\/#website\",\"url\":\"https:\\\/\\\/paragaleriedetalborjt.com\\\/\",\"name\":\"paragaleriedetalborjt\",\"description\":\"\",\"potentialAction\":[{\"@type\":\"SearchAction\",\"target\":{\"@type\":\"EntryPoint\",\"urlTemplate\":\"https:\\\/\\\/paragaleriedetalborjt.com\\\/?s={search_term_string}\"},\"query-input\":{\"@type\":\"PropertyValueSpecification\",\"valueRequired\":true,\"valueName\":\"search_term_string\"}}],\"inLanguage\":\"en-US\"}]}<\/script>\n<!-- \/ Yoast SEO plugin. -->","yoast_head_json":{"title":"Tommee Tippee Lot De 4 Bols Pour B\u00e9b\u00e9 Easi Scoop - paragaleriedetalborjt","robots":{"index":"index","follow":"follow","max-snippet":"max-snippet:-1","max-image-preview":"max-image-preview:large","max-video-preview":"max-video-preview:-1"},"canonical":"https:\/\/paragaleriedetalborjt.com\/en\/boutique\/tommee-tippee-lot-de-4-bols-pour-bebe-easi-scoop\/","og_locale":"en_US","og_type":"article","og_title":"Tommee Tippee Lot De 4 Bols Pour B\u00e9b\u00e9 Easi Scoop - paragaleriedetalborjt","og_description":"Highlights:Tommee Tippee Lot De 4 Bols Pour B\u00e9b\u00e9 Easi ScoopLes bols pour b\u00e9b\u00e9 Tommee Tippee Easi Scoop rendent l\u2019alimentation sans tracas. Leur conception unique avec une base triangulaire facilite la prise de chaque bouch\u00e9e, r\u00e9duisant ainsi le gaspillage et le nettoyage. Dot\u00e9s d\u2019une poign\u00e9e ergonomique sur le c\u00f4t\u00e9, ils sont faciles \u00e0 tenir sans se salir les doigts. Apr\u00e8s le repas, ils s\u2019empilent pour optimiser le stockage, sont sans BPA et s\u00fbrs pour le micro-ondes. Nettoyez-les simplement \u00e0 l\u2019eau savonneuse ou mettez-les simplement dans le haut du lave-vaisselle, et st\u00e9rilisez-les pour une tranquillit\u00e9 d\u2019esprit totale. Parfaits pour les b\u00e9b\u00e9s de 6 mois et plus.Commandez maintenant pour des repas agr\u00e9ables et propres !","og_url":"https:\/\/paragaleriedetalborjt.com\/en\/boutique\/tommee-tippee-lot-de-4-bols-pour-bebe-easi-scoop\/","og_site_name":"paragaleriedetalborjt","og_image":[{"width":595,"height":655,"url":"https:\/\/paragaleriedetalborjt.com\/wp-content\/uploads\/2026\/01\/tommee-tippee-lot-de-4-bols-pour-bebe-easi-scoop-6m.jpg","type":"image\/jpeg"}],"twitter_card":"summary_large_image","twitter_misc":{"Est. reading time":"1 minute"},"schema":{"@context":"https:\/\/schema.org","@graph":[{"@type":"WebPage","@id":"https:\/\/paragaleriedetalborjt.com\/boutique\/tommee-tippee-lot-de-4-bols-pour-bebe-easi-scoop\/","url":"https:\/\/paragaleriedetalborjt.com\/boutique\/tommee-tippee-lot-de-4-bols-pour-bebe-easi-scoop\/","name":"Tommee Tippee Lot De 4 Bols Pour B\u00e9b\u00e9 Easi Scoop - paragaleriedetalborjt","isPartOf":{"@id":"https:\/\/paragaleriedetalborjt.com\/#website"},"primaryImageOfPage":{"@id":"https:\/\/paragaleriedetalborjt.com\/boutique\/tommee-tippee-lot-de-4-bols-pour-bebe-easi-scoop\/#primaryimage"},"image":{"@id":"https:\/\/paragaleriedetalborjt.com\/boutique\/tommee-tippee-lot-de-4-bols-pour-bebe-easi-scoop\/#primaryimage"},"thumbnailUrl":"https:\/\/paragaleriedetalborjt.com\/wp-content\/uploads\/2026\/01\/tommee-tippee-lot-de-4-bols-pour-bebe-easi-scoop-6m.jpg","datePublished":"2026-01-02T17:28:28+00:00","breadcrumb":{"@id":"https:\/\/paragaleriedetalborjt.com\/boutique\/tommee-tippee-lot-de-4-bols-pour-bebe-easi-scoop\/#breadcrumb"},"inLanguage":"en-US","potentialAction":[{"@type":"ReadAction","target":["https:\/\/paragaleriedetalborjt.com\/boutique\/tommee-tippee-lot-de-4-bols-pour-bebe-easi-scoop\/"]}]},{"@type":"ImageObject","inLanguage":"en-US","@id":"https:\/\/paragaleriedetalborjt.com\/boutique\/tommee-tippee-lot-de-4-bols-pour-bebe-easi-scoop\/#primaryimage","url":"https:\/\/paragaleriedetalborjt.com\/wp-content\/uploads\/2026\/01\/tommee-tippee-lot-de-4-bols-pour-bebe-easi-scoop-6m.jpg","contentUrl":"https:\/\/paragaleriedetalborjt.com\/wp-content\/uploads\/2026\/01\/tommee-tippee-lot-de-4-bols-pour-bebe-easi-scoop-6m.jpg","width":595,"height":655},{"@type":"BreadcrumbList","@id":"https:\/\/paragaleriedetalborjt.com\/boutique\/tommee-tippee-lot-de-4-bols-pour-bebe-easi-scoop\/#breadcrumb","itemListElement":[{"@type":"ListItem","position":1,"name":"Accueil","item":"https:\/\/paragaleriedetalborjt.com\/"},{"@type":"ListItem","position":2,"name":"Boutique","item":"https:\/\/paragaleriedetalborjt.com\/boutique\/"},{"@type":"ListItem","position":3,"name":"Tommee Tippee Lot De 4 Bols Pour B\u00e9b\u00e9 Easi Scoop"}]},{"@type":"WebSite","@id":"https:\/\/paragaleriedetalborjt.com\/#website","url":"https:\/\/paragaleriedetalborjt.com\/","name":"paragaleriedetalborjt","description":"","potentialAction":[{"@type":"SearchAction","target":{"@type":"EntryPoint","urlTemplate":"https:\/\/paragaleriedetalborjt.com\/?s={search_term_string}"},"query-input":{"@type":"PropertyValueSpecification","valueRequired":true,"valueName":"search_term_string"}}],"inLanguage":"en-US"}]}},"brands":[],"_links":{"self":[{"href":"https:\/\/paragaleriedetalborjt.com\/en\/wp-json\/wp\/v2\/product\/27879","targetHints":{"allow":["GET"]}}],"collection":[{"href":"https:\/\/paragaleriedetalborjt.com\/en\/wp-json\/wp\/v2\/product"}],"about":[{"href":"https:\/\/paragaleriedetalborjt.com\/en\/wp-json\/wp\/v2\/types\/product"}],"replies":[{"embeddable":true,"href":"https:\/\/paragaleriedetalborjt.com\/en\/wp-json\/wp\/v2\/comments?post=27879"}],"version-history":[{"count":1,"href":"https:\/\/paragaleriedetalborjt.com\/en\/wp-json\/wp\/v2\/product\/27879\/revisions"}],"predecessor-version":[{"id":27881,"href":"https:\/\/paragaleriedetalborjt.com\/en\/wp-json\/wp\/v2\/product\/27879\/revisions\/27881"}],"wp:featuredmedia":[{"embeddable":true,"href":"https:\/\/paragaleriedetalborjt.com\/en\/wp-json\/wp\/v2\/media\/27880"}],"wp:attachment":[{"href":"https:\/\/paragaleriedetalborjt.com\/en\/wp-json\/wp\/v2\/media?parent=27879"}],"wp:term":[{"taxonomy":"pwb-brand","embeddable":true,"href":"https:\/\/paragaleriedetalborjt.com\/en\/wp-json\/wp\/v2\/pwb-brand?post=27879"},{"taxonomy":"product_cat","embeddable":true,"href":"https:\/\/paragaleriedetalborjt.com\/en\/wp-json\/wp\/v2\/product_cat?post=27879"},{"taxonomy":"product_tag","embeddable":true,"href":"https:\/\/paragaleriedetalborjt.com\/en\/wp-json\/wp\/v2\/product_tag?post=27879"}],"curies":[{"name":"wp","href":"https:\/\/api.w.org\/{rel}","templated":true}]}}