{"id":27765,"date":"2026-01-02T18:26:55","date_gmt":"2026-01-02T17:26:55","guid":{"rendered":"https:\/\/paragaleriedetalborjt.com\/?post_type=product&#038;p=27765"},"modified":"2026-01-02T18:26:55","modified_gmt":"2026-01-02T17:26:55","slug":"tommee-tippee-poubelle-a-couches-anti-odeur-twist-click-blanc","status":"publish","type":"product","link":"https:\/\/paragaleriedetalborjt.com\/en\/boutique\/tommee-tippee-poubelle-a-couches-anti-odeur-twist-click-blanc\/","title":{"rendered":"Tommee Tippee Poubelle \u00e0 Couches Anti-Odeur Twist &#038; Click- Blanc"},"content":{"rendered":"<div aria-labelledby=\"tab-title-description\" class=\"woocommerce-Tabs-panel woocommerce-Tabs-panel--description panel entry-content wc-tab\" id=\"tab-description\" role=\"tabpanel\" style=\"\">\n<h2>Description<\/h2>\n<p><strong>Tommee Tippee Poubelle \u00e0 Couches Anti-Odeur Twist &amp; Click- Blanc<\/strong><\/p>\n<p>D\u00e9couvrez la magie de la poubelle \u00e0 couches Anti-Odeur Twist &amp; Click de Tommee Tippee\u00a0 \u2013 <strong>\u00a0<\/strong>Blanc !<\/p>\n<p>Enveloppant chaque couche individuellement, elle \u00e9loigne les mauvaises odeurs et les germes.<\/p>\n<p>Il suffit de tourner la poign\u00e9e pour sceller chaque couche et ainsi garder votre espace propre et frais. Pratique et fonctionnelle, cette poubelle peut contenir jusqu\u2019\u00e0 28 couches avant d\u2019avoir besoin d\u2019\u00eatre vid\u00e9e.<\/p>\n<p>Ne laissez plus les odeurs d\u00e9sagr\u00e9ables g\u00e2cher votre exp\u00e9rience parentale, optez pour la poubelle \u00e0 couches Anti-Odeur Twist &amp; Click d\u00e8s maintenant !<\/p>\n<p><strong>Quelles sont les caract\u00e9ristiques de la poubelle \u00e0 couches Twist &amp; Click de Tommee Tippee ?<\/strong><\/p>\n<ul>\n<li>Le couvercle avec plongeur int\u00e9gr\u00e9 pousse la couche au fond de la poubelle sans avoir \u00e0 utiliser les mains.<\/li>\n<li>Les couches sont emball\u00e9es dans un film multi-\u00e9paisseurs antibact\u00e9rien 99 % des germes nocifs sont \u00e9limin\u00e9s gr\u00e2ce au film antibact\u00e9rien.<\/li>\n<li>Le couvercle plat facilite l\u2019utilisation de la poubelle m\u00eame quand elle est plac\u00e9e contre un mur.<\/li>\n<li>Son design \u00e9pur\u00e9 s\u2019adapte \u00e0 toutes les pi\u00e8ces.<\/li>\n<\/ul>\n<\/div>","protected":false},"excerpt":{"rendered":"<p>Highlights:Tommee Tippee Poubelle \u00e0 Couches Anti-Odeur Twist &#038; Click- BlancD\u00e9couvrez la magie de la poubelle \u00e0 couches Anti-Odeur Twist &#038; Click deTommee Tippee \u2013 Blanc !Enveloppant chaque couche individuellement, elle \u00e9loigne les mauvaises odeurs et les germes.<\/p>","protected":false},"featured_media":27766,"comment_status":"open","ping_status":"closed","template":"","meta":[],"pwb-brand":[],"product_cat":[16],"product_tag":[],"class_list":{"0":"post-27765","1":"product","2":"type-product","3":"status-publish","4":"has-post-thumbnail","6":"product_cat-non-classe","7":"pa_brands-tommee-tippee","9":"first","10":"instock","11":"sale","12":"shipping-taxable","13":"purchasable","14":"product-type-simple"},"yoast_head":"<!-- This site is optimized with the Yoast SEO plugin v27.5 - https:\/\/yoast.com\/product\/yoast-seo-wordpress\/ -->\n<title>Tommee Tippee Poubelle \u00e0 Couches Anti-Odeur Twist &amp; Click- Blanc - paragaleriedetalborjt<\/title>\n<meta name=\"robots\" content=\"index, follow, max-snippet:-1, max-image-preview:large, max-video-preview:-1\" \/>\n<link rel=\"canonical\" href=\"https:\/\/paragaleriedetalborjt.com\/en\/boutique\/tommee-tippee-poubelle-a-couches-anti-odeur-twist-click-blanc\/\" \/>\n<meta property=\"og:locale\" content=\"en_US\" \/>\n<meta property=\"og:type\" content=\"article\" \/>\n<meta property=\"og:title\" content=\"Tommee Tippee Poubelle \u00e0 Couches Anti-Odeur Twist &amp; Click- Blanc - paragaleriedetalborjt\" \/>\n<meta property=\"og:description\" content=\"Highlights:Tommee Tippee Poubelle \u00e0 Couches Anti-Odeur Twist &amp; Click- BlancD\u00e9couvrez la magie de la poubelle \u00e0 couches Anti-Odeur Twist &amp; Click deTommee Tippee \u2013 Blanc !Enveloppant chaque couche individuellement, elle \u00e9loigne les mauvaises odeurs et les germes.\" \/>\n<meta property=\"og:url\" content=\"https:\/\/paragaleriedetalborjt.com\/en\/boutique\/tommee-tippee-poubelle-a-couches-anti-odeur-twist-click-blanc\/\" \/>\n<meta property=\"og:site_name\" content=\"paragaleriedetalborjt\" \/>\n<meta property=\"og:image\" content=\"https:\/\/paragaleriedetalborjt.com\/wp-content\/uploads\/2026\/01\/tommee-tippee-poubelle-couches-anti-odeur-twist-click-blanc.jpg\" \/>\n\t<meta property=\"og:image:width\" content=\"595\" \/>\n\t<meta property=\"og:image:height\" content=\"655\" \/>\n\t<meta property=\"og:image:type\" content=\"image\/jpeg\" \/>\n<meta name=\"twitter:card\" content=\"summary_large_image\" \/>\n<meta name=\"twitter:label1\" content=\"Est. reading time\" \/>\n\t<meta name=\"twitter:data1\" content=\"1 minute\" \/>\n<script type=\"application\/ld+json\" class=\"yoast-schema-graph\">{\"@context\":\"https:\\\/\\\/schema.org\",\"@graph\":[{\"@type\":\"WebPage\",\"@id\":\"https:\\\/\\\/paragaleriedetalborjt.com\\\/boutique\\\/tommee-tippee-poubelle-a-couches-anti-odeur-twist-click-blanc\\\/\",\"url\":\"https:\\\/\\\/paragaleriedetalborjt.com\\\/boutique\\\/tommee-tippee-poubelle-a-couches-anti-odeur-twist-click-blanc\\\/\",\"name\":\"Tommee Tippee Poubelle \u00e0 Couches Anti-Odeur Twist & Click- Blanc - paragaleriedetalborjt\",\"isPartOf\":{\"@id\":\"https:\\\/\\\/paragaleriedetalborjt.com\\\/#website\"},\"primaryImageOfPage\":{\"@id\":\"https:\\\/\\\/paragaleriedetalborjt.com\\\/boutique\\\/tommee-tippee-poubelle-a-couches-anti-odeur-twist-click-blanc\\\/#primaryimage\"},\"image\":{\"@id\":\"https:\\\/\\\/paragaleriedetalborjt.com\\\/boutique\\\/tommee-tippee-poubelle-a-couches-anti-odeur-twist-click-blanc\\\/#primaryimage\"},\"thumbnailUrl\":\"https:\\\/\\\/paragaleriedetalborjt.com\\\/wp-content\\\/uploads\\\/2026\\\/01\\\/tommee-tippee-poubelle-couches-anti-odeur-twist-click-blanc.jpg\",\"datePublished\":\"2026-01-02T17:26:55+00:00\",\"breadcrumb\":{\"@id\":\"https:\\\/\\\/paragaleriedetalborjt.com\\\/boutique\\\/tommee-tippee-poubelle-a-couches-anti-odeur-twist-click-blanc\\\/#breadcrumb\"},\"inLanguage\":\"en-US\",\"potentialAction\":[{\"@type\":\"ReadAction\",\"target\":[\"https:\\\/\\\/paragaleriedetalborjt.com\\\/boutique\\\/tommee-tippee-poubelle-a-couches-anti-odeur-twist-click-blanc\\\/\"]}]},{\"@type\":\"ImageObject\",\"inLanguage\":\"en-US\",\"@id\":\"https:\\\/\\\/paragaleriedetalborjt.com\\\/boutique\\\/tommee-tippee-poubelle-a-couches-anti-odeur-twist-click-blanc\\\/#primaryimage\",\"url\":\"https:\\\/\\\/paragaleriedetalborjt.com\\\/wp-content\\\/uploads\\\/2026\\\/01\\\/tommee-tippee-poubelle-couches-anti-odeur-twist-click-blanc.jpg\",\"contentUrl\":\"https:\\\/\\\/paragaleriedetalborjt.com\\\/wp-content\\\/uploads\\\/2026\\\/01\\\/tommee-tippee-poubelle-couches-anti-odeur-twist-click-blanc.jpg\",\"width\":595,\"height\":655},{\"@type\":\"BreadcrumbList\",\"@id\":\"https:\\\/\\\/paragaleriedetalborjt.com\\\/boutique\\\/tommee-tippee-poubelle-a-couches-anti-odeur-twist-click-blanc\\\/#breadcrumb\",\"itemListElement\":[{\"@type\":\"ListItem\",\"position\":1,\"name\":\"Accueil\",\"item\":\"https:\\\/\\\/paragaleriedetalborjt.com\\\/\"},{\"@type\":\"ListItem\",\"position\":2,\"name\":\"Boutique\",\"item\":\"https:\\\/\\\/paragaleriedetalborjt.com\\\/boutique\\\/\"},{\"@type\":\"ListItem\",\"position\":3,\"name\":\"Tommee Tippee Poubelle \u00e0 Couches Anti-Odeur Twist &#038; Click- Blanc\"}]},{\"@type\":\"WebSite\",\"@id\":\"https:\\\/\\\/paragaleriedetalborjt.com\\\/#website\",\"url\":\"https:\\\/\\\/paragaleriedetalborjt.com\\\/\",\"name\":\"paragaleriedetalborjt\",\"description\":\"\",\"potentialAction\":[{\"@type\":\"SearchAction\",\"target\":{\"@type\":\"EntryPoint\",\"urlTemplate\":\"https:\\\/\\\/paragaleriedetalborjt.com\\\/?s={search_term_string}\"},\"query-input\":{\"@type\":\"PropertyValueSpecification\",\"valueRequired\":true,\"valueName\":\"search_term_string\"}}],\"inLanguage\":\"en-US\"}]}<\/script>\n<!-- \/ Yoast SEO plugin. -->","yoast_head_json":{"title":"Tommee Tippee Poubelle \u00e0 Couches Anti-Odeur Twist & Click- Blanc - paragaleriedetalborjt","robots":{"index":"index","follow":"follow","max-snippet":"max-snippet:-1","max-image-preview":"max-image-preview:large","max-video-preview":"max-video-preview:-1"},"canonical":"https:\/\/paragaleriedetalborjt.com\/en\/boutique\/tommee-tippee-poubelle-a-couches-anti-odeur-twist-click-blanc\/","og_locale":"en_US","og_type":"article","og_title":"Tommee Tippee Poubelle \u00e0 Couches Anti-Odeur Twist & Click- Blanc - paragaleriedetalborjt","og_description":"Highlights:Tommee Tippee Poubelle \u00e0 Couches Anti-Odeur Twist & Click- BlancD\u00e9couvrez la magie de la poubelle \u00e0 couches Anti-Odeur Twist & Click deTommee Tippee \u2013 Blanc !Enveloppant chaque couche individuellement, elle \u00e9loigne les mauvaises odeurs et les germes.","og_url":"https:\/\/paragaleriedetalborjt.com\/en\/boutique\/tommee-tippee-poubelle-a-couches-anti-odeur-twist-click-blanc\/","og_site_name":"paragaleriedetalborjt","og_image":[{"width":595,"height":655,"url":"https:\/\/paragaleriedetalborjt.com\/wp-content\/uploads\/2026\/01\/tommee-tippee-poubelle-couches-anti-odeur-twist-click-blanc.jpg","type":"image\/jpeg"}],"twitter_card":"summary_large_image","twitter_misc":{"Est. reading time":"1 minute"},"schema":{"@context":"https:\/\/schema.org","@graph":[{"@type":"WebPage","@id":"https:\/\/paragaleriedetalborjt.com\/boutique\/tommee-tippee-poubelle-a-couches-anti-odeur-twist-click-blanc\/","url":"https:\/\/paragaleriedetalborjt.com\/boutique\/tommee-tippee-poubelle-a-couches-anti-odeur-twist-click-blanc\/","name":"Tommee Tippee Poubelle \u00e0 Couches Anti-Odeur Twist & Click- Blanc - paragaleriedetalborjt","isPartOf":{"@id":"https:\/\/paragaleriedetalborjt.com\/#website"},"primaryImageOfPage":{"@id":"https:\/\/paragaleriedetalborjt.com\/boutique\/tommee-tippee-poubelle-a-couches-anti-odeur-twist-click-blanc\/#primaryimage"},"image":{"@id":"https:\/\/paragaleriedetalborjt.com\/boutique\/tommee-tippee-poubelle-a-couches-anti-odeur-twist-click-blanc\/#primaryimage"},"thumbnailUrl":"https:\/\/paragaleriedetalborjt.com\/wp-content\/uploads\/2026\/01\/tommee-tippee-poubelle-couches-anti-odeur-twist-click-blanc.jpg","datePublished":"2026-01-02T17:26:55+00:00","breadcrumb":{"@id":"https:\/\/paragaleriedetalborjt.com\/boutique\/tommee-tippee-poubelle-a-couches-anti-odeur-twist-click-blanc\/#breadcrumb"},"inLanguage":"en-US","potentialAction":[{"@type":"ReadAction","target":["https:\/\/paragaleriedetalborjt.com\/boutique\/tommee-tippee-poubelle-a-couches-anti-odeur-twist-click-blanc\/"]}]},{"@type":"ImageObject","inLanguage":"en-US","@id":"https:\/\/paragaleriedetalborjt.com\/boutique\/tommee-tippee-poubelle-a-couches-anti-odeur-twist-click-blanc\/#primaryimage","url":"https:\/\/paragaleriedetalborjt.com\/wp-content\/uploads\/2026\/01\/tommee-tippee-poubelle-couches-anti-odeur-twist-click-blanc.jpg","contentUrl":"https:\/\/paragaleriedetalborjt.com\/wp-content\/uploads\/2026\/01\/tommee-tippee-poubelle-couches-anti-odeur-twist-click-blanc.jpg","width":595,"height":655},{"@type":"BreadcrumbList","@id":"https:\/\/paragaleriedetalborjt.com\/boutique\/tommee-tippee-poubelle-a-couches-anti-odeur-twist-click-blanc\/#breadcrumb","itemListElement":[{"@type":"ListItem","position":1,"name":"Accueil","item":"https:\/\/paragaleriedetalborjt.com\/"},{"@type":"ListItem","position":2,"name":"Boutique","item":"https:\/\/paragaleriedetalborjt.com\/boutique\/"},{"@type":"ListItem","position":3,"name":"Tommee Tippee Poubelle \u00e0 Couches Anti-Odeur Twist &#038; Click- Blanc"}]},{"@type":"WebSite","@id":"https:\/\/paragaleriedetalborjt.com\/#website","url":"https:\/\/paragaleriedetalborjt.com\/","name":"paragaleriedetalborjt","description":"","potentialAction":[{"@type":"SearchAction","target":{"@type":"EntryPoint","urlTemplate":"https:\/\/paragaleriedetalborjt.com\/?s={search_term_string}"},"query-input":{"@type":"PropertyValueSpecification","valueRequired":true,"valueName":"search_term_string"}}],"inLanguage":"en-US"}]}},"brands":[],"_links":{"self":[{"href":"https:\/\/paragaleriedetalborjt.com\/en\/wp-json\/wp\/v2\/product\/27765","targetHints":{"allow":["GET"]}}],"collection":[{"href":"https:\/\/paragaleriedetalborjt.com\/en\/wp-json\/wp\/v2\/product"}],"about":[{"href":"https:\/\/paragaleriedetalborjt.com\/en\/wp-json\/wp\/v2\/types\/product"}],"replies":[{"embeddable":true,"href":"https:\/\/paragaleriedetalborjt.com\/en\/wp-json\/wp\/v2\/comments?post=27765"}],"version-history":[{"count":1,"href":"https:\/\/paragaleriedetalborjt.com\/en\/wp-json\/wp\/v2\/product\/27765\/revisions"}],"predecessor-version":[{"id":27767,"href":"https:\/\/paragaleriedetalborjt.com\/en\/wp-json\/wp\/v2\/product\/27765\/revisions\/27767"}],"wp:featuredmedia":[{"embeddable":true,"href":"https:\/\/paragaleriedetalborjt.com\/en\/wp-json\/wp\/v2\/media\/27766"}],"wp:attachment":[{"href":"https:\/\/paragaleriedetalborjt.com\/en\/wp-json\/wp\/v2\/media?parent=27765"}],"wp:term":[{"taxonomy":"pwb-brand","embeddable":true,"href":"https:\/\/paragaleriedetalborjt.com\/en\/wp-json\/wp\/v2\/pwb-brand?post=27765"},{"taxonomy":"product_cat","embeddable":true,"href":"https:\/\/paragaleriedetalborjt.com\/en\/wp-json\/wp\/v2\/product_cat?post=27765"},{"taxonomy":"product_tag","embeddable":true,"href":"https:\/\/paragaleriedetalborjt.com\/en\/wp-json\/wp\/v2\/product_tag?post=27765"}],"curies":[{"name":"wp","href":"https:\/\/api.w.org\/{rel}","templated":true}]}}