{"id":27666,"date":"2026-01-02T18:25:38","date_gmt":"2026-01-02T17:25:38","guid":{"rendered":"https:\/\/paragaleriedetalborjt.com\/?post_type=product&#038;p=27666"},"modified":"2026-01-02T18:25:39","modified_gmt":"2026-01-02T17:25:39","slug":"soul-sisters-creme-solaire-eclaircissante-spf50-50ml","status":"publish","type":"product","link":"https:\/\/paragaleriedetalborjt.com\/en\/boutique\/soul-sisters-creme-solaire-eclaircissante-spf50-50ml\/","title":{"rendered":"Soul Sisters Creme Solaire Eclaircissante SPF50+ 50ml"},"content":{"rendered":"<div aria-labelledby=\"tab-title-description\" class=\"woocommerce-Tabs-panel woocommerce-Tabs-panel--description panel entry-content wc-tab\" id=\"tab-description\" role=\"tabpanel\" style=\"\">\n<h2>Description<\/h2>\n<h5><\/h5>\n<p>\u00a0<\/p>\n<p><button aria-controls=\"ProductAccordion--page-utilisation-1-template--22622119035182__main\" aria-expanded=\"true\" class=\"product__accordion__title is-expanded\" data-collapsible-trigger=\"\">Utilisation<\/button><\/p>\n<div aria-expanded=\"true\" class=\"product__accordion__content is-expanded\" data-collapsible-container=\"\" id=\"ProductAccordion--page-utilisation-1-template--22622119035182__main\">\n<div class=\"product__accordion__inner rte\" data-collapsible-content=\"\">\n<p>Appliquez uniform\u00e9ment sur le visage et le cou nettoy\u00e9s comme derni\u00e8re \u00e9tape de votre routine de soins matinale. Peut \u00eatre utilis\u00e9 seul ou sous le maquillage. R\u00e9appliquez toutes les deux heures ou au besoin pour une protection continue.<\/p>\n<p><button aria-controls=\"ProductAccordion--page-ingredients-2-template--22622119035182__main\" aria-expanded=\"true\" class=\"product__accordion__title is-expanded\" data-collapsible-trigger=\"\">Ingr\u00e9dients<\/button><\/p>\n<div aria-expanded=\"true\" class=\"product__accordion__content is-expanded\" data-collapsible-container=\"\" id=\"ProductAccordion--page-ingredients-2-template--22622119035182__main\">\n<div class=\"product__accordion__inner rte\" data-collapsible-content=\"\">\n<p>Aqua, Ethylhexyl Methoxycinnamate, Diethylamino Hydroxybenzoyl Hexyl Benzoate, Dibutyl Adipate, Methylene Bis-Benzotriazolyl Tetramethylbutylphenol (nano), Dicaprylyl Carbonate, Dicaprylyl Ether, Ethylhexyl Triazone, Propanediol, Cetearyl Alcohol, Disodium Cetearyl Sulfosuccinate, Glyceryl Stearate, Decyl Glucoside ,Niacinamide, Ethylhexylglycerin , Phenoxyethanol, Microcrystalline Cellulose , Cellulose Gum, Propylene Glycol , Xanthan Gum, Glycerin, Tartaric Acid, Sodium Sulfite , Sodium Metabisulfite , Butylene Glycol , Saxifraga Sarmentosa Extract , Carica Papaya (Papaya) Fruit Extract , Psidium Guajava Fruit Extract, Trehalose , Urea , Serine , Pentylene Glycol , Glyceryl Polyacrylate , Algin , Caprylyl Glycol , Sodium Hyaluronate , Pullulan , Disodium EDTA ,Disodium Phosphate , Potassium Phosphate, Citric acid<\/p>\n<\/div>\n<\/div>\n<\/div>\n<\/div>\n<\/div>","protected":false},"excerpt":{"rendered":"<p>Highlights:SPF50+ , Acide Hyaluronique, RambutanD\u00e9couvrez notre HydraGlow SPF50+La solution ultime pour nourrir et prot\u00e9ger votre peau. Cet \u00e9cran solaire hydratant est sp\u00e9cialement formul\u00e9 avec des ingr\u00e9dients \u00e9claircissants, offrant un bouclier quotidien contre les rayons UVA\/UVB tout en rehaussant votre \u00e9clat naturel. Profitez d\u2019un \u00e9clat lumineux qui dure toute la journ\u00e9e avec HydraGlow SPF50+<\/p>","protected":false},"featured_media":27667,"comment_status":"open","ping_status":"closed","template":"","meta":[],"pwb-brand":[],"product_cat":[16],"product_tag":[],"class_list":{"0":"post-27666","1":"product","2":"type-product","3":"status-publish","4":"has-post-thumbnail","6":"product_cat-non-classe","7":"pa_brands-soul-sisters","9":"first","10":"instock","11":"sale","12":"shipping-taxable","13":"purchasable","14":"product-type-simple"},"yoast_head":"<!-- This site is optimized with the Yoast SEO plugin v27.5 - https:\/\/yoast.com\/product\/yoast-seo-wordpress\/ -->\n<title>Soul Sisters Creme Solaire Eclaircissante SPF50+ 50ml - paragaleriedetalborjt<\/title>\n<meta name=\"robots\" content=\"index, follow, max-snippet:-1, max-image-preview:large, max-video-preview:-1\" \/>\n<link rel=\"canonical\" href=\"https:\/\/paragaleriedetalborjt.com\/en\/boutique\/soul-sisters-creme-solaire-eclaircissante-spf50-50ml\/\" \/>\n<meta property=\"og:locale\" content=\"en_US\" \/>\n<meta property=\"og:type\" content=\"article\" \/>\n<meta property=\"og:title\" content=\"Soul Sisters Creme Solaire Eclaircissante SPF50+ 50ml - paragaleriedetalborjt\" \/>\n<meta property=\"og:description\" content=\"Highlights:SPF50+ , Acide Hyaluronique, RambutanD\u00e9couvrez notre HydraGlow SPF50+La solution ultime pour nourrir et prot\u00e9ger votre peau. Cet \u00e9cran solaire hydratant est sp\u00e9cialement formul\u00e9 avec des ingr\u00e9dients \u00e9claircissants, offrant un bouclier quotidien contre les rayons UVA\/UVB tout en rehaussant votre \u00e9clat naturel. Profitez d\u2019un \u00e9clat lumineux qui dure toute la journ\u00e9e avec HydraGlow SPF50+\" \/>\n<meta property=\"og:url\" content=\"https:\/\/paragaleriedetalborjt.com\/en\/boutique\/soul-sisters-creme-solaire-eclaircissante-spf50-50ml\/\" \/>\n<meta property=\"og:site_name\" content=\"paragaleriedetalborjt\" \/>\n<meta property=\"article:modified_time\" content=\"2026-01-02T17:25:39+00:00\" \/>\n<meta property=\"og:image\" content=\"https:\/\/paragaleriedetalborjt.com\/wp-content\/uploads\/2026\/01\/Soul-Sisters-Creme-Solaire-Eclaircissante-SPF50-50ml-600x600-1.png\" \/>\n\t<meta property=\"og:image:width\" content=\"600\" \/>\n\t<meta property=\"og:image:height\" content=\"600\" \/>\n\t<meta property=\"og:image:type\" content=\"image\/png\" \/>\n<meta name=\"twitter:card\" content=\"summary_large_image\" \/>\n<meta name=\"twitter:label1\" content=\"Est. reading time\" \/>\n\t<meta name=\"twitter:data1\" content=\"1 minute\" \/>\n<script type=\"application\/ld+json\" class=\"yoast-schema-graph\">{\"@context\":\"https:\\\/\\\/schema.org\",\"@graph\":[{\"@type\":\"WebPage\",\"@id\":\"https:\\\/\\\/paragaleriedetalborjt.com\\\/boutique\\\/soul-sisters-creme-solaire-eclaircissante-spf50-50ml\\\/\",\"url\":\"https:\\\/\\\/paragaleriedetalborjt.com\\\/boutique\\\/soul-sisters-creme-solaire-eclaircissante-spf50-50ml\\\/\",\"name\":\"Soul Sisters Creme Solaire Eclaircissante SPF50+ 50ml - paragaleriedetalborjt\",\"isPartOf\":{\"@id\":\"https:\\\/\\\/paragaleriedetalborjt.com\\\/#website\"},\"primaryImageOfPage\":{\"@id\":\"https:\\\/\\\/paragaleriedetalborjt.com\\\/boutique\\\/soul-sisters-creme-solaire-eclaircissante-spf50-50ml\\\/#primaryimage\"},\"image\":{\"@id\":\"https:\\\/\\\/paragaleriedetalborjt.com\\\/boutique\\\/soul-sisters-creme-solaire-eclaircissante-spf50-50ml\\\/#primaryimage\"},\"thumbnailUrl\":\"https:\\\/\\\/paragaleriedetalborjt.com\\\/wp-content\\\/uploads\\\/2026\\\/01\\\/Soul-Sisters-Creme-Solaire-Eclaircissante-SPF50-50ml-600x600-1.png\",\"datePublished\":\"2026-01-02T17:25:38+00:00\",\"dateModified\":\"2026-01-02T17:25:39+00:00\",\"breadcrumb\":{\"@id\":\"https:\\\/\\\/paragaleriedetalborjt.com\\\/boutique\\\/soul-sisters-creme-solaire-eclaircissante-spf50-50ml\\\/#breadcrumb\"},\"inLanguage\":\"en-US\",\"potentialAction\":[{\"@type\":\"ReadAction\",\"target\":[\"https:\\\/\\\/paragaleriedetalborjt.com\\\/boutique\\\/soul-sisters-creme-solaire-eclaircissante-spf50-50ml\\\/\"]}]},{\"@type\":\"ImageObject\",\"inLanguage\":\"en-US\",\"@id\":\"https:\\\/\\\/paragaleriedetalborjt.com\\\/boutique\\\/soul-sisters-creme-solaire-eclaircissante-spf50-50ml\\\/#primaryimage\",\"url\":\"https:\\\/\\\/paragaleriedetalborjt.com\\\/wp-content\\\/uploads\\\/2026\\\/01\\\/Soul-Sisters-Creme-Solaire-Eclaircissante-SPF50-50ml-600x600-1.png\",\"contentUrl\":\"https:\\\/\\\/paragaleriedetalborjt.com\\\/wp-content\\\/uploads\\\/2026\\\/01\\\/Soul-Sisters-Creme-Solaire-Eclaircissante-SPF50-50ml-600x600-1.png\",\"width\":600,\"height\":600},{\"@type\":\"BreadcrumbList\",\"@id\":\"https:\\\/\\\/paragaleriedetalborjt.com\\\/boutique\\\/soul-sisters-creme-solaire-eclaircissante-spf50-50ml\\\/#breadcrumb\",\"itemListElement\":[{\"@type\":\"ListItem\",\"position\":1,\"name\":\"Accueil\",\"item\":\"https:\\\/\\\/paragaleriedetalborjt.com\\\/\"},{\"@type\":\"ListItem\",\"position\":2,\"name\":\"Boutique\",\"item\":\"https:\\\/\\\/paragaleriedetalborjt.com\\\/boutique\\\/\"},{\"@type\":\"ListItem\",\"position\":3,\"name\":\"Soul Sisters Creme Solaire Eclaircissante SPF50+ 50ml\"}]},{\"@type\":\"WebSite\",\"@id\":\"https:\\\/\\\/paragaleriedetalborjt.com\\\/#website\",\"url\":\"https:\\\/\\\/paragaleriedetalborjt.com\\\/\",\"name\":\"paragaleriedetalborjt\",\"description\":\"\",\"potentialAction\":[{\"@type\":\"SearchAction\",\"target\":{\"@type\":\"EntryPoint\",\"urlTemplate\":\"https:\\\/\\\/paragaleriedetalborjt.com\\\/?s={search_term_string}\"},\"query-input\":{\"@type\":\"PropertyValueSpecification\",\"valueRequired\":true,\"valueName\":\"search_term_string\"}}],\"inLanguage\":\"en-US\"}]}<\/script>\n<!-- \/ Yoast SEO plugin. -->","yoast_head_json":{"title":"Soul Sisters Creme Solaire Eclaircissante SPF50+ 50ml - paragaleriedetalborjt","robots":{"index":"index","follow":"follow","max-snippet":"max-snippet:-1","max-image-preview":"max-image-preview:large","max-video-preview":"max-video-preview:-1"},"canonical":"https:\/\/paragaleriedetalborjt.com\/en\/boutique\/soul-sisters-creme-solaire-eclaircissante-spf50-50ml\/","og_locale":"en_US","og_type":"article","og_title":"Soul Sisters Creme Solaire Eclaircissante SPF50+ 50ml - paragaleriedetalborjt","og_description":"Highlights:SPF50+ , Acide Hyaluronique, RambutanD\u00e9couvrez notre HydraGlow SPF50+La solution ultime pour nourrir et prot\u00e9ger votre peau. Cet \u00e9cran solaire hydratant est sp\u00e9cialement formul\u00e9 avec des ingr\u00e9dients \u00e9claircissants, offrant un bouclier quotidien contre les rayons UVA\/UVB tout en rehaussant votre \u00e9clat naturel. Profitez d\u2019un \u00e9clat lumineux qui dure toute la journ\u00e9e avec HydraGlow SPF50+","og_url":"https:\/\/paragaleriedetalborjt.com\/en\/boutique\/soul-sisters-creme-solaire-eclaircissante-spf50-50ml\/","og_site_name":"paragaleriedetalborjt","article_modified_time":"2026-01-02T17:25:39+00:00","og_image":[{"width":600,"height":600,"url":"https:\/\/paragaleriedetalborjt.com\/wp-content\/uploads\/2026\/01\/Soul-Sisters-Creme-Solaire-Eclaircissante-SPF50-50ml-600x600-1.png","type":"image\/png"}],"twitter_card":"summary_large_image","twitter_misc":{"Est. reading time":"1 minute"},"schema":{"@context":"https:\/\/schema.org","@graph":[{"@type":"WebPage","@id":"https:\/\/paragaleriedetalborjt.com\/boutique\/soul-sisters-creme-solaire-eclaircissante-spf50-50ml\/","url":"https:\/\/paragaleriedetalborjt.com\/boutique\/soul-sisters-creme-solaire-eclaircissante-spf50-50ml\/","name":"Soul Sisters Creme Solaire Eclaircissante SPF50+ 50ml - paragaleriedetalborjt","isPartOf":{"@id":"https:\/\/paragaleriedetalborjt.com\/#website"},"primaryImageOfPage":{"@id":"https:\/\/paragaleriedetalborjt.com\/boutique\/soul-sisters-creme-solaire-eclaircissante-spf50-50ml\/#primaryimage"},"image":{"@id":"https:\/\/paragaleriedetalborjt.com\/boutique\/soul-sisters-creme-solaire-eclaircissante-spf50-50ml\/#primaryimage"},"thumbnailUrl":"https:\/\/paragaleriedetalborjt.com\/wp-content\/uploads\/2026\/01\/Soul-Sisters-Creme-Solaire-Eclaircissante-SPF50-50ml-600x600-1.png","datePublished":"2026-01-02T17:25:38+00:00","dateModified":"2026-01-02T17:25:39+00:00","breadcrumb":{"@id":"https:\/\/paragaleriedetalborjt.com\/boutique\/soul-sisters-creme-solaire-eclaircissante-spf50-50ml\/#breadcrumb"},"inLanguage":"en-US","potentialAction":[{"@type":"ReadAction","target":["https:\/\/paragaleriedetalborjt.com\/boutique\/soul-sisters-creme-solaire-eclaircissante-spf50-50ml\/"]}]},{"@type":"ImageObject","inLanguage":"en-US","@id":"https:\/\/paragaleriedetalborjt.com\/boutique\/soul-sisters-creme-solaire-eclaircissante-spf50-50ml\/#primaryimage","url":"https:\/\/paragaleriedetalborjt.com\/wp-content\/uploads\/2026\/01\/Soul-Sisters-Creme-Solaire-Eclaircissante-SPF50-50ml-600x600-1.png","contentUrl":"https:\/\/paragaleriedetalborjt.com\/wp-content\/uploads\/2026\/01\/Soul-Sisters-Creme-Solaire-Eclaircissante-SPF50-50ml-600x600-1.png","width":600,"height":600},{"@type":"BreadcrumbList","@id":"https:\/\/paragaleriedetalborjt.com\/boutique\/soul-sisters-creme-solaire-eclaircissante-spf50-50ml\/#breadcrumb","itemListElement":[{"@type":"ListItem","position":1,"name":"Accueil","item":"https:\/\/paragaleriedetalborjt.com\/"},{"@type":"ListItem","position":2,"name":"Boutique","item":"https:\/\/paragaleriedetalborjt.com\/boutique\/"},{"@type":"ListItem","position":3,"name":"Soul Sisters Creme Solaire Eclaircissante SPF50+ 50ml"}]},{"@type":"WebSite","@id":"https:\/\/paragaleriedetalborjt.com\/#website","url":"https:\/\/paragaleriedetalborjt.com\/","name":"paragaleriedetalborjt","description":"","potentialAction":[{"@type":"SearchAction","target":{"@type":"EntryPoint","urlTemplate":"https:\/\/paragaleriedetalborjt.com\/?s={search_term_string}"},"query-input":{"@type":"PropertyValueSpecification","valueRequired":true,"valueName":"search_term_string"}}],"inLanguage":"en-US"}]}},"brands":[],"_links":{"self":[{"href":"https:\/\/paragaleriedetalborjt.com\/en\/wp-json\/wp\/v2\/product\/27666","targetHints":{"allow":["GET"]}}],"collection":[{"href":"https:\/\/paragaleriedetalborjt.com\/en\/wp-json\/wp\/v2\/product"}],"about":[{"href":"https:\/\/paragaleriedetalborjt.com\/en\/wp-json\/wp\/v2\/types\/product"}],"replies":[{"embeddable":true,"href":"https:\/\/paragaleriedetalborjt.com\/en\/wp-json\/wp\/v2\/comments?post=27666"}],"version-history":[{"count":1,"href":"https:\/\/paragaleriedetalborjt.com\/en\/wp-json\/wp\/v2\/product\/27666\/revisions"}],"predecessor-version":[{"id":27668,"href":"https:\/\/paragaleriedetalborjt.com\/en\/wp-json\/wp\/v2\/product\/27666\/revisions\/27668"}],"wp:featuredmedia":[{"embeddable":true,"href":"https:\/\/paragaleriedetalborjt.com\/en\/wp-json\/wp\/v2\/media\/27667"}],"wp:attachment":[{"href":"https:\/\/paragaleriedetalborjt.com\/en\/wp-json\/wp\/v2\/media?parent=27666"}],"wp:term":[{"taxonomy":"pwb-brand","embeddable":true,"href":"https:\/\/paragaleriedetalborjt.com\/en\/wp-json\/wp\/v2\/pwb-brand?post=27666"},{"taxonomy":"product_cat","embeddable":true,"href":"https:\/\/paragaleriedetalborjt.com\/en\/wp-json\/wp\/v2\/product_cat?post=27666"},{"taxonomy":"product_tag","embeddable":true,"href":"https:\/\/paragaleriedetalborjt.com\/en\/wp-json\/wp\/v2\/product_tag?post=27666"}],"curies":[{"name":"wp","href":"https:\/\/api.w.org\/{rel}","templated":true}]}}