{"id":27645,"date":"2026-01-02T18:25:26","date_gmt":"2026-01-02T17:25:26","guid":{"rendered":"https:\/\/paragaleriedetalborjt.com\/?post_type=product&#038;p=27645"},"modified":"2026-01-02T18:25:26","modified_gmt":"2026-01-02T17:25:26","slug":"julia-rose-gel-intime-lavande-200ml","status":"publish","type":"product","link":"https:\/\/paragaleriedetalborjt.com\/en\/boutique\/julia-rose-gel-intime-lavande-200ml\/","title":{"rendered":"Julia &#038; Rose Gel Intime Lavande 200ml"},"content":{"rendered":"<div aria-labelledby=\"tab-title-description\" class=\"woocommerce-Tabs-panel woocommerce-Tabs-panel--description panel entry-content wc-tab\" id=\"tab-description\" role=\"tabpanel\" style=\"\">\n<h2>Description<\/h2>\n<p>D\u00e9couvrez la douceur du Gel Nettoyant Intime Lavande de notre gamme Femagyne, sp\u00e9cialement con\u00e7u par Julia &amp; Rose pour allier soin d\u00e9licat et fra\u00eecheur durable. Ce nettoyant intime est votre alli\u00e9 quotidien pour une hygi\u00e8ne parfaite, respectant l\u2019\u00e9quilibre naturel de votre zone intime, d\u00e9licatement parfum\u00e9 \u00e0 la lavande.<\/p>\n<p>\u00a0<\/p>\n<p><strong>Caract\u00e9ristiques Cl\u00e9s :<\/strong><\/p>\n<ul>\n<li><strong>Respecte la Flore Vaginale<\/strong>\u00a0: Notre formule soigneusement \u00e9labor\u00e9e respecte l\u2019\u00e9quilibre de la flore vaginale, essentielle pour une sant\u00e9 intime optimale.<\/li>\n<li><strong>Respecte le Film Hydrolipidique<\/strong>\u00a0: Prot\u00e8ge le film protecteur naturel de la peau, garantissant une hydratation et une protection continues.<\/li>\n<li><strong>pH physiologique<\/strong>\u00a0: Sa formule \u00e9quilibr\u00e9e est parfaitement adapt\u00e9e \u00e0 la zone intime, pour un confort optimal tout au long de la journ\u00e9e.<\/li>\n<li><strong>Actifs Cosm\u00e9tiques S\u00e9lectionn\u00e9s<\/strong>\u00a0: Choisis pour leur douceur, ils assurent une propret\u00e9 impeccable.<\/li>\n<\/ul>\n<\/div>","protected":false},"excerpt":{"rendered":"<p>Highlights:Une harmonie parfaite de douceur et de fra\u00eecheur. Sp\u00e9cialement formul\u00e9 pour respecter l\u2019\u00e9quilibre naturel de votre intimit\u00e9, son pH adapt\u00e9 respecte la fragilit\u00e9 de la zone intime, d\u00e9licatement parfum\u00e9 \u00e0 la lavande, il vous apporte une sensation de fraicheur imm\u00e9diate.<\/p>","protected":false},"featured_media":27646,"comment_status":"open","ping_status":"closed","template":"","meta":[],"pwb-brand":[],"product_cat":[16],"product_tag":[],"class_list":{"0":"post-27645","1":"product","2":"type-product","3":"status-publish","4":"has-post-thumbnail","6":"product_cat-non-classe","7":"pa_brands-julia-rose","9":"first","10":"instock","11":"sale","12":"shipping-taxable","13":"purchasable","14":"product-type-simple"},"yoast_head":"<!-- This site is optimized with the Yoast SEO plugin v26.9 - https:\/\/yoast.com\/product\/yoast-seo-wordpress\/ -->\n<title>Julia &amp; Rose Gel Intime Lavande 200ml - paragaleriedetalborjt<\/title>\n<meta name=\"robots\" content=\"index, follow, max-snippet:-1, max-image-preview:large, max-video-preview:-1\" \/>\n<link rel=\"canonical\" href=\"https:\/\/paragaleriedetalborjt.com\/en\/boutique\/julia-rose-gel-intime-lavande-200ml\/\" \/>\n<meta property=\"og:locale\" content=\"en_US\" \/>\n<meta property=\"og:type\" content=\"article\" \/>\n<meta property=\"og:title\" content=\"Julia &amp; Rose Gel Intime Lavande 200ml - paragaleriedetalborjt\" \/>\n<meta property=\"og:description\" content=\"Highlights:Une harmonie parfaite de douceur et de fra\u00eecheur. Sp\u00e9cialement formul\u00e9 pour respecter l\u2019\u00e9quilibre naturel de votre intimit\u00e9, son pH adapt\u00e9 respecte la fragilit\u00e9 de la zone intime, d\u00e9licatement parfum\u00e9 \u00e0 la lavande, il vous apporte une sensation de fraicheur imm\u00e9diate.\" \/>\n<meta property=\"og:url\" content=\"https:\/\/paragaleriedetalborjt.com\/en\/boutique\/julia-rose-gel-intime-lavande-200ml\/\" \/>\n<meta property=\"og:site_name\" content=\"paragaleriedetalborjt\" \/>\n<meta property=\"og:image\" content=\"https:\/\/paragaleriedetalborjt.com\/wp-content\/uploads\/2026\/01\/Julia-Rose-gel-intime-lavande-200ml-600x600-1.png\" \/>\n\t<meta property=\"og:image:width\" content=\"600\" \/>\n\t<meta property=\"og:image:height\" content=\"600\" \/>\n\t<meta property=\"og:image:type\" content=\"image\/png\" \/>\n<meta name=\"twitter:card\" content=\"summary_large_image\" \/>\n<meta name=\"twitter:label1\" content=\"Est. reading time\" \/>\n\t<meta name=\"twitter:data1\" content=\"1 minute\" \/>\n<script type=\"application\/ld+json\" class=\"yoast-schema-graph\">{\"@context\":\"https:\/\/schema.org\",\"@graph\":[{\"@type\":\"WebPage\",\"@id\":\"https:\/\/paragaleriedetalborjt.com\/boutique\/julia-rose-gel-intime-lavande-200ml\/\",\"url\":\"https:\/\/paragaleriedetalborjt.com\/boutique\/julia-rose-gel-intime-lavande-200ml\/\",\"name\":\"Julia & Rose Gel Intime Lavande 200ml - paragaleriedetalborjt\",\"isPartOf\":{\"@id\":\"https:\/\/paragaleriedetalborjt.com\/#website\"},\"primaryImageOfPage\":{\"@id\":\"https:\/\/paragaleriedetalborjt.com\/boutique\/julia-rose-gel-intime-lavande-200ml\/#primaryimage\"},\"image\":{\"@id\":\"https:\/\/paragaleriedetalborjt.com\/boutique\/julia-rose-gel-intime-lavande-200ml\/#primaryimage\"},\"thumbnailUrl\":\"https:\/\/paragaleriedetalborjt.com\/wp-content\/uploads\/2026\/01\/Julia-Rose-gel-intime-lavande-200ml-600x600-1.png\",\"datePublished\":\"2026-01-02T17:25:26+00:00\",\"breadcrumb\":{\"@id\":\"https:\/\/paragaleriedetalborjt.com\/boutique\/julia-rose-gel-intime-lavande-200ml\/#breadcrumb\"},\"inLanguage\":\"en-US\",\"potentialAction\":[{\"@type\":\"ReadAction\",\"target\":[\"https:\/\/paragaleriedetalborjt.com\/boutique\/julia-rose-gel-intime-lavande-200ml\/\"]}]},{\"@type\":\"ImageObject\",\"inLanguage\":\"en-US\",\"@id\":\"https:\/\/paragaleriedetalborjt.com\/boutique\/julia-rose-gel-intime-lavande-200ml\/#primaryimage\",\"url\":\"https:\/\/paragaleriedetalborjt.com\/wp-content\/uploads\/2026\/01\/Julia-Rose-gel-intime-lavande-200ml-600x600-1.png\",\"contentUrl\":\"https:\/\/paragaleriedetalborjt.com\/wp-content\/uploads\/2026\/01\/Julia-Rose-gel-intime-lavande-200ml-600x600-1.png\",\"width\":600,\"height\":600},{\"@type\":\"BreadcrumbList\",\"@id\":\"https:\/\/paragaleriedetalborjt.com\/boutique\/julia-rose-gel-intime-lavande-200ml\/#breadcrumb\",\"itemListElement\":[{\"@type\":\"ListItem\",\"position\":1,\"name\":\"Accueil\",\"item\":\"https:\/\/paragaleriedetalborjt.com\/\"},{\"@type\":\"ListItem\",\"position\":2,\"name\":\"Boutique\",\"item\":\"https:\/\/paragaleriedetalborjt.com\/boutique\/\"},{\"@type\":\"ListItem\",\"position\":3,\"name\":\"Julia &#038; Rose Gel Intime Lavande 200ml\"}]},{\"@type\":\"WebSite\",\"@id\":\"https:\/\/paragaleriedetalborjt.com\/#website\",\"url\":\"https:\/\/paragaleriedetalborjt.com\/\",\"name\":\"paragaleriedetalborjt\",\"description\":\"\",\"potentialAction\":[{\"@type\":\"SearchAction\",\"target\":{\"@type\":\"EntryPoint\",\"urlTemplate\":\"https:\/\/paragaleriedetalborjt.com\/?s={search_term_string}\"},\"query-input\":{\"@type\":\"PropertyValueSpecification\",\"valueRequired\":true,\"valueName\":\"search_term_string\"}}],\"inLanguage\":\"en-US\"}]}<\/script>\n<!-- \/ Yoast SEO plugin. -->","yoast_head_json":{"title":"Julia & Rose Gel Intime Lavande 200ml - paragaleriedetalborjt","robots":{"index":"index","follow":"follow","max-snippet":"max-snippet:-1","max-image-preview":"max-image-preview:large","max-video-preview":"max-video-preview:-1"},"canonical":"https:\/\/paragaleriedetalborjt.com\/en\/boutique\/julia-rose-gel-intime-lavande-200ml\/","og_locale":"en_US","og_type":"article","og_title":"Julia & Rose Gel Intime Lavande 200ml - paragaleriedetalborjt","og_description":"Highlights:Une harmonie parfaite de douceur et de fra\u00eecheur. Sp\u00e9cialement formul\u00e9 pour respecter l\u2019\u00e9quilibre naturel de votre intimit\u00e9, son pH adapt\u00e9 respecte la fragilit\u00e9 de la zone intime, d\u00e9licatement parfum\u00e9 \u00e0 la lavande, il vous apporte une sensation de fraicheur imm\u00e9diate.","og_url":"https:\/\/paragaleriedetalborjt.com\/en\/boutique\/julia-rose-gel-intime-lavande-200ml\/","og_site_name":"paragaleriedetalborjt","og_image":[{"width":600,"height":600,"url":"https:\/\/paragaleriedetalborjt.com\/wp-content\/uploads\/2026\/01\/Julia-Rose-gel-intime-lavande-200ml-600x600-1.png","type":"image\/png"}],"twitter_card":"summary_large_image","twitter_misc":{"Est. reading time":"1 minute"},"schema":{"@context":"https:\/\/schema.org","@graph":[{"@type":"WebPage","@id":"https:\/\/paragaleriedetalborjt.com\/boutique\/julia-rose-gel-intime-lavande-200ml\/","url":"https:\/\/paragaleriedetalborjt.com\/boutique\/julia-rose-gel-intime-lavande-200ml\/","name":"Julia & Rose Gel Intime Lavande 200ml - paragaleriedetalborjt","isPartOf":{"@id":"https:\/\/paragaleriedetalborjt.com\/#website"},"primaryImageOfPage":{"@id":"https:\/\/paragaleriedetalborjt.com\/boutique\/julia-rose-gel-intime-lavande-200ml\/#primaryimage"},"image":{"@id":"https:\/\/paragaleriedetalborjt.com\/boutique\/julia-rose-gel-intime-lavande-200ml\/#primaryimage"},"thumbnailUrl":"https:\/\/paragaleriedetalborjt.com\/wp-content\/uploads\/2026\/01\/Julia-Rose-gel-intime-lavande-200ml-600x600-1.png","datePublished":"2026-01-02T17:25:26+00:00","breadcrumb":{"@id":"https:\/\/paragaleriedetalborjt.com\/boutique\/julia-rose-gel-intime-lavande-200ml\/#breadcrumb"},"inLanguage":"en-US","potentialAction":[{"@type":"ReadAction","target":["https:\/\/paragaleriedetalborjt.com\/boutique\/julia-rose-gel-intime-lavande-200ml\/"]}]},{"@type":"ImageObject","inLanguage":"en-US","@id":"https:\/\/paragaleriedetalborjt.com\/boutique\/julia-rose-gel-intime-lavande-200ml\/#primaryimage","url":"https:\/\/paragaleriedetalborjt.com\/wp-content\/uploads\/2026\/01\/Julia-Rose-gel-intime-lavande-200ml-600x600-1.png","contentUrl":"https:\/\/paragaleriedetalborjt.com\/wp-content\/uploads\/2026\/01\/Julia-Rose-gel-intime-lavande-200ml-600x600-1.png","width":600,"height":600},{"@type":"BreadcrumbList","@id":"https:\/\/paragaleriedetalborjt.com\/boutique\/julia-rose-gel-intime-lavande-200ml\/#breadcrumb","itemListElement":[{"@type":"ListItem","position":1,"name":"Accueil","item":"https:\/\/paragaleriedetalborjt.com\/"},{"@type":"ListItem","position":2,"name":"Boutique","item":"https:\/\/paragaleriedetalborjt.com\/boutique\/"},{"@type":"ListItem","position":3,"name":"Julia &#038; Rose Gel Intime Lavande 200ml"}]},{"@type":"WebSite","@id":"https:\/\/paragaleriedetalborjt.com\/#website","url":"https:\/\/paragaleriedetalborjt.com\/","name":"paragaleriedetalborjt","description":"","potentialAction":[{"@type":"SearchAction","target":{"@type":"EntryPoint","urlTemplate":"https:\/\/paragaleriedetalborjt.com\/?s={search_term_string}"},"query-input":{"@type":"PropertyValueSpecification","valueRequired":true,"valueName":"search_term_string"}}],"inLanguage":"en-US"}]}},"brands":[],"_links":{"self":[{"href":"https:\/\/paragaleriedetalborjt.com\/en\/wp-json\/wp\/v2\/product\/27645","targetHints":{"allow":["GET"]}}],"collection":[{"href":"https:\/\/paragaleriedetalborjt.com\/en\/wp-json\/wp\/v2\/product"}],"about":[{"href":"https:\/\/paragaleriedetalborjt.com\/en\/wp-json\/wp\/v2\/types\/product"}],"replies":[{"embeddable":true,"href":"https:\/\/paragaleriedetalborjt.com\/en\/wp-json\/wp\/v2\/comments?post=27645"}],"version-history":[{"count":1,"href":"https:\/\/paragaleriedetalborjt.com\/en\/wp-json\/wp\/v2\/product\/27645\/revisions"}],"predecessor-version":[{"id":27647,"href":"https:\/\/paragaleriedetalborjt.com\/en\/wp-json\/wp\/v2\/product\/27645\/revisions\/27647"}],"wp:featuredmedia":[{"embeddable":true,"href":"https:\/\/paragaleriedetalborjt.com\/en\/wp-json\/wp\/v2\/media\/27646"}],"wp:attachment":[{"href":"https:\/\/paragaleriedetalborjt.com\/en\/wp-json\/wp\/v2\/media?parent=27645"}],"wp:term":[{"taxonomy":"pwb-brand","embeddable":true,"href":"https:\/\/paragaleriedetalborjt.com\/en\/wp-json\/wp\/v2\/pwb-brand?post=27645"},{"taxonomy":"product_cat","embeddable":true,"href":"https:\/\/paragaleriedetalborjt.com\/en\/wp-json\/wp\/v2\/product_cat?post=27645"},{"taxonomy":"product_tag","embeddable":true,"href":"https:\/\/paragaleriedetalborjt.com\/en\/wp-json\/wp\/v2\/product_tag?post=27645"}],"curies":[{"name":"wp","href":"https:\/\/api.w.org\/{rel}","templated":true}]}}