{"id":27639,"date":"2026-01-02T18:25:24","date_gmt":"2026-01-02T17:25:24","guid":{"rendered":"https:\/\/paragaleriedetalborjt.com\/?post_type=product&#038;p=27639"},"modified":"2026-01-02T18:25:24","modified_gmt":"2026-01-02T17:25:24","slug":"julia-rose-gommage-a-levres-15g","status":"publish","type":"product","link":"https:\/\/paragaleriedetalborjt.com\/en\/boutique\/julia-rose-gommage-a-levres-15g\/","title":{"rendered":"Julia &#038; Rose Gommage a Levres 15g"},"content":{"rendered":"<div aria-labelledby=\"tab-title-description\" class=\"woocommerce-Tabs-panel woocommerce-Tabs-panel--description panel entry-content wc-tab\" id=\"tab-description\" role=\"tabpanel\" style=\"\">\n<h2>Description<\/h2>\n<p><span lang=\"FR-MA\">Ce gommage est con\u00e7u pour exfolier en douceur les l\u00e8vres et aide \u00e0 renouveler la peau, laissant une peau lisse, douce, et pr\u00eate \u00e0 absorber pleinement l\u2019hydratation.<\/span><\/p>\n<p>\u00a0<\/p>\n<p><strong>Caract\u00e9ristiques Principales :<\/strong><\/p>\n<p><strong><span lang=\"FR-MA\">Exfoliation Douce<\/span><\/strong><span class=\"apple-converted-space\"><span lang=\"FR-MA\">\u00a0<\/span><\/span><span lang=\"FR-MA\">: Gr\u00e2ce aux cristaux de sucre combin\u00e9s \u00e0 la poudre naturelle de coquelicot, reconnue pour ses propri\u00e9t\u00e9s antioxydantes, revitalisantes et nourrissantes, ce gommage offre une exfoliation efficace tout en respectant la d\u00e9licatesse de vos l\u00e8vres.<\/span><\/p>\n<p><strong><span lang=\"FR-MA\">Nourrit et Hydrate<\/span><\/strong><span class=\"apple-converted-space\"><span lang=\"FR-MA\">\u00a0<\/span><\/span><span lang=\"FR-MA\">: Enrichi \u00e0 l\u2019huile d\u2019argan connue pour ces propri\u00e9t\u00e9s hydratantes et r\u00e9g\u00e9n\u00e8rantes, ce gommage laisse vos l\u00e8vres douces, hydrat\u00e9es, et revitalis\u00e9es, pr\u00eates \u00e0 affronter le quotidien.<\/span><\/p>\n<p><strong><span lang=\"FR-MA\">Application Facile<\/span><\/strong><span class=\"apple-converted-space\"><span lang=\"FR-MA\">\u00a0<\/span><\/span><span lang=\"FR-MA\">: Con\u00e7u pour une utilisation simple, ce gommage s\u2019applique ais\u00e9ment, se rince sans effort, et r\u00e9v\u00e8le des l\u00e8vres visiblement plus lisses et plus douces.<\/span><\/p>\n<p><strong>Pourquoi Choisir Notre Gommage Exfoliant ?<\/strong><\/p>\n<p>Parfait \u00e0 int\u00e9grer dans votre routine de soin des l\u00e8vres, le Gommage Exfoliant \u00e0 la Poudre Naturelle Aker Fassi de Julia &amp; Rose, est le secret pour des l\u00e8vres toujours pr\u00eates \u00e0 briller. Id\u00e9al avant l\u2019application de votre baume ou de votre rouge \u00e0 l\u00e8vres pr\u00e9f\u00e9r\u00e9, il pr\u00e9pare la surface des l\u00e8vres pour une application plus lisse et une tenue prolong\u00e9e.<\/p>\n<p><strong>Mode d\u2019Emploi :<\/strong><\/p>\n<p>Appliquez une petite quantit\u00e9 de gommage sur les l\u00e8vres et massez doucement en mouvements circulaires. Rincez \u00e0 l\u2019eau ti\u00e8de ou retirez avec un tissu humide. Utilisez 1 \u00e0 2 fois par semaine.<\/p>\n<p>Rendez \u00e0 vos l\u00e8vres l\u2019\u00e9clat et la douceur qu\u2019elles m\u00e9ritent avec le Gommage Exfoliant pour les L\u00e8vres \u00e0 la Poudre Naturelle Aker Fassi de Julia &amp; Rose : le premier pas vers des l\u00e8vres irr\u00e9sistibles.<\/p>\n<\/div>","protected":false},"excerpt":{"rendered":"<p>Highlights:Gommage Exfoliant Pour des L\u00e8vres Douces et \u00c9clatantesExfoliez et nourrissez gr\u00e2ce \u00e0 notre formule. Pour des l\u00e8vres douces et pr\u00eates \u00e0 briller.<\/p>","protected":false},"featured_media":27640,"comment_status":"open","ping_status":"closed","template":"","meta":[],"pwb-brand":[],"product_cat":[16],"product_tag":[],"class_list":{"0":"post-27639","1":"product","2":"type-product","3":"status-publish","4":"has-post-thumbnail","6":"product_cat-non-classe","7":"pa_brands-julia-rose","9":"first","10":"instock","11":"sale","12":"shipping-taxable","13":"purchasable","14":"product-type-simple"},"yoast_head":"<!-- This site is optimized with the Yoast SEO plugin v26.9 - https:\/\/yoast.com\/product\/yoast-seo-wordpress\/ -->\n<title>Julia &amp; Rose Gommage a Levres 15g - paragaleriedetalborjt<\/title>\n<meta name=\"robots\" content=\"index, follow, max-snippet:-1, max-image-preview:large, max-video-preview:-1\" \/>\n<link rel=\"canonical\" href=\"https:\/\/paragaleriedetalborjt.com\/en\/boutique\/julia-rose-gommage-a-levres-15g\/\" \/>\n<meta property=\"og:locale\" content=\"en_US\" \/>\n<meta property=\"og:type\" content=\"article\" \/>\n<meta property=\"og:title\" content=\"Julia &amp; Rose Gommage a Levres 15g - paragaleriedetalborjt\" \/>\n<meta property=\"og:description\" content=\"Highlights:Gommage Exfoliant Pour des L\u00e8vres Douces et \u00c9clatantesExfoliez et nourrissez gr\u00e2ce \u00e0 notre formule. Pour des l\u00e8vres douces et pr\u00eates \u00e0 briller.\" \/>\n<meta property=\"og:url\" content=\"https:\/\/paragaleriedetalborjt.com\/en\/boutique\/julia-rose-gommage-a-levres-15g\/\" \/>\n<meta property=\"og:site_name\" content=\"paragaleriedetalborjt\" \/>\n<meta property=\"og:image\" content=\"https:\/\/paragaleriedetalborjt.com\/wp-content\/uploads\/2026\/01\/Julia-Rose-Gommage-a-levres-15g-600x600-1.png\" \/>\n\t<meta property=\"og:image:width\" content=\"600\" \/>\n\t<meta property=\"og:image:height\" content=\"600\" \/>\n\t<meta property=\"og:image:type\" content=\"image\/png\" \/>\n<meta name=\"twitter:card\" content=\"summary_large_image\" \/>\n<meta name=\"twitter:label1\" content=\"Est. reading time\" \/>\n\t<meta name=\"twitter:data1\" content=\"1 minute\" \/>\n<script type=\"application\/ld+json\" class=\"yoast-schema-graph\">{\"@context\":\"https:\/\/schema.org\",\"@graph\":[{\"@type\":\"WebPage\",\"@id\":\"https:\/\/paragaleriedetalborjt.com\/boutique\/julia-rose-gommage-a-levres-15g\/\",\"url\":\"https:\/\/paragaleriedetalborjt.com\/boutique\/julia-rose-gommage-a-levres-15g\/\",\"name\":\"Julia & Rose Gommage a Levres 15g - paragaleriedetalborjt\",\"isPartOf\":{\"@id\":\"https:\/\/paragaleriedetalborjt.com\/#website\"},\"primaryImageOfPage\":{\"@id\":\"https:\/\/paragaleriedetalborjt.com\/boutique\/julia-rose-gommage-a-levres-15g\/#primaryimage\"},\"image\":{\"@id\":\"https:\/\/paragaleriedetalborjt.com\/boutique\/julia-rose-gommage-a-levres-15g\/#primaryimage\"},\"thumbnailUrl\":\"https:\/\/paragaleriedetalborjt.com\/wp-content\/uploads\/2026\/01\/Julia-Rose-Gommage-a-levres-15g-600x600-1.png\",\"datePublished\":\"2026-01-02T17:25:24+00:00\",\"breadcrumb\":{\"@id\":\"https:\/\/paragaleriedetalborjt.com\/boutique\/julia-rose-gommage-a-levres-15g\/#breadcrumb\"},\"inLanguage\":\"en-US\",\"potentialAction\":[{\"@type\":\"ReadAction\",\"target\":[\"https:\/\/paragaleriedetalborjt.com\/boutique\/julia-rose-gommage-a-levres-15g\/\"]}]},{\"@type\":\"ImageObject\",\"inLanguage\":\"en-US\",\"@id\":\"https:\/\/paragaleriedetalborjt.com\/boutique\/julia-rose-gommage-a-levres-15g\/#primaryimage\",\"url\":\"https:\/\/paragaleriedetalborjt.com\/wp-content\/uploads\/2026\/01\/Julia-Rose-Gommage-a-levres-15g-600x600-1.png\",\"contentUrl\":\"https:\/\/paragaleriedetalborjt.com\/wp-content\/uploads\/2026\/01\/Julia-Rose-Gommage-a-levres-15g-600x600-1.png\",\"width\":600,\"height\":600},{\"@type\":\"BreadcrumbList\",\"@id\":\"https:\/\/paragaleriedetalborjt.com\/boutique\/julia-rose-gommage-a-levres-15g\/#breadcrumb\",\"itemListElement\":[{\"@type\":\"ListItem\",\"position\":1,\"name\":\"Accueil\",\"item\":\"https:\/\/paragaleriedetalborjt.com\/\"},{\"@type\":\"ListItem\",\"position\":2,\"name\":\"Boutique\",\"item\":\"https:\/\/paragaleriedetalborjt.com\/boutique\/\"},{\"@type\":\"ListItem\",\"position\":3,\"name\":\"Julia &#038; Rose Gommage a Levres 15g\"}]},{\"@type\":\"WebSite\",\"@id\":\"https:\/\/paragaleriedetalborjt.com\/#website\",\"url\":\"https:\/\/paragaleriedetalborjt.com\/\",\"name\":\"paragaleriedetalborjt\",\"description\":\"\",\"potentialAction\":[{\"@type\":\"SearchAction\",\"target\":{\"@type\":\"EntryPoint\",\"urlTemplate\":\"https:\/\/paragaleriedetalborjt.com\/?s={search_term_string}\"},\"query-input\":{\"@type\":\"PropertyValueSpecification\",\"valueRequired\":true,\"valueName\":\"search_term_string\"}}],\"inLanguage\":\"en-US\"}]}<\/script>\n<!-- \/ Yoast SEO plugin. -->","yoast_head_json":{"title":"Julia & Rose Gommage a Levres 15g - paragaleriedetalborjt","robots":{"index":"index","follow":"follow","max-snippet":"max-snippet:-1","max-image-preview":"max-image-preview:large","max-video-preview":"max-video-preview:-1"},"canonical":"https:\/\/paragaleriedetalborjt.com\/en\/boutique\/julia-rose-gommage-a-levres-15g\/","og_locale":"en_US","og_type":"article","og_title":"Julia & Rose Gommage a Levres 15g - paragaleriedetalborjt","og_description":"Highlights:Gommage Exfoliant Pour des L\u00e8vres Douces et \u00c9clatantesExfoliez et nourrissez gr\u00e2ce \u00e0 notre formule. Pour des l\u00e8vres douces et pr\u00eates \u00e0 briller.","og_url":"https:\/\/paragaleriedetalborjt.com\/en\/boutique\/julia-rose-gommage-a-levres-15g\/","og_site_name":"paragaleriedetalborjt","og_image":[{"width":600,"height":600,"url":"https:\/\/paragaleriedetalborjt.com\/wp-content\/uploads\/2026\/01\/Julia-Rose-Gommage-a-levres-15g-600x600-1.png","type":"image\/png"}],"twitter_card":"summary_large_image","twitter_misc":{"Est. reading time":"1 minute"},"schema":{"@context":"https:\/\/schema.org","@graph":[{"@type":"WebPage","@id":"https:\/\/paragaleriedetalborjt.com\/boutique\/julia-rose-gommage-a-levres-15g\/","url":"https:\/\/paragaleriedetalborjt.com\/boutique\/julia-rose-gommage-a-levres-15g\/","name":"Julia & Rose Gommage a Levres 15g - paragaleriedetalborjt","isPartOf":{"@id":"https:\/\/paragaleriedetalborjt.com\/#website"},"primaryImageOfPage":{"@id":"https:\/\/paragaleriedetalborjt.com\/boutique\/julia-rose-gommage-a-levres-15g\/#primaryimage"},"image":{"@id":"https:\/\/paragaleriedetalborjt.com\/boutique\/julia-rose-gommage-a-levres-15g\/#primaryimage"},"thumbnailUrl":"https:\/\/paragaleriedetalborjt.com\/wp-content\/uploads\/2026\/01\/Julia-Rose-Gommage-a-levres-15g-600x600-1.png","datePublished":"2026-01-02T17:25:24+00:00","breadcrumb":{"@id":"https:\/\/paragaleriedetalborjt.com\/boutique\/julia-rose-gommage-a-levres-15g\/#breadcrumb"},"inLanguage":"en-US","potentialAction":[{"@type":"ReadAction","target":["https:\/\/paragaleriedetalborjt.com\/boutique\/julia-rose-gommage-a-levres-15g\/"]}]},{"@type":"ImageObject","inLanguage":"en-US","@id":"https:\/\/paragaleriedetalborjt.com\/boutique\/julia-rose-gommage-a-levres-15g\/#primaryimage","url":"https:\/\/paragaleriedetalborjt.com\/wp-content\/uploads\/2026\/01\/Julia-Rose-Gommage-a-levres-15g-600x600-1.png","contentUrl":"https:\/\/paragaleriedetalborjt.com\/wp-content\/uploads\/2026\/01\/Julia-Rose-Gommage-a-levres-15g-600x600-1.png","width":600,"height":600},{"@type":"BreadcrumbList","@id":"https:\/\/paragaleriedetalborjt.com\/boutique\/julia-rose-gommage-a-levres-15g\/#breadcrumb","itemListElement":[{"@type":"ListItem","position":1,"name":"Accueil","item":"https:\/\/paragaleriedetalborjt.com\/"},{"@type":"ListItem","position":2,"name":"Boutique","item":"https:\/\/paragaleriedetalborjt.com\/boutique\/"},{"@type":"ListItem","position":3,"name":"Julia &#038; Rose Gommage a Levres 15g"}]},{"@type":"WebSite","@id":"https:\/\/paragaleriedetalborjt.com\/#website","url":"https:\/\/paragaleriedetalborjt.com\/","name":"paragaleriedetalborjt","description":"","potentialAction":[{"@type":"SearchAction","target":{"@type":"EntryPoint","urlTemplate":"https:\/\/paragaleriedetalborjt.com\/?s={search_term_string}"},"query-input":{"@type":"PropertyValueSpecification","valueRequired":true,"valueName":"search_term_string"}}],"inLanguage":"en-US"}]}},"brands":[],"_links":{"self":[{"href":"https:\/\/paragaleriedetalborjt.com\/en\/wp-json\/wp\/v2\/product\/27639","targetHints":{"allow":["GET"]}}],"collection":[{"href":"https:\/\/paragaleriedetalborjt.com\/en\/wp-json\/wp\/v2\/product"}],"about":[{"href":"https:\/\/paragaleriedetalborjt.com\/en\/wp-json\/wp\/v2\/types\/product"}],"replies":[{"embeddable":true,"href":"https:\/\/paragaleriedetalborjt.com\/en\/wp-json\/wp\/v2\/comments?post=27639"}],"version-history":[{"count":1,"href":"https:\/\/paragaleriedetalborjt.com\/en\/wp-json\/wp\/v2\/product\/27639\/revisions"}],"predecessor-version":[{"id":27641,"href":"https:\/\/paragaleriedetalborjt.com\/en\/wp-json\/wp\/v2\/product\/27639\/revisions\/27641"}],"wp:featuredmedia":[{"embeddable":true,"href":"https:\/\/paragaleriedetalborjt.com\/en\/wp-json\/wp\/v2\/media\/27640"}],"wp:attachment":[{"href":"https:\/\/paragaleriedetalborjt.com\/en\/wp-json\/wp\/v2\/media?parent=27639"}],"wp:term":[{"taxonomy":"pwb-brand","embeddable":true,"href":"https:\/\/paragaleriedetalborjt.com\/en\/wp-json\/wp\/v2\/pwb-brand?post=27639"},{"taxonomy":"product_cat","embeddable":true,"href":"https:\/\/paragaleriedetalborjt.com\/en\/wp-json\/wp\/v2\/product_cat?post=27639"},{"taxonomy":"product_tag","embeddable":true,"href":"https:\/\/paragaleriedetalborjt.com\/en\/wp-json\/wp\/v2\/product_tag?post=27639"}],"curies":[{"name":"wp","href":"https:\/\/api.w.org\/{rel}","templated":true}]}}