{"id":27630,"date":"2026-01-02T18:25:17","date_gmt":"2026-01-02T17:25:17","guid":{"rendered":"https:\/\/paragaleriedetalborjt.com\/?post_type=product&#038;p=27630"},"modified":"2026-01-02T18:25:17","modified_gmt":"2026-01-02T17:25:17","slug":"julia-rose-creme-mains-seches-a-tres-seches-50ml","status":"publish","type":"product","link":"https:\/\/paragaleriedetalborjt.com\/en\/boutique\/julia-rose-creme-mains-seches-a-tres-seches-50ml\/","title":{"rendered":"Julia &#038; Rose Creme Mains Seches a Tres Seches 50ml"},"content":{"rendered":"<div aria-labelledby=\"tab-title-description\" class=\"woocommerce-Tabs-panel woocommerce-Tabs-panel--description panel entry-content wc-tab\" id=\"tab-description\" role=\"tabpanel\" style=\"\">\n<h2>Description<\/h2>\n<p>Offrez \u00e0 vos mains\u00a0<strong>s\u00e8ches \u00e0 tr\u00e8s s\u00e8ches<\/strong>\u00a0notre Cr\u00e8me Mains au Beurre de Karit\u00e9 Bio et l\u2019Huile d\u2019Amande Douce Bio. Sp\u00e9cialement formul\u00e9e en combinant les propri\u00e9t\u00e9s exceptionnelles du beurre de karit\u00e9 qui hydrate prot\u00e8ge et apporte souplesse et \u00e9lasticit\u00e9 \u00e0 la peau tout en favorisant le renouvellement cellulaire et les propri\u00e9t\u00e9s de l\u2019huile d\u2019amande douce Bio, huile aux multiples bienfaits, elle hydrate r\u00e9pare et nourrit en profondeur vos mains.\u00a0La synergie de cette combinaison nourrit, r\u00e9pare et restructure vos mains et vous apporte un r\u00e9el confort, offrant une solution compl\u00e8te pour les mains n\u00e9cessitant une attention particuli\u00e8re.<\/p>\n<p><strong>Caract\u00e9ristiques Principales :<\/strong><\/p>\n<ul>\n<li><strong>R\u00e9pare :<\/strong>\u00a0Redonne vie aux mains s\u00e8ches en r\u00e9parant les dommages et en favorisant le renouvellement cellulaire pour une peau visiblement r\u00e9g\u00e9n\u00e9r\u00e9e.<\/li>\n<li><strong>Restructure :<\/strong>\u00a0Aide \u00e0 restaurer la structure naturelle de la peau, augmentant sa souplesse et son \u00e9lasticit\u00e9.<\/li>\n<li><strong>Nourrit :<\/strong>\u00a0L\u2019huile d\u2019amande douce bio p\u00e9n\u00e8tre en profondeur pour nourrir intens\u00e9ment, laissant vos mains douces, lisses et hydrat\u00e9es.<\/li>\n<\/ul>\n<p><strong>Mode d\u2019Emploi :<\/strong><\/p>\n<p>Appliquez une noisette de cr\u00e8me sur les mains et masser jusqu\u2019\u00e0 absorption.<\/p>\n<p>Utiliser quotidiennement.<\/p>\n<p>D\u00e9couvrez le plaisir d\u2019une peau douce, souple et parfaitement hydrat\u00e9e avec la Cr\u00e8me Mains au Beurre de Karit\u00e9 Bio et l\u2019Huile d\u2019Amande Douce Bio de Julia &amp; Rose. Un essentiel pour r\u00e9v\u00e9ler la beaut\u00e9 naturelle de vos mains, jour apr\u00e8s jour.<\/p>\n<\/div>","protected":false},"excerpt":{"rendered":"<p>Highlights:Cr\u00e8me Mains Beurre de Karit\u00e9 &#038; Huile d\u2019Amande Douce | Julia &#038; RoseSoin r\u00e9parateur pour peaux s\u00e8ches \u00e0 tr\u00e8s s\u00e8ches. Nourrit et restructure, offrant douceur, souplesse et confort.<\/p>","protected":false},"featured_media":27631,"comment_status":"open","ping_status":"closed","template":"","meta":[],"pwb-brand":[],"product_cat":[16],"product_tag":[],"class_list":{"0":"post-27630","1":"product","2":"type-product","3":"status-publish","4":"has-post-thumbnail","6":"product_cat-non-classe","7":"pa_brands-julia-rose","9":"first","10":"instock","11":"sale","12":"shipping-taxable","13":"purchasable","14":"product-type-simple"},"yoast_head":"<!-- This site is optimized with the Yoast SEO plugin v26.9 - https:\/\/yoast.com\/product\/yoast-seo-wordpress\/ -->\n<title>Julia &amp; Rose Creme Mains Seches a Tres Seches 50ml - paragaleriedetalborjt<\/title>\n<meta name=\"robots\" content=\"index, follow, max-snippet:-1, max-image-preview:large, max-video-preview:-1\" \/>\n<link rel=\"canonical\" href=\"https:\/\/paragaleriedetalborjt.com\/en\/boutique\/julia-rose-creme-mains-seches-a-tres-seches-50ml\/\" \/>\n<meta property=\"og:locale\" content=\"en_US\" \/>\n<meta property=\"og:type\" content=\"article\" \/>\n<meta property=\"og:title\" content=\"Julia &amp; Rose Creme Mains Seches a Tres Seches 50ml - paragaleriedetalborjt\" \/>\n<meta property=\"og:description\" content=\"Highlights:Cr\u00e8me Mains Beurre de Karit\u00e9 &amp; Huile d\u2019Amande Douce | Julia &amp; RoseSoin r\u00e9parateur pour peaux s\u00e8ches \u00e0 tr\u00e8s s\u00e8ches. Nourrit et restructure, offrant douceur, souplesse et confort.\" \/>\n<meta property=\"og:url\" content=\"https:\/\/paragaleriedetalborjt.com\/en\/boutique\/julia-rose-creme-mains-seches-a-tres-seches-50ml\/\" \/>\n<meta property=\"og:site_name\" content=\"paragaleriedetalborjt\" \/>\n<meta property=\"og:image\" content=\"https:\/\/paragaleriedetalborjt.com\/wp-content\/uploads\/2026\/01\/Julia-Rose-creme-MAINS-normale-a-TRES-seches-50ml-600x600-1.png\" \/>\n\t<meta property=\"og:image:width\" content=\"600\" \/>\n\t<meta property=\"og:image:height\" content=\"600\" \/>\n\t<meta property=\"og:image:type\" content=\"image\/png\" \/>\n<meta name=\"twitter:card\" content=\"summary_large_image\" \/>\n<meta name=\"twitter:label1\" content=\"Est. reading time\" \/>\n\t<meta name=\"twitter:data1\" content=\"1 minute\" \/>\n<script type=\"application\/ld+json\" class=\"yoast-schema-graph\">{\"@context\":\"https:\/\/schema.org\",\"@graph\":[{\"@type\":\"WebPage\",\"@id\":\"https:\/\/paragaleriedetalborjt.com\/boutique\/julia-rose-creme-mains-seches-a-tres-seches-50ml\/\",\"url\":\"https:\/\/paragaleriedetalborjt.com\/boutique\/julia-rose-creme-mains-seches-a-tres-seches-50ml\/\",\"name\":\"Julia & Rose Creme Mains Seches a Tres Seches 50ml - paragaleriedetalborjt\",\"isPartOf\":{\"@id\":\"https:\/\/paragaleriedetalborjt.com\/#website\"},\"primaryImageOfPage\":{\"@id\":\"https:\/\/paragaleriedetalborjt.com\/boutique\/julia-rose-creme-mains-seches-a-tres-seches-50ml\/#primaryimage\"},\"image\":{\"@id\":\"https:\/\/paragaleriedetalborjt.com\/boutique\/julia-rose-creme-mains-seches-a-tres-seches-50ml\/#primaryimage\"},\"thumbnailUrl\":\"https:\/\/paragaleriedetalborjt.com\/wp-content\/uploads\/2026\/01\/Julia-Rose-creme-MAINS-normale-a-TRES-seches-50ml-600x600-1.png\",\"datePublished\":\"2026-01-02T17:25:17+00:00\",\"breadcrumb\":{\"@id\":\"https:\/\/paragaleriedetalborjt.com\/boutique\/julia-rose-creme-mains-seches-a-tres-seches-50ml\/#breadcrumb\"},\"inLanguage\":\"en-US\",\"potentialAction\":[{\"@type\":\"ReadAction\",\"target\":[\"https:\/\/paragaleriedetalborjt.com\/boutique\/julia-rose-creme-mains-seches-a-tres-seches-50ml\/\"]}]},{\"@type\":\"ImageObject\",\"inLanguage\":\"en-US\",\"@id\":\"https:\/\/paragaleriedetalborjt.com\/boutique\/julia-rose-creme-mains-seches-a-tres-seches-50ml\/#primaryimage\",\"url\":\"https:\/\/paragaleriedetalborjt.com\/wp-content\/uploads\/2026\/01\/Julia-Rose-creme-MAINS-normale-a-TRES-seches-50ml-600x600-1.png\",\"contentUrl\":\"https:\/\/paragaleriedetalborjt.com\/wp-content\/uploads\/2026\/01\/Julia-Rose-creme-MAINS-normale-a-TRES-seches-50ml-600x600-1.png\",\"width\":600,\"height\":600},{\"@type\":\"BreadcrumbList\",\"@id\":\"https:\/\/paragaleriedetalborjt.com\/boutique\/julia-rose-creme-mains-seches-a-tres-seches-50ml\/#breadcrumb\",\"itemListElement\":[{\"@type\":\"ListItem\",\"position\":1,\"name\":\"Accueil\",\"item\":\"https:\/\/paragaleriedetalborjt.com\/\"},{\"@type\":\"ListItem\",\"position\":2,\"name\":\"Boutique\",\"item\":\"https:\/\/paragaleriedetalborjt.com\/boutique\/\"},{\"@type\":\"ListItem\",\"position\":3,\"name\":\"Julia &#038; Rose Creme Mains Seches a Tres Seches 50ml\"}]},{\"@type\":\"WebSite\",\"@id\":\"https:\/\/paragaleriedetalborjt.com\/#website\",\"url\":\"https:\/\/paragaleriedetalborjt.com\/\",\"name\":\"paragaleriedetalborjt\",\"description\":\"\",\"potentialAction\":[{\"@type\":\"SearchAction\",\"target\":{\"@type\":\"EntryPoint\",\"urlTemplate\":\"https:\/\/paragaleriedetalborjt.com\/?s={search_term_string}\"},\"query-input\":{\"@type\":\"PropertyValueSpecification\",\"valueRequired\":true,\"valueName\":\"search_term_string\"}}],\"inLanguage\":\"en-US\"}]}<\/script>\n<!-- \/ Yoast SEO plugin. -->","yoast_head_json":{"title":"Julia & Rose Creme Mains Seches a Tres Seches 50ml - paragaleriedetalborjt","robots":{"index":"index","follow":"follow","max-snippet":"max-snippet:-1","max-image-preview":"max-image-preview:large","max-video-preview":"max-video-preview:-1"},"canonical":"https:\/\/paragaleriedetalborjt.com\/en\/boutique\/julia-rose-creme-mains-seches-a-tres-seches-50ml\/","og_locale":"en_US","og_type":"article","og_title":"Julia & Rose Creme Mains Seches a Tres Seches 50ml - paragaleriedetalborjt","og_description":"Highlights:Cr\u00e8me Mains Beurre de Karit\u00e9 & Huile d\u2019Amande Douce | Julia & RoseSoin r\u00e9parateur pour peaux s\u00e8ches \u00e0 tr\u00e8s s\u00e8ches. Nourrit et restructure, offrant douceur, souplesse et confort.","og_url":"https:\/\/paragaleriedetalborjt.com\/en\/boutique\/julia-rose-creme-mains-seches-a-tres-seches-50ml\/","og_site_name":"paragaleriedetalborjt","og_image":[{"width":600,"height":600,"url":"https:\/\/paragaleriedetalborjt.com\/wp-content\/uploads\/2026\/01\/Julia-Rose-creme-MAINS-normale-a-TRES-seches-50ml-600x600-1.png","type":"image\/png"}],"twitter_card":"summary_large_image","twitter_misc":{"Est. reading time":"1 minute"},"schema":{"@context":"https:\/\/schema.org","@graph":[{"@type":"WebPage","@id":"https:\/\/paragaleriedetalborjt.com\/boutique\/julia-rose-creme-mains-seches-a-tres-seches-50ml\/","url":"https:\/\/paragaleriedetalborjt.com\/boutique\/julia-rose-creme-mains-seches-a-tres-seches-50ml\/","name":"Julia & Rose Creme Mains Seches a Tres Seches 50ml - paragaleriedetalborjt","isPartOf":{"@id":"https:\/\/paragaleriedetalborjt.com\/#website"},"primaryImageOfPage":{"@id":"https:\/\/paragaleriedetalborjt.com\/boutique\/julia-rose-creme-mains-seches-a-tres-seches-50ml\/#primaryimage"},"image":{"@id":"https:\/\/paragaleriedetalborjt.com\/boutique\/julia-rose-creme-mains-seches-a-tres-seches-50ml\/#primaryimage"},"thumbnailUrl":"https:\/\/paragaleriedetalborjt.com\/wp-content\/uploads\/2026\/01\/Julia-Rose-creme-MAINS-normale-a-TRES-seches-50ml-600x600-1.png","datePublished":"2026-01-02T17:25:17+00:00","breadcrumb":{"@id":"https:\/\/paragaleriedetalborjt.com\/boutique\/julia-rose-creme-mains-seches-a-tres-seches-50ml\/#breadcrumb"},"inLanguage":"en-US","potentialAction":[{"@type":"ReadAction","target":["https:\/\/paragaleriedetalborjt.com\/boutique\/julia-rose-creme-mains-seches-a-tres-seches-50ml\/"]}]},{"@type":"ImageObject","inLanguage":"en-US","@id":"https:\/\/paragaleriedetalborjt.com\/boutique\/julia-rose-creme-mains-seches-a-tres-seches-50ml\/#primaryimage","url":"https:\/\/paragaleriedetalborjt.com\/wp-content\/uploads\/2026\/01\/Julia-Rose-creme-MAINS-normale-a-TRES-seches-50ml-600x600-1.png","contentUrl":"https:\/\/paragaleriedetalborjt.com\/wp-content\/uploads\/2026\/01\/Julia-Rose-creme-MAINS-normale-a-TRES-seches-50ml-600x600-1.png","width":600,"height":600},{"@type":"BreadcrumbList","@id":"https:\/\/paragaleriedetalborjt.com\/boutique\/julia-rose-creme-mains-seches-a-tres-seches-50ml\/#breadcrumb","itemListElement":[{"@type":"ListItem","position":1,"name":"Accueil","item":"https:\/\/paragaleriedetalborjt.com\/"},{"@type":"ListItem","position":2,"name":"Boutique","item":"https:\/\/paragaleriedetalborjt.com\/boutique\/"},{"@type":"ListItem","position":3,"name":"Julia &#038; Rose Creme Mains Seches a Tres Seches 50ml"}]},{"@type":"WebSite","@id":"https:\/\/paragaleriedetalborjt.com\/#website","url":"https:\/\/paragaleriedetalborjt.com\/","name":"paragaleriedetalborjt","description":"","potentialAction":[{"@type":"SearchAction","target":{"@type":"EntryPoint","urlTemplate":"https:\/\/paragaleriedetalborjt.com\/?s={search_term_string}"},"query-input":{"@type":"PropertyValueSpecification","valueRequired":true,"valueName":"search_term_string"}}],"inLanguage":"en-US"}]}},"brands":[],"_links":{"self":[{"href":"https:\/\/paragaleriedetalborjt.com\/en\/wp-json\/wp\/v2\/product\/27630","targetHints":{"allow":["GET"]}}],"collection":[{"href":"https:\/\/paragaleriedetalborjt.com\/en\/wp-json\/wp\/v2\/product"}],"about":[{"href":"https:\/\/paragaleriedetalborjt.com\/en\/wp-json\/wp\/v2\/types\/product"}],"replies":[{"embeddable":true,"href":"https:\/\/paragaleriedetalborjt.com\/en\/wp-json\/wp\/v2\/comments?post=27630"}],"version-history":[{"count":1,"href":"https:\/\/paragaleriedetalborjt.com\/en\/wp-json\/wp\/v2\/product\/27630\/revisions"}],"predecessor-version":[{"id":27632,"href":"https:\/\/paragaleriedetalborjt.com\/en\/wp-json\/wp\/v2\/product\/27630\/revisions\/27632"}],"wp:featuredmedia":[{"embeddable":true,"href":"https:\/\/paragaleriedetalborjt.com\/en\/wp-json\/wp\/v2\/media\/27631"}],"wp:attachment":[{"href":"https:\/\/paragaleriedetalborjt.com\/en\/wp-json\/wp\/v2\/media?parent=27630"}],"wp:term":[{"taxonomy":"pwb-brand","embeddable":true,"href":"https:\/\/paragaleriedetalborjt.com\/en\/wp-json\/wp\/v2\/pwb-brand?post=27630"},{"taxonomy":"product_cat","embeddable":true,"href":"https:\/\/paragaleriedetalborjt.com\/en\/wp-json\/wp\/v2\/product_cat?post=27630"},{"taxonomy":"product_tag","embeddable":true,"href":"https:\/\/paragaleriedetalborjt.com\/en\/wp-json\/wp\/v2\/product_tag?post=27630"}],"curies":[{"name":"wp","href":"https:\/\/api.w.org\/{rel}","templated":true}]}}