{"id":27621,"date":"2026-01-02T18:25:07","date_gmt":"2026-01-02T17:25:07","guid":{"rendered":"https:\/\/paragaleriedetalborjt.com\/?post_type=product&#038;p=27621"},"modified":"2026-01-02T18:25:07","modified_gmt":"2026-01-02T17:25:07","slug":"some-by-mi-beta-panthenol-repair-serum-30ml","status":"publish","type":"product","link":"https:\/\/paragaleriedetalborjt.com\/en\/boutique\/some-by-mi-beta-panthenol-repair-serum-30ml\/","title":{"rendered":"SOME BY MI BETA PANTHENOL REPAIR SERUM 30ML"},"content":{"rendered":"<div aria-labelledby=\"tab-title-description\" class=\"woocommerce-Tabs-panel woocommerce-Tabs-panel--description panel entry-content wc-tab\" id=\"tab-description\" role=\"tabpanel\" style=\"\">\n<h2>Description<\/h2>\n<p>Formul\u00e9 avec le Beta-Panthenol\u2122 brevet\u00e9 de SOME BY MI (un m\u00e9lange de D-panth\u00e9nol et de b\u00eata-sitost\u00e9rol), ce s\u00e9rum puissant renforce la r\u00e9silience \u00e0 long terme de la peau tout en produisant imm\u00e9diatement un fini apais\u00e9 et hydrat\u00e9. Le produit est test\u00e9 dermatologiquement pour convenir aux peaux sensibles et \u00e0 tendance acn\u00e9ique.<\/p>\n<p><strong>Avantages:<\/strong><br \/>\n-Ce s\u00e9rum aide \u00e0 \u00e9quilibrer le niveau de pH \u00e0 l\u2019int\u00e9rieur de la peau et \u00e0 renforcer les barri\u00e8res cutan\u00e9es gr\u00e2ce \u00e0 son complexe exclusif Beta-Panthenol\u2122.<br \/>\n-Sans 20 types d\u2019ingr\u00e9dients nocifs et compl\u00e9t\u00e9 le test non com\u00e9dog\u00e8ne.<br \/>\n-Aide \u00e0 contr\u00f4ler l\u2019huile et l\u2019exc\u00e8s de s\u00e9bum sur la peau.<br \/>\n-Aide \u00e0 am\u00e9liorer les rides.<br \/>\n-Am\u00e9liore et apaise les barri\u00e8res cutan\u00e9es endommag\u00e9es par les irritations externes.<\/p>\n<p><strong>Conseils d\u2019utilisation :<\/strong><\/p>\n<p>Apr\u00e8s avoir nettoy\u00e9 et utilis\u00e9 le tonique, appliquez une quantit\u00e9 appropri\u00e9e sur la peau et tapotez doucement pour laisser absorber.<\/p>\n<\/div>","protected":false},"excerpt":{"rendered":"<p>Highlights:Formul\u00e9 avec le Beta-Panthenol\u2122 brevet\u00e9 de SOME BY MI (un m\u00e9lange de D-panth\u00e9nol et de b\u00eata-sitost\u00e9rol), ce s\u00e9rum puissant renforce la r\u00e9silience \u00e0 long terme de la peau tout en produisant imm\u00e9diatement un fini apais\u00e9 et hydrat\u00e9. Le produit est test\u00e9 dermatologiquement pour convenir aux peaux sensibles et \u00e0 tendance acn\u00e9ique.<\/p>","protected":false},"featured_media":27622,"comment_status":"open","ping_status":"closed","template":"","meta":[],"pwb-brand":[],"product_cat":[16],"product_tag":[],"class_list":{"0":"post-27621","1":"product","2":"type-product","3":"status-publish","4":"has-post-thumbnail","6":"product_cat-non-classe","7":"pa_brands-some-by-mi","9":"first","10":"instock","11":"sale","12":"shipping-taxable","13":"purchasable","14":"product-type-simple"},"yoast_head":"<!-- This site is optimized with the Yoast SEO plugin v27.5 - https:\/\/yoast.com\/product\/yoast-seo-wordpress\/ -->\n<title>SOME BY MI BETA PANTHENOL REPAIR SERUM 30ML - paragaleriedetalborjt<\/title>\n<meta name=\"robots\" content=\"index, follow, max-snippet:-1, max-image-preview:large, max-video-preview:-1\" \/>\n<link rel=\"canonical\" href=\"https:\/\/paragaleriedetalborjt.com\/en\/boutique\/some-by-mi-beta-panthenol-repair-serum-30ml\/\" \/>\n<meta property=\"og:locale\" content=\"en_US\" \/>\n<meta property=\"og:type\" content=\"article\" \/>\n<meta property=\"og:title\" content=\"SOME BY MI BETA PANTHENOL REPAIR SERUM 30ML - paragaleriedetalborjt\" \/>\n<meta property=\"og:description\" content=\"Highlights:Formul\u00e9 avec le Beta-Panthenol\u2122 brevet\u00e9 de SOME BY MI (un m\u00e9lange de D-panth\u00e9nol et de b\u00eata-sitost\u00e9rol), ce s\u00e9rum puissant renforce la r\u00e9silience \u00e0 long terme de la peau tout en produisant imm\u00e9diatement un fini apais\u00e9 et hydrat\u00e9. Le produit est test\u00e9 dermatologiquement pour convenir aux peaux sensibles et \u00e0 tendance acn\u00e9ique.\" \/>\n<meta property=\"og:url\" content=\"https:\/\/paragaleriedetalborjt.com\/en\/boutique\/some-by-mi-beta-panthenol-repair-serum-30ml\/\" \/>\n<meta property=\"og:site_name\" content=\"paragaleriedetalborjt\" \/>\n<meta property=\"og:image\" content=\"https:\/\/paragaleriedetalborjt.com\/wp-content\/uploads\/2026\/01\/SOMEBY-MI-PANTHENOL-REPAIR-SERUM-30ml.png\" \/>\n\t<meta property=\"og:image:width\" content=\"595\" \/>\n\t<meta property=\"og:image:height\" content=\"655\" \/>\n\t<meta property=\"og:image:type\" content=\"image\/png\" \/>\n<meta name=\"twitter:card\" content=\"summary_large_image\" \/>\n<meta name=\"twitter:label1\" content=\"Est. reading time\" \/>\n\t<meta name=\"twitter:data1\" content=\"1 minute\" \/>\n<script type=\"application\/ld+json\" class=\"yoast-schema-graph\">{\"@context\":\"https:\\\/\\\/schema.org\",\"@graph\":[{\"@type\":\"WebPage\",\"@id\":\"https:\\\/\\\/paragaleriedetalborjt.com\\\/boutique\\\/some-by-mi-beta-panthenol-repair-serum-30ml\\\/\",\"url\":\"https:\\\/\\\/paragaleriedetalborjt.com\\\/boutique\\\/some-by-mi-beta-panthenol-repair-serum-30ml\\\/\",\"name\":\"SOME BY MI BETA PANTHENOL REPAIR SERUM 30ML - paragaleriedetalborjt\",\"isPartOf\":{\"@id\":\"https:\\\/\\\/paragaleriedetalborjt.com\\\/#website\"},\"primaryImageOfPage\":{\"@id\":\"https:\\\/\\\/paragaleriedetalborjt.com\\\/boutique\\\/some-by-mi-beta-panthenol-repair-serum-30ml\\\/#primaryimage\"},\"image\":{\"@id\":\"https:\\\/\\\/paragaleriedetalborjt.com\\\/boutique\\\/some-by-mi-beta-panthenol-repair-serum-30ml\\\/#primaryimage\"},\"thumbnailUrl\":\"https:\\\/\\\/paragaleriedetalborjt.com\\\/wp-content\\\/uploads\\\/2026\\\/01\\\/SOMEBY-MI-PANTHENOL-REPAIR-SERUM-30ml.png\",\"datePublished\":\"2026-01-02T17:25:07+00:00\",\"breadcrumb\":{\"@id\":\"https:\\\/\\\/paragaleriedetalborjt.com\\\/boutique\\\/some-by-mi-beta-panthenol-repair-serum-30ml\\\/#breadcrumb\"},\"inLanguage\":\"en-US\",\"potentialAction\":[{\"@type\":\"ReadAction\",\"target\":[\"https:\\\/\\\/paragaleriedetalborjt.com\\\/boutique\\\/some-by-mi-beta-panthenol-repair-serum-30ml\\\/\"]}]},{\"@type\":\"ImageObject\",\"inLanguage\":\"en-US\",\"@id\":\"https:\\\/\\\/paragaleriedetalborjt.com\\\/boutique\\\/some-by-mi-beta-panthenol-repair-serum-30ml\\\/#primaryimage\",\"url\":\"https:\\\/\\\/paragaleriedetalborjt.com\\\/wp-content\\\/uploads\\\/2026\\\/01\\\/SOMEBY-MI-PANTHENOL-REPAIR-SERUM-30ml.png\",\"contentUrl\":\"https:\\\/\\\/paragaleriedetalborjt.com\\\/wp-content\\\/uploads\\\/2026\\\/01\\\/SOMEBY-MI-PANTHENOL-REPAIR-SERUM-30ml.png\",\"width\":595,\"height\":655},{\"@type\":\"BreadcrumbList\",\"@id\":\"https:\\\/\\\/paragaleriedetalborjt.com\\\/boutique\\\/some-by-mi-beta-panthenol-repair-serum-30ml\\\/#breadcrumb\",\"itemListElement\":[{\"@type\":\"ListItem\",\"position\":1,\"name\":\"Accueil\",\"item\":\"https:\\\/\\\/paragaleriedetalborjt.com\\\/\"},{\"@type\":\"ListItem\",\"position\":2,\"name\":\"Boutique\",\"item\":\"https:\\\/\\\/paragaleriedetalborjt.com\\\/boutique\\\/\"},{\"@type\":\"ListItem\",\"position\":3,\"name\":\"SOME BY MI BETA PANTHENOL REPAIR SERUM 30ML\"}]},{\"@type\":\"WebSite\",\"@id\":\"https:\\\/\\\/paragaleriedetalborjt.com\\\/#website\",\"url\":\"https:\\\/\\\/paragaleriedetalborjt.com\\\/\",\"name\":\"paragaleriedetalborjt\",\"description\":\"\",\"potentialAction\":[{\"@type\":\"SearchAction\",\"target\":{\"@type\":\"EntryPoint\",\"urlTemplate\":\"https:\\\/\\\/paragaleriedetalborjt.com\\\/?s={search_term_string}\"},\"query-input\":{\"@type\":\"PropertyValueSpecification\",\"valueRequired\":true,\"valueName\":\"search_term_string\"}}],\"inLanguage\":\"en-US\"}]}<\/script>\n<!-- \/ Yoast SEO plugin. -->","yoast_head_json":{"title":"SOME BY MI BETA PANTHENOL REPAIR SERUM 30ML - paragaleriedetalborjt","robots":{"index":"index","follow":"follow","max-snippet":"max-snippet:-1","max-image-preview":"max-image-preview:large","max-video-preview":"max-video-preview:-1"},"canonical":"https:\/\/paragaleriedetalborjt.com\/en\/boutique\/some-by-mi-beta-panthenol-repair-serum-30ml\/","og_locale":"en_US","og_type":"article","og_title":"SOME BY MI BETA PANTHENOL REPAIR SERUM 30ML - paragaleriedetalborjt","og_description":"Highlights:Formul\u00e9 avec le Beta-Panthenol\u2122 brevet\u00e9 de SOME BY MI (un m\u00e9lange de D-panth\u00e9nol et de b\u00eata-sitost\u00e9rol), ce s\u00e9rum puissant renforce la r\u00e9silience \u00e0 long terme de la peau tout en produisant imm\u00e9diatement un fini apais\u00e9 et hydrat\u00e9. Le produit est test\u00e9 dermatologiquement pour convenir aux peaux sensibles et \u00e0 tendance acn\u00e9ique.","og_url":"https:\/\/paragaleriedetalborjt.com\/en\/boutique\/some-by-mi-beta-panthenol-repair-serum-30ml\/","og_site_name":"paragaleriedetalborjt","og_image":[{"width":595,"height":655,"url":"https:\/\/paragaleriedetalborjt.com\/wp-content\/uploads\/2026\/01\/SOMEBY-MI-PANTHENOL-REPAIR-SERUM-30ml.png","type":"image\/png"}],"twitter_card":"summary_large_image","twitter_misc":{"Est. reading time":"1 minute"},"schema":{"@context":"https:\/\/schema.org","@graph":[{"@type":"WebPage","@id":"https:\/\/paragaleriedetalborjt.com\/boutique\/some-by-mi-beta-panthenol-repair-serum-30ml\/","url":"https:\/\/paragaleriedetalborjt.com\/boutique\/some-by-mi-beta-panthenol-repair-serum-30ml\/","name":"SOME BY MI BETA PANTHENOL REPAIR SERUM 30ML - paragaleriedetalborjt","isPartOf":{"@id":"https:\/\/paragaleriedetalborjt.com\/#website"},"primaryImageOfPage":{"@id":"https:\/\/paragaleriedetalborjt.com\/boutique\/some-by-mi-beta-panthenol-repair-serum-30ml\/#primaryimage"},"image":{"@id":"https:\/\/paragaleriedetalborjt.com\/boutique\/some-by-mi-beta-panthenol-repair-serum-30ml\/#primaryimage"},"thumbnailUrl":"https:\/\/paragaleriedetalborjt.com\/wp-content\/uploads\/2026\/01\/SOMEBY-MI-PANTHENOL-REPAIR-SERUM-30ml.png","datePublished":"2026-01-02T17:25:07+00:00","breadcrumb":{"@id":"https:\/\/paragaleriedetalborjt.com\/boutique\/some-by-mi-beta-panthenol-repair-serum-30ml\/#breadcrumb"},"inLanguage":"en-US","potentialAction":[{"@type":"ReadAction","target":["https:\/\/paragaleriedetalborjt.com\/boutique\/some-by-mi-beta-panthenol-repair-serum-30ml\/"]}]},{"@type":"ImageObject","inLanguage":"en-US","@id":"https:\/\/paragaleriedetalborjt.com\/boutique\/some-by-mi-beta-panthenol-repair-serum-30ml\/#primaryimage","url":"https:\/\/paragaleriedetalborjt.com\/wp-content\/uploads\/2026\/01\/SOMEBY-MI-PANTHENOL-REPAIR-SERUM-30ml.png","contentUrl":"https:\/\/paragaleriedetalborjt.com\/wp-content\/uploads\/2026\/01\/SOMEBY-MI-PANTHENOL-REPAIR-SERUM-30ml.png","width":595,"height":655},{"@type":"BreadcrumbList","@id":"https:\/\/paragaleriedetalborjt.com\/boutique\/some-by-mi-beta-panthenol-repair-serum-30ml\/#breadcrumb","itemListElement":[{"@type":"ListItem","position":1,"name":"Accueil","item":"https:\/\/paragaleriedetalborjt.com\/"},{"@type":"ListItem","position":2,"name":"Boutique","item":"https:\/\/paragaleriedetalborjt.com\/boutique\/"},{"@type":"ListItem","position":3,"name":"SOME BY MI BETA PANTHENOL REPAIR SERUM 30ML"}]},{"@type":"WebSite","@id":"https:\/\/paragaleriedetalborjt.com\/#website","url":"https:\/\/paragaleriedetalborjt.com\/","name":"paragaleriedetalborjt","description":"","potentialAction":[{"@type":"SearchAction","target":{"@type":"EntryPoint","urlTemplate":"https:\/\/paragaleriedetalborjt.com\/?s={search_term_string}"},"query-input":{"@type":"PropertyValueSpecification","valueRequired":true,"valueName":"search_term_string"}}],"inLanguage":"en-US"}]}},"brands":[],"_links":{"self":[{"href":"https:\/\/paragaleriedetalborjt.com\/en\/wp-json\/wp\/v2\/product\/27621","targetHints":{"allow":["GET"]}}],"collection":[{"href":"https:\/\/paragaleriedetalborjt.com\/en\/wp-json\/wp\/v2\/product"}],"about":[{"href":"https:\/\/paragaleriedetalborjt.com\/en\/wp-json\/wp\/v2\/types\/product"}],"replies":[{"embeddable":true,"href":"https:\/\/paragaleriedetalborjt.com\/en\/wp-json\/wp\/v2\/comments?post=27621"}],"version-history":[{"count":1,"href":"https:\/\/paragaleriedetalborjt.com\/en\/wp-json\/wp\/v2\/product\/27621\/revisions"}],"predecessor-version":[{"id":27623,"href":"https:\/\/paragaleriedetalborjt.com\/en\/wp-json\/wp\/v2\/product\/27621\/revisions\/27623"}],"wp:featuredmedia":[{"embeddable":true,"href":"https:\/\/paragaleriedetalborjt.com\/en\/wp-json\/wp\/v2\/media\/27622"}],"wp:attachment":[{"href":"https:\/\/paragaleriedetalborjt.com\/en\/wp-json\/wp\/v2\/media?parent=27621"}],"wp:term":[{"taxonomy":"pwb-brand","embeddable":true,"href":"https:\/\/paragaleriedetalborjt.com\/en\/wp-json\/wp\/v2\/pwb-brand?post=27621"},{"taxonomy":"product_cat","embeddable":true,"href":"https:\/\/paragaleriedetalborjt.com\/en\/wp-json\/wp\/v2\/product_cat?post=27621"},{"taxonomy":"product_tag","embeddable":true,"href":"https:\/\/paragaleriedetalborjt.com\/en\/wp-json\/wp\/v2\/product_tag?post=27621"}],"curies":[{"name":"wp","href":"https:\/\/api.w.org\/{rel}","templated":true}]}}