{"id":27560,"date":"2026-01-02T18:24:25","date_gmt":"2026-01-02T17:24:25","guid":{"rendered":"https:\/\/paragaleriedetalborjt.com\/?post_type=product&#038;p=27560"},"modified":"2026-01-02T18:24:25","modified_gmt":"2026-01-02T17:24:25","slug":"axis-y-complete-no-stress-physical-sunscreen-v-3-50ml","status":"publish","type":"product","link":"https:\/\/paragaleriedetalborjt.com\/en\/boutique\/axis-y-complete-no-stress-physical-sunscreen-v-3-50ml\/","title":{"rendered":"AXIS-Y COMPLETE NO-STRESS PHYSICAL SUNSCREEN V.3 50ML"},"content":{"rendered":"<div aria-labelledby=\"tab-title-description\" class=\"woocommerce-Tabs-panel woocommerce-Tabs-panel--description panel entry-content wc-tab\" id=\"tab-description\" role=\"tabpanel\" style=\"\">\n<h2>Description<\/h2>\n<p>AXIS-Y Complete No-Stress Physical Sunscreen est formul\u00e9 avec de l\u2019armoise, contenant 2% de niacinamide et de squalane, qui prot\u00e8ge la peau des rayons UVA et UVB tout en offrant les propri\u00e9t\u00e9s cicatrisantes des ingr\u00e9dients aimant la peau pour une vie quotidienne sans stress. Il ne laisse qu\u2019un minimum voire aucun r\u00e9sidu blanc, de sensation collante, ou de peluchage. De plus, ce protecteur solaire physique complet sans stress utilise des ingr\u00e9dients respectueux des r\u00e9cifs.<\/p>\n<\/div>","protected":false},"excerpt":{"rendered":"<p>Highlights:La tr\u00e8s haute protection solaire au fini toucher sec<\/p>","protected":false},"featured_media":27561,"comment_status":"open","ping_status":"closed","template":"","meta":[],"pwb-brand":[],"product_cat":[16],"product_tag":[],"class_list":{"0":"post-27560","1":"product","2":"type-product","3":"status-publish","4":"has-post-thumbnail","6":"product_cat-non-classe","7":"pa_brands-axis-y","9":"first","10":"instock","11":"sale","12":"shipping-taxable","13":"purchasable","14":"product-type-simple"},"yoast_head":"<!-- This site is optimized with the Yoast SEO plugin v26.9 - https:\/\/yoast.com\/product\/yoast-seo-wordpress\/ -->\n<title>AXIS-Y COMPLETE NO-STRESS PHYSICAL SUNSCREEN V.3 50ML - paragaleriedetalborjt<\/title>\n<meta name=\"robots\" content=\"index, follow, max-snippet:-1, max-image-preview:large, max-video-preview:-1\" \/>\n<link rel=\"canonical\" href=\"https:\/\/paragaleriedetalborjt.com\/en\/boutique\/axis-y-complete-no-stress-physical-sunscreen-v-3-50ml\/\" \/>\n<meta property=\"og:locale\" content=\"en_US\" \/>\n<meta property=\"og:type\" content=\"article\" \/>\n<meta property=\"og:title\" content=\"AXIS-Y COMPLETE NO-STRESS PHYSICAL SUNSCREEN V.3 50ML - paragaleriedetalborjt\" \/>\n<meta property=\"og:description\" content=\"Highlights:La tr\u00e8s haute protection solaire au fini toucher sec\" \/>\n<meta property=\"og:url\" content=\"https:\/\/paragaleriedetalborjt.com\/en\/boutique\/axis-y-complete-no-stress-physical-sunscreen-v-3-50ml\/\" \/>\n<meta property=\"og:site_name\" content=\"paragaleriedetalborjt\" \/>\n<meta property=\"og:image\" content=\"https:\/\/paragaleriedetalborjt.com\/wp-content\/uploads\/2026\/01\/AXIS-Y-COMPLETENO-STRESSPHYSICALSUNSCREENV.350ML.png\" \/>\n\t<meta property=\"og:image:width\" content=\"595\" \/>\n\t<meta property=\"og:image:height\" content=\"655\" \/>\n\t<meta property=\"og:image:type\" content=\"image\/png\" \/>\n<meta name=\"twitter:card\" content=\"summary_large_image\" \/>\n<script type=\"application\/ld+json\" class=\"yoast-schema-graph\">{\"@context\":\"https:\/\/schema.org\",\"@graph\":[{\"@type\":\"WebPage\",\"@id\":\"https:\/\/paragaleriedetalborjt.com\/boutique\/axis-y-complete-no-stress-physical-sunscreen-v-3-50ml\/\",\"url\":\"https:\/\/paragaleriedetalborjt.com\/boutique\/axis-y-complete-no-stress-physical-sunscreen-v-3-50ml\/\",\"name\":\"AXIS-Y COMPLETE NO-STRESS PHYSICAL SUNSCREEN V.3 50ML - paragaleriedetalborjt\",\"isPartOf\":{\"@id\":\"https:\/\/paragaleriedetalborjt.com\/#website\"},\"primaryImageOfPage\":{\"@id\":\"https:\/\/paragaleriedetalborjt.com\/boutique\/axis-y-complete-no-stress-physical-sunscreen-v-3-50ml\/#primaryimage\"},\"image\":{\"@id\":\"https:\/\/paragaleriedetalborjt.com\/boutique\/axis-y-complete-no-stress-physical-sunscreen-v-3-50ml\/#primaryimage\"},\"thumbnailUrl\":\"https:\/\/paragaleriedetalborjt.com\/wp-content\/uploads\/2026\/01\/AXIS-Y-COMPLETENO-STRESSPHYSICALSUNSCREENV.350ML.png\",\"datePublished\":\"2026-01-02T17:24:25+00:00\",\"breadcrumb\":{\"@id\":\"https:\/\/paragaleriedetalborjt.com\/boutique\/axis-y-complete-no-stress-physical-sunscreen-v-3-50ml\/#breadcrumb\"},\"inLanguage\":\"en-US\",\"potentialAction\":[{\"@type\":\"ReadAction\",\"target\":[\"https:\/\/paragaleriedetalborjt.com\/boutique\/axis-y-complete-no-stress-physical-sunscreen-v-3-50ml\/\"]}]},{\"@type\":\"ImageObject\",\"inLanguage\":\"en-US\",\"@id\":\"https:\/\/paragaleriedetalborjt.com\/boutique\/axis-y-complete-no-stress-physical-sunscreen-v-3-50ml\/#primaryimage\",\"url\":\"https:\/\/paragaleriedetalborjt.com\/wp-content\/uploads\/2026\/01\/AXIS-Y-COMPLETENO-STRESSPHYSICALSUNSCREENV.350ML.png\",\"contentUrl\":\"https:\/\/paragaleriedetalborjt.com\/wp-content\/uploads\/2026\/01\/AXIS-Y-COMPLETENO-STRESSPHYSICALSUNSCREENV.350ML.png\",\"width\":595,\"height\":655},{\"@type\":\"BreadcrumbList\",\"@id\":\"https:\/\/paragaleriedetalborjt.com\/boutique\/axis-y-complete-no-stress-physical-sunscreen-v-3-50ml\/#breadcrumb\",\"itemListElement\":[{\"@type\":\"ListItem\",\"position\":1,\"name\":\"Accueil\",\"item\":\"https:\/\/paragaleriedetalborjt.com\/\"},{\"@type\":\"ListItem\",\"position\":2,\"name\":\"Boutique\",\"item\":\"https:\/\/paragaleriedetalborjt.com\/boutique\/\"},{\"@type\":\"ListItem\",\"position\":3,\"name\":\"AXIS-Y COMPLETE NO-STRESS PHYSICAL SUNSCREEN V.3 50ML\"}]},{\"@type\":\"WebSite\",\"@id\":\"https:\/\/paragaleriedetalborjt.com\/#website\",\"url\":\"https:\/\/paragaleriedetalborjt.com\/\",\"name\":\"paragaleriedetalborjt\",\"description\":\"\",\"potentialAction\":[{\"@type\":\"SearchAction\",\"target\":{\"@type\":\"EntryPoint\",\"urlTemplate\":\"https:\/\/paragaleriedetalborjt.com\/?s={search_term_string}\"},\"query-input\":{\"@type\":\"PropertyValueSpecification\",\"valueRequired\":true,\"valueName\":\"search_term_string\"}}],\"inLanguage\":\"en-US\"}]}<\/script>\n<!-- \/ Yoast SEO plugin. -->","yoast_head_json":{"title":"AXIS-Y COMPLETE NO-STRESS PHYSICAL SUNSCREEN V.3 50ML - paragaleriedetalborjt","robots":{"index":"index","follow":"follow","max-snippet":"max-snippet:-1","max-image-preview":"max-image-preview:large","max-video-preview":"max-video-preview:-1"},"canonical":"https:\/\/paragaleriedetalborjt.com\/en\/boutique\/axis-y-complete-no-stress-physical-sunscreen-v-3-50ml\/","og_locale":"en_US","og_type":"article","og_title":"AXIS-Y COMPLETE NO-STRESS PHYSICAL SUNSCREEN V.3 50ML - paragaleriedetalborjt","og_description":"Highlights:La tr\u00e8s haute protection solaire au fini toucher sec","og_url":"https:\/\/paragaleriedetalborjt.com\/en\/boutique\/axis-y-complete-no-stress-physical-sunscreen-v-3-50ml\/","og_site_name":"paragaleriedetalborjt","og_image":[{"width":595,"height":655,"url":"https:\/\/paragaleriedetalborjt.com\/wp-content\/uploads\/2026\/01\/AXIS-Y-COMPLETENO-STRESSPHYSICALSUNSCREENV.350ML.png","type":"image\/png"}],"twitter_card":"summary_large_image","schema":{"@context":"https:\/\/schema.org","@graph":[{"@type":"WebPage","@id":"https:\/\/paragaleriedetalborjt.com\/boutique\/axis-y-complete-no-stress-physical-sunscreen-v-3-50ml\/","url":"https:\/\/paragaleriedetalborjt.com\/boutique\/axis-y-complete-no-stress-physical-sunscreen-v-3-50ml\/","name":"AXIS-Y COMPLETE NO-STRESS PHYSICAL SUNSCREEN V.3 50ML - paragaleriedetalborjt","isPartOf":{"@id":"https:\/\/paragaleriedetalborjt.com\/#website"},"primaryImageOfPage":{"@id":"https:\/\/paragaleriedetalborjt.com\/boutique\/axis-y-complete-no-stress-physical-sunscreen-v-3-50ml\/#primaryimage"},"image":{"@id":"https:\/\/paragaleriedetalborjt.com\/boutique\/axis-y-complete-no-stress-physical-sunscreen-v-3-50ml\/#primaryimage"},"thumbnailUrl":"https:\/\/paragaleriedetalborjt.com\/wp-content\/uploads\/2026\/01\/AXIS-Y-COMPLETENO-STRESSPHYSICALSUNSCREENV.350ML.png","datePublished":"2026-01-02T17:24:25+00:00","breadcrumb":{"@id":"https:\/\/paragaleriedetalborjt.com\/boutique\/axis-y-complete-no-stress-physical-sunscreen-v-3-50ml\/#breadcrumb"},"inLanguage":"en-US","potentialAction":[{"@type":"ReadAction","target":["https:\/\/paragaleriedetalborjt.com\/boutique\/axis-y-complete-no-stress-physical-sunscreen-v-3-50ml\/"]}]},{"@type":"ImageObject","inLanguage":"en-US","@id":"https:\/\/paragaleriedetalborjt.com\/boutique\/axis-y-complete-no-stress-physical-sunscreen-v-3-50ml\/#primaryimage","url":"https:\/\/paragaleriedetalborjt.com\/wp-content\/uploads\/2026\/01\/AXIS-Y-COMPLETENO-STRESSPHYSICALSUNSCREENV.350ML.png","contentUrl":"https:\/\/paragaleriedetalborjt.com\/wp-content\/uploads\/2026\/01\/AXIS-Y-COMPLETENO-STRESSPHYSICALSUNSCREENV.350ML.png","width":595,"height":655},{"@type":"BreadcrumbList","@id":"https:\/\/paragaleriedetalborjt.com\/boutique\/axis-y-complete-no-stress-physical-sunscreen-v-3-50ml\/#breadcrumb","itemListElement":[{"@type":"ListItem","position":1,"name":"Accueil","item":"https:\/\/paragaleriedetalborjt.com\/"},{"@type":"ListItem","position":2,"name":"Boutique","item":"https:\/\/paragaleriedetalborjt.com\/boutique\/"},{"@type":"ListItem","position":3,"name":"AXIS-Y COMPLETE NO-STRESS PHYSICAL SUNSCREEN V.3 50ML"}]},{"@type":"WebSite","@id":"https:\/\/paragaleriedetalborjt.com\/#website","url":"https:\/\/paragaleriedetalborjt.com\/","name":"paragaleriedetalborjt","description":"","potentialAction":[{"@type":"SearchAction","target":{"@type":"EntryPoint","urlTemplate":"https:\/\/paragaleriedetalborjt.com\/?s={search_term_string}"},"query-input":{"@type":"PropertyValueSpecification","valueRequired":true,"valueName":"search_term_string"}}],"inLanguage":"en-US"}]}},"brands":[],"_links":{"self":[{"href":"https:\/\/paragaleriedetalborjt.com\/en\/wp-json\/wp\/v2\/product\/27560","targetHints":{"allow":["GET"]}}],"collection":[{"href":"https:\/\/paragaleriedetalborjt.com\/en\/wp-json\/wp\/v2\/product"}],"about":[{"href":"https:\/\/paragaleriedetalborjt.com\/en\/wp-json\/wp\/v2\/types\/product"}],"replies":[{"embeddable":true,"href":"https:\/\/paragaleriedetalborjt.com\/en\/wp-json\/wp\/v2\/comments?post=27560"}],"version-history":[{"count":1,"href":"https:\/\/paragaleriedetalborjt.com\/en\/wp-json\/wp\/v2\/product\/27560\/revisions"}],"predecessor-version":[{"id":27562,"href":"https:\/\/paragaleriedetalborjt.com\/en\/wp-json\/wp\/v2\/product\/27560\/revisions\/27562"}],"wp:featuredmedia":[{"embeddable":true,"href":"https:\/\/paragaleriedetalborjt.com\/en\/wp-json\/wp\/v2\/media\/27561"}],"wp:attachment":[{"href":"https:\/\/paragaleriedetalborjt.com\/en\/wp-json\/wp\/v2\/media?parent=27560"}],"wp:term":[{"taxonomy":"pwb-brand","embeddable":true,"href":"https:\/\/paragaleriedetalborjt.com\/en\/wp-json\/wp\/v2\/pwb-brand?post=27560"},{"taxonomy":"product_cat","embeddable":true,"href":"https:\/\/paragaleriedetalborjt.com\/en\/wp-json\/wp\/v2\/product_cat?post=27560"},{"taxonomy":"product_tag","embeddable":true,"href":"https:\/\/paragaleriedetalborjt.com\/en\/wp-json\/wp\/v2\/product_tag?post=27560"}],"curies":[{"name":"wp","href":"https:\/\/api.w.org\/{rel}","templated":true}]}}