{"id":27557,"date":"2026-01-02T18:24:24","date_gmt":"2026-01-02T17:24:24","guid":{"rendered":"https:\/\/paragaleriedetalborjt.com\/?post_type=product&#038;p=27557"},"modified":"2026-01-02T18:24:24","modified_gmt":"2026-01-02T17:24:24","slug":"axis-y-artichoke-intensive-skin-barrier-ampoule-30ml","status":"publish","type":"product","link":"https:\/\/paragaleriedetalborjt.com\/en\/boutique\/axis-y-artichoke-intensive-skin-barrier-ampoule-30ml\/","title":{"rendered":"AXIS-Y ARTICHOKE INTENSIVE SKIN BARRIER AMPOULE 30ML"},"content":{"rendered":"<div aria-labelledby=\"tab-title-description\" class=\"woocommerce-Tabs-panel woocommerce-Tabs-panel--description panel entry-content wc-tab\" id=\"tab-description\" role=\"tabpanel\" style=\"\">\n<h2>Description<\/h2>\n<p>AXIS-Y Artichoke Intensive Skin Barrier Ampoule est un traitement intensif con\u00e7u pour les peaux grasses et sujettes \u00e0 l\u2019acn\u00e9. Sa formule l\u00e9g\u00e8re, enrichie en artichaut, hydrate et renforce la peau, r\u00e9duisant ainsi l\u2019apparence des pores, et aide \u00e0 att\u00e9nuer les cicatrices d\u2019acn\u00e9 et l\u2019hyperpigmentation.<\/p>\n<\/div>","protected":false},"excerpt":{"rendered":"<p>Highlights:Hydrate la peau en continu et aide \u00e0 restaurer la barri\u00e8re protectrice de la peau.\u2022 Besoin :Hydrater | Nourrir | Peau s\u00e8che \u00e0 tr\u00e8s s\u00e8che | Peau sensible.\u2022 Ingr\u00e9dients Cl\u00e9s :C\u00e9ramides (1, 3 et 6-II) pour prot\u00e9ger et nourrir | Acide Hyaluronique pour maintenir la peau hydrat\u00e9e | Glyc\u00e9rine pour adoucir et prot\u00e9ger.\u2022S\u00e9curit\u00e9 :Sans Parfum | Hypoallerg\u00e9nique | Non-Com\u00e9dog\u00e8ne.\u2022 Utilisation :Appliquer aussi souvent que n\u00e9cessaire. Visage, corps et mains.Approuv\u00e9 par les membres de l\u2019Association Fran\u00e7aise de l\u2019Ecz\u00e9ma.<\/p>","protected":false},"featured_media":27558,"comment_status":"open","ping_status":"closed","template":"","meta":[],"pwb-brand":[],"product_cat":[16],"product_tag":[],"class_list":{"0":"post-27557","1":"product","2":"type-product","3":"status-publish","4":"has-post-thumbnail","6":"product_cat-non-classe","7":"pa_brands-axis-y","9":"first","10":"instock","11":"sale","12":"shipping-taxable","13":"purchasable","14":"product-type-simple"},"yoast_head":"<!-- This site is optimized with the Yoast SEO plugin v26.9 - https:\/\/yoast.com\/product\/yoast-seo-wordpress\/ -->\n<title>AXIS-Y ARTICHOKE INTENSIVE SKIN BARRIER AMPOULE 30ML - paragaleriedetalborjt<\/title>\n<meta name=\"robots\" content=\"index, follow, max-snippet:-1, max-image-preview:large, max-video-preview:-1\" \/>\n<link rel=\"canonical\" href=\"https:\/\/paragaleriedetalborjt.com\/en\/boutique\/axis-y-artichoke-intensive-skin-barrier-ampoule-30ml\/\" \/>\n<meta property=\"og:locale\" content=\"en_US\" \/>\n<meta property=\"og:type\" content=\"article\" \/>\n<meta property=\"og:title\" content=\"AXIS-Y ARTICHOKE INTENSIVE SKIN BARRIER AMPOULE 30ML - paragaleriedetalborjt\" \/>\n<meta property=\"og:description\" content=\"Highlights:Hydrate la peau en continu et aide \u00e0 restaurer la barri\u00e8re protectrice de la peau.\u2022 Besoin :Hydrater | Nourrir | Peau s\u00e8che \u00e0 tr\u00e8s s\u00e8che | Peau sensible.\u2022 Ingr\u00e9dients Cl\u00e9s :C\u00e9ramides (1, 3 et 6-II) pour prot\u00e9ger et nourrir | Acide Hyaluronique pour maintenir la peau hydrat\u00e9e | Glyc\u00e9rine pour adoucir et prot\u00e9ger.\u2022S\u00e9curit\u00e9 :Sans Parfum | Hypoallerg\u00e9nique | Non-Com\u00e9dog\u00e8ne.\u2022 Utilisation :Appliquer aussi souvent que n\u00e9cessaire. Visage, corps et mains.Approuv\u00e9 par les membres de l\u2019Association Fran\u00e7aise de l\u2019Ecz\u00e9ma.\" \/>\n<meta property=\"og:url\" content=\"https:\/\/paragaleriedetalborjt.com\/en\/boutique\/axis-y-artichoke-intensive-skin-barrier-ampoule-30ml\/\" \/>\n<meta property=\"og:site_name\" content=\"paragaleriedetalborjt\" \/>\n<meta property=\"og:image\" content=\"https:\/\/paragaleriedetalborjt.com\/wp-content\/uploads\/2026\/01\/ARTICHOCK.png\" \/>\n\t<meta property=\"og:image:width\" content=\"595\" \/>\n\t<meta property=\"og:image:height\" content=\"655\" \/>\n\t<meta property=\"og:image:type\" content=\"image\/png\" \/>\n<meta name=\"twitter:card\" content=\"summary_large_image\" \/>\n<script type=\"application\/ld+json\" class=\"yoast-schema-graph\">{\"@context\":\"https:\/\/schema.org\",\"@graph\":[{\"@type\":\"WebPage\",\"@id\":\"https:\/\/paragaleriedetalborjt.com\/boutique\/axis-y-artichoke-intensive-skin-barrier-ampoule-30ml\/\",\"url\":\"https:\/\/paragaleriedetalborjt.com\/boutique\/axis-y-artichoke-intensive-skin-barrier-ampoule-30ml\/\",\"name\":\"AXIS-Y ARTICHOKE INTENSIVE SKIN BARRIER AMPOULE 30ML - paragaleriedetalborjt\",\"isPartOf\":{\"@id\":\"https:\/\/paragaleriedetalborjt.com\/#website\"},\"primaryImageOfPage\":{\"@id\":\"https:\/\/paragaleriedetalborjt.com\/boutique\/axis-y-artichoke-intensive-skin-barrier-ampoule-30ml\/#primaryimage\"},\"image\":{\"@id\":\"https:\/\/paragaleriedetalborjt.com\/boutique\/axis-y-artichoke-intensive-skin-barrier-ampoule-30ml\/#primaryimage\"},\"thumbnailUrl\":\"https:\/\/paragaleriedetalborjt.com\/wp-content\/uploads\/2026\/01\/ARTICHOCK.png\",\"datePublished\":\"2026-01-02T17:24:24+00:00\",\"breadcrumb\":{\"@id\":\"https:\/\/paragaleriedetalborjt.com\/boutique\/axis-y-artichoke-intensive-skin-barrier-ampoule-30ml\/#breadcrumb\"},\"inLanguage\":\"en-US\",\"potentialAction\":[{\"@type\":\"ReadAction\",\"target\":[\"https:\/\/paragaleriedetalborjt.com\/boutique\/axis-y-artichoke-intensive-skin-barrier-ampoule-30ml\/\"]}]},{\"@type\":\"ImageObject\",\"inLanguage\":\"en-US\",\"@id\":\"https:\/\/paragaleriedetalborjt.com\/boutique\/axis-y-artichoke-intensive-skin-barrier-ampoule-30ml\/#primaryimage\",\"url\":\"https:\/\/paragaleriedetalborjt.com\/wp-content\/uploads\/2026\/01\/ARTICHOCK.png\",\"contentUrl\":\"https:\/\/paragaleriedetalborjt.com\/wp-content\/uploads\/2026\/01\/ARTICHOCK.png\",\"width\":595,\"height\":655},{\"@type\":\"BreadcrumbList\",\"@id\":\"https:\/\/paragaleriedetalborjt.com\/boutique\/axis-y-artichoke-intensive-skin-barrier-ampoule-30ml\/#breadcrumb\",\"itemListElement\":[{\"@type\":\"ListItem\",\"position\":1,\"name\":\"Accueil\",\"item\":\"https:\/\/paragaleriedetalborjt.com\/\"},{\"@type\":\"ListItem\",\"position\":2,\"name\":\"Boutique\",\"item\":\"https:\/\/paragaleriedetalborjt.com\/boutique\/\"},{\"@type\":\"ListItem\",\"position\":3,\"name\":\"AXIS-Y ARTICHOKE INTENSIVE SKIN BARRIER AMPOULE 30ML\"}]},{\"@type\":\"WebSite\",\"@id\":\"https:\/\/paragaleriedetalborjt.com\/#website\",\"url\":\"https:\/\/paragaleriedetalborjt.com\/\",\"name\":\"paragaleriedetalborjt\",\"description\":\"\",\"potentialAction\":[{\"@type\":\"SearchAction\",\"target\":{\"@type\":\"EntryPoint\",\"urlTemplate\":\"https:\/\/paragaleriedetalborjt.com\/?s={search_term_string}\"},\"query-input\":{\"@type\":\"PropertyValueSpecification\",\"valueRequired\":true,\"valueName\":\"search_term_string\"}}],\"inLanguage\":\"en-US\"}]}<\/script>\n<!-- \/ Yoast SEO plugin. -->","yoast_head_json":{"title":"AXIS-Y ARTICHOKE INTENSIVE SKIN BARRIER AMPOULE 30ML - paragaleriedetalborjt","robots":{"index":"index","follow":"follow","max-snippet":"max-snippet:-1","max-image-preview":"max-image-preview:large","max-video-preview":"max-video-preview:-1"},"canonical":"https:\/\/paragaleriedetalborjt.com\/en\/boutique\/axis-y-artichoke-intensive-skin-barrier-ampoule-30ml\/","og_locale":"en_US","og_type":"article","og_title":"AXIS-Y ARTICHOKE INTENSIVE SKIN BARRIER AMPOULE 30ML - paragaleriedetalborjt","og_description":"Highlights:Hydrate la peau en continu et aide \u00e0 restaurer la barri\u00e8re protectrice de la peau.\u2022 Besoin :Hydrater | Nourrir | Peau s\u00e8che \u00e0 tr\u00e8s s\u00e8che | Peau sensible.\u2022 Ingr\u00e9dients Cl\u00e9s :C\u00e9ramides (1, 3 et 6-II) pour prot\u00e9ger et nourrir | Acide Hyaluronique pour maintenir la peau hydrat\u00e9e | Glyc\u00e9rine pour adoucir et prot\u00e9ger.\u2022S\u00e9curit\u00e9 :Sans Parfum | Hypoallerg\u00e9nique | Non-Com\u00e9dog\u00e8ne.\u2022 Utilisation :Appliquer aussi souvent que n\u00e9cessaire. Visage, corps et mains.Approuv\u00e9 par les membres de l\u2019Association Fran\u00e7aise de l\u2019Ecz\u00e9ma.","og_url":"https:\/\/paragaleriedetalborjt.com\/en\/boutique\/axis-y-artichoke-intensive-skin-barrier-ampoule-30ml\/","og_site_name":"paragaleriedetalborjt","og_image":[{"width":595,"height":655,"url":"https:\/\/paragaleriedetalborjt.com\/wp-content\/uploads\/2026\/01\/ARTICHOCK.png","type":"image\/png"}],"twitter_card":"summary_large_image","schema":{"@context":"https:\/\/schema.org","@graph":[{"@type":"WebPage","@id":"https:\/\/paragaleriedetalborjt.com\/boutique\/axis-y-artichoke-intensive-skin-barrier-ampoule-30ml\/","url":"https:\/\/paragaleriedetalborjt.com\/boutique\/axis-y-artichoke-intensive-skin-barrier-ampoule-30ml\/","name":"AXIS-Y ARTICHOKE INTENSIVE SKIN BARRIER AMPOULE 30ML - paragaleriedetalborjt","isPartOf":{"@id":"https:\/\/paragaleriedetalborjt.com\/#website"},"primaryImageOfPage":{"@id":"https:\/\/paragaleriedetalborjt.com\/boutique\/axis-y-artichoke-intensive-skin-barrier-ampoule-30ml\/#primaryimage"},"image":{"@id":"https:\/\/paragaleriedetalborjt.com\/boutique\/axis-y-artichoke-intensive-skin-barrier-ampoule-30ml\/#primaryimage"},"thumbnailUrl":"https:\/\/paragaleriedetalborjt.com\/wp-content\/uploads\/2026\/01\/ARTICHOCK.png","datePublished":"2026-01-02T17:24:24+00:00","breadcrumb":{"@id":"https:\/\/paragaleriedetalborjt.com\/boutique\/axis-y-artichoke-intensive-skin-barrier-ampoule-30ml\/#breadcrumb"},"inLanguage":"en-US","potentialAction":[{"@type":"ReadAction","target":["https:\/\/paragaleriedetalborjt.com\/boutique\/axis-y-artichoke-intensive-skin-barrier-ampoule-30ml\/"]}]},{"@type":"ImageObject","inLanguage":"en-US","@id":"https:\/\/paragaleriedetalborjt.com\/boutique\/axis-y-artichoke-intensive-skin-barrier-ampoule-30ml\/#primaryimage","url":"https:\/\/paragaleriedetalborjt.com\/wp-content\/uploads\/2026\/01\/ARTICHOCK.png","contentUrl":"https:\/\/paragaleriedetalborjt.com\/wp-content\/uploads\/2026\/01\/ARTICHOCK.png","width":595,"height":655},{"@type":"BreadcrumbList","@id":"https:\/\/paragaleriedetalborjt.com\/boutique\/axis-y-artichoke-intensive-skin-barrier-ampoule-30ml\/#breadcrumb","itemListElement":[{"@type":"ListItem","position":1,"name":"Accueil","item":"https:\/\/paragaleriedetalborjt.com\/"},{"@type":"ListItem","position":2,"name":"Boutique","item":"https:\/\/paragaleriedetalborjt.com\/boutique\/"},{"@type":"ListItem","position":3,"name":"AXIS-Y ARTICHOKE INTENSIVE SKIN BARRIER AMPOULE 30ML"}]},{"@type":"WebSite","@id":"https:\/\/paragaleriedetalborjt.com\/#website","url":"https:\/\/paragaleriedetalborjt.com\/","name":"paragaleriedetalborjt","description":"","potentialAction":[{"@type":"SearchAction","target":{"@type":"EntryPoint","urlTemplate":"https:\/\/paragaleriedetalborjt.com\/?s={search_term_string}"},"query-input":{"@type":"PropertyValueSpecification","valueRequired":true,"valueName":"search_term_string"}}],"inLanguage":"en-US"}]}},"brands":[],"_links":{"self":[{"href":"https:\/\/paragaleriedetalborjt.com\/en\/wp-json\/wp\/v2\/product\/27557","targetHints":{"allow":["GET"]}}],"collection":[{"href":"https:\/\/paragaleriedetalborjt.com\/en\/wp-json\/wp\/v2\/product"}],"about":[{"href":"https:\/\/paragaleriedetalborjt.com\/en\/wp-json\/wp\/v2\/types\/product"}],"replies":[{"embeddable":true,"href":"https:\/\/paragaleriedetalborjt.com\/en\/wp-json\/wp\/v2\/comments?post=27557"}],"version-history":[{"count":1,"href":"https:\/\/paragaleriedetalborjt.com\/en\/wp-json\/wp\/v2\/product\/27557\/revisions"}],"predecessor-version":[{"id":27559,"href":"https:\/\/paragaleriedetalborjt.com\/en\/wp-json\/wp\/v2\/product\/27557\/revisions\/27559"}],"wp:featuredmedia":[{"embeddable":true,"href":"https:\/\/paragaleriedetalborjt.com\/en\/wp-json\/wp\/v2\/media\/27558"}],"wp:attachment":[{"href":"https:\/\/paragaleriedetalborjt.com\/en\/wp-json\/wp\/v2\/media?parent=27557"}],"wp:term":[{"taxonomy":"pwb-brand","embeddable":true,"href":"https:\/\/paragaleriedetalborjt.com\/en\/wp-json\/wp\/v2\/pwb-brand?post=27557"},{"taxonomy":"product_cat","embeddable":true,"href":"https:\/\/paragaleriedetalborjt.com\/en\/wp-json\/wp\/v2\/product_cat?post=27557"},{"taxonomy":"product_tag","embeddable":true,"href":"https:\/\/paragaleriedetalborjt.com\/en\/wp-json\/wp\/v2\/product_tag?post=27557"}],"curies":[{"name":"wp","href":"https:\/\/api.w.org\/{rel}","templated":true}]}}