{"id":27491,"date":"2026-01-02T18:23:40","date_gmt":"2026-01-02T17:23:40","guid":{"rendered":"https:\/\/paragaleriedetalborjt.com\/?post_type=product&#038;p=27491"},"modified":"2026-01-02T18:23:40","modified_gmt":"2026-01-02T17:23:40","slug":"cebelia-creme-depigmentante-intime-30ml","status":"publish","type":"product","link":"https:\/\/paragaleriedetalborjt.com\/en\/boutique\/cebelia-creme-depigmentante-intime-30ml\/","title":{"rendered":"Cebelia Creme Depigmentante Intime 30ml"},"content":{"rendered":"<div aria-labelledby=\"tab-title-description\" class=\"woocommerce-Tabs-panel woocommerce-Tabs-panel--description panel entry-content wc-tab\" id=\"tab-description\" role=\"tabpanel\" style=\"\">\n<h2>Description<\/h2>\n<p>Qu\u2019ils soient d\u2019origine esth\u00e9tique ou biologique, de plus en plus de personnes souhaitent r\u00e9soudre leurs probl\u00e8mes intimes. De nombreux docteurs nous ont confi\u00e9s un v\u00e9ritable mal-\u00eatre de leurs patients qui peut impacter leur vie sociale, romantique et\/ou priv\u00e9e d\u00fb \u00e0 l\u2019hyperpigmentation des zones intimes et de frictions.<br \/>\nC\u2019est pourquoi, avec notre connaissance et notre brevet PEKALINE\u00ae luttant contre l\u2019hyperpigmentation, nous avons choisi de lancer la Cr\u00e8me D\u00e9pigmentante Intime. Elle combine un cocktail d\u2019actifs d\u00e9pigmentant d\u2019une efficacit\u00e9 redoutable \u00e0 une cr\u00e8me douce et hydratante adapt\u00e9e aux peaux et aux zones les plus sensibles.<\/p>\n<p>\u00a0<\/p>\n<p>Elle est id\u00e9ale seule ou en compl\u00e9ment de proc\u00e9dures esth\u00e9tiques (r\u00e9alis\u00e9es sur les zones intimes ou de frottements\u00a0: aisselles, cuisses, aine, poitrine) pour unifier et illuminer d\u00e8s deux mois d\u2019application quotidienne.<\/p>\n<p>Le bouchon applicateur vous offrira une application homog\u00e8ne, simple et rapide.<\/p>\n<p>\u00a0<\/p>\n<p>\u00a0<\/p>\n<p><strong>Conseils d\u2019utilisation<\/strong><\/p>\n<p><strong>\u00c0 domicile :\u00a0\u00a0<\/strong>appliquer 1 \u00e0 2 fois par jour sur les zones concern\u00e9es (intime et de frictions) avec l\u2019aide de l\u2019applicateur sp\u00e9cialement adapt\u00e9 aux zones intimes et sensibles. Peut s\u2019utiliser seul ou en combinaison avec d\u2019autre traitements dermo-esth\u00e9tiques. Les r\u00e9sultats sont visibles d\u00e8s 2 mois d\u2019utilisation.<\/p>\n<p>\u00a0<\/p>\n<p><strong>Association de soins<\/strong><\/p>\n<p>Vous pouvez utiliser en compl\u00e9ment de la Cr\u00e8me D\u00e9pigmentante Intime, le Nettoyant Doux Intime pour nettoyer votre zone intime tout en respectant son \u00e9quilibre naturel.<\/p>\n<p>\u00a0<\/p>\n<\/div>","protected":false},"excerpt":{"rendered":"<p>Highlights:La Cr\u00e8me D\u00e9pigmentante Intime est la solution pour l\u2019hyperpigmentation corporelle. A utiliser seule ou pour prolonger les effets d\u2019une proc\u00e9dure esth\u00e9tique, cette cr\u00e8me est id\u00e9ale pour lutter contre les taches pigmentaires existantes et nouvelles.<\/p>","protected":false},"featured_media":27492,"comment_status":"open","ping_status":"closed","template":"","meta":[],"pwb-brand":[],"product_cat":[16],"product_tag":[],"class_list":{"0":"post-27491","1":"product","2":"type-product","3":"status-publish","4":"has-post-thumbnail","6":"product_cat-non-classe","7":"pa_brands-cebelia","9":"first","10":"instock","11":"sale","12":"shipping-taxable","13":"purchasable","14":"product-type-simple"},"yoast_head":"<!-- This site is optimized with the Yoast SEO plugin v27.5 - https:\/\/yoast.com\/product\/yoast-seo-wordpress\/ -->\n<title>Cebelia Creme Depigmentante Intime 30ml - paragaleriedetalborjt<\/title>\n<meta name=\"robots\" content=\"index, follow, max-snippet:-1, max-image-preview:large, max-video-preview:-1\" \/>\n<link rel=\"canonical\" href=\"https:\/\/paragaleriedetalborjt.com\/en\/boutique\/cebelia-creme-depigmentante-intime-30ml\/\" \/>\n<meta property=\"og:locale\" content=\"en_US\" \/>\n<meta property=\"og:type\" content=\"article\" \/>\n<meta property=\"og:title\" content=\"Cebelia Creme Depigmentante Intime 30ml - paragaleriedetalborjt\" \/>\n<meta property=\"og:description\" content=\"Highlights:La Cr\u00e8me D\u00e9pigmentante Intime est la solution pour l\u2019hyperpigmentation corporelle. A utiliser seule ou pour prolonger les effets d\u2019une proc\u00e9dure esth\u00e9tique, cette cr\u00e8me est id\u00e9ale pour lutter contre les taches pigmentaires existantes et nouvelles.\" \/>\n<meta property=\"og:url\" content=\"https:\/\/paragaleriedetalborjt.com\/en\/boutique\/cebelia-creme-depigmentante-intime-30ml\/\" \/>\n<meta property=\"og:site_name\" content=\"paragaleriedetalborjt\" \/>\n<meta property=\"og:image\" content=\"https:\/\/paragaleriedetalborjt.com\/wp-content\/uploads\/2026\/01\/Cebelia-Creme-Depigmentante-Intime-30ml-1-600x600-1.png\" \/>\n\t<meta property=\"og:image:width\" content=\"600\" \/>\n\t<meta property=\"og:image:height\" content=\"600\" \/>\n\t<meta property=\"og:image:type\" content=\"image\/png\" \/>\n<meta name=\"twitter:card\" content=\"summary_large_image\" \/>\n<meta name=\"twitter:label1\" content=\"Est. reading time\" \/>\n\t<meta name=\"twitter:data1\" content=\"1 minute\" \/>\n<script type=\"application\/ld+json\" class=\"yoast-schema-graph\">{\"@context\":\"https:\\\/\\\/schema.org\",\"@graph\":[{\"@type\":\"WebPage\",\"@id\":\"https:\\\/\\\/paragaleriedetalborjt.com\\\/boutique\\\/cebelia-creme-depigmentante-intime-30ml\\\/\",\"url\":\"https:\\\/\\\/paragaleriedetalborjt.com\\\/boutique\\\/cebelia-creme-depigmentante-intime-30ml\\\/\",\"name\":\"Cebelia Creme Depigmentante Intime 30ml - paragaleriedetalborjt\",\"isPartOf\":{\"@id\":\"https:\\\/\\\/paragaleriedetalborjt.com\\\/#website\"},\"primaryImageOfPage\":{\"@id\":\"https:\\\/\\\/paragaleriedetalborjt.com\\\/boutique\\\/cebelia-creme-depigmentante-intime-30ml\\\/#primaryimage\"},\"image\":{\"@id\":\"https:\\\/\\\/paragaleriedetalborjt.com\\\/boutique\\\/cebelia-creme-depigmentante-intime-30ml\\\/#primaryimage\"},\"thumbnailUrl\":\"https:\\\/\\\/paragaleriedetalborjt.com\\\/wp-content\\\/uploads\\\/2026\\\/01\\\/Cebelia-Creme-Depigmentante-Intime-30ml-1-600x600-1.png\",\"datePublished\":\"2026-01-02T17:23:40+00:00\",\"breadcrumb\":{\"@id\":\"https:\\\/\\\/paragaleriedetalborjt.com\\\/boutique\\\/cebelia-creme-depigmentante-intime-30ml\\\/#breadcrumb\"},\"inLanguage\":\"en-US\",\"potentialAction\":[{\"@type\":\"ReadAction\",\"target\":[\"https:\\\/\\\/paragaleriedetalborjt.com\\\/boutique\\\/cebelia-creme-depigmentante-intime-30ml\\\/\"]}]},{\"@type\":\"ImageObject\",\"inLanguage\":\"en-US\",\"@id\":\"https:\\\/\\\/paragaleriedetalborjt.com\\\/boutique\\\/cebelia-creme-depigmentante-intime-30ml\\\/#primaryimage\",\"url\":\"https:\\\/\\\/paragaleriedetalborjt.com\\\/wp-content\\\/uploads\\\/2026\\\/01\\\/Cebelia-Creme-Depigmentante-Intime-30ml-1-600x600-1.png\",\"contentUrl\":\"https:\\\/\\\/paragaleriedetalborjt.com\\\/wp-content\\\/uploads\\\/2026\\\/01\\\/Cebelia-Creme-Depigmentante-Intime-30ml-1-600x600-1.png\",\"width\":600,\"height\":600},{\"@type\":\"BreadcrumbList\",\"@id\":\"https:\\\/\\\/paragaleriedetalborjt.com\\\/boutique\\\/cebelia-creme-depigmentante-intime-30ml\\\/#breadcrumb\",\"itemListElement\":[{\"@type\":\"ListItem\",\"position\":1,\"name\":\"Accueil\",\"item\":\"https:\\\/\\\/paragaleriedetalborjt.com\\\/\"},{\"@type\":\"ListItem\",\"position\":2,\"name\":\"Boutique\",\"item\":\"https:\\\/\\\/paragaleriedetalborjt.com\\\/boutique\\\/\"},{\"@type\":\"ListItem\",\"position\":3,\"name\":\"Cebelia Creme Depigmentante Intime 30ml\"}]},{\"@type\":\"WebSite\",\"@id\":\"https:\\\/\\\/paragaleriedetalborjt.com\\\/#website\",\"url\":\"https:\\\/\\\/paragaleriedetalborjt.com\\\/\",\"name\":\"paragaleriedetalborjt\",\"description\":\"\",\"potentialAction\":[{\"@type\":\"SearchAction\",\"target\":{\"@type\":\"EntryPoint\",\"urlTemplate\":\"https:\\\/\\\/paragaleriedetalborjt.com\\\/?s={search_term_string}\"},\"query-input\":{\"@type\":\"PropertyValueSpecification\",\"valueRequired\":true,\"valueName\":\"search_term_string\"}}],\"inLanguage\":\"en-US\"}]}<\/script>\n<!-- \/ Yoast SEO plugin. -->","yoast_head_json":{"title":"Cebelia Creme Depigmentante Intime 30ml - paragaleriedetalborjt","robots":{"index":"index","follow":"follow","max-snippet":"max-snippet:-1","max-image-preview":"max-image-preview:large","max-video-preview":"max-video-preview:-1"},"canonical":"https:\/\/paragaleriedetalborjt.com\/en\/boutique\/cebelia-creme-depigmentante-intime-30ml\/","og_locale":"en_US","og_type":"article","og_title":"Cebelia Creme Depigmentante Intime 30ml - paragaleriedetalborjt","og_description":"Highlights:La Cr\u00e8me D\u00e9pigmentante Intime est la solution pour l\u2019hyperpigmentation corporelle. A utiliser seule ou pour prolonger les effets d\u2019une proc\u00e9dure esth\u00e9tique, cette cr\u00e8me est id\u00e9ale pour lutter contre les taches pigmentaires existantes et nouvelles.","og_url":"https:\/\/paragaleriedetalborjt.com\/en\/boutique\/cebelia-creme-depigmentante-intime-30ml\/","og_site_name":"paragaleriedetalborjt","og_image":[{"width":600,"height":600,"url":"https:\/\/paragaleriedetalborjt.com\/wp-content\/uploads\/2026\/01\/Cebelia-Creme-Depigmentante-Intime-30ml-1-600x600-1.png","type":"image\/png"}],"twitter_card":"summary_large_image","twitter_misc":{"Est. reading time":"1 minute"},"schema":{"@context":"https:\/\/schema.org","@graph":[{"@type":"WebPage","@id":"https:\/\/paragaleriedetalborjt.com\/boutique\/cebelia-creme-depigmentante-intime-30ml\/","url":"https:\/\/paragaleriedetalborjt.com\/boutique\/cebelia-creme-depigmentante-intime-30ml\/","name":"Cebelia Creme Depigmentante Intime 30ml - paragaleriedetalborjt","isPartOf":{"@id":"https:\/\/paragaleriedetalborjt.com\/#website"},"primaryImageOfPage":{"@id":"https:\/\/paragaleriedetalborjt.com\/boutique\/cebelia-creme-depigmentante-intime-30ml\/#primaryimage"},"image":{"@id":"https:\/\/paragaleriedetalborjt.com\/boutique\/cebelia-creme-depigmentante-intime-30ml\/#primaryimage"},"thumbnailUrl":"https:\/\/paragaleriedetalborjt.com\/wp-content\/uploads\/2026\/01\/Cebelia-Creme-Depigmentante-Intime-30ml-1-600x600-1.png","datePublished":"2026-01-02T17:23:40+00:00","breadcrumb":{"@id":"https:\/\/paragaleriedetalborjt.com\/boutique\/cebelia-creme-depigmentante-intime-30ml\/#breadcrumb"},"inLanguage":"en-US","potentialAction":[{"@type":"ReadAction","target":["https:\/\/paragaleriedetalborjt.com\/boutique\/cebelia-creme-depigmentante-intime-30ml\/"]}]},{"@type":"ImageObject","inLanguage":"en-US","@id":"https:\/\/paragaleriedetalborjt.com\/boutique\/cebelia-creme-depigmentante-intime-30ml\/#primaryimage","url":"https:\/\/paragaleriedetalborjt.com\/wp-content\/uploads\/2026\/01\/Cebelia-Creme-Depigmentante-Intime-30ml-1-600x600-1.png","contentUrl":"https:\/\/paragaleriedetalborjt.com\/wp-content\/uploads\/2026\/01\/Cebelia-Creme-Depigmentante-Intime-30ml-1-600x600-1.png","width":600,"height":600},{"@type":"BreadcrumbList","@id":"https:\/\/paragaleriedetalborjt.com\/boutique\/cebelia-creme-depigmentante-intime-30ml\/#breadcrumb","itemListElement":[{"@type":"ListItem","position":1,"name":"Accueil","item":"https:\/\/paragaleriedetalborjt.com\/"},{"@type":"ListItem","position":2,"name":"Boutique","item":"https:\/\/paragaleriedetalborjt.com\/boutique\/"},{"@type":"ListItem","position":3,"name":"Cebelia Creme Depigmentante Intime 30ml"}]},{"@type":"WebSite","@id":"https:\/\/paragaleriedetalborjt.com\/#website","url":"https:\/\/paragaleriedetalborjt.com\/","name":"paragaleriedetalborjt","description":"","potentialAction":[{"@type":"SearchAction","target":{"@type":"EntryPoint","urlTemplate":"https:\/\/paragaleriedetalborjt.com\/?s={search_term_string}"},"query-input":{"@type":"PropertyValueSpecification","valueRequired":true,"valueName":"search_term_string"}}],"inLanguage":"en-US"}]}},"brands":[],"_links":{"self":[{"href":"https:\/\/paragaleriedetalborjt.com\/en\/wp-json\/wp\/v2\/product\/27491","targetHints":{"allow":["GET"]}}],"collection":[{"href":"https:\/\/paragaleriedetalborjt.com\/en\/wp-json\/wp\/v2\/product"}],"about":[{"href":"https:\/\/paragaleriedetalborjt.com\/en\/wp-json\/wp\/v2\/types\/product"}],"replies":[{"embeddable":true,"href":"https:\/\/paragaleriedetalborjt.com\/en\/wp-json\/wp\/v2\/comments?post=27491"}],"version-history":[{"count":1,"href":"https:\/\/paragaleriedetalborjt.com\/en\/wp-json\/wp\/v2\/product\/27491\/revisions"}],"predecessor-version":[{"id":27493,"href":"https:\/\/paragaleriedetalborjt.com\/en\/wp-json\/wp\/v2\/product\/27491\/revisions\/27493"}],"wp:featuredmedia":[{"embeddable":true,"href":"https:\/\/paragaleriedetalborjt.com\/en\/wp-json\/wp\/v2\/media\/27492"}],"wp:attachment":[{"href":"https:\/\/paragaleriedetalborjt.com\/en\/wp-json\/wp\/v2\/media?parent=27491"}],"wp:term":[{"taxonomy":"pwb-brand","embeddable":true,"href":"https:\/\/paragaleriedetalborjt.com\/en\/wp-json\/wp\/v2\/pwb-brand?post=27491"},{"taxonomy":"product_cat","embeddable":true,"href":"https:\/\/paragaleriedetalborjt.com\/en\/wp-json\/wp\/v2\/product_cat?post=27491"},{"taxonomy":"product_tag","embeddable":true,"href":"https:\/\/paragaleriedetalborjt.com\/en\/wp-json\/wp\/v2\/product_tag?post=27491"}],"curies":[{"name":"wp","href":"https:\/\/api.w.org\/{rel}","templated":true}]}}