{"id":27485,"date":"2026-01-02T18:23:34","date_gmt":"2026-01-02T17:23:34","guid":{"rendered":"https:\/\/paragaleriedetalborjt.com\/?post_type=product&#038;p=27485"},"modified":"2026-01-02T18:23:34","modified_gmt":"2026-01-02T17:23:34","slug":"dermedic-sunbrella-creme-spf50-peau-mixtes-ou-grasses-eau-micellaire-100ml-pack","status":"publish","type":"product","link":"https:\/\/paragaleriedetalborjt.com\/en\/boutique\/dermedic-sunbrella-creme-spf50-peau-mixtes-ou-grasses-eau-micellaire-100ml-pack\/","title":{"rendered":"Dermedic Sunbrella Creme Spf50+ Peau Mixtes ou Grasses + Eau micellaire 100ml Pack"},"content":{"rendered":"<div aria-labelledby=\"tab-title-description\" class=\"woocommerce-Tabs-panel woocommerce-Tabs-panel--description panel entry-content wc-tab\" id=\"tab-description\" role=\"tabpanel\" style=\"\">\n<h2>Description<\/h2>\n<p>\u00a0<\/p>\n<p>DERMEDIC SUNBRELLA permet d\u2019offrir une protection efficace et durable contre les rayons UVA et UVB \u2013 SPF 50+, de calmer les irritations et l\u2019inflammation s\u00e9borrh\u00e9ique.<\/p>\n<p>Ne pas obstruer les pores<br \/>\nPhotostable et imperm\u00e9able<br \/>\nHypoallerg\u00e9nique<\/p>\n<p><strong>Composition :<\/strong><\/p>\n<p>\u00a0<\/p>\n<p>Complex of UVA and UVB filters, Advanced Protection System, Physavie, Rosemary extract, Tussilago Farfarae, Allantoin, Glycerine, Thermal water<\/p>\n<p>Photostable et \u00e9tanche<\/p>\n<p>Hypoallerg\u00e9nique<\/p>\n<p><strong>Conseils d\u2019utilisation :<\/strong><\/p>\n<p>Appliquer DERMEDIC SUNBRELLA uniform\u00e9ment au moins 15 minutes avant l\u2019exposition au soleil. Renouveler l\u2019application plusieurs fois lors de l\u2019exposition au soleil.<br \/>\nRecommand\u00e9 pour les peaux grasses et mixtes \u2013 protection contre les rayons UVA et UVB lors de l\u2019exposition au soleil.<\/p>\n<\/div>","protected":false},"excerpt":{"rendered":"<p>Highlights:La Cr\u00e9me Solaire Dermedic Sunbrella Photostable et imperm\u00e9able pour les peaux mixtes \u00e0 grasses enrichie en Complexe de filtres UVA et UVB, Syst\u00e8me de protection avanc\u00e9e, Extrait de romarin, Farfara\u00efde, Allanto\u00efne, Glyc\u00e9rine, Eau thermale<\/p>","protected":false},"featured_media":27486,"comment_status":"open","ping_status":"closed","template":"","meta":[],"pwb-brand":[],"product_cat":[16],"product_tag":[],"class_list":{"0":"post-27485","1":"product","2":"type-product","3":"status-publish","4":"has-post-thumbnail","6":"product_cat-non-classe","7":"pa_brands-dermedic","9":"first","10":"instock","11":"sale","12":"shipping-taxable","13":"purchasable","14":"product-type-simple"},"yoast_head":"<!-- This site is optimized with the Yoast SEO plugin v26.9 - https:\/\/yoast.com\/product\/yoast-seo-wordpress\/ -->\n<title>Dermedic Sunbrella Creme Spf50+ Peau Mixtes ou Grasses + Eau micellaire 100ml Pack - paragaleriedetalborjt<\/title>\n<meta name=\"robots\" content=\"index, follow, max-snippet:-1, max-image-preview:large, max-video-preview:-1\" \/>\n<link rel=\"canonical\" href=\"https:\/\/paragaleriedetalborjt.com\/en\/boutique\/dermedic-sunbrella-creme-spf50-peau-mixtes-ou-grasses-eau-micellaire-100ml-pack\/\" \/>\n<meta property=\"og:locale\" content=\"en_US\" \/>\n<meta property=\"og:type\" content=\"article\" \/>\n<meta property=\"og:title\" content=\"Dermedic Sunbrella Creme Spf50+ Peau Mixtes ou Grasses + Eau micellaire 100ml Pack - paragaleriedetalborjt\" \/>\n<meta property=\"og:description\" content=\"Highlights:La Cr\u00e9me Solaire Dermedic Sunbrella Photostable et imperm\u00e9able pour les peaux mixtes \u00e0 grasses enrichie en Complexe de filtres UVA et UVB, Syst\u00e8me de protection avanc\u00e9e, Extrait de romarin, Farfara\u00efde, Allanto\u00efne, Glyc\u00e9rine, Eau thermale\" \/>\n<meta property=\"og:url\" content=\"https:\/\/paragaleriedetalborjt.com\/en\/boutique\/dermedic-sunbrella-creme-spf50-peau-mixtes-ou-grasses-eau-micellaire-100ml-pack\/\" \/>\n<meta property=\"og:site_name\" content=\"paragaleriedetalborjt\" \/>\n<meta property=\"og:image\" content=\"https:\/\/paragaleriedetalborjt.com\/wp-content\/uploads\/2026\/01\/Dermedic-Sunbrella-Cr-solaire-Pmg-spf50-50mleau-micellaire-100ml-pack-1-600x600-1.png\" \/>\n\t<meta property=\"og:image:width\" content=\"600\" \/>\n\t<meta property=\"og:image:height\" content=\"600\" \/>\n\t<meta property=\"og:image:type\" content=\"image\/png\" \/>\n<meta name=\"twitter:card\" content=\"summary_large_image\" \/>\n<meta name=\"twitter:label1\" content=\"Est. reading time\" \/>\n\t<meta name=\"twitter:data1\" content=\"1 minute\" \/>\n<script type=\"application\/ld+json\" class=\"yoast-schema-graph\">{\"@context\":\"https:\/\/schema.org\",\"@graph\":[{\"@type\":\"WebPage\",\"@id\":\"https:\/\/paragaleriedetalborjt.com\/boutique\/dermedic-sunbrella-creme-spf50-peau-mixtes-ou-grasses-eau-micellaire-100ml-pack\/\",\"url\":\"https:\/\/paragaleriedetalborjt.com\/boutique\/dermedic-sunbrella-creme-spf50-peau-mixtes-ou-grasses-eau-micellaire-100ml-pack\/\",\"name\":\"Dermedic Sunbrella Creme Spf50+ Peau Mixtes ou Grasses + Eau micellaire 100ml Pack - paragaleriedetalborjt\",\"isPartOf\":{\"@id\":\"https:\/\/paragaleriedetalborjt.com\/#website\"},\"primaryImageOfPage\":{\"@id\":\"https:\/\/paragaleriedetalborjt.com\/boutique\/dermedic-sunbrella-creme-spf50-peau-mixtes-ou-grasses-eau-micellaire-100ml-pack\/#primaryimage\"},\"image\":{\"@id\":\"https:\/\/paragaleriedetalborjt.com\/boutique\/dermedic-sunbrella-creme-spf50-peau-mixtes-ou-grasses-eau-micellaire-100ml-pack\/#primaryimage\"},\"thumbnailUrl\":\"https:\/\/paragaleriedetalborjt.com\/wp-content\/uploads\/2026\/01\/Dermedic-Sunbrella-Cr-solaire-Pmg-spf50-50mleau-micellaire-100ml-pack-1-600x600-1.png\",\"datePublished\":\"2026-01-02T17:23:34+00:00\",\"breadcrumb\":{\"@id\":\"https:\/\/paragaleriedetalborjt.com\/boutique\/dermedic-sunbrella-creme-spf50-peau-mixtes-ou-grasses-eau-micellaire-100ml-pack\/#breadcrumb\"},\"inLanguage\":\"en-US\",\"potentialAction\":[{\"@type\":\"ReadAction\",\"target\":[\"https:\/\/paragaleriedetalborjt.com\/boutique\/dermedic-sunbrella-creme-spf50-peau-mixtes-ou-grasses-eau-micellaire-100ml-pack\/\"]}]},{\"@type\":\"ImageObject\",\"inLanguage\":\"en-US\",\"@id\":\"https:\/\/paragaleriedetalborjt.com\/boutique\/dermedic-sunbrella-creme-spf50-peau-mixtes-ou-grasses-eau-micellaire-100ml-pack\/#primaryimage\",\"url\":\"https:\/\/paragaleriedetalborjt.com\/wp-content\/uploads\/2026\/01\/Dermedic-Sunbrella-Cr-solaire-Pmg-spf50-50mleau-micellaire-100ml-pack-1-600x600-1.png\",\"contentUrl\":\"https:\/\/paragaleriedetalborjt.com\/wp-content\/uploads\/2026\/01\/Dermedic-Sunbrella-Cr-solaire-Pmg-spf50-50mleau-micellaire-100ml-pack-1-600x600-1.png\",\"width\":600,\"height\":600},{\"@type\":\"BreadcrumbList\",\"@id\":\"https:\/\/paragaleriedetalborjt.com\/boutique\/dermedic-sunbrella-creme-spf50-peau-mixtes-ou-grasses-eau-micellaire-100ml-pack\/#breadcrumb\",\"itemListElement\":[{\"@type\":\"ListItem\",\"position\":1,\"name\":\"Accueil\",\"item\":\"https:\/\/paragaleriedetalborjt.com\/\"},{\"@type\":\"ListItem\",\"position\":2,\"name\":\"Boutique\",\"item\":\"https:\/\/paragaleriedetalborjt.com\/boutique\/\"},{\"@type\":\"ListItem\",\"position\":3,\"name\":\"Dermedic Sunbrella Creme Spf50+ Peau Mixtes ou Grasses + Eau micellaire 100ml Pack\"}]},{\"@type\":\"WebSite\",\"@id\":\"https:\/\/paragaleriedetalborjt.com\/#website\",\"url\":\"https:\/\/paragaleriedetalborjt.com\/\",\"name\":\"paragaleriedetalborjt\",\"description\":\"\",\"potentialAction\":[{\"@type\":\"SearchAction\",\"target\":{\"@type\":\"EntryPoint\",\"urlTemplate\":\"https:\/\/paragaleriedetalborjt.com\/?s={search_term_string}\"},\"query-input\":{\"@type\":\"PropertyValueSpecification\",\"valueRequired\":true,\"valueName\":\"search_term_string\"}}],\"inLanguage\":\"en-US\"}]}<\/script>\n<!-- \/ Yoast SEO plugin. -->","yoast_head_json":{"title":"Dermedic Sunbrella Creme Spf50+ Peau Mixtes ou Grasses + Eau micellaire 100ml Pack - paragaleriedetalborjt","robots":{"index":"index","follow":"follow","max-snippet":"max-snippet:-1","max-image-preview":"max-image-preview:large","max-video-preview":"max-video-preview:-1"},"canonical":"https:\/\/paragaleriedetalborjt.com\/en\/boutique\/dermedic-sunbrella-creme-spf50-peau-mixtes-ou-grasses-eau-micellaire-100ml-pack\/","og_locale":"en_US","og_type":"article","og_title":"Dermedic Sunbrella Creme Spf50+ Peau Mixtes ou Grasses + Eau micellaire 100ml Pack - paragaleriedetalborjt","og_description":"Highlights:La Cr\u00e9me Solaire Dermedic Sunbrella Photostable et imperm\u00e9able pour les peaux mixtes \u00e0 grasses enrichie en Complexe de filtres UVA et UVB, Syst\u00e8me de protection avanc\u00e9e, Extrait de romarin, Farfara\u00efde, Allanto\u00efne, Glyc\u00e9rine, Eau thermale","og_url":"https:\/\/paragaleriedetalborjt.com\/en\/boutique\/dermedic-sunbrella-creme-spf50-peau-mixtes-ou-grasses-eau-micellaire-100ml-pack\/","og_site_name":"paragaleriedetalborjt","og_image":[{"width":600,"height":600,"url":"https:\/\/paragaleriedetalborjt.com\/wp-content\/uploads\/2026\/01\/Dermedic-Sunbrella-Cr-solaire-Pmg-spf50-50mleau-micellaire-100ml-pack-1-600x600-1.png","type":"image\/png"}],"twitter_card":"summary_large_image","twitter_misc":{"Est. reading time":"1 minute"},"schema":{"@context":"https:\/\/schema.org","@graph":[{"@type":"WebPage","@id":"https:\/\/paragaleriedetalborjt.com\/boutique\/dermedic-sunbrella-creme-spf50-peau-mixtes-ou-grasses-eau-micellaire-100ml-pack\/","url":"https:\/\/paragaleriedetalborjt.com\/boutique\/dermedic-sunbrella-creme-spf50-peau-mixtes-ou-grasses-eau-micellaire-100ml-pack\/","name":"Dermedic Sunbrella Creme Spf50+ Peau Mixtes ou Grasses + Eau micellaire 100ml Pack - paragaleriedetalborjt","isPartOf":{"@id":"https:\/\/paragaleriedetalborjt.com\/#website"},"primaryImageOfPage":{"@id":"https:\/\/paragaleriedetalborjt.com\/boutique\/dermedic-sunbrella-creme-spf50-peau-mixtes-ou-grasses-eau-micellaire-100ml-pack\/#primaryimage"},"image":{"@id":"https:\/\/paragaleriedetalborjt.com\/boutique\/dermedic-sunbrella-creme-spf50-peau-mixtes-ou-grasses-eau-micellaire-100ml-pack\/#primaryimage"},"thumbnailUrl":"https:\/\/paragaleriedetalborjt.com\/wp-content\/uploads\/2026\/01\/Dermedic-Sunbrella-Cr-solaire-Pmg-spf50-50mleau-micellaire-100ml-pack-1-600x600-1.png","datePublished":"2026-01-02T17:23:34+00:00","breadcrumb":{"@id":"https:\/\/paragaleriedetalborjt.com\/boutique\/dermedic-sunbrella-creme-spf50-peau-mixtes-ou-grasses-eau-micellaire-100ml-pack\/#breadcrumb"},"inLanguage":"en-US","potentialAction":[{"@type":"ReadAction","target":["https:\/\/paragaleriedetalborjt.com\/boutique\/dermedic-sunbrella-creme-spf50-peau-mixtes-ou-grasses-eau-micellaire-100ml-pack\/"]}]},{"@type":"ImageObject","inLanguage":"en-US","@id":"https:\/\/paragaleriedetalborjt.com\/boutique\/dermedic-sunbrella-creme-spf50-peau-mixtes-ou-grasses-eau-micellaire-100ml-pack\/#primaryimage","url":"https:\/\/paragaleriedetalborjt.com\/wp-content\/uploads\/2026\/01\/Dermedic-Sunbrella-Cr-solaire-Pmg-spf50-50mleau-micellaire-100ml-pack-1-600x600-1.png","contentUrl":"https:\/\/paragaleriedetalborjt.com\/wp-content\/uploads\/2026\/01\/Dermedic-Sunbrella-Cr-solaire-Pmg-spf50-50mleau-micellaire-100ml-pack-1-600x600-1.png","width":600,"height":600},{"@type":"BreadcrumbList","@id":"https:\/\/paragaleriedetalborjt.com\/boutique\/dermedic-sunbrella-creme-spf50-peau-mixtes-ou-grasses-eau-micellaire-100ml-pack\/#breadcrumb","itemListElement":[{"@type":"ListItem","position":1,"name":"Accueil","item":"https:\/\/paragaleriedetalborjt.com\/"},{"@type":"ListItem","position":2,"name":"Boutique","item":"https:\/\/paragaleriedetalborjt.com\/boutique\/"},{"@type":"ListItem","position":3,"name":"Dermedic Sunbrella Creme Spf50+ Peau Mixtes ou Grasses + Eau micellaire 100ml Pack"}]},{"@type":"WebSite","@id":"https:\/\/paragaleriedetalborjt.com\/#website","url":"https:\/\/paragaleriedetalborjt.com\/","name":"paragaleriedetalborjt","description":"","potentialAction":[{"@type":"SearchAction","target":{"@type":"EntryPoint","urlTemplate":"https:\/\/paragaleriedetalborjt.com\/?s={search_term_string}"},"query-input":{"@type":"PropertyValueSpecification","valueRequired":true,"valueName":"search_term_string"}}],"inLanguage":"en-US"}]}},"brands":[],"_links":{"self":[{"href":"https:\/\/paragaleriedetalborjt.com\/en\/wp-json\/wp\/v2\/product\/27485","targetHints":{"allow":["GET"]}}],"collection":[{"href":"https:\/\/paragaleriedetalborjt.com\/en\/wp-json\/wp\/v2\/product"}],"about":[{"href":"https:\/\/paragaleriedetalborjt.com\/en\/wp-json\/wp\/v2\/types\/product"}],"replies":[{"embeddable":true,"href":"https:\/\/paragaleriedetalborjt.com\/en\/wp-json\/wp\/v2\/comments?post=27485"}],"version-history":[{"count":1,"href":"https:\/\/paragaleriedetalborjt.com\/en\/wp-json\/wp\/v2\/product\/27485\/revisions"}],"predecessor-version":[{"id":27487,"href":"https:\/\/paragaleriedetalborjt.com\/en\/wp-json\/wp\/v2\/product\/27485\/revisions\/27487"}],"wp:featuredmedia":[{"embeddable":true,"href":"https:\/\/paragaleriedetalborjt.com\/en\/wp-json\/wp\/v2\/media\/27486"}],"wp:attachment":[{"href":"https:\/\/paragaleriedetalborjt.com\/en\/wp-json\/wp\/v2\/media?parent=27485"}],"wp:term":[{"taxonomy":"pwb-brand","embeddable":true,"href":"https:\/\/paragaleriedetalborjt.com\/en\/wp-json\/wp\/v2\/pwb-brand?post=27485"},{"taxonomy":"product_cat","embeddable":true,"href":"https:\/\/paragaleriedetalborjt.com\/en\/wp-json\/wp\/v2\/product_cat?post=27485"},{"taxonomy":"product_tag","embeddable":true,"href":"https:\/\/paragaleriedetalborjt.com\/en\/wp-json\/wp\/v2\/product_tag?post=27485"}],"curies":[{"name":"wp","href":"https:\/\/api.w.org\/{rel}","templated":true}]}}