{"id":27387,"date":"2026-01-02T18:22:36","date_gmt":"2026-01-02T17:22:36","guid":{"rendered":"https:\/\/paragaleriedetalborjt.com\/?post_type=product&#038;p=27387"},"modified":"2026-01-02T18:22:36","modified_gmt":"2026-01-02T17:22:36","slug":"revox-b77-plex-bond-smothing-creme-260ml","status":"publish","type":"product","link":"https:\/\/paragaleriedetalborjt.com\/en\/boutique\/revox-b77-plex-bond-smothing-creme-260ml\/","title":{"rendered":"Revox B77 Plex Bond Smothing Creme 260ml"},"content":{"rendered":"<div aria-labelledby=\"tab-title-description\" class=\"woocommerce-Tabs-panel woocommerce-Tabs-panel--description panel entry-content wc-tab\" id=\"tab-description\" role=\"tabpanel\" style=\"\">\n<h2>Description<\/h2>\n<p class=\"p1\">\u00a0Cette cr\u00e8me concentr\u00e9e sans rin\u00e7age est con\u00e7ue pour r\u00e9parer les cheveux ab\u00eem\u00e9s tout en les prot\u00e9geant des facteurs externes nocifs pour un fini lisse et sans frisottis digne d\u2019un salon. Utilis\u00e9 avant le coiffage \u00e0 chaud, il r\u00e9duit le temps de s\u00e9chage. Utilis\u00e9 sur les boucles s\u00e9ch\u00e9es \u00e0 l\u2019air, il les d\u00e9finit et les conditionne, am\u00e9liorant leur rebond. Les cheveux ont l\u2019air et se sentent somptueusement plus lisses et plus soyeux apr\u00e8s la premi\u00e8re utilisation.<\/p>\n<p class=\"p1\"><span class=\"s1\">Sans danger pour la couleur et b\u00e9n\u00e9fique pour tous les types de cheveux.<\/span><\/p>\n<p class=\"p1\"><b>Mode d\u2019emploi:<\/b><\/p>\n<p class=\"p1\"><span class=\"s1\">Utiliser au besoin sur cheveux propres \u2013 humides ou secs, de pr\u00e9f\u00e9rence apr\u00e8s REVOX B77 PLEX BOND CONDITIONER.<\/span><\/p>\n<ol>\n<li><span class=\"s1\">Appliquer une petite quantit\u00e9 sur les longueurs des cheveux en \u00e9vitant les racines.<\/span><\/li>\n<li><span class=\"s1\">Peignez et coiffez, ou laissez agir toute la nuit.<\/span><\/li>\n<li><span class=\"s1\">Poursuivez avec REVOX B77 PLEX BOND REPAIRING OIL pour une brillance incroyablement am\u00e9lior\u00e9e.<\/span><\/li>\n<\/ol>\n<p class=\"p1\"><strong>Ingr\u00e9dients :<\/strong>\u00a0Eau\/Aqua, Alcool c\u00e9t\u00e9arylique, Propyl\u00e8ne glycol, Coco-Caprylate\/Caprate, Chlorure de c\u00e9trimonium, Isodod\u00e9cane (et) Dim\u00e9thiconol, Huile de ricin\/Huile de graines de Ricinus Communis, Ceteareth-20, Alcohol Denat., Beurre de karit\u00e9\/Beurre de butyrospermum parkii, K\u00e9ratine hydrolys\u00e9e, Ph\u00e9noxy\u00e9thanol, Acides amin\u00e9s de collag\u00e8ne, Fragrance \/ Parfum, Octadecyl Di-t-butyl-4-hydroxyhydrocinnamate, Limonene, Benzyl Salicylate, Linalool, Hexyl Cinnamal.<\/p>\n<\/div>","protected":false},"excerpt":{"rendered":"<p>Highlights:REVOX B77 PLEX BOND SMOOTHING CR\u00c8MEest la 6\u00e8me \u00e9tape du syst\u00e8me avanc\u00e9 de reconstruction capillaire REVOX B77 PLEX.<\/p>","protected":false},"featured_media":27388,"comment_status":"open","ping_status":"closed","template":"","meta":[],"pwb-brand":[],"product_cat":[16],"product_tag":[],"class_list":{"0":"post-27387","1":"product","2":"type-product","3":"status-publish","4":"has-post-thumbnail","6":"product_cat-non-classe","7":"pa_brands-revox","9":"first","10":"instock","11":"sale","12":"shipping-taxable","13":"purchasable","14":"product-type-simple"},"yoast_head":"<!-- This site is optimized with the Yoast SEO plugin v27.5 - https:\/\/yoast.com\/product\/yoast-seo-wordpress\/ -->\n<title>Revox B77 Plex Bond Smothing Creme 260ml - paragaleriedetalborjt<\/title>\n<meta name=\"robots\" content=\"index, follow, max-snippet:-1, max-image-preview:large, max-video-preview:-1\" \/>\n<link rel=\"canonical\" href=\"https:\/\/paragaleriedetalborjt.com\/en\/boutique\/revox-b77-plex-bond-smothing-creme-260ml\/\" \/>\n<meta property=\"og:locale\" content=\"en_US\" \/>\n<meta property=\"og:type\" content=\"article\" \/>\n<meta property=\"og:title\" content=\"Revox B77 Plex Bond Smothing Creme 260ml - paragaleriedetalborjt\" \/>\n<meta property=\"og:description\" content=\"Highlights:REVOX B77 PLEX BOND SMOOTHING CR\u00c8MEest la 6\u00e8me \u00e9tape du syst\u00e8me avanc\u00e9 de reconstruction capillaire REVOX B77 PLEX.\" \/>\n<meta property=\"og:url\" content=\"https:\/\/paragaleriedetalborjt.com\/en\/boutique\/revox-b77-plex-bond-smothing-creme-260ml\/\" \/>\n<meta property=\"og:site_name\" content=\"paragaleriedetalborjt\" \/>\n<meta property=\"og:image\" content=\"https:\/\/paragaleriedetalborjt.com\/wp-content\/uploads\/2026\/01\/Revox-B77-Plex-Bond-Smothing-creme-260ml-1-600x600-1.png\" \/>\n\t<meta property=\"og:image:width\" content=\"600\" \/>\n\t<meta property=\"og:image:height\" content=\"600\" \/>\n\t<meta property=\"og:image:type\" content=\"image\/png\" \/>\n<meta name=\"twitter:card\" content=\"summary_large_image\" \/>\n<meta name=\"twitter:label1\" content=\"Est. reading time\" \/>\n\t<meta name=\"twitter:data1\" content=\"1 minute\" \/>\n<script type=\"application\/ld+json\" class=\"yoast-schema-graph\">{\"@context\":\"https:\\\/\\\/schema.org\",\"@graph\":[{\"@type\":\"WebPage\",\"@id\":\"https:\\\/\\\/paragaleriedetalborjt.com\\\/boutique\\\/revox-b77-plex-bond-smothing-creme-260ml\\\/\",\"url\":\"https:\\\/\\\/paragaleriedetalborjt.com\\\/boutique\\\/revox-b77-plex-bond-smothing-creme-260ml\\\/\",\"name\":\"Revox B77 Plex Bond Smothing Creme 260ml - paragaleriedetalborjt\",\"isPartOf\":{\"@id\":\"https:\\\/\\\/paragaleriedetalborjt.com\\\/#website\"},\"primaryImageOfPage\":{\"@id\":\"https:\\\/\\\/paragaleriedetalborjt.com\\\/boutique\\\/revox-b77-plex-bond-smothing-creme-260ml\\\/#primaryimage\"},\"image\":{\"@id\":\"https:\\\/\\\/paragaleriedetalborjt.com\\\/boutique\\\/revox-b77-plex-bond-smothing-creme-260ml\\\/#primaryimage\"},\"thumbnailUrl\":\"https:\\\/\\\/paragaleriedetalborjt.com\\\/wp-content\\\/uploads\\\/2026\\\/01\\\/Revox-B77-Plex-Bond-Smothing-creme-260ml-1-600x600-1.png\",\"datePublished\":\"2026-01-02T17:22:36+00:00\",\"breadcrumb\":{\"@id\":\"https:\\\/\\\/paragaleriedetalborjt.com\\\/boutique\\\/revox-b77-plex-bond-smothing-creme-260ml\\\/#breadcrumb\"},\"inLanguage\":\"en-US\",\"potentialAction\":[{\"@type\":\"ReadAction\",\"target\":[\"https:\\\/\\\/paragaleriedetalborjt.com\\\/boutique\\\/revox-b77-plex-bond-smothing-creme-260ml\\\/\"]}]},{\"@type\":\"ImageObject\",\"inLanguage\":\"en-US\",\"@id\":\"https:\\\/\\\/paragaleriedetalborjt.com\\\/boutique\\\/revox-b77-plex-bond-smothing-creme-260ml\\\/#primaryimage\",\"url\":\"https:\\\/\\\/paragaleriedetalborjt.com\\\/wp-content\\\/uploads\\\/2026\\\/01\\\/Revox-B77-Plex-Bond-Smothing-creme-260ml-1-600x600-1.png\",\"contentUrl\":\"https:\\\/\\\/paragaleriedetalborjt.com\\\/wp-content\\\/uploads\\\/2026\\\/01\\\/Revox-B77-Plex-Bond-Smothing-creme-260ml-1-600x600-1.png\",\"width\":600,\"height\":600},{\"@type\":\"BreadcrumbList\",\"@id\":\"https:\\\/\\\/paragaleriedetalborjt.com\\\/boutique\\\/revox-b77-plex-bond-smothing-creme-260ml\\\/#breadcrumb\",\"itemListElement\":[{\"@type\":\"ListItem\",\"position\":1,\"name\":\"Accueil\",\"item\":\"https:\\\/\\\/paragaleriedetalborjt.com\\\/\"},{\"@type\":\"ListItem\",\"position\":2,\"name\":\"Boutique\",\"item\":\"https:\\\/\\\/paragaleriedetalborjt.com\\\/boutique\\\/\"},{\"@type\":\"ListItem\",\"position\":3,\"name\":\"Revox B77 Plex Bond Smothing Creme 260ml\"}]},{\"@type\":\"WebSite\",\"@id\":\"https:\\\/\\\/paragaleriedetalborjt.com\\\/#website\",\"url\":\"https:\\\/\\\/paragaleriedetalborjt.com\\\/\",\"name\":\"paragaleriedetalborjt\",\"description\":\"\",\"potentialAction\":[{\"@type\":\"SearchAction\",\"target\":{\"@type\":\"EntryPoint\",\"urlTemplate\":\"https:\\\/\\\/paragaleriedetalborjt.com\\\/?s={search_term_string}\"},\"query-input\":{\"@type\":\"PropertyValueSpecification\",\"valueRequired\":true,\"valueName\":\"search_term_string\"}}],\"inLanguage\":\"en-US\"}]}<\/script>\n<!-- \/ Yoast SEO plugin. -->","yoast_head_json":{"title":"Revox B77 Plex Bond Smothing Creme 260ml - paragaleriedetalborjt","robots":{"index":"index","follow":"follow","max-snippet":"max-snippet:-1","max-image-preview":"max-image-preview:large","max-video-preview":"max-video-preview:-1"},"canonical":"https:\/\/paragaleriedetalborjt.com\/en\/boutique\/revox-b77-plex-bond-smothing-creme-260ml\/","og_locale":"en_US","og_type":"article","og_title":"Revox B77 Plex Bond Smothing Creme 260ml - paragaleriedetalborjt","og_description":"Highlights:REVOX B77 PLEX BOND SMOOTHING CR\u00c8MEest la 6\u00e8me \u00e9tape du syst\u00e8me avanc\u00e9 de reconstruction capillaire REVOX B77 PLEX.","og_url":"https:\/\/paragaleriedetalborjt.com\/en\/boutique\/revox-b77-plex-bond-smothing-creme-260ml\/","og_site_name":"paragaleriedetalborjt","og_image":[{"width":600,"height":600,"url":"https:\/\/paragaleriedetalborjt.com\/wp-content\/uploads\/2026\/01\/Revox-B77-Plex-Bond-Smothing-creme-260ml-1-600x600-1.png","type":"image\/png"}],"twitter_card":"summary_large_image","twitter_misc":{"Est. reading time":"1 minute"},"schema":{"@context":"https:\/\/schema.org","@graph":[{"@type":"WebPage","@id":"https:\/\/paragaleriedetalborjt.com\/boutique\/revox-b77-plex-bond-smothing-creme-260ml\/","url":"https:\/\/paragaleriedetalborjt.com\/boutique\/revox-b77-plex-bond-smothing-creme-260ml\/","name":"Revox B77 Plex Bond Smothing Creme 260ml - paragaleriedetalborjt","isPartOf":{"@id":"https:\/\/paragaleriedetalborjt.com\/#website"},"primaryImageOfPage":{"@id":"https:\/\/paragaleriedetalborjt.com\/boutique\/revox-b77-plex-bond-smothing-creme-260ml\/#primaryimage"},"image":{"@id":"https:\/\/paragaleriedetalborjt.com\/boutique\/revox-b77-plex-bond-smothing-creme-260ml\/#primaryimage"},"thumbnailUrl":"https:\/\/paragaleriedetalborjt.com\/wp-content\/uploads\/2026\/01\/Revox-B77-Plex-Bond-Smothing-creme-260ml-1-600x600-1.png","datePublished":"2026-01-02T17:22:36+00:00","breadcrumb":{"@id":"https:\/\/paragaleriedetalborjt.com\/boutique\/revox-b77-plex-bond-smothing-creme-260ml\/#breadcrumb"},"inLanguage":"en-US","potentialAction":[{"@type":"ReadAction","target":["https:\/\/paragaleriedetalborjt.com\/boutique\/revox-b77-plex-bond-smothing-creme-260ml\/"]}]},{"@type":"ImageObject","inLanguage":"en-US","@id":"https:\/\/paragaleriedetalborjt.com\/boutique\/revox-b77-plex-bond-smothing-creme-260ml\/#primaryimage","url":"https:\/\/paragaleriedetalborjt.com\/wp-content\/uploads\/2026\/01\/Revox-B77-Plex-Bond-Smothing-creme-260ml-1-600x600-1.png","contentUrl":"https:\/\/paragaleriedetalborjt.com\/wp-content\/uploads\/2026\/01\/Revox-B77-Plex-Bond-Smothing-creme-260ml-1-600x600-1.png","width":600,"height":600},{"@type":"BreadcrumbList","@id":"https:\/\/paragaleriedetalborjt.com\/boutique\/revox-b77-plex-bond-smothing-creme-260ml\/#breadcrumb","itemListElement":[{"@type":"ListItem","position":1,"name":"Accueil","item":"https:\/\/paragaleriedetalborjt.com\/"},{"@type":"ListItem","position":2,"name":"Boutique","item":"https:\/\/paragaleriedetalborjt.com\/boutique\/"},{"@type":"ListItem","position":3,"name":"Revox B77 Plex Bond Smothing Creme 260ml"}]},{"@type":"WebSite","@id":"https:\/\/paragaleriedetalborjt.com\/#website","url":"https:\/\/paragaleriedetalborjt.com\/","name":"paragaleriedetalborjt","description":"","potentialAction":[{"@type":"SearchAction","target":{"@type":"EntryPoint","urlTemplate":"https:\/\/paragaleriedetalborjt.com\/?s={search_term_string}"},"query-input":{"@type":"PropertyValueSpecification","valueRequired":true,"valueName":"search_term_string"}}],"inLanguage":"en-US"}]}},"brands":[],"_links":{"self":[{"href":"https:\/\/paragaleriedetalborjt.com\/en\/wp-json\/wp\/v2\/product\/27387","targetHints":{"allow":["GET"]}}],"collection":[{"href":"https:\/\/paragaleriedetalborjt.com\/en\/wp-json\/wp\/v2\/product"}],"about":[{"href":"https:\/\/paragaleriedetalborjt.com\/en\/wp-json\/wp\/v2\/types\/product"}],"replies":[{"embeddable":true,"href":"https:\/\/paragaleriedetalborjt.com\/en\/wp-json\/wp\/v2\/comments?post=27387"}],"version-history":[{"count":1,"href":"https:\/\/paragaleriedetalborjt.com\/en\/wp-json\/wp\/v2\/product\/27387\/revisions"}],"predecessor-version":[{"id":27389,"href":"https:\/\/paragaleriedetalborjt.com\/en\/wp-json\/wp\/v2\/product\/27387\/revisions\/27389"}],"wp:featuredmedia":[{"embeddable":true,"href":"https:\/\/paragaleriedetalborjt.com\/en\/wp-json\/wp\/v2\/media\/27388"}],"wp:attachment":[{"href":"https:\/\/paragaleriedetalborjt.com\/en\/wp-json\/wp\/v2\/media?parent=27387"}],"wp:term":[{"taxonomy":"pwb-brand","embeddable":true,"href":"https:\/\/paragaleriedetalborjt.com\/en\/wp-json\/wp\/v2\/pwb-brand?post=27387"},{"taxonomy":"product_cat","embeddable":true,"href":"https:\/\/paragaleriedetalborjt.com\/en\/wp-json\/wp\/v2\/product_cat?post=27387"},{"taxonomy":"product_tag","embeddable":true,"href":"https:\/\/paragaleriedetalborjt.com\/en\/wp-json\/wp\/v2\/product_tag?post=27387"}],"curies":[{"name":"wp","href":"https:\/\/api.w.org\/{rel}","templated":true}]}}