{"id":27342,"date":"2026-01-02T18:22:10","date_gmt":"2026-01-02T17:22:10","guid":{"rendered":"https:\/\/paragaleriedetalborjt.com\/?post_type=product&#038;p=27342"},"modified":"2026-01-02T18:22:10","modified_gmt":"2026-01-02T17:22:10","slug":"nutrilab-ashwagandha-90-gelules","status":"publish","type":"product","link":"https:\/\/paragaleriedetalborjt.com\/en\/boutique\/nutrilab-ashwagandha-90-gelules\/","title":{"rendered":"Nutrilab Ashwagandha 90 G\u00e9lules"},"content":{"rendered":"<div aria-labelledby=\"tab-title-description\" class=\"woocommerce-Tabs-panel woocommerce-Tabs-panel--description panel entry-content wc-tab\" id=\"tab-description\" role=\"tabpanel\" style=\"\">\n<h2>Description<\/h2>\n<p><strong>Nutrilab Ashwagandha 90 G\u00e9lules<\/strong><\/p>\n<div class=\"flex-1 overflow-hidden\">\n<div class=\"h-full\">\n<div class=\"react-scroll-to-bottom--css-kqcmh-79elbk h-full\">\n<div class=\"react-scroll-to-bottom--css-kqcmh-1n7m0yu\">\n<div class=\"flex flex-col text-sm md:pb-9\">\n<div class=\"w-full text-token-text-primary\" data-scroll-anchor=\"true\" data-testid=\"conversation-turn-5\" dir=\"auto\">\n<div class=\"py-2 juice:py-[18px] px-3 text-base md:px-4 m-auto md:px-5 lg:px-1 xl:px-5\">\n<div class=\"mx-auto flex flex-1 gap-3 text-base juice:gap-4 juice:md:gap-5 juice:lg:gap-6 md:max-w-3xl lg:max-w-[40rem] xl:max-w-[48rem]\">\n<div class=\"group\/conversation-turn relative flex w-full min-w-0 flex-col agent-turn\">\n<div class=\"flex-col gap-1 md:gap-3\">\n<div class=\"flex flex-grow flex-col max-w-full\">\n<div class=\"min-h-[20px] text-message flex flex-col items-start whitespace-pre-wrap break-words [.text-message+&amp;]:mt-5 juice:w-full juice:items-end overflow-x-auto gap-3\" data-message-author-role=\"assistant\" data-message-id=\"40a8ea60-4df9-4e30-aa51-ca324c2543c7\" dir=\"auto\">\n<div class=\"markdown prose w-full break-words dark:prose-invert light\">\n<p>L\u2019ashwagandha est une plante m\u00e9dicinale indienne tr\u00e8s puissante qui poss\u00e8de une composition nutritionnelle riche et diversifi\u00e9e. En effet, elle constitue une source importante de nutriments essentiels tels que les vitamines, les min\u00e9raux et les acides amin\u00e9s.<\/p>\n<p>NutriLab Ashwagandha est un compl\u00e9ment alimentaire \u00e0 base d\u2019ashwagandha biologique, offrant une large gamme de b\u00e9n\u00e9fices potentiels pour le corps humain. Il constitue ainsi une solution efficace pour lutter contre divers probl\u00e8mes de sant\u00e9, y compris le stress, l\u2019anxi\u00e9t\u00e9, la fatigue, les faiblesses sexuelles, l\u2019insomnie et les probl\u00e8mes cognitifs.<\/p>\n<p>Les bienfaits de NutriLab Ashwagandha :<\/p>\n<p>Syst\u00e8me nerveux :<\/p>\n<ul>\n<li>Favorise l\u2019endormissement<\/li>\n<li>Am\u00e9liore la qualit\u00e9 du sommeil<\/li>\n<li>Aide en cas d\u2019insomnie<\/li>\n<\/ul>\n<p>\u00c9nergie :<\/p>\n<ul>\n<li>Augmente l\u2019\u00e9nergie et le tonus<\/li>\n<li>R\u00e9tablit le bien-\u00eatre physique<\/li>\n<\/ul>\n<p>Fonction musculaire :<\/p>\n<ul>\n<li>Favorise la prise de masse musculaire<\/li>\n<li>Am\u00e9liore les performances sportives<\/li>\n<li>Favorise la r\u00e9sistance au stress physique<\/li>\n<\/ul>\n<p>Fonction psychologique :<\/p>\n<ul>\n<li>Aide \u00e0 r\u00e9duire l\u2019anxi\u00e9t\u00e9<\/li>\n<li>Augmente la r\u00e9sistance au stress mental<\/li>\n<li>Contribue au r\u00e9tablissement du bien-\u00eatre mental<\/li>\n<\/ul>\n<p>Fertilit\u00e9 :<\/p>\n<ul>\n<li>Normalise les niveaux hormonaux<\/li>\n<li>Aide \u00e0 stimuler le d\u00e9sir chez les hommes et les femmes<\/li>\n<\/ul>\n<p>Bien-\u00eatre g\u00e9n\u00e9ral :<\/p>\n<ul>\n<li>Aide l\u2019organisme \u00e0 g\u00e9rer le stress<\/li>\n<li>Propri\u00e9t\u00e9s anti-inflammatoires et antioxydantes<\/li>\n<li>Contribue \u00e0 l\u2019\u00e9quilibre \u00e9motionnel<\/li>\n<\/ul>\n<p>Mode d\u2019emploi :<\/p>\n<ul>\n<li>La bo\u00eete contient 90 capsules, avec une posologie de 700 mg d\u2019ashwagandha pour 2 capsules.<\/li>\n<li>Prendre 2 capsules par jour de pr\u00e9f\u00e9rence le matin avec un repas et le soir avec un verre d\u2019eau.<\/li>\n<li>D\u00e9conseill\u00e9 aux femmes enceintes et aux personnes souffrant d\u2019hyperthyro\u00efdie.<\/li>\n<\/ul>\n<\/div>\n<\/div>\n<\/div>\n<div class=\"mt-1 flex gap-3 empty:hidden juice:-ml-3\">\n<div class=\"-ml-1 mt-0 flex h-7 items-center justify-center gap-[2px] self-end text-gray-400 lg:justify-start lg:self-center visible\"><\/div>\n<\/div>\n<div class=\"pr-2 lg:pr-0\"><\/div>\n<div class=\"mt-3 w-full empty:hidden\">\n<div class=\"text-center\"><\/div>\n<\/div>\n<\/div>\n<div class=\"absolute\">\n<div class=\"flex items-center justify-center\"><\/div>\n<\/div>\n<\/div>\n<\/div>\n<\/div>\n<\/div>\n<\/div>\n<\/div>\n<\/div>\n<\/div>\n<\/div>\n<div class=\"w-full md:pt-0 dark:border-white\/20 md:border-transparent md:dark:border-transparent md:w-[calc(100%-.5rem)] juice:w-full\">\n<div class=\"px-3 text-base md:px-4 m-auto md:px-5 lg:px-1 xl:px-5\">\n<div class=\"mx-auto flex flex-1 gap-3 text-base juice:gap-4 juice:md:gap-5 juice:lg:gap-6 md:max-w-3xl lg:max-w-[40rem] xl:max-w-[48rem]\">\n<div class=\"relative flex h-full max-w-full flex-1 flex-col\">\n<div class=\"absolute bottom-full left-0 right-0 z-20\"><\/div>\n<div class=\"flex w-full items-center\">\n<div class=\"overflow-hidden [&amp;:has(textarea:focus)]:border-token-border-xheavy [&amp;:has(textarea:focus)]:shadow-[0_2px_6px_rgba(0,0,0,.05)] flex flex-col w-full flex-grow relative border dark:text-white rounded-2xl bg-token-main-surface-primary border-token-border-medium\"><\/div>\n<\/div>\n<\/div>\n<\/div>\n<\/div>\n<\/div>\n<\/div>\n","protected":false},"excerpt":{"rendered":"<p>Highlights:Nutrilab Ashwagandha 90 G\u00e9lulesNutriLab Ashwagandha est un compl\u00e9ment alimentaire \u00e0 base d\u2019ashwagandha biologique, riche en nutriments essentiels comme les vitamines, min\u00e9raux et acides amin\u00e9s. Il offre divers avantages pour la sant\u00e9, tels que la promotion du sommeil, l\u2019augmentation de l\u2019\u00e9nergie, la gestion du stress, et le soutien de la fonction musculaire et cognitive. Ce produit est recommand\u00e9 \u00e0 raison de 2 capsules par jour, de pr\u00e9f\u00e9rence prises avec un repas. Il est d\u00e9conseill\u00e9 aux femmes enceintes et aux personnes souffrant d\u2019hyperthyro\u00efdie<\/p>","protected":false},"featured_media":27343,"comment_status":"open","ping_status":"closed","template":"","meta":[],"pwb-brand":[],"product_cat":[16],"product_tag":[],"class_list":{"0":"post-27342","1":"product","2":"type-product","3":"status-publish","4":"has-post-thumbnail","6":"product_cat-non-classe","7":"pa_brands-nutrilab","9":"first","10":"instock","11":"sale","12":"shipping-taxable","13":"purchasable","14":"product-type-simple"},"yoast_head":"<!-- This site is optimized with the Yoast SEO plugin v26.9 - https:\/\/yoast.com\/product\/yoast-seo-wordpress\/ -->\n<title>Nutrilab Ashwagandha 90 G\u00e9lules - paragaleriedetalborjt<\/title>\n<meta name=\"robots\" content=\"index, follow, max-snippet:-1, max-image-preview:large, max-video-preview:-1\" \/>\n<link rel=\"canonical\" href=\"https:\/\/paragaleriedetalborjt.com\/en\/boutique\/nutrilab-ashwagandha-90-gelules\/\" \/>\n<meta property=\"og:locale\" content=\"en_US\" \/>\n<meta property=\"og:type\" content=\"article\" \/>\n<meta property=\"og:title\" content=\"Nutrilab Ashwagandha 90 G\u00e9lules - paragaleriedetalborjt\" \/>\n<meta property=\"og:description\" content=\"Highlights:Nutrilab Ashwagandha 90 G\u00e9lulesNutriLab Ashwagandha est un compl\u00e9ment alimentaire \u00e0 base d\u2019ashwagandha biologique, riche en nutriments essentiels comme les vitamines, min\u00e9raux et acides amin\u00e9s. Il offre divers avantages pour la sant\u00e9, tels que la promotion du sommeil, l\u2019augmentation de l\u2019\u00e9nergie, la gestion du stress, et le soutien de la fonction musculaire et cognitive. Ce produit est recommand\u00e9 \u00e0 raison de 2 capsules par jour, de pr\u00e9f\u00e9rence prises avec un repas. Il est d\u00e9conseill\u00e9 aux femmes enceintes et aux personnes souffrant d\u2019hyperthyro\u00efdie\" \/>\n<meta property=\"og:url\" content=\"https:\/\/paragaleriedetalborjt.com\/en\/boutique\/nutrilab-ashwagandha-90-gelules\/\" \/>\n<meta property=\"og:site_name\" content=\"paragaleriedetalborjt\" \/>\n<meta property=\"og:image\" content=\"https:\/\/paragaleriedetalborjt.com\/wp-content\/uploads\/2026\/01\/nutrilab-ashwagandha.png\" \/>\n\t<meta property=\"og:image:width\" content=\"595\" \/>\n\t<meta property=\"og:image:height\" content=\"655\" \/>\n\t<meta property=\"og:image:type\" content=\"image\/png\" \/>\n<meta name=\"twitter:card\" content=\"summary_large_image\" \/>\n<meta name=\"twitter:label1\" content=\"Est. reading time\" \/>\n\t<meta name=\"twitter:data1\" content=\"1 minute\" \/>\n<script type=\"application\/ld+json\" class=\"yoast-schema-graph\">{\"@context\":\"https:\/\/schema.org\",\"@graph\":[{\"@type\":\"WebPage\",\"@id\":\"https:\/\/paragaleriedetalborjt.com\/boutique\/nutrilab-ashwagandha-90-gelules\/\",\"url\":\"https:\/\/paragaleriedetalborjt.com\/boutique\/nutrilab-ashwagandha-90-gelules\/\",\"name\":\"Nutrilab Ashwagandha 90 G\u00e9lules - paragaleriedetalborjt\",\"isPartOf\":{\"@id\":\"https:\/\/paragaleriedetalborjt.com\/#website\"},\"primaryImageOfPage\":{\"@id\":\"https:\/\/paragaleriedetalborjt.com\/boutique\/nutrilab-ashwagandha-90-gelules\/#primaryimage\"},\"image\":{\"@id\":\"https:\/\/paragaleriedetalborjt.com\/boutique\/nutrilab-ashwagandha-90-gelules\/#primaryimage\"},\"thumbnailUrl\":\"https:\/\/paragaleriedetalborjt.com\/wp-content\/uploads\/2026\/01\/nutrilab-ashwagandha.png\",\"datePublished\":\"2026-01-02T17:22:10+00:00\",\"breadcrumb\":{\"@id\":\"https:\/\/paragaleriedetalborjt.com\/boutique\/nutrilab-ashwagandha-90-gelules\/#breadcrumb\"},\"inLanguage\":\"en-US\",\"potentialAction\":[{\"@type\":\"ReadAction\",\"target\":[\"https:\/\/paragaleriedetalborjt.com\/boutique\/nutrilab-ashwagandha-90-gelules\/\"]}]},{\"@type\":\"ImageObject\",\"inLanguage\":\"en-US\",\"@id\":\"https:\/\/paragaleriedetalborjt.com\/boutique\/nutrilab-ashwagandha-90-gelules\/#primaryimage\",\"url\":\"https:\/\/paragaleriedetalborjt.com\/wp-content\/uploads\/2026\/01\/nutrilab-ashwagandha.png\",\"contentUrl\":\"https:\/\/paragaleriedetalborjt.com\/wp-content\/uploads\/2026\/01\/nutrilab-ashwagandha.png\",\"width\":595,\"height\":655},{\"@type\":\"BreadcrumbList\",\"@id\":\"https:\/\/paragaleriedetalborjt.com\/boutique\/nutrilab-ashwagandha-90-gelules\/#breadcrumb\",\"itemListElement\":[{\"@type\":\"ListItem\",\"position\":1,\"name\":\"Accueil\",\"item\":\"https:\/\/paragaleriedetalborjt.com\/\"},{\"@type\":\"ListItem\",\"position\":2,\"name\":\"Boutique\",\"item\":\"https:\/\/paragaleriedetalborjt.com\/boutique\/\"},{\"@type\":\"ListItem\",\"position\":3,\"name\":\"Nutrilab Ashwagandha 90 G\u00e9lules\"}]},{\"@type\":\"WebSite\",\"@id\":\"https:\/\/paragaleriedetalborjt.com\/#website\",\"url\":\"https:\/\/paragaleriedetalborjt.com\/\",\"name\":\"paragaleriedetalborjt\",\"description\":\"\",\"potentialAction\":[{\"@type\":\"SearchAction\",\"target\":{\"@type\":\"EntryPoint\",\"urlTemplate\":\"https:\/\/paragaleriedetalborjt.com\/?s={search_term_string}\"},\"query-input\":{\"@type\":\"PropertyValueSpecification\",\"valueRequired\":true,\"valueName\":\"search_term_string\"}}],\"inLanguage\":\"en-US\"}]}<\/script>\n<!-- \/ Yoast SEO plugin. -->","yoast_head_json":{"title":"Nutrilab Ashwagandha 90 G\u00e9lules - paragaleriedetalborjt","robots":{"index":"index","follow":"follow","max-snippet":"max-snippet:-1","max-image-preview":"max-image-preview:large","max-video-preview":"max-video-preview:-1"},"canonical":"https:\/\/paragaleriedetalborjt.com\/en\/boutique\/nutrilab-ashwagandha-90-gelules\/","og_locale":"en_US","og_type":"article","og_title":"Nutrilab Ashwagandha 90 G\u00e9lules - paragaleriedetalborjt","og_description":"Highlights:Nutrilab Ashwagandha 90 G\u00e9lulesNutriLab Ashwagandha est un compl\u00e9ment alimentaire \u00e0 base d\u2019ashwagandha biologique, riche en nutriments essentiels comme les vitamines, min\u00e9raux et acides amin\u00e9s. Il offre divers avantages pour la sant\u00e9, tels que la promotion du sommeil, l\u2019augmentation de l\u2019\u00e9nergie, la gestion du stress, et le soutien de la fonction musculaire et cognitive. Ce produit est recommand\u00e9 \u00e0 raison de 2 capsules par jour, de pr\u00e9f\u00e9rence prises avec un repas. Il est d\u00e9conseill\u00e9 aux femmes enceintes et aux personnes souffrant d\u2019hyperthyro\u00efdie","og_url":"https:\/\/paragaleriedetalborjt.com\/en\/boutique\/nutrilab-ashwagandha-90-gelules\/","og_site_name":"paragaleriedetalborjt","og_image":[{"width":595,"height":655,"url":"https:\/\/paragaleriedetalborjt.com\/wp-content\/uploads\/2026\/01\/nutrilab-ashwagandha.png","type":"image\/png"}],"twitter_card":"summary_large_image","twitter_misc":{"Est. reading time":"1 minute"},"schema":{"@context":"https:\/\/schema.org","@graph":[{"@type":"WebPage","@id":"https:\/\/paragaleriedetalborjt.com\/boutique\/nutrilab-ashwagandha-90-gelules\/","url":"https:\/\/paragaleriedetalborjt.com\/boutique\/nutrilab-ashwagandha-90-gelules\/","name":"Nutrilab Ashwagandha 90 G\u00e9lules - paragaleriedetalborjt","isPartOf":{"@id":"https:\/\/paragaleriedetalborjt.com\/#website"},"primaryImageOfPage":{"@id":"https:\/\/paragaleriedetalborjt.com\/boutique\/nutrilab-ashwagandha-90-gelules\/#primaryimage"},"image":{"@id":"https:\/\/paragaleriedetalborjt.com\/boutique\/nutrilab-ashwagandha-90-gelules\/#primaryimage"},"thumbnailUrl":"https:\/\/paragaleriedetalborjt.com\/wp-content\/uploads\/2026\/01\/nutrilab-ashwagandha.png","datePublished":"2026-01-02T17:22:10+00:00","breadcrumb":{"@id":"https:\/\/paragaleriedetalborjt.com\/boutique\/nutrilab-ashwagandha-90-gelules\/#breadcrumb"},"inLanguage":"en-US","potentialAction":[{"@type":"ReadAction","target":["https:\/\/paragaleriedetalborjt.com\/boutique\/nutrilab-ashwagandha-90-gelules\/"]}]},{"@type":"ImageObject","inLanguage":"en-US","@id":"https:\/\/paragaleriedetalborjt.com\/boutique\/nutrilab-ashwagandha-90-gelules\/#primaryimage","url":"https:\/\/paragaleriedetalborjt.com\/wp-content\/uploads\/2026\/01\/nutrilab-ashwagandha.png","contentUrl":"https:\/\/paragaleriedetalborjt.com\/wp-content\/uploads\/2026\/01\/nutrilab-ashwagandha.png","width":595,"height":655},{"@type":"BreadcrumbList","@id":"https:\/\/paragaleriedetalborjt.com\/boutique\/nutrilab-ashwagandha-90-gelules\/#breadcrumb","itemListElement":[{"@type":"ListItem","position":1,"name":"Accueil","item":"https:\/\/paragaleriedetalborjt.com\/"},{"@type":"ListItem","position":2,"name":"Boutique","item":"https:\/\/paragaleriedetalborjt.com\/boutique\/"},{"@type":"ListItem","position":3,"name":"Nutrilab Ashwagandha 90 G\u00e9lules"}]},{"@type":"WebSite","@id":"https:\/\/paragaleriedetalborjt.com\/#website","url":"https:\/\/paragaleriedetalborjt.com\/","name":"paragaleriedetalborjt","description":"","potentialAction":[{"@type":"SearchAction","target":{"@type":"EntryPoint","urlTemplate":"https:\/\/paragaleriedetalborjt.com\/?s={search_term_string}"},"query-input":{"@type":"PropertyValueSpecification","valueRequired":true,"valueName":"search_term_string"}}],"inLanguage":"en-US"}]}},"brands":[],"_links":{"self":[{"href":"https:\/\/paragaleriedetalborjt.com\/en\/wp-json\/wp\/v2\/product\/27342","targetHints":{"allow":["GET"]}}],"collection":[{"href":"https:\/\/paragaleriedetalborjt.com\/en\/wp-json\/wp\/v2\/product"}],"about":[{"href":"https:\/\/paragaleriedetalborjt.com\/en\/wp-json\/wp\/v2\/types\/product"}],"replies":[{"embeddable":true,"href":"https:\/\/paragaleriedetalborjt.com\/en\/wp-json\/wp\/v2\/comments?post=27342"}],"version-history":[{"count":1,"href":"https:\/\/paragaleriedetalborjt.com\/en\/wp-json\/wp\/v2\/product\/27342\/revisions"}],"predecessor-version":[{"id":27344,"href":"https:\/\/paragaleriedetalborjt.com\/en\/wp-json\/wp\/v2\/product\/27342\/revisions\/27344"}],"wp:featuredmedia":[{"embeddable":true,"href":"https:\/\/paragaleriedetalborjt.com\/en\/wp-json\/wp\/v2\/media\/27343"}],"wp:attachment":[{"href":"https:\/\/paragaleriedetalborjt.com\/en\/wp-json\/wp\/v2\/media?parent=27342"}],"wp:term":[{"taxonomy":"pwb-brand","embeddable":true,"href":"https:\/\/paragaleriedetalborjt.com\/en\/wp-json\/wp\/v2\/pwb-brand?post=27342"},{"taxonomy":"product_cat","embeddable":true,"href":"https:\/\/paragaleriedetalborjt.com\/en\/wp-json\/wp\/v2\/product_cat?post=27342"},{"taxonomy":"product_tag","embeddable":true,"href":"https:\/\/paragaleriedetalborjt.com\/en\/wp-json\/wp\/v2\/product_tag?post=27342"}],"curies":[{"name":"wp","href":"https:\/\/api.w.org\/{rel}","templated":true}]}}