{"id":27069,"date":"2026-01-02T22:48:16","date_gmt":"2026-01-02T21:48:16","guid":{"rendered":"https:\/\/paragaleriedetalborjt.com\/?post_type=product&#038;p=27069"},"modified":"2026-01-02T22:48:16","modified_gmt":"2026-01-02T21:48:16","slug":"dermical-creme-cicatrisante-apaisante-50ml","status":"publish","type":"product","link":"https:\/\/paragaleriedetalborjt.com\/en\/boutique\/dermical-creme-cicatrisante-apaisante-50ml\/","title":{"rendered":"DERMICAL Cr\u00e8me Cicatrisante Apaisante 50ml"},"content":{"rendered":"<div aria-labelledby=\"tab-title-description\" class=\"woocommerce-Tabs-panel woocommerce-Tabs-panel--description panel entry-content wc-tab\" id=\"tab-description\" role=\"tabpanel\" style=\"\">\n<h2>Description<\/h2>\n<div>La\u00a0<em>cr\u00e8me cicatrisante apaisante DERMICAL\u00ae<\/em>\u00a0permet de soulager les irritations et rougeurs des adultes, enfants et nourrissons. Elle convient \u00e9galement aux peaux br\u00fbl\u00e9es et ab\u00eem\u00e9es et peut \u00eatre utilis\u00e9e aussi bien sur le corps que sur le visage.<\/div>\n<div>Ces effets lui sont conf\u00e9r\u00e9s gr\u00e2ce \u00e0 ses actifs naturels aux vertus cicatrisantes, anti-rougeurs, apaisantes, nourrissantes et r\u00e9g\u00e9n\u00e9rantes.<\/div>\n<div><\/div>\n<div>\n<p><strong>MODE D\u2019EMPLOI :<\/strong><br \/>\nQUAND UTILISER LA CR\u00c8ME CICATRISANTE DERMICAL\u00ae ?<br \/>\nLa cr\u00e8me cicatrisante DERMICAL\u00ae apaise imm\u00e9diatement:<\/p>\n<p>Rougeurs du si\u00e8ge du b\u00e9b\u00e9<br \/>\nIrritations cutan\u00e9es<br \/>\nBr\u00fblures<br \/>\nCicatrisation des boutons de varicelle<br \/>\nMamelon crevass\u00e9<br \/>\nFissures anales<br \/>\nCOMMENT UTILISER LA CR\u00c9ME CICATRISANTE DERMICAL\u00ae ?<br \/>\nApr\u00e8s nettoyage de la zone \u00e0 traiter, appliquer g\u00e9n\u00e9reusement la cr\u00e8me cicatrisante apaisante DERMICAL\u00ae. Renouveler l\u2019op\u00e9ration 2 \u00e0 3 fois par jour.<\/p>\n<p>QUELLES SONT LES CARACT\u00c9RISTIQUES DE LA CR\u00c8ME CICATRISANTE DERMICAL\u00ae ?<br \/>\nSans paraben<br \/>\nNon com\u00e9dog\u00e8ne<br \/>\n95,8% d\u2019ingr\u00e9dients naturels<br \/>\nElle convient \u00e0 toute la famille (nourrissons, enfants et adultes)<\/p>\n<\/div>\n<\/div>","protected":false},"excerpt":{"rendered":"<p>Highlights:La\u00a0cr\u00e8me cicatrisante apaisante DERMICAL\u00ae\u00a0permet de soulager les irritations et rougeurs des adultes, enfants et nourrissons.<\/p>","protected":false},"featured_media":32196,"comment_status":"open","ping_status":"closed","template":"","meta":[],"pwb-brand":[],"product_cat":[16],"product_tag":[],"class_list":{"0":"post-27069","1":"product","2":"type-product","3":"status-publish","4":"has-post-thumbnail","6":"product_cat-non-classe","7":"pa_brands-dermical","9":"first","10":"instock","11":"sale","12":"shipping-taxable","13":"purchasable","14":"product-type-simple"},"yoast_head":"<!-- This site is optimized with the Yoast SEO plugin v26.9 - https:\/\/yoast.com\/product\/yoast-seo-wordpress\/ -->\n<title>DERMICAL Cr\u00e8me Cicatrisante Apaisante 50ml - paragaleriedetalborjt<\/title>\n<meta name=\"robots\" content=\"index, follow, max-snippet:-1, max-image-preview:large, max-video-preview:-1\" \/>\n<link rel=\"canonical\" href=\"https:\/\/paragaleriedetalborjt.com\/en\/boutique\/dermical-creme-cicatrisante-apaisante-50ml\/\" \/>\n<meta property=\"og:locale\" content=\"en_US\" \/>\n<meta property=\"og:type\" content=\"article\" \/>\n<meta property=\"og:title\" content=\"DERMICAL Cr\u00e8me Cicatrisante Apaisante 50ml - paragaleriedetalborjt\" \/>\n<meta property=\"og:description\" content=\"Highlights:La\u00a0cr\u00e8me cicatrisante apaisante DERMICAL\u00ae\u00a0permet de soulager les irritations et rougeurs des adultes, enfants et nourrissons.\" \/>\n<meta property=\"og:url\" content=\"https:\/\/paragaleriedetalborjt.com\/en\/boutique\/dermical-creme-cicatrisante-apaisante-50ml\/\" \/>\n<meta property=\"og:site_name\" content=\"paragaleriedetalborjt\" \/>\n<meta property=\"og:image\" content=\"https:\/\/paragaleriedetalborjt.com\/wp-content\/uploads\/2026\/01\/dermical-creme-cicatrisante-50ml.png\" \/>\n\t<meta property=\"og:image:width\" content=\"595\" \/>\n\t<meta property=\"og:image:height\" content=\"655\" \/>\n\t<meta property=\"og:image:type\" content=\"image\/png\" \/>\n<meta name=\"twitter:card\" content=\"summary_large_image\" \/>\n<meta name=\"twitter:label1\" content=\"Est. reading time\" \/>\n\t<meta name=\"twitter:data1\" content=\"1 minute\" \/>\n<script type=\"application\/ld+json\" class=\"yoast-schema-graph\">{\"@context\":\"https:\/\/schema.org\",\"@graph\":[{\"@type\":\"WebPage\",\"@id\":\"https:\/\/paragaleriedetalborjt.com\/boutique\/dermical-creme-cicatrisante-apaisante-50ml\/\",\"url\":\"https:\/\/paragaleriedetalborjt.com\/boutique\/dermical-creme-cicatrisante-apaisante-50ml\/\",\"name\":\"DERMICAL Cr\u00e8me Cicatrisante Apaisante 50ml - paragaleriedetalborjt\",\"isPartOf\":{\"@id\":\"https:\/\/paragaleriedetalborjt.com\/#website\"},\"primaryImageOfPage\":{\"@id\":\"https:\/\/paragaleriedetalborjt.com\/boutique\/dermical-creme-cicatrisante-apaisante-50ml\/#primaryimage\"},\"image\":{\"@id\":\"https:\/\/paragaleriedetalborjt.com\/boutique\/dermical-creme-cicatrisante-apaisante-50ml\/#primaryimage\"},\"thumbnailUrl\":\"https:\/\/paragaleriedetalborjt.com\/wp-content\/uploads\/2026\/01\/dermical-creme-cicatrisante-50ml.png\",\"datePublished\":\"2026-01-02T21:48:16+00:00\",\"breadcrumb\":{\"@id\":\"https:\/\/paragaleriedetalborjt.com\/boutique\/dermical-creme-cicatrisante-apaisante-50ml\/#breadcrumb\"},\"inLanguage\":\"en-US\",\"potentialAction\":[{\"@type\":\"ReadAction\",\"target\":[\"https:\/\/paragaleriedetalborjt.com\/boutique\/dermical-creme-cicatrisante-apaisante-50ml\/\"]}]},{\"@type\":\"ImageObject\",\"inLanguage\":\"en-US\",\"@id\":\"https:\/\/paragaleriedetalborjt.com\/boutique\/dermical-creme-cicatrisante-apaisante-50ml\/#primaryimage\",\"url\":\"https:\/\/paragaleriedetalborjt.com\/wp-content\/uploads\/2026\/01\/dermical-creme-cicatrisante-50ml.png\",\"contentUrl\":\"https:\/\/paragaleriedetalborjt.com\/wp-content\/uploads\/2026\/01\/dermical-creme-cicatrisante-50ml.png\",\"width\":595,\"height\":655},{\"@type\":\"BreadcrumbList\",\"@id\":\"https:\/\/paragaleriedetalborjt.com\/boutique\/dermical-creme-cicatrisante-apaisante-50ml\/#breadcrumb\",\"itemListElement\":[{\"@type\":\"ListItem\",\"position\":1,\"name\":\"Accueil\",\"item\":\"https:\/\/paragaleriedetalborjt.com\/\"},{\"@type\":\"ListItem\",\"position\":2,\"name\":\"Boutique\",\"item\":\"https:\/\/paragaleriedetalborjt.com\/boutique\/\"},{\"@type\":\"ListItem\",\"position\":3,\"name\":\"DERMICAL Cr\u00e8me Cicatrisante Apaisante 50ml\"}]},{\"@type\":\"WebSite\",\"@id\":\"https:\/\/paragaleriedetalborjt.com\/#website\",\"url\":\"https:\/\/paragaleriedetalborjt.com\/\",\"name\":\"paragaleriedetalborjt\",\"description\":\"\",\"potentialAction\":[{\"@type\":\"SearchAction\",\"target\":{\"@type\":\"EntryPoint\",\"urlTemplate\":\"https:\/\/paragaleriedetalborjt.com\/?s={search_term_string}\"},\"query-input\":{\"@type\":\"PropertyValueSpecification\",\"valueRequired\":true,\"valueName\":\"search_term_string\"}}],\"inLanguage\":\"en-US\"}]}<\/script>\n<!-- \/ Yoast SEO plugin. -->","yoast_head_json":{"title":"DERMICAL Cr\u00e8me Cicatrisante Apaisante 50ml - paragaleriedetalborjt","robots":{"index":"index","follow":"follow","max-snippet":"max-snippet:-1","max-image-preview":"max-image-preview:large","max-video-preview":"max-video-preview:-1"},"canonical":"https:\/\/paragaleriedetalborjt.com\/en\/boutique\/dermical-creme-cicatrisante-apaisante-50ml\/","og_locale":"en_US","og_type":"article","og_title":"DERMICAL Cr\u00e8me Cicatrisante Apaisante 50ml - paragaleriedetalborjt","og_description":"Highlights:La\u00a0cr\u00e8me cicatrisante apaisante DERMICAL\u00ae\u00a0permet de soulager les irritations et rougeurs des adultes, enfants et nourrissons.","og_url":"https:\/\/paragaleriedetalborjt.com\/en\/boutique\/dermical-creme-cicatrisante-apaisante-50ml\/","og_site_name":"paragaleriedetalborjt","og_image":[{"width":595,"height":655,"url":"https:\/\/paragaleriedetalborjt.com\/wp-content\/uploads\/2026\/01\/dermical-creme-cicatrisante-50ml.png","type":"image\/png"}],"twitter_card":"summary_large_image","twitter_misc":{"Est. reading time":"1 minute"},"schema":{"@context":"https:\/\/schema.org","@graph":[{"@type":"WebPage","@id":"https:\/\/paragaleriedetalborjt.com\/boutique\/dermical-creme-cicatrisante-apaisante-50ml\/","url":"https:\/\/paragaleriedetalborjt.com\/boutique\/dermical-creme-cicatrisante-apaisante-50ml\/","name":"DERMICAL Cr\u00e8me Cicatrisante Apaisante 50ml - paragaleriedetalborjt","isPartOf":{"@id":"https:\/\/paragaleriedetalborjt.com\/#website"},"primaryImageOfPage":{"@id":"https:\/\/paragaleriedetalborjt.com\/boutique\/dermical-creme-cicatrisante-apaisante-50ml\/#primaryimage"},"image":{"@id":"https:\/\/paragaleriedetalborjt.com\/boutique\/dermical-creme-cicatrisante-apaisante-50ml\/#primaryimage"},"thumbnailUrl":"https:\/\/paragaleriedetalborjt.com\/wp-content\/uploads\/2026\/01\/dermical-creme-cicatrisante-50ml.png","datePublished":"2026-01-02T21:48:16+00:00","breadcrumb":{"@id":"https:\/\/paragaleriedetalborjt.com\/boutique\/dermical-creme-cicatrisante-apaisante-50ml\/#breadcrumb"},"inLanguage":"en-US","potentialAction":[{"@type":"ReadAction","target":["https:\/\/paragaleriedetalborjt.com\/boutique\/dermical-creme-cicatrisante-apaisante-50ml\/"]}]},{"@type":"ImageObject","inLanguage":"en-US","@id":"https:\/\/paragaleriedetalborjt.com\/boutique\/dermical-creme-cicatrisante-apaisante-50ml\/#primaryimage","url":"https:\/\/paragaleriedetalborjt.com\/wp-content\/uploads\/2026\/01\/dermical-creme-cicatrisante-50ml.png","contentUrl":"https:\/\/paragaleriedetalborjt.com\/wp-content\/uploads\/2026\/01\/dermical-creme-cicatrisante-50ml.png","width":595,"height":655},{"@type":"BreadcrumbList","@id":"https:\/\/paragaleriedetalborjt.com\/boutique\/dermical-creme-cicatrisante-apaisante-50ml\/#breadcrumb","itemListElement":[{"@type":"ListItem","position":1,"name":"Accueil","item":"https:\/\/paragaleriedetalborjt.com\/"},{"@type":"ListItem","position":2,"name":"Boutique","item":"https:\/\/paragaleriedetalborjt.com\/boutique\/"},{"@type":"ListItem","position":3,"name":"DERMICAL Cr\u00e8me Cicatrisante Apaisante 50ml"}]},{"@type":"WebSite","@id":"https:\/\/paragaleriedetalborjt.com\/#website","url":"https:\/\/paragaleriedetalborjt.com\/","name":"paragaleriedetalborjt","description":"","potentialAction":[{"@type":"SearchAction","target":{"@type":"EntryPoint","urlTemplate":"https:\/\/paragaleriedetalborjt.com\/?s={search_term_string}"},"query-input":{"@type":"PropertyValueSpecification","valueRequired":true,"valueName":"search_term_string"}}],"inLanguage":"en-US"}]}},"brands":[],"_links":{"self":[{"href":"https:\/\/paragaleriedetalborjt.com\/en\/wp-json\/wp\/v2\/product\/27069","targetHints":{"allow":["GET"]}}],"collection":[{"href":"https:\/\/paragaleriedetalborjt.com\/en\/wp-json\/wp\/v2\/product"}],"about":[{"href":"https:\/\/paragaleriedetalborjt.com\/en\/wp-json\/wp\/v2\/types\/product"}],"replies":[{"embeddable":true,"href":"https:\/\/paragaleriedetalborjt.com\/en\/wp-json\/wp\/v2\/comments?post=27069"}],"version-history":[{"count":1,"href":"https:\/\/paragaleriedetalborjt.com\/en\/wp-json\/wp\/v2\/product\/27069\/revisions"}],"predecessor-version":[{"id":32197,"href":"https:\/\/paragaleriedetalborjt.com\/en\/wp-json\/wp\/v2\/product\/27069\/revisions\/32197"}],"wp:featuredmedia":[{"embeddable":true,"href":"https:\/\/paragaleriedetalborjt.com\/en\/wp-json\/wp\/v2\/media\/32196"}],"wp:attachment":[{"href":"https:\/\/paragaleriedetalborjt.com\/en\/wp-json\/wp\/v2\/media?parent=27069"}],"wp:term":[{"taxonomy":"pwb-brand","embeddable":true,"href":"https:\/\/paragaleriedetalborjt.com\/en\/wp-json\/wp\/v2\/pwb-brand?post=27069"},{"taxonomy":"product_cat","embeddable":true,"href":"https:\/\/paragaleriedetalborjt.com\/en\/wp-json\/wp\/v2\/product_cat?post=27069"},{"taxonomy":"product_tag","embeddable":true,"href":"https:\/\/paragaleriedetalborjt.com\/en\/wp-json\/wp\/v2\/product_tag?post=27069"}],"curies":[{"name":"wp","href":"https:\/\/api.w.org\/{rel}","templated":true}]}}