{"id":27067,"date":"2026-01-02T22:48:11","date_gmt":"2026-01-02T21:48:11","guid":{"rendered":"https:\/\/paragaleriedetalborjt.com\/?post_type=product&#038;p=27067"},"modified":"2026-01-02T22:48:11","modified_gmt":"2026-01-02T21:48:11","slug":"dermical-creme-solaire-spf50","status":"publish","type":"product","link":"https:\/\/paragaleriedetalborjt.com\/en\/boutique\/dermical-creme-solaire-spf50\/","title":{"rendered":"DERMICAL Cr\u00e8me Solaire Spf50+"},"content":{"rendered":"<div aria-labelledby=\"tab-title-description\" class=\"woocommerce-Tabs-panel woocommerce-Tabs-panel--description panel entry-content wc-tab\" id=\"tab-description\" role=\"tabpanel\" style=\"\">\n<h2>Description<\/h2>\n<div>La\u00a0cr\u00e8me solaire DERMICAL\u00ae\u00a0tr\u00e8s haute protection 50+ convient \u00e0 tous les types de peaux. Elle assure une protection optimale gr\u00e2ce \u00e0 ses filtres photoprotecteurs anti UVB\/UVA.<\/div>\n<div>Elle permet \u00e9galement d\u2019hydrater la peau sans laisser de voile gras gr\u00e2ce \u00e0 l\u2019huile d\u2019amande douce aux vertus nourrissantes ainsi qu\u2019\u00e0 la cire d\u2019abeille aux propri\u00e9t\u00e9s hydratantes et protectrices.<\/div>\n<div><\/div>\n<div>\n<p><strong>COMMENT UTILISER LA CR\u00c8ME SOLAIRE DERMICAL\u00ae ?<\/strong><br \/>\nIl est conseill\u00e9 d\u2019appliquer la cr\u00e8me solaire DERMICAL\u00ae g\u00e9n\u00e9reusement et uniform\u00e9ment environ une demi-heure avant toute exposition au soleil. Renouveler l\u2019op\u00e9ration toutes les deux heures.<\/p>\n<p><strong>QUELLES SONT LES CARACT\u00c9RISTIQUES DE LA CR\u00c8ME SOLAIRE DERMICAL\u00ae?<\/strong><br \/>\nSans paraben<br \/>\nR\u00e9siste \u00e0 l\u2019eau<br \/>\nNe colle pas<br \/>\nInvisible<br \/>\nHydrate sans laisser de voile gras<br \/>\n90,5% d\u2019ingr\u00e9dients naturels<br \/>\n\u00c0 partir de 14 ans<\/p>\n<p><strong>POURQUOI APPLIQUER LA CR\u00c8ME SOLAIRE DERMICAL\u00ae<\/strong><br \/>\nUne protection solaire quotidienne est essentielle afin de pr\u00e9venir:<\/p>\n<p>L\u2019hyperpigmentation (les taches brunes)<br \/>\nLes coups de soleil<br \/>\nLe vieillissement cutan\u00e9<br \/>\nLe dess\u00e8chement de la peau<br \/>\nLe cancer de la peau<\/p>\n<\/div>\n<\/div>","protected":false},"excerpt":{"rendered":"<p>Highlights:La\u00a0cr\u00e8me solaire DERMICAL\u00ae\u00a0tr\u00e8s haute protection 50+ convient \u00e0 tous les types de peaux. Elle assure une protection optimale gr\u00e2ce \u00e0 ses filtres photoprotecteurs anti UVB\/UVA.<\/p>","protected":false},"featured_media":32194,"comment_status":"open","ping_status":"closed","template":"","meta":[],"pwb-brand":[],"product_cat":[16],"product_tag":[],"class_list":{"0":"post-27067","1":"product","2":"type-product","3":"status-publish","4":"has-post-thumbnail","6":"product_cat-non-classe","7":"pa_brands-dermical","9":"first","10":"instock","11":"sale","12":"shipping-taxable","13":"purchasable","14":"product-type-simple"},"yoast_head":"<!-- This site is optimized with the Yoast SEO plugin v26.9 - https:\/\/yoast.com\/product\/yoast-seo-wordpress\/ -->\n<title>DERMICAL Cr\u00e8me Solaire Spf50+ - paragaleriedetalborjt<\/title>\n<meta name=\"robots\" content=\"index, follow, max-snippet:-1, max-image-preview:large, max-video-preview:-1\" \/>\n<link rel=\"canonical\" href=\"https:\/\/paragaleriedetalborjt.com\/en\/boutique\/dermical-creme-solaire-spf50\/\" \/>\n<meta property=\"og:locale\" content=\"en_US\" \/>\n<meta property=\"og:type\" content=\"article\" \/>\n<meta property=\"og:title\" content=\"DERMICAL Cr\u00e8me Solaire Spf50+ - paragaleriedetalborjt\" \/>\n<meta property=\"og:description\" content=\"Highlights:La\u00a0cr\u00e8me solaire DERMICAL\u00ae\u00a0tr\u00e8s haute protection 50+ convient \u00e0 tous les types de peaux. Elle assure une protection optimale gr\u00e2ce \u00e0 ses filtres photoprotecteurs anti UVB\/UVA.\" \/>\n<meta property=\"og:url\" content=\"https:\/\/paragaleriedetalborjt.com\/en\/boutique\/dermical-creme-solaire-spf50\/\" \/>\n<meta property=\"og:site_name\" content=\"paragaleriedetalborjt\" \/>\n<meta property=\"og:image\" content=\"https:\/\/paragaleriedetalborjt.com\/wp-content\/uploads\/2026\/01\/dermical-solaire-spf50.png\" \/>\n\t<meta property=\"og:image:width\" content=\"595\" \/>\n\t<meta property=\"og:image:height\" content=\"655\" \/>\n\t<meta property=\"og:image:type\" content=\"image\/png\" \/>\n<meta name=\"twitter:card\" content=\"summary_large_image\" \/>\n<meta name=\"twitter:label1\" content=\"Est. reading time\" \/>\n\t<meta name=\"twitter:data1\" content=\"1 minute\" \/>\n<script type=\"application\/ld+json\" class=\"yoast-schema-graph\">{\"@context\":\"https:\/\/schema.org\",\"@graph\":[{\"@type\":\"WebPage\",\"@id\":\"https:\/\/paragaleriedetalborjt.com\/boutique\/dermical-creme-solaire-spf50\/\",\"url\":\"https:\/\/paragaleriedetalborjt.com\/boutique\/dermical-creme-solaire-spf50\/\",\"name\":\"DERMICAL Cr\u00e8me Solaire Spf50+ - paragaleriedetalborjt\",\"isPartOf\":{\"@id\":\"https:\/\/paragaleriedetalborjt.com\/#website\"},\"primaryImageOfPage\":{\"@id\":\"https:\/\/paragaleriedetalborjt.com\/boutique\/dermical-creme-solaire-spf50\/#primaryimage\"},\"image\":{\"@id\":\"https:\/\/paragaleriedetalborjt.com\/boutique\/dermical-creme-solaire-spf50\/#primaryimage\"},\"thumbnailUrl\":\"https:\/\/paragaleriedetalborjt.com\/wp-content\/uploads\/2026\/01\/dermical-solaire-spf50.png\",\"datePublished\":\"2026-01-02T21:48:11+00:00\",\"breadcrumb\":{\"@id\":\"https:\/\/paragaleriedetalborjt.com\/boutique\/dermical-creme-solaire-spf50\/#breadcrumb\"},\"inLanguage\":\"en-US\",\"potentialAction\":[{\"@type\":\"ReadAction\",\"target\":[\"https:\/\/paragaleriedetalborjt.com\/boutique\/dermical-creme-solaire-spf50\/\"]}]},{\"@type\":\"ImageObject\",\"inLanguage\":\"en-US\",\"@id\":\"https:\/\/paragaleriedetalborjt.com\/boutique\/dermical-creme-solaire-spf50\/#primaryimage\",\"url\":\"https:\/\/paragaleriedetalborjt.com\/wp-content\/uploads\/2026\/01\/dermical-solaire-spf50.png\",\"contentUrl\":\"https:\/\/paragaleriedetalborjt.com\/wp-content\/uploads\/2026\/01\/dermical-solaire-spf50.png\",\"width\":595,\"height\":655},{\"@type\":\"BreadcrumbList\",\"@id\":\"https:\/\/paragaleriedetalborjt.com\/boutique\/dermical-creme-solaire-spf50\/#breadcrumb\",\"itemListElement\":[{\"@type\":\"ListItem\",\"position\":1,\"name\":\"Accueil\",\"item\":\"https:\/\/paragaleriedetalborjt.com\/\"},{\"@type\":\"ListItem\",\"position\":2,\"name\":\"Boutique\",\"item\":\"https:\/\/paragaleriedetalborjt.com\/boutique\/\"},{\"@type\":\"ListItem\",\"position\":3,\"name\":\"DERMICAL Cr\u00e8me Solaire Spf50+\"}]},{\"@type\":\"WebSite\",\"@id\":\"https:\/\/paragaleriedetalborjt.com\/#website\",\"url\":\"https:\/\/paragaleriedetalborjt.com\/\",\"name\":\"paragaleriedetalborjt\",\"description\":\"\",\"potentialAction\":[{\"@type\":\"SearchAction\",\"target\":{\"@type\":\"EntryPoint\",\"urlTemplate\":\"https:\/\/paragaleriedetalborjt.com\/?s={search_term_string}\"},\"query-input\":{\"@type\":\"PropertyValueSpecification\",\"valueRequired\":true,\"valueName\":\"search_term_string\"}}],\"inLanguage\":\"en-US\"}]}<\/script>\n<!-- \/ Yoast SEO plugin. -->","yoast_head_json":{"title":"DERMICAL Cr\u00e8me Solaire Spf50+ - paragaleriedetalborjt","robots":{"index":"index","follow":"follow","max-snippet":"max-snippet:-1","max-image-preview":"max-image-preview:large","max-video-preview":"max-video-preview:-1"},"canonical":"https:\/\/paragaleriedetalborjt.com\/en\/boutique\/dermical-creme-solaire-spf50\/","og_locale":"en_US","og_type":"article","og_title":"DERMICAL Cr\u00e8me Solaire Spf50+ - paragaleriedetalborjt","og_description":"Highlights:La\u00a0cr\u00e8me solaire DERMICAL\u00ae\u00a0tr\u00e8s haute protection 50+ convient \u00e0 tous les types de peaux. Elle assure une protection optimale gr\u00e2ce \u00e0 ses filtres photoprotecteurs anti UVB\/UVA.","og_url":"https:\/\/paragaleriedetalborjt.com\/en\/boutique\/dermical-creme-solaire-spf50\/","og_site_name":"paragaleriedetalborjt","og_image":[{"width":595,"height":655,"url":"https:\/\/paragaleriedetalborjt.com\/wp-content\/uploads\/2026\/01\/dermical-solaire-spf50.png","type":"image\/png"}],"twitter_card":"summary_large_image","twitter_misc":{"Est. reading time":"1 minute"},"schema":{"@context":"https:\/\/schema.org","@graph":[{"@type":"WebPage","@id":"https:\/\/paragaleriedetalborjt.com\/boutique\/dermical-creme-solaire-spf50\/","url":"https:\/\/paragaleriedetalborjt.com\/boutique\/dermical-creme-solaire-spf50\/","name":"DERMICAL Cr\u00e8me Solaire Spf50+ - paragaleriedetalborjt","isPartOf":{"@id":"https:\/\/paragaleriedetalborjt.com\/#website"},"primaryImageOfPage":{"@id":"https:\/\/paragaleriedetalborjt.com\/boutique\/dermical-creme-solaire-spf50\/#primaryimage"},"image":{"@id":"https:\/\/paragaleriedetalborjt.com\/boutique\/dermical-creme-solaire-spf50\/#primaryimage"},"thumbnailUrl":"https:\/\/paragaleriedetalborjt.com\/wp-content\/uploads\/2026\/01\/dermical-solaire-spf50.png","datePublished":"2026-01-02T21:48:11+00:00","breadcrumb":{"@id":"https:\/\/paragaleriedetalborjt.com\/boutique\/dermical-creme-solaire-spf50\/#breadcrumb"},"inLanguage":"en-US","potentialAction":[{"@type":"ReadAction","target":["https:\/\/paragaleriedetalborjt.com\/boutique\/dermical-creme-solaire-spf50\/"]}]},{"@type":"ImageObject","inLanguage":"en-US","@id":"https:\/\/paragaleriedetalborjt.com\/boutique\/dermical-creme-solaire-spf50\/#primaryimage","url":"https:\/\/paragaleriedetalborjt.com\/wp-content\/uploads\/2026\/01\/dermical-solaire-spf50.png","contentUrl":"https:\/\/paragaleriedetalborjt.com\/wp-content\/uploads\/2026\/01\/dermical-solaire-spf50.png","width":595,"height":655},{"@type":"BreadcrumbList","@id":"https:\/\/paragaleriedetalborjt.com\/boutique\/dermical-creme-solaire-spf50\/#breadcrumb","itemListElement":[{"@type":"ListItem","position":1,"name":"Accueil","item":"https:\/\/paragaleriedetalborjt.com\/"},{"@type":"ListItem","position":2,"name":"Boutique","item":"https:\/\/paragaleriedetalborjt.com\/boutique\/"},{"@type":"ListItem","position":3,"name":"DERMICAL Cr\u00e8me Solaire Spf50+"}]},{"@type":"WebSite","@id":"https:\/\/paragaleriedetalborjt.com\/#website","url":"https:\/\/paragaleriedetalborjt.com\/","name":"paragaleriedetalborjt","description":"","potentialAction":[{"@type":"SearchAction","target":{"@type":"EntryPoint","urlTemplate":"https:\/\/paragaleriedetalborjt.com\/?s={search_term_string}"},"query-input":{"@type":"PropertyValueSpecification","valueRequired":true,"valueName":"search_term_string"}}],"inLanguage":"en-US"}]}},"brands":[],"_links":{"self":[{"href":"https:\/\/paragaleriedetalborjt.com\/en\/wp-json\/wp\/v2\/product\/27067","targetHints":{"allow":["GET"]}}],"collection":[{"href":"https:\/\/paragaleriedetalborjt.com\/en\/wp-json\/wp\/v2\/product"}],"about":[{"href":"https:\/\/paragaleriedetalborjt.com\/en\/wp-json\/wp\/v2\/types\/product"}],"replies":[{"embeddable":true,"href":"https:\/\/paragaleriedetalborjt.com\/en\/wp-json\/wp\/v2\/comments?post=27067"}],"version-history":[{"count":1,"href":"https:\/\/paragaleriedetalborjt.com\/en\/wp-json\/wp\/v2\/product\/27067\/revisions"}],"predecessor-version":[{"id":32195,"href":"https:\/\/paragaleriedetalborjt.com\/en\/wp-json\/wp\/v2\/product\/27067\/revisions\/32195"}],"wp:featuredmedia":[{"embeddable":true,"href":"https:\/\/paragaleriedetalborjt.com\/en\/wp-json\/wp\/v2\/media\/32194"}],"wp:attachment":[{"href":"https:\/\/paragaleriedetalborjt.com\/en\/wp-json\/wp\/v2\/media?parent=27067"}],"wp:term":[{"taxonomy":"pwb-brand","embeddable":true,"href":"https:\/\/paragaleriedetalborjt.com\/en\/wp-json\/wp\/v2\/pwb-brand?post=27067"},{"taxonomy":"product_cat","embeddable":true,"href":"https:\/\/paragaleriedetalborjt.com\/en\/wp-json\/wp\/v2\/product_cat?post=27067"},{"taxonomy":"product_tag","embeddable":true,"href":"https:\/\/paragaleriedetalborjt.com\/en\/wp-json\/wp\/v2\/product_tag?post=27067"}],"curies":[{"name":"wp","href":"https:\/\/api.w.org\/{rel}","templated":true}]}}