{"id":27051,"date":"2026-01-02T22:47:34","date_gmt":"2026-01-02T21:47:34","guid":{"rendered":"https:\/\/paragaleriedetalborjt.com\/?post_type=product&#038;p=27051"},"modified":"2026-01-02T22:47:34","modified_gmt":"2026-01-02T21:47:34","slug":"dermoz-mousse-nettoyante-anti-rougeurs-ar-150ml","status":"publish","type":"product","link":"https:\/\/paragaleriedetalborjt.com\/en\/boutique\/dermoz-mousse-nettoyante-anti-rougeurs-ar-150ml\/","title":{"rendered":"DERMOZ  Mousse Nettoyante Anti-rougeurs AR 150ml"},"content":{"rendered":"<div aria-labelledby=\"tab-title-description\" class=\"woocommerce-Tabs-panel woocommerce-Tabs-panel--description panel entry-content wc-tab\" id=\"tab-description\" role=\"tabpanel\" style=\"\">\n<h2>Description<\/h2>\n<p>Pour toutes les filles qui en ont marre des nettoyants agressifs. Pour celles de tout \u00e2ge, qui ont la peau sensible, ou qui veulent \u00e9courter le rituel du d\u00e9maquillage, souvent trop long.<br \/>\nDERMOZ recommande la mousse nettoyante anti-rougeurs pour la toilette du visage en cas de peau sensible et intol\u00e9rante.<br \/>\nSon flacon mousseur transforme la solution cristalline en une mousse qui \u00e9limine les impuret\u00e9s tout en respectant l\u2019\u00e9quilibre de la peau et en neutralisant l\u2019action dess\u00e9chante du calcaire pr\u00e9sent dans l\u2019eau, pour une peau fra\u00eeche et douce.<\/p>\n<\/div>","protected":false},"excerpt":{"rendered":"<p>Highlights:Nettoie \u2013 D\u00e9maquille\u00a0extrait de th\u00e9 vert<\/p>","protected":false},"featured_media":32178,"comment_status":"open","ping_status":"closed","template":"","meta":[],"pwb-brand":[],"product_cat":[16],"product_tag":[],"class_list":{"0":"post-27051","1":"product","2":"type-product","3":"status-publish","4":"has-post-thumbnail","6":"product_cat-non-classe","7":"pa_brands-dermoz","9":"first","10":"instock","11":"sale","12":"shipping-taxable","13":"purchasable","14":"product-type-simple"},"yoast_head":"<!-- This site is optimized with the Yoast SEO plugin v26.9 - https:\/\/yoast.com\/product\/yoast-seo-wordpress\/ -->\n<title>DERMOZ Mousse Nettoyante Anti-rougeurs AR 150ml - paragaleriedetalborjt<\/title>\n<meta name=\"robots\" content=\"index, follow, max-snippet:-1, max-image-preview:large, max-video-preview:-1\" \/>\n<link rel=\"canonical\" href=\"https:\/\/paragaleriedetalborjt.com\/en\/boutique\/dermoz-mousse-nettoyante-anti-rougeurs-ar-150ml\/\" \/>\n<meta property=\"og:locale\" content=\"en_US\" \/>\n<meta property=\"og:type\" content=\"article\" \/>\n<meta property=\"og:title\" content=\"DERMOZ Mousse Nettoyante Anti-rougeurs AR 150ml - paragaleriedetalborjt\" \/>\n<meta property=\"og:description\" content=\"Highlights:Nettoie \u2013 D\u00e9maquille\u00a0extrait de th\u00e9 vert\" \/>\n<meta property=\"og:url\" content=\"https:\/\/paragaleriedetalborjt.com\/en\/boutique\/dermoz-mousse-nettoyante-anti-rougeurs-ar-150ml\/\" \/>\n<meta property=\"og:site_name\" content=\"paragaleriedetalborjt\" \/>\n<meta property=\"og:image\" content=\"https:\/\/paragaleriedetalborjt.com\/wp-content\/uploads\/2026\/01\/Mousse-nettoyante-Anti-rougeurs.jpg\" \/>\n\t<meta property=\"og:image:width\" content=\"595\" \/>\n\t<meta property=\"og:image:height\" content=\"655\" \/>\n\t<meta property=\"og:image:type\" content=\"image\/jpeg\" \/>\n<meta name=\"twitter:card\" content=\"summary_large_image\" \/>\n<script type=\"application\/ld+json\" class=\"yoast-schema-graph\">{\"@context\":\"https:\/\/schema.org\",\"@graph\":[{\"@type\":\"WebPage\",\"@id\":\"https:\/\/paragaleriedetalborjt.com\/boutique\/dermoz-mousse-nettoyante-anti-rougeurs-ar-150ml\/\",\"url\":\"https:\/\/paragaleriedetalborjt.com\/boutique\/dermoz-mousse-nettoyante-anti-rougeurs-ar-150ml\/\",\"name\":\"DERMOZ Mousse Nettoyante Anti-rougeurs AR 150ml - paragaleriedetalborjt\",\"isPartOf\":{\"@id\":\"https:\/\/paragaleriedetalborjt.com\/#website\"},\"primaryImageOfPage\":{\"@id\":\"https:\/\/paragaleriedetalborjt.com\/boutique\/dermoz-mousse-nettoyante-anti-rougeurs-ar-150ml\/#primaryimage\"},\"image\":{\"@id\":\"https:\/\/paragaleriedetalborjt.com\/boutique\/dermoz-mousse-nettoyante-anti-rougeurs-ar-150ml\/#primaryimage\"},\"thumbnailUrl\":\"https:\/\/paragaleriedetalborjt.com\/wp-content\/uploads\/2026\/01\/Mousse-nettoyante-Anti-rougeurs.jpg\",\"datePublished\":\"2026-01-02T21:47:34+00:00\",\"breadcrumb\":{\"@id\":\"https:\/\/paragaleriedetalborjt.com\/boutique\/dermoz-mousse-nettoyante-anti-rougeurs-ar-150ml\/#breadcrumb\"},\"inLanguage\":\"en-US\",\"potentialAction\":[{\"@type\":\"ReadAction\",\"target\":[\"https:\/\/paragaleriedetalborjt.com\/boutique\/dermoz-mousse-nettoyante-anti-rougeurs-ar-150ml\/\"]}]},{\"@type\":\"ImageObject\",\"inLanguage\":\"en-US\",\"@id\":\"https:\/\/paragaleriedetalborjt.com\/boutique\/dermoz-mousse-nettoyante-anti-rougeurs-ar-150ml\/#primaryimage\",\"url\":\"https:\/\/paragaleriedetalborjt.com\/wp-content\/uploads\/2026\/01\/Mousse-nettoyante-Anti-rougeurs.jpg\",\"contentUrl\":\"https:\/\/paragaleriedetalborjt.com\/wp-content\/uploads\/2026\/01\/Mousse-nettoyante-Anti-rougeurs.jpg\",\"width\":595,\"height\":655},{\"@type\":\"BreadcrumbList\",\"@id\":\"https:\/\/paragaleriedetalborjt.com\/boutique\/dermoz-mousse-nettoyante-anti-rougeurs-ar-150ml\/#breadcrumb\",\"itemListElement\":[{\"@type\":\"ListItem\",\"position\":1,\"name\":\"Accueil\",\"item\":\"https:\/\/paragaleriedetalborjt.com\/\"},{\"@type\":\"ListItem\",\"position\":2,\"name\":\"Boutique\",\"item\":\"https:\/\/paragaleriedetalborjt.com\/boutique\/\"},{\"@type\":\"ListItem\",\"position\":3,\"name\":\"DERMOZ Mousse Nettoyante Anti-rougeurs AR 150ml\"}]},{\"@type\":\"WebSite\",\"@id\":\"https:\/\/paragaleriedetalborjt.com\/#website\",\"url\":\"https:\/\/paragaleriedetalborjt.com\/\",\"name\":\"paragaleriedetalborjt\",\"description\":\"\",\"potentialAction\":[{\"@type\":\"SearchAction\",\"target\":{\"@type\":\"EntryPoint\",\"urlTemplate\":\"https:\/\/paragaleriedetalborjt.com\/?s={search_term_string}\"},\"query-input\":{\"@type\":\"PropertyValueSpecification\",\"valueRequired\":true,\"valueName\":\"search_term_string\"}}],\"inLanguage\":\"en-US\"}]}<\/script>\n<!-- \/ Yoast SEO plugin. -->","yoast_head_json":{"title":"DERMOZ Mousse Nettoyante Anti-rougeurs AR 150ml - paragaleriedetalborjt","robots":{"index":"index","follow":"follow","max-snippet":"max-snippet:-1","max-image-preview":"max-image-preview:large","max-video-preview":"max-video-preview:-1"},"canonical":"https:\/\/paragaleriedetalborjt.com\/en\/boutique\/dermoz-mousse-nettoyante-anti-rougeurs-ar-150ml\/","og_locale":"en_US","og_type":"article","og_title":"DERMOZ Mousse Nettoyante Anti-rougeurs AR 150ml - paragaleriedetalborjt","og_description":"Highlights:Nettoie \u2013 D\u00e9maquille\u00a0extrait de th\u00e9 vert","og_url":"https:\/\/paragaleriedetalborjt.com\/en\/boutique\/dermoz-mousse-nettoyante-anti-rougeurs-ar-150ml\/","og_site_name":"paragaleriedetalborjt","og_image":[{"width":595,"height":655,"url":"https:\/\/paragaleriedetalborjt.com\/wp-content\/uploads\/2026\/01\/Mousse-nettoyante-Anti-rougeurs.jpg","type":"image\/jpeg"}],"twitter_card":"summary_large_image","schema":{"@context":"https:\/\/schema.org","@graph":[{"@type":"WebPage","@id":"https:\/\/paragaleriedetalborjt.com\/boutique\/dermoz-mousse-nettoyante-anti-rougeurs-ar-150ml\/","url":"https:\/\/paragaleriedetalborjt.com\/boutique\/dermoz-mousse-nettoyante-anti-rougeurs-ar-150ml\/","name":"DERMOZ Mousse Nettoyante Anti-rougeurs AR 150ml - paragaleriedetalborjt","isPartOf":{"@id":"https:\/\/paragaleriedetalborjt.com\/#website"},"primaryImageOfPage":{"@id":"https:\/\/paragaleriedetalborjt.com\/boutique\/dermoz-mousse-nettoyante-anti-rougeurs-ar-150ml\/#primaryimage"},"image":{"@id":"https:\/\/paragaleriedetalborjt.com\/boutique\/dermoz-mousse-nettoyante-anti-rougeurs-ar-150ml\/#primaryimage"},"thumbnailUrl":"https:\/\/paragaleriedetalborjt.com\/wp-content\/uploads\/2026\/01\/Mousse-nettoyante-Anti-rougeurs.jpg","datePublished":"2026-01-02T21:47:34+00:00","breadcrumb":{"@id":"https:\/\/paragaleriedetalborjt.com\/boutique\/dermoz-mousse-nettoyante-anti-rougeurs-ar-150ml\/#breadcrumb"},"inLanguage":"en-US","potentialAction":[{"@type":"ReadAction","target":["https:\/\/paragaleriedetalborjt.com\/boutique\/dermoz-mousse-nettoyante-anti-rougeurs-ar-150ml\/"]}]},{"@type":"ImageObject","inLanguage":"en-US","@id":"https:\/\/paragaleriedetalborjt.com\/boutique\/dermoz-mousse-nettoyante-anti-rougeurs-ar-150ml\/#primaryimage","url":"https:\/\/paragaleriedetalborjt.com\/wp-content\/uploads\/2026\/01\/Mousse-nettoyante-Anti-rougeurs.jpg","contentUrl":"https:\/\/paragaleriedetalborjt.com\/wp-content\/uploads\/2026\/01\/Mousse-nettoyante-Anti-rougeurs.jpg","width":595,"height":655},{"@type":"BreadcrumbList","@id":"https:\/\/paragaleriedetalborjt.com\/boutique\/dermoz-mousse-nettoyante-anti-rougeurs-ar-150ml\/#breadcrumb","itemListElement":[{"@type":"ListItem","position":1,"name":"Accueil","item":"https:\/\/paragaleriedetalborjt.com\/"},{"@type":"ListItem","position":2,"name":"Boutique","item":"https:\/\/paragaleriedetalborjt.com\/boutique\/"},{"@type":"ListItem","position":3,"name":"DERMOZ Mousse Nettoyante Anti-rougeurs AR 150ml"}]},{"@type":"WebSite","@id":"https:\/\/paragaleriedetalborjt.com\/#website","url":"https:\/\/paragaleriedetalborjt.com\/","name":"paragaleriedetalborjt","description":"","potentialAction":[{"@type":"SearchAction","target":{"@type":"EntryPoint","urlTemplate":"https:\/\/paragaleriedetalborjt.com\/?s={search_term_string}"},"query-input":{"@type":"PropertyValueSpecification","valueRequired":true,"valueName":"search_term_string"}}],"inLanguage":"en-US"}]}},"brands":[],"_links":{"self":[{"href":"https:\/\/paragaleriedetalborjt.com\/en\/wp-json\/wp\/v2\/product\/27051","targetHints":{"allow":["GET"]}}],"collection":[{"href":"https:\/\/paragaleriedetalborjt.com\/en\/wp-json\/wp\/v2\/product"}],"about":[{"href":"https:\/\/paragaleriedetalborjt.com\/en\/wp-json\/wp\/v2\/types\/product"}],"replies":[{"embeddable":true,"href":"https:\/\/paragaleriedetalborjt.com\/en\/wp-json\/wp\/v2\/comments?post=27051"}],"version-history":[{"count":1,"href":"https:\/\/paragaleriedetalborjt.com\/en\/wp-json\/wp\/v2\/product\/27051\/revisions"}],"predecessor-version":[{"id":32179,"href":"https:\/\/paragaleriedetalborjt.com\/en\/wp-json\/wp\/v2\/product\/27051\/revisions\/32179"}],"wp:featuredmedia":[{"embeddable":true,"href":"https:\/\/paragaleriedetalborjt.com\/en\/wp-json\/wp\/v2\/media\/32178"}],"wp:attachment":[{"href":"https:\/\/paragaleriedetalborjt.com\/en\/wp-json\/wp\/v2\/media?parent=27051"}],"wp:term":[{"taxonomy":"pwb-brand","embeddable":true,"href":"https:\/\/paragaleriedetalborjt.com\/en\/wp-json\/wp\/v2\/pwb-brand?post=27051"},{"taxonomy":"product_cat","embeddable":true,"href":"https:\/\/paragaleriedetalborjt.com\/en\/wp-json\/wp\/v2\/product_cat?post=27051"},{"taxonomy":"product_tag","embeddable":true,"href":"https:\/\/paragaleriedetalborjt.com\/en\/wp-json\/wp\/v2\/product_tag?post=27051"}],"curies":[{"name":"wp","href":"https:\/\/api.w.org\/{rel}","templated":true}]}}