{"id":26890,"date":"2026-01-02T22:41:49","date_gmt":"2026-01-02T21:41:49","guid":{"rendered":"https:\/\/paragaleriedetalborjt.com\/?post_type=product&#038;p=26890"},"modified":"2026-01-02T22:41:49","modified_gmt":"2026-01-02T21:41:49","slug":"palmers-anti-dark-spot-fade-milk-250ml","status":"publish","type":"product","link":"https:\/\/paragaleriedetalborjt.com\/en\/boutique\/palmers-anti-dark-spot-fade-milk-250ml\/","title":{"rendered":"Palmer\u2019s Anti-Dark Spot Fade Milk 250ml"},"content":{"rendered":"<div aria-labelledby=\"tab-title-description\" class=\"woocommerce-Tabs-panel woocommerce-Tabs-panel--description panel entry-content wc-tab\" id=\"tab-description\" role=\"tabpanel\" style=\"\">\n<h2>Description<\/h2>\n<p>\u00a0<\/p>\n<p>**Avantages :<\/p>\n<p>\u2013 Cible les taches sombres, les taches de vieillesse, et le teint irr\u00e9gulier; \u00e9quilibre le teint et la d\u00e9coloration.<br \/>\n\u2013 Aide \u00e0 am\u00e9liorer la souplesse et l\u2019\u00e9lasticit\u00e9 de la peau.<br \/>\n\u2013 Minimise l\u2019apparence des ridules et des rides.<br \/>\n\u2013 Donne une peau plus lumineuse et plus \u00e9clatante.<br \/>\n\u2013 Formul\u00e9 pour l\u2019ensemble du corps ; id\u00e9al pour les bras, les jambes, les genoux, les coudes et le d\u00e9collet\u00e9.<br \/>\n\u2013 R\u00e9sultats visibles en seulement 2 semaines.<br \/>\n\u2013 Sans Hydroquinone, Parab\u00e8nes, Phtalates, Sulfates et Colorants.<br \/>\n\u2013 Non test\u00e9 sur les animaux.<\/p>\n<p>**R\u00e9sultats**<\/p>\n<p>% de femmes ayant constat\u00e9 une am\u00e9lioration**<\/p>\n<p>\u2013 Teint \u00e9quilibr\u00e9 : 100%<br \/>\n\u2013 Am\u00e9lioration visible de la d\u00e9coloration et du teint irr\u00e9gulier : 100%<br \/>\n\u2013 \u00c9clat et luminosit\u00e9 accrus : 100%<br \/>\n\u2013 Aide \u00e0 \u00e9claircir les cicatrices d\u2019acn\u00e9 et les taches sombres : 96%<br \/>\n\u2013 R\u00e9duction des rougeurs : 94%<br \/>\n\u2013 Clart\u00e9 am\u00e9lior\u00e9e : 96%<br \/>\n\u2013 Peau plus jeune et en meilleure sant\u00e9 : 98%<\/p>\n<p>Le Palmer\u2019s Fade Milk vous offre un corps parfaitement \u00e9clatant en corrigeant efficacement la d\u00e9coloration sur les zones sujettes \u00e0 l\u2019hyperpigmentation, comme les bras, les jambes, les genoux, les coudes et le d\u00e9collet\u00e9.<\/p>\n<\/div>","protected":false},"excerpt":{"rendered":"<p>Highlights:**Palmer\u2019s Fade Milk**est une lotion \u00e9claircissante qui corrige les taches sombres et les d\u00e9colorations pour un teint uniforme et \u00e9clatant. Adapt\u00e9e \u00e0 tout le corps, elle aide \u00e0 am\u00e9liorer l\u2019\u00e9lasticit\u00e9 de la peau, r\u00e9duit les ridules, et r\u00e9v\u00e8le une peau plus lumineuse en seulement 2 semaines. Formul\u00e9e sans hydroquinone, parab\u00e8nes, phtalates, sulfates et colorants, elle n\u2019est pas test\u00e9e sur les animaux.<\/p>","protected":false},"featured_media":32004,"comment_status":"open","ping_status":"closed","template":"","meta":[],"pwb-brand":[],"product_cat":[16],"product_tag":[],"class_list":{"0":"post-26890","1":"product","2":"type-product","3":"status-publish","4":"has-post-thumbnail","6":"product_cat-non-classe","7":"pa_brands-palmers","9":"first","10":"instock","11":"sale","12":"shipping-taxable","13":"purchasable","14":"product-type-simple"},"yoast_head":"<!-- This site is optimized with the Yoast SEO plugin v27.5 - https:\/\/yoast.com\/product\/yoast-seo-wordpress\/ -->\n<title>Palmer\u2019s Anti-Dark Spot Fade Milk 250ml - paragaleriedetalborjt<\/title>\n<meta name=\"robots\" content=\"index, follow, max-snippet:-1, max-image-preview:large, max-video-preview:-1\" \/>\n<link rel=\"canonical\" href=\"https:\/\/paragaleriedetalborjt.com\/en\/boutique\/palmers-anti-dark-spot-fade-milk-250ml\/\" \/>\n<meta property=\"og:locale\" content=\"en_US\" \/>\n<meta property=\"og:type\" content=\"article\" \/>\n<meta property=\"og:title\" content=\"Palmer\u2019s Anti-Dark Spot Fade Milk 250ml - paragaleriedetalborjt\" \/>\n<meta property=\"og:description\" content=\"Highlights:**Palmer\u2019s Fade Milk**est une lotion \u00e9claircissante qui corrige les taches sombres et les d\u00e9colorations pour un teint uniforme et \u00e9clatant. Adapt\u00e9e \u00e0 tout le corps, elle aide \u00e0 am\u00e9liorer l\u2019\u00e9lasticit\u00e9 de la peau, r\u00e9duit les ridules, et r\u00e9v\u00e8le une peau plus lumineuse en seulement 2 semaines. Formul\u00e9e sans hydroquinone, parab\u00e8nes, phtalates, sulfates et colorants, elle n\u2019est pas test\u00e9e sur les animaux.\" \/>\n<meta property=\"og:url\" content=\"https:\/\/paragaleriedetalborjt.com\/en\/boutique\/palmers-anti-dark-spot-fade-milk-250ml\/\" \/>\n<meta property=\"og:site_name\" content=\"paragaleriedetalborjt\" \/>\n<meta property=\"og:image\" content=\"https:\/\/paragaleriedetalborjt.com\/wp-content\/uploads\/2026\/01\/Palmers-Lait-corps-Anti-Taches-Vit-E-250ml-600x600-1.jpg\" \/>\n\t<meta property=\"og:image:width\" content=\"600\" \/>\n\t<meta property=\"og:image:height\" content=\"600\" \/>\n\t<meta property=\"og:image:type\" content=\"image\/jpeg\" \/>\n<meta name=\"twitter:card\" content=\"summary_large_image\" \/>\n<meta name=\"twitter:label1\" content=\"Est. reading time\" \/>\n\t<meta name=\"twitter:data1\" content=\"1 minute\" \/>\n<script type=\"application\/ld+json\" class=\"yoast-schema-graph\">{\"@context\":\"https:\\\/\\\/schema.org\",\"@graph\":[{\"@type\":\"WebPage\",\"@id\":\"https:\\\/\\\/paragaleriedetalborjt.com\\\/boutique\\\/palmers-anti-dark-spot-fade-milk-250ml\\\/\",\"url\":\"https:\\\/\\\/paragaleriedetalborjt.com\\\/boutique\\\/palmers-anti-dark-spot-fade-milk-250ml\\\/\",\"name\":\"Palmer\u2019s Anti-Dark Spot Fade Milk 250ml - paragaleriedetalborjt\",\"isPartOf\":{\"@id\":\"https:\\\/\\\/paragaleriedetalborjt.com\\\/#website\"},\"primaryImageOfPage\":{\"@id\":\"https:\\\/\\\/paragaleriedetalborjt.com\\\/boutique\\\/palmers-anti-dark-spot-fade-milk-250ml\\\/#primaryimage\"},\"image\":{\"@id\":\"https:\\\/\\\/paragaleriedetalborjt.com\\\/boutique\\\/palmers-anti-dark-spot-fade-milk-250ml\\\/#primaryimage\"},\"thumbnailUrl\":\"https:\\\/\\\/paragaleriedetalborjt.com\\\/wp-content\\\/uploads\\\/2026\\\/01\\\/Palmers-Lait-corps-Anti-Taches-Vit-E-250ml-600x600-1.jpg\",\"datePublished\":\"2026-01-02T21:41:49+00:00\",\"breadcrumb\":{\"@id\":\"https:\\\/\\\/paragaleriedetalborjt.com\\\/boutique\\\/palmers-anti-dark-spot-fade-milk-250ml\\\/#breadcrumb\"},\"inLanguage\":\"en-US\",\"potentialAction\":[{\"@type\":\"ReadAction\",\"target\":[\"https:\\\/\\\/paragaleriedetalborjt.com\\\/boutique\\\/palmers-anti-dark-spot-fade-milk-250ml\\\/\"]}]},{\"@type\":\"ImageObject\",\"inLanguage\":\"en-US\",\"@id\":\"https:\\\/\\\/paragaleriedetalborjt.com\\\/boutique\\\/palmers-anti-dark-spot-fade-milk-250ml\\\/#primaryimage\",\"url\":\"https:\\\/\\\/paragaleriedetalborjt.com\\\/wp-content\\\/uploads\\\/2026\\\/01\\\/Palmers-Lait-corps-Anti-Taches-Vit-E-250ml-600x600-1.jpg\",\"contentUrl\":\"https:\\\/\\\/paragaleriedetalborjt.com\\\/wp-content\\\/uploads\\\/2026\\\/01\\\/Palmers-Lait-corps-Anti-Taches-Vit-E-250ml-600x600-1.jpg\",\"width\":600,\"height\":600},{\"@type\":\"BreadcrumbList\",\"@id\":\"https:\\\/\\\/paragaleriedetalborjt.com\\\/boutique\\\/palmers-anti-dark-spot-fade-milk-250ml\\\/#breadcrumb\",\"itemListElement\":[{\"@type\":\"ListItem\",\"position\":1,\"name\":\"Accueil\",\"item\":\"https:\\\/\\\/paragaleriedetalborjt.com\\\/\"},{\"@type\":\"ListItem\",\"position\":2,\"name\":\"Boutique\",\"item\":\"https:\\\/\\\/paragaleriedetalborjt.com\\\/boutique\\\/\"},{\"@type\":\"ListItem\",\"position\":3,\"name\":\"Palmer\u2019s Anti-Dark Spot Fade Milk 250ml\"}]},{\"@type\":\"WebSite\",\"@id\":\"https:\\\/\\\/paragaleriedetalborjt.com\\\/#website\",\"url\":\"https:\\\/\\\/paragaleriedetalborjt.com\\\/\",\"name\":\"paragaleriedetalborjt\",\"description\":\"\",\"potentialAction\":[{\"@type\":\"SearchAction\",\"target\":{\"@type\":\"EntryPoint\",\"urlTemplate\":\"https:\\\/\\\/paragaleriedetalborjt.com\\\/?s={search_term_string}\"},\"query-input\":{\"@type\":\"PropertyValueSpecification\",\"valueRequired\":true,\"valueName\":\"search_term_string\"}}],\"inLanguage\":\"en-US\"}]}<\/script>\n<!-- \/ Yoast SEO plugin. -->","yoast_head_json":{"title":"Palmer\u2019s Anti-Dark Spot Fade Milk 250ml - paragaleriedetalborjt","robots":{"index":"index","follow":"follow","max-snippet":"max-snippet:-1","max-image-preview":"max-image-preview:large","max-video-preview":"max-video-preview:-1"},"canonical":"https:\/\/paragaleriedetalborjt.com\/en\/boutique\/palmers-anti-dark-spot-fade-milk-250ml\/","og_locale":"en_US","og_type":"article","og_title":"Palmer\u2019s Anti-Dark Spot Fade Milk 250ml - paragaleriedetalborjt","og_description":"Highlights:**Palmer\u2019s Fade Milk**est une lotion \u00e9claircissante qui corrige les taches sombres et les d\u00e9colorations pour un teint uniforme et \u00e9clatant. Adapt\u00e9e \u00e0 tout le corps, elle aide \u00e0 am\u00e9liorer l\u2019\u00e9lasticit\u00e9 de la peau, r\u00e9duit les ridules, et r\u00e9v\u00e8le une peau plus lumineuse en seulement 2 semaines. Formul\u00e9e sans hydroquinone, parab\u00e8nes, phtalates, sulfates et colorants, elle n\u2019est pas test\u00e9e sur les animaux.","og_url":"https:\/\/paragaleriedetalborjt.com\/en\/boutique\/palmers-anti-dark-spot-fade-milk-250ml\/","og_site_name":"paragaleriedetalborjt","og_image":[{"width":600,"height":600,"url":"https:\/\/paragaleriedetalborjt.com\/wp-content\/uploads\/2026\/01\/Palmers-Lait-corps-Anti-Taches-Vit-E-250ml-600x600-1.jpg","type":"image\/jpeg"}],"twitter_card":"summary_large_image","twitter_misc":{"Est. reading time":"1 minute"},"schema":{"@context":"https:\/\/schema.org","@graph":[{"@type":"WebPage","@id":"https:\/\/paragaleriedetalborjt.com\/boutique\/palmers-anti-dark-spot-fade-milk-250ml\/","url":"https:\/\/paragaleriedetalborjt.com\/boutique\/palmers-anti-dark-spot-fade-milk-250ml\/","name":"Palmer\u2019s Anti-Dark Spot Fade Milk 250ml - paragaleriedetalborjt","isPartOf":{"@id":"https:\/\/paragaleriedetalborjt.com\/#website"},"primaryImageOfPage":{"@id":"https:\/\/paragaleriedetalborjt.com\/boutique\/palmers-anti-dark-spot-fade-milk-250ml\/#primaryimage"},"image":{"@id":"https:\/\/paragaleriedetalborjt.com\/boutique\/palmers-anti-dark-spot-fade-milk-250ml\/#primaryimage"},"thumbnailUrl":"https:\/\/paragaleriedetalborjt.com\/wp-content\/uploads\/2026\/01\/Palmers-Lait-corps-Anti-Taches-Vit-E-250ml-600x600-1.jpg","datePublished":"2026-01-02T21:41:49+00:00","breadcrumb":{"@id":"https:\/\/paragaleriedetalborjt.com\/boutique\/palmers-anti-dark-spot-fade-milk-250ml\/#breadcrumb"},"inLanguage":"en-US","potentialAction":[{"@type":"ReadAction","target":["https:\/\/paragaleriedetalborjt.com\/boutique\/palmers-anti-dark-spot-fade-milk-250ml\/"]}]},{"@type":"ImageObject","inLanguage":"en-US","@id":"https:\/\/paragaleriedetalborjt.com\/boutique\/palmers-anti-dark-spot-fade-milk-250ml\/#primaryimage","url":"https:\/\/paragaleriedetalborjt.com\/wp-content\/uploads\/2026\/01\/Palmers-Lait-corps-Anti-Taches-Vit-E-250ml-600x600-1.jpg","contentUrl":"https:\/\/paragaleriedetalborjt.com\/wp-content\/uploads\/2026\/01\/Palmers-Lait-corps-Anti-Taches-Vit-E-250ml-600x600-1.jpg","width":600,"height":600},{"@type":"BreadcrumbList","@id":"https:\/\/paragaleriedetalborjt.com\/boutique\/palmers-anti-dark-spot-fade-milk-250ml\/#breadcrumb","itemListElement":[{"@type":"ListItem","position":1,"name":"Accueil","item":"https:\/\/paragaleriedetalborjt.com\/"},{"@type":"ListItem","position":2,"name":"Boutique","item":"https:\/\/paragaleriedetalborjt.com\/boutique\/"},{"@type":"ListItem","position":3,"name":"Palmer\u2019s Anti-Dark Spot Fade Milk 250ml"}]},{"@type":"WebSite","@id":"https:\/\/paragaleriedetalborjt.com\/#website","url":"https:\/\/paragaleriedetalborjt.com\/","name":"paragaleriedetalborjt","description":"","potentialAction":[{"@type":"SearchAction","target":{"@type":"EntryPoint","urlTemplate":"https:\/\/paragaleriedetalborjt.com\/?s={search_term_string}"},"query-input":{"@type":"PropertyValueSpecification","valueRequired":true,"valueName":"search_term_string"}}],"inLanguage":"en-US"}]}},"brands":[],"_links":{"self":[{"href":"https:\/\/paragaleriedetalborjt.com\/en\/wp-json\/wp\/v2\/product\/26890","targetHints":{"allow":["GET"]}}],"collection":[{"href":"https:\/\/paragaleriedetalborjt.com\/en\/wp-json\/wp\/v2\/product"}],"about":[{"href":"https:\/\/paragaleriedetalborjt.com\/en\/wp-json\/wp\/v2\/types\/product"}],"replies":[{"embeddable":true,"href":"https:\/\/paragaleriedetalborjt.com\/en\/wp-json\/wp\/v2\/comments?post=26890"}],"version-history":[{"count":1,"href":"https:\/\/paragaleriedetalborjt.com\/en\/wp-json\/wp\/v2\/product\/26890\/revisions"}],"predecessor-version":[{"id":32005,"href":"https:\/\/paragaleriedetalborjt.com\/en\/wp-json\/wp\/v2\/product\/26890\/revisions\/32005"}],"wp:featuredmedia":[{"embeddable":true,"href":"https:\/\/paragaleriedetalborjt.com\/en\/wp-json\/wp\/v2\/media\/32004"}],"wp:attachment":[{"href":"https:\/\/paragaleriedetalborjt.com\/en\/wp-json\/wp\/v2\/media?parent=26890"}],"wp:term":[{"taxonomy":"pwb-brand","embeddable":true,"href":"https:\/\/paragaleriedetalborjt.com\/en\/wp-json\/wp\/v2\/pwb-brand?post=26890"},{"taxonomy":"product_cat","embeddable":true,"href":"https:\/\/paragaleriedetalborjt.com\/en\/wp-json\/wp\/v2\/product_cat?post=26890"},{"taxonomy":"product_tag","embeddable":true,"href":"https:\/\/paragaleriedetalborjt.com\/en\/wp-json\/wp\/v2\/product_tag?post=26890"}],"curies":[{"name":"wp","href":"https:\/\/api.w.org\/{rel}","templated":true}]}}