{"id":26848,"date":"2026-01-02T22:40:26","date_gmt":"2026-01-02T21:40:26","guid":{"rendered":"https:\/\/paragaleriedetalborjt.com\/?post_type=product&#038;p=26848"},"modified":"2026-01-02T22:40:26","modified_gmt":"2026-01-02T21:40:26","slug":"transparent-clinic-hyaluronic-serum-30ml","status":"publish","type":"product","link":"https:\/\/paragaleriedetalborjt.com\/en\/boutique\/transparent-clinic-hyaluronic-serum-30ml\/","title":{"rendered":"Transparent Clinic Hyaluronic Serum 30ml"},"content":{"rendered":"<div aria-labelledby=\"tab-title-description\" class=\"woocommerce-Tabs-panel woocommerce-Tabs-panel--description panel entry-content wc-tab\" id=\"tab-description\" role=\"tabpanel\" style=\"\">\n<h2>Description<\/h2>\n<p>Hyaluronique est un \u00e9l\u00e9ment naturel que nous avons dans notre corps, mais avec l\u2019\u00e2ge, ses niveaux diminuent. C\u2019est pour cela qu\u2019un traitement anti-\u00e2ge bas\u00e9 sur cet \u00e9l\u00e9ment super hydratant et r\u00e9parateur nous aidera visiblement \u00e0 rajeunir notre peau.<\/p>\n<p>Le s\u00e9rum \u00e0 base d\u2019acide hyaluronique de Transparent Clinic est de\u00a0<b>texture fluide,\u00a0<\/b>id\u00e9ale pour une absorption instantan\u00e9e, et un grand pouvoir de p\u00e9n\u00e9tration pour r\u00e9parer la peau rapidement et efficacement.<\/p>\n<p><b>Nous am\u00e9liorerons l\u2019\u00e9lasticit\u00e9 et la douceur de la peau<\/b>, et comme l\u2019acide hyaluronique est la star des traitements anti-\u00e2ge, nous verrons \u00e9galement comment notre peau est\u00a0<b>rajeunie et revitalis\u00e9e.<\/b><\/p>\n<p>Pour une peau plus jeune et plus vitale, nous vous conseillons de l\u00b4utiliser cotidi\u00e8nement.<\/p>\n<ul>\n<li>Formul\u00e9 avec des ingr\u00e9dients d\u2019origine naturelle.<\/li>\n<li>Id\u00e9al pour tous types de peau, m\u00eame les plus sensibles.<\/li>\n<li>Non test\u00e9 sur les animaux.<\/li>\n<\/ul>\n<\/div>","protected":false},"excerpt":{"rendered":"<p>Highlights:S\u00e9rum hydratant intensive a base d\u00b4acide hyaluronique, 30 ml.Tr\u00e8s appropri\u00e9 pour les peaux ab\u00eem\u00e9es qui ont besoin d\u2019une hydratation intense. Am\u00e9liore l\u2019\u00e9lasticit\u00e9 et la douceur de la peau. L\u2019acide hyaluronique agit :Grande capacit\u00e9 d\u00b4attirer et retenir l\u2019eau.Prot\u00e8ge des agressions externes.Participe \u00e0 la r\u00e9g\u00e9n\u00e9ration cellulaire, son application stimule ce processus.Il aide et facilite la cr\u00e9ation de collag\u00e8ne.<\/p>","protected":false},"featured_media":31962,"comment_status":"open","ping_status":"closed","template":"","meta":[],"pwb-brand":[],"product_cat":[16],"product_tag":[],"class_list":{"0":"post-26848","1":"product","2":"type-product","3":"status-publish","4":"has-post-thumbnail","6":"product_cat-non-classe","7":"pa_brands-transparent-clinic","9":"first","10":"instock","11":"sale","12":"shipping-taxable","13":"purchasable","14":"product-type-simple"},"yoast_head":"<!-- This site is optimized with the Yoast SEO plugin v26.9 - https:\/\/yoast.com\/product\/yoast-seo-wordpress\/ -->\n<title>Transparent Clinic Hyaluronic Serum 30ml - paragaleriedetalborjt<\/title>\n<meta name=\"robots\" content=\"index, follow, max-snippet:-1, max-image-preview:large, max-video-preview:-1\" \/>\n<link rel=\"canonical\" href=\"https:\/\/paragaleriedetalborjt.com\/en\/boutique\/transparent-clinic-hyaluronic-serum-30ml\/\" \/>\n<meta property=\"og:locale\" content=\"en_US\" \/>\n<meta property=\"og:type\" content=\"article\" \/>\n<meta property=\"og:title\" content=\"Transparent Clinic Hyaluronic Serum 30ml - paragaleriedetalborjt\" \/>\n<meta property=\"og:description\" content=\"Highlights:S\u00e9rum hydratant intensive a base d\u00b4acide hyaluronique, 30 ml.Tr\u00e8s appropri\u00e9 pour les peaux ab\u00eem\u00e9es qui ont besoin d\u2019une hydratation intense. Am\u00e9liore l\u2019\u00e9lasticit\u00e9 et la douceur de la peau. L\u2019acide hyaluronique agit :Grande capacit\u00e9 d\u00b4attirer et retenir l\u2019eau.Prot\u00e8ge des agressions externes.Participe \u00e0 la r\u00e9g\u00e9n\u00e9ration cellulaire, son application stimule ce processus.Il aide et facilite la cr\u00e9ation de collag\u00e8ne.\" \/>\n<meta property=\"og:url\" content=\"https:\/\/paragaleriedetalborjt.com\/en\/boutique\/transparent-clinic-hyaluronic-serum-30ml\/\" \/>\n<meta property=\"og:site_name\" content=\"paragaleriedetalborjt\" \/>\n<meta property=\"og:image\" content=\"https:\/\/paragaleriedetalborjt.com\/wp-content\/uploads\/2026\/01\/Transparent-clinic-Hyaluronic-serum-30ml-600x600-1.jpg\" \/>\n\t<meta property=\"og:image:width\" content=\"600\" \/>\n\t<meta property=\"og:image:height\" content=\"600\" \/>\n\t<meta property=\"og:image:type\" content=\"image\/jpeg\" \/>\n<meta name=\"twitter:card\" content=\"summary_large_image\" \/>\n<meta name=\"twitter:label1\" content=\"Est. reading time\" \/>\n\t<meta name=\"twitter:data1\" content=\"1 minute\" \/>\n<script type=\"application\/ld+json\" class=\"yoast-schema-graph\">{\"@context\":\"https:\/\/schema.org\",\"@graph\":[{\"@type\":\"WebPage\",\"@id\":\"https:\/\/paragaleriedetalborjt.com\/boutique\/transparent-clinic-hyaluronic-serum-30ml\/\",\"url\":\"https:\/\/paragaleriedetalborjt.com\/boutique\/transparent-clinic-hyaluronic-serum-30ml\/\",\"name\":\"Transparent Clinic Hyaluronic Serum 30ml - paragaleriedetalborjt\",\"isPartOf\":{\"@id\":\"https:\/\/paragaleriedetalborjt.com\/#website\"},\"primaryImageOfPage\":{\"@id\":\"https:\/\/paragaleriedetalborjt.com\/boutique\/transparent-clinic-hyaluronic-serum-30ml\/#primaryimage\"},\"image\":{\"@id\":\"https:\/\/paragaleriedetalborjt.com\/boutique\/transparent-clinic-hyaluronic-serum-30ml\/#primaryimage\"},\"thumbnailUrl\":\"https:\/\/paragaleriedetalborjt.com\/wp-content\/uploads\/2026\/01\/Transparent-clinic-Hyaluronic-serum-30ml-600x600-1.jpg\",\"datePublished\":\"2026-01-02T21:40:26+00:00\",\"breadcrumb\":{\"@id\":\"https:\/\/paragaleriedetalborjt.com\/boutique\/transparent-clinic-hyaluronic-serum-30ml\/#breadcrumb\"},\"inLanguage\":\"en-US\",\"potentialAction\":[{\"@type\":\"ReadAction\",\"target\":[\"https:\/\/paragaleriedetalborjt.com\/boutique\/transparent-clinic-hyaluronic-serum-30ml\/\"]}]},{\"@type\":\"ImageObject\",\"inLanguage\":\"en-US\",\"@id\":\"https:\/\/paragaleriedetalborjt.com\/boutique\/transparent-clinic-hyaluronic-serum-30ml\/#primaryimage\",\"url\":\"https:\/\/paragaleriedetalborjt.com\/wp-content\/uploads\/2026\/01\/Transparent-clinic-Hyaluronic-serum-30ml-600x600-1.jpg\",\"contentUrl\":\"https:\/\/paragaleriedetalborjt.com\/wp-content\/uploads\/2026\/01\/Transparent-clinic-Hyaluronic-serum-30ml-600x600-1.jpg\",\"width\":600,\"height\":600},{\"@type\":\"BreadcrumbList\",\"@id\":\"https:\/\/paragaleriedetalborjt.com\/boutique\/transparent-clinic-hyaluronic-serum-30ml\/#breadcrumb\",\"itemListElement\":[{\"@type\":\"ListItem\",\"position\":1,\"name\":\"Accueil\",\"item\":\"https:\/\/paragaleriedetalborjt.com\/\"},{\"@type\":\"ListItem\",\"position\":2,\"name\":\"Boutique\",\"item\":\"https:\/\/paragaleriedetalborjt.com\/boutique\/\"},{\"@type\":\"ListItem\",\"position\":3,\"name\":\"Transparent Clinic Hyaluronic Serum 30ml\"}]},{\"@type\":\"WebSite\",\"@id\":\"https:\/\/paragaleriedetalborjt.com\/#website\",\"url\":\"https:\/\/paragaleriedetalborjt.com\/\",\"name\":\"paragaleriedetalborjt\",\"description\":\"\",\"potentialAction\":[{\"@type\":\"SearchAction\",\"target\":{\"@type\":\"EntryPoint\",\"urlTemplate\":\"https:\/\/paragaleriedetalborjt.com\/?s={search_term_string}\"},\"query-input\":{\"@type\":\"PropertyValueSpecification\",\"valueRequired\":true,\"valueName\":\"search_term_string\"}}],\"inLanguage\":\"en-US\"}]}<\/script>\n<!-- \/ Yoast SEO plugin. -->","yoast_head_json":{"title":"Transparent Clinic Hyaluronic Serum 30ml - paragaleriedetalborjt","robots":{"index":"index","follow":"follow","max-snippet":"max-snippet:-1","max-image-preview":"max-image-preview:large","max-video-preview":"max-video-preview:-1"},"canonical":"https:\/\/paragaleriedetalborjt.com\/en\/boutique\/transparent-clinic-hyaluronic-serum-30ml\/","og_locale":"en_US","og_type":"article","og_title":"Transparent Clinic Hyaluronic Serum 30ml - paragaleriedetalborjt","og_description":"Highlights:S\u00e9rum hydratant intensive a base d\u00b4acide hyaluronique, 30 ml.Tr\u00e8s appropri\u00e9 pour les peaux ab\u00eem\u00e9es qui ont besoin d\u2019une hydratation intense. Am\u00e9liore l\u2019\u00e9lasticit\u00e9 et la douceur de la peau. L\u2019acide hyaluronique agit :Grande capacit\u00e9 d\u00b4attirer et retenir l\u2019eau.Prot\u00e8ge des agressions externes.Participe \u00e0 la r\u00e9g\u00e9n\u00e9ration cellulaire, son application stimule ce processus.Il aide et facilite la cr\u00e9ation de collag\u00e8ne.","og_url":"https:\/\/paragaleriedetalborjt.com\/en\/boutique\/transparent-clinic-hyaluronic-serum-30ml\/","og_site_name":"paragaleriedetalborjt","og_image":[{"width":600,"height":600,"url":"https:\/\/paragaleriedetalborjt.com\/wp-content\/uploads\/2026\/01\/Transparent-clinic-Hyaluronic-serum-30ml-600x600-1.jpg","type":"image\/jpeg"}],"twitter_card":"summary_large_image","twitter_misc":{"Est. reading time":"1 minute"},"schema":{"@context":"https:\/\/schema.org","@graph":[{"@type":"WebPage","@id":"https:\/\/paragaleriedetalborjt.com\/boutique\/transparent-clinic-hyaluronic-serum-30ml\/","url":"https:\/\/paragaleriedetalborjt.com\/boutique\/transparent-clinic-hyaluronic-serum-30ml\/","name":"Transparent Clinic Hyaluronic Serum 30ml - paragaleriedetalborjt","isPartOf":{"@id":"https:\/\/paragaleriedetalborjt.com\/#website"},"primaryImageOfPage":{"@id":"https:\/\/paragaleriedetalborjt.com\/boutique\/transparent-clinic-hyaluronic-serum-30ml\/#primaryimage"},"image":{"@id":"https:\/\/paragaleriedetalborjt.com\/boutique\/transparent-clinic-hyaluronic-serum-30ml\/#primaryimage"},"thumbnailUrl":"https:\/\/paragaleriedetalborjt.com\/wp-content\/uploads\/2026\/01\/Transparent-clinic-Hyaluronic-serum-30ml-600x600-1.jpg","datePublished":"2026-01-02T21:40:26+00:00","breadcrumb":{"@id":"https:\/\/paragaleriedetalborjt.com\/boutique\/transparent-clinic-hyaluronic-serum-30ml\/#breadcrumb"},"inLanguage":"en-US","potentialAction":[{"@type":"ReadAction","target":["https:\/\/paragaleriedetalborjt.com\/boutique\/transparent-clinic-hyaluronic-serum-30ml\/"]}]},{"@type":"ImageObject","inLanguage":"en-US","@id":"https:\/\/paragaleriedetalborjt.com\/boutique\/transparent-clinic-hyaluronic-serum-30ml\/#primaryimage","url":"https:\/\/paragaleriedetalborjt.com\/wp-content\/uploads\/2026\/01\/Transparent-clinic-Hyaluronic-serum-30ml-600x600-1.jpg","contentUrl":"https:\/\/paragaleriedetalborjt.com\/wp-content\/uploads\/2026\/01\/Transparent-clinic-Hyaluronic-serum-30ml-600x600-1.jpg","width":600,"height":600},{"@type":"BreadcrumbList","@id":"https:\/\/paragaleriedetalborjt.com\/boutique\/transparent-clinic-hyaluronic-serum-30ml\/#breadcrumb","itemListElement":[{"@type":"ListItem","position":1,"name":"Accueil","item":"https:\/\/paragaleriedetalborjt.com\/"},{"@type":"ListItem","position":2,"name":"Boutique","item":"https:\/\/paragaleriedetalborjt.com\/boutique\/"},{"@type":"ListItem","position":3,"name":"Transparent Clinic Hyaluronic Serum 30ml"}]},{"@type":"WebSite","@id":"https:\/\/paragaleriedetalborjt.com\/#website","url":"https:\/\/paragaleriedetalborjt.com\/","name":"paragaleriedetalborjt","description":"","potentialAction":[{"@type":"SearchAction","target":{"@type":"EntryPoint","urlTemplate":"https:\/\/paragaleriedetalborjt.com\/?s={search_term_string}"},"query-input":{"@type":"PropertyValueSpecification","valueRequired":true,"valueName":"search_term_string"}}],"inLanguage":"en-US"}]}},"brands":[],"_links":{"self":[{"href":"https:\/\/paragaleriedetalborjt.com\/en\/wp-json\/wp\/v2\/product\/26848","targetHints":{"allow":["GET"]}}],"collection":[{"href":"https:\/\/paragaleriedetalborjt.com\/en\/wp-json\/wp\/v2\/product"}],"about":[{"href":"https:\/\/paragaleriedetalborjt.com\/en\/wp-json\/wp\/v2\/types\/product"}],"replies":[{"embeddable":true,"href":"https:\/\/paragaleriedetalborjt.com\/en\/wp-json\/wp\/v2\/comments?post=26848"}],"version-history":[{"count":1,"href":"https:\/\/paragaleriedetalborjt.com\/en\/wp-json\/wp\/v2\/product\/26848\/revisions"}],"predecessor-version":[{"id":31963,"href":"https:\/\/paragaleriedetalborjt.com\/en\/wp-json\/wp\/v2\/product\/26848\/revisions\/31963"}],"wp:featuredmedia":[{"embeddable":true,"href":"https:\/\/paragaleriedetalborjt.com\/en\/wp-json\/wp\/v2\/media\/31962"}],"wp:attachment":[{"href":"https:\/\/paragaleriedetalborjt.com\/en\/wp-json\/wp\/v2\/media?parent=26848"}],"wp:term":[{"taxonomy":"pwb-brand","embeddable":true,"href":"https:\/\/paragaleriedetalborjt.com\/en\/wp-json\/wp\/v2\/pwb-brand?post=26848"},{"taxonomy":"product_cat","embeddable":true,"href":"https:\/\/paragaleriedetalborjt.com\/en\/wp-json\/wp\/v2\/product_cat?post=26848"},{"taxonomy":"product_tag","embeddable":true,"href":"https:\/\/paragaleriedetalborjt.com\/en\/wp-json\/wp\/v2\/product_tag?post=26848"}],"curies":[{"name":"wp","href":"https:\/\/api.w.org\/{rel}","templated":true}]}}