{"id":26846,"date":"2026-01-02T22:40:24","date_gmt":"2026-01-02T21:40:24","guid":{"rendered":"https:\/\/paragaleriedetalborjt.com\/?post_type=product&#038;p=26846"},"modified":"2026-01-02T22:40:24","modified_gmt":"2026-01-02T21:40:24","slug":"transparent-clinic-contour-des-yeux-18ml","status":"publish","type":"product","link":"https:\/\/paragaleriedetalborjt.com\/en\/boutique\/transparent-clinic-contour-des-yeux-18ml\/","title":{"rendered":"Transparent Clinic Contour des Yeux 18ml"},"content":{"rendered":"<div aria-labelledby=\"tab-title-description\" class=\"woocommerce-Tabs-panel woocommerce-Tabs-panel--description panel entry-content wc-tab\" id=\"tab-description\" role=\"tabpanel\" style=\"\">\n<h2>Description<\/h2>\n<div class=\"row product-container product-page-col page-width hide-updownbuttons\">\n<div class=\"col-md-6 product-info-section\">\n<div class=\"product-information\">\n<div class=\"short-desc\" id=\"product-description-short-73\">\n<p>La cr\u00e8me contour des yeux \u00e0 la gel\u00e9e royale de Transparent Clinic est une\u00a0<b>cr\u00e8me l\u00e9g\u00e8re,\u00a0<\/b>ce qui signifie qu\u2019elle est id\u00e9ale \u00e0 appliquer<b>\u00a0et s\u00b4absorbe tr\u00e8s rapidement.<\/b><\/p>\n<p>Se soin nous\u00a0<b>donnera beaucoup d\u2019\u00e9lasticit\u00e9 de la peau<\/b>du contour des yeux, donc si vous avez plus de 20 ans, il deviendra votre plus grand alli\u00e9 car il\u00a0<b>emp\u00eachera la formation de rides et de lignes d\u2019expression<\/b>. Si vous avez une peau plus mature, il aidera \u00e0 traiter ces rides et donnera au contour des yeux un\u00a0<b>l\u00e9ger effet de lifting.<\/b><\/p>\n<p>Gr\u00e2ce \u00e0 la gel\u00e9e royale, un puissant ingr\u00e9dient naturel aux centaines de propri\u00e9t\u00e9s cosm\u00e9tiques; elle est<b>\u00a0riche en lipides et en vitamines,\u00a0<\/b>elle est\u00a0<b>antioxydante et r\u00e9g\u00e9n\u00e9ratrice,\u00a0<\/b>et elle aidera \u00e0 prot\u00e9ger notre contour des agressions ext\u00e9rieures gr\u00e2ce \u00e0 sa fonction\u00a0<b>antibact\u00e9rienne, antiseptique et anti-inflammatoire.<\/b><\/p>\n<p>Pour lui donner une touche plus puissante, nous allons combiner la gel\u00e9e royale avec du collag\u00e8ne hydrolys\u00e9, ce qui provoquera un effet tenseur id\u00e9al pour que notre contour soit rajeuni et hydrat\u00e9.<\/p>\n<p>Nous vous conseillons d\u2019appliquer la cr\u00e8me au bord ext\u00e9rieur de la paupi\u00e8re (arcade sourcili\u00e8re. Elle contribuera \u00e0 relever la paupi\u00e8re tombante gr\u00e2ce \u00e0 son effet tenseur.<\/p>\n<\/div>\n<\/div>\n<\/div>\n<\/div>\n<div class=\"tabs-container\">\n<div class=\"tabs page-width\">\n<p>\u00a0<\/p>\n<\/div>\n<\/div>\n<\/div>","protected":false},"excerpt":{"rendered":"<p>Highlights:Parmi ses principes actifs on retrouve la gel\u00e9e royale, l\u2019un des tr\u00e9sors les plus nutritifs de la nature, qui lui conf\u00e8re une grande capacit\u00e9 \u00e0 prendre soin de la peau, ainsi que le pouvoir raffermissant du collag\u00e8ne hydrolys\u00e9.Effet lifting l\u00e9ger, id\u00e9al pour les premiers soins anti-\u00e2ge du contour des yeux et des l\u00e8vres. Des r\u00e9sultats visibles en quelques jours.<\/p>","protected":false},"featured_media":31960,"comment_status":"open","ping_status":"closed","template":"","meta":[],"pwb-brand":[],"product_cat":[16],"product_tag":[],"class_list":{"0":"post-26846","1":"product","2":"type-product","3":"status-publish","4":"has-post-thumbnail","6":"product_cat-non-classe","7":"pa_brands-transparent-clinic","9":"first","10":"instock","11":"sale","12":"shipping-taxable","13":"purchasable","14":"product-type-simple"},"yoast_head":"<!-- This site is optimized with the Yoast SEO plugin v26.9 - https:\/\/yoast.com\/product\/yoast-seo-wordpress\/ -->\n<title>Transparent Clinic Contour des Yeux 18ml - paragaleriedetalborjt<\/title>\n<meta name=\"robots\" content=\"index, follow, max-snippet:-1, max-image-preview:large, max-video-preview:-1\" \/>\n<link rel=\"canonical\" href=\"https:\/\/paragaleriedetalborjt.com\/en\/boutique\/transparent-clinic-contour-des-yeux-18ml\/\" \/>\n<meta property=\"og:locale\" content=\"en_US\" \/>\n<meta property=\"og:type\" content=\"article\" \/>\n<meta property=\"og:title\" content=\"Transparent Clinic Contour des Yeux 18ml - paragaleriedetalborjt\" \/>\n<meta property=\"og:description\" content=\"Highlights:Parmi ses principes actifs on retrouve la gel\u00e9e royale, l\u2019un des tr\u00e9sors les plus nutritifs de la nature, qui lui conf\u00e8re une grande capacit\u00e9 \u00e0 prendre soin de la peau, ainsi que le pouvoir raffermissant du collag\u00e8ne hydrolys\u00e9.Effet lifting l\u00e9ger, id\u00e9al pour les premiers soins anti-\u00e2ge du contour des yeux et des l\u00e8vres. Des r\u00e9sultats visibles en quelques jours.\" \/>\n<meta property=\"og:url\" content=\"https:\/\/paragaleriedetalborjt.com\/en\/boutique\/transparent-clinic-contour-des-yeux-18ml\/\" \/>\n<meta property=\"og:site_name\" content=\"paragaleriedetalborjt\" \/>\n<meta property=\"og:image\" content=\"https:\/\/paragaleriedetalborjt.com\/wp-content\/uploads\/2026\/01\/Transparent-clinic-contour-des-yeux-18ml-600x600-1.jpg\" \/>\n\t<meta property=\"og:image:width\" content=\"600\" \/>\n\t<meta property=\"og:image:height\" content=\"600\" \/>\n\t<meta property=\"og:image:type\" content=\"image\/jpeg\" \/>\n<meta name=\"twitter:card\" content=\"summary_large_image\" \/>\n<meta name=\"twitter:label1\" content=\"Est. reading time\" \/>\n\t<meta name=\"twitter:data1\" content=\"1 minute\" \/>\n<script type=\"application\/ld+json\" class=\"yoast-schema-graph\">{\"@context\":\"https:\/\/schema.org\",\"@graph\":[{\"@type\":\"WebPage\",\"@id\":\"https:\/\/paragaleriedetalborjt.com\/boutique\/transparent-clinic-contour-des-yeux-18ml\/\",\"url\":\"https:\/\/paragaleriedetalborjt.com\/boutique\/transparent-clinic-contour-des-yeux-18ml\/\",\"name\":\"Transparent Clinic Contour des Yeux 18ml - paragaleriedetalborjt\",\"isPartOf\":{\"@id\":\"https:\/\/paragaleriedetalborjt.com\/#website\"},\"primaryImageOfPage\":{\"@id\":\"https:\/\/paragaleriedetalborjt.com\/boutique\/transparent-clinic-contour-des-yeux-18ml\/#primaryimage\"},\"image\":{\"@id\":\"https:\/\/paragaleriedetalborjt.com\/boutique\/transparent-clinic-contour-des-yeux-18ml\/#primaryimage\"},\"thumbnailUrl\":\"https:\/\/paragaleriedetalborjt.com\/wp-content\/uploads\/2026\/01\/Transparent-clinic-contour-des-yeux-18ml-600x600-1.jpg\",\"datePublished\":\"2026-01-02T21:40:24+00:00\",\"breadcrumb\":{\"@id\":\"https:\/\/paragaleriedetalborjt.com\/boutique\/transparent-clinic-contour-des-yeux-18ml\/#breadcrumb\"},\"inLanguage\":\"en-US\",\"potentialAction\":[{\"@type\":\"ReadAction\",\"target\":[\"https:\/\/paragaleriedetalborjt.com\/boutique\/transparent-clinic-contour-des-yeux-18ml\/\"]}]},{\"@type\":\"ImageObject\",\"inLanguage\":\"en-US\",\"@id\":\"https:\/\/paragaleriedetalborjt.com\/boutique\/transparent-clinic-contour-des-yeux-18ml\/#primaryimage\",\"url\":\"https:\/\/paragaleriedetalborjt.com\/wp-content\/uploads\/2026\/01\/Transparent-clinic-contour-des-yeux-18ml-600x600-1.jpg\",\"contentUrl\":\"https:\/\/paragaleriedetalborjt.com\/wp-content\/uploads\/2026\/01\/Transparent-clinic-contour-des-yeux-18ml-600x600-1.jpg\",\"width\":600,\"height\":600},{\"@type\":\"BreadcrumbList\",\"@id\":\"https:\/\/paragaleriedetalborjt.com\/boutique\/transparent-clinic-contour-des-yeux-18ml\/#breadcrumb\",\"itemListElement\":[{\"@type\":\"ListItem\",\"position\":1,\"name\":\"Accueil\",\"item\":\"https:\/\/paragaleriedetalborjt.com\/\"},{\"@type\":\"ListItem\",\"position\":2,\"name\":\"Boutique\",\"item\":\"https:\/\/paragaleriedetalborjt.com\/boutique\/\"},{\"@type\":\"ListItem\",\"position\":3,\"name\":\"Transparent Clinic Contour des Yeux 18ml\"}]},{\"@type\":\"WebSite\",\"@id\":\"https:\/\/paragaleriedetalborjt.com\/#website\",\"url\":\"https:\/\/paragaleriedetalborjt.com\/\",\"name\":\"paragaleriedetalborjt\",\"description\":\"\",\"potentialAction\":[{\"@type\":\"SearchAction\",\"target\":{\"@type\":\"EntryPoint\",\"urlTemplate\":\"https:\/\/paragaleriedetalborjt.com\/?s={search_term_string}\"},\"query-input\":{\"@type\":\"PropertyValueSpecification\",\"valueRequired\":true,\"valueName\":\"search_term_string\"}}],\"inLanguage\":\"en-US\"}]}<\/script>\n<!-- \/ Yoast SEO plugin. -->","yoast_head_json":{"title":"Transparent Clinic Contour des Yeux 18ml - paragaleriedetalborjt","robots":{"index":"index","follow":"follow","max-snippet":"max-snippet:-1","max-image-preview":"max-image-preview:large","max-video-preview":"max-video-preview:-1"},"canonical":"https:\/\/paragaleriedetalborjt.com\/en\/boutique\/transparent-clinic-contour-des-yeux-18ml\/","og_locale":"en_US","og_type":"article","og_title":"Transparent Clinic Contour des Yeux 18ml - paragaleriedetalborjt","og_description":"Highlights:Parmi ses principes actifs on retrouve la gel\u00e9e royale, l\u2019un des tr\u00e9sors les plus nutritifs de la nature, qui lui conf\u00e8re une grande capacit\u00e9 \u00e0 prendre soin de la peau, ainsi que le pouvoir raffermissant du collag\u00e8ne hydrolys\u00e9.Effet lifting l\u00e9ger, id\u00e9al pour les premiers soins anti-\u00e2ge du contour des yeux et des l\u00e8vres. Des r\u00e9sultats visibles en quelques jours.","og_url":"https:\/\/paragaleriedetalborjt.com\/en\/boutique\/transparent-clinic-contour-des-yeux-18ml\/","og_site_name":"paragaleriedetalborjt","og_image":[{"width":600,"height":600,"url":"https:\/\/paragaleriedetalborjt.com\/wp-content\/uploads\/2026\/01\/Transparent-clinic-contour-des-yeux-18ml-600x600-1.jpg","type":"image\/jpeg"}],"twitter_card":"summary_large_image","twitter_misc":{"Est. reading time":"1 minute"},"schema":{"@context":"https:\/\/schema.org","@graph":[{"@type":"WebPage","@id":"https:\/\/paragaleriedetalborjt.com\/boutique\/transparent-clinic-contour-des-yeux-18ml\/","url":"https:\/\/paragaleriedetalborjt.com\/boutique\/transparent-clinic-contour-des-yeux-18ml\/","name":"Transparent Clinic Contour des Yeux 18ml - paragaleriedetalborjt","isPartOf":{"@id":"https:\/\/paragaleriedetalborjt.com\/#website"},"primaryImageOfPage":{"@id":"https:\/\/paragaleriedetalborjt.com\/boutique\/transparent-clinic-contour-des-yeux-18ml\/#primaryimage"},"image":{"@id":"https:\/\/paragaleriedetalborjt.com\/boutique\/transparent-clinic-contour-des-yeux-18ml\/#primaryimage"},"thumbnailUrl":"https:\/\/paragaleriedetalborjt.com\/wp-content\/uploads\/2026\/01\/Transparent-clinic-contour-des-yeux-18ml-600x600-1.jpg","datePublished":"2026-01-02T21:40:24+00:00","breadcrumb":{"@id":"https:\/\/paragaleriedetalborjt.com\/boutique\/transparent-clinic-contour-des-yeux-18ml\/#breadcrumb"},"inLanguage":"en-US","potentialAction":[{"@type":"ReadAction","target":["https:\/\/paragaleriedetalborjt.com\/boutique\/transparent-clinic-contour-des-yeux-18ml\/"]}]},{"@type":"ImageObject","inLanguage":"en-US","@id":"https:\/\/paragaleriedetalborjt.com\/boutique\/transparent-clinic-contour-des-yeux-18ml\/#primaryimage","url":"https:\/\/paragaleriedetalborjt.com\/wp-content\/uploads\/2026\/01\/Transparent-clinic-contour-des-yeux-18ml-600x600-1.jpg","contentUrl":"https:\/\/paragaleriedetalborjt.com\/wp-content\/uploads\/2026\/01\/Transparent-clinic-contour-des-yeux-18ml-600x600-1.jpg","width":600,"height":600},{"@type":"BreadcrumbList","@id":"https:\/\/paragaleriedetalborjt.com\/boutique\/transparent-clinic-contour-des-yeux-18ml\/#breadcrumb","itemListElement":[{"@type":"ListItem","position":1,"name":"Accueil","item":"https:\/\/paragaleriedetalborjt.com\/"},{"@type":"ListItem","position":2,"name":"Boutique","item":"https:\/\/paragaleriedetalborjt.com\/boutique\/"},{"@type":"ListItem","position":3,"name":"Transparent Clinic Contour des Yeux 18ml"}]},{"@type":"WebSite","@id":"https:\/\/paragaleriedetalborjt.com\/#website","url":"https:\/\/paragaleriedetalborjt.com\/","name":"paragaleriedetalborjt","description":"","potentialAction":[{"@type":"SearchAction","target":{"@type":"EntryPoint","urlTemplate":"https:\/\/paragaleriedetalborjt.com\/?s={search_term_string}"},"query-input":{"@type":"PropertyValueSpecification","valueRequired":true,"valueName":"search_term_string"}}],"inLanguage":"en-US"}]}},"brands":[],"_links":{"self":[{"href":"https:\/\/paragaleriedetalborjt.com\/en\/wp-json\/wp\/v2\/product\/26846","targetHints":{"allow":["GET"]}}],"collection":[{"href":"https:\/\/paragaleriedetalborjt.com\/en\/wp-json\/wp\/v2\/product"}],"about":[{"href":"https:\/\/paragaleriedetalborjt.com\/en\/wp-json\/wp\/v2\/types\/product"}],"replies":[{"embeddable":true,"href":"https:\/\/paragaleriedetalborjt.com\/en\/wp-json\/wp\/v2\/comments?post=26846"}],"version-history":[{"count":1,"href":"https:\/\/paragaleriedetalborjt.com\/en\/wp-json\/wp\/v2\/product\/26846\/revisions"}],"predecessor-version":[{"id":31961,"href":"https:\/\/paragaleriedetalborjt.com\/en\/wp-json\/wp\/v2\/product\/26846\/revisions\/31961"}],"wp:featuredmedia":[{"embeddable":true,"href":"https:\/\/paragaleriedetalborjt.com\/en\/wp-json\/wp\/v2\/media\/31960"}],"wp:attachment":[{"href":"https:\/\/paragaleriedetalborjt.com\/en\/wp-json\/wp\/v2\/media?parent=26846"}],"wp:term":[{"taxonomy":"pwb-brand","embeddable":true,"href":"https:\/\/paragaleriedetalborjt.com\/en\/wp-json\/wp\/v2\/pwb-brand?post=26846"},{"taxonomy":"product_cat","embeddable":true,"href":"https:\/\/paragaleriedetalborjt.com\/en\/wp-json\/wp\/v2\/product_cat?post=26846"},{"taxonomy":"product_tag","embeddable":true,"href":"https:\/\/paragaleriedetalborjt.com\/en\/wp-json\/wp\/v2\/product_tag?post=26846"}],"curies":[{"name":"wp","href":"https:\/\/api.w.org\/{rel}","templated":true}]}}