{"id":26844,"date":"2026-01-02T22:40:21","date_gmt":"2026-01-02T21:40:21","guid":{"rendered":"https:\/\/paragaleriedetalborjt.com\/?post_type=product&#038;p=26844"},"modified":"2026-01-02T22:40:21","modified_gmt":"2026-01-02T21:40:21","slug":"transparent-clinic-hyaluronic-creme-50ml","status":"publish","type":"product","link":"https:\/\/paragaleriedetalborjt.com\/en\/boutique\/transparent-clinic-hyaluronic-creme-50ml\/","title":{"rendered":"Transparent Clinic Hyaluronic Creme 50ml"},"content":{"rendered":"<div aria-labelledby=\"tab-title-description\" class=\"woocommerce-Tabs-panel woocommerce-Tabs-panel--description panel entry-content wc-tab\" id=\"tab-description\" role=\"tabpanel\" style=\"\">\n<h2>Description<\/h2>\n<h2>Cr\u00e8me d\u00b4acide hyaluronique, 50ml<\/h2>\n<p>Comme vous le savez peut-\u00eatre d\u00e9j\u00e0, l\u2019acide hyaluronique est l\u2019un des traitements anti-\u00e2ge les plus recherch\u00e9s dans le monde de la cosm\u00e9tique.<\/p>\n<p>L\u2019acide hyaluronique est un composant naturel que nous avons dans notre corps, mais \u00e0 mesure que notre corps vieillit, notre quantit\u00e9 naturelle d\u2019acide hyaluronique diminue.<\/p>\n<p>Par cons\u00e9quent, le fait de pouvoir fournir \u00e0 notre corps un suppl\u00e9ment d\u2019acide hyaluronique nous aidera \u00e0 lutter contre le vieillissement, les rides et les ridules d\u2019expression.<\/p>\n<p>La cr\u00e8me ultra-hydratante d\u00b4acide hyaluronique de Transparent Clinic a une texture douce et fondante qui procure \u00e0 la peau une hydratation continue tout au long de la journ\u00e9e.<\/p>\n<p>Elle contient \u00e9galement d\u2019autres principes actifs tels que la vitamine E pour am\u00e9liorer l\u2019\u00e9lasticit\u00e9 et les rides gr\u00e2ce \u00e0 sa fonction photoprotectrice et antioxydante et l\u2019Aloe Vera pour aider \u00e0 retenir l\u2019eau.<\/p>\n<p>Une excellente cr\u00e8me anti-\u00e2ge qui aide \u00e0 r\u00e9parer et \u00e0 rajeunir la peau et que vous devriez utiliser si vous voulez revitaliser votre peau.<\/p>\n<p>Vous trouverez ci-dessous des informations plus techniques et d\u00e9taill\u00e9es pour r\u00e9pondre \u00e0 toutes vos questions.<\/p>\n<ul>\n<li>Id\u00e9al pour types de peaux, m\u00eame les plus sensibles.<\/li>\n<li>Non test\u00e9 sur les animaux.<\/li>\n<\/ul>\n<\/div>","protected":false},"excerpt":{"rendered":"<p>Highlights:Tr\u00e8s appropri\u00e9 pour les peaux ab\u00eem\u00e9es qui ont besoin d\u2019 hydratation suppl\u00e9mentaire. Lutte contre la d\u00e9shydratation en am\u00e9liorant l\u2019\u00e9lasticit\u00e9 et la douceur de la peau. L\u2019acide hyaluronique agit :Grande capacit\u00e9 d\u2019attraction et de r\u00e9tention d\u2019eau, assurant la fermet\u00e9 et l\u2019hydratation des cellules.Participe \u00e0 la r\u00e9g\u00e9n\u00e9ration cellulaire, son application stimule donc ce processus.Elle aide et favorise la cr\u00e9ation de collag\u00e8ne.<\/p>","protected":false},"featured_media":31958,"comment_status":"open","ping_status":"closed","template":"","meta":[],"pwb-brand":[],"product_cat":[16],"product_tag":[],"class_list":{"0":"post-26844","1":"product","2":"type-product","3":"status-publish","4":"has-post-thumbnail","6":"product_cat-non-classe","7":"pa_brands-transparent-clinic","9":"first","10":"instock","11":"sale","12":"shipping-taxable","13":"purchasable","14":"product-type-simple"},"yoast_head":"<!-- This site is optimized with the Yoast SEO plugin v26.9 - https:\/\/yoast.com\/product\/yoast-seo-wordpress\/ -->\n<title>Transparent Clinic Hyaluronic Creme 50ml - paragaleriedetalborjt<\/title>\n<meta name=\"robots\" content=\"index, follow, max-snippet:-1, max-image-preview:large, max-video-preview:-1\" \/>\n<link rel=\"canonical\" href=\"https:\/\/paragaleriedetalborjt.com\/en\/boutique\/transparent-clinic-hyaluronic-creme-50ml\/\" \/>\n<meta property=\"og:locale\" content=\"en_US\" \/>\n<meta property=\"og:type\" content=\"article\" \/>\n<meta property=\"og:title\" content=\"Transparent Clinic Hyaluronic Creme 50ml - paragaleriedetalborjt\" \/>\n<meta property=\"og:description\" content=\"Highlights:Tr\u00e8s appropri\u00e9 pour les peaux ab\u00eem\u00e9es qui ont besoin d\u2019 hydratation suppl\u00e9mentaire. Lutte contre la d\u00e9shydratation en am\u00e9liorant l\u2019\u00e9lasticit\u00e9 et la douceur de la peau. L\u2019acide hyaluronique agit :Grande capacit\u00e9 d\u2019attraction et de r\u00e9tention d\u2019eau, assurant la fermet\u00e9 et l\u2019hydratation des cellules.Participe \u00e0 la r\u00e9g\u00e9n\u00e9ration cellulaire, son application stimule donc ce processus.Elle aide et favorise la cr\u00e9ation de collag\u00e8ne.\" \/>\n<meta property=\"og:url\" content=\"https:\/\/paragaleriedetalborjt.com\/en\/boutique\/transparent-clinic-hyaluronic-creme-50ml\/\" \/>\n<meta property=\"og:site_name\" content=\"paragaleriedetalborjt\" \/>\n<meta property=\"og:image\" content=\"https:\/\/paragaleriedetalborjt.com\/wp-content\/uploads\/2026\/01\/Transparent-clinic-Hyaluronic-creme-50ml-600x600-1.jpg\" \/>\n\t<meta property=\"og:image:width\" content=\"600\" \/>\n\t<meta property=\"og:image:height\" content=\"600\" \/>\n\t<meta property=\"og:image:type\" content=\"image\/jpeg\" \/>\n<meta name=\"twitter:card\" content=\"summary_large_image\" \/>\n<meta name=\"twitter:label1\" content=\"Est. reading time\" \/>\n\t<meta name=\"twitter:data1\" content=\"1 minute\" \/>\n<script type=\"application\/ld+json\" class=\"yoast-schema-graph\">{\"@context\":\"https:\/\/schema.org\",\"@graph\":[{\"@type\":\"WebPage\",\"@id\":\"https:\/\/paragaleriedetalborjt.com\/boutique\/transparent-clinic-hyaluronic-creme-50ml\/\",\"url\":\"https:\/\/paragaleriedetalborjt.com\/boutique\/transparent-clinic-hyaluronic-creme-50ml\/\",\"name\":\"Transparent Clinic Hyaluronic Creme 50ml - paragaleriedetalborjt\",\"isPartOf\":{\"@id\":\"https:\/\/paragaleriedetalborjt.com\/#website\"},\"primaryImageOfPage\":{\"@id\":\"https:\/\/paragaleriedetalborjt.com\/boutique\/transparent-clinic-hyaluronic-creme-50ml\/#primaryimage\"},\"image\":{\"@id\":\"https:\/\/paragaleriedetalborjt.com\/boutique\/transparent-clinic-hyaluronic-creme-50ml\/#primaryimage\"},\"thumbnailUrl\":\"https:\/\/paragaleriedetalborjt.com\/wp-content\/uploads\/2026\/01\/Transparent-clinic-Hyaluronic-creme-50ml-600x600-1.jpg\",\"datePublished\":\"2026-01-02T21:40:21+00:00\",\"breadcrumb\":{\"@id\":\"https:\/\/paragaleriedetalborjt.com\/boutique\/transparent-clinic-hyaluronic-creme-50ml\/#breadcrumb\"},\"inLanguage\":\"en-US\",\"potentialAction\":[{\"@type\":\"ReadAction\",\"target\":[\"https:\/\/paragaleriedetalborjt.com\/boutique\/transparent-clinic-hyaluronic-creme-50ml\/\"]}]},{\"@type\":\"ImageObject\",\"inLanguage\":\"en-US\",\"@id\":\"https:\/\/paragaleriedetalborjt.com\/boutique\/transparent-clinic-hyaluronic-creme-50ml\/#primaryimage\",\"url\":\"https:\/\/paragaleriedetalborjt.com\/wp-content\/uploads\/2026\/01\/Transparent-clinic-Hyaluronic-creme-50ml-600x600-1.jpg\",\"contentUrl\":\"https:\/\/paragaleriedetalborjt.com\/wp-content\/uploads\/2026\/01\/Transparent-clinic-Hyaluronic-creme-50ml-600x600-1.jpg\",\"width\":600,\"height\":600},{\"@type\":\"BreadcrumbList\",\"@id\":\"https:\/\/paragaleriedetalborjt.com\/boutique\/transparent-clinic-hyaluronic-creme-50ml\/#breadcrumb\",\"itemListElement\":[{\"@type\":\"ListItem\",\"position\":1,\"name\":\"Accueil\",\"item\":\"https:\/\/paragaleriedetalborjt.com\/\"},{\"@type\":\"ListItem\",\"position\":2,\"name\":\"Boutique\",\"item\":\"https:\/\/paragaleriedetalborjt.com\/boutique\/\"},{\"@type\":\"ListItem\",\"position\":3,\"name\":\"Transparent Clinic Hyaluronic Creme 50ml\"}]},{\"@type\":\"WebSite\",\"@id\":\"https:\/\/paragaleriedetalborjt.com\/#website\",\"url\":\"https:\/\/paragaleriedetalborjt.com\/\",\"name\":\"paragaleriedetalborjt\",\"description\":\"\",\"potentialAction\":[{\"@type\":\"SearchAction\",\"target\":{\"@type\":\"EntryPoint\",\"urlTemplate\":\"https:\/\/paragaleriedetalborjt.com\/?s={search_term_string}\"},\"query-input\":{\"@type\":\"PropertyValueSpecification\",\"valueRequired\":true,\"valueName\":\"search_term_string\"}}],\"inLanguage\":\"en-US\"}]}<\/script>\n<!-- \/ Yoast SEO plugin. -->","yoast_head_json":{"title":"Transparent Clinic Hyaluronic Creme 50ml - paragaleriedetalborjt","robots":{"index":"index","follow":"follow","max-snippet":"max-snippet:-1","max-image-preview":"max-image-preview:large","max-video-preview":"max-video-preview:-1"},"canonical":"https:\/\/paragaleriedetalborjt.com\/en\/boutique\/transparent-clinic-hyaluronic-creme-50ml\/","og_locale":"en_US","og_type":"article","og_title":"Transparent Clinic Hyaluronic Creme 50ml - paragaleriedetalborjt","og_description":"Highlights:Tr\u00e8s appropri\u00e9 pour les peaux ab\u00eem\u00e9es qui ont besoin d\u2019 hydratation suppl\u00e9mentaire. Lutte contre la d\u00e9shydratation en am\u00e9liorant l\u2019\u00e9lasticit\u00e9 et la douceur de la peau. L\u2019acide hyaluronique agit :Grande capacit\u00e9 d\u2019attraction et de r\u00e9tention d\u2019eau, assurant la fermet\u00e9 et l\u2019hydratation des cellules.Participe \u00e0 la r\u00e9g\u00e9n\u00e9ration cellulaire, son application stimule donc ce processus.Elle aide et favorise la cr\u00e9ation de collag\u00e8ne.","og_url":"https:\/\/paragaleriedetalborjt.com\/en\/boutique\/transparent-clinic-hyaluronic-creme-50ml\/","og_site_name":"paragaleriedetalborjt","og_image":[{"width":600,"height":600,"url":"https:\/\/paragaleriedetalborjt.com\/wp-content\/uploads\/2026\/01\/Transparent-clinic-Hyaluronic-creme-50ml-600x600-1.jpg","type":"image\/jpeg"}],"twitter_card":"summary_large_image","twitter_misc":{"Est. reading time":"1 minute"},"schema":{"@context":"https:\/\/schema.org","@graph":[{"@type":"WebPage","@id":"https:\/\/paragaleriedetalborjt.com\/boutique\/transparent-clinic-hyaluronic-creme-50ml\/","url":"https:\/\/paragaleriedetalborjt.com\/boutique\/transparent-clinic-hyaluronic-creme-50ml\/","name":"Transparent Clinic Hyaluronic Creme 50ml - paragaleriedetalborjt","isPartOf":{"@id":"https:\/\/paragaleriedetalborjt.com\/#website"},"primaryImageOfPage":{"@id":"https:\/\/paragaleriedetalborjt.com\/boutique\/transparent-clinic-hyaluronic-creme-50ml\/#primaryimage"},"image":{"@id":"https:\/\/paragaleriedetalborjt.com\/boutique\/transparent-clinic-hyaluronic-creme-50ml\/#primaryimage"},"thumbnailUrl":"https:\/\/paragaleriedetalborjt.com\/wp-content\/uploads\/2026\/01\/Transparent-clinic-Hyaluronic-creme-50ml-600x600-1.jpg","datePublished":"2026-01-02T21:40:21+00:00","breadcrumb":{"@id":"https:\/\/paragaleriedetalborjt.com\/boutique\/transparent-clinic-hyaluronic-creme-50ml\/#breadcrumb"},"inLanguage":"en-US","potentialAction":[{"@type":"ReadAction","target":["https:\/\/paragaleriedetalborjt.com\/boutique\/transparent-clinic-hyaluronic-creme-50ml\/"]}]},{"@type":"ImageObject","inLanguage":"en-US","@id":"https:\/\/paragaleriedetalborjt.com\/boutique\/transparent-clinic-hyaluronic-creme-50ml\/#primaryimage","url":"https:\/\/paragaleriedetalborjt.com\/wp-content\/uploads\/2026\/01\/Transparent-clinic-Hyaluronic-creme-50ml-600x600-1.jpg","contentUrl":"https:\/\/paragaleriedetalborjt.com\/wp-content\/uploads\/2026\/01\/Transparent-clinic-Hyaluronic-creme-50ml-600x600-1.jpg","width":600,"height":600},{"@type":"BreadcrumbList","@id":"https:\/\/paragaleriedetalborjt.com\/boutique\/transparent-clinic-hyaluronic-creme-50ml\/#breadcrumb","itemListElement":[{"@type":"ListItem","position":1,"name":"Accueil","item":"https:\/\/paragaleriedetalborjt.com\/"},{"@type":"ListItem","position":2,"name":"Boutique","item":"https:\/\/paragaleriedetalborjt.com\/boutique\/"},{"@type":"ListItem","position":3,"name":"Transparent Clinic Hyaluronic Creme 50ml"}]},{"@type":"WebSite","@id":"https:\/\/paragaleriedetalborjt.com\/#website","url":"https:\/\/paragaleriedetalborjt.com\/","name":"paragaleriedetalborjt","description":"","potentialAction":[{"@type":"SearchAction","target":{"@type":"EntryPoint","urlTemplate":"https:\/\/paragaleriedetalborjt.com\/?s={search_term_string}"},"query-input":{"@type":"PropertyValueSpecification","valueRequired":true,"valueName":"search_term_string"}}],"inLanguage":"en-US"}]}},"brands":[],"_links":{"self":[{"href":"https:\/\/paragaleriedetalborjt.com\/en\/wp-json\/wp\/v2\/product\/26844","targetHints":{"allow":["GET"]}}],"collection":[{"href":"https:\/\/paragaleriedetalborjt.com\/en\/wp-json\/wp\/v2\/product"}],"about":[{"href":"https:\/\/paragaleriedetalborjt.com\/en\/wp-json\/wp\/v2\/types\/product"}],"replies":[{"embeddable":true,"href":"https:\/\/paragaleriedetalborjt.com\/en\/wp-json\/wp\/v2\/comments?post=26844"}],"version-history":[{"count":1,"href":"https:\/\/paragaleriedetalborjt.com\/en\/wp-json\/wp\/v2\/product\/26844\/revisions"}],"predecessor-version":[{"id":31959,"href":"https:\/\/paragaleriedetalborjt.com\/en\/wp-json\/wp\/v2\/product\/26844\/revisions\/31959"}],"wp:featuredmedia":[{"embeddable":true,"href":"https:\/\/paragaleriedetalborjt.com\/en\/wp-json\/wp\/v2\/media\/31958"}],"wp:attachment":[{"href":"https:\/\/paragaleriedetalborjt.com\/en\/wp-json\/wp\/v2\/media?parent=26844"}],"wp:term":[{"taxonomy":"pwb-brand","embeddable":true,"href":"https:\/\/paragaleriedetalborjt.com\/en\/wp-json\/wp\/v2\/pwb-brand?post=26844"},{"taxonomy":"product_cat","embeddable":true,"href":"https:\/\/paragaleriedetalborjt.com\/en\/wp-json\/wp\/v2\/product_cat?post=26844"},{"taxonomy":"product_tag","embeddable":true,"href":"https:\/\/paragaleriedetalborjt.com\/en\/wp-json\/wp\/v2\/product_tag?post=26844"}],"curies":[{"name":"wp","href":"https:\/\/api.w.org\/{rel}","templated":true}]}}