{"id":26759,"date":"2026-01-02T22:37:10","date_gmt":"2026-01-02T21:37:10","guid":{"rendered":"https:\/\/paragaleriedetalborjt.com\/?post_type=product&#038;p=26759"},"modified":"2026-01-02T22:37:10","modified_gmt":"2026-01-02T21:37:10","slug":"revox-b77-just-hyaluronic-acid-fluid-3-30ml","status":"publish","type":"product","link":"https:\/\/paragaleriedetalborjt.com\/en\/boutique\/revox-b77-just-hyaluronic-acid-fluid-3-30ml\/","title":{"rendered":"Revox B77 Just Hyaluronic Acid Fluid 3% 30ml"},"content":{"rendered":"<div aria-labelledby=\"tab-title-description\" class=\"woocommerce-Tabs-panel woocommerce-Tabs-panel--description panel entry-content wc-tab\" id=\"tab-description\" role=\"tabpanel\" style=\"\">\n<h2>Description<\/h2>\n<div class=\"tt-item active\">\n<div class=\"tt-collapse-content\">\n<p class=\"p1\">Il poss\u00e8de des propri\u00e9t\u00e9s de r\u00e9tention d\u2019eau qui lui permettent de retenir l\u2019humidit\u00e9 dans la cellule et de l\u2019emp\u00eacher de s\u2019\u00e9vaporer sans obstruer les pores. La formule cr\u00e9meuse apporte \u00e0 la peau de l\u2019acide hyaluronique, qui pr\u00e9vient les rides, afin de la repulper et de la maintenir hydrat\u00e9e tout au long de la journ\u00e9e. Ce fluide renforce la douceur et l\u2019onctuosit\u00e9 de la peau et am\u00e9liore l\u2019apparence d\u2019une peau rafra\u00eechie. Sa texture l\u00e9g\u00e8re est rapidement absorb\u00e9e et ne laisse pas de sensation grasse ou collante.<\/p>\n<div class=\"tt-item active\">\n<div class=\"tt-collapse-title\"><strong>Conseils d\u2019utilisation<\/strong><\/div>\n<div class=\"tt-collapse-content\">\n<div><span class=\"Produit-detail-value\"><span class=\"metafield-multi_line_text_field\">Appliquer une petite quantit\u00e9 de produit le matin et\/ou le soir sur une peau propre. Masser doucement jusqu\u2019\u00e0 absorption compl\u00e8te. \u00c9viter le contact avec les yeux.<\/span><\/span><\/div>\n<\/div>\n<\/div>\n<div class=\"tt-item active\">\n<div class=\"tt-collapse-title\"><\/div>\n<div class=\"tt-collapse-content\">\n<div><span class=\"Produit-detail-value\"><b>Ne pas combiner avec d\u2019<\/b>autres produits contenant de l\u2019acide hyaluronique.<\/span><\/div>\n<\/div>\n<\/div>\n<div class=\"tt-item active\">\n<div class=\"tt-collapse-title\"><strong>Attention<\/strong><\/div>\n<div class=\"tt-collapse-content\">\n<div><span class=\"Produit-detail-value\">Une intol\u00e9rance individuelle au produit est possible. Avant la premi\u00e8re application, il est recommand\u00e9 d\u2019effectuer un test de sensibilit\u00e9. En cas d\u2019inconfort, cesser d\u2019utiliser le produit.<\/span><\/div>\n<div class=\"Produit-detail-key\"><strong>*Pregnancy Disclaimer:<\/strong><\/div>\n<div class=\"Produit-detail-value\">Toutefois, par mesure de s\u00e9curit\u00e9, nous vous conseillons de consulter votre m\u00e9decin pour chaque produit de votre programme de soins de la peau.<\/div>\n<div><\/div>\n<\/div>\n<\/div>\n<\/div>\n<\/div>\n<div class=\"tt-item active\">\n<div class=\"tt-collapse-title\"><strong>Ingr\u00e9dients<\/strong><\/div>\n<div class=\"tt-collapse-content\">\n<div><span class=\"Produit-detail-value\">Water\/Aqua, Sodium Hyaluronate, Ethylhexyl Stearate, Glycerin, Cetearyl Alcohol, Shea Butter\/ Butyrospermum Parkii Shea Butter, Hydrolyzed Tara Gum \/ Hydrolyzed Caesalpinia Spinosa Gum, Tara Gum \/ Caesalpinia Spinosa Gum, Phenoxyethanol, Ceteareth-20, PEG-40 Hydrogenated Castor Oil, Acrylates\/C10-30 Alkyl Acrylate Crosspolymer, Triethanolamine, Allantoin, Disodium EDTA, Sodium Benzoate, Potassium Sorbate, Butylated Hydroxytoluene\/ BHT.<\/span><\/div>\n<div><span class=\"Produit-detail-value\">Nous am\u00e9liorons constamment nos formulations, de sorte que les listes d\u2019ingr\u00e9dients figurant sur le site web et sur l\u2019emballage peuvent varier en fonction de la p\u00e9riode et de la r\u00e9gion d\u2019achat. V\u00e9rifiez la liste des ingr\u00e9dients sur l\u2019emballage.<\/span><\/div>\n<\/div>\n<\/div>\n<\/div>","protected":false},"excerpt":{"rendered":"<p>Highlights:REVOX B77 JUST HYALURONIC ACID FLUID 3L\u2019acide hyaluronique est un puissant ingr\u00e9dient hydratant qui convient \u00e0 tous les types de peau.<\/p>","protected":false},"featured_media":31860,"comment_status":"open","ping_status":"closed","template":"","meta":[],"pwb-brand":[],"product_cat":[16],"product_tag":[],"class_list":{"0":"post-26759","1":"product","2":"type-product","3":"status-publish","4":"has-post-thumbnail","6":"product_cat-non-classe","7":"pa_brands-revox","9":"first","10":"instock","11":"sale","12":"shipping-taxable","13":"purchasable","14":"product-type-simple"},"yoast_head":"<!-- This site is optimized with the Yoast SEO plugin v26.9 - https:\/\/yoast.com\/product\/yoast-seo-wordpress\/ -->\n<title>Revox B77 Just Hyaluronic Acid Fluid 3% 30ml - paragaleriedetalborjt<\/title>\n<meta name=\"robots\" content=\"index, follow, max-snippet:-1, max-image-preview:large, max-video-preview:-1\" \/>\n<link rel=\"canonical\" href=\"https:\/\/paragaleriedetalborjt.com\/en\/boutique\/revox-b77-just-hyaluronic-acid-fluid-3-30ml\/\" \/>\n<meta property=\"og:locale\" content=\"en_US\" \/>\n<meta property=\"og:type\" content=\"article\" \/>\n<meta property=\"og:title\" content=\"Revox B77 Just Hyaluronic Acid Fluid 3% 30ml - paragaleriedetalborjt\" \/>\n<meta property=\"og:description\" content=\"Highlights:REVOX B77 JUST HYALURONIC ACID FLUID 3L\u2019acide hyaluronique est un puissant ingr\u00e9dient hydratant qui convient \u00e0 tous les types de peau.\" \/>\n<meta property=\"og:url\" content=\"https:\/\/paragaleriedetalborjt.com\/en\/boutique\/revox-b77-just-hyaluronic-acid-fluid-3-30ml\/\" \/>\n<meta property=\"og:site_name\" content=\"paragaleriedetalborjt\" \/>\n<meta property=\"og:image\" content=\"https:\/\/paragaleriedetalborjt.com\/wp-content\/uploads\/2026\/01\/Revox-B77-Just-Hyaluronic-Acid-Fluid-3-30ml.jpg\" \/>\n\t<meta property=\"og:image:width\" content=\"595\" \/>\n\t<meta property=\"og:image:height\" content=\"655\" \/>\n\t<meta property=\"og:image:type\" content=\"image\/jpeg\" \/>\n<meta name=\"twitter:card\" content=\"summary_large_image\" \/>\n<meta name=\"twitter:label1\" content=\"Est. reading time\" \/>\n\t<meta name=\"twitter:data1\" content=\"2 minutes\" \/>\n<script type=\"application\/ld+json\" class=\"yoast-schema-graph\">{\"@context\":\"https:\/\/schema.org\",\"@graph\":[{\"@type\":\"WebPage\",\"@id\":\"https:\/\/paragaleriedetalborjt.com\/boutique\/revox-b77-just-hyaluronic-acid-fluid-3-30ml\/\",\"url\":\"https:\/\/paragaleriedetalborjt.com\/boutique\/revox-b77-just-hyaluronic-acid-fluid-3-30ml\/\",\"name\":\"Revox B77 Just Hyaluronic Acid Fluid 3% 30ml - paragaleriedetalborjt\",\"isPartOf\":{\"@id\":\"https:\/\/paragaleriedetalborjt.com\/#website\"},\"primaryImageOfPage\":{\"@id\":\"https:\/\/paragaleriedetalborjt.com\/boutique\/revox-b77-just-hyaluronic-acid-fluid-3-30ml\/#primaryimage\"},\"image\":{\"@id\":\"https:\/\/paragaleriedetalborjt.com\/boutique\/revox-b77-just-hyaluronic-acid-fluid-3-30ml\/#primaryimage\"},\"thumbnailUrl\":\"https:\/\/paragaleriedetalborjt.com\/wp-content\/uploads\/2026\/01\/Revox-B77-Just-Hyaluronic-Acid-Fluid-3-30ml.jpg\",\"datePublished\":\"2026-01-02T21:37:10+00:00\",\"breadcrumb\":{\"@id\":\"https:\/\/paragaleriedetalborjt.com\/boutique\/revox-b77-just-hyaluronic-acid-fluid-3-30ml\/#breadcrumb\"},\"inLanguage\":\"en-US\",\"potentialAction\":[{\"@type\":\"ReadAction\",\"target\":[\"https:\/\/paragaleriedetalborjt.com\/boutique\/revox-b77-just-hyaluronic-acid-fluid-3-30ml\/\"]}]},{\"@type\":\"ImageObject\",\"inLanguage\":\"en-US\",\"@id\":\"https:\/\/paragaleriedetalborjt.com\/boutique\/revox-b77-just-hyaluronic-acid-fluid-3-30ml\/#primaryimage\",\"url\":\"https:\/\/paragaleriedetalborjt.com\/wp-content\/uploads\/2026\/01\/Revox-B77-Just-Hyaluronic-Acid-Fluid-3-30ml.jpg\",\"contentUrl\":\"https:\/\/paragaleriedetalborjt.com\/wp-content\/uploads\/2026\/01\/Revox-B77-Just-Hyaluronic-Acid-Fluid-3-30ml.jpg\",\"width\":595,\"height\":655},{\"@type\":\"BreadcrumbList\",\"@id\":\"https:\/\/paragaleriedetalborjt.com\/boutique\/revox-b77-just-hyaluronic-acid-fluid-3-30ml\/#breadcrumb\",\"itemListElement\":[{\"@type\":\"ListItem\",\"position\":1,\"name\":\"Accueil\",\"item\":\"https:\/\/paragaleriedetalborjt.com\/\"},{\"@type\":\"ListItem\",\"position\":2,\"name\":\"Boutique\",\"item\":\"https:\/\/paragaleriedetalborjt.com\/boutique\/\"},{\"@type\":\"ListItem\",\"position\":3,\"name\":\"Revox B77 Just Hyaluronic Acid Fluid 3% 30ml\"}]},{\"@type\":\"WebSite\",\"@id\":\"https:\/\/paragaleriedetalborjt.com\/#website\",\"url\":\"https:\/\/paragaleriedetalborjt.com\/\",\"name\":\"paragaleriedetalborjt\",\"description\":\"\",\"potentialAction\":[{\"@type\":\"SearchAction\",\"target\":{\"@type\":\"EntryPoint\",\"urlTemplate\":\"https:\/\/paragaleriedetalborjt.com\/?s={search_term_string}\"},\"query-input\":{\"@type\":\"PropertyValueSpecification\",\"valueRequired\":true,\"valueName\":\"search_term_string\"}}],\"inLanguage\":\"en-US\"}]}<\/script>\n<!-- \/ Yoast SEO plugin. -->","yoast_head_json":{"title":"Revox B77 Just Hyaluronic Acid Fluid 3% 30ml - paragaleriedetalborjt","robots":{"index":"index","follow":"follow","max-snippet":"max-snippet:-1","max-image-preview":"max-image-preview:large","max-video-preview":"max-video-preview:-1"},"canonical":"https:\/\/paragaleriedetalborjt.com\/en\/boutique\/revox-b77-just-hyaluronic-acid-fluid-3-30ml\/","og_locale":"en_US","og_type":"article","og_title":"Revox B77 Just Hyaluronic Acid Fluid 3% 30ml - paragaleriedetalborjt","og_description":"Highlights:REVOX B77 JUST HYALURONIC ACID FLUID 3L\u2019acide hyaluronique est un puissant ingr\u00e9dient hydratant qui convient \u00e0 tous les types de peau.","og_url":"https:\/\/paragaleriedetalborjt.com\/en\/boutique\/revox-b77-just-hyaluronic-acid-fluid-3-30ml\/","og_site_name":"paragaleriedetalborjt","og_image":[{"width":595,"height":655,"url":"https:\/\/paragaleriedetalborjt.com\/wp-content\/uploads\/2026\/01\/Revox-B77-Just-Hyaluronic-Acid-Fluid-3-30ml.jpg","type":"image\/jpeg"}],"twitter_card":"summary_large_image","twitter_misc":{"Est. reading time":"2 minutes"},"schema":{"@context":"https:\/\/schema.org","@graph":[{"@type":"WebPage","@id":"https:\/\/paragaleriedetalborjt.com\/boutique\/revox-b77-just-hyaluronic-acid-fluid-3-30ml\/","url":"https:\/\/paragaleriedetalborjt.com\/boutique\/revox-b77-just-hyaluronic-acid-fluid-3-30ml\/","name":"Revox B77 Just Hyaluronic Acid Fluid 3% 30ml - paragaleriedetalborjt","isPartOf":{"@id":"https:\/\/paragaleriedetalborjt.com\/#website"},"primaryImageOfPage":{"@id":"https:\/\/paragaleriedetalborjt.com\/boutique\/revox-b77-just-hyaluronic-acid-fluid-3-30ml\/#primaryimage"},"image":{"@id":"https:\/\/paragaleriedetalborjt.com\/boutique\/revox-b77-just-hyaluronic-acid-fluid-3-30ml\/#primaryimage"},"thumbnailUrl":"https:\/\/paragaleriedetalborjt.com\/wp-content\/uploads\/2026\/01\/Revox-B77-Just-Hyaluronic-Acid-Fluid-3-30ml.jpg","datePublished":"2026-01-02T21:37:10+00:00","breadcrumb":{"@id":"https:\/\/paragaleriedetalborjt.com\/boutique\/revox-b77-just-hyaluronic-acid-fluid-3-30ml\/#breadcrumb"},"inLanguage":"en-US","potentialAction":[{"@type":"ReadAction","target":["https:\/\/paragaleriedetalborjt.com\/boutique\/revox-b77-just-hyaluronic-acid-fluid-3-30ml\/"]}]},{"@type":"ImageObject","inLanguage":"en-US","@id":"https:\/\/paragaleriedetalborjt.com\/boutique\/revox-b77-just-hyaluronic-acid-fluid-3-30ml\/#primaryimage","url":"https:\/\/paragaleriedetalborjt.com\/wp-content\/uploads\/2026\/01\/Revox-B77-Just-Hyaluronic-Acid-Fluid-3-30ml.jpg","contentUrl":"https:\/\/paragaleriedetalborjt.com\/wp-content\/uploads\/2026\/01\/Revox-B77-Just-Hyaluronic-Acid-Fluid-3-30ml.jpg","width":595,"height":655},{"@type":"BreadcrumbList","@id":"https:\/\/paragaleriedetalborjt.com\/boutique\/revox-b77-just-hyaluronic-acid-fluid-3-30ml\/#breadcrumb","itemListElement":[{"@type":"ListItem","position":1,"name":"Accueil","item":"https:\/\/paragaleriedetalborjt.com\/"},{"@type":"ListItem","position":2,"name":"Boutique","item":"https:\/\/paragaleriedetalborjt.com\/boutique\/"},{"@type":"ListItem","position":3,"name":"Revox B77 Just Hyaluronic Acid Fluid 3% 30ml"}]},{"@type":"WebSite","@id":"https:\/\/paragaleriedetalborjt.com\/#website","url":"https:\/\/paragaleriedetalborjt.com\/","name":"paragaleriedetalborjt","description":"","potentialAction":[{"@type":"SearchAction","target":{"@type":"EntryPoint","urlTemplate":"https:\/\/paragaleriedetalborjt.com\/?s={search_term_string}"},"query-input":{"@type":"PropertyValueSpecification","valueRequired":true,"valueName":"search_term_string"}}],"inLanguage":"en-US"}]}},"brands":[],"_links":{"self":[{"href":"https:\/\/paragaleriedetalborjt.com\/en\/wp-json\/wp\/v2\/product\/26759","targetHints":{"allow":["GET"]}}],"collection":[{"href":"https:\/\/paragaleriedetalborjt.com\/en\/wp-json\/wp\/v2\/product"}],"about":[{"href":"https:\/\/paragaleriedetalborjt.com\/en\/wp-json\/wp\/v2\/types\/product"}],"replies":[{"embeddable":true,"href":"https:\/\/paragaleriedetalborjt.com\/en\/wp-json\/wp\/v2\/comments?post=26759"}],"version-history":[{"count":1,"href":"https:\/\/paragaleriedetalborjt.com\/en\/wp-json\/wp\/v2\/product\/26759\/revisions"}],"predecessor-version":[{"id":31861,"href":"https:\/\/paragaleriedetalborjt.com\/en\/wp-json\/wp\/v2\/product\/26759\/revisions\/31861"}],"wp:featuredmedia":[{"embeddable":true,"href":"https:\/\/paragaleriedetalborjt.com\/en\/wp-json\/wp\/v2\/media\/31860"}],"wp:attachment":[{"href":"https:\/\/paragaleriedetalborjt.com\/en\/wp-json\/wp\/v2\/media?parent=26759"}],"wp:term":[{"taxonomy":"pwb-brand","embeddable":true,"href":"https:\/\/paragaleriedetalborjt.com\/en\/wp-json\/wp\/v2\/pwb-brand?post=26759"},{"taxonomy":"product_cat","embeddable":true,"href":"https:\/\/paragaleriedetalborjt.com\/en\/wp-json\/wp\/v2\/product_cat?post=26759"},{"taxonomy":"product_tag","embeddable":true,"href":"https:\/\/paragaleriedetalborjt.com\/en\/wp-json\/wp\/v2\/product_tag?post=26759"}],"curies":[{"name":"wp","href":"https:\/\/api.w.org\/{rel}","templated":true}]}}