{"id":26707,"date":"2026-01-02T22:35:21","date_gmt":"2026-01-02T21:35:21","guid":{"rendered":"https:\/\/paragaleriedetalborjt.com\/?post_type=product&#038;p=26707"},"modified":"2026-01-02T22:35:21","modified_gmt":"2026-01-02T21:35:21","slug":"sanogyl-bain-de-bouche-soin-complet-blancheur-500ml","status":"publish","type":"product","link":"https:\/\/paragaleriedetalborjt.com\/en\/boutique\/sanogyl-bain-de-bouche-soin-complet-blancheur-500ml\/","title":{"rendered":"Sanogyl Bain de Bouche Soin Complet +Blancheur 500ml"},"content":{"rendered":"<div aria-labelledby=\"tab-title-description\" class=\"woocommerce-Tabs-panel woocommerce-Tabs-panel--description panel entry-content wc-tab\" id=\"tab-description\" role=\"tabpanel\" style=\"\">\n<h2>Description<\/h2>\n<div class=\"flex max-w-full flex-col flex-grow\">\n<div class=\"min-h-8 text-message flex w-full flex-col items-end gap-2 whitespace-normal break-words [.text-message+&amp;]:mt-5\" data-message-author-role=\"assistant\" data-message-id=\"8e24c095-31f4-4661-b170-75dc0f1fbe57\" dir=\"auto\">\n<div class=\"flex w-full flex-col gap-1 empty:hidden first:pt-[3px]\">\n<div class=\"markdown prose w-full break-words dark:prose-invert light\">\n<p>Sanogyl Bain de Bouche Soin Complet + Blancheur est formul\u00e9 pour r\u00e9pondre \u00e0 plusieurs besoins bucco-dentaires en une seule utilisation. Il aide \u00e0 \u00e9liminer la plaque dentaire, pr\u00e9venir les caries et prot\u00e9ger les gencives sensibles, tout en contribuant \u00e0 rendre les dents plus blanches gr\u00e2ce \u00e0 des agents \u00e9claircissants doux. Ce bain de bouche neutralise \u00e9galement les bact\u00e9ries responsables de la mauvaise haleine, offrant ainsi une sensation de fra\u00eecheur durable. Sans alcool, il convient \u00e0 une utilisation quotidienne, renfor\u00e7ant l\u2019hygi\u00e8ne bucco-dentaire tout en favorisant un sourire \u00e9clatant. Le flacon de 500ml assure une utilisation prolong\u00e9e pour des r\u00e9sultats visibles.<\/p>\n<\/div>\n<\/div>\n<\/div>\n<\/div>\n<\/div>\n","protected":false},"excerpt":{"rendered":"<p>Highlights:Sanogyl Bain de Bouche Soin Complet + Blancheur \u2013 500ml est un bain de bouche qui offre une protection compl\u00e8te pour les dents et les gencives, tout en aidant \u00e0 blanchir les dents et \u00e0 rafra\u00eechir l\u2019haleine.<\/p>","protected":false},"featured_media":31804,"comment_status":"open","ping_status":"closed","template":"","meta":[],"pwb-brand":[],"product_cat":[16],"product_tag":[],"class_list":{"0":"post-26707","1":"product","2":"type-product","3":"status-publish","4":"has-post-thumbnail","6":"product_cat-non-classe","7":"pa_brands-sanogyl","9":"first","10":"instock","11":"sale","12":"shipping-taxable","13":"purchasable","14":"product-type-simple"},"yoast_head":"<!-- This site is optimized with the Yoast SEO plugin v27.5 - https:\/\/yoast.com\/product\/yoast-seo-wordpress\/ -->\n<title>Sanogyl Bain de Bouche Soin Complet +Blancheur 500ml - paragaleriedetalborjt<\/title>\n<meta name=\"robots\" content=\"index, follow, max-snippet:-1, max-image-preview:large, max-video-preview:-1\" \/>\n<link rel=\"canonical\" href=\"https:\/\/paragaleriedetalborjt.com\/en\/boutique\/sanogyl-bain-de-bouche-soin-complet-blancheur-500ml\/\" \/>\n<meta property=\"og:locale\" content=\"en_US\" \/>\n<meta property=\"og:type\" content=\"article\" \/>\n<meta property=\"og:title\" content=\"Sanogyl Bain de Bouche Soin Complet +Blancheur 500ml - paragaleriedetalborjt\" \/>\n<meta property=\"og:description\" content=\"Highlights:Sanogyl Bain de Bouche Soin Complet + Blancheur \u2013 500ml est un bain de bouche qui offre une protection compl\u00e8te pour les dents et les gencives, tout en aidant \u00e0 blanchir les dents et \u00e0 rafra\u00eechir l\u2019haleine.\" \/>\n<meta property=\"og:url\" content=\"https:\/\/paragaleriedetalborjt.com\/en\/boutique\/sanogyl-bain-de-bouche-soin-complet-blancheur-500ml\/\" \/>\n<meta property=\"og:site_name\" content=\"paragaleriedetalborjt\" \/>\n<meta property=\"og:image\" content=\"https:\/\/paragaleriedetalborjt.com\/wp-content\/uploads\/2026\/01\/Sanogyl-bain-de-bouche-soin-completblanch-500ml-600x600-1.jpg\" \/>\n\t<meta property=\"og:image:width\" content=\"600\" \/>\n\t<meta property=\"og:image:height\" content=\"600\" \/>\n\t<meta property=\"og:image:type\" content=\"image\/jpeg\" \/>\n<meta name=\"twitter:card\" content=\"summary_large_image\" \/>\n<meta name=\"twitter:label1\" content=\"Est. reading time\" \/>\n\t<meta name=\"twitter:data1\" content=\"1 minute\" \/>\n<script type=\"application\/ld+json\" class=\"yoast-schema-graph\">{\"@context\":\"https:\\\/\\\/schema.org\",\"@graph\":[{\"@type\":\"WebPage\",\"@id\":\"https:\\\/\\\/paragaleriedetalborjt.com\\\/boutique\\\/sanogyl-bain-de-bouche-soin-complet-blancheur-500ml\\\/\",\"url\":\"https:\\\/\\\/paragaleriedetalborjt.com\\\/boutique\\\/sanogyl-bain-de-bouche-soin-complet-blancheur-500ml\\\/\",\"name\":\"Sanogyl Bain de Bouche Soin Complet +Blancheur 500ml - paragaleriedetalborjt\",\"isPartOf\":{\"@id\":\"https:\\\/\\\/paragaleriedetalborjt.com\\\/#website\"},\"primaryImageOfPage\":{\"@id\":\"https:\\\/\\\/paragaleriedetalborjt.com\\\/boutique\\\/sanogyl-bain-de-bouche-soin-complet-blancheur-500ml\\\/#primaryimage\"},\"image\":{\"@id\":\"https:\\\/\\\/paragaleriedetalborjt.com\\\/boutique\\\/sanogyl-bain-de-bouche-soin-complet-blancheur-500ml\\\/#primaryimage\"},\"thumbnailUrl\":\"https:\\\/\\\/paragaleriedetalborjt.com\\\/wp-content\\\/uploads\\\/2026\\\/01\\\/Sanogyl-bain-de-bouche-soin-completblanch-500ml-600x600-1.jpg\",\"datePublished\":\"2026-01-02T21:35:21+00:00\",\"breadcrumb\":{\"@id\":\"https:\\\/\\\/paragaleriedetalborjt.com\\\/boutique\\\/sanogyl-bain-de-bouche-soin-complet-blancheur-500ml\\\/#breadcrumb\"},\"inLanguage\":\"en-US\",\"potentialAction\":[{\"@type\":\"ReadAction\",\"target\":[\"https:\\\/\\\/paragaleriedetalborjt.com\\\/boutique\\\/sanogyl-bain-de-bouche-soin-complet-blancheur-500ml\\\/\"]}]},{\"@type\":\"ImageObject\",\"inLanguage\":\"en-US\",\"@id\":\"https:\\\/\\\/paragaleriedetalborjt.com\\\/boutique\\\/sanogyl-bain-de-bouche-soin-complet-blancheur-500ml\\\/#primaryimage\",\"url\":\"https:\\\/\\\/paragaleriedetalborjt.com\\\/wp-content\\\/uploads\\\/2026\\\/01\\\/Sanogyl-bain-de-bouche-soin-completblanch-500ml-600x600-1.jpg\",\"contentUrl\":\"https:\\\/\\\/paragaleriedetalborjt.com\\\/wp-content\\\/uploads\\\/2026\\\/01\\\/Sanogyl-bain-de-bouche-soin-completblanch-500ml-600x600-1.jpg\",\"width\":600,\"height\":600},{\"@type\":\"BreadcrumbList\",\"@id\":\"https:\\\/\\\/paragaleriedetalborjt.com\\\/boutique\\\/sanogyl-bain-de-bouche-soin-complet-blancheur-500ml\\\/#breadcrumb\",\"itemListElement\":[{\"@type\":\"ListItem\",\"position\":1,\"name\":\"Accueil\",\"item\":\"https:\\\/\\\/paragaleriedetalborjt.com\\\/\"},{\"@type\":\"ListItem\",\"position\":2,\"name\":\"Boutique\",\"item\":\"https:\\\/\\\/paragaleriedetalborjt.com\\\/boutique\\\/\"},{\"@type\":\"ListItem\",\"position\":3,\"name\":\"Sanogyl Bain de Bouche Soin Complet +Blancheur 500ml\"}]},{\"@type\":\"WebSite\",\"@id\":\"https:\\\/\\\/paragaleriedetalborjt.com\\\/#website\",\"url\":\"https:\\\/\\\/paragaleriedetalborjt.com\\\/\",\"name\":\"paragaleriedetalborjt\",\"description\":\"\",\"potentialAction\":[{\"@type\":\"SearchAction\",\"target\":{\"@type\":\"EntryPoint\",\"urlTemplate\":\"https:\\\/\\\/paragaleriedetalborjt.com\\\/?s={search_term_string}\"},\"query-input\":{\"@type\":\"PropertyValueSpecification\",\"valueRequired\":true,\"valueName\":\"search_term_string\"}}],\"inLanguage\":\"en-US\"}]}<\/script>\n<!-- \/ Yoast SEO plugin. -->","yoast_head_json":{"title":"Sanogyl Bain de Bouche Soin Complet +Blancheur 500ml - paragaleriedetalborjt","robots":{"index":"index","follow":"follow","max-snippet":"max-snippet:-1","max-image-preview":"max-image-preview:large","max-video-preview":"max-video-preview:-1"},"canonical":"https:\/\/paragaleriedetalborjt.com\/en\/boutique\/sanogyl-bain-de-bouche-soin-complet-blancheur-500ml\/","og_locale":"en_US","og_type":"article","og_title":"Sanogyl Bain de Bouche Soin Complet +Blancheur 500ml - paragaleriedetalborjt","og_description":"Highlights:Sanogyl Bain de Bouche Soin Complet + Blancheur \u2013 500ml est un bain de bouche qui offre une protection compl\u00e8te pour les dents et les gencives, tout en aidant \u00e0 blanchir les dents et \u00e0 rafra\u00eechir l\u2019haleine.","og_url":"https:\/\/paragaleriedetalborjt.com\/en\/boutique\/sanogyl-bain-de-bouche-soin-complet-blancheur-500ml\/","og_site_name":"paragaleriedetalborjt","og_image":[{"width":600,"height":600,"url":"https:\/\/paragaleriedetalborjt.com\/wp-content\/uploads\/2026\/01\/Sanogyl-bain-de-bouche-soin-completblanch-500ml-600x600-1.jpg","type":"image\/jpeg"}],"twitter_card":"summary_large_image","twitter_misc":{"Est. reading time":"1 minute"},"schema":{"@context":"https:\/\/schema.org","@graph":[{"@type":"WebPage","@id":"https:\/\/paragaleriedetalborjt.com\/boutique\/sanogyl-bain-de-bouche-soin-complet-blancheur-500ml\/","url":"https:\/\/paragaleriedetalborjt.com\/boutique\/sanogyl-bain-de-bouche-soin-complet-blancheur-500ml\/","name":"Sanogyl Bain de Bouche Soin Complet +Blancheur 500ml - paragaleriedetalborjt","isPartOf":{"@id":"https:\/\/paragaleriedetalborjt.com\/#website"},"primaryImageOfPage":{"@id":"https:\/\/paragaleriedetalborjt.com\/boutique\/sanogyl-bain-de-bouche-soin-complet-blancheur-500ml\/#primaryimage"},"image":{"@id":"https:\/\/paragaleriedetalborjt.com\/boutique\/sanogyl-bain-de-bouche-soin-complet-blancheur-500ml\/#primaryimage"},"thumbnailUrl":"https:\/\/paragaleriedetalborjt.com\/wp-content\/uploads\/2026\/01\/Sanogyl-bain-de-bouche-soin-completblanch-500ml-600x600-1.jpg","datePublished":"2026-01-02T21:35:21+00:00","breadcrumb":{"@id":"https:\/\/paragaleriedetalborjt.com\/boutique\/sanogyl-bain-de-bouche-soin-complet-blancheur-500ml\/#breadcrumb"},"inLanguage":"en-US","potentialAction":[{"@type":"ReadAction","target":["https:\/\/paragaleriedetalborjt.com\/boutique\/sanogyl-bain-de-bouche-soin-complet-blancheur-500ml\/"]}]},{"@type":"ImageObject","inLanguage":"en-US","@id":"https:\/\/paragaleriedetalborjt.com\/boutique\/sanogyl-bain-de-bouche-soin-complet-blancheur-500ml\/#primaryimage","url":"https:\/\/paragaleriedetalborjt.com\/wp-content\/uploads\/2026\/01\/Sanogyl-bain-de-bouche-soin-completblanch-500ml-600x600-1.jpg","contentUrl":"https:\/\/paragaleriedetalborjt.com\/wp-content\/uploads\/2026\/01\/Sanogyl-bain-de-bouche-soin-completblanch-500ml-600x600-1.jpg","width":600,"height":600},{"@type":"BreadcrumbList","@id":"https:\/\/paragaleriedetalborjt.com\/boutique\/sanogyl-bain-de-bouche-soin-complet-blancheur-500ml\/#breadcrumb","itemListElement":[{"@type":"ListItem","position":1,"name":"Accueil","item":"https:\/\/paragaleriedetalborjt.com\/"},{"@type":"ListItem","position":2,"name":"Boutique","item":"https:\/\/paragaleriedetalborjt.com\/boutique\/"},{"@type":"ListItem","position":3,"name":"Sanogyl Bain de Bouche Soin Complet +Blancheur 500ml"}]},{"@type":"WebSite","@id":"https:\/\/paragaleriedetalborjt.com\/#website","url":"https:\/\/paragaleriedetalborjt.com\/","name":"paragaleriedetalborjt","description":"","potentialAction":[{"@type":"SearchAction","target":{"@type":"EntryPoint","urlTemplate":"https:\/\/paragaleriedetalborjt.com\/?s={search_term_string}"},"query-input":{"@type":"PropertyValueSpecification","valueRequired":true,"valueName":"search_term_string"}}],"inLanguage":"en-US"}]}},"brands":[],"_links":{"self":[{"href":"https:\/\/paragaleriedetalborjt.com\/en\/wp-json\/wp\/v2\/product\/26707","targetHints":{"allow":["GET"]}}],"collection":[{"href":"https:\/\/paragaleriedetalborjt.com\/en\/wp-json\/wp\/v2\/product"}],"about":[{"href":"https:\/\/paragaleriedetalborjt.com\/en\/wp-json\/wp\/v2\/types\/product"}],"replies":[{"embeddable":true,"href":"https:\/\/paragaleriedetalborjt.com\/en\/wp-json\/wp\/v2\/comments?post=26707"}],"version-history":[{"count":1,"href":"https:\/\/paragaleriedetalborjt.com\/en\/wp-json\/wp\/v2\/product\/26707\/revisions"}],"predecessor-version":[{"id":31805,"href":"https:\/\/paragaleriedetalborjt.com\/en\/wp-json\/wp\/v2\/product\/26707\/revisions\/31805"}],"wp:featuredmedia":[{"embeddable":true,"href":"https:\/\/paragaleriedetalborjt.com\/en\/wp-json\/wp\/v2\/media\/31804"}],"wp:attachment":[{"href":"https:\/\/paragaleriedetalborjt.com\/en\/wp-json\/wp\/v2\/media?parent=26707"}],"wp:term":[{"taxonomy":"pwb-brand","embeddable":true,"href":"https:\/\/paragaleriedetalborjt.com\/en\/wp-json\/wp\/v2\/pwb-brand?post=26707"},{"taxonomy":"product_cat","embeddable":true,"href":"https:\/\/paragaleriedetalborjt.com\/en\/wp-json\/wp\/v2\/product_cat?post=26707"},{"taxonomy":"product_tag","embeddable":true,"href":"https:\/\/paragaleriedetalborjt.com\/en\/wp-json\/wp\/v2\/product_tag?post=26707"}],"curies":[{"name":"wp","href":"https:\/\/api.w.org\/{rel}","templated":true}]}}