{"id":26619,"date":"2026-01-02T22:32:19","date_gmt":"2026-01-02T21:32:19","guid":{"rendered":"https:\/\/paragaleriedetalborjt.com\/?post_type=product&#038;p=26619"},"modified":"2026-01-02T22:32:19","modified_gmt":"2026-01-02T21:32:19","slug":"novaderm-mousse-nettoyante-purifiante-150ml","status":"publish","type":"product","link":"https:\/\/paragaleriedetalborjt.com\/en\/boutique\/novaderm-mousse-nettoyante-purifiante-150ml\/","title":{"rendered":"Novaderm Mousse Nettoyante Purifiante 150ml"},"content":{"rendered":"<div aria-labelledby=\"tab-title-description\" class=\"woocommerce-Tabs-panel woocommerce-Tabs-panel--description panel entry-content wc-tab\" id=\"tab-description\" role=\"tabpanel\" style=\"\">\n<h2>Description<\/h2>\n<div class=\"flex max-w-full flex-col flex-grow\">\n<div class=\"min-h-8 text-message flex w-full flex-col items-end gap-2 whitespace-normal break-words [.text-message+&amp;]:mt-5\" data-message-author-role=\"assistant\" data-message-id=\"ec91ea53-bd75-4f9f-89f2-fadd033eec7a\" dir=\"auto\">\n<div class=\"flex w-full flex-col gap-1 empty:hidden first:pt-[3px]\">\n<div class=\"markdown prose w-full break-words dark:prose-invert light\">\n<p>Novaderm Mousse Nettoyante Purifiante est id\u00e9ale pour les peaux sujettes aux imperfections. Sa formule l\u00e9g\u00e8re et moussante nettoie en profondeur les pores, \u00e9liminant les impuret\u00e9s, le maquillage et l\u2019exc\u00e8s de s\u00e9bum.<\/p>\n<p>Enrichie en agents purifiants, cette mousse aide \u00e0 pr\u00e9venir les \u00e9ruptions cutan\u00e9es et laisse la peau propre, fra\u00eeche et matifi\u00e9e.<\/p>\n<p>Elle respecte l\u2019\u00e9quilibre naturel de la peau, en \u00e9vitant les sensations de tiraillement. Adapt\u00e9e pour un usage quotidien, elle est facile \u00e0 rincer et laisse une sensation de confort. Le flacon de 150ml est pratique pour un usage prolong\u00e9.<\/p>\n<\/div>\n<\/div>\n<\/div>\n<\/div>\n<div class=\"mb-2 flex gap-3 empty:hidden -ml-2\">\n<div class=\"items-center justify-start rounded-xl p-1 flex\">\n<div class=\"flex items-center\"><button aria-label=\"Read aloud\" class=\"rounded-lg text-token-text-secondary hover:bg-token-main-surface-secondary\" data-testid=\"voice-play-turn-action-button\"><\/button><button aria-label=\"Copier\" class=\"rounded-lg text-token-text-secondary hover:bg-token-main-surface-secondary\" data-testid=\"copy-turn-action-button\"><\/button><\/p>\n<div class=\"flex\"><\/div>\n<div class=\"flex items-center pb-0\"><\/div>\n<\/div>\n<\/div>\n<\/div>\n<\/div>\n","protected":false},"excerpt":{"rendered":"<p>Highlights:Novaderm Mousse Nettoyante Purifiante \u2013 150ml est un nettoyant doux et efficace, formul\u00e9 pour les peaux mixtes \u00e0 grasses, qui \u00e9limine les impuret\u00e9s et l\u2019exc\u00e8s de s\u00e9bum tout en purifiant la peau sans l\u2019ass\u00e9cher.<\/p>","protected":false},"featured_media":31704,"comment_status":"open","ping_status":"closed","template":"","meta":[],"pwb-brand":[],"product_cat":[16],"product_tag":[],"class_list":{"0":"post-26619","1":"product","2":"type-product","3":"status-publish","4":"has-post-thumbnail","6":"product_cat-non-classe","7":"pa_brands-novaderm","9":"first","10":"instock","11":"sale","12":"shipping-taxable","13":"purchasable","14":"product-type-simple"},"yoast_head":"<!-- This site is optimized with the Yoast SEO plugin v26.9 - https:\/\/yoast.com\/product\/yoast-seo-wordpress\/ -->\n<title>Novaderm Mousse Nettoyante Purifiante 150ml - paragaleriedetalborjt<\/title>\n<meta name=\"robots\" content=\"index, follow, max-snippet:-1, max-image-preview:large, max-video-preview:-1\" \/>\n<link rel=\"canonical\" href=\"https:\/\/paragaleriedetalborjt.com\/en\/boutique\/novaderm-mousse-nettoyante-purifiante-150ml\/\" \/>\n<meta property=\"og:locale\" content=\"en_US\" \/>\n<meta property=\"og:type\" content=\"article\" \/>\n<meta property=\"og:title\" content=\"Novaderm Mousse Nettoyante Purifiante 150ml - paragaleriedetalborjt\" \/>\n<meta property=\"og:description\" content=\"Highlights:Novaderm Mousse Nettoyante Purifiante \u2013 150ml est un nettoyant doux et efficace, formul\u00e9 pour les peaux mixtes \u00e0 grasses, qui \u00e9limine les impuret\u00e9s et l\u2019exc\u00e8s de s\u00e9bum tout en purifiant la peau sans l\u2019ass\u00e9cher.\" \/>\n<meta property=\"og:url\" content=\"https:\/\/paragaleriedetalborjt.com\/en\/boutique\/novaderm-mousse-nettoyante-purifiante-150ml\/\" \/>\n<meta property=\"og:site_name\" content=\"paragaleriedetalborjt\" \/>\n<meta property=\"og:image\" content=\"https:\/\/paragaleriedetalborjt.com\/wp-content\/uploads\/2026\/01\/Novaderm-Mousse-nettoyante-purifiante-150ml-600x600-1.jpg\" \/>\n\t<meta property=\"og:image:width\" content=\"600\" \/>\n\t<meta property=\"og:image:height\" content=\"600\" \/>\n\t<meta property=\"og:image:type\" content=\"image\/jpeg\" \/>\n<meta name=\"twitter:card\" content=\"summary_large_image\" \/>\n<meta name=\"twitter:label1\" content=\"Est. reading time\" \/>\n\t<meta name=\"twitter:data1\" content=\"1 minute\" \/>\n<script type=\"application\/ld+json\" class=\"yoast-schema-graph\">{\"@context\":\"https:\/\/schema.org\",\"@graph\":[{\"@type\":\"WebPage\",\"@id\":\"https:\/\/paragaleriedetalborjt.com\/boutique\/novaderm-mousse-nettoyante-purifiante-150ml\/\",\"url\":\"https:\/\/paragaleriedetalborjt.com\/boutique\/novaderm-mousse-nettoyante-purifiante-150ml\/\",\"name\":\"Novaderm Mousse Nettoyante Purifiante 150ml - paragaleriedetalborjt\",\"isPartOf\":{\"@id\":\"https:\/\/paragaleriedetalborjt.com\/#website\"},\"primaryImageOfPage\":{\"@id\":\"https:\/\/paragaleriedetalborjt.com\/boutique\/novaderm-mousse-nettoyante-purifiante-150ml\/#primaryimage\"},\"image\":{\"@id\":\"https:\/\/paragaleriedetalborjt.com\/boutique\/novaderm-mousse-nettoyante-purifiante-150ml\/#primaryimage\"},\"thumbnailUrl\":\"https:\/\/paragaleriedetalborjt.com\/wp-content\/uploads\/2026\/01\/Novaderm-Mousse-nettoyante-purifiante-150ml-600x600-1.jpg\",\"datePublished\":\"2026-01-02T21:32:19+00:00\",\"breadcrumb\":{\"@id\":\"https:\/\/paragaleriedetalborjt.com\/boutique\/novaderm-mousse-nettoyante-purifiante-150ml\/#breadcrumb\"},\"inLanguage\":\"en-US\",\"potentialAction\":[{\"@type\":\"ReadAction\",\"target\":[\"https:\/\/paragaleriedetalborjt.com\/boutique\/novaderm-mousse-nettoyante-purifiante-150ml\/\"]}]},{\"@type\":\"ImageObject\",\"inLanguage\":\"en-US\",\"@id\":\"https:\/\/paragaleriedetalborjt.com\/boutique\/novaderm-mousse-nettoyante-purifiante-150ml\/#primaryimage\",\"url\":\"https:\/\/paragaleriedetalborjt.com\/wp-content\/uploads\/2026\/01\/Novaderm-Mousse-nettoyante-purifiante-150ml-600x600-1.jpg\",\"contentUrl\":\"https:\/\/paragaleriedetalborjt.com\/wp-content\/uploads\/2026\/01\/Novaderm-Mousse-nettoyante-purifiante-150ml-600x600-1.jpg\",\"width\":600,\"height\":600},{\"@type\":\"BreadcrumbList\",\"@id\":\"https:\/\/paragaleriedetalborjt.com\/boutique\/novaderm-mousse-nettoyante-purifiante-150ml\/#breadcrumb\",\"itemListElement\":[{\"@type\":\"ListItem\",\"position\":1,\"name\":\"Accueil\",\"item\":\"https:\/\/paragaleriedetalborjt.com\/\"},{\"@type\":\"ListItem\",\"position\":2,\"name\":\"Boutique\",\"item\":\"https:\/\/paragaleriedetalborjt.com\/boutique\/\"},{\"@type\":\"ListItem\",\"position\":3,\"name\":\"Novaderm Mousse Nettoyante Purifiante 150ml\"}]},{\"@type\":\"WebSite\",\"@id\":\"https:\/\/paragaleriedetalborjt.com\/#website\",\"url\":\"https:\/\/paragaleriedetalborjt.com\/\",\"name\":\"paragaleriedetalborjt\",\"description\":\"\",\"potentialAction\":[{\"@type\":\"SearchAction\",\"target\":{\"@type\":\"EntryPoint\",\"urlTemplate\":\"https:\/\/paragaleriedetalborjt.com\/?s={search_term_string}\"},\"query-input\":{\"@type\":\"PropertyValueSpecification\",\"valueRequired\":true,\"valueName\":\"search_term_string\"}}],\"inLanguage\":\"en-US\"}]}<\/script>\n<!-- \/ Yoast SEO plugin. -->","yoast_head_json":{"title":"Novaderm Mousse Nettoyante Purifiante 150ml - paragaleriedetalborjt","robots":{"index":"index","follow":"follow","max-snippet":"max-snippet:-1","max-image-preview":"max-image-preview:large","max-video-preview":"max-video-preview:-1"},"canonical":"https:\/\/paragaleriedetalborjt.com\/en\/boutique\/novaderm-mousse-nettoyante-purifiante-150ml\/","og_locale":"en_US","og_type":"article","og_title":"Novaderm Mousse Nettoyante Purifiante 150ml - paragaleriedetalborjt","og_description":"Highlights:Novaderm Mousse Nettoyante Purifiante \u2013 150ml est un nettoyant doux et efficace, formul\u00e9 pour les peaux mixtes \u00e0 grasses, qui \u00e9limine les impuret\u00e9s et l\u2019exc\u00e8s de s\u00e9bum tout en purifiant la peau sans l\u2019ass\u00e9cher.","og_url":"https:\/\/paragaleriedetalborjt.com\/en\/boutique\/novaderm-mousse-nettoyante-purifiante-150ml\/","og_site_name":"paragaleriedetalborjt","og_image":[{"width":600,"height":600,"url":"https:\/\/paragaleriedetalborjt.com\/wp-content\/uploads\/2026\/01\/Novaderm-Mousse-nettoyante-purifiante-150ml-600x600-1.jpg","type":"image\/jpeg"}],"twitter_card":"summary_large_image","twitter_misc":{"Est. reading time":"1 minute"},"schema":{"@context":"https:\/\/schema.org","@graph":[{"@type":"WebPage","@id":"https:\/\/paragaleriedetalborjt.com\/boutique\/novaderm-mousse-nettoyante-purifiante-150ml\/","url":"https:\/\/paragaleriedetalborjt.com\/boutique\/novaderm-mousse-nettoyante-purifiante-150ml\/","name":"Novaderm Mousse Nettoyante Purifiante 150ml - paragaleriedetalborjt","isPartOf":{"@id":"https:\/\/paragaleriedetalborjt.com\/#website"},"primaryImageOfPage":{"@id":"https:\/\/paragaleriedetalborjt.com\/boutique\/novaderm-mousse-nettoyante-purifiante-150ml\/#primaryimage"},"image":{"@id":"https:\/\/paragaleriedetalborjt.com\/boutique\/novaderm-mousse-nettoyante-purifiante-150ml\/#primaryimage"},"thumbnailUrl":"https:\/\/paragaleriedetalborjt.com\/wp-content\/uploads\/2026\/01\/Novaderm-Mousse-nettoyante-purifiante-150ml-600x600-1.jpg","datePublished":"2026-01-02T21:32:19+00:00","breadcrumb":{"@id":"https:\/\/paragaleriedetalborjt.com\/boutique\/novaderm-mousse-nettoyante-purifiante-150ml\/#breadcrumb"},"inLanguage":"en-US","potentialAction":[{"@type":"ReadAction","target":["https:\/\/paragaleriedetalborjt.com\/boutique\/novaderm-mousse-nettoyante-purifiante-150ml\/"]}]},{"@type":"ImageObject","inLanguage":"en-US","@id":"https:\/\/paragaleriedetalborjt.com\/boutique\/novaderm-mousse-nettoyante-purifiante-150ml\/#primaryimage","url":"https:\/\/paragaleriedetalborjt.com\/wp-content\/uploads\/2026\/01\/Novaderm-Mousse-nettoyante-purifiante-150ml-600x600-1.jpg","contentUrl":"https:\/\/paragaleriedetalborjt.com\/wp-content\/uploads\/2026\/01\/Novaderm-Mousse-nettoyante-purifiante-150ml-600x600-1.jpg","width":600,"height":600},{"@type":"BreadcrumbList","@id":"https:\/\/paragaleriedetalborjt.com\/boutique\/novaderm-mousse-nettoyante-purifiante-150ml\/#breadcrumb","itemListElement":[{"@type":"ListItem","position":1,"name":"Accueil","item":"https:\/\/paragaleriedetalborjt.com\/"},{"@type":"ListItem","position":2,"name":"Boutique","item":"https:\/\/paragaleriedetalborjt.com\/boutique\/"},{"@type":"ListItem","position":3,"name":"Novaderm Mousse Nettoyante Purifiante 150ml"}]},{"@type":"WebSite","@id":"https:\/\/paragaleriedetalborjt.com\/#website","url":"https:\/\/paragaleriedetalborjt.com\/","name":"paragaleriedetalborjt","description":"","potentialAction":[{"@type":"SearchAction","target":{"@type":"EntryPoint","urlTemplate":"https:\/\/paragaleriedetalborjt.com\/?s={search_term_string}"},"query-input":{"@type":"PropertyValueSpecification","valueRequired":true,"valueName":"search_term_string"}}],"inLanguage":"en-US"}]}},"brands":[],"_links":{"self":[{"href":"https:\/\/paragaleriedetalborjt.com\/en\/wp-json\/wp\/v2\/product\/26619","targetHints":{"allow":["GET"]}}],"collection":[{"href":"https:\/\/paragaleriedetalborjt.com\/en\/wp-json\/wp\/v2\/product"}],"about":[{"href":"https:\/\/paragaleriedetalborjt.com\/en\/wp-json\/wp\/v2\/types\/product"}],"replies":[{"embeddable":true,"href":"https:\/\/paragaleriedetalborjt.com\/en\/wp-json\/wp\/v2\/comments?post=26619"}],"version-history":[{"count":1,"href":"https:\/\/paragaleriedetalborjt.com\/en\/wp-json\/wp\/v2\/product\/26619\/revisions"}],"predecessor-version":[{"id":31705,"href":"https:\/\/paragaleriedetalborjt.com\/en\/wp-json\/wp\/v2\/product\/26619\/revisions\/31705"}],"wp:featuredmedia":[{"embeddable":true,"href":"https:\/\/paragaleriedetalborjt.com\/en\/wp-json\/wp\/v2\/media\/31704"}],"wp:attachment":[{"href":"https:\/\/paragaleriedetalborjt.com\/en\/wp-json\/wp\/v2\/media?parent=26619"}],"wp:term":[{"taxonomy":"pwb-brand","embeddable":true,"href":"https:\/\/paragaleriedetalborjt.com\/en\/wp-json\/wp\/v2\/pwb-brand?post=26619"},{"taxonomy":"product_cat","embeddable":true,"href":"https:\/\/paragaleriedetalborjt.com\/en\/wp-json\/wp\/v2\/product_cat?post=26619"},{"taxonomy":"product_tag","embeddable":true,"href":"https:\/\/paragaleriedetalborjt.com\/en\/wp-json\/wp\/v2\/product_tag?post=26619"}],"curies":[{"name":"wp","href":"https:\/\/api.w.org\/{rel}","templated":true}]}}