{"id":26592,"date":"2026-01-02T22:31:29","date_gmt":"2026-01-02T21:31:29","guid":{"rendered":"https:\/\/paragaleriedetalborjt.com\/?post_type=product&#038;p=26592"},"modified":"2026-01-02T22:31:29","modified_gmt":"2026-01-02T21:31:29","slug":"babe-facial-sunscreen-super-fluid-color-spf50-50ml","status":"publish","type":"product","link":"https:\/\/paragaleriedetalborjt.com\/en\/boutique\/babe-facial-sunscreen-super-fluid-color-spf50-50ml\/","title":{"rendered":"Babe Facial Sunscreen Super Fluid Color Spf50 50ml"},"content":{"rendered":"<div aria-labelledby=\"tab-title-description\" class=\"woocommerce-Tabs-panel woocommerce-Tabs-panel--description panel entry-content wc-tab\" id=\"tab-description\" role=\"tabpanel\" style=\"\">\n<h2>Description<\/h2>\n<div class=\"flex max-w-full flex-col flex-grow\">\n<div class=\"min-h-8 text-message flex w-full flex-col items-end gap-2 whitespace-normal break-words [.text-message+&amp;]:mt-5\" data-message-author-role=\"assistant\" data-message-id=\"04b21505-2408-41f4-a9f7-e797f8436cb7\" dir=\"auto\">\n<div class=\"flex w-full flex-col gap-1 empty:hidden first:pt-[3px]\">\n<div class=\"markdown prose w-full break-words dark:prose-invert light\">\n<p>Bab\u00e9 Facial Sunscreen Super Fluid Color SPF50 est un \u00e9cran solaire teint\u00e9 ultra-l\u00e9ger con\u00e7u pour prot\u00e9ger efficacement la peau des rayons UVA\/UVB tout en unifiant le teint. Sa formule fluide et non grasse p\u00e9n\u00e8tre rapidement, laissant la peau douce, hydrat\u00e9e et sans r\u00e9sidu collant. Gr\u00e2ce \u00e0 sa teinte l\u00e9g\u00e8re, il offre une couvrance naturelle qui camoufle les imperfections tout en apportant une protection optimale contre les m\u00e9faits du soleil. Convient \u00e0 tous les types de peau, y compris les peaux sensibles, ce soin solaire de 50ml est id\u00e9al pour une utilisation quotidienne, apportant une protection haute performance et un effet embellisseur instantan\u00e9.<\/p>\n<\/div>\n<\/div>\n<\/div>\n<\/div>\n<\/div>\n","protected":false},"excerpt":{"rendered":"<p>Highlights:Bab\u00e9 Facial Sunscreen Super Fluid Color SPF50 \u2013 50ml est une protection solaire teint\u00e9e pour le visage, offrant une tr\u00e8s haute protection contre les UVA et UVB tout en unifiant le teint avec une texture l\u00e9g\u00e8re et fluide.<\/p>","protected":false},"featured_media":31676,"comment_status":"open","ping_status":"closed","template":"","meta":[],"pwb-brand":[],"product_cat":[16],"product_tag":[],"class_list":{"0":"post-26592","1":"product","2":"type-product","3":"status-publish","4":"has-post-thumbnail","6":"product_cat-non-classe","7":"pa_brands-babe","9":"first","10":"instock","11":"sale","12":"shipping-taxable","13":"purchasable","14":"product-type-simple"},"yoast_head":"<!-- This site is optimized with the Yoast SEO plugin v26.9 - https:\/\/yoast.com\/product\/yoast-seo-wordpress\/ -->\n<title>Babe Facial Sunscreen Super Fluid Color Spf50 50ml - paragaleriedetalborjt<\/title>\n<meta name=\"robots\" content=\"index, follow, max-snippet:-1, max-image-preview:large, max-video-preview:-1\" \/>\n<link rel=\"canonical\" href=\"https:\/\/paragaleriedetalborjt.com\/en\/boutique\/babe-facial-sunscreen-super-fluid-color-spf50-50ml\/\" \/>\n<meta property=\"og:locale\" content=\"en_US\" \/>\n<meta property=\"og:type\" content=\"article\" \/>\n<meta property=\"og:title\" content=\"Babe Facial Sunscreen Super Fluid Color Spf50 50ml - paragaleriedetalborjt\" \/>\n<meta property=\"og:description\" content=\"Highlights:Bab\u00e9 Facial Sunscreen Super Fluid Color SPF50 \u2013 50ml est une protection solaire teint\u00e9e pour le visage, offrant une tr\u00e8s haute protection contre les UVA et UVB tout en unifiant le teint avec une texture l\u00e9g\u00e8re et fluide.\" \/>\n<meta property=\"og:url\" content=\"https:\/\/paragaleriedetalborjt.com\/en\/boutique\/babe-facial-sunscreen-super-fluid-color-spf50-50ml\/\" \/>\n<meta property=\"og:site_name\" content=\"paragaleriedetalborjt\" \/>\n<meta property=\"og:image\" content=\"https:\/\/paragaleriedetalborjt.com\/wp-content\/uploads\/2026\/01\/Babe-Facial-sunscreen-super-fluid-color-spf50-50ml-2-600x600-1.jpg\" \/>\n\t<meta property=\"og:image:width\" content=\"600\" \/>\n\t<meta property=\"og:image:height\" content=\"600\" \/>\n\t<meta property=\"og:image:type\" content=\"image\/jpeg\" \/>\n<meta name=\"twitter:card\" content=\"summary_large_image\" \/>\n<meta name=\"twitter:label1\" content=\"Est. reading time\" \/>\n\t<meta name=\"twitter:data1\" content=\"1 minute\" \/>\n<script type=\"application\/ld+json\" class=\"yoast-schema-graph\">{\"@context\":\"https:\/\/schema.org\",\"@graph\":[{\"@type\":\"WebPage\",\"@id\":\"https:\/\/paragaleriedetalborjt.com\/boutique\/babe-facial-sunscreen-super-fluid-color-spf50-50ml\/\",\"url\":\"https:\/\/paragaleriedetalborjt.com\/boutique\/babe-facial-sunscreen-super-fluid-color-spf50-50ml\/\",\"name\":\"Babe Facial Sunscreen Super Fluid Color Spf50 50ml - paragaleriedetalborjt\",\"isPartOf\":{\"@id\":\"https:\/\/paragaleriedetalborjt.com\/#website\"},\"primaryImageOfPage\":{\"@id\":\"https:\/\/paragaleriedetalborjt.com\/boutique\/babe-facial-sunscreen-super-fluid-color-spf50-50ml\/#primaryimage\"},\"image\":{\"@id\":\"https:\/\/paragaleriedetalborjt.com\/boutique\/babe-facial-sunscreen-super-fluid-color-spf50-50ml\/#primaryimage\"},\"thumbnailUrl\":\"https:\/\/paragaleriedetalborjt.com\/wp-content\/uploads\/2026\/01\/Babe-Facial-sunscreen-super-fluid-color-spf50-50ml-2-600x600-1.jpg\",\"datePublished\":\"2026-01-02T21:31:29+00:00\",\"breadcrumb\":{\"@id\":\"https:\/\/paragaleriedetalborjt.com\/boutique\/babe-facial-sunscreen-super-fluid-color-spf50-50ml\/#breadcrumb\"},\"inLanguage\":\"en-US\",\"potentialAction\":[{\"@type\":\"ReadAction\",\"target\":[\"https:\/\/paragaleriedetalborjt.com\/boutique\/babe-facial-sunscreen-super-fluid-color-spf50-50ml\/\"]}]},{\"@type\":\"ImageObject\",\"inLanguage\":\"en-US\",\"@id\":\"https:\/\/paragaleriedetalborjt.com\/boutique\/babe-facial-sunscreen-super-fluid-color-spf50-50ml\/#primaryimage\",\"url\":\"https:\/\/paragaleriedetalborjt.com\/wp-content\/uploads\/2026\/01\/Babe-Facial-sunscreen-super-fluid-color-spf50-50ml-2-600x600-1.jpg\",\"contentUrl\":\"https:\/\/paragaleriedetalborjt.com\/wp-content\/uploads\/2026\/01\/Babe-Facial-sunscreen-super-fluid-color-spf50-50ml-2-600x600-1.jpg\",\"width\":600,\"height\":600},{\"@type\":\"BreadcrumbList\",\"@id\":\"https:\/\/paragaleriedetalborjt.com\/boutique\/babe-facial-sunscreen-super-fluid-color-spf50-50ml\/#breadcrumb\",\"itemListElement\":[{\"@type\":\"ListItem\",\"position\":1,\"name\":\"Accueil\",\"item\":\"https:\/\/paragaleriedetalborjt.com\/\"},{\"@type\":\"ListItem\",\"position\":2,\"name\":\"Boutique\",\"item\":\"https:\/\/paragaleriedetalborjt.com\/boutique\/\"},{\"@type\":\"ListItem\",\"position\":3,\"name\":\"Babe Facial Sunscreen Super Fluid Color Spf50 50ml\"}]},{\"@type\":\"WebSite\",\"@id\":\"https:\/\/paragaleriedetalborjt.com\/#website\",\"url\":\"https:\/\/paragaleriedetalborjt.com\/\",\"name\":\"paragaleriedetalborjt\",\"description\":\"\",\"potentialAction\":[{\"@type\":\"SearchAction\",\"target\":{\"@type\":\"EntryPoint\",\"urlTemplate\":\"https:\/\/paragaleriedetalborjt.com\/?s={search_term_string}\"},\"query-input\":{\"@type\":\"PropertyValueSpecification\",\"valueRequired\":true,\"valueName\":\"search_term_string\"}}],\"inLanguage\":\"en-US\"}]}<\/script>\n<!-- \/ Yoast SEO plugin. -->","yoast_head_json":{"title":"Babe Facial Sunscreen Super Fluid Color Spf50 50ml - paragaleriedetalborjt","robots":{"index":"index","follow":"follow","max-snippet":"max-snippet:-1","max-image-preview":"max-image-preview:large","max-video-preview":"max-video-preview:-1"},"canonical":"https:\/\/paragaleriedetalborjt.com\/en\/boutique\/babe-facial-sunscreen-super-fluid-color-spf50-50ml\/","og_locale":"en_US","og_type":"article","og_title":"Babe Facial Sunscreen Super Fluid Color Spf50 50ml - paragaleriedetalborjt","og_description":"Highlights:Bab\u00e9 Facial Sunscreen Super Fluid Color SPF50 \u2013 50ml est une protection solaire teint\u00e9e pour le visage, offrant une tr\u00e8s haute protection contre les UVA et UVB tout en unifiant le teint avec une texture l\u00e9g\u00e8re et fluide.","og_url":"https:\/\/paragaleriedetalborjt.com\/en\/boutique\/babe-facial-sunscreen-super-fluid-color-spf50-50ml\/","og_site_name":"paragaleriedetalborjt","og_image":[{"width":600,"height":600,"url":"https:\/\/paragaleriedetalborjt.com\/wp-content\/uploads\/2026\/01\/Babe-Facial-sunscreen-super-fluid-color-spf50-50ml-2-600x600-1.jpg","type":"image\/jpeg"}],"twitter_card":"summary_large_image","twitter_misc":{"Est. reading time":"1 minute"},"schema":{"@context":"https:\/\/schema.org","@graph":[{"@type":"WebPage","@id":"https:\/\/paragaleriedetalborjt.com\/boutique\/babe-facial-sunscreen-super-fluid-color-spf50-50ml\/","url":"https:\/\/paragaleriedetalborjt.com\/boutique\/babe-facial-sunscreen-super-fluid-color-spf50-50ml\/","name":"Babe Facial Sunscreen Super Fluid Color Spf50 50ml - paragaleriedetalborjt","isPartOf":{"@id":"https:\/\/paragaleriedetalborjt.com\/#website"},"primaryImageOfPage":{"@id":"https:\/\/paragaleriedetalborjt.com\/boutique\/babe-facial-sunscreen-super-fluid-color-spf50-50ml\/#primaryimage"},"image":{"@id":"https:\/\/paragaleriedetalborjt.com\/boutique\/babe-facial-sunscreen-super-fluid-color-spf50-50ml\/#primaryimage"},"thumbnailUrl":"https:\/\/paragaleriedetalborjt.com\/wp-content\/uploads\/2026\/01\/Babe-Facial-sunscreen-super-fluid-color-spf50-50ml-2-600x600-1.jpg","datePublished":"2026-01-02T21:31:29+00:00","breadcrumb":{"@id":"https:\/\/paragaleriedetalborjt.com\/boutique\/babe-facial-sunscreen-super-fluid-color-spf50-50ml\/#breadcrumb"},"inLanguage":"en-US","potentialAction":[{"@type":"ReadAction","target":["https:\/\/paragaleriedetalborjt.com\/boutique\/babe-facial-sunscreen-super-fluid-color-spf50-50ml\/"]}]},{"@type":"ImageObject","inLanguage":"en-US","@id":"https:\/\/paragaleriedetalborjt.com\/boutique\/babe-facial-sunscreen-super-fluid-color-spf50-50ml\/#primaryimage","url":"https:\/\/paragaleriedetalborjt.com\/wp-content\/uploads\/2026\/01\/Babe-Facial-sunscreen-super-fluid-color-spf50-50ml-2-600x600-1.jpg","contentUrl":"https:\/\/paragaleriedetalborjt.com\/wp-content\/uploads\/2026\/01\/Babe-Facial-sunscreen-super-fluid-color-spf50-50ml-2-600x600-1.jpg","width":600,"height":600},{"@type":"BreadcrumbList","@id":"https:\/\/paragaleriedetalborjt.com\/boutique\/babe-facial-sunscreen-super-fluid-color-spf50-50ml\/#breadcrumb","itemListElement":[{"@type":"ListItem","position":1,"name":"Accueil","item":"https:\/\/paragaleriedetalborjt.com\/"},{"@type":"ListItem","position":2,"name":"Boutique","item":"https:\/\/paragaleriedetalborjt.com\/boutique\/"},{"@type":"ListItem","position":3,"name":"Babe Facial Sunscreen Super Fluid Color Spf50 50ml"}]},{"@type":"WebSite","@id":"https:\/\/paragaleriedetalborjt.com\/#website","url":"https:\/\/paragaleriedetalborjt.com\/","name":"paragaleriedetalborjt","description":"","potentialAction":[{"@type":"SearchAction","target":{"@type":"EntryPoint","urlTemplate":"https:\/\/paragaleriedetalborjt.com\/?s={search_term_string}"},"query-input":{"@type":"PropertyValueSpecification","valueRequired":true,"valueName":"search_term_string"}}],"inLanguage":"en-US"}]}},"brands":[],"_links":{"self":[{"href":"https:\/\/paragaleriedetalborjt.com\/en\/wp-json\/wp\/v2\/product\/26592","targetHints":{"allow":["GET"]}}],"collection":[{"href":"https:\/\/paragaleriedetalborjt.com\/en\/wp-json\/wp\/v2\/product"}],"about":[{"href":"https:\/\/paragaleriedetalborjt.com\/en\/wp-json\/wp\/v2\/types\/product"}],"replies":[{"embeddable":true,"href":"https:\/\/paragaleriedetalborjt.com\/en\/wp-json\/wp\/v2\/comments?post=26592"}],"version-history":[{"count":1,"href":"https:\/\/paragaleriedetalborjt.com\/en\/wp-json\/wp\/v2\/product\/26592\/revisions"}],"predecessor-version":[{"id":31677,"href":"https:\/\/paragaleriedetalborjt.com\/en\/wp-json\/wp\/v2\/product\/26592\/revisions\/31677"}],"wp:featuredmedia":[{"embeddable":true,"href":"https:\/\/paragaleriedetalborjt.com\/en\/wp-json\/wp\/v2\/media\/31676"}],"wp:attachment":[{"href":"https:\/\/paragaleriedetalborjt.com\/en\/wp-json\/wp\/v2\/media?parent=26592"}],"wp:term":[{"taxonomy":"pwb-brand","embeddable":true,"href":"https:\/\/paragaleriedetalborjt.com\/en\/wp-json\/wp\/v2\/pwb-brand?post=26592"},{"taxonomy":"product_cat","embeddable":true,"href":"https:\/\/paragaleriedetalborjt.com\/en\/wp-json\/wp\/v2\/product_cat?post=26592"},{"taxonomy":"product_tag","embeddable":true,"href":"https:\/\/paragaleriedetalborjt.com\/en\/wp-json\/wp\/v2\/product_tag?post=26592"}],"curies":[{"name":"wp","href":"https:\/\/api.w.org\/{rel}","templated":true}]}}