{"id":26452,"date":"2026-01-02T22:26:45","date_gmt":"2026-01-02T21:26:45","guid":{"rendered":"https:\/\/paragaleriedetalborjt.com\/?post_type=product&#038;p=26452"},"modified":"2026-01-02T22:26:45","modified_gmt":"2026-01-02T21:26:45","slug":"benecos-nail-polish-wild-orchid-5ml","status":"publish","type":"product","link":"https:\/\/paragaleriedetalborjt.com\/en\/boutique\/benecos-nail-polish-wild-orchid-5ml\/","title":{"rendered":"Benecos Nail Polish Wild Orchid 5ml"},"content":{"rendered":"<div aria-labelledby=\"tab-title-description\" class=\"woocommerce-Tabs-panel woocommerce-Tabs-panel--description panel entry-content wc-tab\" id=\"tab-description\" role=\"tabpanel\" style=\"\">\n<h2>Description<\/h2>\n<p>\u00a0<\/p>\n<h3 class=\"p-summary__heading\">Caract\u00e9ristiques<\/h3>\n<div>\u2713 Contient au moins 85% d\u2019ingr\u00e9dients d\u2019origine naturelle<\/div>\n<div>\u2713 20-GRATUIT<\/div>\n<div>\u2713 Perm\u00e9able \u00e0 l\u2019eau et \u00e0 l\u2019air<\/div>\n<div>\u2713 Enrichi en huile de p\u00e9pins de pomme fran\u00e7aise et en biotine<\/div>\n<div>\u2713 V\u00e9g\u00e9talien<\/div>\n<div>\u2713 5 ml<\/div>\n<div><\/div>\n<div><\/div>\n<div>\n<p>D\u00e9couvrez une gamme de vernis brillant aux multiples couleurs.<\/p>\n<p>Pour une manucure parfaite, nettoyez tout d\u2019abord vos ongles avec le\u00a0dissolvant naturel Benecos, certifi\u00e9 BDIH, sans ac\u00e9tone, avant d\u2019appliquer le vernis de votre choix. Pour des couleurs optimales, il convient d\u2019appliquer une seconde couche, puis une couche de\u00a0vernis transparent\u00a0qui assurera une finition et une brillance parfaite !<\/p>\n<p>Les formules contiennent jusqu\u2019\u00e0 90% de mati\u00e8res premi\u00e8res renouvelables et sont exemptes de 8 substances : formald\u00e9hydes, tolu\u00e8ne, r\u00e9sine, phtalates, parab\u00e8nes, silicone et compos\u00e9s organohalog\u00e9n\u00e9s. Elles sont enrichies en huile d\u2019avocat et biotine (Vitamine B7) pour de beaux ongles laissant respirer les ongles. Tous les vernis sont Vegan.<\/p>\n<\/div>\n<div>\n<p><strong>BENECOS LA BEAUT\u00c9 AU NATUREL.<\/strong><\/p>\n<p><strong>BENECOS<\/strong>\u00a0est une marque Allemande de maquillage et soins cosm\u00e9tiques naturels.<\/p>\n<p>Chez\u00a0<strong>BENECOS\u00a0<\/strong>vous trouverez un large choix de cosm\u00e9tique, pour diff\u00e9rents usages tels que le teint, les l\u00e8vres, les yeux, les ongles, ou encore les soins pour la peau. En plus de ce choix, les prix tr\u00e8s attractifs vous combleront de bonheur.<\/p>\n<p>CHICS. \u00c9L\u00c9GANTS. MODERNES. PROCHES DE LA NATURE.<\/p>\n<p>Gr\u00e2ce aux cosm\u00e9tiques naturels contr\u00f4l\u00e9s, vous ne passerez plus \u00e0 c\u00f4t\u00e9 des tendances du moment et votre vie se parera de mille couleurs ! Les cosm\u00e9tiques\u00a0BENECOSsont des produits s\u00e9duisants, certifi\u00e9s BDIH (sauf vernis \u00e0 ongles), et sont formul\u00e9s sans paraffine, parab\u00e8ne, silicone, PEG, colorant, ou parfum de synth\u00e8se, et \u00e0 prix irr\u00e9sistible. La certification BDIH est un label Allemand qui certifie\u00a0des produits cosm\u00e9tiques \u00e9cologiques et biologiques.<\/p>\n<p><strong>Ingr\u00e9dients<\/strong>:<\/p>\n<p>Les vernis Benecos sont formul\u00e9s sans formald\u00e9hyde, sans tolu\u00e8ne, sans camphre, sans r\u00e9sine, sans phtalates, sans parab\u00e8nes, sans silicone, sans compos\u00e9s organohalog\u00e9n\u00e9s.<\/p>\n<p>Avec ses principes actifs,\u00a0Huile d\u2019avocat qui nourrit et la Biotine qui renforce les ongles.<\/p>\n<p>Ethyl acetate, N-butyl alcohol, Nitrocellulose, Alcohol, Citric acid\/propylene glycol\/succinic acid copolymer laurate, Triethyl citrate, Acetyl tributyl citrate, Butyl acetate, Stearalkonium bentonite, Styrene\/acrylates copolymer, Polyester-26, Diacetone alcohol, Isopropyl alcohol, Phosphoric acid, Persea gratissima oil (Avocat), Biotin [+\/- (peut contenir) silica, Calcium sodium borosilicate, Triethoxycaprylylsilane, Calcium aluminum borosilicate, Mica, Tin oxide, Barium sulfate, CI 77891 (titanium dioxide), CI 15850 (red 7 lake), CI 77491 (iron oxides), CI 77510 (ferric ammonium ferrocyanide), CI 77499 (iron oxides), CI 19140 (yellow 5 lake), CI 15850 (red 6), CI 15880 (red 34 lake)].<\/p>\n<p><strong>Conseils d\u2019utilisation:<\/strong><\/p>\n<p>Appliquez une couche de vernis transparent suivant la nature des ongles. Appliquez ensuite deux couches de vernis \u00e0 ongles color\u00e9s en laissant bien s\u00e9cher \u00e0 chaque fois. Terminez en appliquant une couche de vernis transparent.\u00a0Appliquez sur des ongles propres, en prenant soin de l\u2019apposer de fa\u00e7on uniforme en \u00e9vitant les paquets et bavures pour rendre l\u2019ongle le plus lisse possible. Convient pour les ongles des mains ou des pieds.<\/p>\n<\/div>\n<\/div>\n","protected":false},"excerpt":{"rendered":"<p>Highlights:Ce\u00a0Vernis \u00e0 Ongles Orchid\u00e9e Sauvage Wild Orchid Vegan\u00a0Benecos, est dot\u00e9 d\u2019un nouveau pinceau plus large,\u00a0pour une application ais\u00e9e, contient\u00a0jusqu\u2019\u00e0 90% d\u2019ingr\u00e9dients d\u2019origine naturelle. Parfait en toutes circonstances, il mettra en valeur vos ongles.<\/p>","protected":false},"featured_media":31535,"comment_status":"open","ping_status":"closed","template":"","meta":[],"pwb-brand":[],"product_cat":[16],"product_tag":[],"class_list":{"0":"post-26452","1":"product","2":"type-product","3":"status-publish","4":"has-post-thumbnail","6":"product_cat-non-classe","7":"pa_brands-benecos","9":"first","10":"instock","11":"sale","12":"shipping-taxable","13":"purchasable","14":"product-type-simple"},"yoast_head":"<!-- This site is optimized with the Yoast SEO plugin v27.5 - https:\/\/yoast.com\/product\/yoast-seo-wordpress\/ -->\n<title>Benecos Nail Polish Wild Orchid 5ml - paragaleriedetalborjt<\/title>\n<meta name=\"robots\" content=\"index, follow, max-snippet:-1, max-image-preview:large, max-video-preview:-1\" \/>\n<link rel=\"canonical\" href=\"https:\/\/paragaleriedetalborjt.com\/en\/boutique\/benecos-nail-polish-wild-orchid-5ml\/\" \/>\n<meta property=\"og:locale\" content=\"en_US\" \/>\n<meta property=\"og:type\" content=\"article\" \/>\n<meta property=\"og:title\" content=\"Benecos Nail Polish Wild Orchid 5ml - paragaleriedetalborjt\" \/>\n<meta property=\"og:description\" content=\"Highlights:Ce\u00a0Vernis \u00e0 Ongles Orchid\u00e9e Sauvage Wild Orchid Vegan\u00a0Benecos, est dot\u00e9 d\u2019un nouveau pinceau plus large,\u00a0pour une application ais\u00e9e, contient\u00a0jusqu\u2019\u00e0 90% d\u2019ingr\u00e9dients d\u2019origine naturelle. Parfait en toutes circonstances, il mettra en valeur vos ongles.\" \/>\n<meta property=\"og:url\" content=\"https:\/\/paragaleriedetalborjt.com\/en\/boutique\/benecos-nail-polish-wild-orchid-5ml\/\" \/>\n<meta property=\"og:site_name\" content=\"paragaleriedetalborjt\" \/>\n<meta property=\"og:image\" content=\"https:\/\/paragaleriedetalborjt.com\/wp-content\/uploads\/2026\/01\/Benecos-nail-polish-wild-orchid-5ml-600x600-1.jpg\" \/>\n\t<meta property=\"og:image:width\" content=\"600\" \/>\n\t<meta property=\"og:image:height\" content=\"600\" \/>\n\t<meta property=\"og:image:type\" content=\"image\/jpeg\" \/>\n<meta name=\"twitter:card\" content=\"summary_large_image\" \/>\n<meta name=\"twitter:label1\" content=\"Est. reading time\" \/>\n\t<meta name=\"twitter:data1\" content=\"3 minutes\" \/>\n<script type=\"application\/ld+json\" class=\"yoast-schema-graph\">{\"@context\":\"https:\\\/\\\/schema.org\",\"@graph\":[{\"@type\":\"WebPage\",\"@id\":\"https:\\\/\\\/paragaleriedetalborjt.com\\\/boutique\\\/benecos-nail-polish-wild-orchid-5ml\\\/\",\"url\":\"https:\\\/\\\/paragaleriedetalborjt.com\\\/boutique\\\/benecos-nail-polish-wild-orchid-5ml\\\/\",\"name\":\"Benecos Nail Polish Wild Orchid 5ml - paragaleriedetalborjt\",\"isPartOf\":{\"@id\":\"https:\\\/\\\/paragaleriedetalborjt.com\\\/#website\"},\"primaryImageOfPage\":{\"@id\":\"https:\\\/\\\/paragaleriedetalborjt.com\\\/boutique\\\/benecos-nail-polish-wild-orchid-5ml\\\/#primaryimage\"},\"image\":{\"@id\":\"https:\\\/\\\/paragaleriedetalborjt.com\\\/boutique\\\/benecos-nail-polish-wild-orchid-5ml\\\/#primaryimage\"},\"thumbnailUrl\":\"https:\\\/\\\/paragaleriedetalborjt.com\\\/wp-content\\\/uploads\\\/2026\\\/01\\\/Benecos-nail-polish-wild-orchid-5ml-600x600-1.jpg\",\"datePublished\":\"2026-01-02T21:26:45+00:00\",\"breadcrumb\":{\"@id\":\"https:\\\/\\\/paragaleriedetalborjt.com\\\/boutique\\\/benecos-nail-polish-wild-orchid-5ml\\\/#breadcrumb\"},\"inLanguage\":\"en-US\",\"potentialAction\":[{\"@type\":\"ReadAction\",\"target\":[\"https:\\\/\\\/paragaleriedetalborjt.com\\\/boutique\\\/benecos-nail-polish-wild-orchid-5ml\\\/\"]}]},{\"@type\":\"ImageObject\",\"inLanguage\":\"en-US\",\"@id\":\"https:\\\/\\\/paragaleriedetalborjt.com\\\/boutique\\\/benecos-nail-polish-wild-orchid-5ml\\\/#primaryimage\",\"url\":\"https:\\\/\\\/paragaleriedetalborjt.com\\\/wp-content\\\/uploads\\\/2026\\\/01\\\/Benecos-nail-polish-wild-orchid-5ml-600x600-1.jpg\",\"contentUrl\":\"https:\\\/\\\/paragaleriedetalborjt.com\\\/wp-content\\\/uploads\\\/2026\\\/01\\\/Benecos-nail-polish-wild-orchid-5ml-600x600-1.jpg\",\"width\":600,\"height\":600},{\"@type\":\"BreadcrumbList\",\"@id\":\"https:\\\/\\\/paragaleriedetalborjt.com\\\/boutique\\\/benecos-nail-polish-wild-orchid-5ml\\\/#breadcrumb\",\"itemListElement\":[{\"@type\":\"ListItem\",\"position\":1,\"name\":\"Accueil\",\"item\":\"https:\\\/\\\/paragaleriedetalborjt.com\\\/\"},{\"@type\":\"ListItem\",\"position\":2,\"name\":\"Boutique\",\"item\":\"https:\\\/\\\/paragaleriedetalborjt.com\\\/boutique\\\/\"},{\"@type\":\"ListItem\",\"position\":3,\"name\":\"Benecos Nail Polish Wild Orchid 5ml\"}]},{\"@type\":\"WebSite\",\"@id\":\"https:\\\/\\\/paragaleriedetalborjt.com\\\/#website\",\"url\":\"https:\\\/\\\/paragaleriedetalborjt.com\\\/\",\"name\":\"paragaleriedetalborjt\",\"description\":\"\",\"potentialAction\":[{\"@type\":\"SearchAction\",\"target\":{\"@type\":\"EntryPoint\",\"urlTemplate\":\"https:\\\/\\\/paragaleriedetalborjt.com\\\/?s={search_term_string}\"},\"query-input\":{\"@type\":\"PropertyValueSpecification\",\"valueRequired\":true,\"valueName\":\"search_term_string\"}}],\"inLanguage\":\"en-US\"}]}<\/script>\n<!-- \/ Yoast SEO plugin. -->","yoast_head_json":{"title":"Benecos Nail Polish Wild Orchid 5ml - paragaleriedetalborjt","robots":{"index":"index","follow":"follow","max-snippet":"max-snippet:-1","max-image-preview":"max-image-preview:large","max-video-preview":"max-video-preview:-1"},"canonical":"https:\/\/paragaleriedetalborjt.com\/en\/boutique\/benecos-nail-polish-wild-orchid-5ml\/","og_locale":"en_US","og_type":"article","og_title":"Benecos Nail Polish Wild Orchid 5ml - paragaleriedetalborjt","og_description":"Highlights:Ce\u00a0Vernis \u00e0 Ongles Orchid\u00e9e Sauvage Wild Orchid Vegan\u00a0Benecos, est dot\u00e9 d\u2019un nouveau pinceau plus large,\u00a0pour une application ais\u00e9e, contient\u00a0jusqu\u2019\u00e0 90% d\u2019ingr\u00e9dients d\u2019origine naturelle. Parfait en toutes circonstances, il mettra en valeur vos ongles.","og_url":"https:\/\/paragaleriedetalborjt.com\/en\/boutique\/benecos-nail-polish-wild-orchid-5ml\/","og_site_name":"paragaleriedetalborjt","og_image":[{"width":600,"height":600,"url":"https:\/\/paragaleriedetalborjt.com\/wp-content\/uploads\/2026\/01\/Benecos-nail-polish-wild-orchid-5ml-600x600-1.jpg","type":"image\/jpeg"}],"twitter_card":"summary_large_image","twitter_misc":{"Est. reading time":"3 minutes"},"schema":{"@context":"https:\/\/schema.org","@graph":[{"@type":"WebPage","@id":"https:\/\/paragaleriedetalborjt.com\/boutique\/benecos-nail-polish-wild-orchid-5ml\/","url":"https:\/\/paragaleriedetalborjt.com\/boutique\/benecos-nail-polish-wild-orchid-5ml\/","name":"Benecos Nail Polish Wild Orchid 5ml - paragaleriedetalborjt","isPartOf":{"@id":"https:\/\/paragaleriedetalborjt.com\/#website"},"primaryImageOfPage":{"@id":"https:\/\/paragaleriedetalborjt.com\/boutique\/benecos-nail-polish-wild-orchid-5ml\/#primaryimage"},"image":{"@id":"https:\/\/paragaleriedetalborjt.com\/boutique\/benecos-nail-polish-wild-orchid-5ml\/#primaryimage"},"thumbnailUrl":"https:\/\/paragaleriedetalborjt.com\/wp-content\/uploads\/2026\/01\/Benecos-nail-polish-wild-orchid-5ml-600x600-1.jpg","datePublished":"2026-01-02T21:26:45+00:00","breadcrumb":{"@id":"https:\/\/paragaleriedetalborjt.com\/boutique\/benecos-nail-polish-wild-orchid-5ml\/#breadcrumb"},"inLanguage":"en-US","potentialAction":[{"@type":"ReadAction","target":["https:\/\/paragaleriedetalborjt.com\/boutique\/benecos-nail-polish-wild-orchid-5ml\/"]}]},{"@type":"ImageObject","inLanguage":"en-US","@id":"https:\/\/paragaleriedetalborjt.com\/boutique\/benecos-nail-polish-wild-orchid-5ml\/#primaryimage","url":"https:\/\/paragaleriedetalborjt.com\/wp-content\/uploads\/2026\/01\/Benecos-nail-polish-wild-orchid-5ml-600x600-1.jpg","contentUrl":"https:\/\/paragaleriedetalborjt.com\/wp-content\/uploads\/2026\/01\/Benecos-nail-polish-wild-orchid-5ml-600x600-1.jpg","width":600,"height":600},{"@type":"BreadcrumbList","@id":"https:\/\/paragaleriedetalborjt.com\/boutique\/benecos-nail-polish-wild-orchid-5ml\/#breadcrumb","itemListElement":[{"@type":"ListItem","position":1,"name":"Accueil","item":"https:\/\/paragaleriedetalborjt.com\/"},{"@type":"ListItem","position":2,"name":"Boutique","item":"https:\/\/paragaleriedetalborjt.com\/boutique\/"},{"@type":"ListItem","position":3,"name":"Benecos Nail Polish Wild Orchid 5ml"}]},{"@type":"WebSite","@id":"https:\/\/paragaleriedetalborjt.com\/#website","url":"https:\/\/paragaleriedetalborjt.com\/","name":"paragaleriedetalborjt","description":"","potentialAction":[{"@type":"SearchAction","target":{"@type":"EntryPoint","urlTemplate":"https:\/\/paragaleriedetalborjt.com\/?s={search_term_string}"},"query-input":{"@type":"PropertyValueSpecification","valueRequired":true,"valueName":"search_term_string"}}],"inLanguage":"en-US"}]}},"brands":[],"_links":{"self":[{"href":"https:\/\/paragaleriedetalborjt.com\/en\/wp-json\/wp\/v2\/product\/26452","targetHints":{"allow":["GET"]}}],"collection":[{"href":"https:\/\/paragaleriedetalborjt.com\/en\/wp-json\/wp\/v2\/product"}],"about":[{"href":"https:\/\/paragaleriedetalborjt.com\/en\/wp-json\/wp\/v2\/types\/product"}],"replies":[{"embeddable":true,"href":"https:\/\/paragaleriedetalborjt.com\/en\/wp-json\/wp\/v2\/comments?post=26452"}],"version-history":[{"count":1,"href":"https:\/\/paragaleriedetalborjt.com\/en\/wp-json\/wp\/v2\/product\/26452\/revisions"}],"predecessor-version":[{"id":31536,"href":"https:\/\/paragaleriedetalborjt.com\/en\/wp-json\/wp\/v2\/product\/26452\/revisions\/31536"}],"wp:featuredmedia":[{"embeddable":true,"href":"https:\/\/paragaleriedetalborjt.com\/en\/wp-json\/wp\/v2\/media\/31535"}],"wp:attachment":[{"href":"https:\/\/paragaleriedetalborjt.com\/en\/wp-json\/wp\/v2\/media?parent=26452"}],"wp:term":[{"taxonomy":"pwb-brand","embeddable":true,"href":"https:\/\/paragaleriedetalborjt.com\/en\/wp-json\/wp\/v2\/pwb-brand?post=26452"},{"taxonomy":"product_cat","embeddable":true,"href":"https:\/\/paragaleriedetalborjt.com\/en\/wp-json\/wp\/v2\/product_cat?post=26452"},{"taxonomy":"product_tag","embeddable":true,"href":"https:\/\/paragaleriedetalborjt.com\/en\/wp-json\/wp\/v2\/product_tag?post=26452"}],"curies":[{"name":"wp","href":"https:\/\/api.w.org\/{rel}","templated":true}]}}