{"id":26442,"date":"2026-01-02T22:26:26","date_gmt":"2026-01-02T21:26:26","guid":{"rendered":"https:\/\/paragaleriedetalborjt.com\/?post_type=product&#038;p=26442"},"modified":"2026-01-02T22:26:26","modified_gmt":"2026-01-02T21:26:26","slug":"benecos-nail-polish-kaolin-nail-repair-5ml","status":"publish","type":"product","link":"https:\/\/paragaleriedetalborjt.com\/en\/boutique\/benecos-nail-polish-kaolin-nail-repair-5ml\/","title":{"rendered":"Benecos Nail Polish Kaolin Nail Repair 5ml"},"content":{"rendered":"<div aria-labelledby=\"tab-title-description\" class=\"woocommerce-Tabs-panel woocommerce-Tabs-panel--description panel entry-content wc-tab\" id=\"tab-description\" role=\"tabpanel\" style=\"\">\n<h2>Description<\/h2>\n<h3 class=\"p-summary__heading\">Caract\u00e9ristiques<\/h3>\n<div>\u2713 87% d\u2019ingr\u00e9dients d\u2019origine naturelle<\/div>\n<div>\u2713 Pour les ongles rainur\u00e9s et irr\u00e9guliers<\/div>\n<div>\u2713 Perm\u00e9able \u00e0 l\u2019eau et \u00e0 l\u2019air<\/div>\n<div>\u2713 Avec de l\u2019argile blanche<\/div>\n<div>\u2713 V\u00e9g\u00e9talien<\/div>\n<div>\u2713 Contenu : 5 ml<\/div>\n<div><\/div>\n<div>La formule respirante et perm\u00e9able \u00e0 l\u2019eau du soin r\u00e9parateur KAOLIN NAIL REPAIR est enrichie en argile blanche, lisse les ongles et les pr\u00e9pare \u00e0 la manucure.\u00a0Les irr\u00e9gularit\u00e9s telles que les rainures sont \u00e9limin\u00e9es \u2013 pour une finition propre et soyeuse !\u00a087% d\u2019ingr\u00e9dients d\u2019origine naturelle et vegan.<\/div>\n<div><\/div>\n<div><strong>APPLICATION<\/strong><\/div>\n<div><\/div>\n<div>Appliquez une couche sur les ongles.\u00a0La premi\u00e8re \u00e9tape parfaite pour votre manucure ult\u00e9rieure.<\/div>\n<div><\/div>\n<div><strong>INGR\u00c9DIENTS<\/strong><\/div>\n<div><\/div>\n<div>AC\u00c9TATE D\u2019\u00c9THYLE, AC\u00c9TATE DE BUTYLE, NITROCELLULOSE, COPOLYM\u00c8RE D\u2019ACIDE ADIPIQUE\/N\u00c9OPENTYLGLYCOL\/ANHYDRIDE TRIMELLITIQUE, ALCOOL, CITRATE DE TRI\u00c9THYLE, BENTONITE DE ST\u00c9ARALKONIUM, ALCOOL DIACETONE, KAOLIN, MALTOL, ACIDE PHOSPHORIQUE, HYDROXYDE D\u2019ALUMINIUM, TRIETHOXYCAPRYLYLS ILANE, PENTAERYTHRITYL TE TRAISOST\u00c9ARATE, CI 77891 (DIOXYDE DE TITANE )<\/div>\n<\/div>","protected":false},"excerpt":{"rendered":"<p>Highlights:Vernis Soin Fortifiant Lissant 8 ml<\/p>","protected":false},"featured_media":31525,"comment_status":"open","ping_status":"closed","template":"","meta":[],"pwb-brand":[],"product_cat":[16],"product_tag":[],"class_list":{"0":"post-26442","1":"product","2":"type-product","3":"status-publish","4":"has-post-thumbnail","6":"product_cat-non-classe","7":"pa_brands-benecos","9":"first","10":"instock","11":"sale","12":"shipping-taxable","13":"purchasable","14":"product-type-simple"},"yoast_head":"<!-- This site is optimized with the Yoast SEO plugin v27.5 - https:\/\/yoast.com\/product\/yoast-seo-wordpress\/ -->\n<title>Benecos Nail Polish Kaolin Nail Repair 5ml - paragaleriedetalborjt<\/title>\n<meta name=\"robots\" content=\"index, follow, max-snippet:-1, max-image-preview:large, max-video-preview:-1\" \/>\n<link rel=\"canonical\" href=\"https:\/\/paragaleriedetalborjt.com\/en\/boutique\/benecos-nail-polish-kaolin-nail-repair-5ml\/\" \/>\n<meta property=\"og:locale\" content=\"en_US\" \/>\n<meta property=\"og:type\" content=\"article\" \/>\n<meta property=\"og:title\" content=\"Benecos Nail Polish Kaolin Nail Repair 5ml - paragaleriedetalborjt\" \/>\n<meta property=\"og:description\" content=\"Highlights:Vernis Soin Fortifiant Lissant 8 ml\" \/>\n<meta property=\"og:url\" content=\"https:\/\/paragaleriedetalborjt.com\/en\/boutique\/benecos-nail-polish-kaolin-nail-repair-5ml\/\" \/>\n<meta property=\"og:site_name\" content=\"paragaleriedetalborjt\" \/>\n<meta property=\"og:image\" content=\"https:\/\/paragaleriedetalborjt.com\/wp-content\/uploads\/2026\/01\/Benecos-nail-polish-kaolin-nail-repair-5ml-600x600-1.jpg\" \/>\n\t<meta property=\"og:image:width\" content=\"600\" \/>\n\t<meta property=\"og:image:height\" content=\"600\" \/>\n\t<meta property=\"og:image:type\" content=\"image\/jpeg\" \/>\n<meta name=\"twitter:card\" content=\"summary_large_image\" \/>\n<meta name=\"twitter:label1\" content=\"Est. reading time\" \/>\n\t<meta name=\"twitter:data1\" content=\"1 minute\" \/>\n<script type=\"application\/ld+json\" class=\"yoast-schema-graph\">{\"@context\":\"https:\\\/\\\/schema.org\",\"@graph\":[{\"@type\":\"WebPage\",\"@id\":\"https:\\\/\\\/paragaleriedetalborjt.com\\\/boutique\\\/benecos-nail-polish-kaolin-nail-repair-5ml\\\/\",\"url\":\"https:\\\/\\\/paragaleriedetalborjt.com\\\/boutique\\\/benecos-nail-polish-kaolin-nail-repair-5ml\\\/\",\"name\":\"Benecos Nail Polish Kaolin Nail Repair 5ml - paragaleriedetalborjt\",\"isPartOf\":{\"@id\":\"https:\\\/\\\/paragaleriedetalborjt.com\\\/#website\"},\"primaryImageOfPage\":{\"@id\":\"https:\\\/\\\/paragaleriedetalborjt.com\\\/boutique\\\/benecos-nail-polish-kaolin-nail-repair-5ml\\\/#primaryimage\"},\"image\":{\"@id\":\"https:\\\/\\\/paragaleriedetalborjt.com\\\/boutique\\\/benecos-nail-polish-kaolin-nail-repair-5ml\\\/#primaryimage\"},\"thumbnailUrl\":\"https:\\\/\\\/paragaleriedetalborjt.com\\\/wp-content\\\/uploads\\\/2026\\\/01\\\/Benecos-nail-polish-kaolin-nail-repair-5ml-600x600-1.jpg\",\"datePublished\":\"2026-01-02T21:26:26+00:00\",\"breadcrumb\":{\"@id\":\"https:\\\/\\\/paragaleriedetalborjt.com\\\/boutique\\\/benecos-nail-polish-kaolin-nail-repair-5ml\\\/#breadcrumb\"},\"inLanguage\":\"en-US\",\"potentialAction\":[{\"@type\":\"ReadAction\",\"target\":[\"https:\\\/\\\/paragaleriedetalborjt.com\\\/boutique\\\/benecos-nail-polish-kaolin-nail-repair-5ml\\\/\"]}]},{\"@type\":\"ImageObject\",\"inLanguage\":\"en-US\",\"@id\":\"https:\\\/\\\/paragaleriedetalborjt.com\\\/boutique\\\/benecos-nail-polish-kaolin-nail-repair-5ml\\\/#primaryimage\",\"url\":\"https:\\\/\\\/paragaleriedetalborjt.com\\\/wp-content\\\/uploads\\\/2026\\\/01\\\/Benecos-nail-polish-kaolin-nail-repair-5ml-600x600-1.jpg\",\"contentUrl\":\"https:\\\/\\\/paragaleriedetalborjt.com\\\/wp-content\\\/uploads\\\/2026\\\/01\\\/Benecos-nail-polish-kaolin-nail-repair-5ml-600x600-1.jpg\",\"width\":600,\"height\":600},{\"@type\":\"BreadcrumbList\",\"@id\":\"https:\\\/\\\/paragaleriedetalborjt.com\\\/boutique\\\/benecos-nail-polish-kaolin-nail-repair-5ml\\\/#breadcrumb\",\"itemListElement\":[{\"@type\":\"ListItem\",\"position\":1,\"name\":\"Accueil\",\"item\":\"https:\\\/\\\/paragaleriedetalborjt.com\\\/\"},{\"@type\":\"ListItem\",\"position\":2,\"name\":\"Boutique\",\"item\":\"https:\\\/\\\/paragaleriedetalborjt.com\\\/boutique\\\/\"},{\"@type\":\"ListItem\",\"position\":3,\"name\":\"Benecos Nail Polish Kaolin Nail Repair 5ml\"}]},{\"@type\":\"WebSite\",\"@id\":\"https:\\\/\\\/paragaleriedetalborjt.com\\\/#website\",\"url\":\"https:\\\/\\\/paragaleriedetalborjt.com\\\/\",\"name\":\"paragaleriedetalborjt\",\"description\":\"\",\"potentialAction\":[{\"@type\":\"SearchAction\",\"target\":{\"@type\":\"EntryPoint\",\"urlTemplate\":\"https:\\\/\\\/paragaleriedetalborjt.com\\\/?s={search_term_string}\"},\"query-input\":{\"@type\":\"PropertyValueSpecification\",\"valueRequired\":true,\"valueName\":\"search_term_string\"}}],\"inLanguage\":\"en-US\"}]}<\/script>\n<!-- \/ Yoast SEO plugin. -->","yoast_head_json":{"title":"Benecos Nail Polish Kaolin Nail Repair 5ml - paragaleriedetalborjt","robots":{"index":"index","follow":"follow","max-snippet":"max-snippet:-1","max-image-preview":"max-image-preview:large","max-video-preview":"max-video-preview:-1"},"canonical":"https:\/\/paragaleriedetalborjt.com\/en\/boutique\/benecos-nail-polish-kaolin-nail-repair-5ml\/","og_locale":"en_US","og_type":"article","og_title":"Benecos Nail Polish Kaolin Nail Repair 5ml - paragaleriedetalborjt","og_description":"Highlights:Vernis Soin Fortifiant Lissant 8 ml","og_url":"https:\/\/paragaleriedetalborjt.com\/en\/boutique\/benecos-nail-polish-kaolin-nail-repair-5ml\/","og_site_name":"paragaleriedetalborjt","og_image":[{"width":600,"height":600,"url":"https:\/\/paragaleriedetalborjt.com\/wp-content\/uploads\/2026\/01\/Benecos-nail-polish-kaolin-nail-repair-5ml-600x600-1.jpg","type":"image\/jpeg"}],"twitter_card":"summary_large_image","twitter_misc":{"Est. reading time":"1 minute"},"schema":{"@context":"https:\/\/schema.org","@graph":[{"@type":"WebPage","@id":"https:\/\/paragaleriedetalborjt.com\/boutique\/benecos-nail-polish-kaolin-nail-repair-5ml\/","url":"https:\/\/paragaleriedetalborjt.com\/boutique\/benecos-nail-polish-kaolin-nail-repair-5ml\/","name":"Benecos Nail Polish Kaolin Nail Repair 5ml - paragaleriedetalborjt","isPartOf":{"@id":"https:\/\/paragaleriedetalborjt.com\/#website"},"primaryImageOfPage":{"@id":"https:\/\/paragaleriedetalborjt.com\/boutique\/benecos-nail-polish-kaolin-nail-repair-5ml\/#primaryimage"},"image":{"@id":"https:\/\/paragaleriedetalborjt.com\/boutique\/benecos-nail-polish-kaolin-nail-repair-5ml\/#primaryimage"},"thumbnailUrl":"https:\/\/paragaleriedetalborjt.com\/wp-content\/uploads\/2026\/01\/Benecos-nail-polish-kaolin-nail-repair-5ml-600x600-1.jpg","datePublished":"2026-01-02T21:26:26+00:00","breadcrumb":{"@id":"https:\/\/paragaleriedetalborjt.com\/boutique\/benecos-nail-polish-kaolin-nail-repair-5ml\/#breadcrumb"},"inLanguage":"en-US","potentialAction":[{"@type":"ReadAction","target":["https:\/\/paragaleriedetalborjt.com\/boutique\/benecos-nail-polish-kaolin-nail-repair-5ml\/"]}]},{"@type":"ImageObject","inLanguage":"en-US","@id":"https:\/\/paragaleriedetalborjt.com\/boutique\/benecos-nail-polish-kaolin-nail-repair-5ml\/#primaryimage","url":"https:\/\/paragaleriedetalborjt.com\/wp-content\/uploads\/2026\/01\/Benecos-nail-polish-kaolin-nail-repair-5ml-600x600-1.jpg","contentUrl":"https:\/\/paragaleriedetalborjt.com\/wp-content\/uploads\/2026\/01\/Benecos-nail-polish-kaolin-nail-repair-5ml-600x600-1.jpg","width":600,"height":600},{"@type":"BreadcrumbList","@id":"https:\/\/paragaleriedetalborjt.com\/boutique\/benecos-nail-polish-kaolin-nail-repair-5ml\/#breadcrumb","itemListElement":[{"@type":"ListItem","position":1,"name":"Accueil","item":"https:\/\/paragaleriedetalborjt.com\/"},{"@type":"ListItem","position":2,"name":"Boutique","item":"https:\/\/paragaleriedetalborjt.com\/boutique\/"},{"@type":"ListItem","position":3,"name":"Benecos Nail Polish Kaolin Nail Repair 5ml"}]},{"@type":"WebSite","@id":"https:\/\/paragaleriedetalborjt.com\/#website","url":"https:\/\/paragaleriedetalborjt.com\/","name":"paragaleriedetalborjt","description":"","potentialAction":[{"@type":"SearchAction","target":{"@type":"EntryPoint","urlTemplate":"https:\/\/paragaleriedetalborjt.com\/?s={search_term_string}"},"query-input":{"@type":"PropertyValueSpecification","valueRequired":true,"valueName":"search_term_string"}}],"inLanguage":"en-US"}]}},"brands":[],"_links":{"self":[{"href":"https:\/\/paragaleriedetalborjt.com\/en\/wp-json\/wp\/v2\/product\/26442","targetHints":{"allow":["GET"]}}],"collection":[{"href":"https:\/\/paragaleriedetalborjt.com\/en\/wp-json\/wp\/v2\/product"}],"about":[{"href":"https:\/\/paragaleriedetalborjt.com\/en\/wp-json\/wp\/v2\/types\/product"}],"replies":[{"embeddable":true,"href":"https:\/\/paragaleriedetalborjt.com\/en\/wp-json\/wp\/v2\/comments?post=26442"}],"version-history":[{"count":1,"href":"https:\/\/paragaleriedetalborjt.com\/en\/wp-json\/wp\/v2\/product\/26442\/revisions"}],"predecessor-version":[{"id":31526,"href":"https:\/\/paragaleriedetalborjt.com\/en\/wp-json\/wp\/v2\/product\/26442\/revisions\/31526"}],"wp:featuredmedia":[{"embeddable":true,"href":"https:\/\/paragaleriedetalborjt.com\/en\/wp-json\/wp\/v2\/media\/31525"}],"wp:attachment":[{"href":"https:\/\/paragaleriedetalborjt.com\/en\/wp-json\/wp\/v2\/media?parent=26442"}],"wp:term":[{"taxonomy":"pwb-brand","embeddable":true,"href":"https:\/\/paragaleriedetalborjt.com\/en\/wp-json\/wp\/v2\/pwb-brand?post=26442"},{"taxonomy":"product_cat","embeddable":true,"href":"https:\/\/paragaleriedetalborjt.com\/en\/wp-json\/wp\/v2\/product_cat?post=26442"},{"taxonomy":"product_tag","embeddable":true,"href":"https:\/\/paragaleriedetalborjt.com\/en\/wp-json\/wp\/v2\/product_tag?post=26442"}],"curies":[{"name":"wp","href":"https:\/\/api.w.org\/{rel}","templated":true}]}}