{"id":26440,"date":"2026-01-02T22:26:23","date_gmt":"2026-01-02T21:26:23","guid":{"rendered":"https:\/\/paragaleriedetalborjt.com\/?post_type=product&#038;p=26440"},"modified":"2026-01-02T22:26:23","modified_gmt":"2026-01-02T21:26:23","slug":"benecos-natural-quatro-eyeshadow-smokey-eyes-8g","status":"publish","type":"product","link":"https:\/\/paragaleriedetalborjt.com\/en\/boutique\/benecos-natural-quatro-eyeshadow-smokey-eyes-8g\/","title":{"rendered":"Benecos Natural Quatro Eyeshadow Smokey Eyes 8g"},"content":{"rendered":"<div aria-labelledby=\"tab-title-description\" class=\"woocommerce-Tabs-panel woocommerce-Tabs-panel--description panel entry-content wc-tab\" id=\"tab-description\" role=\"tabpanel\" style=\"\">\n<h2>Description<\/h2>\n<div class=\"txttab\">\n<p>\u00a0<\/p>\n<div><\/div>\n<div>\n<h3 class=\"p-summary__heading\">Caract\u00e9ristiques<\/h3>\n<div>\u2713 V\u00e9g\u00e9talien<\/div>\n<div>\u2713 facile \u00e0 m\u00e9langer<\/div>\n<div>\u2713 Palette de fards \u00e0 paupi\u00e8res aux nuances coordonn\u00e9es<\/div>\n<\/div>\n<div>\u2713 Cosm\u00e9tiques naturels certifi\u00e9s (BDIH)<\/div>\n<\/div>\n<div><\/div>\n<div>\n<p><strong>BENECOS LA BEAUT\u00c9 AU NATUREL.<\/strong><\/p>\n<p><strong>BENECOS<\/strong>\u00a0est une marque Allemande de maquillage et soins cosm\u00e9tiques naturels.<\/p>\n<p>Chez\u00a0<strong>BENECOS\u00a0<\/strong>vous trouverez un large choix de cosm\u00e9tique, pour diff\u00e9rents usages tels que le teint, les l\u00e8vres, les yeux, les ongles, ou encore les soins pour la peau. En plus de ce choix, les prix tr\u00e8s attractifs vous combleront de bonheur.<\/p>\n<p>CHICS. \u00c9L\u00c9GANTS. MODERNES. PROCHES DE LA NATURE.<\/p>\n<p>Gr\u00e2ce aux cosm\u00e9tiques naturels contr\u00f4l\u00e9s, vous ne passerez plus \u00e0 c\u00f4t\u00e9 des tendances du moment et votre vie se parera de mille couleurs ! Les cosm\u00e9tiques\u00a0BENECOSsont des produits s\u00e9duisants, certifi\u00e9s BDIH (sauf vernis \u00e0 ongles), et sont formul\u00e9s sans paraffine, parab\u00e8ne, silicone, PEG, colorant, ou parfum de synth\u00e8se, et \u00e0 prix irr\u00e9sistible. La certification BDIH est un label Allemand qui certifie\u00a0des produits cosm\u00e9tiques \u00e9cologiques et biologiques.<\/p>\n<p><strong>Ingr\u00e9dients<\/strong>:<\/p>\n<p>Avec ses principes actifs Bio, l\u2019Huile de macadamia r\u00e9g\u00e9n\u00e9rante, l\u2019Huile de ricin* pour adoucir et la Vitamine E qui prot\u00e8ge la peau.<\/p>\n<p>Talc, Mica, Caprylic\/capric triglyceride, Macadamia integrifolia\/tetraphylla seed oil (Macadamia), Ricinus communis seed oil*, Magnesium stearate, Kaolin, Glyceryl caprylate, P-anisic acid, Tocopherol, Helianthus annuus seed oil (Tournesol), [+\/- (peut contenir) : tin oxide, CI 77499 (iron oxides), CI 77491 (iron oxides), CI 77492 (iron oxides), CI 77891 (titanium dioxide), CI 77742 (manganese violet), CI 77007 (ultramarines)].<\/p>\n<p>*Ingr\u00e9dients issus de l\u2019Agriculture biologique.<\/p>\n<p><strong>Conseils d\u2019utilisation:<\/strong><\/p>\n<p>Utiliser la teinte la plus claire des 4 du cama\u00efeu des marrons sous les sourcils afin d\u2019intensifier le regard. Pour am\u00e9liorer la tenue de l\u2019ombre \u00e0 paupi\u00e8res, il est conseill\u00e9 de poudrer les paupi\u00e8res avant d\u2019apposer le fard, ce qui permet d\u2019absorber la graisse de la peau.<\/p>\n<p>Pr\u00e9levez un peu de mati\u00e8re \u00e0 l\u2019aide du pinceau Estompeur ou Ombreur, puis appliquez-la sur la paupi\u00e8re.\u00a0Ne pas h\u00e9siter \u00e0 renouveler l\u2019op\u00e9ration \u00e0 plusieurs reprises selon le r\u00e9sultat souhait\u00e9.<\/p>\n<\/div>\n<\/div>\n","protected":false},"excerpt":{"rendered":"<p>Highlights:Succombez avec ce\u00a0Fard \u00e0 Paupi\u00e8res 4 Couleurs en Cama\u00efeu de Marron Bio\u00a0vegan Benecos. Pour parfaire votre maquillage, ce fard vous offre de multiples possibilit\u00e9s pour maquiller les yeux de fa\u00e7on naturelle pour un regard magnifi\u00e9.Boitier 4 couleurs nuances de brun.<\/p>","protected":false},"featured_media":31523,"comment_status":"open","ping_status":"closed","template":"","meta":[],"pwb-brand":[],"product_cat":[16],"product_tag":[],"class_list":{"0":"post-26440","1":"product","2":"type-product","3":"status-publish","4":"has-post-thumbnail","6":"product_cat-non-classe","7":"pa_brands-benecos","9":"first","10":"instock","11":"sale","12":"shipping-taxable","13":"purchasable","14":"product-type-simple"},"yoast_head":"<!-- This site is optimized with the Yoast SEO plugin v27.5 - https:\/\/yoast.com\/product\/yoast-seo-wordpress\/ -->\n<title>Benecos Natural Quatro Eyeshadow Smokey Eyes 8g - paragaleriedetalborjt<\/title>\n<meta name=\"robots\" content=\"index, follow, max-snippet:-1, max-image-preview:large, max-video-preview:-1\" \/>\n<link rel=\"canonical\" href=\"https:\/\/paragaleriedetalborjt.com\/en\/boutique\/benecos-natural-quatro-eyeshadow-smokey-eyes-8g\/\" \/>\n<meta property=\"og:locale\" content=\"en_US\" \/>\n<meta property=\"og:type\" content=\"article\" \/>\n<meta property=\"og:title\" content=\"Benecos Natural Quatro Eyeshadow Smokey Eyes 8g - paragaleriedetalborjt\" \/>\n<meta property=\"og:description\" content=\"Highlights:Succombez avec ce\u00a0Fard \u00e0 Paupi\u00e8res 4 Couleurs en Cama\u00efeu de Marron Bio\u00a0vegan Benecos. Pour parfaire votre maquillage, ce fard vous offre de multiples possibilit\u00e9s pour maquiller les yeux de fa\u00e7on naturelle pour un regard magnifi\u00e9.Boitier 4 couleurs nuances de brun.\" \/>\n<meta property=\"og:url\" content=\"https:\/\/paragaleriedetalborjt.com\/en\/boutique\/benecos-natural-quatro-eyeshadow-smokey-eyes-8g\/\" \/>\n<meta property=\"og:site_name\" content=\"paragaleriedetalborjt\" \/>\n<meta property=\"og:image\" content=\"https:\/\/paragaleriedetalborjt.com\/wp-content\/uploads\/2026\/01\/Benecos-natural-quatro-eyeshadow-smokey-eyes-8g-600x600-1.jpg\" \/>\n\t<meta property=\"og:image:width\" content=\"600\" \/>\n\t<meta property=\"og:image:height\" content=\"600\" \/>\n\t<meta property=\"og:image:type\" content=\"image\/jpeg\" \/>\n<meta name=\"twitter:card\" content=\"summary_large_image\" \/>\n<meta name=\"twitter:label1\" content=\"Est. reading time\" \/>\n\t<meta name=\"twitter:data1\" content=\"2 minutes\" \/>\n<script type=\"application\/ld+json\" class=\"yoast-schema-graph\">{\"@context\":\"https:\\\/\\\/schema.org\",\"@graph\":[{\"@type\":\"WebPage\",\"@id\":\"https:\\\/\\\/paragaleriedetalborjt.com\\\/boutique\\\/benecos-natural-quatro-eyeshadow-smokey-eyes-8g\\\/\",\"url\":\"https:\\\/\\\/paragaleriedetalborjt.com\\\/boutique\\\/benecos-natural-quatro-eyeshadow-smokey-eyes-8g\\\/\",\"name\":\"Benecos Natural Quatro Eyeshadow Smokey Eyes 8g - paragaleriedetalborjt\",\"isPartOf\":{\"@id\":\"https:\\\/\\\/paragaleriedetalborjt.com\\\/#website\"},\"primaryImageOfPage\":{\"@id\":\"https:\\\/\\\/paragaleriedetalborjt.com\\\/boutique\\\/benecos-natural-quatro-eyeshadow-smokey-eyes-8g\\\/#primaryimage\"},\"image\":{\"@id\":\"https:\\\/\\\/paragaleriedetalborjt.com\\\/boutique\\\/benecos-natural-quatro-eyeshadow-smokey-eyes-8g\\\/#primaryimage\"},\"thumbnailUrl\":\"https:\\\/\\\/paragaleriedetalborjt.com\\\/wp-content\\\/uploads\\\/2026\\\/01\\\/Benecos-natural-quatro-eyeshadow-smokey-eyes-8g-600x600-1.jpg\",\"datePublished\":\"2026-01-02T21:26:23+00:00\",\"breadcrumb\":{\"@id\":\"https:\\\/\\\/paragaleriedetalborjt.com\\\/boutique\\\/benecos-natural-quatro-eyeshadow-smokey-eyes-8g\\\/#breadcrumb\"},\"inLanguage\":\"en-US\",\"potentialAction\":[{\"@type\":\"ReadAction\",\"target\":[\"https:\\\/\\\/paragaleriedetalborjt.com\\\/boutique\\\/benecos-natural-quatro-eyeshadow-smokey-eyes-8g\\\/\"]}]},{\"@type\":\"ImageObject\",\"inLanguage\":\"en-US\",\"@id\":\"https:\\\/\\\/paragaleriedetalborjt.com\\\/boutique\\\/benecos-natural-quatro-eyeshadow-smokey-eyes-8g\\\/#primaryimage\",\"url\":\"https:\\\/\\\/paragaleriedetalborjt.com\\\/wp-content\\\/uploads\\\/2026\\\/01\\\/Benecos-natural-quatro-eyeshadow-smokey-eyes-8g-600x600-1.jpg\",\"contentUrl\":\"https:\\\/\\\/paragaleriedetalborjt.com\\\/wp-content\\\/uploads\\\/2026\\\/01\\\/Benecos-natural-quatro-eyeshadow-smokey-eyes-8g-600x600-1.jpg\",\"width\":600,\"height\":600},{\"@type\":\"BreadcrumbList\",\"@id\":\"https:\\\/\\\/paragaleriedetalborjt.com\\\/boutique\\\/benecos-natural-quatro-eyeshadow-smokey-eyes-8g\\\/#breadcrumb\",\"itemListElement\":[{\"@type\":\"ListItem\",\"position\":1,\"name\":\"Accueil\",\"item\":\"https:\\\/\\\/paragaleriedetalborjt.com\\\/\"},{\"@type\":\"ListItem\",\"position\":2,\"name\":\"Boutique\",\"item\":\"https:\\\/\\\/paragaleriedetalborjt.com\\\/boutique\\\/\"},{\"@type\":\"ListItem\",\"position\":3,\"name\":\"Benecos Natural Quatro Eyeshadow Smokey Eyes 8g\"}]},{\"@type\":\"WebSite\",\"@id\":\"https:\\\/\\\/paragaleriedetalborjt.com\\\/#website\",\"url\":\"https:\\\/\\\/paragaleriedetalborjt.com\\\/\",\"name\":\"paragaleriedetalborjt\",\"description\":\"\",\"potentialAction\":[{\"@type\":\"SearchAction\",\"target\":{\"@type\":\"EntryPoint\",\"urlTemplate\":\"https:\\\/\\\/paragaleriedetalborjt.com\\\/?s={search_term_string}\"},\"query-input\":{\"@type\":\"PropertyValueSpecification\",\"valueRequired\":true,\"valueName\":\"search_term_string\"}}],\"inLanguage\":\"en-US\"}]}<\/script>\n<!-- \/ Yoast SEO plugin. -->","yoast_head_json":{"title":"Benecos Natural Quatro Eyeshadow Smokey Eyes 8g - paragaleriedetalborjt","robots":{"index":"index","follow":"follow","max-snippet":"max-snippet:-1","max-image-preview":"max-image-preview:large","max-video-preview":"max-video-preview:-1"},"canonical":"https:\/\/paragaleriedetalborjt.com\/en\/boutique\/benecos-natural-quatro-eyeshadow-smokey-eyes-8g\/","og_locale":"en_US","og_type":"article","og_title":"Benecos Natural Quatro Eyeshadow Smokey Eyes 8g - paragaleriedetalborjt","og_description":"Highlights:Succombez avec ce\u00a0Fard \u00e0 Paupi\u00e8res 4 Couleurs en Cama\u00efeu de Marron Bio\u00a0vegan Benecos. Pour parfaire votre maquillage, ce fard vous offre de multiples possibilit\u00e9s pour maquiller les yeux de fa\u00e7on naturelle pour un regard magnifi\u00e9.Boitier 4 couleurs nuances de brun.","og_url":"https:\/\/paragaleriedetalborjt.com\/en\/boutique\/benecos-natural-quatro-eyeshadow-smokey-eyes-8g\/","og_site_name":"paragaleriedetalborjt","og_image":[{"width":600,"height":600,"url":"https:\/\/paragaleriedetalborjt.com\/wp-content\/uploads\/2026\/01\/Benecos-natural-quatro-eyeshadow-smokey-eyes-8g-600x600-1.jpg","type":"image\/jpeg"}],"twitter_card":"summary_large_image","twitter_misc":{"Est. reading time":"2 minutes"},"schema":{"@context":"https:\/\/schema.org","@graph":[{"@type":"WebPage","@id":"https:\/\/paragaleriedetalborjt.com\/boutique\/benecos-natural-quatro-eyeshadow-smokey-eyes-8g\/","url":"https:\/\/paragaleriedetalborjt.com\/boutique\/benecos-natural-quatro-eyeshadow-smokey-eyes-8g\/","name":"Benecos Natural Quatro Eyeshadow Smokey Eyes 8g - paragaleriedetalborjt","isPartOf":{"@id":"https:\/\/paragaleriedetalborjt.com\/#website"},"primaryImageOfPage":{"@id":"https:\/\/paragaleriedetalborjt.com\/boutique\/benecos-natural-quatro-eyeshadow-smokey-eyes-8g\/#primaryimage"},"image":{"@id":"https:\/\/paragaleriedetalborjt.com\/boutique\/benecos-natural-quatro-eyeshadow-smokey-eyes-8g\/#primaryimage"},"thumbnailUrl":"https:\/\/paragaleriedetalborjt.com\/wp-content\/uploads\/2026\/01\/Benecos-natural-quatro-eyeshadow-smokey-eyes-8g-600x600-1.jpg","datePublished":"2026-01-02T21:26:23+00:00","breadcrumb":{"@id":"https:\/\/paragaleriedetalborjt.com\/boutique\/benecos-natural-quatro-eyeshadow-smokey-eyes-8g\/#breadcrumb"},"inLanguage":"en-US","potentialAction":[{"@type":"ReadAction","target":["https:\/\/paragaleriedetalborjt.com\/boutique\/benecos-natural-quatro-eyeshadow-smokey-eyes-8g\/"]}]},{"@type":"ImageObject","inLanguage":"en-US","@id":"https:\/\/paragaleriedetalborjt.com\/boutique\/benecos-natural-quatro-eyeshadow-smokey-eyes-8g\/#primaryimage","url":"https:\/\/paragaleriedetalborjt.com\/wp-content\/uploads\/2026\/01\/Benecos-natural-quatro-eyeshadow-smokey-eyes-8g-600x600-1.jpg","contentUrl":"https:\/\/paragaleriedetalborjt.com\/wp-content\/uploads\/2026\/01\/Benecos-natural-quatro-eyeshadow-smokey-eyes-8g-600x600-1.jpg","width":600,"height":600},{"@type":"BreadcrumbList","@id":"https:\/\/paragaleriedetalborjt.com\/boutique\/benecos-natural-quatro-eyeshadow-smokey-eyes-8g\/#breadcrumb","itemListElement":[{"@type":"ListItem","position":1,"name":"Accueil","item":"https:\/\/paragaleriedetalborjt.com\/"},{"@type":"ListItem","position":2,"name":"Boutique","item":"https:\/\/paragaleriedetalborjt.com\/boutique\/"},{"@type":"ListItem","position":3,"name":"Benecos Natural Quatro Eyeshadow Smokey Eyes 8g"}]},{"@type":"WebSite","@id":"https:\/\/paragaleriedetalborjt.com\/#website","url":"https:\/\/paragaleriedetalborjt.com\/","name":"paragaleriedetalborjt","description":"","potentialAction":[{"@type":"SearchAction","target":{"@type":"EntryPoint","urlTemplate":"https:\/\/paragaleriedetalborjt.com\/?s={search_term_string}"},"query-input":{"@type":"PropertyValueSpecification","valueRequired":true,"valueName":"search_term_string"}}],"inLanguage":"en-US"}]}},"brands":[],"_links":{"self":[{"href":"https:\/\/paragaleriedetalborjt.com\/en\/wp-json\/wp\/v2\/product\/26440","targetHints":{"allow":["GET"]}}],"collection":[{"href":"https:\/\/paragaleriedetalborjt.com\/en\/wp-json\/wp\/v2\/product"}],"about":[{"href":"https:\/\/paragaleriedetalborjt.com\/en\/wp-json\/wp\/v2\/types\/product"}],"replies":[{"embeddable":true,"href":"https:\/\/paragaleriedetalborjt.com\/en\/wp-json\/wp\/v2\/comments?post=26440"}],"version-history":[{"count":1,"href":"https:\/\/paragaleriedetalborjt.com\/en\/wp-json\/wp\/v2\/product\/26440\/revisions"}],"predecessor-version":[{"id":31524,"href":"https:\/\/paragaleriedetalborjt.com\/en\/wp-json\/wp\/v2\/product\/26440\/revisions\/31524"}],"wp:featuredmedia":[{"embeddable":true,"href":"https:\/\/paragaleriedetalborjt.com\/en\/wp-json\/wp\/v2\/media\/31523"}],"wp:attachment":[{"href":"https:\/\/paragaleriedetalborjt.com\/en\/wp-json\/wp\/v2\/media?parent=26440"}],"wp:term":[{"taxonomy":"pwb-brand","embeddable":true,"href":"https:\/\/paragaleriedetalborjt.com\/en\/wp-json\/wp\/v2\/pwb-brand?post=26440"},{"taxonomy":"product_cat","embeddable":true,"href":"https:\/\/paragaleriedetalborjt.com\/en\/wp-json\/wp\/v2\/product_cat?post=26440"},{"taxonomy":"product_tag","embeddable":true,"href":"https:\/\/paragaleriedetalborjt.com\/en\/wp-json\/wp\/v2\/product_tag?post=26440"}],"curies":[{"name":"wp","href":"https:\/\/api.w.org\/{rel}","templated":true}]}}