{"id":26416,"date":"2026-01-02T22:25:34","date_gmt":"2026-01-02T21:25:34","guid":{"rendered":"https:\/\/paragaleriedetalborjt.com\/?post_type=product&#038;p=26416"},"modified":"2026-01-02T22:25:34","modified_gmt":"2026-01-02T21:25:34","slug":"benecos-natural-kajal-bright-blue-1-13g","status":"publish","type":"product","link":"https:\/\/paragaleriedetalborjt.com\/en\/boutique\/benecos-natural-kajal-bright-blue-1-13g\/","title":{"rendered":"Benecos Natural Kajal Bright-Blue 1.13g"},"content":{"rendered":"<div aria-labelledby=\"tab-title-description\" class=\"woocommerce-Tabs-panel woocommerce-Tabs-panel--description panel entry-content wc-tab\" id=\"tab-description\" role=\"tabpanel\" style=\"\">\n<h2>Description<\/h2>\n<div class=\"txttab\">\n<p>\u00a0<\/p>\n<h3 class=\"p-summary__heading\">Caract\u00e9ristiques<\/h3>\n<div>\u2713 Avec de l\u2019huile de jojoba biologique<\/div>\n<div>\u2713 Sans Talc<\/div>\n<div>\u2713 Cosm\u00e9tiques naturels certifi\u00e9s (BDIH)<\/div>\n<div>\u2713 V\u00e9g\u00e9talien<\/div>\n<div>\u2713 Contenu : 1,13g<\/div>\n<div><\/div>\n<div><strong>Sans paraffine, parab\u00e8ne, silicone, PEG, colorant ni parfum de synth\u00e8se.<\/strong><\/div>\n<div><\/div>\n<div>\n<p>BENECOS LA BEAUT\u00c9 AU NATUREL.<\/p>\n<p>BENECOS est une marque Allemande de maquillage et soins cosm\u00e9tiques naturels.<\/p>\n<p>Chez\u00a0BENECOS\u00a0vous trouverez un large choix de cosm\u00e9tique, pour diff\u00e9rents usages tels que le teint, les l\u00e8vres, les yeux, les ongles, ou encore les soins pour la peau. En plus de ce choix, les prix tr\u00e8s attractifs vous combleront de bonheur.<\/p>\n<p>CHICS. \u00c9L\u00c9GANTS. MODERNES. PROCHES DE LA NATURE.<\/p>\n<p>Gr\u00e2ce aux cosm\u00e9tiques naturels contr\u00f4l\u00e9s, vous ne passerez plus \u00e0 c\u00f4t\u00e9 des tendances du moment et votre vie se parera de mille couleurs ! Les cosm\u00e9tiques\u00a0BENECOS\u00a0sont des produits s\u00e9duisants, certifi\u00e9s BDIH (sauf vernis \u00e0 ongles), et sont formul\u00e9s sans paraffine, parab\u00e8ne, silicone, PEG, colorant, ou parfum de synth\u00e8se, et \u00e0 prix irr\u00e9sistible. La certification BDIH est un label Allemand qui certifie\u00a0des produits cosm\u00e9tiques \u00e9cologiques et biologiques.<\/p>\n<p><strong>Ingr\u00e9dients:\u00a0<\/strong><\/p>\n<p>Avec ses principes actifs Bio, l\u2019Huile de graine de limnanthe sensation de peau soyeuse, l\u2019Huile de noyau de mangue reconstituante, l\u2019Huile de jojoba* hydratante<\/p>\n<p>Hydrogenated jojoba oil, Caprylic\/capric triglyceride, Limnanthes alba seed oil, Hydrogenated cottonseed oil (Coton), Mangifera indica seed oil (Mangue), Euphorbia cerifera cera\/euphorbia cerifera wax, Simmondsia chinensis seed oil* (Jojoba), Glyceryl caprylate, Copernicia cerifera cera\/copernicia cerifera wax, Macadamia ternifolia seed oil (Macadamia), Tocopherol, ascorbyl palmitate, [+\/- (peut contenir) : mica, CI 77891 (titanium dioxide), CI 77499 (iron oxides), CI 77491 (iron oxides), CI 77492 (iron oxides), CI 77510 (ferric ferrocyanide), CI 77288 (chromium oxide greens), CI 77007 (ultramarines), CI 75470 (carmine)].<\/p>\n<div>*Ingr\u00e9dients issus de l\u2019Agriculture biologique.<\/div>\n<div><\/div>\n<p><strong>Conseil d\u2019utilisation:<\/strong><\/p>\n<p>Appliquez sur le bord inf\u00e9rieur de votre paupi\u00e8re. Compos\u00e9 d\u2019ingr\u00e9dient naturels et certifi\u00e9 bio il convient parfaitement aux porteurs de lentilles.<\/p>\n<p>Pour souligner le regard, appliquez un trait en ras de cils inf\u00e9rieur ou sup\u00e9rieur.<br \/>\nIl donnera l\u2019illusion de cils plus fournis.<\/p>\n<\/div>\n<\/div>\n<\/div>\n","protected":false},"excerpt":{"rendered":"<p>Highlights:Le\u00a0Crayon Contour Des Yeux Bleu Electrique Bio\u00a0Benecos,\u00a0est sp\u00e9cialement fait pour redessiner, souligner la forme de l\u2019\u0153il pour intensifier le regard. A la texture douce et agr\u00e9able, ce crayon contour des yeux permet de dessiner avec pr\u00e9cision des lignes sans avoir \u00e0 se soucier d\u2019\u00e9ventuelles bavures. Duret\u00e9 id\u00e9ale de la mine du crayon. Apporte une profondeur intense au regard.<\/p>","protected":false},"featured_media":31499,"comment_status":"open","ping_status":"closed","template":"","meta":[],"pwb-brand":[],"product_cat":[16],"product_tag":[],"class_list":{"0":"post-26416","1":"product","2":"type-product","3":"status-publish","4":"has-post-thumbnail","6":"product_cat-non-classe","7":"pa_brands-benecos","9":"first","10":"instock","11":"sale","12":"shipping-taxable","13":"purchasable","14":"product-type-simple"},"yoast_head":"<!-- This site is optimized with the Yoast SEO plugin v27.5 - https:\/\/yoast.com\/product\/yoast-seo-wordpress\/ -->\n<title>Benecos Natural Kajal Bright-Blue 1.13g - paragaleriedetalborjt<\/title>\n<meta name=\"robots\" content=\"index, follow, max-snippet:-1, max-image-preview:large, max-video-preview:-1\" \/>\n<link rel=\"canonical\" href=\"https:\/\/paragaleriedetalborjt.com\/en\/boutique\/benecos-natural-kajal-bright-blue-1-13g\/\" \/>\n<meta property=\"og:locale\" content=\"en_US\" \/>\n<meta property=\"og:type\" content=\"article\" \/>\n<meta property=\"og:title\" content=\"Benecos Natural Kajal Bright-Blue 1.13g - paragaleriedetalborjt\" \/>\n<meta property=\"og:description\" content=\"Highlights:Le\u00a0Crayon Contour Des Yeux Bleu Electrique Bio\u00a0Benecos,\u00a0est sp\u00e9cialement fait pour redessiner, souligner la forme de l\u2019\u0153il pour intensifier le regard. A la texture douce et agr\u00e9able, ce crayon contour des yeux permet de dessiner avec pr\u00e9cision des lignes sans avoir \u00e0 se soucier d\u2019\u00e9ventuelles bavures. Duret\u00e9 id\u00e9ale de la mine du crayon. Apporte une profondeur intense au regard.\" \/>\n<meta property=\"og:url\" content=\"https:\/\/paragaleriedetalborjt.com\/en\/boutique\/benecos-natural-kajal-bright-blue-1-13g\/\" \/>\n<meta property=\"og:site_name\" content=\"paragaleriedetalborjt\" \/>\n<meta property=\"og:image\" content=\"https:\/\/paragaleriedetalborjt.com\/wp-content\/uploads\/2026\/01\/Benecos-natural-kajal-night-blue-1.13g-600x600-1.jpg\" \/>\n\t<meta property=\"og:image:width\" content=\"600\" \/>\n\t<meta property=\"og:image:height\" content=\"600\" \/>\n\t<meta property=\"og:image:type\" content=\"image\/jpeg\" \/>\n<meta name=\"twitter:card\" content=\"summary_large_image\" \/>\n<meta name=\"twitter:label1\" content=\"Est. reading time\" \/>\n\t<meta name=\"twitter:data1\" content=\"2 minutes\" \/>\n<script type=\"application\/ld+json\" class=\"yoast-schema-graph\">{\"@context\":\"https:\\\/\\\/schema.org\",\"@graph\":[{\"@type\":\"WebPage\",\"@id\":\"https:\\\/\\\/paragaleriedetalborjt.com\\\/boutique\\\/benecos-natural-kajal-bright-blue-1-13g\\\/\",\"url\":\"https:\\\/\\\/paragaleriedetalborjt.com\\\/boutique\\\/benecos-natural-kajal-bright-blue-1-13g\\\/\",\"name\":\"Benecos Natural Kajal Bright-Blue 1.13g - paragaleriedetalborjt\",\"isPartOf\":{\"@id\":\"https:\\\/\\\/paragaleriedetalborjt.com\\\/#website\"},\"primaryImageOfPage\":{\"@id\":\"https:\\\/\\\/paragaleriedetalborjt.com\\\/boutique\\\/benecos-natural-kajal-bright-blue-1-13g\\\/#primaryimage\"},\"image\":{\"@id\":\"https:\\\/\\\/paragaleriedetalborjt.com\\\/boutique\\\/benecos-natural-kajal-bright-blue-1-13g\\\/#primaryimage\"},\"thumbnailUrl\":\"https:\\\/\\\/paragaleriedetalborjt.com\\\/wp-content\\\/uploads\\\/2026\\\/01\\\/Benecos-natural-kajal-night-blue-1.13g-600x600-1.jpg\",\"datePublished\":\"2026-01-02T21:25:34+00:00\",\"breadcrumb\":{\"@id\":\"https:\\\/\\\/paragaleriedetalborjt.com\\\/boutique\\\/benecos-natural-kajal-bright-blue-1-13g\\\/#breadcrumb\"},\"inLanguage\":\"en-US\",\"potentialAction\":[{\"@type\":\"ReadAction\",\"target\":[\"https:\\\/\\\/paragaleriedetalborjt.com\\\/boutique\\\/benecos-natural-kajal-bright-blue-1-13g\\\/\"]}]},{\"@type\":\"ImageObject\",\"inLanguage\":\"en-US\",\"@id\":\"https:\\\/\\\/paragaleriedetalborjt.com\\\/boutique\\\/benecos-natural-kajal-bright-blue-1-13g\\\/#primaryimage\",\"url\":\"https:\\\/\\\/paragaleriedetalborjt.com\\\/wp-content\\\/uploads\\\/2026\\\/01\\\/Benecos-natural-kajal-night-blue-1.13g-600x600-1.jpg\",\"contentUrl\":\"https:\\\/\\\/paragaleriedetalborjt.com\\\/wp-content\\\/uploads\\\/2026\\\/01\\\/Benecos-natural-kajal-night-blue-1.13g-600x600-1.jpg\",\"width\":600,\"height\":600},{\"@type\":\"BreadcrumbList\",\"@id\":\"https:\\\/\\\/paragaleriedetalborjt.com\\\/boutique\\\/benecos-natural-kajal-bright-blue-1-13g\\\/#breadcrumb\",\"itemListElement\":[{\"@type\":\"ListItem\",\"position\":1,\"name\":\"Accueil\",\"item\":\"https:\\\/\\\/paragaleriedetalborjt.com\\\/\"},{\"@type\":\"ListItem\",\"position\":2,\"name\":\"Boutique\",\"item\":\"https:\\\/\\\/paragaleriedetalborjt.com\\\/boutique\\\/\"},{\"@type\":\"ListItem\",\"position\":3,\"name\":\"Benecos Natural Kajal Bright-Blue 1.13g\"}]},{\"@type\":\"WebSite\",\"@id\":\"https:\\\/\\\/paragaleriedetalborjt.com\\\/#website\",\"url\":\"https:\\\/\\\/paragaleriedetalborjt.com\\\/\",\"name\":\"paragaleriedetalborjt\",\"description\":\"\",\"potentialAction\":[{\"@type\":\"SearchAction\",\"target\":{\"@type\":\"EntryPoint\",\"urlTemplate\":\"https:\\\/\\\/paragaleriedetalborjt.com\\\/?s={search_term_string}\"},\"query-input\":{\"@type\":\"PropertyValueSpecification\",\"valueRequired\":true,\"valueName\":\"search_term_string\"}}],\"inLanguage\":\"en-US\"}]}<\/script>\n<!-- \/ Yoast SEO plugin. -->","yoast_head_json":{"title":"Benecos Natural Kajal Bright-Blue 1.13g - paragaleriedetalborjt","robots":{"index":"index","follow":"follow","max-snippet":"max-snippet:-1","max-image-preview":"max-image-preview:large","max-video-preview":"max-video-preview:-1"},"canonical":"https:\/\/paragaleriedetalborjt.com\/en\/boutique\/benecos-natural-kajal-bright-blue-1-13g\/","og_locale":"en_US","og_type":"article","og_title":"Benecos Natural Kajal Bright-Blue 1.13g - paragaleriedetalborjt","og_description":"Highlights:Le\u00a0Crayon Contour Des Yeux Bleu Electrique Bio\u00a0Benecos,\u00a0est sp\u00e9cialement fait pour redessiner, souligner la forme de l\u2019\u0153il pour intensifier le regard. A la texture douce et agr\u00e9able, ce crayon contour des yeux permet de dessiner avec pr\u00e9cision des lignes sans avoir \u00e0 se soucier d\u2019\u00e9ventuelles bavures. Duret\u00e9 id\u00e9ale de la mine du crayon. Apporte une profondeur intense au regard.","og_url":"https:\/\/paragaleriedetalborjt.com\/en\/boutique\/benecos-natural-kajal-bright-blue-1-13g\/","og_site_name":"paragaleriedetalborjt","og_image":[{"width":600,"height":600,"url":"https:\/\/paragaleriedetalborjt.com\/wp-content\/uploads\/2026\/01\/Benecos-natural-kajal-night-blue-1.13g-600x600-1.jpg","type":"image\/jpeg"}],"twitter_card":"summary_large_image","twitter_misc":{"Est. reading time":"2 minutes"},"schema":{"@context":"https:\/\/schema.org","@graph":[{"@type":"WebPage","@id":"https:\/\/paragaleriedetalborjt.com\/boutique\/benecos-natural-kajal-bright-blue-1-13g\/","url":"https:\/\/paragaleriedetalborjt.com\/boutique\/benecos-natural-kajal-bright-blue-1-13g\/","name":"Benecos Natural Kajal Bright-Blue 1.13g - paragaleriedetalborjt","isPartOf":{"@id":"https:\/\/paragaleriedetalborjt.com\/#website"},"primaryImageOfPage":{"@id":"https:\/\/paragaleriedetalborjt.com\/boutique\/benecos-natural-kajal-bright-blue-1-13g\/#primaryimage"},"image":{"@id":"https:\/\/paragaleriedetalborjt.com\/boutique\/benecos-natural-kajal-bright-blue-1-13g\/#primaryimage"},"thumbnailUrl":"https:\/\/paragaleriedetalborjt.com\/wp-content\/uploads\/2026\/01\/Benecos-natural-kajal-night-blue-1.13g-600x600-1.jpg","datePublished":"2026-01-02T21:25:34+00:00","breadcrumb":{"@id":"https:\/\/paragaleriedetalborjt.com\/boutique\/benecos-natural-kajal-bright-blue-1-13g\/#breadcrumb"},"inLanguage":"en-US","potentialAction":[{"@type":"ReadAction","target":["https:\/\/paragaleriedetalborjt.com\/boutique\/benecos-natural-kajal-bright-blue-1-13g\/"]}]},{"@type":"ImageObject","inLanguage":"en-US","@id":"https:\/\/paragaleriedetalborjt.com\/boutique\/benecos-natural-kajal-bright-blue-1-13g\/#primaryimage","url":"https:\/\/paragaleriedetalborjt.com\/wp-content\/uploads\/2026\/01\/Benecos-natural-kajal-night-blue-1.13g-600x600-1.jpg","contentUrl":"https:\/\/paragaleriedetalborjt.com\/wp-content\/uploads\/2026\/01\/Benecos-natural-kajal-night-blue-1.13g-600x600-1.jpg","width":600,"height":600},{"@type":"BreadcrumbList","@id":"https:\/\/paragaleriedetalborjt.com\/boutique\/benecos-natural-kajal-bright-blue-1-13g\/#breadcrumb","itemListElement":[{"@type":"ListItem","position":1,"name":"Accueil","item":"https:\/\/paragaleriedetalborjt.com\/"},{"@type":"ListItem","position":2,"name":"Boutique","item":"https:\/\/paragaleriedetalborjt.com\/boutique\/"},{"@type":"ListItem","position":3,"name":"Benecos Natural Kajal Bright-Blue 1.13g"}]},{"@type":"WebSite","@id":"https:\/\/paragaleriedetalborjt.com\/#website","url":"https:\/\/paragaleriedetalborjt.com\/","name":"paragaleriedetalborjt","description":"","potentialAction":[{"@type":"SearchAction","target":{"@type":"EntryPoint","urlTemplate":"https:\/\/paragaleriedetalborjt.com\/?s={search_term_string}"},"query-input":{"@type":"PropertyValueSpecification","valueRequired":true,"valueName":"search_term_string"}}],"inLanguage":"en-US"}]}},"brands":[],"_links":{"self":[{"href":"https:\/\/paragaleriedetalborjt.com\/en\/wp-json\/wp\/v2\/product\/26416","targetHints":{"allow":["GET"]}}],"collection":[{"href":"https:\/\/paragaleriedetalborjt.com\/en\/wp-json\/wp\/v2\/product"}],"about":[{"href":"https:\/\/paragaleriedetalborjt.com\/en\/wp-json\/wp\/v2\/types\/product"}],"replies":[{"embeddable":true,"href":"https:\/\/paragaleriedetalborjt.com\/en\/wp-json\/wp\/v2\/comments?post=26416"}],"version-history":[{"count":1,"href":"https:\/\/paragaleriedetalborjt.com\/en\/wp-json\/wp\/v2\/product\/26416\/revisions"}],"predecessor-version":[{"id":31500,"href":"https:\/\/paragaleriedetalborjt.com\/en\/wp-json\/wp\/v2\/product\/26416\/revisions\/31500"}],"wp:featuredmedia":[{"embeddable":true,"href":"https:\/\/paragaleriedetalborjt.com\/en\/wp-json\/wp\/v2\/media\/31499"}],"wp:attachment":[{"href":"https:\/\/paragaleriedetalborjt.com\/en\/wp-json\/wp\/v2\/media?parent=26416"}],"wp:term":[{"taxonomy":"pwb-brand","embeddable":true,"href":"https:\/\/paragaleriedetalborjt.com\/en\/wp-json\/wp\/v2\/pwb-brand?post=26416"},{"taxonomy":"product_cat","embeddable":true,"href":"https:\/\/paragaleriedetalborjt.com\/en\/wp-json\/wp\/v2\/product_cat?post=26416"},{"taxonomy":"product_tag","embeddable":true,"href":"https:\/\/paragaleriedetalborjt.com\/en\/wp-json\/wp\/v2\/product_tag?post=26416"}],"curies":[{"name":"wp","href":"https:\/\/api.w.org\/{rel}","templated":true}]}}