{"id":26406,"date":"2026-01-02T22:25:17","date_gmt":"2026-01-02T21:25:17","guid":{"rendered":"https:\/\/paragaleriedetalborjt.com\/?post_type=product&#038;p=26406"},"modified":"2026-01-02T22:25:17","modified_gmt":"2026-01-02T21:25:17","slug":"benecos-natural-mascara-maximum-smooth-brown-8ml","status":"publish","type":"product","link":"https:\/\/paragaleriedetalborjt.com\/en\/boutique\/benecos-natural-mascara-maximum-smooth-brown-8ml\/","title":{"rendered":"Benecos Natural Mascara Maximum Smooth Brown 8ml"},"content":{"rendered":"<div aria-labelledby=\"tab-title-description\" class=\"woocommerce-Tabs-panel woocommerce-Tabs-panel--description panel entry-content wc-tab\" id=\"tab-description\" role=\"tabpanel\" style=\"\">\n<h2>Description<\/h2>\n<p>\u00a0<\/p>\n<h3 class=\"p-summary__heading\">Caract\u00e9ristiques<\/h3>\n<div>\u2713 Sans gluten<\/div>\n<div>\u2713 Avec de la cire d\u2019abeille biologique, du jojoba, de l\u2019huile de tournesol et de la vitamine E<\/div>\n<div>\u2713 Mascara avec une brosse spirale classique en noir profond ou dans une nuance de brun<\/div>\n<div>\u2713 Pour des cils \u00e9pais avec une belle boucle<\/div>\n<div>\u2713 Cosm\u00e9tiques naturels certifi\u00e9s et contr\u00f4l\u00e9s (BDIH)<\/div>\n<div>\u2713 Contenu : 8 ml<\/div>\n<div><\/div>\n<div><\/div>\n<div>\n<p><strong>BENECOS LA BEAUT\u00c9 AU NATUREL.<\/strong><\/p>\n<p><strong>BENECOS<\/strong>\u00a0est une marque Allemande de maquillage et soins cosm\u00e9tiques naturels.<\/p>\n<p>Chez\u00a0<strong>BENECOS\u00a0<\/strong>vous trouverez un large choix de cosm\u00e9tique, pour diff\u00e9rents usages tels que le teint, les l\u00e8vres, les yeux, les ongles, ou encore les soins pour la peau. En plus de ce choix, les prix tr\u00e8s attractifs vous combleront de bonheur.<\/p>\n<p>CHICS. \u00c9L\u00c9GANTS. MODERNES. PROCHES DE LA NATURE.<\/p>\n<p>Gr\u00e2ce aux cosm\u00e9tiques naturels contr\u00f4l\u00e9s, vous ne passerez plus \u00e0 c\u00f4t\u00e9 des tendances du moment et votre vie se parera de mille couleurs ! Les cosm\u00e9tiques\u00a0BENECOSsont des produits s\u00e9duisants, certifi\u00e9s BDIH (sauf vernis \u00e0 ongles), et sont formul\u00e9s sans paraffine, parab\u00e8ne, silicone, PEG, colorant, ou parfum de synth\u00e8se, et \u00e0 prix irr\u00e9sistible. La certification BDIH est un label Allemand qui certifie\u00a0des produits cosm\u00e9tiques \u00e9cologiques et biologiques.<\/p>\n<p><strong>Ingr\u00e9dients<\/strong>:<\/p>\n<p>Avec ses principes actifs Bio, l\u2019Extrait de romarin* tonifiant, rafra\u00eechissant. la Vitamine E pour la protection. la Poudre de jus d\u2018aloe vera* pour hydrater.<\/p>\n<p>Aqua, Alcohol*, Cera alba* (Cire d\u2019abeille), Glycerin, Polyglyceryl-5 laurate, Magnesium aluminium silicate, Acacia senegal gum, Copernicia cerifera cera\/copernicia cerifera wax*, Polyglyceryl-3 stearate, Hydrogenated lecithin, Glyceryl caprylate, Simmondsia chinensis seed oil* (Jojoba), P-anisic acid, Rosmarinus officinalis leaf extract*, Helianthus annuus seed oil*, Sodium hydroxide, Limonene, Tocopherol, Parfum, Aloe barbadensis leaf juice powder* (Aloe Vera), Citral, Linalool, CI 77499 (iron oxides).<\/p>\n<p>*Ingr\u00e9dients issus de l\u2019Agriculture biologique.<\/p>\n<p><strong>Conseil d\u2019utilisation:<\/strong><\/p>\n<p>Appliquez le mascara de la racine jusqu\u2019aux pointes des cils.<br \/>\nMettre plusieurs couches pour renforcer l\u2019effet volume.<\/p>\n<\/div>\n<\/div>","protected":false},"excerpt":{"rendered":"<p>Highlights:Le\u00a0Mascara Maxi Volume Marron Bio\u00a0Benecos,\u00a0est\u00a0parfait pour \u00e9paissir et allonger les cils et ceci sans paquet, pour\u00a0un regard s\u00e9duisant.<\/p>","protected":false},"featured_media":31489,"comment_status":"open","ping_status":"closed","template":"","meta":[],"pwb-brand":[],"product_cat":[16],"product_tag":[],"class_list":{"0":"post-26406","1":"product","2":"type-product","3":"status-publish","4":"has-post-thumbnail","6":"product_cat-non-classe","7":"pa_brands-benecos","9":"first","10":"instock","11":"sale","12":"shipping-taxable","13":"purchasable","14":"product-type-simple"},"yoast_head":"<!-- This site is optimized with the Yoast SEO plugin v27.5 - https:\/\/yoast.com\/product\/yoast-seo-wordpress\/ -->\n<title>Benecos Natural Mascara Maximum Smooth Brown 8ml - paragaleriedetalborjt<\/title>\n<meta name=\"robots\" content=\"index, follow, max-snippet:-1, max-image-preview:large, max-video-preview:-1\" \/>\n<link rel=\"canonical\" href=\"https:\/\/paragaleriedetalborjt.com\/en\/boutique\/benecos-natural-mascara-maximum-smooth-brown-8ml\/\" \/>\n<meta property=\"og:locale\" content=\"en_US\" \/>\n<meta property=\"og:type\" content=\"article\" \/>\n<meta property=\"og:title\" content=\"Benecos Natural Mascara Maximum Smooth Brown 8ml - paragaleriedetalborjt\" \/>\n<meta property=\"og:description\" content=\"Highlights:Le\u00a0Mascara Maxi Volume Marron Bio\u00a0Benecos,\u00a0est\u00a0parfait pour \u00e9paissir et allonger les cils et ceci sans paquet, pour\u00a0un regard s\u00e9duisant.\" \/>\n<meta property=\"og:url\" content=\"https:\/\/paragaleriedetalborjt.com\/en\/boutique\/benecos-natural-mascara-maximum-smooth-brown-8ml\/\" \/>\n<meta property=\"og:site_name\" content=\"paragaleriedetalborjt\" \/>\n<meta property=\"og:image\" content=\"https:\/\/paragaleriedetalborjt.com\/wp-content\/uploads\/2026\/01\/Benecos-natural-mascara-maximum-smooth-brown-8ml-600x600-1.jpg\" \/>\n\t<meta property=\"og:image:width\" content=\"600\" \/>\n\t<meta property=\"og:image:height\" content=\"600\" \/>\n\t<meta property=\"og:image:type\" content=\"image\/jpeg\" \/>\n<meta name=\"twitter:card\" content=\"summary_large_image\" \/>\n<meta name=\"twitter:label1\" content=\"Est. reading time\" \/>\n\t<meta name=\"twitter:data1\" content=\"2 minutes\" \/>\n<script type=\"application\/ld+json\" class=\"yoast-schema-graph\">{\"@context\":\"https:\\\/\\\/schema.org\",\"@graph\":[{\"@type\":\"WebPage\",\"@id\":\"https:\\\/\\\/paragaleriedetalborjt.com\\\/boutique\\\/benecos-natural-mascara-maximum-smooth-brown-8ml\\\/\",\"url\":\"https:\\\/\\\/paragaleriedetalborjt.com\\\/boutique\\\/benecos-natural-mascara-maximum-smooth-brown-8ml\\\/\",\"name\":\"Benecos Natural Mascara Maximum Smooth Brown 8ml - paragaleriedetalborjt\",\"isPartOf\":{\"@id\":\"https:\\\/\\\/paragaleriedetalborjt.com\\\/#website\"},\"primaryImageOfPage\":{\"@id\":\"https:\\\/\\\/paragaleriedetalborjt.com\\\/boutique\\\/benecos-natural-mascara-maximum-smooth-brown-8ml\\\/#primaryimage\"},\"image\":{\"@id\":\"https:\\\/\\\/paragaleriedetalborjt.com\\\/boutique\\\/benecos-natural-mascara-maximum-smooth-brown-8ml\\\/#primaryimage\"},\"thumbnailUrl\":\"https:\\\/\\\/paragaleriedetalborjt.com\\\/wp-content\\\/uploads\\\/2026\\\/01\\\/Benecos-natural-mascara-maximum-smooth-brown-8ml-600x600-1.jpg\",\"datePublished\":\"2026-01-02T21:25:17+00:00\",\"breadcrumb\":{\"@id\":\"https:\\\/\\\/paragaleriedetalborjt.com\\\/boutique\\\/benecos-natural-mascara-maximum-smooth-brown-8ml\\\/#breadcrumb\"},\"inLanguage\":\"en-US\",\"potentialAction\":[{\"@type\":\"ReadAction\",\"target\":[\"https:\\\/\\\/paragaleriedetalborjt.com\\\/boutique\\\/benecos-natural-mascara-maximum-smooth-brown-8ml\\\/\"]}]},{\"@type\":\"ImageObject\",\"inLanguage\":\"en-US\",\"@id\":\"https:\\\/\\\/paragaleriedetalborjt.com\\\/boutique\\\/benecos-natural-mascara-maximum-smooth-brown-8ml\\\/#primaryimage\",\"url\":\"https:\\\/\\\/paragaleriedetalborjt.com\\\/wp-content\\\/uploads\\\/2026\\\/01\\\/Benecos-natural-mascara-maximum-smooth-brown-8ml-600x600-1.jpg\",\"contentUrl\":\"https:\\\/\\\/paragaleriedetalborjt.com\\\/wp-content\\\/uploads\\\/2026\\\/01\\\/Benecos-natural-mascara-maximum-smooth-brown-8ml-600x600-1.jpg\",\"width\":600,\"height\":600},{\"@type\":\"BreadcrumbList\",\"@id\":\"https:\\\/\\\/paragaleriedetalborjt.com\\\/boutique\\\/benecos-natural-mascara-maximum-smooth-brown-8ml\\\/#breadcrumb\",\"itemListElement\":[{\"@type\":\"ListItem\",\"position\":1,\"name\":\"Accueil\",\"item\":\"https:\\\/\\\/paragaleriedetalborjt.com\\\/\"},{\"@type\":\"ListItem\",\"position\":2,\"name\":\"Boutique\",\"item\":\"https:\\\/\\\/paragaleriedetalborjt.com\\\/boutique\\\/\"},{\"@type\":\"ListItem\",\"position\":3,\"name\":\"Benecos Natural Mascara Maximum Smooth Brown 8ml\"}]},{\"@type\":\"WebSite\",\"@id\":\"https:\\\/\\\/paragaleriedetalborjt.com\\\/#website\",\"url\":\"https:\\\/\\\/paragaleriedetalborjt.com\\\/\",\"name\":\"paragaleriedetalborjt\",\"description\":\"\",\"potentialAction\":[{\"@type\":\"SearchAction\",\"target\":{\"@type\":\"EntryPoint\",\"urlTemplate\":\"https:\\\/\\\/paragaleriedetalborjt.com\\\/?s={search_term_string}\"},\"query-input\":{\"@type\":\"PropertyValueSpecification\",\"valueRequired\":true,\"valueName\":\"search_term_string\"}}],\"inLanguage\":\"en-US\"}]}<\/script>\n<!-- \/ Yoast SEO plugin. -->","yoast_head_json":{"title":"Benecos Natural Mascara Maximum Smooth Brown 8ml - paragaleriedetalborjt","robots":{"index":"index","follow":"follow","max-snippet":"max-snippet:-1","max-image-preview":"max-image-preview:large","max-video-preview":"max-video-preview:-1"},"canonical":"https:\/\/paragaleriedetalborjt.com\/en\/boutique\/benecos-natural-mascara-maximum-smooth-brown-8ml\/","og_locale":"en_US","og_type":"article","og_title":"Benecos Natural Mascara Maximum Smooth Brown 8ml - paragaleriedetalborjt","og_description":"Highlights:Le\u00a0Mascara Maxi Volume Marron Bio\u00a0Benecos,\u00a0est\u00a0parfait pour \u00e9paissir et allonger les cils et ceci sans paquet, pour\u00a0un regard s\u00e9duisant.","og_url":"https:\/\/paragaleriedetalborjt.com\/en\/boutique\/benecos-natural-mascara-maximum-smooth-brown-8ml\/","og_site_name":"paragaleriedetalborjt","og_image":[{"width":600,"height":600,"url":"https:\/\/paragaleriedetalborjt.com\/wp-content\/uploads\/2026\/01\/Benecos-natural-mascara-maximum-smooth-brown-8ml-600x600-1.jpg","type":"image\/jpeg"}],"twitter_card":"summary_large_image","twitter_misc":{"Est. reading time":"2 minutes"},"schema":{"@context":"https:\/\/schema.org","@graph":[{"@type":"WebPage","@id":"https:\/\/paragaleriedetalborjt.com\/boutique\/benecos-natural-mascara-maximum-smooth-brown-8ml\/","url":"https:\/\/paragaleriedetalborjt.com\/boutique\/benecos-natural-mascara-maximum-smooth-brown-8ml\/","name":"Benecos Natural Mascara Maximum Smooth Brown 8ml - paragaleriedetalborjt","isPartOf":{"@id":"https:\/\/paragaleriedetalborjt.com\/#website"},"primaryImageOfPage":{"@id":"https:\/\/paragaleriedetalborjt.com\/boutique\/benecos-natural-mascara-maximum-smooth-brown-8ml\/#primaryimage"},"image":{"@id":"https:\/\/paragaleriedetalborjt.com\/boutique\/benecos-natural-mascara-maximum-smooth-brown-8ml\/#primaryimage"},"thumbnailUrl":"https:\/\/paragaleriedetalborjt.com\/wp-content\/uploads\/2026\/01\/Benecos-natural-mascara-maximum-smooth-brown-8ml-600x600-1.jpg","datePublished":"2026-01-02T21:25:17+00:00","breadcrumb":{"@id":"https:\/\/paragaleriedetalborjt.com\/boutique\/benecos-natural-mascara-maximum-smooth-brown-8ml\/#breadcrumb"},"inLanguage":"en-US","potentialAction":[{"@type":"ReadAction","target":["https:\/\/paragaleriedetalborjt.com\/boutique\/benecos-natural-mascara-maximum-smooth-brown-8ml\/"]}]},{"@type":"ImageObject","inLanguage":"en-US","@id":"https:\/\/paragaleriedetalborjt.com\/boutique\/benecos-natural-mascara-maximum-smooth-brown-8ml\/#primaryimage","url":"https:\/\/paragaleriedetalborjt.com\/wp-content\/uploads\/2026\/01\/Benecos-natural-mascara-maximum-smooth-brown-8ml-600x600-1.jpg","contentUrl":"https:\/\/paragaleriedetalborjt.com\/wp-content\/uploads\/2026\/01\/Benecos-natural-mascara-maximum-smooth-brown-8ml-600x600-1.jpg","width":600,"height":600},{"@type":"BreadcrumbList","@id":"https:\/\/paragaleriedetalborjt.com\/boutique\/benecos-natural-mascara-maximum-smooth-brown-8ml\/#breadcrumb","itemListElement":[{"@type":"ListItem","position":1,"name":"Accueil","item":"https:\/\/paragaleriedetalborjt.com\/"},{"@type":"ListItem","position":2,"name":"Boutique","item":"https:\/\/paragaleriedetalborjt.com\/boutique\/"},{"@type":"ListItem","position":3,"name":"Benecos Natural Mascara Maximum Smooth Brown 8ml"}]},{"@type":"WebSite","@id":"https:\/\/paragaleriedetalborjt.com\/#website","url":"https:\/\/paragaleriedetalborjt.com\/","name":"paragaleriedetalborjt","description":"","potentialAction":[{"@type":"SearchAction","target":{"@type":"EntryPoint","urlTemplate":"https:\/\/paragaleriedetalborjt.com\/?s={search_term_string}"},"query-input":{"@type":"PropertyValueSpecification","valueRequired":true,"valueName":"search_term_string"}}],"inLanguage":"en-US"}]}},"brands":[],"_links":{"self":[{"href":"https:\/\/paragaleriedetalborjt.com\/en\/wp-json\/wp\/v2\/product\/26406","targetHints":{"allow":["GET"]}}],"collection":[{"href":"https:\/\/paragaleriedetalborjt.com\/en\/wp-json\/wp\/v2\/product"}],"about":[{"href":"https:\/\/paragaleriedetalborjt.com\/en\/wp-json\/wp\/v2\/types\/product"}],"replies":[{"embeddable":true,"href":"https:\/\/paragaleriedetalborjt.com\/en\/wp-json\/wp\/v2\/comments?post=26406"}],"version-history":[{"count":1,"href":"https:\/\/paragaleriedetalborjt.com\/en\/wp-json\/wp\/v2\/product\/26406\/revisions"}],"predecessor-version":[{"id":31490,"href":"https:\/\/paragaleriedetalborjt.com\/en\/wp-json\/wp\/v2\/product\/26406\/revisions\/31490"}],"wp:featuredmedia":[{"embeddable":true,"href":"https:\/\/paragaleriedetalborjt.com\/en\/wp-json\/wp\/v2\/media\/31489"}],"wp:attachment":[{"href":"https:\/\/paragaleriedetalborjt.com\/en\/wp-json\/wp\/v2\/media?parent=26406"}],"wp:term":[{"taxonomy":"pwb-brand","embeddable":true,"href":"https:\/\/paragaleriedetalborjt.com\/en\/wp-json\/wp\/v2\/pwb-brand?post=26406"},{"taxonomy":"product_cat","embeddable":true,"href":"https:\/\/paragaleriedetalborjt.com\/en\/wp-json\/wp\/v2\/product_cat?post=26406"},{"taxonomy":"product_tag","embeddable":true,"href":"https:\/\/paragaleriedetalborjt.com\/en\/wp-json\/wp\/v2\/product_tag?post=26406"}],"curies":[{"name":"wp","href":"https:\/\/api.w.org\/{rel}","templated":true}]}}