{"id":26378,"date":"2026-01-02T22:24:25","date_gmt":"2026-01-02T21:24:25","guid":{"rendered":"https:\/\/paragaleriedetalborjt.com\/?post_type=product&#038;p=26378"},"modified":"2026-01-02T22:24:25","modified_gmt":"2026-01-02T21:24:25","slug":"benecos-natural-eyebrow-gel-clear-3ml","status":"publish","type":"product","link":"https:\/\/paragaleriedetalborjt.com\/en\/boutique\/benecos-natural-eyebrow-gel-clear-3ml\/","title":{"rendered":"Benecos Natural Eyebrow Gel Clear 3ml"},"content":{"rendered":"<div aria-labelledby=\"tab-title-description\" class=\"woocommerce-Tabs-panel woocommerce-Tabs-panel--description panel entry-content wc-tab\" id=\"tab-description\" role=\"tabpanel\" style=\"\">\n<h2>Description<\/h2>\n<p>\u00a0<\/p>\n<h3 class=\"p-summary__heading\">Caract\u00e9ristiques<\/h3>\n<div>\n<div>\u2713 Pour fa\u00e7onner ou fixer les sourcils<\/div>\n<div>\u2713 V\u00e9g\u00e9talien<\/div>\n<div>\u2713 Cosm\u00e9tiques biologiques certifi\u00e9s COSMOS ORGANIC<\/div>\n<div>\u2713 Contenu : 3 ml poids net<\/div>\n<\/div>\n<div><\/div>\n<div>\n<p><strong>BENECOS LA BEAUT\u00c9 AU NATUREL.<\/strong><\/p>\n<p><strong>BENECOS<\/strong>\u00a0est une marque Allemande de maquillage et soins cosm\u00e9tiques naturels.<\/p>\n<p>Chez\u00a0BENECOS\u00a0vous trouverez un large choix de cosm\u00e9tique, pour diff\u00e9rents usages tels que le teint, les l\u00e8vres, les yeux, les ongles, ou encore les soins pour la peau. En plus de ce choix, les prix tr\u00e8s attractifs vous combleront de bonheur.<\/p>\n<p>CHICS. \u00c9L\u00c9GANTS. MODERNES. PROCHES DE LA NATURE.<\/p>\n<p>Gr\u00e2ce aux cosm\u00e9tiques naturels contr\u00f4l\u00e9s, vous ne passerez plus \u00e0 c\u00f4t\u00e9 des tendances du moment et votre vie se parera de mille couleurs ! Les cosm\u00e9tiques\u00a0BENECOSsont des produits s\u00e9duisants, certifi\u00e9s BDIH (sauf vernis \u00e0 ongles), et sont formul\u00e9s sans paraffine, parab\u00e8ne, silicone, PEG, colorant, ou parfum de synth\u00e8se, et \u00e0 prix irr\u00e9sistible. La certification BDIH est un label Allemand qui certifie\u00a0des produits cosm\u00e9tiques \u00e9cologiques et biologiques.<\/p>\n<p><strong>Ingr\u00e9dients:\u00a0<\/strong><\/p>\n<p>Aloe barbadensis leaf juice* (Aloe vera), Oleic\/linoleic\/linolenic polyglycerides, Pullulan, Prunus armeniaca kernel extract (Abricot), Silica, Glyceryl behenate, Glyceryl stearate, Glyceryl rosinate, Cetearyl alcohol, Acacia senegal gum, Aqua, Glycerin, Potassium palmitoyl hydrolyzed wheat protein, Sucrose palmitate, Glyceryl caprylate, P-anisic acid, Sodium anisate, Lecithin, Sodium levulinate, Tocopherol, Ascorbyl palmitate, Citric acid, Sodium hydroxide, [+\/- (peut contenir) : CI 77891 (titanium dioxide), CI 77491 (iron oxides), CI 77492 (iron oxides), CI 77499 (iron oxides)].<\/p>\n<p>*Ingr\u00e9dient issu de l\u2019agriculture biologique.<\/p>\n<p>51% du total des ingr\u00e9dients sont issus de l\u2019agriculture Biologique.<\/p>\n<p><strong>Conseil d\u2019utilisation:<\/strong><\/p>\n<p>Pour des sourcils parfaitement structur\u00e9s, dessinez-les avec le crayon \u00e0 sourcils Benecos.\u00a0Brossez-les ensuite\u00a0avec le gel \u00e0 sourcils pour les fixer et les densifier.<\/p>\n<\/div>\n<\/div>\n","protected":false},"excerpt":{"rendered":"<p>Highlights:Ce\u00a0Gel \u00e0 Sourcils Fixant Clear\u00a0Benecos permet un\u00a0remplissage et une d\u00e9finition parfaite\u00a0des sourcils.\u00a0Une fois les\u00a0sourcils dessin\u00e9s,\u00a0la brosse fine et facile \u00e0 utiliser, permet de les\u00a0structurer\u00a0de mani\u00e8re pr\u00e9cise.<\/p>","protected":false},"featured_media":31461,"comment_status":"open","ping_status":"closed","template":"","meta":[],"pwb-brand":[],"product_cat":[16],"product_tag":[],"class_list":{"0":"post-26378","1":"product","2":"type-product","3":"status-publish","4":"has-post-thumbnail","6":"product_cat-non-classe","7":"pa_brands-benecos","9":"first","10":"instock","11":"sale","12":"shipping-taxable","13":"purchasable","14":"product-type-simple"},"yoast_head":"<!-- This site is optimized with the Yoast SEO plugin v27.5 - https:\/\/yoast.com\/product\/yoast-seo-wordpress\/ -->\n<title>Benecos Natural Eyebrow Gel Clear 3ml - paragaleriedetalborjt<\/title>\n<meta name=\"robots\" content=\"index, follow, max-snippet:-1, max-image-preview:large, max-video-preview:-1\" \/>\n<link rel=\"canonical\" href=\"https:\/\/paragaleriedetalborjt.com\/en\/boutique\/benecos-natural-eyebrow-gel-clear-3ml\/\" \/>\n<meta property=\"og:locale\" content=\"en_US\" \/>\n<meta property=\"og:type\" content=\"article\" \/>\n<meta property=\"og:title\" content=\"Benecos Natural Eyebrow Gel Clear 3ml - paragaleriedetalborjt\" \/>\n<meta property=\"og:description\" content=\"Highlights:Ce\u00a0Gel \u00e0 Sourcils Fixant Clear\u00a0Benecos permet un\u00a0remplissage et une d\u00e9finition parfaite\u00a0des sourcils.\u00a0Une fois les\u00a0sourcils dessin\u00e9s,\u00a0la brosse fine et facile \u00e0 utiliser, permet de les\u00a0structurer\u00a0de mani\u00e8re pr\u00e9cise.\" \/>\n<meta property=\"og:url\" content=\"https:\/\/paragaleriedetalborjt.com\/en\/boutique\/benecos-natural-eyebrow-gel-clear-3ml\/\" \/>\n<meta property=\"og:site_name\" content=\"paragaleriedetalborjt\" \/>\n<meta property=\"og:image\" content=\"https:\/\/paragaleriedetalborjt.com\/wp-content\/uploads\/2026\/01\/24103-600x600-1.jpg\" \/>\n\t<meta property=\"og:image:width\" content=\"600\" \/>\n\t<meta property=\"og:image:height\" content=\"600\" \/>\n\t<meta property=\"og:image:type\" content=\"image\/jpeg\" \/>\n<meta name=\"twitter:card\" content=\"summary_large_image\" \/>\n<meta name=\"twitter:label1\" content=\"Est. reading time\" \/>\n\t<meta name=\"twitter:data1\" content=\"1 minute\" \/>\n<script type=\"application\/ld+json\" class=\"yoast-schema-graph\">{\"@context\":\"https:\\\/\\\/schema.org\",\"@graph\":[{\"@type\":\"WebPage\",\"@id\":\"https:\\\/\\\/paragaleriedetalborjt.com\\\/boutique\\\/benecos-natural-eyebrow-gel-clear-3ml\\\/\",\"url\":\"https:\\\/\\\/paragaleriedetalborjt.com\\\/boutique\\\/benecos-natural-eyebrow-gel-clear-3ml\\\/\",\"name\":\"Benecos Natural Eyebrow Gel Clear 3ml - paragaleriedetalborjt\",\"isPartOf\":{\"@id\":\"https:\\\/\\\/paragaleriedetalborjt.com\\\/#website\"},\"primaryImageOfPage\":{\"@id\":\"https:\\\/\\\/paragaleriedetalborjt.com\\\/boutique\\\/benecos-natural-eyebrow-gel-clear-3ml\\\/#primaryimage\"},\"image\":{\"@id\":\"https:\\\/\\\/paragaleriedetalborjt.com\\\/boutique\\\/benecos-natural-eyebrow-gel-clear-3ml\\\/#primaryimage\"},\"thumbnailUrl\":\"https:\\\/\\\/paragaleriedetalborjt.com\\\/wp-content\\\/uploads\\\/2026\\\/01\\\/24103-600x600-1.jpg\",\"datePublished\":\"2026-01-02T21:24:25+00:00\",\"breadcrumb\":{\"@id\":\"https:\\\/\\\/paragaleriedetalborjt.com\\\/boutique\\\/benecos-natural-eyebrow-gel-clear-3ml\\\/#breadcrumb\"},\"inLanguage\":\"en-US\",\"potentialAction\":[{\"@type\":\"ReadAction\",\"target\":[\"https:\\\/\\\/paragaleriedetalborjt.com\\\/boutique\\\/benecos-natural-eyebrow-gel-clear-3ml\\\/\"]}]},{\"@type\":\"ImageObject\",\"inLanguage\":\"en-US\",\"@id\":\"https:\\\/\\\/paragaleriedetalborjt.com\\\/boutique\\\/benecos-natural-eyebrow-gel-clear-3ml\\\/#primaryimage\",\"url\":\"https:\\\/\\\/paragaleriedetalborjt.com\\\/wp-content\\\/uploads\\\/2026\\\/01\\\/24103-600x600-1.jpg\",\"contentUrl\":\"https:\\\/\\\/paragaleriedetalborjt.com\\\/wp-content\\\/uploads\\\/2026\\\/01\\\/24103-600x600-1.jpg\",\"width\":600,\"height\":600},{\"@type\":\"BreadcrumbList\",\"@id\":\"https:\\\/\\\/paragaleriedetalborjt.com\\\/boutique\\\/benecos-natural-eyebrow-gel-clear-3ml\\\/#breadcrumb\",\"itemListElement\":[{\"@type\":\"ListItem\",\"position\":1,\"name\":\"Accueil\",\"item\":\"https:\\\/\\\/paragaleriedetalborjt.com\\\/\"},{\"@type\":\"ListItem\",\"position\":2,\"name\":\"Boutique\",\"item\":\"https:\\\/\\\/paragaleriedetalborjt.com\\\/boutique\\\/\"},{\"@type\":\"ListItem\",\"position\":3,\"name\":\"Benecos Natural Eyebrow Gel Clear 3ml\"}]},{\"@type\":\"WebSite\",\"@id\":\"https:\\\/\\\/paragaleriedetalborjt.com\\\/#website\",\"url\":\"https:\\\/\\\/paragaleriedetalborjt.com\\\/\",\"name\":\"paragaleriedetalborjt\",\"description\":\"\",\"potentialAction\":[{\"@type\":\"SearchAction\",\"target\":{\"@type\":\"EntryPoint\",\"urlTemplate\":\"https:\\\/\\\/paragaleriedetalborjt.com\\\/?s={search_term_string}\"},\"query-input\":{\"@type\":\"PropertyValueSpecification\",\"valueRequired\":true,\"valueName\":\"search_term_string\"}}],\"inLanguage\":\"en-US\"}]}<\/script>\n<!-- \/ Yoast SEO plugin. -->","yoast_head_json":{"title":"Benecos Natural Eyebrow Gel Clear 3ml - paragaleriedetalborjt","robots":{"index":"index","follow":"follow","max-snippet":"max-snippet:-1","max-image-preview":"max-image-preview:large","max-video-preview":"max-video-preview:-1"},"canonical":"https:\/\/paragaleriedetalborjt.com\/en\/boutique\/benecos-natural-eyebrow-gel-clear-3ml\/","og_locale":"en_US","og_type":"article","og_title":"Benecos Natural Eyebrow Gel Clear 3ml - paragaleriedetalborjt","og_description":"Highlights:Ce\u00a0Gel \u00e0 Sourcils Fixant Clear\u00a0Benecos permet un\u00a0remplissage et une d\u00e9finition parfaite\u00a0des sourcils.\u00a0Une fois les\u00a0sourcils dessin\u00e9s,\u00a0la brosse fine et facile \u00e0 utiliser, permet de les\u00a0structurer\u00a0de mani\u00e8re pr\u00e9cise.","og_url":"https:\/\/paragaleriedetalborjt.com\/en\/boutique\/benecos-natural-eyebrow-gel-clear-3ml\/","og_site_name":"paragaleriedetalborjt","og_image":[{"width":600,"height":600,"url":"https:\/\/paragaleriedetalborjt.com\/wp-content\/uploads\/2026\/01\/24103-600x600-1.jpg","type":"image\/jpeg"}],"twitter_card":"summary_large_image","twitter_misc":{"Est. reading time":"1 minute"},"schema":{"@context":"https:\/\/schema.org","@graph":[{"@type":"WebPage","@id":"https:\/\/paragaleriedetalborjt.com\/boutique\/benecos-natural-eyebrow-gel-clear-3ml\/","url":"https:\/\/paragaleriedetalborjt.com\/boutique\/benecos-natural-eyebrow-gel-clear-3ml\/","name":"Benecos Natural Eyebrow Gel Clear 3ml - paragaleriedetalborjt","isPartOf":{"@id":"https:\/\/paragaleriedetalborjt.com\/#website"},"primaryImageOfPage":{"@id":"https:\/\/paragaleriedetalborjt.com\/boutique\/benecos-natural-eyebrow-gel-clear-3ml\/#primaryimage"},"image":{"@id":"https:\/\/paragaleriedetalborjt.com\/boutique\/benecos-natural-eyebrow-gel-clear-3ml\/#primaryimage"},"thumbnailUrl":"https:\/\/paragaleriedetalborjt.com\/wp-content\/uploads\/2026\/01\/24103-600x600-1.jpg","datePublished":"2026-01-02T21:24:25+00:00","breadcrumb":{"@id":"https:\/\/paragaleriedetalborjt.com\/boutique\/benecos-natural-eyebrow-gel-clear-3ml\/#breadcrumb"},"inLanguage":"en-US","potentialAction":[{"@type":"ReadAction","target":["https:\/\/paragaleriedetalborjt.com\/boutique\/benecos-natural-eyebrow-gel-clear-3ml\/"]}]},{"@type":"ImageObject","inLanguage":"en-US","@id":"https:\/\/paragaleriedetalborjt.com\/boutique\/benecos-natural-eyebrow-gel-clear-3ml\/#primaryimage","url":"https:\/\/paragaleriedetalborjt.com\/wp-content\/uploads\/2026\/01\/24103-600x600-1.jpg","contentUrl":"https:\/\/paragaleriedetalborjt.com\/wp-content\/uploads\/2026\/01\/24103-600x600-1.jpg","width":600,"height":600},{"@type":"BreadcrumbList","@id":"https:\/\/paragaleriedetalborjt.com\/boutique\/benecos-natural-eyebrow-gel-clear-3ml\/#breadcrumb","itemListElement":[{"@type":"ListItem","position":1,"name":"Accueil","item":"https:\/\/paragaleriedetalborjt.com\/"},{"@type":"ListItem","position":2,"name":"Boutique","item":"https:\/\/paragaleriedetalborjt.com\/boutique\/"},{"@type":"ListItem","position":3,"name":"Benecos Natural Eyebrow Gel Clear 3ml"}]},{"@type":"WebSite","@id":"https:\/\/paragaleriedetalborjt.com\/#website","url":"https:\/\/paragaleriedetalborjt.com\/","name":"paragaleriedetalborjt","description":"","potentialAction":[{"@type":"SearchAction","target":{"@type":"EntryPoint","urlTemplate":"https:\/\/paragaleriedetalborjt.com\/?s={search_term_string}"},"query-input":{"@type":"PropertyValueSpecification","valueRequired":true,"valueName":"search_term_string"}}],"inLanguage":"en-US"}]}},"brands":[],"_links":{"self":[{"href":"https:\/\/paragaleriedetalborjt.com\/en\/wp-json\/wp\/v2\/product\/26378","targetHints":{"allow":["GET"]}}],"collection":[{"href":"https:\/\/paragaleriedetalborjt.com\/en\/wp-json\/wp\/v2\/product"}],"about":[{"href":"https:\/\/paragaleriedetalborjt.com\/en\/wp-json\/wp\/v2\/types\/product"}],"replies":[{"embeddable":true,"href":"https:\/\/paragaleriedetalborjt.com\/en\/wp-json\/wp\/v2\/comments?post=26378"}],"version-history":[{"count":1,"href":"https:\/\/paragaleriedetalborjt.com\/en\/wp-json\/wp\/v2\/product\/26378\/revisions"}],"predecessor-version":[{"id":31462,"href":"https:\/\/paragaleriedetalborjt.com\/en\/wp-json\/wp\/v2\/product\/26378\/revisions\/31462"}],"wp:featuredmedia":[{"embeddable":true,"href":"https:\/\/paragaleriedetalborjt.com\/en\/wp-json\/wp\/v2\/media\/31461"}],"wp:attachment":[{"href":"https:\/\/paragaleriedetalborjt.com\/en\/wp-json\/wp\/v2\/media?parent=26378"}],"wp:term":[{"taxonomy":"pwb-brand","embeddable":true,"href":"https:\/\/paragaleriedetalborjt.com\/en\/wp-json\/wp\/v2\/pwb-brand?post=26378"},{"taxonomy":"product_cat","embeddable":true,"href":"https:\/\/paragaleriedetalborjt.com\/en\/wp-json\/wp\/v2\/product_cat?post=26378"},{"taxonomy":"product_tag","embeddable":true,"href":"https:\/\/paragaleriedetalborjt.com\/en\/wp-json\/wp\/v2\/product_tag?post=26378"}],"curies":[{"name":"wp","href":"https:\/\/api.w.org\/{rel}","templated":true}]}}