{"id":26366,"date":"2026-01-02T22:24:03","date_gmt":"2026-01-02T21:24:03","guid":{"rendered":"https:\/\/paragaleriedetalborjt.com\/?post_type=product&#038;p=26366"},"modified":"2026-01-02T22:24:03","modified_gmt":"2026-01-02T21:24:03","slug":"benecos-for-men-only-baume-visage-apres-rasage-2in1-50-ml","status":"publish","type":"product","link":"https:\/\/paragaleriedetalborjt.com\/en\/boutique\/benecos-for-men-only-baume-visage-apres-rasage-2in1-50-ml\/","title":{"rendered":"Benecos For Men Only Baume Visage &#038; Apr\u00e8s-rasage 2in1 50 ml"},"content":{"rendered":"<div aria-labelledby=\"tab-title-description\" class=\"woocommerce-Tabs-panel woocommerce-Tabs-panel--description panel entry-content wc-tab\" id=\"tab-description\" role=\"tabpanel\" style=\"\">\n<h2>Description<\/h2>\n<h3 class=\"p-summary__heading\">Caract\u00e9ristiques<\/h3>\n<div>\u2713 Soin doux apr\u00e8s le rasage<\/div>\n<div>\u2713 L\u00e9ger parfum de lavande<\/div>\n<div>\u2713 V\u00e9g\u00e9talien<\/div>\n<div>\u2713 Cosm\u00e9tiques biologiques certifi\u00e9s COSMOS Organic<\/div>\n<div>\u2713 Contenu : 50 ml<\/div>\n<div><\/div>\n<div>L\u2019eau, le vent et le rasage quotidien mettent \u00e9galement \u00e0 rude \u00e9preuve la peau robuste des hommes.\u00a0Le Baume Visage &amp; Apr\u00e8s Rasage 2en1 de Benecos assure un soin parfait gr\u00e2ce \u00e0 l\u2019aloe vera bio hydratant et \u00e0 l\u2019hydrolat de verveine r\u00e9g\u00e9n\u00e9rant.\u00a0Le bisabolol, apaisant pour la peau, a un effet anti-inflammatoire apr\u00e8s le rasage.<\/div>\n<div><\/div>\n<div><strong>Appliquer doucement sur la peau du visage.<\/strong><\/div>\n<div><\/div>\n<div><strong>INGR\u00c9DIENTS<\/strong><\/div>\n<div><\/div>\n<div>Ingr\u00e9dients (INCI) :<br \/>\nAQUA (EAU), JUS DE PYRUS MALUS (POMME)\u00b0, GLYCERIN, HELIANTHUS ANNUUS (HYBRID TOURNESOL) HUILE HYBRIDE\u00b0, ALOE BARBADENSIS (ALOE VERA) JUS DE FEUILLE\u00b0, ALCOOL\u00b0\u00b0\u00b0, GLYCERYL STEARATE CITRATE, GLYCINE HUILE DE SOJA (SOJA)\u00b0, CAPRYLIQUE\/CAPRIQUE TRIGLYCERIDE, C\u00c9T\u00c9ARYL ALCOOL, BUTYROSPERMUM PARKII (KARIT\u00c9) BEURRE\u00b0, LIPPIA CITRIODORA FEUILLE D\u2019EAU\u00b0, SODIUM LEVULINATE, XANTHAN GUM, GLYCERYL CAPRYLATE, LAVANDULA HYBRIDA (LAVANDIN) GROSSO HERB OIL\u00b0, SODI ABOUT ANISATE , BISABOLOL, TOCOPHEROL, PHYTATE DE SODIUM, PARFUM (PARFUM)\u00b0\u00b0, GLYCERINE\u00b0\u00b0\u00b0, EXTRAIT DE FLEUR DE TILIA CORDATA (LINDEN)\u00b0, EXTRAIT DE FRUITS DE ROSA CANINA (\u00c9GLISSE)\u00b0, EXTRAIT DE FRUITS DE SAMBUCUS NIGRA ( SUREAU)\u00b0, HYPERICUM EXTRAIT DE FLEUR DE PERFORATUM (ST. JOHN\u2019S WORD)\u00b0, EXTRAIT DE RACINE D\u2019URTICA DIOICA (ORDIE)\u00b0, HUILE DE GRAINES D\u2019HELIANTHUS ANNUUS (TOURNESOL)\u00b0, EXTRAIT DE FLEUR DE CALENDULA OFFICINALIS (SOUCI)\u00b0, EXTRAIT DE FRUIT D\u2019ARCTIUM LAPPA (BARDANE)\u00b0, ACIDE CITRIQUE , BENZOATE DE SODIUM, SORBATE DE POTASSIUM, LINALOOL\u00b0\u00b0, LIMONENE\u00b0\u00b0, GERANIOL\u00b0\u00b0, CITRAL\u00b0\u00b0, COUMARIN\u00b0\u00b0<br \/>\n\u00b0issus de l\u2019agriculture biologique<br \/>\n\u00b0\u00b0composition parfum\u00e9e naturelle<br \/>\n\u00b0\u00b0\u00b0\u00e0 base de mati\u00e8res premi\u00e8res biologiques<\/div>\n<\/div>","protected":false},"excerpt":{"rendered":"<p>Highlights:Id\u00e9al pour faciliter les massages corporels, le gel de massage gourmand Manix peut \u00eatre appliqu\u00e9 sur toutes les parties du corps les plus intimes.Si vous \u00eates amen\u00e9s \u00e0 gouter le gel avec votre langue, vous appr\u00e9cierez son parfum subtil et sucr\u00e9.<\/p>","protected":false},"featured_media":31449,"comment_status":"open","ping_status":"closed","template":"","meta":[],"pwb-brand":[],"product_cat":[16],"product_tag":[],"class_list":{"0":"post-26366","1":"product","2":"type-product","3":"status-publish","4":"has-post-thumbnail","6":"product_cat-non-classe","7":"pa_brands-benecos","9":"first","10":"instock","11":"sale","12":"shipping-taxable","13":"purchasable","14":"product-type-simple"},"yoast_head":"<!-- This site is optimized with the Yoast SEO plugin v27.5 - https:\/\/yoast.com\/product\/yoast-seo-wordpress\/ -->\n<title>Benecos For Men Only Baume Visage &amp; Apr\u00e8s-rasage 2in1 50 ml - paragaleriedetalborjt<\/title>\n<meta name=\"robots\" content=\"index, follow, max-snippet:-1, max-image-preview:large, max-video-preview:-1\" \/>\n<link rel=\"canonical\" href=\"https:\/\/paragaleriedetalborjt.com\/en\/boutique\/benecos-for-men-only-baume-visage-apres-rasage-2in1-50-ml\/\" \/>\n<meta property=\"og:locale\" content=\"en_US\" \/>\n<meta property=\"og:type\" content=\"article\" \/>\n<meta property=\"og:title\" content=\"Benecos For Men Only Baume Visage &amp; Apr\u00e8s-rasage 2in1 50 ml - paragaleriedetalborjt\" \/>\n<meta property=\"og:description\" content=\"Highlights:Id\u00e9al pour faciliter les massages corporels, le gel de massage gourmand Manix peut \u00eatre appliqu\u00e9 sur toutes les parties du corps les plus intimes.Si vous \u00eates amen\u00e9s \u00e0 gouter le gel avec votre langue, vous appr\u00e9cierez son parfum subtil et sucr\u00e9.\" \/>\n<meta property=\"og:url\" content=\"https:\/\/paragaleriedetalborjt.com\/en\/boutique\/benecos-for-men-only-baume-visage-apres-rasage-2in1-50-ml\/\" \/>\n<meta property=\"og:site_name\" content=\"paragaleriedetalborjt\" \/>\n<meta property=\"og:image\" content=\"https:\/\/paragaleriedetalborjt.com\/wp-content\/uploads\/2026\/01\/Benecos-for-men-only-face-aftershave-balm-50ml-600x600-1.jpg\" \/>\n\t<meta property=\"og:image:width\" content=\"600\" \/>\n\t<meta property=\"og:image:height\" content=\"600\" \/>\n\t<meta property=\"og:image:type\" content=\"image\/jpeg\" \/>\n<meta name=\"twitter:card\" content=\"summary_large_image\" \/>\n<meta name=\"twitter:label1\" content=\"Est. reading time\" \/>\n\t<meta name=\"twitter:data1\" content=\"1 minute\" \/>\n<script type=\"application\/ld+json\" class=\"yoast-schema-graph\">{\"@context\":\"https:\\\/\\\/schema.org\",\"@graph\":[{\"@type\":\"WebPage\",\"@id\":\"https:\\\/\\\/paragaleriedetalborjt.com\\\/boutique\\\/benecos-for-men-only-baume-visage-apres-rasage-2in1-50-ml\\\/\",\"url\":\"https:\\\/\\\/paragaleriedetalborjt.com\\\/boutique\\\/benecos-for-men-only-baume-visage-apres-rasage-2in1-50-ml\\\/\",\"name\":\"Benecos For Men Only Baume Visage & Apr\u00e8s-rasage 2in1 50 ml - paragaleriedetalborjt\",\"isPartOf\":{\"@id\":\"https:\\\/\\\/paragaleriedetalborjt.com\\\/#website\"},\"primaryImageOfPage\":{\"@id\":\"https:\\\/\\\/paragaleriedetalborjt.com\\\/boutique\\\/benecos-for-men-only-baume-visage-apres-rasage-2in1-50-ml\\\/#primaryimage\"},\"image\":{\"@id\":\"https:\\\/\\\/paragaleriedetalborjt.com\\\/boutique\\\/benecos-for-men-only-baume-visage-apres-rasage-2in1-50-ml\\\/#primaryimage\"},\"thumbnailUrl\":\"https:\\\/\\\/paragaleriedetalborjt.com\\\/wp-content\\\/uploads\\\/2026\\\/01\\\/Benecos-for-men-only-face-aftershave-balm-50ml-600x600-1.jpg\",\"datePublished\":\"2026-01-02T21:24:03+00:00\",\"breadcrumb\":{\"@id\":\"https:\\\/\\\/paragaleriedetalborjt.com\\\/boutique\\\/benecos-for-men-only-baume-visage-apres-rasage-2in1-50-ml\\\/#breadcrumb\"},\"inLanguage\":\"en-US\",\"potentialAction\":[{\"@type\":\"ReadAction\",\"target\":[\"https:\\\/\\\/paragaleriedetalborjt.com\\\/boutique\\\/benecos-for-men-only-baume-visage-apres-rasage-2in1-50-ml\\\/\"]}]},{\"@type\":\"ImageObject\",\"inLanguage\":\"en-US\",\"@id\":\"https:\\\/\\\/paragaleriedetalborjt.com\\\/boutique\\\/benecos-for-men-only-baume-visage-apres-rasage-2in1-50-ml\\\/#primaryimage\",\"url\":\"https:\\\/\\\/paragaleriedetalborjt.com\\\/wp-content\\\/uploads\\\/2026\\\/01\\\/Benecos-for-men-only-face-aftershave-balm-50ml-600x600-1.jpg\",\"contentUrl\":\"https:\\\/\\\/paragaleriedetalborjt.com\\\/wp-content\\\/uploads\\\/2026\\\/01\\\/Benecos-for-men-only-face-aftershave-balm-50ml-600x600-1.jpg\",\"width\":600,\"height\":600},{\"@type\":\"BreadcrumbList\",\"@id\":\"https:\\\/\\\/paragaleriedetalborjt.com\\\/boutique\\\/benecos-for-men-only-baume-visage-apres-rasage-2in1-50-ml\\\/#breadcrumb\",\"itemListElement\":[{\"@type\":\"ListItem\",\"position\":1,\"name\":\"Accueil\",\"item\":\"https:\\\/\\\/paragaleriedetalborjt.com\\\/\"},{\"@type\":\"ListItem\",\"position\":2,\"name\":\"Boutique\",\"item\":\"https:\\\/\\\/paragaleriedetalborjt.com\\\/boutique\\\/\"},{\"@type\":\"ListItem\",\"position\":3,\"name\":\"Benecos For Men Only Baume Visage &#038; Apr\u00e8s-rasage 2in1 50 ml\"}]},{\"@type\":\"WebSite\",\"@id\":\"https:\\\/\\\/paragaleriedetalborjt.com\\\/#website\",\"url\":\"https:\\\/\\\/paragaleriedetalborjt.com\\\/\",\"name\":\"paragaleriedetalborjt\",\"description\":\"\",\"potentialAction\":[{\"@type\":\"SearchAction\",\"target\":{\"@type\":\"EntryPoint\",\"urlTemplate\":\"https:\\\/\\\/paragaleriedetalborjt.com\\\/?s={search_term_string}\"},\"query-input\":{\"@type\":\"PropertyValueSpecification\",\"valueRequired\":true,\"valueName\":\"search_term_string\"}}],\"inLanguage\":\"en-US\"}]}<\/script>\n<!-- \/ Yoast SEO plugin. -->","yoast_head_json":{"title":"Benecos For Men Only Baume Visage & Apr\u00e8s-rasage 2in1 50 ml - paragaleriedetalborjt","robots":{"index":"index","follow":"follow","max-snippet":"max-snippet:-1","max-image-preview":"max-image-preview:large","max-video-preview":"max-video-preview:-1"},"canonical":"https:\/\/paragaleriedetalborjt.com\/en\/boutique\/benecos-for-men-only-baume-visage-apres-rasage-2in1-50-ml\/","og_locale":"en_US","og_type":"article","og_title":"Benecos For Men Only Baume Visage & Apr\u00e8s-rasage 2in1 50 ml - paragaleriedetalborjt","og_description":"Highlights:Id\u00e9al pour faciliter les massages corporels, le gel de massage gourmand Manix peut \u00eatre appliqu\u00e9 sur toutes les parties du corps les plus intimes.Si vous \u00eates amen\u00e9s \u00e0 gouter le gel avec votre langue, vous appr\u00e9cierez son parfum subtil et sucr\u00e9.","og_url":"https:\/\/paragaleriedetalborjt.com\/en\/boutique\/benecos-for-men-only-baume-visage-apres-rasage-2in1-50-ml\/","og_site_name":"paragaleriedetalborjt","og_image":[{"width":600,"height":600,"url":"https:\/\/paragaleriedetalborjt.com\/wp-content\/uploads\/2026\/01\/Benecos-for-men-only-face-aftershave-balm-50ml-600x600-1.jpg","type":"image\/jpeg"}],"twitter_card":"summary_large_image","twitter_misc":{"Est. reading time":"1 minute"},"schema":{"@context":"https:\/\/schema.org","@graph":[{"@type":"WebPage","@id":"https:\/\/paragaleriedetalborjt.com\/boutique\/benecos-for-men-only-baume-visage-apres-rasage-2in1-50-ml\/","url":"https:\/\/paragaleriedetalborjt.com\/boutique\/benecos-for-men-only-baume-visage-apres-rasage-2in1-50-ml\/","name":"Benecos For Men Only Baume Visage & Apr\u00e8s-rasage 2in1 50 ml - paragaleriedetalborjt","isPartOf":{"@id":"https:\/\/paragaleriedetalborjt.com\/#website"},"primaryImageOfPage":{"@id":"https:\/\/paragaleriedetalborjt.com\/boutique\/benecos-for-men-only-baume-visage-apres-rasage-2in1-50-ml\/#primaryimage"},"image":{"@id":"https:\/\/paragaleriedetalborjt.com\/boutique\/benecos-for-men-only-baume-visage-apres-rasage-2in1-50-ml\/#primaryimage"},"thumbnailUrl":"https:\/\/paragaleriedetalborjt.com\/wp-content\/uploads\/2026\/01\/Benecos-for-men-only-face-aftershave-balm-50ml-600x600-1.jpg","datePublished":"2026-01-02T21:24:03+00:00","breadcrumb":{"@id":"https:\/\/paragaleriedetalborjt.com\/boutique\/benecos-for-men-only-baume-visage-apres-rasage-2in1-50-ml\/#breadcrumb"},"inLanguage":"en-US","potentialAction":[{"@type":"ReadAction","target":["https:\/\/paragaleriedetalborjt.com\/boutique\/benecos-for-men-only-baume-visage-apres-rasage-2in1-50-ml\/"]}]},{"@type":"ImageObject","inLanguage":"en-US","@id":"https:\/\/paragaleriedetalborjt.com\/boutique\/benecos-for-men-only-baume-visage-apres-rasage-2in1-50-ml\/#primaryimage","url":"https:\/\/paragaleriedetalborjt.com\/wp-content\/uploads\/2026\/01\/Benecos-for-men-only-face-aftershave-balm-50ml-600x600-1.jpg","contentUrl":"https:\/\/paragaleriedetalborjt.com\/wp-content\/uploads\/2026\/01\/Benecos-for-men-only-face-aftershave-balm-50ml-600x600-1.jpg","width":600,"height":600},{"@type":"BreadcrumbList","@id":"https:\/\/paragaleriedetalborjt.com\/boutique\/benecos-for-men-only-baume-visage-apres-rasage-2in1-50-ml\/#breadcrumb","itemListElement":[{"@type":"ListItem","position":1,"name":"Accueil","item":"https:\/\/paragaleriedetalborjt.com\/"},{"@type":"ListItem","position":2,"name":"Boutique","item":"https:\/\/paragaleriedetalborjt.com\/boutique\/"},{"@type":"ListItem","position":3,"name":"Benecos For Men Only Baume Visage &#038; Apr\u00e8s-rasage 2in1 50 ml"}]},{"@type":"WebSite","@id":"https:\/\/paragaleriedetalborjt.com\/#website","url":"https:\/\/paragaleriedetalborjt.com\/","name":"paragaleriedetalborjt","description":"","potentialAction":[{"@type":"SearchAction","target":{"@type":"EntryPoint","urlTemplate":"https:\/\/paragaleriedetalborjt.com\/?s={search_term_string}"},"query-input":{"@type":"PropertyValueSpecification","valueRequired":true,"valueName":"search_term_string"}}],"inLanguage":"en-US"}]}},"brands":[],"_links":{"self":[{"href":"https:\/\/paragaleriedetalborjt.com\/en\/wp-json\/wp\/v2\/product\/26366","targetHints":{"allow":["GET"]}}],"collection":[{"href":"https:\/\/paragaleriedetalborjt.com\/en\/wp-json\/wp\/v2\/product"}],"about":[{"href":"https:\/\/paragaleriedetalborjt.com\/en\/wp-json\/wp\/v2\/types\/product"}],"replies":[{"embeddable":true,"href":"https:\/\/paragaleriedetalborjt.com\/en\/wp-json\/wp\/v2\/comments?post=26366"}],"version-history":[{"count":1,"href":"https:\/\/paragaleriedetalborjt.com\/en\/wp-json\/wp\/v2\/product\/26366\/revisions"}],"predecessor-version":[{"id":31450,"href":"https:\/\/paragaleriedetalborjt.com\/en\/wp-json\/wp\/v2\/product\/26366\/revisions\/31450"}],"wp:featuredmedia":[{"embeddable":true,"href":"https:\/\/paragaleriedetalborjt.com\/en\/wp-json\/wp\/v2\/media\/31449"}],"wp:attachment":[{"href":"https:\/\/paragaleriedetalborjt.com\/en\/wp-json\/wp\/v2\/media?parent=26366"}],"wp:term":[{"taxonomy":"pwb-brand","embeddable":true,"href":"https:\/\/paragaleriedetalborjt.com\/en\/wp-json\/wp\/v2\/pwb-brand?post=26366"},{"taxonomy":"product_cat","embeddable":true,"href":"https:\/\/paragaleriedetalborjt.com\/en\/wp-json\/wp\/v2\/product_cat?post=26366"},{"taxonomy":"product_tag","embeddable":true,"href":"https:\/\/paragaleriedetalborjt.com\/en\/wp-json\/wp\/v2\/product_tag?post=26366"}],"curies":[{"name":"wp","href":"https:\/\/api.w.org\/{rel}","templated":true}]}}