{"id":26360,"date":"2026-01-02T22:23:54","date_gmt":"2026-01-02T21:23:54","guid":{"rendered":"https:\/\/paragaleriedetalborjt.com\/?post_type=product&#038;p=26360"},"modified":"2026-01-02T22:23:54","modified_gmt":"2026-01-02T21:23:54","slug":"clensta-shampoing-sans-eau-100ml","status":"publish","type":"product","link":"https:\/\/paragaleriedetalborjt.com\/en\/boutique\/clensta-shampoing-sans-eau-100ml\/","title":{"rendered":"Clensta Shampoing Sans Eau 100ml"},"content":{"rendered":"<div aria-labelledby=\"tab-title-description\" class=\"woocommerce-Tabs-panel woocommerce-Tabs-panel--description panel entry-content wc-tab\" id=\"tab-description\" role=\"tabpanel\" style=\"\">\n<h2>Description<\/h2>\n<p><span>\u00a0C\u2019est une solution id\u00e9ale pour les personnes qui ont besoin de soins palliatifs \u00e0 long terme sans avoir acc\u00e8s \u00e0 un lavabo ou pour celles qui se trouvent \u00e0 haute altitude o\u00f9 l\u2019eau n\u2019est pas facilement disponible. Ce shampoing offre une solution compl\u00e8te d\u2019hygi\u00e8ne de la t\u00eate et est facile et confortable \u00e0 utiliser pour tout le monde.\u00a0<\/span><\/p>\n<p><span>Notre technologie sans eau garantit que le produit conserve le m\u00eame effet nettoyant sans avoir besoin d\u2019\u00eatre rinc\u00e9 \u00e0 l\u2019eau. Cette solution avanc\u00e9e, compl\u00e8te et pr\u00e9activ\u00e9e est exempte de parab\u00e8nes, de SLS ou de gluten et poss\u00e8de une formulation s\u00fbre et douce. Elle nettoie la salet\u00e9 et le s\u00e9bum du cuir chevelu et laisse un cuir chevelu au pH naturellement \u00e9quilibr\u00e9 qui ne se dess\u00e8che pas rapidement. Vous pouvez l\u2019utiliser r\u00e9guli\u00e8rement pour nettoyer votre cuir chevelu.<\/span><\/p>\n<\/div>","protected":false},"excerpt":{"rendered":"<p>Highlights:Le shampoing sans eau Clensta est un produit con\u00e7u pour vous offrir un cuir chevelu hydrat\u00e9 et sans d\u00e9mangeaisons sans avoir besoin d\u2019eau.<\/p>","protected":false},"featured_media":31443,"comment_status":"open","ping_status":"closed","template":"","meta":[],"pwb-brand":[],"product_cat":[16],"product_tag":[],"class_list":{"0":"post-26360","1":"product","2":"type-product","3":"status-publish","4":"has-post-thumbnail","6":"product_cat-non-classe","7":"pa_brands-clensta","9":"first","10":"instock","11":"sale","12":"shipping-taxable","13":"purchasable","14":"product-type-simple"},"yoast_head":"<!-- This site is optimized with the Yoast SEO plugin v27.5 - https:\/\/yoast.com\/product\/yoast-seo-wordpress\/ -->\n<title>Clensta Shampoing Sans Eau 100ml - paragaleriedetalborjt<\/title>\n<meta name=\"robots\" content=\"index, follow, max-snippet:-1, max-image-preview:large, max-video-preview:-1\" \/>\n<link rel=\"canonical\" href=\"https:\/\/paragaleriedetalborjt.com\/en\/boutique\/clensta-shampoing-sans-eau-100ml\/\" \/>\n<meta property=\"og:locale\" content=\"en_US\" \/>\n<meta property=\"og:type\" content=\"article\" \/>\n<meta property=\"og:title\" content=\"Clensta Shampoing Sans Eau 100ml - paragaleriedetalborjt\" \/>\n<meta property=\"og:description\" content=\"Highlights:Le shampoing sans eau Clensta est un produit con\u00e7u pour vous offrir un cuir chevelu hydrat\u00e9 et sans d\u00e9mangeaisons sans avoir besoin d\u2019eau.\" \/>\n<meta property=\"og:url\" content=\"https:\/\/paragaleriedetalborjt.com\/en\/boutique\/clensta-shampoing-sans-eau-100ml\/\" \/>\n<meta property=\"og:site_name\" content=\"paragaleriedetalborjt\" \/>\n<meta property=\"og:image\" content=\"https:\/\/paragaleriedetalborjt.com\/wp-content\/uploads\/2026\/01\/Clensta-Shamp-sans-eau-100ml-600x600-1.jpg\" \/>\n\t<meta property=\"og:image:width\" content=\"600\" \/>\n\t<meta property=\"og:image:height\" content=\"600\" \/>\n\t<meta property=\"og:image:type\" content=\"image\/jpeg\" \/>\n<meta name=\"twitter:card\" content=\"summary_large_image\" \/>\n<meta name=\"twitter:label1\" content=\"Est. reading time\" \/>\n\t<meta name=\"twitter:data1\" content=\"1 minute\" \/>\n<script type=\"application\/ld+json\" class=\"yoast-schema-graph\">{\"@context\":\"https:\\\/\\\/schema.org\",\"@graph\":[{\"@type\":\"WebPage\",\"@id\":\"https:\\\/\\\/paragaleriedetalborjt.com\\\/boutique\\\/clensta-shampoing-sans-eau-100ml\\\/\",\"url\":\"https:\\\/\\\/paragaleriedetalborjt.com\\\/boutique\\\/clensta-shampoing-sans-eau-100ml\\\/\",\"name\":\"Clensta Shampoing Sans Eau 100ml - paragaleriedetalborjt\",\"isPartOf\":{\"@id\":\"https:\\\/\\\/paragaleriedetalborjt.com\\\/#website\"},\"primaryImageOfPage\":{\"@id\":\"https:\\\/\\\/paragaleriedetalborjt.com\\\/boutique\\\/clensta-shampoing-sans-eau-100ml\\\/#primaryimage\"},\"image\":{\"@id\":\"https:\\\/\\\/paragaleriedetalborjt.com\\\/boutique\\\/clensta-shampoing-sans-eau-100ml\\\/#primaryimage\"},\"thumbnailUrl\":\"https:\\\/\\\/paragaleriedetalborjt.com\\\/wp-content\\\/uploads\\\/2026\\\/01\\\/Clensta-Shamp-sans-eau-100ml-600x600-1.jpg\",\"datePublished\":\"2026-01-02T21:23:54+00:00\",\"breadcrumb\":{\"@id\":\"https:\\\/\\\/paragaleriedetalborjt.com\\\/boutique\\\/clensta-shampoing-sans-eau-100ml\\\/#breadcrumb\"},\"inLanguage\":\"en-US\",\"potentialAction\":[{\"@type\":\"ReadAction\",\"target\":[\"https:\\\/\\\/paragaleriedetalborjt.com\\\/boutique\\\/clensta-shampoing-sans-eau-100ml\\\/\"]}]},{\"@type\":\"ImageObject\",\"inLanguage\":\"en-US\",\"@id\":\"https:\\\/\\\/paragaleriedetalborjt.com\\\/boutique\\\/clensta-shampoing-sans-eau-100ml\\\/#primaryimage\",\"url\":\"https:\\\/\\\/paragaleriedetalborjt.com\\\/wp-content\\\/uploads\\\/2026\\\/01\\\/Clensta-Shamp-sans-eau-100ml-600x600-1.jpg\",\"contentUrl\":\"https:\\\/\\\/paragaleriedetalborjt.com\\\/wp-content\\\/uploads\\\/2026\\\/01\\\/Clensta-Shamp-sans-eau-100ml-600x600-1.jpg\",\"width\":600,\"height\":600},{\"@type\":\"BreadcrumbList\",\"@id\":\"https:\\\/\\\/paragaleriedetalborjt.com\\\/boutique\\\/clensta-shampoing-sans-eau-100ml\\\/#breadcrumb\",\"itemListElement\":[{\"@type\":\"ListItem\",\"position\":1,\"name\":\"Accueil\",\"item\":\"https:\\\/\\\/paragaleriedetalborjt.com\\\/\"},{\"@type\":\"ListItem\",\"position\":2,\"name\":\"Boutique\",\"item\":\"https:\\\/\\\/paragaleriedetalborjt.com\\\/boutique\\\/\"},{\"@type\":\"ListItem\",\"position\":3,\"name\":\"Clensta Shampoing Sans Eau 100ml\"}]},{\"@type\":\"WebSite\",\"@id\":\"https:\\\/\\\/paragaleriedetalborjt.com\\\/#website\",\"url\":\"https:\\\/\\\/paragaleriedetalborjt.com\\\/\",\"name\":\"paragaleriedetalborjt\",\"description\":\"\",\"potentialAction\":[{\"@type\":\"SearchAction\",\"target\":{\"@type\":\"EntryPoint\",\"urlTemplate\":\"https:\\\/\\\/paragaleriedetalborjt.com\\\/?s={search_term_string}\"},\"query-input\":{\"@type\":\"PropertyValueSpecification\",\"valueRequired\":true,\"valueName\":\"search_term_string\"}}],\"inLanguage\":\"en-US\"}]}<\/script>\n<!-- \/ Yoast SEO plugin. -->","yoast_head_json":{"title":"Clensta Shampoing Sans Eau 100ml - paragaleriedetalborjt","robots":{"index":"index","follow":"follow","max-snippet":"max-snippet:-1","max-image-preview":"max-image-preview:large","max-video-preview":"max-video-preview:-1"},"canonical":"https:\/\/paragaleriedetalborjt.com\/en\/boutique\/clensta-shampoing-sans-eau-100ml\/","og_locale":"en_US","og_type":"article","og_title":"Clensta Shampoing Sans Eau 100ml - paragaleriedetalborjt","og_description":"Highlights:Le shampoing sans eau Clensta est un produit con\u00e7u pour vous offrir un cuir chevelu hydrat\u00e9 et sans d\u00e9mangeaisons sans avoir besoin d\u2019eau.","og_url":"https:\/\/paragaleriedetalborjt.com\/en\/boutique\/clensta-shampoing-sans-eau-100ml\/","og_site_name":"paragaleriedetalborjt","og_image":[{"width":600,"height":600,"url":"https:\/\/paragaleriedetalborjt.com\/wp-content\/uploads\/2026\/01\/Clensta-Shamp-sans-eau-100ml-600x600-1.jpg","type":"image\/jpeg"}],"twitter_card":"summary_large_image","twitter_misc":{"Est. reading time":"1 minute"},"schema":{"@context":"https:\/\/schema.org","@graph":[{"@type":"WebPage","@id":"https:\/\/paragaleriedetalborjt.com\/boutique\/clensta-shampoing-sans-eau-100ml\/","url":"https:\/\/paragaleriedetalborjt.com\/boutique\/clensta-shampoing-sans-eau-100ml\/","name":"Clensta Shampoing Sans Eau 100ml - paragaleriedetalborjt","isPartOf":{"@id":"https:\/\/paragaleriedetalborjt.com\/#website"},"primaryImageOfPage":{"@id":"https:\/\/paragaleriedetalborjt.com\/boutique\/clensta-shampoing-sans-eau-100ml\/#primaryimage"},"image":{"@id":"https:\/\/paragaleriedetalborjt.com\/boutique\/clensta-shampoing-sans-eau-100ml\/#primaryimage"},"thumbnailUrl":"https:\/\/paragaleriedetalborjt.com\/wp-content\/uploads\/2026\/01\/Clensta-Shamp-sans-eau-100ml-600x600-1.jpg","datePublished":"2026-01-02T21:23:54+00:00","breadcrumb":{"@id":"https:\/\/paragaleriedetalborjt.com\/boutique\/clensta-shampoing-sans-eau-100ml\/#breadcrumb"},"inLanguage":"en-US","potentialAction":[{"@type":"ReadAction","target":["https:\/\/paragaleriedetalborjt.com\/boutique\/clensta-shampoing-sans-eau-100ml\/"]}]},{"@type":"ImageObject","inLanguage":"en-US","@id":"https:\/\/paragaleriedetalborjt.com\/boutique\/clensta-shampoing-sans-eau-100ml\/#primaryimage","url":"https:\/\/paragaleriedetalborjt.com\/wp-content\/uploads\/2026\/01\/Clensta-Shamp-sans-eau-100ml-600x600-1.jpg","contentUrl":"https:\/\/paragaleriedetalborjt.com\/wp-content\/uploads\/2026\/01\/Clensta-Shamp-sans-eau-100ml-600x600-1.jpg","width":600,"height":600},{"@type":"BreadcrumbList","@id":"https:\/\/paragaleriedetalborjt.com\/boutique\/clensta-shampoing-sans-eau-100ml\/#breadcrumb","itemListElement":[{"@type":"ListItem","position":1,"name":"Accueil","item":"https:\/\/paragaleriedetalborjt.com\/"},{"@type":"ListItem","position":2,"name":"Boutique","item":"https:\/\/paragaleriedetalborjt.com\/boutique\/"},{"@type":"ListItem","position":3,"name":"Clensta Shampoing Sans Eau 100ml"}]},{"@type":"WebSite","@id":"https:\/\/paragaleriedetalborjt.com\/#website","url":"https:\/\/paragaleriedetalborjt.com\/","name":"paragaleriedetalborjt","description":"","potentialAction":[{"@type":"SearchAction","target":{"@type":"EntryPoint","urlTemplate":"https:\/\/paragaleriedetalborjt.com\/?s={search_term_string}"},"query-input":{"@type":"PropertyValueSpecification","valueRequired":true,"valueName":"search_term_string"}}],"inLanguage":"en-US"}]}},"brands":[],"_links":{"self":[{"href":"https:\/\/paragaleriedetalborjt.com\/en\/wp-json\/wp\/v2\/product\/26360","targetHints":{"allow":["GET"]}}],"collection":[{"href":"https:\/\/paragaleriedetalborjt.com\/en\/wp-json\/wp\/v2\/product"}],"about":[{"href":"https:\/\/paragaleriedetalborjt.com\/en\/wp-json\/wp\/v2\/types\/product"}],"replies":[{"embeddable":true,"href":"https:\/\/paragaleriedetalborjt.com\/en\/wp-json\/wp\/v2\/comments?post=26360"}],"version-history":[{"count":1,"href":"https:\/\/paragaleriedetalborjt.com\/en\/wp-json\/wp\/v2\/product\/26360\/revisions"}],"predecessor-version":[{"id":31444,"href":"https:\/\/paragaleriedetalborjt.com\/en\/wp-json\/wp\/v2\/product\/26360\/revisions\/31444"}],"wp:featuredmedia":[{"embeddable":true,"href":"https:\/\/paragaleriedetalborjt.com\/en\/wp-json\/wp\/v2\/media\/31443"}],"wp:attachment":[{"href":"https:\/\/paragaleriedetalborjt.com\/en\/wp-json\/wp\/v2\/media?parent=26360"}],"wp:term":[{"taxonomy":"pwb-brand","embeddable":true,"href":"https:\/\/paragaleriedetalborjt.com\/en\/wp-json\/wp\/v2\/pwb-brand?post=26360"},{"taxonomy":"product_cat","embeddable":true,"href":"https:\/\/paragaleriedetalborjt.com\/en\/wp-json\/wp\/v2\/product_cat?post=26360"},{"taxonomy":"product_tag","embeddable":true,"href":"https:\/\/paragaleriedetalborjt.com\/en\/wp-json\/wp\/v2\/product_tag?post=26360"}],"curies":[{"name":"wp","href":"https:\/\/api.w.org\/{rel}","templated":true}]}}