{"id":26253,"date":"2026-01-02T22:20:14","date_gmt":"2026-01-02T21:20:14","guid":{"rendered":"https:\/\/paragaleriedetalborjt.com\/?post_type=product&#038;p=26253"},"modified":"2026-01-02T22:20:15","modified_gmt":"2026-01-02T21:20:15","slug":"mavala-creme-anti-taches-pour-mains-30ml","status":"publish","type":"product","link":"https:\/\/paragaleriedetalborjt.com\/en\/boutique\/mavala-creme-anti-taches-pour-mains-30ml\/","title":{"rendered":"Mavala Cr\u00e8me Anti-T\u00e2ches Pour Mains 30ML"},"content":{"rendered":"<div aria-labelledby=\"tab-title-description\" class=\"woocommerce-Tabs-panel woocommerce-Tabs-panel--description panel entry-content wc-tab\" id=\"tab-description\" role=\"tabpanel\" style=\"\">\n<h2>Description<\/h2>\n<p>Cr\u00e8me Anti-Taches pour les Mains 30 ml \u00e0 la texture non grasse, d\u00e9licatement parfum\u00e9e, att\u00e9nue et pr\u00e9vient les taches pigmentaires qui peuvent se dessiner sur la peau au fil du temps. Elle aide \u00e0 r\u00e9guler la pigmentation naturelle et \u00e0 \u00e9claircir la peau gr\u00e2ce \u00e0 son complexe d\u2019extraits v\u00e9g\u00e9taux (saxifrage, racine de m\u00fbrier).<\/p>\n<p>\u00a0<\/p>\n<p>Appliquer sur le dos des mains une fois par jou<\/p>\n<\/div>","protected":false},"excerpt":{"rendered":"<p>Highlights:SOIN DES MAINS<\/p>","protected":false},"featured_media":31326,"comment_status":"open","ping_status":"closed","template":"","meta":[],"pwb-brand":[],"product_cat":[16],"product_tag":[],"class_list":{"0":"post-26253","1":"product","2":"type-product","3":"status-publish","4":"has-post-thumbnail","6":"product_cat-non-classe","7":"pa_brands-mavala","9":"first","10":"instock","11":"sale","12":"shipping-taxable","13":"purchasable","14":"product-type-simple"},"yoast_head":"<!-- This site is optimized with the Yoast SEO plugin v26.9 - https:\/\/yoast.com\/product\/yoast-seo-wordpress\/ -->\n<title>Mavala Cr\u00e8me Anti-T\u00e2ches Pour Mains 30ML - paragaleriedetalborjt<\/title>\n<meta name=\"robots\" content=\"index, follow, max-snippet:-1, max-image-preview:large, max-video-preview:-1\" \/>\n<link rel=\"canonical\" href=\"https:\/\/paragaleriedetalborjt.com\/en\/boutique\/mavala-creme-anti-taches-pour-mains-30ml\/\" \/>\n<meta property=\"og:locale\" content=\"en_US\" \/>\n<meta property=\"og:type\" content=\"article\" \/>\n<meta property=\"og:title\" content=\"Mavala Cr\u00e8me Anti-T\u00e2ches Pour Mains 30ML - paragaleriedetalborjt\" \/>\n<meta property=\"og:description\" content=\"Highlights:SOIN DES MAINS\" \/>\n<meta property=\"og:url\" content=\"https:\/\/paragaleriedetalborjt.com\/en\/boutique\/mavala-creme-anti-taches-pour-mains-30ml\/\" \/>\n<meta property=\"og:site_name\" content=\"paragaleriedetalborjt\" \/>\n<meta property=\"article:modified_time\" content=\"2026-01-02T21:20:15+00:00\" \/>\n<meta property=\"og:image\" content=\"https:\/\/paragaleriedetalborjt.com\/wp-content\/uploads\/2026\/01\/CREME-ANTI-TACHES-POUR-MAINS-600x600-1.jpg\" \/>\n\t<meta property=\"og:image:width\" content=\"600\" \/>\n\t<meta property=\"og:image:height\" content=\"600\" \/>\n\t<meta property=\"og:image:type\" content=\"image\/jpeg\" \/>\n<meta name=\"twitter:card\" content=\"summary_large_image\" \/>\n<script type=\"application\/ld+json\" class=\"yoast-schema-graph\">{\"@context\":\"https:\/\/schema.org\",\"@graph\":[{\"@type\":\"WebPage\",\"@id\":\"https:\/\/paragaleriedetalborjt.com\/boutique\/mavala-creme-anti-taches-pour-mains-30ml\/\",\"url\":\"https:\/\/paragaleriedetalborjt.com\/boutique\/mavala-creme-anti-taches-pour-mains-30ml\/\",\"name\":\"Mavala Cr\u00e8me Anti-T\u00e2ches Pour Mains 30ML - paragaleriedetalborjt\",\"isPartOf\":{\"@id\":\"https:\/\/paragaleriedetalborjt.com\/#website\"},\"primaryImageOfPage\":{\"@id\":\"https:\/\/paragaleriedetalborjt.com\/boutique\/mavala-creme-anti-taches-pour-mains-30ml\/#primaryimage\"},\"image\":{\"@id\":\"https:\/\/paragaleriedetalborjt.com\/boutique\/mavala-creme-anti-taches-pour-mains-30ml\/#primaryimage\"},\"thumbnailUrl\":\"https:\/\/paragaleriedetalborjt.com\/wp-content\/uploads\/2026\/01\/CREME-ANTI-TACHES-POUR-MAINS-600x600-1.jpg\",\"datePublished\":\"2026-01-02T21:20:14+00:00\",\"dateModified\":\"2026-01-02T21:20:15+00:00\",\"breadcrumb\":{\"@id\":\"https:\/\/paragaleriedetalborjt.com\/boutique\/mavala-creme-anti-taches-pour-mains-30ml\/#breadcrumb\"},\"inLanguage\":\"en-US\",\"potentialAction\":[{\"@type\":\"ReadAction\",\"target\":[\"https:\/\/paragaleriedetalborjt.com\/boutique\/mavala-creme-anti-taches-pour-mains-30ml\/\"]}]},{\"@type\":\"ImageObject\",\"inLanguage\":\"en-US\",\"@id\":\"https:\/\/paragaleriedetalborjt.com\/boutique\/mavala-creme-anti-taches-pour-mains-30ml\/#primaryimage\",\"url\":\"https:\/\/paragaleriedetalborjt.com\/wp-content\/uploads\/2026\/01\/CREME-ANTI-TACHES-POUR-MAINS-600x600-1.jpg\",\"contentUrl\":\"https:\/\/paragaleriedetalborjt.com\/wp-content\/uploads\/2026\/01\/CREME-ANTI-TACHES-POUR-MAINS-600x600-1.jpg\",\"width\":600,\"height\":600},{\"@type\":\"BreadcrumbList\",\"@id\":\"https:\/\/paragaleriedetalborjt.com\/boutique\/mavala-creme-anti-taches-pour-mains-30ml\/#breadcrumb\",\"itemListElement\":[{\"@type\":\"ListItem\",\"position\":1,\"name\":\"Accueil\",\"item\":\"https:\/\/paragaleriedetalborjt.com\/\"},{\"@type\":\"ListItem\",\"position\":2,\"name\":\"Boutique\",\"item\":\"https:\/\/paragaleriedetalborjt.com\/boutique\/\"},{\"@type\":\"ListItem\",\"position\":3,\"name\":\"Mavala Cr\u00e8me Anti-T\u00e2ches Pour Mains 30ML\"}]},{\"@type\":\"WebSite\",\"@id\":\"https:\/\/paragaleriedetalborjt.com\/#website\",\"url\":\"https:\/\/paragaleriedetalborjt.com\/\",\"name\":\"paragaleriedetalborjt\",\"description\":\"\",\"potentialAction\":[{\"@type\":\"SearchAction\",\"target\":{\"@type\":\"EntryPoint\",\"urlTemplate\":\"https:\/\/paragaleriedetalborjt.com\/?s={search_term_string}\"},\"query-input\":{\"@type\":\"PropertyValueSpecification\",\"valueRequired\":true,\"valueName\":\"search_term_string\"}}],\"inLanguage\":\"en-US\"}]}<\/script>\n<!-- \/ Yoast SEO plugin. -->","yoast_head_json":{"title":"Mavala Cr\u00e8me Anti-T\u00e2ches Pour Mains 30ML - paragaleriedetalborjt","robots":{"index":"index","follow":"follow","max-snippet":"max-snippet:-1","max-image-preview":"max-image-preview:large","max-video-preview":"max-video-preview:-1"},"canonical":"https:\/\/paragaleriedetalborjt.com\/en\/boutique\/mavala-creme-anti-taches-pour-mains-30ml\/","og_locale":"en_US","og_type":"article","og_title":"Mavala Cr\u00e8me Anti-T\u00e2ches Pour Mains 30ML - paragaleriedetalborjt","og_description":"Highlights:SOIN DES MAINS","og_url":"https:\/\/paragaleriedetalborjt.com\/en\/boutique\/mavala-creme-anti-taches-pour-mains-30ml\/","og_site_name":"paragaleriedetalborjt","article_modified_time":"2026-01-02T21:20:15+00:00","og_image":[{"width":600,"height":600,"url":"https:\/\/paragaleriedetalborjt.com\/wp-content\/uploads\/2026\/01\/CREME-ANTI-TACHES-POUR-MAINS-600x600-1.jpg","type":"image\/jpeg"}],"twitter_card":"summary_large_image","schema":{"@context":"https:\/\/schema.org","@graph":[{"@type":"WebPage","@id":"https:\/\/paragaleriedetalborjt.com\/boutique\/mavala-creme-anti-taches-pour-mains-30ml\/","url":"https:\/\/paragaleriedetalborjt.com\/boutique\/mavala-creme-anti-taches-pour-mains-30ml\/","name":"Mavala Cr\u00e8me Anti-T\u00e2ches Pour Mains 30ML - paragaleriedetalborjt","isPartOf":{"@id":"https:\/\/paragaleriedetalborjt.com\/#website"},"primaryImageOfPage":{"@id":"https:\/\/paragaleriedetalborjt.com\/boutique\/mavala-creme-anti-taches-pour-mains-30ml\/#primaryimage"},"image":{"@id":"https:\/\/paragaleriedetalborjt.com\/boutique\/mavala-creme-anti-taches-pour-mains-30ml\/#primaryimage"},"thumbnailUrl":"https:\/\/paragaleriedetalborjt.com\/wp-content\/uploads\/2026\/01\/CREME-ANTI-TACHES-POUR-MAINS-600x600-1.jpg","datePublished":"2026-01-02T21:20:14+00:00","dateModified":"2026-01-02T21:20:15+00:00","breadcrumb":{"@id":"https:\/\/paragaleriedetalborjt.com\/boutique\/mavala-creme-anti-taches-pour-mains-30ml\/#breadcrumb"},"inLanguage":"en-US","potentialAction":[{"@type":"ReadAction","target":["https:\/\/paragaleriedetalborjt.com\/boutique\/mavala-creme-anti-taches-pour-mains-30ml\/"]}]},{"@type":"ImageObject","inLanguage":"en-US","@id":"https:\/\/paragaleriedetalborjt.com\/boutique\/mavala-creme-anti-taches-pour-mains-30ml\/#primaryimage","url":"https:\/\/paragaleriedetalborjt.com\/wp-content\/uploads\/2026\/01\/CREME-ANTI-TACHES-POUR-MAINS-600x600-1.jpg","contentUrl":"https:\/\/paragaleriedetalborjt.com\/wp-content\/uploads\/2026\/01\/CREME-ANTI-TACHES-POUR-MAINS-600x600-1.jpg","width":600,"height":600},{"@type":"BreadcrumbList","@id":"https:\/\/paragaleriedetalborjt.com\/boutique\/mavala-creme-anti-taches-pour-mains-30ml\/#breadcrumb","itemListElement":[{"@type":"ListItem","position":1,"name":"Accueil","item":"https:\/\/paragaleriedetalborjt.com\/"},{"@type":"ListItem","position":2,"name":"Boutique","item":"https:\/\/paragaleriedetalborjt.com\/boutique\/"},{"@type":"ListItem","position":3,"name":"Mavala Cr\u00e8me Anti-T\u00e2ches Pour Mains 30ML"}]},{"@type":"WebSite","@id":"https:\/\/paragaleriedetalborjt.com\/#website","url":"https:\/\/paragaleriedetalborjt.com\/","name":"paragaleriedetalborjt","description":"","potentialAction":[{"@type":"SearchAction","target":{"@type":"EntryPoint","urlTemplate":"https:\/\/paragaleriedetalborjt.com\/?s={search_term_string}"},"query-input":{"@type":"PropertyValueSpecification","valueRequired":true,"valueName":"search_term_string"}}],"inLanguage":"en-US"}]}},"brands":[],"_links":{"self":[{"href":"https:\/\/paragaleriedetalborjt.com\/en\/wp-json\/wp\/v2\/product\/26253","targetHints":{"allow":["GET"]}}],"collection":[{"href":"https:\/\/paragaleriedetalborjt.com\/en\/wp-json\/wp\/v2\/product"}],"about":[{"href":"https:\/\/paragaleriedetalborjt.com\/en\/wp-json\/wp\/v2\/types\/product"}],"replies":[{"embeddable":true,"href":"https:\/\/paragaleriedetalborjt.com\/en\/wp-json\/wp\/v2\/comments?post=26253"}],"version-history":[{"count":1,"href":"https:\/\/paragaleriedetalborjt.com\/en\/wp-json\/wp\/v2\/product\/26253\/revisions"}],"predecessor-version":[{"id":31327,"href":"https:\/\/paragaleriedetalborjt.com\/en\/wp-json\/wp\/v2\/product\/26253\/revisions\/31327"}],"wp:featuredmedia":[{"embeddable":true,"href":"https:\/\/paragaleriedetalborjt.com\/en\/wp-json\/wp\/v2\/media\/31326"}],"wp:attachment":[{"href":"https:\/\/paragaleriedetalborjt.com\/en\/wp-json\/wp\/v2\/media?parent=26253"}],"wp:term":[{"taxonomy":"pwb-brand","embeddable":true,"href":"https:\/\/paragaleriedetalborjt.com\/en\/wp-json\/wp\/v2\/pwb-brand?post=26253"},{"taxonomy":"product_cat","embeddable":true,"href":"https:\/\/paragaleriedetalborjt.com\/en\/wp-json\/wp\/v2\/product_cat?post=26253"},{"taxonomy":"product_tag","embeddable":true,"href":"https:\/\/paragaleriedetalborjt.com\/en\/wp-json\/wp\/v2\/product_tag?post=26253"}],"curies":[{"name":"wp","href":"https:\/\/api.w.org\/{rel}","templated":true}]}}