{"id":25985,"date":"2026-01-02T19:44:06","date_gmt":"2026-01-02T18:44:06","guid":{"rendered":"https:\/\/paragaleriedetalborjt.com\/?post_type=product&#038;p=25985"},"modified":"2026-01-02T22:18:47","modified_gmt":"2026-01-02T21:18:47","slug":"dermeden-hydra-protocole-creme-riche-50ml","status":"publish","type":"product","link":"https:\/\/paragaleriedetalborjt.com\/en\/boutique\/dermeden-hydra-protocole-creme-riche-50ml\/","title":{"rendered":"Dermeden Hydra Protocole Creme Riche 50ml"},"content":{"rendered":"<div aria-labelledby=\"tab-title-description\" class=\"woocommerce-Tabs-panel woocommerce-Tabs-panel--description panel entry-content wc-tab\" id=\"tab-description\" role=\"tabpanel\" style=\"\">\n<h2>Description<\/h2>\n<p><strong>La synth\u00e8se d\u2019acides Hyaluroniques par la peau diminue de 10% chaque d\u00e9cennie et celle de celle de collag\u00e8ne de 25% par an, d\u00e8s l\u2019\u00e2ge de 40 ans.\u00a0<\/strong>Cons\u00e9quence, une peau qui s\u2019ass\u00e8che progressivement, qui perd de son rebond et l\u2019apparition de fines rides et ridules.<\/p>\n<p>Heureusement, la recherche avance pour proposer des solutions toujours plus efficaces !<\/p>\n<p>Comme un anti-\u00e2ge sans aiguilles, ce concentr\u00e9 hydratant intensif combine des Acides Hyaluroniques sous diverses structures mol\u00e9culaires<strong>\u00a0pour fixer l\u2019eau dans les diff\u00e9rentes couches de la peau et stimuler la synth\u00e8se de Pro-Collag\u00e8ne I.<\/strong>\u00a0En plus d\u2019\u00eatre un\u00a0<strong>puissant anti-oxydant,<\/strong>\u00a0la Gluconolactone\u00a0<strong>consolide ces fibres de collag\u00e8ne et accro\u00eet la r\u00e9tention de l\u2019eau au coeur de l\u2019\u00e9piderme pour une hydratation anti-\u00e2ge de pointe.<\/strong><\/p>\n<p>La Phytosqualane, mol\u00e9cule de squal\u00e8ne, est un composant majeur du s\u00e9bum humain dont la production ralentit apr\u00e8s 30 ans. Dos\u00e9e \u00e0 3% elle apporte le sebum n\u00e9cessaire pour renforcer la barri\u00e8re cutan\u00e9e en lipides cl\u00e9s et\u00a0<strong>nourrir profond\u00e9ment.<\/strong><\/p>\n<\/div>","protected":false},"excerpt":{"rendered":"<p>Highlights:Hydrate la peau en continu et aide \u00e0 pr\u00e9server la barri\u00e8re protectrice de la peau.\u2022 Besoin :Hydrater | Apaiser | Peau normale \u00e0 s\u00e8che | Peau sensible.\u2022 Ingr\u00e9dients Cl\u00e9s :C\u00e9ramides (1, 3 et 6-II) pour prot\u00e9ger et nourrir | Acide Hyaluronique pour maintenir la peau hydrat\u00e9e | Niacinamide pour apaiser la peau.\u2022S\u00e9curit\u00e9 :Sans Parfum | Hypoallerg\u00e9nique | Non-Com\u00e9dog\u00e8ne.\u2022 Utilisation :Appliquer g\u00e9n\u00e9reusement matin et soir. Visage et cou.<\/p>","protected":false},"featured_media":30989,"comment_status":"open","ping_status":"closed","template":"","meta":[],"pwb-brand":[],"product_cat":[16],"product_tag":[],"class_list":{"0":"post-25985","1":"product","2":"type-product","3":"status-publish","4":"has-post-thumbnail","6":"product_cat-non-classe","7":"pa_brands-dermeden","9":"first","10":"instock","11":"sale","12":"shipping-taxable","13":"purchasable","14":"product-type-simple"},"yoast_head":"<!-- This site is optimized with the Yoast SEO plugin v27.5 - https:\/\/yoast.com\/product\/yoast-seo-wordpress\/ -->\n<title>Dermeden Hydra Protocole Creme Riche 50ml - paragaleriedetalborjt<\/title>\n<meta name=\"robots\" content=\"index, follow, max-snippet:-1, max-image-preview:large, max-video-preview:-1\" \/>\n<link rel=\"canonical\" href=\"https:\/\/paragaleriedetalborjt.com\/en\/boutique\/dermeden-hydra-protocole-creme-riche-50ml\/\" \/>\n<meta property=\"og:locale\" content=\"en_US\" \/>\n<meta property=\"og:type\" content=\"article\" \/>\n<meta property=\"og:title\" content=\"Dermeden Hydra Protocole Creme Riche 50ml - paragaleriedetalborjt\" \/>\n<meta property=\"og:description\" content=\"Highlights:Hydrate la peau en continu et aide \u00e0 pr\u00e9server la barri\u00e8re protectrice de la peau.\u2022 Besoin :Hydrater | Apaiser | Peau normale \u00e0 s\u00e8che | Peau sensible.\u2022 Ingr\u00e9dients Cl\u00e9s :C\u00e9ramides (1, 3 et 6-II) pour prot\u00e9ger et nourrir | Acide Hyaluronique pour maintenir la peau hydrat\u00e9e | Niacinamide pour apaiser la peau.\u2022S\u00e9curit\u00e9 :Sans Parfum | Hypoallerg\u00e9nique | Non-Com\u00e9dog\u00e8ne.\u2022 Utilisation :Appliquer g\u00e9n\u00e9reusement matin et soir. Visage et cou.\" \/>\n<meta property=\"og:url\" content=\"https:\/\/paragaleriedetalborjt.com\/en\/boutique\/dermeden-hydra-protocole-creme-riche-50ml\/\" \/>\n<meta property=\"og:site_name\" content=\"paragaleriedetalborjt\" \/>\n<meta property=\"article:modified_time\" content=\"2026-01-02T21:18:47+00:00\" \/>\n<meta property=\"og:image\" content=\"https:\/\/paragaleriedetalborjt.com\/wp-content\/uploads\/2026\/01\/Dermeden-Hydra-Protocole-creme-riche-Ps-50ml-600x600-1.jpg\" \/>\n\t<meta property=\"og:image:width\" content=\"600\" \/>\n\t<meta property=\"og:image:height\" content=\"600\" \/>\n\t<meta property=\"og:image:type\" content=\"image\/jpeg\" \/>\n<meta name=\"twitter:card\" content=\"summary_large_image\" \/>\n<meta name=\"twitter:label1\" content=\"Est. reading time\" \/>\n\t<meta name=\"twitter:data1\" content=\"1 minute\" \/>\n<script type=\"application\/ld+json\" class=\"yoast-schema-graph\">{\"@context\":\"https:\\\/\\\/schema.org\",\"@graph\":[{\"@type\":\"WebPage\",\"@id\":\"https:\\\/\\\/paragaleriedetalborjt.com\\\/boutique\\\/dermeden-hydra-protocole-creme-riche-50ml\\\/\",\"url\":\"https:\\\/\\\/paragaleriedetalborjt.com\\\/boutique\\\/dermeden-hydra-protocole-creme-riche-50ml\\\/\",\"name\":\"Dermeden Hydra Protocole Creme Riche 50ml - paragaleriedetalborjt\",\"isPartOf\":{\"@id\":\"https:\\\/\\\/paragaleriedetalborjt.com\\\/#website\"},\"primaryImageOfPage\":{\"@id\":\"https:\\\/\\\/paragaleriedetalborjt.com\\\/boutique\\\/dermeden-hydra-protocole-creme-riche-50ml\\\/#primaryimage\"},\"image\":{\"@id\":\"https:\\\/\\\/paragaleriedetalborjt.com\\\/boutique\\\/dermeden-hydra-protocole-creme-riche-50ml\\\/#primaryimage\"},\"thumbnailUrl\":\"https:\\\/\\\/paragaleriedetalborjt.com\\\/wp-content\\\/uploads\\\/2026\\\/01\\\/Dermeden-Hydra-Protocole-creme-riche-Ps-50ml-600x600-1.jpg\",\"datePublished\":\"2026-01-02T18:44:06+00:00\",\"dateModified\":\"2026-01-02T21:18:47+00:00\",\"breadcrumb\":{\"@id\":\"https:\\\/\\\/paragaleriedetalborjt.com\\\/boutique\\\/dermeden-hydra-protocole-creme-riche-50ml\\\/#breadcrumb\"},\"inLanguage\":\"en-US\",\"potentialAction\":[{\"@type\":\"ReadAction\",\"target\":[\"https:\\\/\\\/paragaleriedetalborjt.com\\\/boutique\\\/dermeden-hydra-protocole-creme-riche-50ml\\\/\"]}]},{\"@type\":\"ImageObject\",\"inLanguage\":\"en-US\",\"@id\":\"https:\\\/\\\/paragaleriedetalborjt.com\\\/boutique\\\/dermeden-hydra-protocole-creme-riche-50ml\\\/#primaryimage\",\"url\":\"https:\\\/\\\/paragaleriedetalborjt.com\\\/wp-content\\\/uploads\\\/2026\\\/01\\\/Dermeden-Hydra-Protocole-creme-riche-Ps-50ml-600x600-1.jpg\",\"contentUrl\":\"https:\\\/\\\/paragaleriedetalborjt.com\\\/wp-content\\\/uploads\\\/2026\\\/01\\\/Dermeden-Hydra-Protocole-creme-riche-Ps-50ml-600x600-1.jpg\",\"width\":600,\"height\":600},{\"@type\":\"BreadcrumbList\",\"@id\":\"https:\\\/\\\/paragaleriedetalborjt.com\\\/boutique\\\/dermeden-hydra-protocole-creme-riche-50ml\\\/#breadcrumb\",\"itemListElement\":[{\"@type\":\"ListItem\",\"position\":1,\"name\":\"Accueil\",\"item\":\"https:\\\/\\\/paragaleriedetalborjt.com\\\/\"},{\"@type\":\"ListItem\",\"position\":2,\"name\":\"Boutique\",\"item\":\"https:\\\/\\\/paragaleriedetalborjt.com\\\/boutique\\\/\"},{\"@type\":\"ListItem\",\"position\":3,\"name\":\"Dermeden Hydra Protocole Creme Riche 50ml\"}]},{\"@type\":\"WebSite\",\"@id\":\"https:\\\/\\\/paragaleriedetalborjt.com\\\/#website\",\"url\":\"https:\\\/\\\/paragaleriedetalborjt.com\\\/\",\"name\":\"paragaleriedetalborjt\",\"description\":\"\",\"potentialAction\":[{\"@type\":\"SearchAction\",\"target\":{\"@type\":\"EntryPoint\",\"urlTemplate\":\"https:\\\/\\\/paragaleriedetalborjt.com\\\/?s={search_term_string}\"},\"query-input\":{\"@type\":\"PropertyValueSpecification\",\"valueRequired\":true,\"valueName\":\"search_term_string\"}}],\"inLanguage\":\"en-US\"}]}<\/script>\n<!-- \/ Yoast SEO plugin. -->","yoast_head_json":{"title":"Dermeden Hydra Protocole Creme Riche 50ml - paragaleriedetalborjt","robots":{"index":"index","follow":"follow","max-snippet":"max-snippet:-1","max-image-preview":"max-image-preview:large","max-video-preview":"max-video-preview:-1"},"canonical":"https:\/\/paragaleriedetalborjt.com\/en\/boutique\/dermeden-hydra-protocole-creme-riche-50ml\/","og_locale":"en_US","og_type":"article","og_title":"Dermeden Hydra Protocole Creme Riche 50ml - paragaleriedetalborjt","og_description":"Highlights:Hydrate la peau en continu et aide \u00e0 pr\u00e9server la barri\u00e8re protectrice de la peau.\u2022 Besoin :Hydrater | Apaiser | Peau normale \u00e0 s\u00e8che | Peau sensible.\u2022 Ingr\u00e9dients Cl\u00e9s :C\u00e9ramides (1, 3 et 6-II) pour prot\u00e9ger et nourrir | Acide Hyaluronique pour maintenir la peau hydrat\u00e9e | Niacinamide pour apaiser la peau.\u2022S\u00e9curit\u00e9 :Sans Parfum | Hypoallerg\u00e9nique | Non-Com\u00e9dog\u00e8ne.\u2022 Utilisation :Appliquer g\u00e9n\u00e9reusement matin et soir. Visage et cou.","og_url":"https:\/\/paragaleriedetalborjt.com\/en\/boutique\/dermeden-hydra-protocole-creme-riche-50ml\/","og_site_name":"paragaleriedetalborjt","article_modified_time":"2026-01-02T21:18:47+00:00","og_image":[{"width":600,"height":600,"url":"https:\/\/paragaleriedetalborjt.com\/wp-content\/uploads\/2026\/01\/Dermeden-Hydra-Protocole-creme-riche-Ps-50ml-600x600-1.jpg","type":"image\/jpeg"}],"twitter_card":"summary_large_image","twitter_misc":{"Est. reading time":"1 minute"},"schema":{"@context":"https:\/\/schema.org","@graph":[{"@type":"WebPage","@id":"https:\/\/paragaleriedetalborjt.com\/boutique\/dermeden-hydra-protocole-creme-riche-50ml\/","url":"https:\/\/paragaleriedetalborjt.com\/boutique\/dermeden-hydra-protocole-creme-riche-50ml\/","name":"Dermeden Hydra Protocole Creme Riche 50ml - paragaleriedetalborjt","isPartOf":{"@id":"https:\/\/paragaleriedetalborjt.com\/#website"},"primaryImageOfPage":{"@id":"https:\/\/paragaleriedetalborjt.com\/boutique\/dermeden-hydra-protocole-creme-riche-50ml\/#primaryimage"},"image":{"@id":"https:\/\/paragaleriedetalborjt.com\/boutique\/dermeden-hydra-protocole-creme-riche-50ml\/#primaryimage"},"thumbnailUrl":"https:\/\/paragaleriedetalborjt.com\/wp-content\/uploads\/2026\/01\/Dermeden-Hydra-Protocole-creme-riche-Ps-50ml-600x600-1.jpg","datePublished":"2026-01-02T18:44:06+00:00","dateModified":"2026-01-02T21:18:47+00:00","breadcrumb":{"@id":"https:\/\/paragaleriedetalborjt.com\/boutique\/dermeden-hydra-protocole-creme-riche-50ml\/#breadcrumb"},"inLanguage":"en-US","potentialAction":[{"@type":"ReadAction","target":["https:\/\/paragaleriedetalborjt.com\/boutique\/dermeden-hydra-protocole-creme-riche-50ml\/"]}]},{"@type":"ImageObject","inLanguage":"en-US","@id":"https:\/\/paragaleriedetalborjt.com\/boutique\/dermeden-hydra-protocole-creme-riche-50ml\/#primaryimage","url":"https:\/\/paragaleriedetalborjt.com\/wp-content\/uploads\/2026\/01\/Dermeden-Hydra-Protocole-creme-riche-Ps-50ml-600x600-1.jpg","contentUrl":"https:\/\/paragaleriedetalborjt.com\/wp-content\/uploads\/2026\/01\/Dermeden-Hydra-Protocole-creme-riche-Ps-50ml-600x600-1.jpg","width":600,"height":600},{"@type":"BreadcrumbList","@id":"https:\/\/paragaleriedetalborjt.com\/boutique\/dermeden-hydra-protocole-creme-riche-50ml\/#breadcrumb","itemListElement":[{"@type":"ListItem","position":1,"name":"Accueil","item":"https:\/\/paragaleriedetalborjt.com\/"},{"@type":"ListItem","position":2,"name":"Boutique","item":"https:\/\/paragaleriedetalborjt.com\/boutique\/"},{"@type":"ListItem","position":3,"name":"Dermeden Hydra Protocole Creme Riche 50ml"}]},{"@type":"WebSite","@id":"https:\/\/paragaleriedetalborjt.com\/#website","url":"https:\/\/paragaleriedetalborjt.com\/","name":"paragaleriedetalborjt","description":"","potentialAction":[{"@type":"SearchAction","target":{"@type":"EntryPoint","urlTemplate":"https:\/\/paragaleriedetalborjt.com\/?s={search_term_string}"},"query-input":{"@type":"PropertyValueSpecification","valueRequired":true,"valueName":"search_term_string"}}],"inLanguage":"en-US"}]}},"brands":[],"_links":{"self":[{"href":"https:\/\/paragaleriedetalborjt.com\/en\/wp-json\/wp\/v2\/product\/25985","targetHints":{"allow":["GET"]}}],"collection":[{"href":"https:\/\/paragaleriedetalborjt.com\/en\/wp-json\/wp\/v2\/product"}],"about":[{"href":"https:\/\/paragaleriedetalborjt.com\/en\/wp-json\/wp\/v2\/types\/product"}],"replies":[{"embeddable":true,"href":"https:\/\/paragaleriedetalborjt.com\/en\/wp-json\/wp\/v2\/comments?post=25985"}],"version-history":[{"count":1,"href":"https:\/\/paragaleriedetalborjt.com\/en\/wp-json\/wp\/v2\/product\/25985\/revisions"}],"predecessor-version":[{"id":30990,"href":"https:\/\/paragaleriedetalborjt.com\/en\/wp-json\/wp\/v2\/product\/25985\/revisions\/30990"}],"wp:featuredmedia":[{"embeddable":true,"href":"https:\/\/paragaleriedetalborjt.com\/en\/wp-json\/wp\/v2\/media\/30989"}],"wp:attachment":[{"href":"https:\/\/paragaleriedetalborjt.com\/en\/wp-json\/wp\/v2\/media?parent=25985"}],"wp:term":[{"taxonomy":"pwb-brand","embeddable":true,"href":"https:\/\/paragaleriedetalborjt.com\/en\/wp-json\/wp\/v2\/pwb-brand?post=25985"},{"taxonomy":"product_cat","embeddable":true,"href":"https:\/\/paragaleriedetalborjt.com\/en\/wp-json\/wp\/v2\/product_cat?post=25985"},{"taxonomy":"product_tag","embeddable":true,"href":"https:\/\/paragaleriedetalborjt.com\/en\/wp-json\/wp\/v2\/product_tag?post=25985"}],"curies":[{"name":"wp","href":"https:\/\/api.w.org\/{rel}","templated":true}]}}