{"id":25887,"date":"2026-01-02T19:40:52","date_gmt":"2026-01-02T18:40:52","guid":{"rendered":"https:\/\/paragaleriedetalborjt.com\/?post_type=product&#038;p=25887"},"modified":"2026-01-02T22:18:36","modified_gmt":"2026-01-02T21:18:36","slug":"weebaby-anneaux-de-dentition-pur-silicone-858-f","status":"publish","type":"product","link":"https:\/\/paragaleriedetalborjt.com\/en\/boutique\/weebaby-anneaux-de-dentition-pur-silicone-858-f\/","title":{"rendered":"WeeBaby Anneaux De Dentition Pur Silicone 858-F"},"content":{"rendered":"<div aria-labelledby=\"tab-title-description\" class=\"woocommerce-Tabs-panel woocommerce-Tabs-panel--description panel entry-content wc-tab\" id=\"tab-description\" role=\"tabpanel\" style=\"\">\n<h2>Description<\/h2>\n<section class=\"product-detail\">\n<div class=\"container\">\n<div class=\"row mt-4\">\n<div class=\"col-md-12\">\n<div class=\"tab-content clearfix\">\n<div class=\"tab-pane active\" id=\"genelbilgiler\" title=\"R\u00e9daction g\u00e9n\u00e9rale\">\n<p><span>La pouss\u00e9e dentaire peut \u00eatre une p\u00e9riode difficile pour la maman et le b\u00e9b\u00e9. Wee Baby est l\u00e0 pour vous pendant ces p\u00e9riodes plus difficiles, avec des produits bien pens\u00e9s qui vous aident \u00e0 profiter de chaque moment sp\u00e9cial avec votre b\u00e9b\u00e9. Les anneaux de dentition en silicone de Wee Baby peuvent apporter un soulagement bien n\u00e9cessaire \u00e0 votre b\u00e9b\u00e9, en massant et en r\u00e9confortant les gencives et le palais, ainsi qu\u2019en am\u00e9liorant les capacit\u00e9s de pr\u00e9hension et de toucher !<\/span><\/p>\n<\/div>\n<\/div>\n<\/div>\n<\/div>\n<\/div>\n<\/section>\n<section class=\"product-properties mt-4\">\n<div class=\"container\"><\/div>\n<\/section>\n<\/div>","protected":false},"excerpt":{"rendered":"<p>Highlights:La texture nervur\u00e9e en silicone masse et r\u00e9conforte les gencives et le palais des b\u00e9b\u00e9s en p\u00e9riode de pouss\u00e9e dentaire.Aide \u00e0 d\u00e9velopper les capacit\u00e9s de pr\u00e9hension et de toucher.R\u00e9sistant \u00e0 la mastication et \u00e0 la traction.<\/p>","protected":false},"featured_media":30885,"comment_status":"open","ping_status":"closed","template":"","meta":[],"pwb-brand":[],"product_cat":[16],"product_tag":[],"class_list":{"0":"post-25887","1":"product","2":"type-product","3":"status-publish","4":"has-post-thumbnail","6":"product_cat-non-classe","7":"pa_brands-weebaby","9":"first","10":"instock","11":"sale","12":"shipping-taxable","13":"purchasable","14":"product-type-simple"},"yoast_head":"<!-- This site is optimized with the Yoast SEO plugin v26.9 - https:\/\/yoast.com\/product\/yoast-seo-wordpress\/ -->\n<title>WeeBaby Anneaux De Dentition Pur Silicone 858-F - paragaleriedetalborjt<\/title>\n<meta name=\"robots\" content=\"index, follow, max-snippet:-1, max-image-preview:large, max-video-preview:-1\" \/>\n<link rel=\"canonical\" href=\"https:\/\/paragaleriedetalborjt.com\/en\/boutique\/weebaby-anneaux-de-dentition-pur-silicone-858-f\/\" \/>\n<meta property=\"og:locale\" content=\"en_US\" \/>\n<meta property=\"og:type\" content=\"article\" \/>\n<meta property=\"og:title\" content=\"WeeBaby Anneaux De Dentition Pur Silicone 858-F - paragaleriedetalborjt\" \/>\n<meta property=\"og:description\" content=\"Highlights:La texture nervur\u00e9e en silicone masse et r\u00e9conforte les gencives et le palais des b\u00e9b\u00e9s en p\u00e9riode de pouss\u00e9e dentaire.Aide \u00e0 d\u00e9velopper les capacit\u00e9s de pr\u00e9hension et de toucher.R\u00e9sistant \u00e0 la mastication et \u00e0 la traction.\" \/>\n<meta property=\"og:url\" content=\"https:\/\/paragaleriedetalborjt.com\/en\/boutique\/weebaby-anneaux-de-dentition-pur-silicone-858-f\/\" \/>\n<meta property=\"og:site_name\" content=\"paragaleriedetalborjt\" \/>\n<meta property=\"article:modified_time\" content=\"2026-01-02T21:18:36+00:00\" \/>\n<meta property=\"og:image\" content=\"https:\/\/paragaleriedetalborjt.com\/wp-content\/uploads\/2026\/01\/WeeBaby-anneaux-de-dentition-pur-silicone-858-F-600x600-1.jpg\" \/>\n\t<meta property=\"og:image:width\" content=\"600\" \/>\n\t<meta property=\"og:image:height\" content=\"600\" \/>\n\t<meta property=\"og:image:type\" content=\"image\/jpeg\" \/>\n<meta name=\"twitter:card\" content=\"summary_large_image\" \/>\n<script type=\"application\/ld+json\" class=\"yoast-schema-graph\">{\"@context\":\"https:\/\/schema.org\",\"@graph\":[{\"@type\":\"WebPage\",\"@id\":\"https:\/\/paragaleriedetalborjt.com\/boutique\/weebaby-anneaux-de-dentition-pur-silicone-858-f\/\",\"url\":\"https:\/\/paragaleriedetalborjt.com\/boutique\/weebaby-anneaux-de-dentition-pur-silicone-858-f\/\",\"name\":\"WeeBaby Anneaux De Dentition Pur Silicone 858-F - paragaleriedetalborjt\",\"isPartOf\":{\"@id\":\"https:\/\/paragaleriedetalborjt.com\/#website\"},\"primaryImageOfPage\":{\"@id\":\"https:\/\/paragaleriedetalborjt.com\/boutique\/weebaby-anneaux-de-dentition-pur-silicone-858-f\/#primaryimage\"},\"image\":{\"@id\":\"https:\/\/paragaleriedetalborjt.com\/boutique\/weebaby-anneaux-de-dentition-pur-silicone-858-f\/#primaryimage\"},\"thumbnailUrl\":\"https:\/\/paragaleriedetalborjt.com\/wp-content\/uploads\/2026\/01\/WeeBaby-anneaux-de-dentition-pur-silicone-858-F-600x600-1.jpg\",\"datePublished\":\"2026-01-02T18:40:52+00:00\",\"dateModified\":\"2026-01-02T21:18:36+00:00\",\"breadcrumb\":{\"@id\":\"https:\/\/paragaleriedetalborjt.com\/boutique\/weebaby-anneaux-de-dentition-pur-silicone-858-f\/#breadcrumb\"},\"inLanguage\":\"en-US\",\"potentialAction\":[{\"@type\":\"ReadAction\",\"target\":[\"https:\/\/paragaleriedetalborjt.com\/boutique\/weebaby-anneaux-de-dentition-pur-silicone-858-f\/\"]}]},{\"@type\":\"ImageObject\",\"inLanguage\":\"en-US\",\"@id\":\"https:\/\/paragaleriedetalborjt.com\/boutique\/weebaby-anneaux-de-dentition-pur-silicone-858-f\/#primaryimage\",\"url\":\"https:\/\/paragaleriedetalborjt.com\/wp-content\/uploads\/2026\/01\/WeeBaby-anneaux-de-dentition-pur-silicone-858-F-600x600-1.jpg\",\"contentUrl\":\"https:\/\/paragaleriedetalborjt.com\/wp-content\/uploads\/2026\/01\/WeeBaby-anneaux-de-dentition-pur-silicone-858-F-600x600-1.jpg\",\"width\":600,\"height\":600},{\"@type\":\"BreadcrumbList\",\"@id\":\"https:\/\/paragaleriedetalborjt.com\/boutique\/weebaby-anneaux-de-dentition-pur-silicone-858-f\/#breadcrumb\",\"itemListElement\":[{\"@type\":\"ListItem\",\"position\":1,\"name\":\"Accueil\",\"item\":\"https:\/\/paragaleriedetalborjt.com\/\"},{\"@type\":\"ListItem\",\"position\":2,\"name\":\"Boutique\",\"item\":\"https:\/\/paragaleriedetalborjt.com\/boutique\/\"},{\"@type\":\"ListItem\",\"position\":3,\"name\":\"WeeBaby Anneaux De Dentition Pur Silicone 858-F\"}]},{\"@type\":\"WebSite\",\"@id\":\"https:\/\/paragaleriedetalborjt.com\/#website\",\"url\":\"https:\/\/paragaleriedetalborjt.com\/\",\"name\":\"paragaleriedetalborjt\",\"description\":\"\",\"potentialAction\":[{\"@type\":\"SearchAction\",\"target\":{\"@type\":\"EntryPoint\",\"urlTemplate\":\"https:\/\/paragaleriedetalborjt.com\/?s={search_term_string}\"},\"query-input\":{\"@type\":\"PropertyValueSpecification\",\"valueRequired\":true,\"valueName\":\"search_term_string\"}}],\"inLanguage\":\"en-US\"}]}<\/script>\n<!-- \/ Yoast SEO plugin. -->","yoast_head_json":{"title":"WeeBaby Anneaux De Dentition Pur Silicone 858-F - paragaleriedetalborjt","robots":{"index":"index","follow":"follow","max-snippet":"max-snippet:-1","max-image-preview":"max-image-preview:large","max-video-preview":"max-video-preview:-1"},"canonical":"https:\/\/paragaleriedetalborjt.com\/en\/boutique\/weebaby-anneaux-de-dentition-pur-silicone-858-f\/","og_locale":"en_US","og_type":"article","og_title":"WeeBaby Anneaux De Dentition Pur Silicone 858-F - paragaleriedetalborjt","og_description":"Highlights:La texture nervur\u00e9e en silicone masse et r\u00e9conforte les gencives et le palais des b\u00e9b\u00e9s en p\u00e9riode de pouss\u00e9e dentaire.Aide \u00e0 d\u00e9velopper les capacit\u00e9s de pr\u00e9hension et de toucher.R\u00e9sistant \u00e0 la mastication et \u00e0 la traction.","og_url":"https:\/\/paragaleriedetalborjt.com\/en\/boutique\/weebaby-anneaux-de-dentition-pur-silicone-858-f\/","og_site_name":"paragaleriedetalborjt","article_modified_time":"2026-01-02T21:18:36+00:00","og_image":[{"width":600,"height":600,"url":"https:\/\/paragaleriedetalborjt.com\/wp-content\/uploads\/2026\/01\/WeeBaby-anneaux-de-dentition-pur-silicone-858-F-600x600-1.jpg","type":"image\/jpeg"}],"twitter_card":"summary_large_image","schema":{"@context":"https:\/\/schema.org","@graph":[{"@type":"WebPage","@id":"https:\/\/paragaleriedetalborjt.com\/boutique\/weebaby-anneaux-de-dentition-pur-silicone-858-f\/","url":"https:\/\/paragaleriedetalborjt.com\/boutique\/weebaby-anneaux-de-dentition-pur-silicone-858-f\/","name":"WeeBaby Anneaux De Dentition Pur Silicone 858-F - paragaleriedetalborjt","isPartOf":{"@id":"https:\/\/paragaleriedetalborjt.com\/#website"},"primaryImageOfPage":{"@id":"https:\/\/paragaleriedetalborjt.com\/boutique\/weebaby-anneaux-de-dentition-pur-silicone-858-f\/#primaryimage"},"image":{"@id":"https:\/\/paragaleriedetalborjt.com\/boutique\/weebaby-anneaux-de-dentition-pur-silicone-858-f\/#primaryimage"},"thumbnailUrl":"https:\/\/paragaleriedetalborjt.com\/wp-content\/uploads\/2026\/01\/WeeBaby-anneaux-de-dentition-pur-silicone-858-F-600x600-1.jpg","datePublished":"2026-01-02T18:40:52+00:00","dateModified":"2026-01-02T21:18:36+00:00","breadcrumb":{"@id":"https:\/\/paragaleriedetalborjt.com\/boutique\/weebaby-anneaux-de-dentition-pur-silicone-858-f\/#breadcrumb"},"inLanguage":"en-US","potentialAction":[{"@type":"ReadAction","target":["https:\/\/paragaleriedetalborjt.com\/boutique\/weebaby-anneaux-de-dentition-pur-silicone-858-f\/"]}]},{"@type":"ImageObject","inLanguage":"en-US","@id":"https:\/\/paragaleriedetalborjt.com\/boutique\/weebaby-anneaux-de-dentition-pur-silicone-858-f\/#primaryimage","url":"https:\/\/paragaleriedetalborjt.com\/wp-content\/uploads\/2026\/01\/WeeBaby-anneaux-de-dentition-pur-silicone-858-F-600x600-1.jpg","contentUrl":"https:\/\/paragaleriedetalborjt.com\/wp-content\/uploads\/2026\/01\/WeeBaby-anneaux-de-dentition-pur-silicone-858-F-600x600-1.jpg","width":600,"height":600},{"@type":"BreadcrumbList","@id":"https:\/\/paragaleriedetalborjt.com\/boutique\/weebaby-anneaux-de-dentition-pur-silicone-858-f\/#breadcrumb","itemListElement":[{"@type":"ListItem","position":1,"name":"Accueil","item":"https:\/\/paragaleriedetalborjt.com\/"},{"@type":"ListItem","position":2,"name":"Boutique","item":"https:\/\/paragaleriedetalborjt.com\/boutique\/"},{"@type":"ListItem","position":3,"name":"WeeBaby Anneaux De Dentition Pur Silicone 858-F"}]},{"@type":"WebSite","@id":"https:\/\/paragaleriedetalborjt.com\/#website","url":"https:\/\/paragaleriedetalborjt.com\/","name":"paragaleriedetalborjt","description":"","potentialAction":[{"@type":"SearchAction","target":{"@type":"EntryPoint","urlTemplate":"https:\/\/paragaleriedetalborjt.com\/?s={search_term_string}"},"query-input":{"@type":"PropertyValueSpecification","valueRequired":true,"valueName":"search_term_string"}}],"inLanguage":"en-US"}]}},"brands":[],"_links":{"self":[{"href":"https:\/\/paragaleriedetalborjt.com\/en\/wp-json\/wp\/v2\/product\/25887","targetHints":{"allow":["GET"]}}],"collection":[{"href":"https:\/\/paragaleriedetalborjt.com\/en\/wp-json\/wp\/v2\/product"}],"about":[{"href":"https:\/\/paragaleriedetalborjt.com\/en\/wp-json\/wp\/v2\/types\/product"}],"replies":[{"embeddable":true,"href":"https:\/\/paragaleriedetalborjt.com\/en\/wp-json\/wp\/v2\/comments?post=25887"}],"version-history":[{"count":1,"href":"https:\/\/paragaleriedetalborjt.com\/en\/wp-json\/wp\/v2\/product\/25887\/revisions"}],"predecessor-version":[{"id":30886,"href":"https:\/\/paragaleriedetalborjt.com\/en\/wp-json\/wp\/v2\/product\/25887\/revisions\/30886"}],"wp:featuredmedia":[{"embeddable":true,"href":"https:\/\/paragaleriedetalborjt.com\/en\/wp-json\/wp\/v2\/media\/30885"}],"wp:attachment":[{"href":"https:\/\/paragaleriedetalborjt.com\/en\/wp-json\/wp\/v2\/media?parent=25887"}],"wp:term":[{"taxonomy":"pwb-brand","embeddable":true,"href":"https:\/\/paragaleriedetalborjt.com\/en\/wp-json\/wp\/v2\/pwb-brand?post=25887"},{"taxonomy":"product_cat","embeddable":true,"href":"https:\/\/paragaleriedetalborjt.com\/en\/wp-json\/wp\/v2\/product_cat?post=25887"},{"taxonomy":"product_tag","embeddable":true,"href":"https:\/\/paragaleriedetalborjt.com\/en\/wp-json\/wp\/v2\/product_tag?post=25887"}],"curies":[{"name":"wp","href":"https:\/\/api.w.org\/{rel}","templated":true}]}}