{"id":25883,"date":"2026-01-02T19:40:41","date_gmt":"2026-01-02T18:40:41","guid":{"rendered":"https:\/\/paragaleriedetalborjt.com\/?post_type=product&#038;p=25883"},"modified":"2026-01-02T22:18:36","modified_gmt":"2026-01-02T21:18:36","slug":"weebaby-mini-tasse-transition-0-6-mois-30ml-778-f","status":"publish","type":"product","link":"https:\/\/paragaleriedetalborjt.com\/en\/boutique\/weebaby-mini-tasse-transition-0-6-mois-30ml-778-f\/","title":{"rendered":"WeeBaby Mini Tasse Transition 0-6 Mois 30ml 778-F"},"content":{"rendered":"<div aria-labelledby=\"tab-title-description\" class=\"woocommerce-Tabs-panel woocommerce-Tabs-panel--description panel entry-content wc-tab\" id=\"tab-description\" role=\"tabpanel\" style=\"\">\n<h2>Description<\/h2>\n<section class=\"product-detail\">\n<div class=\"container\">\n<div class=\"row mt-4\">\n<div class=\"col-md-12\">\n<div class=\"tab-content clearfix\">\n<div class=\"tab-pane active\" id=\"genelbilgiler\" title=\"R\u00e9daction g\u00e9n\u00e9rale\">\n<p><span>Les b\u00e9b\u00e9s re\u00e7oivent \u00e9galement des vitamines et des min\u00e9raux essentiels dans l\u2019eau, ainsi que dans le lait maternel. L\u2019ensemble de mini-gobelets d\u2019exercice en verre Wee Baby, sp\u00e9cialement con\u00e7u pour les nouveau-n\u00e9s, offre une facilit\u00e9 d\u2019utilisation pour les m\u00e8res avec 2 fonctions comme embout de gobelet et t\u00e9tine.<\/span><\/p>\n<\/div>\n<\/div>\n<\/div>\n<\/div>\n<\/div>\n<\/section>\n<section class=\"product-properties mt-4\">\n<div class=\"container\"><\/div>\n<\/section>\n<\/div>","protected":false},"excerpt":{"rendered":"<p>Highlights:La t\u00e9tine ronde imite l\u2019allaitement.Les \u00e9vents sur la t\u00e9tine assurent un d\u00e9bit de lait constant.2 fonctions avec embout tasse ou t\u00e9tine.<\/p>","protected":false},"featured_media":30881,"comment_status":"open","ping_status":"closed","template":"","meta":[],"pwb-brand":[],"product_cat":[16],"product_tag":[],"class_list":{"0":"post-25883","1":"product","2":"type-product","3":"status-publish","4":"has-post-thumbnail","6":"product_cat-non-classe","7":"pa_brands-weebaby","9":"first","10":"instock","11":"sale","12":"shipping-taxable","13":"purchasable","14":"product-type-simple"},"yoast_head":"<!-- This site is optimized with the Yoast SEO plugin v26.9 - https:\/\/yoast.com\/product\/yoast-seo-wordpress\/ -->\n<title>WeeBaby Mini Tasse Transition 0-6 Mois 30ml 778-F - paragaleriedetalborjt<\/title>\n<meta name=\"robots\" content=\"index, follow, max-snippet:-1, max-image-preview:large, max-video-preview:-1\" \/>\n<link rel=\"canonical\" href=\"https:\/\/paragaleriedetalborjt.com\/en\/boutique\/weebaby-mini-tasse-transition-0-6-mois-30ml-778-f\/\" \/>\n<meta property=\"og:locale\" content=\"en_US\" \/>\n<meta property=\"og:type\" content=\"article\" \/>\n<meta property=\"og:title\" content=\"WeeBaby Mini Tasse Transition 0-6 Mois 30ml 778-F - paragaleriedetalborjt\" \/>\n<meta property=\"og:description\" content=\"Highlights:La t\u00e9tine ronde imite l\u2019allaitement.Les \u00e9vents sur la t\u00e9tine assurent un d\u00e9bit de lait constant.2 fonctions avec embout tasse ou t\u00e9tine.\" \/>\n<meta property=\"og:url\" content=\"https:\/\/paragaleriedetalborjt.com\/en\/boutique\/weebaby-mini-tasse-transition-0-6-mois-30ml-778-f\/\" \/>\n<meta property=\"og:site_name\" content=\"paragaleriedetalborjt\" \/>\n<meta property=\"article:modified_time\" content=\"2026-01-02T21:18:36+00:00\" \/>\n<meta property=\"og:image\" content=\"https:\/\/paragaleriedetalborjt.com\/wp-content\/uploads\/2026\/01\/WeeBaby-mini-tasse-transition-0-6m-30ml-778-F-600x600-1.jpg\" \/>\n\t<meta property=\"og:image:width\" content=\"600\" \/>\n\t<meta property=\"og:image:height\" content=\"600\" \/>\n\t<meta property=\"og:image:type\" content=\"image\/jpeg\" \/>\n<meta name=\"twitter:card\" content=\"summary_large_image\" \/>\n<script type=\"application\/ld+json\" class=\"yoast-schema-graph\">{\"@context\":\"https:\/\/schema.org\",\"@graph\":[{\"@type\":\"WebPage\",\"@id\":\"https:\/\/paragaleriedetalborjt.com\/boutique\/weebaby-mini-tasse-transition-0-6-mois-30ml-778-f\/\",\"url\":\"https:\/\/paragaleriedetalborjt.com\/boutique\/weebaby-mini-tasse-transition-0-6-mois-30ml-778-f\/\",\"name\":\"WeeBaby Mini Tasse Transition 0-6 Mois 30ml 778-F - paragaleriedetalborjt\",\"isPartOf\":{\"@id\":\"https:\/\/paragaleriedetalborjt.com\/#website\"},\"primaryImageOfPage\":{\"@id\":\"https:\/\/paragaleriedetalborjt.com\/boutique\/weebaby-mini-tasse-transition-0-6-mois-30ml-778-f\/#primaryimage\"},\"image\":{\"@id\":\"https:\/\/paragaleriedetalborjt.com\/boutique\/weebaby-mini-tasse-transition-0-6-mois-30ml-778-f\/#primaryimage\"},\"thumbnailUrl\":\"https:\/\/paragaleriedetalborjt.com\/wp-content\/uploads\/2026\/01\/WeeBaby-mini-tasse-transition-0-6m-30ml-778-F-600x600-1.jpg\",\"datePublished\":\"2026-01-02T18:40:41+00:00\",\"dateModified\":\"2026-01-02T21:18:36+00:00\",\"breadcrumb\":{\"@id\":\"https:\/\/paragaleriedetalborjt.com\/boutique\/weebaby-mini-tasse-transition-0-6-mois-30ml-778-f\/#breadcrumb\"},\"inLanguage\":\"en-US\",\"potentialAction\":[{\"@type\":\"ReadAction\",\"target\":[\"https:\/\/paragaleriedetalborjt.com\/boutique\/weebaby-mini-tasse-transition-0-6-mois-30ml-778-f\/\"]}]},{\"@type\":\"ImageObject\",\"inLanguage\":\"en-US\",\"@id\":\"https:\/\/paragaleriedetalborjt.com\/boutique\/weebaby-mini-tasse-transition-0-6-mois-30ml-778-f\/#primaryimage\",\"url\":\"https:\/\/paragaleriedetalborjt.com\/wp-content\/uploads\/2026\/01\/WeeBaby-mini-tasse-transition-0-6m-30ml-778-F-600x600-1.jpg\",\"contentUrl\":\"https:\/\/paragaleriedetalborjt.com\/wp-content\/uploads\/2026\/01\/WeeBaby-mini-tasse-transition-0-6m-30ml-778-F-600x600-1.jpg\",\"width\":600,\"height\":600},{\"@type\":\"BreadcrumbList\",\"@id\":\"https:\/\/paragaleriedetalborjt.com\/boutique\/weebaby-mini-tasse-transition-0-6-mois-30ml-778-f\/#breadcrumb\",\"itemListElement\":[{\"@type\":\"ListItem\",\"position\":1,\"name\":\"Accueil\",\"item\":\"https:\/\/paragaleriedetalborjt.com\/\"},{\"@type\":\"ListItem\",\"position\":2,\"name\":\"Boutique\",\"item\":\"https:\/\/paragaleriedetalborjt.com\/boutique\/\"},{\"@type\":\"ListItem\",\"position\":3,\"name\":\"WeeBaby Mini Tasse Transition 0-6 Mois 30ml 778-F\"}]},{\"@type\":\"WebSite\",\"@id\":\"https:\/\/paragaleriedetalborjt.com\/#website\",\"url\":\"https:\/\/paragaleriedetalborjt.com\/\",\"name\":\"paragaleriedetalborjt\",\"description\":\"\",\"potentialAction\":[{\"@type\":\"SearchAction\",\"target\":{\"@type\":\"EntryPoint\",\"urlTemplate\":\"https:\/\/paragaleriedetalborjt.com\/?s={search_term_string}\"},\"query-input\":{\"@type\":\"PropertyValueSpecification\",\"valueRequired\":true,\"valueName\":\"search_term_string\"}}],\"inLanguage\":\"en-US\"}]}<\/script>\n<!-- \/ Yoast SEO plugin. -->","yoast_head_json":{"title":"WeeBaby Mini Tasse Transition 0-6 Mois 30ml 778-F - paragaleriedetalborjt","robots":{"index":"index","follow":"follow","max-snippet":"max-snippet:-1","max-image-preview":"max-image-preview:large","max-video-preview":"max-video-preview:-1"},"canonical":"https:\/\/paragaleriedetalborjt.com\/en\/boutique\/weebaby-mini-tasse-transition-0-6-mois-30ml-778-f\/","og_locale":"en_US","og_type":"article","og_title":"WeeBaby Mini Tasse Transition 0-6 Mois 30ml 778-F - paragaleriedetalborjt","og_description":"Highlights:La t\u00e9tine ronde imite l\u2019allaitement.Les \u00e9vents sur la t\u00e9tine assurent un d\u00e9bit de lait constant.2 fonctions avec embout tasse ou t\u00e9tine.","og_url":"https:\/\/paragaleriedetalborjt.com\/en\/boutique\/weebaby-mini-tasse-transition-0-6-mois-30ml-778-f\/","og_site_name":"paragaleriedetalborjt","article_modified_time":"2026-01-02T21:18:36+00:00","og_image":[{"width":600,"height":600,"url":"https:\/\/paragaleriedetalborjt.com\/wp-content\/uploads\/2026\/01\/WeeBaby-mini-tasse-transition-0-6m-30ml-778-F-600x600-1.jpg","type":"image\/jpeg"}],"twitter_card":"summary_large_image","schema":{"@context":"https:\/\/schema.org","@graph":[{"@type":"WebPage","@id":"https:\/\/paragaleriedetalborjt.com\/boutique\/weebaby-mini-tasse-transition-0-6-mois-30ml-778-f\/","url":"https:\/\/paragaleriedetalborjt.com\/boutique\/weebaby-mini-tasse-transition-0-6-mois-30ml-778-f\/","name":"WeeBaby Mini Tasse Transition 0-6 Mois 30ml 778-F - paragaleriedetalborjt","isPartOf":{"@id":"https:\/\/paragaleriedetalborjt.com\/#website"},"primaryImageOfPage":{"@id":"https:\/\/paragaleriedetalborjt.com\/boutique\/weebaby-mini-tasse-transition-0-6-mois-30ml-778-f\/#primaryimage"},"image":{"@id":"https:\/\/paragaleriedetalborjt.com\/boutique\/weebaby-mini-tasse-transition-0-6-mois-30ml-778-f\/#primaryimage"},"thumbnailUrl":"https:\/\/paragaleriedetalborjt.com\/wp-content\/uploads\/2026\/01\/WeeBaby-mini-tasse-transition-0-6m-30ml-778-F-600x600-1.jpg","datePublished":"2026-01-02T18:40:41+00:00","dateModified":"2026-01-02T21:18:36+00:00","breadcrumb":{"@id":"https:\/\/paragaleriedetalborjt.com\/boutique\/weebaby-mini-tasse-transition-0-6-mois-30ml-778-f\/#breadcrumb"},"inLanguage":"en-US","potentialAction":[{"@type":"ReadAction","target":["https:\/\/paragaleriedetalborjt.com\/boutique\/weebaby-mini-tasse-transition-0-6-mois-30ml-778-f\/"]}]},{"@type":"ImageObject","inLanguage":"en-US","@id":"https:\/\/paragaleriedetalborjt.com\/boutique\/weebaby-mini-tasse-transition-0-6-mois-30ml-778-f\/#primaryimage","url":"https:\/\/paragaleriedetalborjt.com\/wp-content\/uploads\/2026\/01\/WeeBaby-mini-tasse-transition-0-6m-30ml-778-F-600x600-1.jpg","contentUrl":"https:\/\/paragaleriedetalborjt.com\/wp-content\/uploads\/2026\/01\/WeeBaby-mini-tasse-transition-0-6m-30ml-778-F-600x600-1.jpg","width":600,"height":600},{"@type":"BreadcrumbList","@id":"https:\/\/paragaleriedetalborjt.com\/boutique\/weebaby-mini-tasse-transition-0-6-mois-30ml-778-f\/#breadcrumb","itemListElement":[{"@type":"ListItem","position":1,"name":"Accueil","item":"https:\/\/paragaleriedetalborjt.com\/"},{"@type":"ListItem","position":2,"name":"Boutique","item":"https:\/\/paragaleriedetalborjt.com\/boutique\/"},{"@type":"ListItem","position":3,"name":"WeeBaby Mini Tasse Transition 0-6 Mois 30ml 778-F"}]},{"@type":"WebSite","@id":"https:\/\/paragaleriedetalborjt.com\/#website","url":"https:\/\/paragaleriedetalborjt.com\/","name":"paragaleriedetalborjt","description":"","potentialAction":[{"@type":"SearchAction","target":{"@type":"EntryPoint","urlTemplate":"https:\/\/paragaleriedetalborjt.com\/?s={search_term_string}"},"query-input":{"@type":"PropertyValueSpecification","valueRequired":true,"valueName":"search_term_string"}}],"inLanguage":"en-US"}]}},"brands":[],"_links":{"self":[{"href":"https:\/\/paragaleriedetalborjt.com\/en\/wp-json\/wp\/v2\/product\/25883","targetHints":{"allow":["GET"]}}],"collection":[{"href":"https:\/\/paragaleriedetalborjt.com\/en\/wp-json\/wp\/v2\/product"}],"about":[{"href":"https:\/\/paragaleriedetalborjt.com\/en\/wp-json\/wp\/v2\/types\/product"}],"replies":[{"embeddable":true,"href":"https:\/\/paragaleriedetalborjt.com\/en\/wp-json\/wp\/v2\/comments?post=25883"}],"version-history":[{"count":1,"href":"https:\/\/paragaleriedetalborjt.com\/en\/wp-json\/wp\/v2\/product\/25883\/revisions"}],"predecessor-version":[{"id":30882,"href":"https:\/\/paragaleriedetalborjt.com\/en\/wp-json\/wp\/v2\/product\/25883\/revisions\/30882"}],"wp:featuredmedia":[{"embeddable":true,"href":"https:\/\/paragaleriedetalborjt.com\/en\/wp-json\/wp\/v2\/media\/30881"}],"wp:attachment":[{"href":"https:\/\/paragaleriedetalborjt.com\/en\/wp-json\/wp\/v2\/media?parent=25883"}],"wp:term":[{"taxonomy":"pwb-brand","embeddable":true,"href":"https:\/\/paragaleriedetalborjt.com\/en\/wp-json\/wp\/v2\/pwb-brand?post=25883"},{"taxonomy":"product_cat","embeddable":true,"href":"https:\/\/paragaleriedetalborjt.com\/en\/wp-json\/wp\/v2\/product_cat?post=25883"},{"taxonomy":"product_tag","embeddable":true,"href":"https:\/\/paragaleriedetalborjt.com\/en\/wp-json\/wp\/v2\/product_tag?post=25883"}],"curies":[{"name":"wp","href":"https:\/\/api.w.org\/{rel}","templated":true}]}}