{"id":25876,"date":"2026-01-02T19:40:26","date_gmt":"2026-01-02T18:40:26","guid":{"rendered":"https:\/\/paragaleriedetalborjt.com\/?post_type=product&#038;p=25876"},"modified":"2026-01-02T22:18:35","modified_gmt":"2026-01-02T21:18:35","slug":"weebaby-biberon-large-avec-poignees-0-6-mois-150ml-137-f","status":"publish","type":"product","link":"https:\/\/paragaleriedetalborjt.com\/en\/boutique\/weebaby-biberon-large-avec-poignees-0-6-mois-150ml-137-f\/","title":{"rendered":"WeeBaby Biberon Large Avec Poignees 0-6 Mois 150ml 137-F"},"content":{"rendered":"<div aria-labelledby=\"tab-title-description\" class=\"woocommerce-Tabs-panel woocommerce-Tabs-panel--description panel entry-content wc-tab\" id=\"tab-description\" role=\"tabpanel\" style=\"\">\n<h2>Description<\/h2>\n<section class=\"product-detail\">\n<div class=\"container\">\n<div class=\"row mt-4\">\n<div class=\"col-md-12\">\n<div class=\"tab-content clearfix\">\n<div class=\"tab-pane active\" id=\"genelbilgiler\" title=\"Informations g\u00e9n\u00e9rales\">\n<p><span>Le lait maternel joue le r\u00f4le le plus important dans le d\u00e9veloppement du b\u00e9b\u00e9. Il contient toutes les prot\u00e9ines, min\u00e9raux et vitamines dont b\u00e9b\u00e9 a besoin. En plus de l\u2019allaitement naturel, de nombreuses m\u00e8res pr\u00e9f\u00e8rent \u00e9galement tirer leur lait et nourrir leur b\u00e9b\u00e9 au biberon. \u00c0 ce stade, la bouteille pr\u00e9f\u00e9r\u00e9e rev\u00eat une grande importance. Biberon pr\u00e9f\u00e9r\u00e9\u00a0; Elle ne doit pas alt\u00e9rer la structure naturelle du lait maternel, \u00eatre fabriqu\u00e9e \u00e0 partir de mat\u00e9riaux sains et garantir que le b\u00e9b\u00e9 ne se sente pas \u00e9tranger \u00e0 la t\u00e9tine du biberon. De plus, le biberon doit avoir des caract\u00e9ristiques anti-coliques \u2013 sans gaz. \u00c0 ce stade, les biberons Wee Baby Classic Plus \u00e0 large goulot en PP avec poign\u00e9es seront la solution parfaite \u00e0 tous les besoins des mamans. Il est fabriqu\u00e9 en polypropyl\u00e8ne sain qui ne contient pas de BPA. En plus de ces caract\u00e9ristiques, la structure de la t\u00e9tine du biberon, qui ressemble au sein de la m\u00e8re, ne nuit pas au palais naturel du b\u00e9b\u00e9 lors de la succion. La conception sp\u00e9ciale de la t\u00e9tine du biberon est dot\u00e9e d\u2019un syst\u00e8me d\u2019air qui lui conf\u00e8re des propri\u00e9t\u00e9s anti-coliques. Il est facile \u00e0 vider, remplir et nettoyer gr\u00e2ce \u00e0 sa large ouverture. Il est facile \u00e0 saisir gr\u00e2ce \u00e0 son biberon fin et ergonomique. Les poign\u00e9es, que les b\u00e9b\u00e9s peuvent facilement saisir, aident les b\u00e9b\u00e9s \u00e0 d\u00e9velopper leurs capacit\u00e9s de tenue. Il favorise l\u2019auto-alimentation du b\u00e9b\u00e9.<\/span><\/p>\n<\/div>\n<\/div>\n<\/div>\n<\/div>\n<\/div>\n<\/section>\n<section class=\"product-properties mt-4\">\n<div class=\"container\"><\/div>\n<\/section>\n<\/div>","protected":false},"excerpt":{"rendered":"<p>Highlights:La structure douce et flexible de la t\u00e9tine du biberon permet aux b\u00e9b\u00e9s de saisir la t\u00e9tine du biberon tout comme ils saisissent le sein de leur m\u00e8re. De cette fa\u00e7on, les b\u00e9b\u00e9s peuvent passer du sein au biberon.Le syst\u00e8me de valve anti-colique dans la conception de la t\u00e9tine emp\u00eache le b\u00e9b\u00e9 d\u2019avaler de l\u2019air ext\u00e9rieur pendant l\u2019alimentation.Les poign\u00e9es peuvent \u00eatre facilement saisies par les b\u00e9b\u00e9s.Compatible avec les tire-lait Wee Baby.<\/p>","protected":false},"featured_media":30874,"comment_status":"open","ping_status":"closed","template":"","meta":[],"pwb-brand":[],"product_cat":[16],"product_tag":[],"class_list":{"0":"post-25876","1":"product","2":"type-product","3":"status-publish","4":"has-post-thumbnail","6":"product_cat-non-classe","7":"pa_brands-weebaby","9":"first","10":"instock","11":"sale","12":"shipping-taxable","13":"purchasable","14":"product-type-simple"},"yoast_head":"<!-- This site is optimized with the Yoast SEO plugin v26.9 - https:\/\/yoast.com\/product\/yoast-seo-wordpress\/ -->\n<title>WeeBaby Biberon Large Avec Poignees 0-6 Mois 150ml 137-F - paragaleriedetalborjt<\/title>\n<meta name=\"robots\" content=\"index, follow, max-snippet:-1, max-image-preview:large, max-video-preview:-1\" \/>\n<link rel=\"canonical\" href=\"https:\/\/paragaleriedetalborjt.com\/en\/boutique\/weebaby-biberon-large-avec-poignees-0-6-mois-150ml-137-f\/\" \/>\n<meta property=\"og:locale\" content=\"en_US\" \/>\n<meta property=\"og:type\" content=\"article\" \/>\n<meta property=\"og:title\" content=\"WeeBaby Biberon Large Avec Poignees 0-6 Mois 150ml 137-F - paragaleriedetalborjt\" \/>\n<meta property=\"og:description\" content=\"Highlights:La structure douce et flexible de la t\u00e9tine du biberon permet aux b\u00e9b\u00e9s de saisir la t\u00e9tine du biberon tout comme ils saisissent le sein de leur m\u00e8re. De cette fa\u00e7on, les b\u00e9b\u00e9s peuvent passer du sein au biberon.Le syst\u00e8me de valve anti-colique dans la conception de la t\u00e9tine emp\u00eache le b\u00e9b\u00e9 d\u2019avaler de l\u2019air ext\u00e9rieur pendant l\u2019alimentation.Les poign\u00e9es peuvent \u00eatre facilement saisies par les b\u00e9b\u00e9s.Compatible avec les tire-lait Wee Baby.\" \/>\n<meta property=\"og:url\" content=\"https:\/\/paragaleriedetalborjt.com\/en\/boutique\/weebaby-biberon-large-avec-poignees-0-6-mois-150ml-137-f\/\" \/>\n<meta property=\"og:site_name\" content=\"paragaleriedetalborjt\" \/>\n<meta property=\"article:modified_time\" content=\"2026-01-02T21:18:35+00:00\" \/>\n<meta property=\"og:image\" content=\"https:\/\/paragaleriedetalborjt.com\/wp-content\/uploads\/2026\/01\/WeeBaby-bib-Col-large-avec-poignees-0-6m-150ml-137-F-600x600-1.jpg\" \/>\n\t<meta property=\"og:image:width\" content=\"600\" \/>\n\t<meta property=\"og:image:height\" content=\"600\" \/>\n\t<meta property=\"og:image:type\" content=\"image\/jpeg\" \/>\n<meta name=\"twitter:card\" content=\"summary_large_image\" \/>\n<meta name=\"twitter:label1\" content=\"Est. reading time\" \/>\n\t<meta name=\"twitter:data1\" content=\"1 minute\" \/>\n<script type=\"application\/ld+json\" class=\"yoast-schema-graph\">{\"@context\":\"https:\/\/schema.org\",\"@graph\":[{\"@type\":\"WebPage\",\"@id\":\"https:\/\/paragaleriedetalborjt.com\/boutique\/weebaby-biberon-large-avec-poignees-0-6-mois-150ml-137-f\/\",\"url\":\"https:\/\/paragaleriedetalborjt.com\/boutique\/weebaby-biberon-large-avec-poignees-0-6-mois-150ml-137-f\/\",\"name\":\"WeeBaby Biberon Large Avec Poignees 0-6 Mois 150ml 137-F - paragaleriedetalborjt\",\"isPartOf\":{\"@id\":\"https:\/\/paragaleriedetalborjt.com\/#website\"},\"primaryImageOfPage\":{\"@id\":\"https:\/\/paragaleriedetalborjt.com\/boutique\/weebaby-biberon-large-avec-poignees-0-6-mois-150ml-137-f\/#primaryimage\"},\"image\":{\"@id\":\"https:\/\/paragaleriedetalborjt.com\/boutique\/weebaby-biberon-large-avec-poignees-0-6-mois-150ml-137-f\/#primaryimage\"},\"thumbnailUrl\":\"https:\/\/paragaleriedetalborjt.com\/wp-content\/uploads\/2026\/01\/WeeBaby-bib-Col-large-avec-poignees-0-6m-150ml-137-F-600x600-1.jpg\",\"datePublished\":\"2026-01-02T18:40:26+00:00\",\"dateModified\":\"2026-01-02T21:18:35+00:00\",\"breadcrumb\":{\"@id\":\"https:\/\/paragaleriedetalborjt.com\/boutique\/weebaby-biberon-large-avec-poignees-0-6-mois-150ml-137-f\/#breadcrumb\"},\"inLanguage\":\"en-US\",\"potentialAction\":[{\"@type\":\"ReadAction\",\"target\":[\"https:\/\/paragaleriedetalborjt.com\/boutique\/weebaby-biberon-large-avec-poignees-0-6-mois-150ml-137-f\/\"]}]},{\"@type\":\"ImageObject\",\"inLanguage\":\"en-US\",\"@id\":\"https:\/\/paragaleriedetalborjt.com\/boutique\/weebaby-biberon-large-avec-poignees-0-6-mois-150ml-137-f\/#primaryimage\",\"url\":\"https:\/\/paragaleriedetalborjt.com\/wp-content\/uploads\/2026\/01\/WeeBaby-bib-Col-large-avec-poignees-0-6m-150ml-137-F-600x600-1.jpg\",\"contentUrl\":\"https:\/\/paragaleriedetalborjt.com\/wp-content\/uploads\/2026\/01\/WeeBaby-bib-Col-large-avec-poignees-0-6m-150ml-137-F-600x600-1.jpg\",\"width\":600,\"height\":600},{\"@type\":\"BreadcrumbList\",\"@id\":\"https:\/\/paragaleriedetalborjt.com\/boutique\/weebaby-biberon-large-avec-poignees-0-6-mois-150ml-137-f\/#breadcrumb\",\"itemListElement\":[{\"@type\":\"ListItem\",\"position\":1,\"name\":\"Accueil\",\"item\":\"https:\/\/paragaleriedetalborjt.com\/\"},{\"@type\":\"ListItem\",\"position\":2,\"name\":\"Boutique\",\"item\":\"https:\/\/paragaleriedetalborjt.com\/boutique\/\"},{\"@type\":\"ListItem\",\"position\":3,\"name\":\"WeeBaby Biberon Large Avec Poignees 0-6 Mois 150ml 137-F\"}]},{\"@type\":\"WebSite\",\"@id\":\"https:\/\/paragaleriedetalborjt.com\/#website\",\"url\":\"https:\/\/paragaleriedetalborjt.com\/\",\"name\":\"paragaleriedetalborjt\",\"description\":\"\",\"potentialAction\":[{\"@type\":\"SearchAction\",\"target\":{\"@type\":\"EntryPoint\",\"urlTemplate\":\"https:\/\/paragaleriedetalborjt.com\/?s={search_term_string}\"},\"query-input\":{\"@type\":\"PropertyValueSpecification\",\"valueRequired\":true,\"valueName\":\"search_term_string\"}}],\"inLanguage\":\"en-US\"}]}<\/script>\n<!-- \/ Yoast SEO plugin. -->","yoast_head_json":{"title":"WeeBaby Biberon Large Avec Poignees 0-6 Mois 150ml 137-F - paragaleriedetalborjt","robots":{"index":"index","follow":"follow","max-snippet":"max-snippet:-1","max-image-preview":"max-image-preview:large","max-video-preview":"max-video-preview:-1"},"canonical":"https:\/\/paragaleriedetalborjt.com\/en\/boutique\/weebaby-biberon-large-avec-poignees-0-6-mois-150ml-137-f\/","og_locale":"en_US","og_type":"article","og_title":"WeeBaby Biberon Large Avec Poignees 0-6 Mois 150ml 137-F - paragaleriedetalborjt","og_description":"Highlights:La structure douce et flexible de la t\u00e9tine du biberon permet aux b\u00e9b\u00e9s de saisir la t\u00e9tine du biberon tout comme ils saisissent le sein de leur m\u00e8re. De cette fa\u00e7on, les b\u00e9b\u00e9s peuvent passer du sein au biberon.Le syst\u00e8me de valve anti-colique dans la conception de la t\u00e9tine emp\u00eache le b\u00e9b\u00e9 d\u2019avaler de l\u2019air ext\u00e9rieur pendant l\u2019alimentation.Les poign\u00e9es peuvent \u00eatre facilement saisies par les b\u00e9b\u00e9s.Compatible avec les tire-lait Wee Baby.","og_url":"https:\/\/paragaleriedetalborjt.com\/en\/boutique\/weebaby-biberon-large-avec-poignees-0-6-mois-150ml-137-f\/","og_site_name":"paragaleriedetalborjt","article_modified_time":"2026-01-02T21:18:35+00:00","og_image":[{"width":600,"height":600,"url":"https:\/\/paragaleriedetalborjt.com\/wp-content\/uploads\/2026\/01\/WeeBaby-bib-Col-large-avec-poignees-0-6m-150ml-137-F-600x600-1.jpg","type":"image\/jpeg"}],"twitter_card":"summary_large_image","twitter_misc":{"Est. reading time":"1 minute"},"schema":{"@context":"https:\/\/schema.org","@graph":[{"@type":"WebPage","@id":"https:\/\/paragaleriedetalborjt.com\/boutique\/weebaby-biberon-large-avec-poignees-0-6-mois-150ml-137-f\/","url":"https:\/\/paragaleriedetalborjt.com\/boutique\/weebaby-biberon-large-avec-poignees-0-6-mois-150ml-137-f\/","name":"WeeBaby Biberon Large Avec Poignees 0-6 Mois 150ml 137-F - paragaleriedetalborjt","isPartOf":{"@id":"https:\/\/paragaleriedetalborjt.com\/#website"},"primaryImageOfPage":{"@id":"https:\/\/paragaleriedetalborjt.com\/boutique\/weebaby-biberon-large-avec-poignees-0-6-mois-150ml-137-f\/#primaryimage"},"image":{"@id":"https:\/\/paragaleriedetalborjt.com\/boutique\/weebaby-biberon-large-avec-poignees-0-6-mois-150ml-137-f\/#primaryimage"},"thumbnailUrl":"https:\/\/paragaleriedetalborjt.com\/wp-content\/uploads\/2026\/01\/WeeBaby-bib-Col-large-avec-poignees-0-6m-150ml-137-F-600x600-1.jpg","datePublished":"2026-01-02T18:40:26+00:00","dateModified":"2026-01-02T21:18:35+00:00","breadcrumb":{"@id":"https:\/\/paragaleriedetalborjt.com\/boutique\/weebaby-biberon-large-avec-poignees-0-6-mois-150ml-137-f\/#breadcrumb"},"inLanguage":"en-US","potentialAction":[{"@type":"ReadAction","target":["https:\/\/paragaleriedetalborjt.com\/boutique\/weebaby-biberon-large-avec-poignees-0-6-mois-150ml-137-f\/"]}]},{"@type":"ImageObject","inLanguage":"en-US","@id":"https:\/\/paragaleriedetalborjt.com\/boutique\/weebaby-biberon-large-avec-poignees-0-6-mois-150ml-137-f\/#primaryimage","url":"https:\/\/paragaleriedetalborjt.com\/wp-content\/uploads\/2026\/01\/WeeBaby-bib-Col-large-avec-poignees-0-6m-150ml-137-F-600x600-1.jpg","contentUrl":"https:\/\/paragaleriedetalborjt.com\/wp-content\/uploads\/2026\/01\/WeeBaby-bib-Col-large-avec-poignees-0-6m-150ml-137-F-600x600-1.jpg","width":600,"height":600},{"@type":"BreadcrumbList","@id":"https:\/\/paragaleriedetalborjt.com\/boutique\/weebaby-biberon-large-avec-poignees-0-6-mois-150ml-137-f\/#breadcrumb","itemListElement":[{"@type":"ListItem","position":1,"name":"Accueil","item":"https:\/\/paragaleriedetalborjt.com\/"},{"@type":"ListItem","position":2,"name":"Boutique","item":"https:\/\/paragaleriedetalborjt.com\/boutique\/"},{"@type":"ListItem","position":3,"name":"WeeBaby Biberon Large Avec Poignees 0-6 Mois 150ml 137-F"}]},{"@type":"WebSite","@id":"https:\/\/paragaleriedetalborjt.com\/#website","url":"https:\/\/paragaleriedetalborjt.com\/","name":"paragaleriedetalborjt","description":"","potentialAction":[{"@type":"SearchAction","target":{"@type":"EntryPoint","urlTemplate":"https:\/\/paragaleriedetalborjt.com\/?s={search_term_string}"},"query-input":{"@type":"PropertyValueSpecification","valueRequired":true,"valueName":"search_term_string"}}],"inLanguage":"en-US"}]}},"brands":[],"_links":{"self":[{"href":"https:\/\/paragaleriedetalborjt.com\/en\/wp-json\/wp\/v2\/product\/25876","targetHints":{"allow":["GET"]}}],"collection":[{"href":"https:\/\/paragaleriedetalborjt.com\/en\/wp-json\/wp\/v2\/product"}],"about":[{"href":"https:\/\/paragaleriedetalborjt.com\/en\/wp-json\/wp\/v2\/types\/product"}],"replies":[{"embeddable":true,"href":"https:\/\/paragaleriedetalborjt.com\/en\/wp-json\/wp\/v2\/comments?post=25876"}],"version-history":[{"count":1,"href":"https:\/\/paragaleriedetalborjt.com\/en\/wp-json\/wp\/v2\/product\/25876\/revisions"}],"predecessor-version":[{"id":30875,"href":"https:\/\/paragaleriedetalborjt.com\/en\/wp-json\/wp\/v2\/product\/25876\/revisions\/30875"}],"wp:featuredmedia":[{"embeddable":true,"href":"https:\/\/paragaleriedetalborjt.com\/en\/wp-json\/wp\/v2\/media\/30874"}],"wp:attachment":[{"href":"https:\/\/paragaleriedetalborjt.com\/en\/wp-json\/wp\/v2\/media?parent=25876"}],"wp:term":[{"taxonomy":"pwb-brand","embeddable":true,"href":"https:\/\/paragaleriedetalborjt.com\/en\/wp-json\/wp\/v2\/pwb-brand?post=25876"},{"taxonomy":"product_cat","embeddable":true,"href":"https:\/\/paragaleriedetalborjt.com\/en\/wp-json\/wp\/v2\/product_cat?post=25876"},{"taxonomy":"product_tag","embeddable":true,"href":"https:\/\/paragaleriedetalborjt.com\/en\/wp-json\/wp\/v2\/product_tag?post=25876"}],"curies":[{"name":"wp","href":"https:\/\/api.w.org\/{rel}","templated":true}]}}