{"id":25872,"date":"2026-01-02T19:40:20","date_gmt":"2026-01-02T18:40:20","guid":{"rendered":"https:\/\/paragaleriedetalborjt.com\/?post_type=product&#038;p=25872"},"modified":"2026-01-02T22:18:35","modified_gmt":"2026-01-02T21:18:35","slug":"weebaby-biberon-classic-0-6-mois-125ml-851-f","status":"publish","type":"product","link":"https:\/\/paragaleriedetalborjt.com\/en\/boutique\/weebaby-biberon-classic-0-6-mois-125ml-851-f\/","title":{"rendered":"WeeBaby Biberon Classic 0-6 Mois 125ml 851-F"},"content":{"rendered":"<div aria-labelledby=\"tab-title-description\" class=\"woocommerce-Tabs-panel woocommerce-Tabs-panel--description panel entry-content wc-tab\" id=\"tab-description\" role=\"tabpanel\" style=\"\">\n<h2>Description<\/h2>\n<p><span>Parmi les produits pour b\u00e9b\u00e9s, les types de biberons sont parmi les produits les plus utilis\u00e9s. Dans les cas o\u00f9 le lait maternel, qui joue le r\u00f4le le plus important dans le d\u00e9veloppement du b\u00e9b\u00e9, est administr\u00e9 au b\u00e9b\u00e9 au moyen d\u2019un biberon, la structure du biberon utilis\u00e9 est d\u2019une grande importance. La premi\u00e8re caract\u00e9ristique recherch\u00e9e dans un biberon est le naturel.<\/span><\/p>\n<p><span>Le biberon ne doit pas endommager la structure pure du lait maternel. De plus, le b\u00e9b\u00e9 qui passe au biberon ne doit pas se sentir \u00e9tranger \u00e0 la t\u00e9tine de sa m\u00e8re et \u00e0 la t\u00e9tine du biberon. Il est \u00e9galement tr\u00e8s important que la bouteille ne coule pas. Vous aiderez votre b\u00e9b\u00e9 \u00e0 s\u2019alimenter naturellement avec le biberon Wee Baby Classic PP, qui combine toutes les fonctionnalit\u00e9s requises. La structure en silicone \u00e0 bout rond de la t\u00e9tine du biberon donnera la sensation de succion au sein de la m\u00e8re. Le couvercle de protection sur le goulot de la bouteille pour \u00e9viter les d\u00e9versements permet de la transporter facilement dans le sac sans se renverser.<\/span><\/p>\n<\/div>","protected":false},"excerpt":{"rendered":"<p>Highlights:Pour les b\u00e9b\u00e9s \u00e2g\u00e9s de 0 \u00e0 6 mois.L\u2019embout rond de la sucette donne la sensation de sucer le sein de la m\u00e8re pendant la t\u00e9t\u00e9e.Les lignes de canaux sur l\u2019embout de la t\u00e9tine assurent la fluidit\u00e9 du lait.<\/p>","protected":false},"featured_media":30870,"comment_status":"open","ping_status":"closed","template":"","meta":[],"pwb-brand":[],"product_cat":[16],"product_tag":[],"class_list":{"0":"post-25872","1":"product","2":"type-product","3":"status-publish","4":"has-post-thumbnail","6":"product_cat-non-classe","7":"pa_brands-weebaby","9":"first","10":"instock","11":"sale","12":"shipping-taxable","13":"purchasable","14":"product-type-simple"},"yoast_head":"<!-- This site is optimized with the Yoast SEO plugin v26.9 - https:\/\/yoast.com\/product\/yoast-seo-wordpress\/ -->\n<title>WeeBaby Biberon Classic 0-6 Mois 125ml 851-F - paragaleriedetalborjt<\/title>\n<meta name=\"robots\" content=\"index, follow, max-snippet:-1, max-image-preview:large, max-video-preview:-1\" \/>\n<link rel=\"canonical\" href=\"https:\/\/paragaleriedetalborjt.com\/en\/boutique\/weebaby-biberon-classic-0-6-mois-125ml-851-f\/\" \/>\n<meta property=\"og:locale\" content=\"en_US\" \/>\n<meta property=\"og:type\" content=\"article\" \/>\n<meta property=\"og:title\" content=\"WeeBaby Biberon Classic 0-6 Mois 125ml 851-F - paragaleriedetalborjt\" \/>\n<meta property=\"og:description\" content=\"Highlights:Pour les b\u00e9b\u00e9s \u00e2g\u00e9s de 0 \u00e0 6 mois.L\u2019embout rond de la sucette donne la sensation de sucer le sein de la m\u00e8re pendant la t\u00e9t\u00e9e.Les lignes de canaux sur l\u2019embout de la t\u00e9tine assurent la fluidit\u00e9 du lait.\" \/>\n<meta property=\"og:url\" content=\"https:\/\/paragaleriedetalborjt.com\/en\/boutique\/weebaby-biberon-classic-0-6-mois-125ml-851-f\/\" \/>\n<meta property=\"og:site_name\" content=\"paragaleriedetalborjt\" \/>\n<meta property=\"article:modified_time\" content=\"2026-01-02T21:18:35+00:00\" \/>\n<meta property=\"og:image\" content=\"https:\/\/paragaleriedetalborjt.com\/wp-content\/uploads\/2026\/01\/WeeBaby-bib-Classic-0-6m-125ml-851-F-600x600-1.jpg\" \/>\n\t<meta property=\"og:image:width\" content=\"600\" \/>\n\t<meta property=\"og:image:height\" content=\"600\" \/>\n\t<meta property=\"og:image:type\" content=\"image\/jpeg\" \/>\n<meta name=\"twitter:card\" content=\"summary_large_image\" \/>\n<meta name=\"twitter:label1\" content=\"Est. reading time\" \/>\n\t<meta name=\"twitter:data1\" content=\"1 minute\" \/>\n<script type=\"application\/ld+json\" class=\"yoast-schema-graph\">{\"@context\":\"https:\/\/schema.org\",\"@graph\":[{\"@type\":\"WebPage\",\"@id\":\"https:\/\/paragaleriedetalborjt.com\/boutique\/weebaby-biberon-classic-0-6-mois-125ml-851-f\/\",\"url\":\"https:\/\/paragaleriedetalborjt.com\/boutique\/weebaby-biberon-classic-0-6-mois-125ml-851-f\/\",\"name\":\"WeeBaby Biberon Classic 0-6 Mois 125ml 851-F - paragaleriedetalborjt\",\"isPartOf\":{\"@id\":\"https:\/\/paragaleriedetalborjt.com\/#website\"},\"primaryImageOfPage\":{\"@id\":\"https:\/\/paragaleriedetalborjt.com\/boutique\/weebaby-biberon-classic-0-6-mois-125ml-851-f\/#primaryimage\"},\"image\":{\"@id\":\"https:\/\/paragaleriedetalborjt.com\/boutique\/weebaby-biberon-classic-0-6-mois-125ml-851-f\/#primaryimage\"},\"thumbnailUrl\":\"https:\/\/paragaleriedetalborjt.com\/wp-content\/uploads\/2026\/01\/WeeBaby-bib-Classic-0-6m-125ml-851-F-600x600-1.jpg\",\"datePublished\":\"2026-01-02T18:40:20+00:00\",\"dateModified\":\"2026-01-02T21:18:35+00:00\",\"breadcrumb\":{\"@id\":\"https:\/\/paragaleriedetalborjt.com\/boutique\/weebaby-biberon-classic-0-6-mois-125ml-851-f\/#breadcrumb\"},\"inLanguage\":\"en-US\",\"potentialAction\":[{\"@type\":\"ReadAction\",\"target\":[\"https:\/\/paragaleriedetalborjt.com\/boutique\/weebaby-biberon-classic-0-6-mois-125ml-851-f\/\"]}]},{\"@type\":\"ImageObject\",\"inLanguage\":\"en-US\",\"@id\":\"https:\/\/paragaleriedetalborjt.com\/boutique\/weebaby-biberon-classic-0-6-mois-125ml-851-f\/#primaryimage\",\"url\":\"https:\/\/paragaleriedetalborjt.com\/wp-content\/uploads\/2026\/01\/WeeBaby-bib-Classic-0-6m-125ml-851-F-600x600-1.jpg\",\"contentUrl\":\"https:\/\/paragaleriedetalborjt.com\/wp-content\/uploads\/2026\/01\/WeeBaby-bib-Classic-0-6m-125ml-851-F-600x600-1.jpg\",\"width\":600,\"height\":600},{\"@type\":\"BreadcrumbList\",\"@id\":\"https:\/\/paragaleriedetalborjt.com\/boutique\/weebaby-biberon-classic-0-6-mois-125ml-851-f\/#breadcrumb\",\"itemListElement\":[{\"@type\":\"ListItem\",\"position\":1,\"name\":\"Accueil\",\"item\":\"https:\/\/paragaleriedetalborjt.com\/\"},{\"@type\":\"ListItem\",\"position\":2,\"name\":\"Boutique\",\"item\":\"https:\/\/paragaleriedetalborjt.com\/boutique\/\"},{\"@type\":\"ListItem\",\"position\":3,\"name\":\"WeeBaby Biberon Classic 0-6 Mois 125ml 851-F\"}]},{\"@type\":\"WebSite\",\"@id\":\"https:\/\/paragaleriedetalborjt.com\/#website\",\"url\":\"https:\/\/paragaleriedetalborjt.com\/\",\"name\":\"paragaleriedetalborjt\",\"description\":\"\",\"potentialAction\":[{\"@type\":\"SearchAction\",\"target\":{\"@type\":\"EntryPoint\",\"urlTemplate\":\"https:\/\/paragaleriedetalborjt.com\/?s={search_term_string}\"},\"query-input\":{\"@type\":\"PropertyValueSpecification\",\"valueRequired\":true,\"valueName\":\"search_term_string\"}}],\"inLanguage\":\"en-US\"}]}<\/script>\n<!-- \/ Yoast SEO plugin. -->","yoast_head_json":{"title":"WeeBaby Biberon Classic 0-6 Mois 125ml 851-F - paragaleriedetalborjt","robots":{"index":"index","follow":"follow","max-snippet":"max-snippet:-1","max-image-preview":"max-image-preview:large","max-video-preview":"max-video-preview:-1"},"canonical":"https:\/\/paragaleriedetalborjt.com\/en\/boutique\/weebaby-biberon-classic-0-6-mois-125ml-851-f\/","og_locale":"en_US","og_type":"article","og_title":"WeeBaby Biberon Classic 0-6 Mois 125ml 851-F - paragaleriedetalborjt","og_description":"Highlights:Pour les b\u00e9b\u00e9s \u00e2g\u00e9s de 0 \u00e0 6 mois.L\u2019embout rond de la sucette donne la sensation de sucer le sein de la m\u00e8re pendant la t\u00e9t\u00e9e.Les lignes de canaux sur l\u2019embout de la t\u00e9tine assurent la fluidit\u00e9 du lait.","og_url":"https:\/\/paragaleriedetalborjt.com\/en\/boutique\/weebaby-biberon-classic-0-6-mois-125ml-851-f\/","og_site_name":"paragaleriedetalborjt","article_modified_time":"2026-01-02T21:18:35+00:00","og_image":[{"width":600,"height":600,"url":"https:\/\/paragaleriedetalborjt.com\/wp-content\/uploads\/2026\/01\/WeeBaby-bib-Classic-0-6m-125ml-851-F-600x600-1.jpg","type":"image\/jpeg"}],"twitter_card":"summary_large_image","twitter_misc":{"Est. reading time":"1 minute"},"schema":{"@context":"https:\/\/schema.org","@graph":[{"@type":"WebPage","@id":"https:\/\/paragaleriedetalborjt.com\/boutique\/weebaby-biberon-classic-0-6-mois-125ml-851-f\/","url":"https:\/\/paragaleriedetalborjt.com\/boutique\/weebaby-biberon-classic-0-6-mois-125ml-851-f\/","name":"WeeBaby Biberon Classic 0-6 Mois 125ml 851-F - paragaleriedetalborjt","isPartOf":{"@id":"https:\/\/paragaleriedetalborjt.com\/#website"},"primaryImageOfPage":{"@id":"https:\/\/paragaleriedetalborjt.com\/boutique\/weebaby-biberon-classic-0-6-mois-125ml-851-f\/#primaryimage"},"image":{"@id":"https:\/\/paragaleriedetalborjt.com\/boutique\/weebaby-biberon-classic-0-6-mois-125ml-851-f\/#primaryimage"},"thumbnailUrl":"https:\/\/paragaleriedetalborjt.com\/wp-content\/uploads\/2026\/01\/WeeBaby-bib-Classic-0-6m-125ml-851-F-600x600-1.jpg","datePublished":"2026-01-02T18:40:20+00:00","dateModified":"2026-01-02T21:18:35+00:00","breadcrumb":{"@id":"https:\/\/paragaleriedetalborjt.com\/boutique\/weebaby-biberon-classic-0-6-mois-125ml-851-f\/#breadcrumb"},"inLanguage":"en-US","potentialAction":[{"@type":"ReadAction","target":["https:\/\/paragaleriedetalborjt.com\/boutique\/weebaby-biberon-classic-0-6-mois-125ml-851-f\/"]}]},{"@type":"ImageObject","inLanguage":"en-US","@id":"https:\/\/paragaleriedetalborjt.com\/boutique\/weebaby-biberon-classic-0-6-mois-125ml-851-f\/#primaryimage","url":"https:\/\/paragaleriedetalborjt.com\/wp-content\/uploads\/2026\/01\/WeeBaby-bib-Classic-0-6m-125ml-851-F-600x600-1.jpg","contentUrl":"https:\/\/paragaleriedetalborjt.com\/wp-content\/uploads\/2026\/01\/WeeBaby-bib-Classic-0-6m-125ml-851-F-600x600-1.jpg","width":600,"height":600},{"@type":"BreadcrumbList","@id":"https:\/\/paragaleriedetalborjt.com\/boutique\/weebaby-biberon-classic-0-6-mois-125ml-851-f\/#breadcrumb","itemListElement":[{"@type":"ListItem","position":1,"name":"Accueil","item":"https:\/\/paragaleriedetalborjt.com\/"},{"@type":"ListItem","position":2,"name":"Boutique","item":"https:\/\/paragaleriedetalborjt.com\/boutique\/"},{"@type":"ListItem","position":3,"name":"WeeBaby Biberon Classic 0-6 Mois 125ml 851-F"}]},{"@type":"WebSite","@id":"https:\/\/paragaleriedetalborjt.com\/#website","url":"https:\/\/paragaleriedetalborjt.com\/","name":"paragaleriedetalborjt","description":"","potentialAction":[{"@type":"SearchAction","target":{"@type":"EntryPoint","urlTemplate":"https:\/\/paragaleriedetalborjt.com\/?s={search_term_string}"},"query-input":{"@type":"PropertyValueSpecification","valueRequired":true,"valueName":"search_term_string"}}],"inLanguage":"en-US"}]}},"brands":[],"_links":{"self":[{"href":"https:\/\/paragaleriedetalborjt.com\/en\/wp-json\/wp\/v2\/product\/25872","targetHints":{"allow":["GET"]}}],"collection":[{"href":"https:\/\/paragaleriedetalborjt.com\/en\/wp-json\/wp\/v2\/product"}],"about":[{"href":"https:\/\/paragaleriedetalborjt.com\/en\/wp-json\/wp\/v2\/types\/product"}],"replies":[{"embeddable":true,"href":"https:\/\/paragaleriedetalborjt.com\/en\/wp-json\/wp\/v2\/comments?post=25872"}],"version-history":[{"count":1,"href":"https:\/\/paragaleriedetalborjt.com\/en\/wp-json\/wp\/v2\/product\/25872\/revisions"}],"predecessor-version":[{"id":30871,"href":"https:\/\/paragaleriedetalborjt.com\/en\/wp-json\/wp\/v2\/product\/25872\/revisions\/30871"}],"wp:featuredmedia":[{"embeddable":true,"href":"https:\/\/paragaleriedetalborjt.com\/en\/wp-json\/wp\/v2\/media\/30870"}],"wp:attachment":[{"href":"https:\/\/paragaleriedetalborjt.com\/en\/wp-json\/wp\/v2\/media?parent=25872"}],"wp:term":[{"taxonomy":"pwb-brand","embeddable":true,"href":"https:\/\/paragaleriedetalborjt.com\/en\/wp-json\/wp\/v2\/pwb-brand?post=25872"},{"taxonomy":"product_cat","embeddable":true,"href":"https:\/\/paragaleriedetalborjt.com\/en\/wp-json\/wp\/v2\/product_cat?post=25872"},{"taxonomy":"product_tag","embeddable":true,"href":"https:\/\/paragaleriedetalborjt.com\/en\/wp-json\/wp\/v2\/product_tag?post=25872"}],"curies":[{"name":"wp","href":"https:\/\/api.w.org\/{rel}","templated":true}]}}