{"id":25809,"date":"2026-01-02T19:38:15","date_gmt":"2026-01-02T18:38:15","guid":{"rendered":"https:\/\/paragaleriedetalborjt.com\/?post_type=product&#038;p=25809"},"modified":"2026-01-02T22:18:28","modified_gmt":"2026-01-02T21:18:28","slug":"waam-baume-demelant-certifiee-bio-200ml","status":"publish","type":"product","link":"https:\/\/paragaleriedetalborjt.com\/en\/boutique\/waam-baume-demelant-certifiee-bio-200ml\/","title":{"rendered":"WAAM Baume D\u00e9m\u00ealant certifi\u00e9e BIO 200ml"},"content":{"rendered":"<div aria-labelledby=\"tab-title-description\" class=\"woocommerce-Tabs-panel woocommerce-Tabs-panel--description panel entry-content wc-tab\" id=\"tab-description\" role=\"tabpanel\" style=\"\">\n<h2>Description<\/h2>\n<p>Cheveux<\/p>\n<p>Le Baume D\u00e9m\u00ealant certifi\u00e9 BIO, enrichi d\u2019un actif innovant 100% d\u2019origine naturelle, permet de faciliter le d\u00e9m\u00ealage, d\u2019apporter douceur, brillance \u00e0 tous les types de cheveux. A base d\u2019aloe vera, il maintient l\u2019hydratation de vos cheveux. Sa texture fondante est id\u00e9ale pour nourrir et prot\u00e9ger les cheveux sans les alourdir.<\/p>\n<p>Ce soin d\u00e9m\u00ealant s\u2019utilise seul ou personnalis\u00e9 selon vos besoins et envies.<\/p>\n<p>Convient \u00e0 tous les types de cheveux : cheveux cr\u00e9pus, boucl\u00e9s, fris\u00e9s, lisses, color\u00e9s, fins\u2026<\/p>\n<p>Utilisations : en masque d\u00e9m\u00ealant avant-shampoing ou apr\u00e8s-shampoing. Appliquez une noisette du baume, laissez poser 2 \u00e0 5 minutes puis rincez.<\/p>\n<p>Propri\u00e9t\u00e9s<br \/>\n\u2022 D\u00e9m\u00eale<br \/>\n\u2022 Assouplit<br \/>\n\u2022 Apporte douceur et brillance<br \/>\n\u2022 Nourrit sans alourdir<br \/>\n\u2022 Prot\u00e8ge<\/p>\n<p>Composition du produit<br \/>\nINCI : Aqua, Arachidyl\/behenyl alcohol, Arachidyl\/behenyl betainate esylate, Sodium lactate, Aloe barbadensis leaf powder*, Pentylene glycol, Lactic acid, Caesalpinia spinosa gum, Benzyl alcohol, Dehydroacetic acid<br \/>\n*Ingr\u00e9dients issus de l\u2019Agriculture biologique. 99% du total est d\u2019origine naturelle \u2013 20% du total des ingr\u00e9dients sont issus de l\u2019Agriculture biologique. COSMOS ORGANIC certifi\u00e9 par Ecocert Greenlife selon le r\u00e9f\u00e9rentiel COSMOS.<\/p>\n<p>Qualit\u00e9 du produit<br \/>\nUn soin particulier est apport\u00e9 \u00e0 la qualit\u00e9 des mati\u00e8res s\u00e9lectionn\u00e9es. Tous les produits WAAM sont compos\u00e9s d\u2019ingr\u00e9dients d\u2019origine naturelle et\/ou issus de l\u2019agriculture biologique. Les bases neutres sont : sans colorant, sans parfum, et formul\u00e9es avec des tensioactifs doux. Les bases neutres sont \u00e9galement formul\u00e9es et conditionn\u00e9es en France avec un emballage recyclable et con\u00e7u pour limiter l\u2019impact sur l\u2019environnement. Pour cela, WAAM a fait le choix de ne pas utiliser de sur-emballage et tout accessoire de conditionnement superflu. La Base Baume D\u00e9m\u00ealant est certifi\u00e9e COSMOS Organic par ECOCERT.<\/p>\n<\/div>","protected":false},"excerpt":{"rendered":"<p>Highlights:Le Baume D\u00e9m\u00ealant certifi\u00e9 BIO, enrichi d\u2019un actif innovant 100% d\u2019origine naturelle, permet de faciliter le d\u00e9m\u00ealage, d\u2019apporter douceur, brillance \u00e0 tous les types de cheveux. A base d\u2019aloe vera, il maintient l\u2019hydratation de vos cheveux. Sa texture fondante est id\u00e9ale pour nourrir et prot\u00e9ger les cheveux sans les alourdir.<\/p>","protected":false},"featured_media":30802,"comment_status":"open","ping_status":"closed","template":"","meta":[],"pwb-brand":[],"product_cat":[16],"product_tag":[],"class_list":{"0":"post-25809","1":"product","2":"type-product","3":"status-publish","4":"has-post-thumbnail","6":"product_cat-non-classe","7":"pa_brands-waam","9":"first","10":"instock","11":"sale","12":"shipping-taxable","13":"purchasable","14":"product-type-simple"},"yoast_head":"<!-- This site is optimized with the Yoast SEO plugin v27.5 - https:\/\/yoast.com\/product\/yoast-seo-wordpress\/ -->\n<title>WAAM Baume D\u00e9m\u00ealant certifi\u00e9e BIO 200ml - paragaleriedetalborjt<\/title>\n<meta name=\"robots\" content=\"index, follow, max-snippet:-1, max-image-preview:large, max-video-preview:-1\" \/>\n<link rel=\"canonical\" href=\"https:\/\/paragaleriedetalborjt.com\/en\/boutique\/waam-baume-demelant-certifiee-bio-200ml\/\" \/>\n<meta property=\"og:locale\" content=\"en_US\" \/>\n<meta property=\"og:type\" content=\"article\" \/>\n<meta property=\"og:title\" content=\"WAAM Baume D\u00e9m\u00ealant certifi\u00e9e BIO 200ml - paragaleriedetalborjt\" \/>\n<meta property=\"og:description\" content=\"Highlights:Le Baume D\u00e9m\u00ealant certifi\u00e9 BIO, enrichi d\u2019un actif innovant 100% d\u2019origine naturelle, permet de faciliter le d\u00e9m\u00ealage, d\u2019apporter douceur, brillance \u00e0 tous les types de cheveux. A base d\u2019aloe vera, il maintient l\u2019hydratation de vos cheveux. Sa texture fondante est id\u00e9ale pour nourrir et prot\u00e9ger les cheveux sans les alourdir.\" \/>\n<meta property=\"og:url\" content=\"https:\/\/paragaleriedetalborjt.com\/en\/boutique\/waam-baume-demelant-certifiee-bio-200ml\/\" \/>\n<meta property=\"og:site_name\" content=\"paragaleriedetalborjt\" \/>\n<meta property=\"article:modified_time\" content=\"2026-01-02T21:18:28+00:00\" \/>\n<meta property=\"og:image\" content=\"https:\/\/paragaleriedetalborjt.com\/wp-content\/uploads\/2026\/01\/waam-baume-demelant-600x565-1.png\" \/>\n\t<meta property=\"og:image:width\" content=\"600\" \/>\n\t<meta property=\"og:image:height\" content=\"565\" \/>\n\t<meta property=\"og:image:type\" content=\"image\/png\" \/>\n<meta name=\"twitter:card\" content=\"summary_large_image\" \/>\n<meta name=\"twitter:label1\" content=\"Est. reading time\" \/>\n\t<meta name=\"twitter:data1\" content=\"2 minutes\" \/>\n<script type=\"application\/ld+json\" class=\"yoast-schema-graph\">{\"@context\":\"https:\\\/\\\/schema.org\",\"@graph\":[{\"@type\":\"WebPage\",\"@id\":\"https:\\\/\\\/paragaleriedetalborjt.com\\\/boutique\\\/waam-baume-demelant-certifiee-bio-200ml\\\/\",\"url\":\"https:\\\/\\\/paragaleriedetalborjt.com\\\/boutique\\\/waam-baume-demelant-certifiee-bio-200ml\\\/\",\"name\":\"WAAM Baume D\u00e9m\u00ealant certifi\u00e9e BIO 200ml - paragaleriedetalborjt\",\"isPartOf\":{\"@id\":\"https:\\\/\\\/paragaleriedetalborjt.com\\\/#website\"},\"primaryImageOfPage\":{\"@id\":\"https:\\\/\\\/paragaleriedetalborjt.com\\\/boutique\\\/waam-baume-demelant-certifiee-bio-200ml\\\/#primaryimage\"},\"image\":{\"@id\":\"https:\\\/\\\/paragaleriedetalborjt.com\\\/boutique\\\/waam-baume-demelant-certifiee-bio-200ml\\\/#primaryimage\"},\"thumbnailUrl\":\"https:\\\/\\\/paragaleriedetalborjt.com\\\/wp-content\\\/uploads\\\/2026\\\/01\\\/waam-baume-demelant-600x565-1.png\",\"datePublished\":\"2026-01-02T18:38:15+00:00\",\"dateModified\":\"2026-01-02T21:18:28+00:00\",\"breadcrumb\":{\"@id\":\"https:\\\/\\\/paragaleriedetalborjt.com\\\/boutique\\\/waam-baume-demelant-certifiee-bio-200ml\\\/#breadcrumb\"},\"inLanguage\":\"en-US\",\"potentialAction\":[{\"@type\":\"ReadAction\",\"target\":[\"https:\\\/\\\/paragaleriedetalborjt.com\\\/boutique\\\/waam-baume-demelant-certifiee-bio-200ml\\\/\"]}]},{\"@type\":\"ImageObject\",\"inLanguage\":\"en-US\",\"@id\":\"https:\\\/\\\/paragaleriedetalborjt.com\\\/boutique\\\/waam-baume-demelant-certifiee-bio-200ml\\\/#primaryimage\",\"url\":\"https:\\\/\\\/paragaleriedetalborjt.com\\\/wp-content\\\/uploads\\\/2026\\\/01\\\/waam-baume-demelant-600x565-1.png\",\"contentUrl\":\"https:\\\/\\\/paragaleriedetalborjt.com\\\/wp-content\\\/uploads\\\/2026\\\/01\\\/waam-baume-demelant-600x565-1.png\",\"width\":600,\"height\":565},{\"@type\":\"BreadcrumbList\",\"@id\":\"https:\\\/\\\/paragaleriedetalborjt.com\\\/boutique\\\/waam-baume-demelant-certifiee-bio-200ml\\\/#breadcrumb\",\"itemListElement\":[{\"@type\":\"ListItem\",\"position\":1,\"name\":\"Accueil\",\"item\":\"https:\\\/\\\/paragaleriedetalborjt.com\\\/\"},{\"@type\":\"ListItem\",\"position\":2,\"name\":\"Boutique\",\"item\":\"https:\\\/\\\/paragaleriedetalborjt.com\\\/boutique\\\/\"},{\"@type\":\"ListItem\",\"position\":3,\"name\":\"WAAM Baume D\u00e9m\u00ealant certifi\u00e9e BIO 200ml\"}]},{\"@type\":\"WebSite\",\"@id\":\"https:\\\/\\\/paragaleriedetalborjt.com\\\/#website\",\"url\":\"https:\\\/\\\/paragaleriedetalborjt.com\\\/\",\"name\":\"paragaleriedetalborjt\",\"description\":\"\",\"potentialAction\":[{\"@type\":\"SearchAction\",\"target\":{\"@type\":\"EntryPoint\",\"urlTemplate\":\"https:\\\/\\\/paragaleriedetalborjt.com\\\/?s={search_term_string}\"},\"query-input\":{\"@type\":\"PropertyValueSpecification\",\"valueRequired\":true,\"valueName\":\"search_term_string\"}}],\"inLanguage\":\"en-US\"}]}<\/script>\n<!-- \/ Yoast SEO plugin. -->","yoast_head_json":{"title":"WAAM Baume D\u00e9m\u00ealant certifi\u00e9e BIO 200ml - paragaleriedetalborjt","robots":{"index":"index","follow":"follow","max-snippet":"max-snippet:-1","max-image-preview":"max-image-preview:large","max-video-preview":"max-video-preview:-1"},"canonical":"https:\/\/paragaleriedetalborjt.com\/en\/boutique\/waam-baume-demelant-certifiee-bio-200ml\/","og_locale":"en_US","og_type":"article","og_title":"WAAM Baume D\u00e9m\u00ealant certifi\u00e9e BIO 200ml - paragaleriedetalborjt","og_description":"Highlights:Le Baume D\u00e9m\u00ealant certifi\u00e9 BIO, enrichi d\u2019un actif innovant 100% d\u2019origine naturelle, permet de faciliter le d\u00e9m\u00ealage, d\u2019apporter douceur, brillance \u00e0 tous les types de cheveux. A base d\u2019aloe vera, il maintient l\u2019hydratation de vos cheveux. Sa texture fondante est id\u00e9ale pour nourrir et prot\u00e9ger les cheveux sans les alourdir.","og_url":"https:\/\/paragaleriedetalborjt.com\/en\/boutique\/waam-baume-demelant-certifiee-bio-200ml\/","og_site_name":"paragaleriedetalborjt","article_modified_time":"2026-01-02T21:18:28+00:00","og_image":[{"width":600,"height":565,"url":"https:\/\/paragaleriedetalborjt.com\/wp-content\/uploads\/2026\/01\/waam-baume-demelant-600x565-1.png","type":"image\/png"}],"twitter_card":"summary_large_image","twitter_misc":{"Est. reading time":"2 minutes"},"schema":{"@context":"https:\/\/schema.org","@graph":[{"@type":"WebPage","@id":"https:\/\/paragaleriedetalborjt.com\/boutique\/waam-baume-demelant-certifiee-bio-200ml\/","url":"https:\/\/paragaleriedetalborjt.com\/boutique\/waam-baume-demelant-certifiee-bio-200ml\/","name":"WAAM Baume D\u00e9m\u00ealant certifi\u00e9e BIO 200ml - paragaleriedetalborjt","isPartOf":{"@id":"https:\/\/paragaleriedetalborjt.com\/#website"},"primaryImageOfPage":{"@id":"https:\/\/paragaleriedetalborjt.com\/boutique\/waam-baume-demelant-certifiee-bio-200ml\/#primaryimage"},"image":{"@id":"https:\/\/paragaleriedetalborjt.com\/boutique\/waam-baume-demelant-certifiee-bio-200ml\/#primaryimage"},"thumbnailUrl":"https:\/\/paragaleriedetalborjt.com\/wp-content\/uploads\/2026\/01\/waam-baume-demelant-600x565-1.png","datePublished":"2026-01-02T18:38:15+00:00","dateModified":"2026-01-02T21:18:28+00:00","breadcrumb":{"@id":"https:\/\/paragaleriedetalborjt.com\/boutique\/waam-baume-demelant-certifiee-bio-200ml\/#breadcrumb"},"inLanguage":"en-US","potentialAction":[{"@type":"ReadAction","target":["https:\/\/paragaleriedetalborjt.com\/boutique\/waam-baume-demelant-certifiee-bio-200ml\/"]}]},{"@type":"ImageObject","inLanguage":"en-US","@id":"https:\/\/paragaleriedetalborjt.com\/boutique\/waam-baume-demelant-certifiee-bio-200ml\/#primaryimage","url":"https:\/\/paragaleriedetalborjt.com\/wp-content\/uploads\/2026\/01\/waam-baume-demelant-600x565-1.png","contentUrl":"https:\/\/paragaleriedetalborjt.com\/wp-content\/uploads\/2026\/01\/waam-baume-demelant-600x565-1.png","width":600,"height":565},{"@type":"BreadcrumbList","@id":"https:\/\/paragaleriedetalborjt.com\/boutique\/waam-baume-demelant-certifiee-bio-200ml\/#breadcrumb","itemListElement":[{"@type":"ListItem","position":1,"name":"Accueil","item":"https:\/\/paragaleriedetalborjt.com\/"},{"@type":"ListItem","position":2,"name":"Boutique","item":"https:\/\/paragaleriedetalborjt.com\/boutique\/"},{"@type":"ListItem","position":3,"name":"WAAM Baume D\u00e9m\u00ealant certifi\u00e9e BIO 200ml"}]},{"@type":"WebSite","@id":"https:\/\/paragaleriedetalborjt.com\/#website","url":"https:\/\/paragaleriedetalborjt.com\/","name":"paragaleriedetalborjt","description":"","potentialAction":[{"@type":"SearchAction","target":{"@type":"EntryPoint","urlTemplate":"https:\/\/paragaleriedetalborjt.com\/?s={search_term_string}"},"query-input":{"@type":"PropertyValueSpecification","valueRequired":true,"valueName":"search_term_string"}}],"inLanguage":"en-US"}]}},"brands":[],"_links":{"self":[{"href":"https:\/\/paragaleriedetalborjt.com\/en\/wp-json\/wp\/v2\/product\/25809","targetHints":{"allow":["GET"]}}],"collection":[{"href":"https:\/\/paragaleriedetalborjt.com\/en\/wp-json\/wp\/v2\/product"}],"about":[{"href":"https:\/\/paragaleriedetalborjt.com\/en\/wp-json\/wp\/v2\/types\/product"}],"replies":[{"embeddable":true,"href":"https:\/\/paragaleriedetalborjt.com\/en\/wp-json\/wp\/v2\/comments?post=25809"}],"version-history":[{"count":1,"href":"https:\/\/paragaleriedetalborjt.com\/en\/wp-json\/wp\/v2\/product\/25809\/revisions"}],"predecessor-version":[{"id":30803,"href":"https:\/\/paragaleriedetalborjt.com\/en\/wp-json\/wp\/v2\/product\/25809\/revisions\/30803"}],"wp:featuredmedia":[{"embeddable":true,"href":"https:\/\/paragaleriedetalborjt.com\/en\/wp-json\/wp\/v2\/media\/30802"}],"wp:attachment":[{"href":"https:\/\/paragaleriedetalborjt.com\/en\/wp-json\/wp\/v2\/media?parent=25809"}],"wp:term":[{"taxonomy":"pwb-brand","embeddable":true,"href":"https:\/\/paragaleriedetalborjt.com\/en\/wp-json\/wp\/v2\/pwb-brand?post=25809"},{"taxonomy":"product_cat","embeddable":true,"href":"https:\/\/paragaleriedetalborjt.com\/en\/wp-json\/wp\/v2\/product_cat?post=25809"},{"taxonomy":"product_tag","embeddable":true,"href":"https:\/\/paragaleriedetalborjt.com\/en\/wp-json\/wp\/v2\/product_tag?post=25809"}],"curies":[{"name":"wp","href":"https:\/\/api.w.org\/{rel}","templated":true}]}}