{"id":25801,"date":"2026-01-02T19:37:59","date_gmt":"2026-01-02T18:37:59","guid":{"rendered":"https:\/\/paragaleriedetalborjt.com\/?post_type=product&#038;p=25801"},"modified":"2026-01-02T22:18:27","modified_gmt":"2026-01-02T21:18:27","slug":"naturesoin-huile-darbre-a-the-50-ml","status":"publish","type":"product","link":"https:\/\/paragaleriedetalborjt.com\/en\/boutique\/naturesoin-huile-darbre-a-the-50-ml\/","title":{"rendered":"NaturEsoin Huile d\u2019Arbre a Th\u00e9 \u2013 50 ml"},"content":{"rendered":"<div aria-labelledby=\"tab-title-description\" class=\"woocommerce-Tabs-panel woocommerce-Tabs-panel--description panel entry-content wc-tab\" id=\"tab-description\" role=\"tabpanel\" style=\"\">\n<h2>Description<\/h2>\n<p>Vos cheveux ne poussent pas ? Ils sont fins et cassent ? Vous peinez \u00e0 gagner en longueurs et en masse ? Voici le pack qu\u2019il vous faut !<\/p>\n<p>Nous r\u00e9unissons dans ce pack challenge pousse de cheveux, 3 huiles reconnues pour leurs vertus sur la croissance des cheveux. Avec ce pack vous mettrez tous les atouts de votre c\u00f4t\u00e9 pour retrouver des cheveux plus forts, plus r\u00e9sistants et pour une pousse stimul\u00e9e ! D\u00e9couvrez vite la routine cheveux que nous vous proposons avec ces 3 produits. Vous trouverez \u00e9galement des conseils d\u2019applications pour des cheveux toujours plus longs et forts.<\/p>\n<p>Retrouvez dans ce pack retrouvez :<br \/>\n\u2013 Une Huile de Ricin (100ml), pour acc\u00e9l\u00e9rer la pousse et lutter contre la chute de cheveux<br \/>\n\u2013 Une Huile d\u2019Oignon (75ml), pour favoriser la pousse de cheveux et maintenir un cuir chevelu sain et purifi\u00e9<br \/>\n\u2013 Une Huile de Moutarde (100ml), pour lutter contre la chute de cheveux et embellir la fibre capillaire<\/p>\n<p>Propri\u00e9t\u00e9s :<br \/>\nFavorise et acc\u00e9l\u00e8re la pousse de cheveux<br \/>\nStimulant capillaire<br \/>\nFortifiant capillaire<br \/>\nPurifiant capillaire<br \/>\nTonifiant capillaire<br \/>\nRevitalisant capillaire<br \/>\nGainant capillaire<\/p>\n<p>Utilisations :<br \/>\nVous pouvez appliquer ces huiles s\u00e9par\u00e9ment ou bien r\u00e9aliser un m\u00e9lange selon vos pr\u00e9f\u00e9rences. Petit conseil : alternez les applications pour plus de b\u00e9n\u00e9fices. Appliquez les huiles sur le cuir chevelu et effectuez un massage circulaire doux, du bas vers le haut du cr\u00e2ne pendant environ 5 minutes.<\/p>\n<p>Qualit\u00e9 du produit<br \/>\nNos huiles v\u00e9g\u00e9tales sont 100% pures et naturelles. Obtenues par mac\u00e9ration \u00e0 froid de plantes, nous garantissons des produits d\u2019une excellente qualit\u00e9 aux propri\u00e9t\u00e9s pr\u00e9serv\u00e9es. Un soin particulier est apport\u00e9 \u00e0 la qualit\u00e9 des mati\u00e8res s\u00e9lectionn\u00e9es par WAAM. Tous nos produits sont compos\u00e9s d\u2019ingr\u00e9dients d\u2019origine naturelle et\/ou issus de l\u2019agriculture biologique. Notre engagement inclus l\u2019utilisation d\u2019ingr\u00e9dients sains et d\u2019alternatives aux ingr\u00e9dients controvers\u00e9s. Les produits WAAM sont fabriqu\u00e9s en France. Leur emballage est recyclable et con\u00e7u pour limiter l\u2019impact sur l\u2019environnement. Pour cela, nous avons fait le choix de ne pas utiliser de sur-emballage et tout accessoire de conditionnement superflu.<\/p>\n<p>Les vertus de ces diff\u00e9rentes huiles combin\u00e9es \u00e0 celles du massage am\u00e9lioreront la microcirculation sanguine pour des bulbes capillaires plus stimul\u00e9s et donc plus forts. Vous pouvez r\u00e9aliser cette application avant les shampooings et laisser agir les huiles 1h, voire toute une nuit.<\/p>\n<\/div>","protected":false},"excerpt":{"rendered":"<p>Highlights:Huile pour les peaux et les cheveux.\u2013 Antiseptique puissant et assainissant cutan\u00e9.\u2013 Utilis\u00e9e dans les traitements d\u2019appoint des affections de la peau en cas d\u2019acn\u00e9, du \u00e9ryth\u00e8me fessier du b\u00e9b\u00e9 et de la cro\u00fbte de lait.\u2013 Apaise les piq\u00fbres d\u2019insectes et les coups de soleil.\u2013 Utilis\u00e9e en massage dans plusieurs cas de probl\u00e8mes de la peau.\u2013 Soulage les d\u00e9mangeaisons du cuir chevelu.<\/p>","protected":false},"featured_media":30793,"comment_status":"open","ping_status":"closed","template":"","meta":[],"pwb-brand":[],"product_cat":[16],"product_tag":[],"class_list":{"0":"post-25801","1":"product","2":"type-product","3":"status-publish","4":"has-post-thumbnail","6":"product_cat-non-classe","7":"pa_brands-waam","9":"first","10":"instock","11":"sale","12":"shipping-taxable","13":"purchasable","14":"product-type-simple"},"yoast_head":"<!-- This site is optimized with the Yoast SEO plugin v27.5 - https:\/\/yoast.com\/product\/yoast-seo-wordpress\/ -->\n<title>NaturEsoin Huile d\u2019Arbre a Th\u00e9 \u2013 50 ml - paragaleriedetalborjt<\/title>\n<meta name=\"robots\" content=\"index, follow, max-snippet:-1, max-image-preview:large, max-video-preview:-1\" \/>\n<link rel=\"canonical\" href=\"https:\/\/paragaleriedetalborjt.com\/en\/boutique\/naturesoin-huile-darbre-a-the-50-ml\/\" \/>\n<meta property=\"og:locale\" content=\"en_US\" \/>\n<meta property=\"og:type\" content=\"article\" \/>\n<meta property=\"og:title\" content=\"NaturEsoin Huile d\u2019Arbre a Th\u00e9 \u2013 50 ml - paragaleriedetalborjt\" \/>\n<meta property=\"og:description\" content=\"Highlights:Huile pour les peaux et les cheveux.\u2013 Antiseptique puissant et assainissant cutan\u00e9.\u2013 Utilis\u00e9e dans les traitements d\u2019appoint des affections de la peau en cas d\u2019acn\u00e9, du \u00e9ryth\u00e8me fessier du b\u00e9b\u00e9 et de la cro\u00fbte de lait.\u2013 Apaise les piq\u00fbres d\u2019insectes et les coups de soleil.\u2013 Utilis\u00e9e en massage dans plusieurs cas de probl\u00e8mes de la peau.\u2013 Soulage les d\u00e9mangeaisons du cuir chevelu.\" \/>\n<meta property=\"og:url\" content=\"https:\/\/paragaleriedetalborjt.com\/en\/boutique\/naturesoin-huile-darbre-a-the-50-ml\/\" \/>\n<meta property=\"og:site_name\" content=\"paragaleriedetalborjt\" \/>\n<meta property=\"article:modified_time\" content=\"2026-01-02T21:18:27+00:00\" \/>\n<meta property=\"og:image\" content=\"https:\/\/paragaleriedetalborjt.com\/wp-content\/uploads\/2026\/01\/6111259370654.jpg\" \/>\n\t<meta property=\"og:image:width\" content=\"595\" \/>\n\t<meta property=\"og:image:height\" content=\"655\" \/>\n\t<meta property=\"og:image:type\" content=\"image\/jpeg\" \/>\n<meta name=\"twitter:card\" content=\"summary_large_image\" \/>\n<meta name=\"twitter:label1\" content=\"Est. reading time\" \/>\n\t<meta name=\"twitter:data1\" content=\"2 minutes\" \/>\n<script type=\"application\/ld+json\" class=\"yoast-schema-graph\">{\"@context\":\"https:\\\/\\\/schema.org\",\"@graph\":[{\"@type\":\"WebPage\",\"@id\":\"https:\\\/\\\/paragaleriedetalborjt.com\\\/boutique\\\/naturesoin-huile-darbre-a-the-50-ml\\\/\",\"url\":\"https:\\\/\\\/paragaleriedetalborjt.com\\\/boutique\\\/naturesoin-huile-darbre-a-the-50-ml\\\/\",\"name\":\"NaturEsoin Huile d\u2019Arbre a Th\u00e9 \u2013 50 ml - paragaleriedetalborjt\",\"isPartOf\":{\"@id\":\"https:\\\/\\\/paragaleriedetalborjt.com\\\/#website\"},\"primaryImageOfPage\":{\"@id\":\"https:\\\/\\\/paragaleriedetalborjt.com\\\/boutique\\\/naturesoin-huile-darbre-a-the-50-ml\\\/#primaryimage\"},\"image\":{\"@id\":\"https:\\\/\\\/paragaleriedetalborjt.com\\\/boutique\\\/naturesoin-huile-darbre-a-the-50-ml\\\/#primaryimage\"},\"thumbnailUrl\":\"https:\\\/\\\/paragaleriedetalborjt.com\\\/wp-content\\\/uploads\\\/2026\\\/01\\\/6111259370654.jpg\",\"datePublished\":\"2026-01-02T18:37:59+00:00\",\"dateModified\":\"2026-01-02T21:18:27+00:00\",\"breadcrumb\":{\"@id\":\"https:\\\/\\\/paragaleriedetalborjt.com\\\/boutique\\\/naturesoin-huile-darbre-a-the-50-ml\\\/#breadcrumb\"},\"inLanguage\":\"en-US\",\"potentialAction\":[{\"@type\":\"ReadAction\",\"target\":[\"https:\\\/\\\/paragaleriedetalborjt.com\\\/boutique\\\/naturesoin-huile-darbre-a-the-50-ml\\\/\"]}]},{\"@type\":\"ImageObject\",\"inLanguage\":\"en-US\",\"@id\":\"https:\\\/\\\/paragaleriedetalborjt.com\\\/boutique\\\/naturesoin-huile-darbre-a-the-50-ml\\\/#primaryimage\",\"url\":\"https:\\\/\\\/paragaleriedetalborjt.com\\\/wp-content\\\/uploads\\\/2026\\\/01\\\/6111259370654.jpg\",\"contentUrl\":\"https:\\\/\\\/paragaleriedetalborjt.com\\\/wp-content\\\/uploads\\\/2026\\\/01\\\/6111259370654.jpg\",\"width\":595,\"height\":655},{\"@type\":\"BreadcrumbList\",\"@id\":\"https:\\\/\\\/paragaleriedetalborjt.com\\\/boutique\\\/naturesoin-huile-darbre-a-the-50-ml\\\/#breadcrumb\",\"itemListElement\":[{\"@type\":\"ListItem\",\"position\":1,\"name\":\"Accueil\",\"item\":\"https:\\\/\\\/paragaleriedetalborjt.com\\\/\"},{\"@type\":\"ListItem\",\"position\":2,\"name\":\"Boutique\",\"item\":\"https:\\\/\\\/paragaleriedetalborjt.com\\\/boutique\\\/\"},{\"@type\":\"ListItem\",\"position\":3,\"name\":\"NaturEsoin Huile d\u2019Arbre a Th\u00e9 \u2013 50 ml\"}]},{\"@type\":\"WebSite\",\"@id\":\"https:\\\/\\\/paragaleriedetalborjt.com\\\/#website\",\"url\":\"https:\\\/\\\/paragaleriedetalborjt.com\\\/\",\"name\":\"paragaleriedetalborjt\",\"description\":\"\",\"potentialAction\":[{\"@type\":\"SearchAction\",\"target\":{\"@type\":\"EntryPoint\",\"urlTemplate\":\"https:\\\/\\\/paragaleriedetalborjt.com\\\/?s={search_term_string}\"},\"query-input\":{\"@type\":\"PropertyValueSpecification\",\"valueRequired\":true,\"valueName\":\"search_term_string\"}}],\"inLanguage\":\"en-US\"}]}<\/script>\n<!-- \/ Yoast SEO plugin. -->","yoast_head_json":{"title":"NaturEsoin Huile d\u2019Arbre a Th\u00e9 \u2013 50 ml - paragaleriedetalborjt","robots":{"index":"index","follow":"follow","max-snippet":"max-snippet:-1","max-image-preview":"max-image-preview:large","max-video-preview":"max-video-preview:-1"},"canonical":"https:\/\/paragaleriedetalborjt.com\/en\/boutique\/naturesoin-huile-darbre-a-the-50-ml\/","og_locale":"en_US","og_type":"article","og_title":"NaturEsoin Huile d\u2019Arbre a Th\u00e9 \u2013 50 ml - paragaleriedetalborjt","og_description":"Highlights:Huile pour les peaux et les cheveux.\u2013 Antiseptique puissant et assainissant cutan\u00e9.\u2013 Utilis\u00e9e dans les traitements d\u2019appoint des affections de la peau en cas d\u2019acn\u00e9, du \u00e9ryth\u00e8me fessier du b\u00e9b\u00e9 et de la cro\u00fbte de lait.\u2013 Apaise les piq\u00fbres d\u2019insectes et les coups de soleil.\u2013 Utilis\u00e9e en massage dans plusieurs cas de probl\u00e8mes de la peau.\u2013 Soulage les d\u00e9mangeaisons du cuir chevelu.","og_url":"https:\/\/paragaleriedetalborjt.com\/en\/boutique\/naturesoin-huile-darbre-a-the-50-ml\/","og_site_name":"paragaleriedetalborjt","article_modified_time":"2026-01-02T21:18:27+00:00","og_image":[{"width":595,"height":655,"url":"https:\/\/paragaleriedetalborjt.com\/wp-content\/uploads\/2026\/01\/6111259370654.jpg","type":"image\/jpeg"}],"twitter_card":"summary_large_image","twitter_misc":{"Est. reading time":"2 minutes"},"schema":{"@context":"https:\/\/schema.org","@graph":[{"@type":"WebPage","@id":"https:\/\/paragaleriedetalborjt.com\/boutique\/naturesoin-huile-darbre-a-the-50-ml\/","url":"https:\/\/paragaleriedetalborjt.com\/boutique\/naturesoin-huile-darbre-a-the-50-ml\/","name":"NaturEsoin Huile d\u2019Arbre a Th\u00e9 \u2013 50 ml - paragaleriedetalborjt","isPartOf":{"@id":"https:\/\/paragaleriedetalborjt.com\/#website"},"primaryImageOfPage":{"@id":"https:\/\/paragaleriedetalborjt.com\/boutique\/naturesoin-huile-darbre-a-the-50-ml\/#primaryimage"},"image":{"@id":"https:\/\/paragaleriedetalborjt.com\/boutique\/naturesoin-huile-darbre-a-the-50-ml\/#primaryimage"},"thumbnailUrl":"https:\/\/paragaleriedetalborjt.com\/wp-content\/uploads\/2026\/01\/6111259370654.jpg","datePublished":"2026-01-02T18:37:59+00:00","dateModified":"2026-01-02T21:18:27+00:00","breadcrumb":{"@id":"https:\/\/paragaleriedetalborjt.com\/boutique\/naturesoin-huile-darbre-a-the-50-ml\/#breadcrumb"},"inLanguage":"en-US","potentialAction":[{"@type":"ReadAction","target":["https:\/\/paragaleriedetalborjt.com\/boutique\/naturesoin-huile-darbre-a-the-50-ml\/"]}]},{"@type":"ImageObject","inLanguage":"en-US","@id":"https:\/\/paragaleriedetalborjt.com\/boutique\/naturesoin-huile-darbre-a-the-50-ml\/#primaryimage","url":"https:\/\/paragaleriedetalborjt.com\/wp-content\/uploads\/2026\/01\/6111259370654.jpg","contentUrl":"https:\/\/paragaleriedetalborjt.com\/wp-content\/uploads\/2026\/01\/6111259370654.jpg","width":595,"height":655},{"@type":"BreadcrumbList","@id":"https:\/\/paragaleriedetalborjt.com\/boutique\/naturesoin-huile-darbre-a-the-50-ml\/#breadcrumb","itemListElement":[{"@type":"ListItem","position":1,"name":"Accueil","item":"https:\/\/paragaleriedetalborjt.com\/"},{"@type":"ListItem","position":2,"name":"Boutique","item":"https:\/\/paragaleriedetalborjt.com\/boutique\/"},{"@type":"ListItem","position":3,"name":"NaturEsoin Huile d\u2019Arbre a Th\u00e9 \u2013 50 ml"}]},{"@type":"WebSite","@id":"https:\/\/paragaleriedetalborjt.com\/#website","url":"https:\/\/paragaleriedetalborjt.com\/","name":"paragaleriedetalborjt","description":"","potentialAction":[{"@type":"SearchAction","target":{"@type":"EntryPoint","urlTemplate":"https:\/\/paragaleriedetalborjt.com\/?s={search_term_string}"},"query-input":{"@type":"PropertyValueSpecification","valueRequired":true,"valueName":"search_term_string"}}],"inLanguage":"en-US"}]}},"brands":[],"_links":{"self":[{"href":"https:\/\/paragaleriedetalborjt.com\/en\/wp-json\/wp\/v2\/product\/25801","targetHints":{"allow":["GET"]}}],"collection":[{"href":"https:\/\/paragaleriedetalborjt.com\/en\/wp-json\/wp\/v2\/product"}],"about":[{"href":"https:\/\/paragaleriedetalborjt.com\/en\/wp-json\/wp\/v2\/types\/product"}],"replies":[{"embeddable":true,"href":"https:\/\/paragaleriedetalborjt.com\/en\/wp-json\/wp\/v2\/comments?post=25801"}],"version-history":[{"count":1,"href":"https:\/\/paragaleriedetalborjt.com\/en\/wp-json\/wp\/v2\/product\/25801\/revisions"}],"predecessor-version":[{"id":30795,"href":"https:\/\/paragaleriedetalborjt.com\/en\/wp-json\/wp\/v2\/product\/25801\/revisions\/30795"}],"wp:featuredmedia":[{"embeddable":true,"href":"https:\/\/paragaleriedetalborjt.com\/en\/wp-json\/wp\/v2\/media\/30793"}],"wp:attachment":[{"href":"https:\/\/paragaleriedetalborjt.com\/en\/wp-json\/wp\/v2\/media?parent=25801"}],"wp:term":[{"taxonomy":"pwb-brand","embeddable":true,"href":"https:\/\/paragaleriedetalborjt.com\/en\/wp-json\/wp\/v2\/pwb-brand?post=25801"},{"taxonomy":"product_cat","embeddable":true,"href":"https:\/\/paragaleriedetalborjt.com\/en\/wp-json\/wp\/v2\/product_cat?post=25801"},{"taxonomy":"product_tag","embeddable":true,"href":"https:\/\/paragaleriedetalborjt.com\/en\/wp-json\/wp\/v2\/product_tag?post=25801"}],"curies":[{"name":"wp","href":"https:\/\/api.w.org\/{rel}","templated":true}]}}