{"id":25705,"date":"2026-01-02T19:35:01","date_gmt":"2026-01-02T18:35:01","guid":{"rendered":"https:\/\/paragaleriedetalborjt.com\/?post_type=product&#038;p=25705"},"modified":"2026-01-02T22:18:18","modified_gmt":"2026-01-02T21:18:18","slug":"centifolia-shampoing-demelant-couleur-fixateur-200ml","status":"publish","type":"product","link":"https:\/\/paragaleriedetalborjt.com\/en\/boutique\/centifolia-shampoing-demelant-couleur-fixateur-200ml\/","title":{"rendered":"Centifolia Shampoing &#038; Demelant Couleur fixateur 200ml"},"content":{"rendered":"<div aria-labelledby=\"tab-title-description\" class=\"woocommerce-Tabs-panel woocommerce-Tabs-panel--description panel entry-content wc-tab\" id=\"tab-description\" role=\"tabpanel\" style=\"\">\n<h2>Description<\/h2>\n<p>Une nouvelle g\u00e9n\u00e9ration de shampooing BIO aussi concentr\u00e9 en actifs de soin qu\u2019un d\u00e9m\u00ealant : D\u00e9couvrez LE PREMIER SHAMPOING BIO COULEUR AVEC UN SOIN ASSOCI\u00c9 qui lave comme un shampooing et d\u00e9m\u00eale comme un apr\u00e8s-shampooing.<\/p>\n<p>Sa texture gel moussante offre une exp\u00e9rience unique salon de coiffure. Un v\u00e9ritable\u00a0<strong>shampooing &amp; d\u00e9m\u00ealant couleur professionnel<\/strong>, sensoriel, efficace et certifi\u00e9 BIO. Id\u00e9al pour ne pas agresser les cheveux tout en offrant un r\u00e9sultat optimal et naturel. Il nettoie en douceur, d\u00e9m\u00eale et\u00a0<strong>pr\u00e9serve la couleur pendant 6 semaines<\/strong>. Il capture et fixe les pigments pour pr\u00e9server durablement l\u2019intensit\u00e9 de la couleur. Les cheveux color\u00e9s ou m\u00e9ch\u00e9s retrouvent douceur et brillance. Le shampoing et d\u00e9m\u00ealant couleur rehausse l\u2019\u00e9clat des cheveux pour une couleur plus intense.<\/p>\n<p>Il a \u00e9t\u00e9 formul\u00e9 pour d\u00e9livrer les bienfaits d\u2019un actif v\u00e9g\u00e9tal : la GRENADE BIO. D\u2019origine FRANCE, elle a \u00e9t\u00e9 s\u00e9lectionn\u00e9e pour son pouvoir antioxydant et protecteur.<\/p>\n<p>Au c\u0153ur de la formule, un actif biomim\u00e9tique &amp; anti-gaspi issu de la valorisation des d\u00e9chets d\u2019\u00e9corce d\u2019\u00e9pinette noire, prot\u00e8ge et r\u00e9v\u00e8le la couleur. Il limite la d\u00e9coloration apr\u00e8s exposition aux UV et apr\u00e8s lavage.<\/p>\n<p><strong>Qu\u2019est-ce qu\u2019un actif\u00a0BIOMIM\u00c9TIQUE\u00a0?\u00a0\u00a0<\/strong>C\u2019est un actif qui\u00a0s\u2019inspire de l\u2019enveloppe de protection qu\u2019est l\u2019\u00e9corce pour prot\u00e9ger les cheveux et ainsi aider \u00e0 maintenir la couleur.<\/p>\n<p><strong>Qu\u2019est-ce qu\u2019un actif anti-gaspi\/coproduit ?\u00a0<\/strong>Un coproduit ou ingr\u00e9dient anti-gaspi est fabriqu\u00e9 \u00e0 partir de mati\u00e8res qui sont vou\u00e9es \u00e0 \u00eatre jet\u00e9es. Ces mati\u00e8res sont ainsi valoris\u00e9es afin de d\u00e9velopper de nouveaux actifs ou de nouvelles mati\u00e8res sensorielles que nous pouvons utiliser dans nos produits. C\u2019est \u00e7a l\u2019upcycling : donner une seconde vie ! Dans cette formule, il est r\u00e9alis\u00e9 \u00e0 partir d\u2019\u00e9corce de la production de bois.<\/p>\n<p><strong>Notre Shampoing et d\u00e9m\u00ealant couleur est formul\u00e9 avec un\u00a0parfum 100% naturel !<\/strong><\/p>\n<p>Un parfum 100% naturel est un parfum fabriqu\u00e9 uniquement \u00e0 partir d\u2019ingr\u00e9dients naturels, extraits de plantes, de fleurs, de fruits, ou d\u2019autres sources naturelles. Ces parfums sont souvent appr\u00e9ci\u00e9s par ceux qui pr\u00e9f\u00e8rent des produits plus respectueux de l\u2019environnement et qui \u00e9vitent les produits chimiques potentiellement irritants et polluant.<\/p>\n<p>Le Flor Index est un outil capable de mesurer l\u2019impact environnemental \u00e0 presque toutes les \u00e9tapes du cycle de d\u00e9veloppement des parfums : du sourcing des mati\u00e8res premi\u00e8res \u00e0 la fin de vie du parfum, en passant par la formulation, la production et le transport. Ce scorage permet de donner une note globale de A B C D E, A \u00e9tant le moins impactant et le plus \u00e9co-con\u00e7u possible. Notre parfum s\u00e9lectionn\u00e9 est Flor Index A certifi\u00e9 AFNOR.<\/p>\n<p>UNE EFFICACIT\u00c9 PROUV\u00c9E ET VALID\u00c9E PAR DES COIFFEURS PROFESSIONNELS<\/p>\n<p>Ce shampoing convient aux cheveux color\u00e9s ou m\u00e9ch\u00e9s (coloration v\u00e9g\u00e9tale ou chimique).<\/p>\n<p>Con\u00e7u et fabriqu\u00e9 en France<\/p>\n<p>Votre shampoing\u00a0&amp; d\u00e9m\u00ealant boucles Anti-frisottis est disponible en \u00e9corecharge pour\u00a0une consommation durable.\u00a0<a href=\"https:\/\/centifoliabio.fr\/fr\/content\/157-ecorecharge-cosmetique\" rel=\"noopener\" target=\"_blank\">En savoir plus sur nos \u00e9corecharges<\/a>.<\/p>\n<p>*Sans tensioactifs sulfat\u00e9s<br \/>\nFormule vegan : sans ingr\u00e9dients d\u2019origine animale ou d\u00e9riv\u00e9s.<\/p>\n<\/div>","protected":false},"excerpt":{"rendered":"<p>Highlights:EFFICACIT\u00c9 PROFESSIONNELLE \u2013 Couleur pr\u00e9serv\u00e9e 6 semainesINNOVATION BIOValid\u00e9 par des coiffeurs professionnels2en1 lave et d\u00e9m\u00eale en m\u00eame temps !Couleur pr\u00e9serv\u00e9e 6 semainesActif biomin\u00e9tique &#038; anti-gaspiParfum 100% naturel et \u00e9co-con\u00e7u (Index A)SANS SULFATE*CHEVEUX COLORES OU MECHES<\/p>","protected":false},"featured_media":30691,"comment_status":"open","ping_status":"closed","template":"","meta":[],"pwb-brand":[],"product_cat":[16],"product_tag":[],"class_list":{"0":"post-25705","1":"product","2":"type-product","3":"status-publish","4":"has-post-thumbnail","6":"product_cat-non-classe","7":"pa_brands-centifolia","9":"first","10":"instock","11":"sale","12":"shipping-taxable","13":"purchasable","14":"product-type-simple"},"yoast_head":"<!-- This site is optimized with the Yoast SEO plugin v27.5 - https:\/\/yoast.com\/product\/yoast-seo-wordpress\/ -->\n<title>Centifolia Shampoing &amp; Demelant Couleur fixateur 200ml - paragaleriedetalborjt<\/title>\n<meta name=\"robots\" content=\"index, follow, max-snippet:-1, max-image-preview:large, max-video-preview:-1\" \/>\n<link rel=\"canonical\" href=\"https:\/\/paragaleriedetalborjt.com\/en\/boutique\/centifolia-shampoing-demelant-couleur-fixateur-200ml\/\" \/>\n<meta property=\"og:locale\" content=\"en_US\" \/>\n<meta property=\"og:type\" content=\"article\" \/>\n<meta property=\"og:title\" content=\"Centifolia Shampoing &amp; Demelant Couleur fixateur 200ml - paragaleriedetalborjt\" \/>\n<meta property=\"og:description\" content=\"Highlights:EFFICACIT\u00c9 PROFESSIONNELLE \u2013 Couleur pr\u00e9serv\u00e9e 6 semainesINNOVATION BIOValid\u00e9 par des coiffeurs professionnels2en1 lave et d\u00e9m\u00eale en m\u00eame temps !Couleur pr\u00e9serv\u00e9e 6 semainesActif biomin\u00e9tique &amp; anti-gaspiParfum 100% naturel et \u00e9co-con\u00e7u (Index A)SANS SULFATE*CHEVEUX COLORES OU MECHES\" \/>\n<meta property=\"og:url\" content=\"https:\/\/paragaleriedetalborjt.com\/en\/boutique\/centifolia-shampoing-demelant-couleur-fixateur-200ml\/\" \/>\n<meta property=\"og:site_name\" content=\"paragaleriedetalborjt\" \/>\n<meta property=\"article:modified_time\" content=\"2026-01-02T21:18:18+00:00\" \/>\n<meta property=\"og:image\" content=\"https:\/\/paragaleriedetalborjt.com\/wp-content\/uploads\/2026\/01\/Centifolia-Shamp-demelant-Couleur-fixateur-500ml-600x600-1.jpg\" \/>\n\t<meta property=\"og:image:width\" content=\"600\" \/>\n\t<meta property=\"og:image:height\" content=\"600\" \/>\n\t<meta property=\"og:image:type\" content=\"image\/jpeg\" \/>\n<meta name=\"twitter:card\" content=\"summary_large_image\" \/>\n<meta name=\"twitter:label1\" content=\"Est. reading time\" \/>\n\t<meta name=\"twitter:data1\" content=\"3 minutes\" \/>\n<script type=\"application\/ld+json\" class=\"yoast-schema-graph\">{\"@context\":\"https:\\\/\\\/schema.org\",\"@graph\":[{\"@type\":\"WebPage\",\"@id\":\"https:\\\/\\\/paragaleriedetalborjt.com\\\/boutique\\\/centifolia-shampoing-demelant-couleur-fixateur-200ml\\\/\",\"url\":\"https:\\\/\\\/paragaleriedetalborjt.com\\\/boutique\\\/centifolia-shampoing-demelant-couleur-fixateur-200ml\\\/\",\"name\":\"Centifolia Shampoing & Demelant Couleur fixateur 200ml - paragaleriedetalborjt\",\"isPartOf\":{\"@id\":\"https:\\\/\\\/paragaleriedetalborjt.com\\\/#website\"},\"primaryImageOfPage\":{\"@id\":\"https:\\\/\\\/paragaleriedetalborjt.com\\\/boutique\\\/centifolia-shampoing-demelant-couleur-fixateur-200ml\\\/#primaryimage\"},\"image\":{\"@id\":\"https:\\\/\\\/paragaleriedetalborjt.com\\\/boutique\\\/centifolia-shampoing-demelant-couleur-fixateur-200ml\\\/#primaryimage\"},\"thumbnailUrl\":\"https:\\\/\\\/paragaleriedetalborjt.com\\\/wp-content\\\/uploads\\\/2026\\\/01\\\/Centifolia-Shamp-demelant-Couleur-fixateur-500ml-600x600-1.jpg\",\"datePublished\":\"2026-01-02T18:35:01+00:00\",\"dateModified\":\"2026-01-02T21:18:18+00:00\",\"breadcrumb\":{\"@id\":\"https:\\\/\\\/paragaleriedetalborjt.com\\\/boutique\\\/centifolia-shampoing-demelant-couleur-fixateur-200ml\\\/#breadcrumb\"},\"inLanguage\":\"en-US\",\"potentialAction\":[{\"@type\":\"ReadAction\",\"target\":[\"https:\\\/\\\/paragaleriedetalborjt.com\\\/boutique\\\/centifolia-shampoing-demelant-couleur-fixateur-200ml\\\/\"]}]},{\"@type\":\"ImageObject\",\"inLanguage\":\"en-US\",\"@id\":\"https:\\\/\\\/paragaleriedetalborjt.com\\\/boutique\\\/centifolia-shampoing-demelant-couleur-fixateur-200ml\\\/#primaryimage\",\"url\":\"https:\\\/\\\/paragaleriedetalborjt.com\\\/wp-content\\\/uploads\\\/2026\\\/01\\\/Centifolia-Shamp-demelant-Couleur-fixateur-500ml-600x600-1.jpg\",\"contentUrl\":\"https:\\\/\\\/paragaleriedetalborjt.com\\\/wp-content\\\/uploads\\\/2026\\\/01\\\/Centifolia-Shamp-demelant-Couleur-fixateur-500ml-600x600-1.jpg\",\"width\":600,\"height\":600},{\"@type\":\"BreadcrumbList\",\"@id\":\"https:\\\/\\\/paragaleriedetalborjt.com\\\/boutique\\\/centifolia-shampoing-demelant-couleur-fixateur-200ml\\\/#breadcrumb\",\"itemListElement\":[{\"@type\":\"ListItem\",\"position\":1,\"name\":\"Accueil\",\"item\":\"https:\\\/\\\/paragaleriedetalborjt.com\\\/\"},{\"@type\":\"ListItem\",\"position\":2,\"name\":\"Boutique\",\"item\":\"https:\\\/\\\/paragaleriedetalborjt.com\\\/boutique\\\/\"},{\"@type\":\"ListItem\",\"position\":3,\"name\":\"Centifolia Shampoing &#038; Demelant Couleur fixateur 200ml\"}]},{\"@type\":\"WebSite\",\"@id\":\"https:\\\/\\\/paragaleriedetalborjt.com\\\/#website\",\"url\":\"https:\\\/\\\/paragaleriedetalborjt.com\\\/\",\"name\":\"paragaleriedetalborjt\",\"description\":\"\",\"potentialAction\":[{\"@type\":\"SearchAction\",\"target\":{\"@type\":\"EntryPoint\",\"urlTemplate\":\"https:\\\/\\\/paragaleriedetalborjt.com\\\/?s={search_term_string}\"},\"query-input\":{\"@type\":\"PropertyValueSpecification\",\"valueRequired\":true,\"valueName\":\"search_term_string\"}}],\"inLanguage\":\"en-US\"}]}<\/script>\n<!-- \/ Yoast SEO plugin. -->","yoast_head_json":{"title":"Centifolia Shampoing & Demelant Couleur fixateur 200ml - paragaleriedetalborjt","robots":{"index":"index","follow":"follow","max-snippet":"max-snippet:-1","max-image-preview":"max-image-preview:large","max-video-preview":"max-video-preview:-1"},"canonical":"https:\/\/paragaleriedetalborjt.com\/en\/boutique\/centifolia-shampoing-demelant-couleur-fixateur-200ml\/","og_locale":"en_US","og_type":"article","og_title":"Centifolia Shampoing & Demelant Couleur fixateur 200ml - paragaleriedetalborjt","og_description":"Highlights:EFFICACIT\u00c9 PROFESSIONNELLE \u2013 Couleur pr\u00e9serv\u00e9e 6 semainesINNOVATION BIOValid\u00e9 par des coiffeurs professionnels2en1 lave et d\u00e9m\u00eale en m\u00eame temps !Couleur pr\u00e9serv\u00e9e 6 semainesActif biomin\u00e9tique & anti-gaspiParfum 100% naturel et \u00e9co-con\u00e7u (Index A)SANS SULFATE*CHEVEUX COLORES OU MECHES","og_url":"https:\/\/paragaleriedetalborjt.com\/en\/boutique\/centifolia-shampoing-demelant-couleur-fixateur-200ml\/","og_site_name":"paragaleriedetalborjt","article_modified_time":"2026-01-02T21:18:18+00:00","og_image":[{"width":600,"height":600,"url":"https:\/\/paragaleriedetalborjt.com\/wp-content\/uploads\/2026\/01\/Centifolia-Shamp-demelant-Couleur-fixateur-500ml-600x600-1.jpg","type":"image\/jpeg"}],"twitter_card":"summary_large_image","twitter_misc":{"Est. reading time":"3 minutes"},"schema":{"@context":"https:\/\/schema.org","@graph":[{"@type":"WebPage","@id":"https:\/\/paragaleriedetalborjt.com\/boutique\/centifolia-shampoing-demelant-couleur-fixateur-200ml\/","url":"https:\/\/paragaleriedetalborjt.com\/boutique\/centifolia-shampoing-demelant-couleur-fixateur-200ml\/","name":"Centifolia Shampoing & Demelant Couleur fixateur 200ml - paragaleriedetalborjt","isPartOf":{"@id":"https:\/\/paragaleriedetalborjt.com\/#website"},"primaryImageOfPage":{"@id":"https:\/\/paragaleriedetalborjt.com\/boutique\/centifolia-shampoing-demelant-couleur-fixateur-200ml\/#primaryimage"},"image":{"@id":"https:\/\/paragaleriedetalborjt.com\/boutique\/centifolia-shampoing-demelant-couleur-fixateur-200ml\/#primaryimage"},"thumbnailUrl":"https:\/\/paragaleriedetalborjt.com\/wp-content\/uploads\/2026\/01\/Centifolia-Shamp-demelant-Couleur-fixateur-500ml-600x600-1.jpg","datePublished":"2026-01-02T18:35:01+00:00","dateModified":"2026-01-02T21:18:18+00:00","breadcrumb":{"@id":"https:\/\/paragaleriedetalborjt.com\/boutique\/centifolia-shampoing-demelant-couleur-fixateur-200ml\/#breadcrumb"},"inLanguage":"en-US","potentialAction":[{"@type":"ReadAction","target":["https:\/\/paragaleriedetalborjt.com\/boutique\/centifolia-shampoing-demelant-couleur-fixateur-200ml\/"]}]},{"@type":"ImageObject","inLanguage":"en-US","@id":"https:\/\/paragaleriedetalborjt.com\/boutique\/centifolia-shampoing-demelant-couleur-fixateur-200ml\/#primaryimage","url":"https:\/\/paragaleriedetalborjt.com\/wp-content\/uploads\/2026\/01\/Centifolia-Shamp-demelant-Couleur-fixateur-500ml-600x600-1.jpg","contentUrl":"https:\/\/paragaleriedetalborjt.com\/wp-content\/uploads\/2026\/01\/Centifolia-Shamp-demelant-Couleur-fixateur-500ml-600x600-1.jpg","width":600,"height":600},{"@type":"BreadcrumbList","@id":"https:\/\/paragaleriedetalborjt.com\/boutique\/centifolia-shampoing-demelant-couleur-fixateur-200ml\/#breadcrumb","itemListElement":[{"@type":"ListItem","position":1,"name":"Accueil","item":"https:\/\/paragaleriedetalborjt.com\/"},{"@type":"ListItem","position":2,"name":"Boutique","item":"https:\/\/paragaleriedetalborjt.com\/boutique\/"},{"@type":"ListItem","position":3,"name":"Centifolia Shampoing &#038; Demelant Couleur fixateur 200ml"}]},{"@type":"WebSite","@id":"https:\/\/paragaleriedetalborjt.com\/#website","url":"https:\/\/paragaleriedetalborjt.com\/","name":"paragaleriedetalborjt","description":"","potentialAction":[{"@type":"SearchAction","target":{"@type":"EntryPoint","urlTemplate":"https:\/\/paragaleriedetalborjt.com\/?s={search_term_string}"},"query-input":{"@type":"PropertyValueSpecification","valueRequired":true,"valueName":"search_term_string"}}],"inLanguage":"en-US"}]}},"brands":[],"_links":{"self":[{"href":"https:\/\/paragaleriedetalborjt.com\/en\/wp-json\/wp\/v2\/product\/25705","targetHints":{"allow":["GET"]}}],"collection":[{"href":"https:\/\/paragaleriedetalborjt.com\/en\/wp-json\/wp\/v2\/product"}],"about":[{"href":"https:\/\/paragaleriedetalborjt.com\/en\/wp-json\/wp\/v2\/types\/product"}],"replies":[{"embeddable":true,"href":"https:\/\/paragaleriedetalborjt.com\/en\/wp-json\/wp\/v2\/comments?post=25705"}],"version-history":[{"count":1,"href":"https:\/\/paragaleriedetalborjt.com\/en\/wp-json\/wp\/v2\/product\/25705\/revisions"}],"predecessor-version":[{"id":30692,"href":"https:\/\/paragaleriedetalborjt.com\/en\/wp-json\/wp\/v2\/product\/25705\/revisions\/30692"}],"wp:featuredmedia":[{"embeddable":true,"href":"https:\/\/paragaleriedetalborjt.com\/en\/wp-json\/wp\/v2\/media\/30691"}],"wp:attachment":[{"href":"https:\/\/paragaleriedetalborjt.com\/en\/wp-json\/wp\/v2\/media?parent=25705"}],"wp:term":[{"taxonomy":"pwb-brand","embeddable":true,"href":"https:\/\/paragaleriedetalborjt.com\/en\/wp-json\/wp\/v2\/pwb-brand?post=25705"},{"taxonomy":"product_cat","embeddable":true,"href":"https:\/\/paragaleriedetalborjt.com\/en\/wp-json\/wp\/v2\/product_cat?post=25705"},{"taxonomy":"product_tag","embeddable":true,"href":"https:\/\/paragaleriedetalborjt.com\/en\/wp-json\/wp\/v2\/product_tag?post=25705"}],"curies":[{"name":"wp","href":"https:\/\/api.w.org\/{rel}","templated":true}]}}