{"id":25703,"date":"2026-01-02T19:34:59","date_gmt":"2026-01-02T18:34:59","guid":{"rendered":"https:\/\/paragaleriedetalborjt.com\/?post_type=product&#038;p=25703"},"modified":"2026-01-02T22:18:18","modified_gmt":"2026-01-02T21:18:18","slug":"centifolia-shampoing-demelant-boucles-anti-frisottis-200ml","status":"publish","type":"product","link":"https:\/\/paragaleriedetalborjt.com\/en\/boutique\/centifolia-shampoing-demelant-boucles-anti-frisottis-200ml\/","title":{"rendered":"Centifolia Shampoing &#038; Demelant Boucles Anti-frisottis 200ml"},"content":{"rendered":"<div aria-labelledby=\"tab-title-description\" class=\"woocommerce-Tabs-panel woocommerce-Tabs-panel--description panel entry-content wc-tab\" id=\"tab-description\" role=\"tabpanel\" style=\"\">\n<h2>Description<\/h2>\n<p>Une nouvelle g\u00e9n\u00e9ration de shampooing BIO aussi concentr\u00e9e en actifs de soin qu\u2019un d\u00e9m\u00ealant : D\u00e9couvrez LE PREMIER SHAMPOING BIO POUR LES BOUCLES AVEC UN SOIN ASSOCI\u00c9 qui lave comme un shampooing et d\u00e9m\u00eale comme un apr\u00e8s-shampooing.<\/p>\n<p>Sa texture gel cr\u00e8me offre une exp\u00e9rience unique salon de coiffure. Un v\u00e9ritable shampooing &amp; d\u00e9m\u00ealant boucles, professionnel, sensoriel, efficace et certifi\u00e9 BIO. Id\u00e9al pour ne pas agresser les cheveux tout en offrant un r\u00e9sultat optimal et naturel. Une action renforc\u00e9e pour laver, d\u00e9m\u00ealer et d\u00e9finir les boucles sans les alourdir. Sa formule in\u00e9dite cible les zones les plus ab\u00eem\u00e9es de la fibre et les enveloppe d\u2019un soin intense qui dure m\u00eame apr\u00e8s rin\u00e7age. Redessin\u00e9es et raviv\u00e9es, les boucles apparaissent rebondies, douces et d\u00e9finies sans frisottis.<\/p>\n<p>Ce shampoing est formul\u00e9 pour d\u00e9livrer les bienfaits d\u2019un actif v\u00e9g\u00e9tal : la MANGUE BIO, s\u00e9lectionn\u00e9e pour son pouvoir nourrissant et hydratant pour les boucles les plus fragilis\u00e9es et affam\u00e9es.<\/p>\n<p>Au c\u0153ur de la formule, un actif d\u00e9finisseur de boucles 100% d\u2019origine naturel, biosourc\u00e9 \u00e0 partir d\u2019amidon, permet de contr\u00f4ler les frisottis, de d\u00e9finir les boucles et de les maintenir. R\u00e9sistant \u00e0 l\u2019humidit\u00e9 pour une tenue longue dur\u00e9e.<\/p>\n<p>Une formule in\u00e9dite :<\/p>\n<p><strong>Hydratante et Nourrissante<\/strong>\u00a0: tels que la Mangue bio, l\u2019huile de buriti bio, des prot\u00e9ines d\u2019amande douce, de l\u2019huile de tournesol, du gel d\u2019aloe vera \u00e9quitable et bio qui aident \u00e0 hydrater, nourrir et \u00e0 revitaliser les boucles, les rendant plus douces et plus souples.<\/p>\n<p><strong>Contr\u00f4le des frisottis<\/strong>\u00a0: aide \u00e0 contr\u00f4ler les frisottis et \u00e0 d\u00e9finir les boucles, en laissant les cheveux plus lisses et plus disciplin\u00e9s.<\/p>\n<p><strong>Revitalisation des boucles<\/strong>\u00a0: aide \u00e0 raviver et \u00e0 d\u00e9finir les boucles naturelles, en leur donnant une apparence plus rebondie et dynamique.<\/p>\n<p><strong>R\u00e9sultats visibles<\/strong>\u00a0: d\u00e8s la premi\u00e8re utilisation, des boucles plus d\u00e9finies, des cheveux plus doux et plus brillants, et un meilleur contr\u00f4le global des cheveux boucl\u00e9s.<\/p>\n<p>UNE EFFICACIT\u00c9 PROUV\u00c9E ET VALID\u00c9E PAR DES COIFFEURS PROFESSIONNELS<\/p>\n<p>Convient aux cheveux boucl\u00e9s, fris\u00e9s et cr\u00e9pus (2ABC \/ 3ABC \/ 4ABC)<\/p>\n<p>Con\u00e7u et fabriqu\u00e9 en France *Sans tensioactifs sulfat\u00e9s Formule vegan : sans ingr\u00e9dients d\u2019origine animale ou d\u00e9riv\u00e9s.<\/p>\n<p>Votre shampoing\u00a0&amp; d\u00e9m\u00ealant boucles Anti-frisottis est disponible en \u00e9corecharge pour\u00a0une consommation durable.\u00a0<a href=\"https:\/\/centifoliabio.fr\/fr\/content\/157-ecorecharge-cosmetique\" rel=\"noopener\" target=\"_blank\">En savoir plus sur nos \u00e9corecharges<\/a>.<\/p>\n<p>Pour de jolies boucles bien d\u00e9finies et sans frisottis, d\u00e9couvrez votre nouveau rituel professionnel Centifolia : JOLIES BOUCLES.<\/p>\n<\/div>","protected":false},"excerpt":{"rendered":"<p>Highlights:EFFICACIT\u00c9 PROFESSIONNELLE \u2013 Boucles d\u00e9finies et sans frisottisINNOVATION BIOValid\u00e9 par des coiffeurs professionnels2en1 lave et d\u00e9m\u00eale en m\u00eame temps !Red\u00e9finit les boucles fragilis\u00e9esParfum 100% naturel et \u00e9co-con\u00e7u (Index A)SANS SULFATE*CHEVEUX BOUCLES FRISES ET CREPUS<\/p>","protected":false},"featured_media":30689,"comment_status":"open","ping_status":"closed","template":"","meta":[],"pwb-brand":[],"product_cat":[16],"product_tag":[],"class_list":{"0":"post-25703","1":"product","2":"type-product","3":"status-publish","4":"has-post-thumbnail","6":"product_cat-non-classe","7":"pa_brands-centifolia","9":"first","10":"instock","11":"sale","12":"shipping-taxable","13":"purchasable","14":"product-type-simple"},"yoast_head":"<!-- This site is optimized with the Yoast SEO plugin v27.5 - https:\/\/yoast.com\/product\/yoast-seo-wordpress\/ -->\n<title>Centifolia Shampoing &amp; Demelant Boucles Anti-frisottis 200ml - paragaleriedetalborjt<\/title>\n<meta name=\"robots\" content=\"index, follow, max-snippet:-1, max-image-preview:large, max-video-preview:-1\" \/>\n<link rel=\"canonical\" href=\"https:\/\/paragaleriedetalborjt.com\/en\/boutique\/centifolia-shampoing-demelant-boucles-anti-frisottis-200ml\/\" \/>\n<meta property=\"og:locale\" content=\"en_US\" \/>\n<meta property=\"og:type\" content=\"article\" \/>\n<meta property=\"og:title\" content=\"Centifolia Shampoing &amp; Demelant Boucles Anti-frisottis 200ml - paragaleriedetalborjt\" \/>\n<meta property=\"og:description\" content=\"Highlights:EFFICACIT\u00c9 PROFESSIONNELLE \u2013 Boucles d\u00e9finies et sans frisottisINNOVATION BIOValid\u00e9 par des coiffeurs professionnels2en1 lave et d\u00e9m\u00eale en m\u00eame temps !Red\u00e9finit les boucles fragilis\u00e9esParfum 100% naturel et \u00e9co-con\u00e7u (Index A)SANS SULFATE*CHEVEUX BOUCLES FRISES ET CREPUS\" \/>\n<meta property=\"og:url\" content=\"https:\/\/paragaleriedetalborjt.com\/en\/boutique\/centifolia-shampoing-demelant-boucles-anti-frisottis-200ml\/\" \/>\n<meta property=\"og:site_name\" content=\"paragaleriedetalborjt\" \/>\n<meta property=\"article:modified_time\" content=\"2026-01-02T21:18:18+00:00\" \/>\n<meta property=\"og:image\" content=\"https:\/\/paragaleriedetalborjt.com\/wp-content\/uploads\/2026\/01\/Centifolia-Shamp-demelant-Boucles-anti-frisottis-200ml-600x600-1.jpg\" \/>\n\t<meta property=\"og:image:width\" content=\"600\" \/>\n\t<meta property=\"og:image:height\" content=\"600\" \/>\n\t<meta property=\"og:image:type\" content=\"image\/jpeg\" \/>\n<meta name=\"twitter:card\" content=\"summary_large_image\" \/>\n<meta name=\"twitter:label1\" content=\"Est. reading time\" \/>\n\t<meta name=\"twitter:data1\" content=\"2 minutes\" \/>\n<script type=\"application\/ld+json\" class=\"yoast-schema-graph\">{\"@context\":\"https:\\\/\\\/schema.org\",\"@graph\":[{\"@type\":\"WebPage\",\"@id\":\"https:\\\/\\\/paragaleriedetalborjt.com\\\/boutique\\\/centifolia-shampoing-demelant-boucles-anti-frisottis-200ml\\\/\",\"url\":\"https:\\\/\\\/paragaleriedetalborjt.com\\\/boutique\\\/centifolia-shampoing-demelant-boucles-anti-frisottis-200ml\\\/\",\"name\":\"Centifolia Shampoing & Demelant Boucles Anti-frisottis 200ml - paragaleriedetalborjt\",\"isPartOf\":{\"@id\":\"https:\\\/\\\/paragaleriedetalborjt.com\\\/#website\"},\"primaryImageOfPage\":{\"@id\":\"https:\\\/\\\/paragaleriedetalborjt.com\\\/boutique\\\/centifolia-shampoing-demelant-boucles-anti-frisottis-200ml\\\/#primaryimage\"},\"image\":{\"@id\":\"https:\\\/\\\/paragaleriedetalborjt.com\\\/boutique\\\/centifolia-shampoing-demelant-boucles-anti-frisottis-200ml\\\/#primaryimage\"},\"thumbnailUrl\":\"https:\\\/\\\/paragaleriedetalborjt.com\\\/wp-content\\\/uploads\\\/2026\\\/01\\\/Centifolia-Shamp-demelant-Boucles-anti-frisottis-200ml-600x600-1.jpg\",\"datePublished\":\"2026-01-02T18:34:59+00:00\",\"dateModified\":\"2026-01-02T21:18:18+00:00\",\"breadcrumb\":{\"@id\":\"https:\\\/\\\/paragaleriedetalborjt.com\\\/boutique\\\/centifolia-shampoing-demelant-boucles-anti-frisottis-200ml\\\/#breadcrumb\"},\"inLanguage\":\"en-US\",\"potentialAction\":[{\"@type\":\"ReadAction\",\"target\":[\"https:\\\/\\\/paragaleriedetalborjt.com\\\/boutique\\\/centifolia-shampoing-demelant-boucles-anti-frisottis-200ml\\\/\"]}]},{\"@type\":\"ImageObject\",\"inLanguage\":\"en-US\",\"@id\":\"https:\\\/\\\/paragaleriedetalborjt.com\\\/boutique\\\/centifolia-shampoing-demelant-boucles-anti-frisottis-200ml\\\/#primaryimage\",\"url\":\"https:\\\/\\\/paragaleriedetalborjt.com\\\/wp-content\\\/uploads\\\/2026\\\/01\\\/Centifolia-Shamp-demelant-Boucles-anti-frisottis-200ml-600x600-1.jpg\",\"contentUrl\":\"https:\\\/\\\/paragaleriedetalborjt.com\\\/wp-content\\\/uploads\\\/2026\\\/01\\\/Centifolia-Shamp-demelant-Boucles-anti-frisottis-200ml-600x600-1.jpg\",\"width\":600,\"height\":600},{\"@type\":\"BreadcrumbList\",\"@id\":\"https:\\\/\\\/paragaleriedetalborjt.com\\\/boutique\\\/centifolia-shampoing-demelant-boucles-anti-frisottis-200ml\\\/#breadcrumb\",\"itemListElement\":[{\"@type\":\"ListItem\",\"position\":1,\"name\":\"Accueil\",\"item\":\"https:\\\/\\\/paragaleriedetalborjt.com\\\/\"},{\"@type\":\"ListItem\",\"position\":2,\"name\":\"Boutique\",\"item\":\"https:\\\/\\\/paragaleriedetalborjt.com\\\/boutique\\\/\"},{\"@type\":\"ListItem\",\"position\":3,\"name\":\"Centifolia Shampoing &#038; Demelant Boucles Anti-frisottis 200ml\"}]},{\"@type\":\"WebSite\",\"@id\":\"https:\\\/\\\/paragaleriedetalborjt.com\\\/#website\",\"url\":\"https:\\\/\\\/paragaleriedetalborjt.com\\\/\",\"name\":\"paragaleriedetalborjt\",\"description\":\"\",\"potentialAction\":[{\"@type\":\"SearchAction\",\"target\":{\"@type\":\"EntryPoint\",\"urlTemplate\":\"https:\\\/\\\/paragaleriedetalborjt.com\\\/?s={search_term_string}\"},\"query-input\":{\"@type\":\"PropertyValueSpecification\",\"valueRequired\":true,\"valueName\":\"search_term_string\"}}],\"inLanguage\":\"en-US\"}]}<\/script>\n<!-- \/ Yoast SEO plugin. -->","yoast_head_json":{"title":"Centifolia Shampoing & Demelant Boucles Anti-frisottis 200ml - paragaleriedetalborjt","robots":{"index":"index","follow":"follow","max-snippet":"max-snippet:-1","max-image-preview":"max-image-preview:large","max-video-preview":"max-video-preview:-1"},"canonical":"https:\/\/paragaleriedetalborjt.com\/en\/boutique\/centifolia-shampoing-demelant-boucles-anti-frisottis-200ml\/","og_locale":"en_US","og_type":"article","og_title":"Centifolia Shampoing & Demelant Boucles Anti-frisottis 200ml - paragaleriedetalborjt","og_description":"Highlights:EFFICACIT\u00c9 PROFESSIONNELLE \u2013 Boucles d\u00e9finies et sans frisottisINNOVATION BIOValid\u00e9 par des coiffeurs professionnels2en1 lave et d\u00e9m\u00eale en m\u00eame temps !Red\u00e9finit les boucles fragilis\u00e9esParfum 100% naturel et \u00e9co-con\u00e7u (Index A)SANS SULFATE*CHEVEUX BOUCLES FRISES ET CREPUS","og_url":"https:\/\/paragaleriedetalborjt.com\/en\/boutique\/centifolia-shampoing-demelant-boucles-anti-frisottis-200ml\/","og_site_name":"paragaleriedetalborjt","article_modified_time":"2026-01-02T21:18:18+00:00","og_image":[{"width":600,"height":600,"url":"https:\/\/paragaleriedetalborjt.com\/wp-content\/uploads\/2026\/01\/Centifolia-Shamp-demelant-Boucles-anti-frisottis-200ml-600x600-1.jpg","type":"image\/jpeg"}],"twitter_card":"summary_large_image","twitter_misc":{"Est. reading time":"2 minutes"},"schema":{"@context":"https:\/\/schema.org","@graph":[{"@type":"WebPage","@id":"https:\/\/paragaleriedetalborjt.com\/boutique\/centifolia-shampoing-demelant-boucles-anti-frisottis-200ml\/","url":"https:\/\/paragaleriedetalborjt.com\/boutique\/centifolia-shampoing-demelant-boucles-anti-frisottis-200ml\/","name":"Centifolia Shampoing & Demelant Boucles Anti-frisottis 200ml - paragaleriedetalborjt","isPartOf":{"@id":"https:\/\/paragaleriedetalborjt.com\/#website"},"primaryImageOfPage":{"@id":"https:\/\/paragaleriedetalborjt.com\/boutique\/centifolia-shampoing-demelant-boucles-anti-frisottis-200ml\/#primaryimage"},"image":{"@id":"https:\/\/paragaleriedetalborjt.com\/boutique\/centifolia-shampoing-demelant-boucles-anti-frisottis-200ml\/#primaryimage"},"thumbnailUrl":"https:\/\/paragaleriedetalborjt.com\/wp-content\/uploads\/2026\/01\/Centifolia-Shamp-demelant-Boucles-anti-frisottis-200ml-600x600-1.jpg","datePublished":"2026-01-02T18:34:59+00:00","dateModified":"2026-01-02T21:18:18+00:00","breadcrumb":{"@id":"https:\/\/paragaleriedetalborjt.com\/boutique\/centifolia-shampoing-demelant-boucles-anti-frisottis-200ml\/#breadcrumb"},"inLanguage":"en-US","potentialAction":[{"@type":"ReadAction","target":["https:\/\/paragaleriedetalborjt.com\/boutique\/centifolia-shampoing-demelant-boucles-anti-frisottis-200ml\/"]}]},{"@type":"ImageObject","inLanguage":"en-US","@id":"https:\/\/paragaleriedetalborjt.com\/boutique\/centifolia-shampoing-demelant-boucles-anti-frisottis-200ml\/#primaryimage","url":"https:\/\/paragaleriedetalborjt.com\/wp-content\/uploads\/2026\/01\/Centifolia-Shamp-demelant-Boucles-anti-frisottis-200ml-600x600-1.jpg","contentUrl":"https:\/\/paragaleriedetalborjt.com\/wp-content\/uploads\/2026\/01\/Centifolia-Shamp-demelant-Boucles-anti-frisottis-200ml-600x600-1.jpg","width":600,"height":600},{"@type":"BreadcrumbList","@id":"https:\/\/paragaleriedetalborjt.com\/boutique\/centifolia-shampoing-demelant-boucles-anti-frisottis-200ml\/#breadcrumb","itemListElement":[{"@type":"ListItem","position":1,"name":"Accueil","item":"https:\/\/paragaleriedetalborjt.com\/"},{"@type":"ListItem","position":2,"name":"Boutique","item":"https:\/\/paragaleriedetalborjt.com\/boutique\/"},{"@type":"ListItem","position":3,"name":"Centifolia Shampoing &#038; Demelant Boucles Anti-frisottis 200ml"}]},{"@type":"WebSite","@id":"https:\/\/paragaleriedetalborjt.com\/#website","url":"https:\/\/paragaleriedetalborjt.com\/","name":"paragaleriedetalborjt","description":"","potentialAction":[{"@type":"SearchAction","target":{"@type":"EntryPoint","urlTemplate":"https:\/\/paragaleriedetalborjt.com\/?s={search_term_string}"},"query-input":{"@type":"PropertyValueSpecification","valueRequired":true,"valueName":"search_term_string"}}],"inLanguage":"en-US"}]}},"brands":[],"_links":{"self":[{"href":"https:\/\/paragaleriedetalborjt.com\/en\/wp-json\/wp\/v2\/product\/25703","targetHints":{"allow":["GET"]}}],"collection":[{"href":"https:\/\/paragaleriedetalborjt.com\/en\/wp-json\/wp\/v2\/product"}],"about":[{"href":"https:\/\/paragaleriedetalborjt.com\/en\/wp-json\/wp\/v2\/types\/product"}],"replies":[{"embeddable":true,"href":"https:\/\/paragaleriedetalborjt.com\/en\/wp-json\/wp\/v2\/comments?post=25703"}],"version-history":[{"count":1,"href":"https:\/\/paragaleriedetalborjt.com\/en\/wp-json\/wp\/v2\/product\/25703\/revisions"}],"predecessor-version":[{"id":30690,"href":"https:\/\/paragaleriedetalborjt.com\/en\/wp-json\/wp\/v2\/product\/25703\/revisions\/30690"}],"wp:featuredmedia":[{"embeddable":true,"href":"https:\/\/paragaleriedetalborjt.com\/en\/wp-json\/wp\/v2\/media\/30689"}],"wp:attachment":[{"href":"https:\/\/paragaleriedetalborjt.com\/en\/wp-json\/wp\/v2\/media?parent=25703"}],"wp:term":[{"taxonomy":"pwb-brand","embeddable":true,"href":"https:\/\/paragaleriedetalborjt.com\/en\/wp-json\/wp\/v2\/pwb-brand?post=25703"},{"taxonomy":"product_cat","embeddable":true,"href":"https:\/\/paragaleriedetalborjt.com\/en\/wp-json\/wp\/v2\/product_cat?post=25703"},{"taxonomy":"product_tag","embeddable":true,"href":"https:\/\/paragaleriedetalborjt.com\/en\/wp-json\/wp\/v2\/product_tag?post=25703"}],"curies":[{"name":"wp","href":"https:\/\/api.w.org\/{rel}","templated":true}]}}