{"id":25699,"date":"2026-01-02T19:34:54","date_gmt":"2026-01-02T18:34:54","guid":{"rendered":"https:\/\/paragaleriedetalborjt.com\/?post_type=product&#038;p=25699"},"modified":"2026-01-02T22:18:18","modified_gmt":"2026-01-02T21:18:18","slug":"centifolia-serum-concentre-apaisant-30ml","status":"publish","type":"product","link":"https:\/\/paragaleriedetalborjt.com\/en\/boutique\/centifolia-serum-concentre-apaisant-30ml\/","title":{"rendered":"Centifolia Serum Concentre Apaisant 30ml"},"content":{"rendered":"<div aria-labelledby=\"tab-title-description\" class=\"woocommerce-Tabs-panel woocommerce-Tabs-panel--description panel entry-content wc-tab\" id=\"tab-description\" role=\"tabpanel\" style=\"\">\n<h2>Description<\/h2>\n<p>Adapt\u00e9 aux\u00a0<strong>cuirs chevelus sensibles, secs ou irrit\u00e9s<\/strong>, le s\u00e9rum concentr\u00e9 apaisant Centifolia apaise durablement le cuir chevelu et r\u00e9duit imm\u00e9diatement les d\u00e9mangeaisons. Apais\u00e9 et hydrat\u00e9, le cuir chevelu reste prot\u00e9g\u00e9. Ce s\u00e9rum procure une sensation \u00ab effet gla\u00e7on \u00bb et aide \u00e0 renforcer la barri\u00e8re protectrice du cuir chevelu. Sa texture fluide et non grasse p\u00e9n\u00e8tre rapidement, sans rin\u00e7age.<\/p>\n<p>L\u2019Eucalyptus BIO a \u00e9t\u00e9 minutieusement s\u00e9lectionn\u00e9 pour apporter de la fra\u00eecheur et aider \u00e0 apaiser les sensations d\u2019inconfort.<\/p>\n<p>L\u2019association d\u2019un oligosaccharide et d\u2019un polysaccharide a un effet protecteur sur l\u2019\u00e9cosyst\u00e8me cutan\u00e9. Elle permet de maintenir cet \u00e9cosyst\u00e8me constant ou de le r\u00e9\u00e9quilibrer afin qu\u2019il retrouve son \u00e9tat normal. Cette association agit comme une barri\u00e8re \u00e0 la surface du cuir chevelu et aide \u00e0 r\u00e9duire les rougeurs et les signes d\u2019inconfort.<\/p>\n<p>Enrichi en extrait de jujubier, un actif \u00e0 l\u2019<strong>efficacit\u00e9 anti-d\u00e9mangeaisons prouv\u00e9e<\/strong>, il r\u00e9duit les sensations d\u2019inconfort imm\u00e9diatement.<\/p>\n<p>Apais\u00e9, le cuir chevelu sensible, sec et irrit\u00e9 retrouve une sensation de confort et d\u2019<strong>apaisement durable<\/strong>\u00a0d\u00e8s la premi\u00e8re utilisation. Son efficacit\u00e9 a \u00e9t\u00e9 prouv\u00e9e : 4 fois moins de d\u00e9mangeaisons.<\/p>\n<p>Con\u00e7u et fabriqu\u00e9 en France<\/p>\n<p>Formule vegan : sans ingr\u00e9dients d\u2019origine animale ou d\u00e9riv\u00e9s.<\/p>\n<\/div>","protected":false},"excerpt":{"rendered":"<p>Highlights:4x moins de d\u00e9mangeaisons du cuir cheveluAgit d\u00e8s la 1\u00e8re utilisationApaise les d\u00e9mangeaisonsEfficacit\u00e9 prouv\u00e9e : hydrate, apaise et prot\u00e8geCUIR CHEVELU SENSIBLE, SEC ET IRRITE<\/p>","protected":false},"featured_media":30685,"comment_status":"open","ping_status":"closed","template":"","meta":[],"pwb-brand":[],"product_cat":[16],"product_tag":[],"class_list":{"0":"post-25699","1":"product","2":"type-product","3":"status-publish","4":"has-post-thumbnail","6":"product_cat-non-classe","7":"pa_brands-centifolia","9":"first","10":"instock","11":"sale","12":"shipping-taxable","13":"purchasable","14":"product-type-simple"},"yoast_head":"<!-- This site is optimized with the Yoast SEO plugin v27.5 - https:\/\/yoast.com\/product\/yoast-seo-wordpress\/ -->\n<title>Centifolia Serum Concentre Apaisant 30ml - paragaleriedetalborjt<\/title>\n<meta name=\"robots\" content=\"index, follow, max-snippet:-1, max-image-preview:large, max-video-preview:-1\" \/>\n<link rel=\"canonical\" href=\"https:\/\/paragaleriedetalborjt.com\/en\/boutique\/centifolia-serum-concentre-apaisant-30ml\/\" \/>\n<meta property=\"og:locale\" content=\"en_US\" \/>\n<meta property=\"og:type\" content=\"article\" \/>\n<meta property=\"og:title\" content=\"Centifolia Serum Concentre Apaisant 30ml - paragaleriedetalborjt\" \/>\n<meta property=\"og:description\" content=\"Highlights:4x moins de d\u00e9mangeaisons du cuir cheveluAgit d\u00e8s la 1\u00e8re utilisationApaise les d\u00e9mangeaisonsEfficacit\u00e9 prouv\u00e9e : hydrate, apaise et prot\u00e8geCUIR CHEVELU SENSIBLE, SEC ET IRRITE\" \/>\n<meta property=\"og:url\" content=\"https:\/\/paragaleriedetalborjt.com\/en\/boutique\/centifolia-serum-concentre-apaisant-30ml\/\" \/>\n<meta property=\"og:site_name\" content=\"paragaleriedetalborjt\" \/>\n<meta property=\"article:modified_time\" content=\"2026-01-02T21:18:18+00:00\" \/>\n<meta property=\"og:image\" content=\"https:\/\/paragaleriedetalborjt.com\/wp-content\/uploads\/2026\/01\/Centifolia-serum-concentre-apaisant-30ml-600x600-1.jpg\" \/>\n\t<meta property=\"og:image:width\" content=\"600\" \/>\n\t<meta property=\"og:image:height\" content=\"600\" \/>\n\t<meta property=\"og:image:type\" content=\"image\/jpeg\" \/>\n<meta name=\"twitter:card\" content=\"summary_large_image\" \/>\n<meta name=\"twitter:label1\" content=\"Est. reading time\" \/>\n\t<meta name=\"twitter:data1\" content=\"1 minute\" \/>\n<script type=\"application\/ld+json\" class=\"yoast-schema-graph\">{\"@context\":\"https:\\\/\\\/schema.org\",\"@graph\":[{\"@type\":\"WebPage\",\"@id\":\"https:\\\/\\\/paragaleriedetalborjt.com\\\/boutique\\\/centifolia-serum-concentre-apaisant-30ml\\\/\",\"url\":\"https:\\\/\\\/paragaleriedetalborjt.com\\\/boutique\\\/centifolia-serum-concentre-apaisant-30ml\\\/\",\"name\":\"Centifolia Serum Concentre Apaisant 30ml - paragaleriedetalborjt\",\"isPartOf\":{\"@id\":\"https:\\\/\\\/paragaleriedetalborjt.com\\\/#website\"},\"primaryImageOfPage\":{\"@id\":\"https:\\\/\\\/paragaleriedetalborjt.com\\\/boutique\\\/centifolia-serum-concentre-apaisant-30ml\\\/#primaryimage\"},\"image\":{\"@id\":\"https:\\\/\\\/paragaleriedetalborjt.com\\\/boutique\\\/centifolia-serum-concentre-apaisant-30ml\\\/#primaryimage\"},\"thumbnailUrl\":\"https:\\\/\\\/paragaleriedetalborjt.com\\\/wp-content\\\/uploads\\\/2026\\\/01\\\/Centifolia-serum-concentre-apaisant-30ml-600x600-1.jpg\",\"datePublished\":\"2026-01-02T18:34:54+00:00\",\"dateModified\":\"2026-01-02T21:18:18+00:00\",\"breadcrumb\":{\"@id\":\"https:\\\/\\\/paragaleriedetalborjt.com\\\/boutique\\\/centifolia-serum-concentre-apaisant-30ml\\\/#breadcrumb\"},\"inLanguage\":\"en-US\",\"potentialAction\":[{\"@type\":\"ReadAction\",\"target\":[\"https:\\\/\\\/paragaleriedetalborjt.com\\\/boutique\\\/centifolia-serum-concentre-apaisant-30ml\\\/\"]}]},{\"@type\":\"ImageObject\",\"inLanguage\":\"en-US\",\"@id\":\"https:\\\/\\\/paragaleriedetalborjt.com\\\/boutique\\\/centifolia-serum-concentre-apaisant-30ml\\\/#primaryimage\",\"url\":\"https:\\\/\\\/paragaleriedetalborjt.com\\\/wp-content\\\/uploads\\\/2026\\\/01\\\/Centifolia-serum-concentre-apaisant-30ml-600x600-1.jpg\",\"contentUrl\":\"https:\\\/\\\/paragaleriedetalborjt.com\\\/wp-content\\\/uploads\\\/2026\\\/01\\\/Centifolia-serum-concentre-apaisant-30ml-600x600-1.jpg\",\"width\":600,\"height\":600},{\"@type\":\"BreadcrumbList\",\"@id\":\"https:\\\/\\\/paragaleriedetalborjt.com\\\/boutique\\\/centifolia-serum-concentre-apaisant-30ml\\\/#breadcrumb\",\"itemListElement\":[{\"@type\":\"ListItem\",\"position\":1,\"name\":\"Accueil\",\"item\":\"https:\\\/\\\/paragaleriedetalborjt.com\\\/\"},{\"@type\":\"ListItem\",\"position\":2,\"name\":\"Boutique\",\"item\":\"https:\\\/\\\/paragaleriedetalborjt.com\\\/boutique\\\/\"},{\"@type\":\"ListItem\",\"position\":3,\"name\":\"Centifolia Serum Concentre Apaisant 30ml\"}]},{\"@type\":\"WebSite\",\"@id\":\"https:\\\/\\\/paragaleriedetalborjt.com\\\/#website\",\"url\":\"https:\\\/\\\/paragaleriedetalborjt.com\\\/\",\"name\":\"paragaleriedetalborjt\",\"description\":\"\",\"potentialAction\":[{\"@type\":\"SearchAction\",\"target\":{\"@type\":\"EntryPoint\",\"urlTemplate\":\"https:\\\/\\\/paragaleriedetalborjt.com\\\/?s={search_term_string}\"},\"query-input\":{\"@type\":\"PropertyValueSpecification\",\"valueRequired\":true,\"valueName\":\"search_term_string\"}}],\"inLanguage\":\"en-US\"}]}<\/script>\n<!-- \/ Yoast SEO plugin. -->","yoast_head_json":{"title":"Centifolia Serum Concentre Apaisant 30ml - paragaleriedetalborjt","robots":{"index":"index","follow":"follow","max-snippet":"max-snippet:-1","max-image-preview":"max-image-preview:large","max-video-preview":"max-video-preview:-1"},"canonical":"https:\/\/paragaleriedetalborjt.com\/en\/boutique\/centifolia-serum-concentre-apaisant-30ml\/","og_locale":"en_US","og_type":"article","og_title":"Centifolia Serum Concentre Apaisant 30ml - paragaleriedetalborjt","og_description":"Highlights:4x moins de d\u00e9mangeaisons du cuir cheveluAgit d\u00e8s la 1\u00e8re utilisationApaise les d\u00e9mangeaisonsEfficacit\u00e9 prouv\u00e9e : hydrate, apaise et prot\u00e8geCUIR CHEVELU SENSIBLE, SEC ET IRRITE","og_url":"https:\/\/paragaleriedetalborjt.com\/en\/boutique\/centifolia-serum-concentre-apaisant-30ml\/","og_site_name":"paragaleriedetalborjt","article_modified_time":"2026-01-02T21:18:18+00:00","og_image":[{"width":600,"height":600,"url":"https:\/\/paragaleriedetalborjt.com\/wp-content\/uploads\/2026\/01\/Centifolia-serum-concentre-apaisant-30ml-600x600-1.jpg","type":"image\/jpeg"}],"twitter_card":"summary_large_image","twitter_misc":{"Est. reading time":"1 minute"},"schema":{"@context":"https:\/\/schema.org","@graph":[{"@type":"WebPage","@id":"https:\/\/paragaleriedetalborjt.com\/boutique\/centifolia-serum-concentre-apaisant-30ml\/","url":"https:\/\/paragaleriedetalborjt.com\/boutique\/centifolia-serum-concentre-apaisant-30ml\/","name":"Centifolia Serum Concentre Apaisant 30ml - paragaleriedetalborjt","isPartOf":{"@id":"https:\/\/paragaleriedetalborjt.com\/#website"},"primaryImageOfPage":{"@id":"https:\/\/paragaleriedetalborjt.com\/boutique\/centifolia-serum-concentre-apaisant-30ml\/#primaryimage"},"image":{"@id":"https:\/\/paragaleriedetalborjt.com\/boutique\/centifolia-serum-concentre-apaisant-30ml\/#primaryimage"},"thumbnailUrl":"https:\/\/paragaleriedetalborjt.com\/wp-content\/uploads\/2026\/01\/Centifolia-serum-concentre-apaisant-30ml-600x600-1.jpg","datePublished":"2026-01-02T18:34:54+00:00","dateModified":"2026-01-02T21:18:18+00:00","breadcrumb":{"@id":"https:\/\/paragaleriedetalborjt.com\/boutique\/centifolia-serum-concentre-apaisant-30ml\/#breadcrumb"},"inLanguage":"en-US","potentialAction":[{"@type":"ReadAction","target":["https:\/\/paragaleriedetalborjt.com\/boutique\/centifolia-serum-concentre-apaisant-30ml\/"]}]},{"@type":"ImageObject","inLanguage":"en-US","@id":"https:\/\/paragaleriedetalborjt.com\/boutique\/centifolia-serum-concentre-apaisant-30ml\/#primaryimage","url":"https:\/\/paragaleriedetalborjt.com\/wp-content\/uploads\/2026\/01\/Centifolia-serum-concentre-apaisant-30ml-600x600-1.jpg","contentUrl":"https:\/\/paragaleriedetalborjt.com\/wp-content\/uploads\/2026\/01\/Centifolia-serum-concentre-apaisant-30ml-600x600-1.jpg","width":600,"height":600},{"@type":"BreadcrumbList","@id":"https:\/\/paragaleriedetalborjt.com\/boutique\/centifolia-serum-concentre-apaisant-30ml\/#breadcrumb","itemListElement":[{"@type":"ListItem","position":1,"name":"Accueil","item":"https:\/\/paragaleriedetalborjt.com\/"},{"@type":"ListItem","position":2,"name":"Boutique","item":"https:\/\/paragaleriedetalborjt.com\/boutique\/"},{"@type":"ListItem","position":3,"name":"Centifolia Serum Concentre Apaisant 30ml"}]},{"@type":"WebSite","@id":"https:\/\/paragaleriedetalborjt.com\/#website","url":"https:\/\/paragaleriedetalborjt.com\/","name":"paragaleriedetalborjt","description":"","potentialAction":[{"@type":"SearchAction","target":{"@type":"EntryPoint","urlTemplate":"https:\/\/paragaleriedetalborjt.com\/?s={search_term_string}"},"query-input":{"@type":"PropertyValueSpecification","valueRequired":true,"valueName":"search_term_string"}}],"inLanguage":"en-US"}]}},"brands":[],"_links":{"self":[{"href":"https:\/\/paragaleriedetalborjt.com\/en\/wp-json\/wp\/v2\/product\/25699","targetHints":{"allow":["GET"]}}],"collection":[{"href":"https:\/\/paragaleriedetalborjt.com\/en\/wp-json\/wp\/v2\/product"}],"about":[{"href":"https:\/\/paragaleriedetalborjt.com\/en\/wp-json\/wp\/v2\/types\/product"}],"replies":[{"embeddable":true,"href":"https:\/\/paragaleriedetalborjt.com\/en\/wp-json\/wp\/v2\/comments?post=25699"}],"version-history":[{"count":1,"href":"https:\/\/paragaleriedetalborjt.com\/en\/wp-json\/wp\/v2\/product\/25699\/revisions"}],"predecessor-version":[{"id":30686,"href":"https:\/\/paragaleriedetalborjt.com\/en\/wp-json\/wp\/v2\/product\/25699\/revisions\/30686"}],"wp:featuredmedia":[{"embeddable":true,"href":"https:\/\/paragaleriedetalborjt.com\/en\/wp-json\/wp\/v2\/media\/30685"}],"wp:attachment":[{"href":"https:\/\/paragaleriedetalborjt.com\/en\/wp-json\/wp\/v2\/media?parent=25699"}],"wp:term":[{"taxonomy":"pwb-brand","embeddable":true,"href":"https:\/\/paragaleriedetalborjt.com\/en\/wp-json\/wp\/v2\/pwb-brand?post=25699"},{"taxonomy":"product_cat","embeddable":true,"href":"https:\/\/paragaleriedetalborjt.com\/en\/wp-json\/wp\/v2\/product_cat?post=25699"},{"taxonomy":"product_tag","embeddable":true,"href":"https:\/\/paragaleriedetalborjt.com\/en\/wp-json\/wp\/v2\/product_tag?post=25699"}],"curies":[{"name":"wp","href":"https:\/\/api.w.org\/{rel}","templated":true}]}}