{"id":25681,"date":"2026-01-02T19:34:22","date_gmt":"2026-01-02T18:34:22","guid":{"rendered":"https:\/\/paragaleriedetalborjt.com\/?post_type=product&#038;p=25681"},"modified":"2026-01-02T22:18:16","modified_gmt":"2026-01-02T21:18:16","slug":"jumiso-awe-sun-airy-fit-daily-moisturiez-sunscreen-spf50-50ml","status":"publish","type":"product","link":"https:\/\/paragaleriedetalborjt.com\/en\/boutique\/jumiso-awe-sun-airy-fit-daily-moisturiez-sunscreen-spf50-50ml\/","title":{"rendered":"Jumiso Awe \u2013 Sun Airy \u2013 Fit  Daily Moisturiez Sunscreen spf50+ 50ml"},"content":{"rendered":"<div aria-labelledby=\"tab-title-description\" class=\"woocommerce-Tabs-panel woocommerce-Tabs-panel--description panel entry-content wc-tab\" id=\"tab-description\" role=\"tabpanel\" style=\"\">\n<h2>Description<\/h2>\n<p class=\"product__text subtitle\">\n<p><strong>Hydratez, prot\u00e9gez et illuminez en une seule \u00e9tape<\/strong><br \/>\nCommencez votre journ\u00e9e du bon pied avec cette cr\u00e8me hydratante \u00e0 double action et FPS, enrichie de 2 % de niacinamide. Elle hydrate, illumine et prot\u00e8ge votre peau, offrant un soin complet en une seule \u00e9tape.<\/p>\n<p><strong>Cliniquement prouv\u00e9 SPF50+ PA++++<\/strong><br \/>\nFournit une protection solaire \u00e0 large spectre pour pr\u00e9venir le vieillissement pr\u00e9matur\u00e9 et les coups de soleil, garantissant que votre peau reste \u00e0 l\u2019abri des rayons UV nocifs.<\/p>\n<p><strong>Cr\u00e8me hydratante 2 en 1 + SPF, s\u2019applique de mani\u00e8re invisible<\/strong><br \/>\nHydratez et prot\u00e9gez votre peau des dommages caus\u00e9s par le soleil et des facteurs de stress environnementaux. La formule l\u00e9g\u00e8re, enrichie de 2 % de niacinamide, s\u2019absorbe sans effort et se superpose bien sous le maquillage.<\/p>\n<p><strong>Simplifiez votre routine\u00a0<\/strong><br \/>\nId\u00e9al pour les matins charg\u00e9s, ce produit 2 en 1 hydrate, prot\u00e8ge et illumine en une seule \u00e9tape, vous faisant gagner du temps sans compromettre les soins.<\/p>\n<p><strong>Se marie bien avec la vitamine C\u00a0<\/strong><br \/>\nCombinez-le avec de la vitamine C pour pr\u00e9venir et traiter l\u2019hyperpigmentation et les taches brunes, ce qui en fait un \u00e9l\u00e9ment id\u00e9al de votre routine matinale.<\/p>\n<p><strong>Sans parfum,\u00a0Non com\u00e9dog\u00e8ne et sans danger pour les r\u00e9cifs coralliens<\/strong><br \/>\nDoux et\u00a0efficace pour tous les types de peau, cette formule non com\u00e9dog\u00e8ne n\u2019obstrue pas les pores et est respectueuse de votre peau et de l\u2019environnement.<\/p>\n<\/div>","protected":false},"excerpt":{"rendered":"<p>Highlights:2-EN-1 SPF50+ et CR\u00c8ME HYDRATANTE, pour simplifier votre routine<\/p>","protected":false},"featured_media":30666,"comment_status":"open","ping_status":"closed","template":"","meta":[],"pwb-brand":[],"product_cat":[16],"product_tag":[],"class_list":{"0":"post-25681","1":"product","2":"type-product","3":"status-publish","4":"has-post-thumbnail","6":"product_cat-non-classe","7":"pa_brands-jumiso","9":"first","10":"instock","11":"sale","12":"shipping-taxable","13":"purchasable","14":"product-type-simple"},"yoast_head":"<!-- This site is optimized with the Yoast SEO plugin v27.5 - https:\/\/yoast.com\/product\/yoast-seo-wordpress\/ -->\n<title>Jumiso Awe \u2013 Sun Airy \u2013 Fit Daily Moisturiez Sunscreen spf50+ 50ml - paragaleriedetalborjt<\/title>\n<meta name=\"robots\" content=\"index, follow, max-snippet:-1, max-image-preview:large, max-video-preview:-1\" \/>\n<link rel=\"canonical\" href=\"https:\/\/paragaleriedetalborjt.com\/en\/boutique\/jumiso-awe-sun-airy-fit-daily-moisturiez-sunscreen-spf50-50ml\/\" \/>\n<meta property=\"og:locale\" content=\"en_US\" \/>\n<meta property=\"og:type\" content=\"article\" \/>\n<meta property=\"og:title\" content=\"Jumiso Awe \u2013 Sun Airy \u2013 Fit Daily Moisturiez Sunscreen spf50+ 50ml - paragaleriedetalborjt\" \/>\n<meta property=\"og:description\" content=\"Highlights:2-EN-1 SPF50+ et CR\u00c8ME HYDRATANTE, pour simplifier votre routine\" \/>\n<meta property=\"og:url\" content=\"https:\/\/paragaleriedetalborjt.com\/en\/boutique\/jumiso-awe-sun-airy-fit-daily-moisturiez-sunscreen-spf50-50ml\/\" \/>\n<meta property=\"og:site_name\" content=\"paragaleriedetalborjt\" \/>\n<meta property=\"article:modified_time\" content=\"2026-01-02T21:18:16+00:00\" \/>\n<meta property=\"og:image\" content=\"https:\/\/paragaleriedetalborjt.com\/wp-content\/uploads\/2026\/01\/Jumiso-Awe-Sun-Airy-Fit-Daily-Moisturiez-sunscreen-spf50-50ml-600x600-1.jpg\" \/>\n\t<meta property=\"og:image:width\" content=\"600\" \/>\n\t<meta property=\"og:image:height\" content=\"600\" \/>\n\t<meta property=\"og:image:type\" content=\"image\/jpeg\" \/>\n<meta name=\"twitter:card\" content=\"summary_large_image\" \/>\n<meta name=\"twitter:label1\" content=\"Est. reading time\" \/>\n\t<meta name=\"twitter:data1\" content=\"1 minute\" \/>\n<script type=\"application\/ld+json\" class=\"yoast-schema-graph\">{\"@context\":\"https:\\\/\\\/schema.org\",\"@graph\":[{\"@type\":\"WebPage\",\"@id\":\"https:\\\/\\\/paragaleriedetalborjt.com\\\/boutique\\\/jumiso-awe-sun-airy-fit-daily-moisturiez-sunscreen-spf50-50ml\\\/\",\"url\":\"https:\\\/\\\/paragaleriedetalborjt.com\\\/boutique\\\/jumiso-awe-sun-airy-fit-daily-moisturiez-sunscreen-spf50-50ml\\\/\",\"name\":\"Jumiso Awe \u2013 Sun Airy \u2013 Fit Daily Moisturiez Sunscreen spf50+ 50ml - paragaleriedetalborjt\",\"isPartOf\":{\"@id\":\"https:\\\/\\\/paragaleriedetalborjt.com\\\/#website\"},\"primaryImageOfPage\":{\"@id\":\"https:\\\/\\\/paragaleriedetalborjt.com\\\/boutique\\\/jumiso-awe-sun-airy-fit-daily-moisturiez-sunscreen-spf50-50ml\\\/#primaryimage\"},\"image\":{\"@id\":\"https:\\\/\\\/paragaleriedetalborjt.com\\\/boutique\\\/jumiso-awe-sun-airy-fit-daily-moisturiez-sunscreen-spf50-50ml\\\/#primaryimage\"},\"thumbnailUrl\":\"https:\\\/\\\/paragaleriedetalborjt.com\\\/wp-content\\\/uploads\\\/2026\\\/01\\\/Jumiso-Awe-Sun-Airy-Fit-Daily-Moisturiez-sunscreen-spf50-50ml-600x600-1.jpg\",\"datePublished\":\"2026-01-02T18:34:22+00:00\",\"dateModified\":\"2026-01-02T21:18:16+00:00\",\"breadcrumb\":{\"@id\":\"https:\\\/\\\/paragaleriedetalborjt.com\\\/boutique\\\/jumiso-awe-sun-airy-fit-daily-moisturiez-sunscreen-spf50-50ml\\\/#breadcrumb\"},\"inLanguage\":\"en-US\",\"potentialAction\":[{\"@type\":\"ReadAction\",\"target\":[\"https:\\\/\\\/paragaleriedetalborjt.com\\\/boutique\\\/jumiso-awe-sun-airy-fit-daily-moisturiez-sunscreen-spf50-50ml\\\/\"]}]},{\"@type\":\"ImageObject\",\"inLanguage\":\"en-US\",\"@id\":\"https:\\\/\\\/paragaleriedetalborjt.com\\\/boutique\\\/jumiso-awe-sun-airy-fit-daily-moisturiez-sunscreen-spf50-50ml\\\/#primaryimage\",\"url\":\"https:\\\/\\\/paragaleriedetalborjt.com\\\/wp-content\\\/uploads\\\/2026\\\/01\\\/Jumiso-Awe-Sun-Airy-Fit-Daily-Moisturiez-sunscreen-spf50-50ml-600x600-1.jpg\",\"contentUrl\":\"https:\\\/\\\/paragaleriedetalborjt.com\\\/wp-content\\\/uploads\\\/2026\\\/01\\\/Jumiso-Awe-Sun-Airy-Fit-Daily-Moisturiez-sunscreen-spf50-50ml-600x600-1.jpg\",\"width\":600,\"height\":600},{\"@type\":\"BreadcrumbList\",\"@id\":\"https:\\\/\\\/paragaleriedetalborjt.com\\\/boutique\\\/jumiso-awe-sun-airy-fit-daily-moisturiez-sunscreen-spf50-50ml\\\/#breadcrumb\",\"itemListElement\":[{\"@type\":\"ListItem\",\"position\":1,\"name\":\"Accueil\",\"item\":\"https:\\\/\\\/paragaleriedetalborjt.com\\\/\"},{\"@type\":\"ListItem\",\"position\":2,\"name\":\"Boutique\",\"item\":\"https:\\\/\\\/paragaleriedetalborjt.com\\\/boutique\\\/\"},{\"@type\":\"ListItem\",\"position\":3,\"name\":\"Jumiso Awe \u2013 Sun Airy \u2013 Fit Daily Moisturiez Sunscreen spf50+ 50ml\"}]},{\"@type\":\"WebSite\",\"@id\":\"https:\\\/\\\/paragaleriedetalborjt.com\\\/#website\",\"url\":\"https:\\\/\\\/paragaleriedetalborjt.com\\\/\",\"name\":\"paragaleriedetalborjt\",\"description\":\"\",\"potentialAction\":[{\"@type\":\"SearchAction\",\"target\":{\"@type\":\"EntryPoint\",\"urlTemplate\":\"https:\\\/\\\/paragaleriedetalborjt.com\\\/?s={search_term_string}\"},\"query-input\":{\"@type\":\"PropertyValueSpecification\",\"valueRequired\":true,\"valueName\":\"search_term_string\"}}],\"inLanguage\":\"en-US\"}]}<\/script>\n<!-- \/ Yoast SEO plugin. -->","yoast_head_json":{"title":"Jumiso Awe \u2013 Sun Airy \u2013 Fit Daily Moisturiez Sunscreen spf50+ 50ml - paragaleriedetalborjt","robots":{"index":"index","follow":"follow","max-snippet":"max-snippet:-1","max-image-preview":"max-image-preview:large","max-video-preview":"max-video-preview:-1"},"canonical":"https:\/\/paragaleriedetalborjt.com\/en\/boutique\/jumiso-awe-sun-airy-fit-daily-moisturiez-sunscreen-spf50-50ml\/","og_locale":"en_US","og_type":"article","og_title":"Jumiso Awe \u2013 Sun Airy \u2013 Fit Daily Moisturiez Sunscreen spf50+ 50ml - paragaleriedetalborjt","og_description":"Highlights:2-EN-1 SPF50+ et CR\u00c8ME HYDRATANTE, pour simplifier votre routine","og_url":"https:\/\/paragaleriedetalborjt.com\/en\/boutique\/jumiso-awe-sun-airy-fit-daily-moisturiez-sunscreen-spf50-50ml\/","og_site_name":"paragaleriedetalborjt","article_modified_time":"2026-01-02T21:18:16+00:00","og_image":[{"width":600,"height":600,"url":"https:\/\/paragaleriedetalborjt.com\/wp-content\/uploads\/2026\/01\/Jumiso-Awe-Sun-Airy-Fit-Daily-Moisturiez-sunscreen-spf50-50ml-600x600-1.jpg","type":"image\/jpeg"}],"twitter_card":"summary_large_image","twitter_misc":{"Est. reading time":"1 minute"},"schema":{"@context":"https:\/\/schema.org","@graph":[{"@type":"WebPage","@id":"https:\/\/paragaleriedetalborjt.com\/boutique\/jumiso-awe-sun-airy-fit-daily-moisturiez-sunscreen-spf50-50ml\/","url":"https:\/\/paragaleriedetalborjt.com\/boutique\/jumiso-awe-sun-airy-fit-daily-moisturiez-sunscreen-spf50-50ml\/","name":"Jumiso Awe \u2013 Sun Airy \u2013 Fit Daily Moisturiez Sunscreen spf50+ 50ml - paragaleriedetalborjt","isPartOf":{"@id":"https:\/\/paragaleriedetalborjt.com\/#website"},"primaryImageOfPage":{"@id":"https:\/\/paragaleriedetalborjt.com\/boutique\/jumiso-awe-sun-airy-fit-daily-moisturiez-sunscreen-spf50-50ml\/#primaryimage"},"image":{"@id":"https:\/\/paragaleriedetalborjt.com\/boutique\/jumiso-awe-sun-airy-fit-daily-moisturiez-sunscreen-spf50-50ml\/#primaryimage"},"thumbnailUrl":"https:\/\/paragaleriedetalborjt.com\/wp-content\/uploads\/2026\/01\/Jumiso-Awe-Sun-Airy-Fit-Daily-Moisturiez-sunscreen-spf50-50ml-600x600-1.jpg","datePublished":"2026-01-02T18:34:22+00:00","dateModified":"2026-01-02T21:18:16+00:00","breadcrumb":{"@id":"https:\/\/paragaleriedetalborjt.com\/boutique\/jumiso-awe-sun-airy-fit-daily-moisturiez-sunscreen-spf50-50ml\/#breadcrumb"},"inLanguage":"en-US","potentialAction":[{"@type":"ReadAction","target":["https:\/\/paragaleriedetalborjt.com\/boutique\/jumiso-awe-sun-airy-fit-daily-moisturiez-sunscreen-spf50-50ml\/"]}]},{"@type":"ImageObject","inLanguage":"en-US","@id":"https:\/\/paragaleriedetalborjt.com\/boutique\/jumiso-awe-sun-airy-fit-daily-moisturiez-sunscreen-spf50-50ml\/#primaryimage","url":"https:\/\/paragaleriedetalborjt.com\/wp-content\/uploads\/2026\/01\/Jumiso-Awe-Sun-Airy-Fit-Daily-Moisturiez-sunscreen-spf50-50ml-600x600-1.jpg","contentUrl":"https:\/\/paragaleriedetalborjt.com\/wp-content\/uploads\/2026\/01\/Jumiso-Awe-Sun-Airy-Fit-Daily-Moisturiez-sunscreen-spf50-50ml-600x600-1.jpg","width":600,"height":600},{"@type":"BreadcrumbList","@id":"https:\/\/paragaleriedetalborjt.com\/boutique\/jumiso-awe-sun-airy-fit-daily-moisturiez-sunscreen-spf50-50ml\/#breadcrumb","itemListElement":[{"@type":"ListItem","position":1,"name":"Accueil","item":"https:\/\/paragaleriedetalborjt.com\/"},{"@type":"ListItem","position":2,"name":"Boutique","item":"https:\/\/paragaleriedetalborjt.com\/boutique\/"},{"@type":"ListItem","position":3,"name":"Jumiso Awe \u2013 Sun Airy \u2013 Fit Daily Moisturiez Sunscreen spf50+ 50ml"}]},{"@type":"WebSite","@id":"https:\/\/paragaleriedetalborjt.com\/#website","url":"https:\/\/paragaleriedetalborjt.com\/","name":"paragaleriedetalborjt","description":"","potentialAction":[{"@type":"SearchAction","target":{"@type":"EntryPoint","urlTemplate":"https:\/\/paragaleriedetalborjt.com\/?s={search_term_string}"},"query-input":{"@type":"PropertyValueSpecification","valueRequired":true,"valueName":"search_term_string"}}],"inLanguage":"en-US"}]}},"brands":[],"_links":{"self":[{"href":"https:\/\/paragaleriedetalborjt.com\/en\/wp-json\/wp\/v2\/product\/25681","targetHints":{"allow":["GET"]}}],"collection":[{"href":"https:\/\/paragaleriedetalborjt.com\/en\/wp-json\/wp\/v2\/product"}],"about":[{"href":"https:\/\/paragaleriedetalborjt.com\/en\/wp-json\/wp\/v2\/types\/product"}],"replies":[{"embeddable":true,"href":"https:\/\/paragaleriedetalborjt.com\/en\/wp-json\/wp\/v2\/comments?post=25681"}],"version-history":[{"count":1,"href":"https:\/\/paragaleriedetalborjt.com\/en\/wp-json\/wp\/v2\/product\/25681\/revisions"}],"predecessor-version":[{"id":30667,"href":"https:\/\/paragaleriedetalborjt.com\/en\/wp-json\/wp\/v2\/product\/25681\/revisions\/30667"}],"wp:featuredmedia":[{"embeddable":true,"href":"https:\/\/paragaleriedetalborjt.com\/en\/wp-json\/wp\/v2\/media\/30666"}],"wp:attachment":[{"href":"https:\/\/paragaleriedetalborjt.com\/en\/wp-json\/wp\/v2\/media?parent=25681"}],"wp:term":[{"taxonomy":"pwb-brand","embeddable":true,"href":"https:\/\/paragaleriedetalborjt.com\/en\/wp-json\/wp\/v2\/pwb-brand?post=25681"},{"taxonomy":"product_cat","embeddable":true,"href":"https:\/\/paragaleriedetalborjt.com\/en\/wp-json\/wp\/v2\/product_cat?post=25681"},{"taxonomy":"product_tag","embeddable":true,"href":"https:\/\/paragaleriedetalborjt.com\/en\/wp-json\/wp\/v2\/product_tag?post=25681"}],"curies":[{"name":"wp","href":"https:\/\/api.w.org\/{rel}","templated":true}]}}