{"id":25639,"date":"2026-01-02T19:33:09","date_gmt":"2026-01-02T18:33:09","guid":{"rendered":"https:\/\/paragaleriedetalborjt.com\/?post_type=product&#038;p=25639"},"modified":"2026-01-02T22:18:10","modified_gmt":"2026-01-02T21:18:10","slug":"klorane-baume-apres-shampoing-apaisant-a-la-pivoine-150ml","status":"publish","type":"product","link":"https:\/\/paragaleriedetalborjt.com\/en\/boutique\/klorane-baume-apres-shampoing-apaisant-a-la-pivoine-150ml\/","title":{"rendered":"Klorane Baume Apres-Shampoing Apaisant a la pivoine 150ml"},"content":{"rendered":"<div aria-labelledby=\"tab-title-description\" class=\"woocommerce-Tabs-panel woocommerce-Tabs-panel--description panel entry-content wc-tab\" id=\"tab-description\" role=\"tabpanel\" style=\"\">\n<h2>Description<\/h2>\n<div class=\"block-content\">\n<p>Gr\u00e2ce \u00e0 son extrait de Pivoine BIO traditionnellement utilis\u00e9 pour ses vertus apaisantes, cet apr\u00e8s-shampoing naturel* et v\u00e9gan** apaise d\u00e8s la premi\u00e8re utilisation et pendant 48h*** les sensations d\u2019irritations et d\u2019inconfort du cuir chevelu, tout en aidant \u00e0 l\u2019\u00e9quilibre du microbiome. Avec ou sans rin\u00e7age, sa formule biod\u00e9gradable**** \u00e0 la texture tr\u00e8s fondante hydrate le cuir chevelu et les longueurs. Les cheveux sont faciles \u00e0 d\u00e9m\u00ealer, plus doux et plus brillants, dans un d\u00e9licat parfum relaxant. Test\u00e9 sous contr\u00f4le dermatologique.<\/p>\n<\/div>\n<div class=\"block-content has-heading\">\n<div class=\"block-content-heading\">\n<h3 class=\"\" id=\"\">Avantage<\/h3>\n<\/div>\n<p>Cet apr\u00e8s shampoing peut s\u2019utiliser avec ou sans rin\u00e7age, permettant d\u2019\u00e9conomiser jusqu\u2019\u00e0 300L d\u2019eau par tube*<\/p>\n<div class=\"block-content-heading\">\n<h3 class=\"\" id=\"\">B\u00e9n\u00e9fices<\/h3>\n<\/div>\n<p>\u2013 Hydrate : hydrate les cheveux pour une sensation d\u2019hydratation instantan\u00e9e et durable*.<br \/>\n-Apaise : sa formule d\u2019origine naturelle** respecte l\u2019\u00e9quilibre du cuir chevelu sensible et apaise imm\u00e9diatement les sensations d\u2019irritations et sensations d\u2019inconfort*, tout en aidant \u00e0 l\u2019\u00e9quilibre du microbiome.<br \/>\n\u2013 D\u00e9m\u00eale : Avec sa texture fondante, l\u2019apr\u00e8s-shampoing assouplit la fibre capillaire, d\u00e9m\u00eale et laisse les cheveux doux et brillants.*<\/p>\n<\/div>\n<\/div>","protected":false},"excerpt":{"rendered":"<p>Highlights:Cet apr\u00e8s-shampoing pour cuir chevelu sensible et irrit\u00e9 apaise imm\u00e9diatement et durablement les sensations d\u2019irritations et d\u2019inconfort du cuir chevelu, tout en aidant \u00e0 l\u2019\u00e9quilibre de son microbiome. Avec ou sans rin\u00e7age.<\/p>","protected":false},"featured_media":30623,"comment_status":"open","ping_status":"closed","template":"","meta":[],"pwb-brand":[],"product_cat":[16],"product_tag":[],"class_list":{"0":"post-25639","1":"product","2":"type-product","3":"status-publish","4":"has-post-thumbnail","6":"product_cat-non-classe","7":"pa_brands-klorane","9":"first","10":"instock","11":"sale","12":"shipping-taxable","13":"purchasable","14":"product-type-simple"},"yoast_head":"<!-- This site is optimized with the Yoast SEO plugin v27.5 - https:\/\/yoast.com\/product\/yoast-seo-wordpress\/ -->\n<title>Klorane Baume Apres-Shampoing Apaisant a la pivoine 150ml - paragaleriedetalborjt<\/title>\n<meta name=\"robots\" content=\"index, follow, max-snippet:-1, max-image-preview:large, max-video-preview:-1\" \/>\n<link rel=\"canonical\" href=\"https:\/\/paragaleriedetalborjt.com\/en\/boutique\/klorane-baume-apres-shampoing-apaisant-a-la-pivoine-150ml\/\" \/>\n<meta property=\"og:locale\" content=\"en_US\" \/>\n<meta property=\"og:type\" content=\"article\" \/>\n<meta property=\"og:title\" content=\"Klorane Baume Apres-Shampoing Apaisant a la pivoine 150ml - paragaleriedetalborjt\" \/>\n<meta property=\"og:description\" content=\"Highlights:Cet apr\u00e8s-shampoing pour cuir chevelu sensible et irrit\u00e9 apaise imm\u00e9diatement et durablement les sensations d\u2019irritations et d\u2019inconfort du cuir chevelu, tout en aidant \u00e0 l\u2019\u00e9quilibre de son microbiome. Avec ou sans rin\u00e7age.\" \/>\n<meta property=\"og:url\" content=\"https:\/\/paragaleriedetalborjt.com\/en\/boutique\/klorane-baume-apres-shampoing-apaisant-a-la-pivoine-150ml\/\" \/>\n<meta property=\"og:site_name\" content=\"paragaleriedetalborjt\" \/>\n<meta property=\"article:modified_time\" content=\"2026-01-02T21:18:10+00:00\" \/>\n<meta property=\"og:image\" content=\"https:\/\/paragaleriedetalborjt.com\/wp-content\/uploads\/2026\/01\/Kl-Baume-apres-shamp-apaisant-a-la-pivoine-150ml-600x600-1.jpg\" \/>\n\t<meta property=\"og:image:width\" content=\"600\" \/>\n\t<meta property=\"og:image:height\" content=\"600\" \/>\n\t<meta property=\"og:image:type\" content=\"image\/jpeg\" \/>\n<meta name=\"twitter:card\" content=\"summary_large_image\" \/>\n<meta name=\"twitter:label1\" content=\"Est. reading time\" \/>\n\t<meta name=\"twitter:data1\" content=\"1 minute\" \/>\n<script type=\"application\/ld+json\" class=\"yoast-schema-graph\">{\"@context\":\"https:\\\/\\\/schema.org\",\"@graph\":[{\"@type\":\"WebPage\",\"@id\":\"https:\\\/\\\/paragaleriedetalborjt.com\\\/boutique\\\/klorane-baume-apres-shampoing-apaisant-a-la-pivoine-150ml\\\/\",\"url\":\"https:\\\/\\\/paragaleriedetalborjt.com\\\/boutique\\\/klorane-baume-apres-shampoing-apaisant-a-la-pivoine-150ml\\\/\",\"name\":\"Klorane Baume Apres-Shampoing Apaisant a la pivoine 150ml - paragaleriedetalborjt\",\"isPartOf\":{\"@id\":\"https:\\\/\\\/paragaleriedetalborjt.com\\\/#website\"},\"primaryImageOfPage\":{\"@id\":\"https:\\\/\\\/paragaleriedetalborjt.com\\\/boutique\\\/klorane-baume-apres-shampoing-apaisant-a-la-pivoine-150ml\\\/#primaryimage\"},\"image\":{\"@id\":\"https:\\\/\\\/paragaleriedetalborjt.com\\\/boutique\\\/klorane-baume-apres-shampoing-apaisant-a-la-pivoine-150ml\\\/#primaryimage\"},\"thumbnailUrl\":\"https:\\\/\\\/paragaleriedetalborjt.com\\\/wp-content\\\/uploads\\\/2026\\\/01\\\/Kl-Baume-apres-shamp-apaisant-a-la-pivoine-150ml-600x600-1.jpg\",\"datePublished\":\"2026-01-02T18:33:09+00:00\",\"dateModified\":\"2026-01-02T21:18:10+00:00\",\"breadcrumb\":{\"@id\":\"https:\\\/\\\/paragaleriedetalborjt.com\\\/boutique\\\/klorane-baume-apres-shampoing-apaisant-a-la-pivoine-150ml\\\/#breadcrumb\"},\"inLanguage\":\"en-US\",\"potentialAction\":[{\"@type\":\"ReadAction\",\"target\":[\"https:\\\/\\\/paragaleriedetalborjt.com\\\/boutique\\\/klorane-baume-apres-shampoing-apaisant-a-la-pivoine-150ml\\\/\"]}]},{\"@type\":\"ImageObject\",\"inLanguage\":\"en-US\",\"@id\":\"https:\\\/\\\/paragaleriedetalborjt.com\\\/boutique\\\/klorane-baume-apres-shampoing-apaisant-a-la-pivoine-150ml\\\/#primaryimage\",\"url\":\"https:\\\/\\\/paragaleriedetalborjt.com\\\/wp-content\\\/uploads\\\/2026\\\/01\\\/Kl-Baume-apres-shamp-apaisant-a-la-pivoine-150ml-600x600-1.jpg\",\"contentUrl\":\"https:\\\/\\\/paragaleriedetalborjt.com\\\/wp-content\\\/uploads\\\/2026\\\/01\\\/Kl-Baume-apres-shamp-apaisant-a-la-pivoine-150ml-600x600-1.jpg\",\"width\":600,\"height\":600},{\"@type\":\"BreadcrumbList\",\"@id\":\"https:\\\/\\\/paragaleriedetalborjt.com\\\/boutique\\\/klorane-baume-apres-shampoing-apaisant-a-la-pivoine-150ml\\\/#breadcrumb\",\"itemListElement\":[{\"@type\":\"ListItem\",\"position\":1,\"name\":\"Accueil\",\"item\":\"https:\\\/\\\/paragaleriedetalborjt.com\\\/\"},{\"@type\":\"ListItem\",\"position\":2,\"name\":\"Boutique\",\"item\":\"https:\\\/\\\/paragaleriedetalborjt.com\\\/boutique\\\/\"},{\"@type\":\"ListItem\",\"position\":3,\"name\":\"Klorane Baume Apres-Shampoing Apaisant a la pivoine 150ml\"}]},{\"@type\":\"WebSite\",\"@id\":\"https:\\\/\\\/paragaleriedetalborjt.com\\\/#website\",\"url\":\"https:\\\/\\\/paragaleriedetalborjt.com\\\/\",\"name\":\"paragaleriedetalborjt\",\"description\":\"\",\"potentialAction\":[{\"@type\":\"SearchAction\",\"target\":{\"@type\":\"EntryPoint\",\"urlTemplate\":\"https:\\\/\\\/paragaleriedetalborjt.com\\\/?s={search_term_string}\"},\"query-input\":{\"@type\":\"PropertyValueSpecification\",\"valueRequired\":true,\"valueName\":\"search_term_string\"}}],\"inLanguage\":\"en-US\"}]}<\/script>\n<!-- \/ Yoast SEO plugin. -->","yoast_head_json":{"title":"Klorane Baume Apres-Shampoing Apaisant a la pivoine 150ml - paragaleriedetalborjt","robots":{"index":"index","follow":"follow","max-snippet":"max-snippet:-1","max-image-preview":"max-image-preview:large","max-video-preview":"max-video-preview:-1"},"canonical":"https:\/\/paragaleriedetalborjt.com\/en\/boutique\/klorane-baume-apres-shampoing-apaisant-a-la-pivoine-150ml\/","og_locale":"en_US","og_type":"article","og_title":"Klorane Baume Apres-Shampoing Apaisant a la pivoine 150ml - paragaleriedetalborjt","og_description":"Highlights:Cet apr\u00e8s-shampoing pour cuir chevelu sensible et irrit\u00e9 apaise imm\u00e9diatement et durablement les sensations d\u2019irritations et d\u2019inconfort du cuir chevelu, tout en aidant \u00e0 l\u2019\u00e9quilibre de son microbiome. Avec ou sans rin\u00e7age.","og_url":"https:\/\/paragaleriedetalborjt.com\/en\/boutique\/klorane-baume-apres-shampoing-apaisant-a-la-pivoine-150ml\/","og_site_name":"paragaleriedetalborjt","article_modified_time":"2026-01-02T21:18:10+00:00","og_image":[{"width":600,"height":600,"url":"https:\/\/paragaleriedetalborjt.com\/wp-content\/uploads\/2026\/01\/Kl-Baume-apres-shamp-apaisant-a-la-pivoine-150ml-600x600-1.jpg","type":"image\/jpeg"}],"twitter_card":"summary_large_image","twitter_misc":{"Est. reading time":"1 minute"},"schema":{"@context":"https:\/\/schema.org","@graph":[{"@type":"WebPage","@id":"https:\/\/paragaleriedetalborjt.com\/boutique\/klorane-baume-apres-shampoing-apaisant-a-la-pivoine-150ml\/","url":"https:\/\/paragaleriedetalborjt.com\/boutique\/klorane-baume-apres-shampoing-apaisant-a-la-pivoine-150ml\/","name":"Klorane Baume Apres-Shampoing Apaisant a la pivoine 150ml - paragaleriedetalborjt","isPartOf":{"@id":"https:\/\/paragaleriedetalborjt.com\/#website"},"primaryImageOfPage":{"@id":"https:\/\/paragaleriedetalborjt.com\/boutique\/klorane-baume-apres-shampoing-apaisant-a-la-pivoine-150ml\/#primaryimage"},"image":{"@id":"https:\/\/paragaleriedetalborjt.com\/boutique\/klorane-baume-apres-shampoing-apaisant-a-la-pivoine-150ml\/#primaryimage"},"thumbnailUrl":"https:\/\/paragaleriedetalborjt.com\/wp-content\/uploads\/2026\/01\/Kl-Baume-apres-shamp-apaisant-a-la-pivoine-150ml-600x600-1.jpg","datePublished":"2026-01-02T18:33:09+00:00","dateModified":"2026-01-02T21:18:10+00:00","breadcrumb":{"@id":"https:\/\/paragaleriedetalborjt.com\/boutique\/klorane-baume-apres-shampoing-apaisant-a-la-pivoine-150ml\/#breadcrumb"},"inLanguage":"en-US","potentialAction":[{"@type":"ReadAction","target":["https:\/\/paragaleriedetalborjt.com\/boutique\/klorane-baume-apres-shampoing-apaisant-a-la-pivoine-150ml\/"]}]},{"@type":"ImageObject","inLanguage":"en-US","@id":"https:\/\/paragaleriedetalborjt.com\/boutique\/klorane-baume-apres-shampoing-apaisant-a-la-pivoine-150ml\/#primaryimage","url":"https:\/\/paragaleriedetalborjt.com\/wp-content\/uploads\/2026\/01\/Kl-Baume-apres-shamp-apaisant-a-la-pivoine-150ml-600x600-1.jpg","contentUrl":"https:\/\/paragaleriedetalborjt.com\/wp-content\/uploads\/2026\/01\/Kl-Baume-apres-shamp-apaisant-a-la-pivoine-150ml-600x600-1.jpg","width":600,"height":600},{"@type":"BreadcrumbList","@id":"https:\/\/paragaleriedetalborjt.com\/boutique\/klorane-baume-apres-shampoing-apaisant-a-la-pivoine-150ml\/#breadcrumb","itemListElement":[{"@type":"ListItem","position":1,"name":"Accueil","item":"https:\/\/paragaleriedetalborjt.com\/"},{"@type":"ListItem","position":2,"name":"Boutique","item":"https:\/\/paragaleriedetalborjt.com\/boutique\/"},{"@type":"ListItem","position":3,"name":"Klorane Baume Apres-Shampoing Apaisant a la pivoine 150ml"}]},{"@type":"WebSite","@id":"https:\/\/paragaleriedetalborjt.com\/#website","url":"https:\/\/paragaleriedetalborjt.com\/","name":"paragaleriedetalborjt","description":"","potentialAction":[{"@type":"SearchAction","target":{"@type":"EntryPoint","urlTemplate":"https:\/\/paragaleriedetalborjt.com\/?s={search_term_string}"},"query-input":{"@type":"PropertyValueSpecification","valueRequired":true,"valueName":"search_term_string"}}],"inLanguage":"en-US"}]}},"brands":[],"_links":{"self":[{"href":"https:\/\/paragaleriedetalborjt.com\/en\/wp-json\/wp\/v2\/product\/25639","targetHints":{"allow":["GET"]}}],"collection":[{"href":"https:\/\/paragaleriedetalborjt.com\/en\/wp-json\/wp\/v2\/product"}],"about":[{"href":"https:\/\/paragaleriedetalborjt.com\/en\/wp-json\/wp\/v2\/types\/product"}],"replies":[{"embeddable":true,"href":"https:\/\/paragaleriedetalborjt.com\/en\/wp-json\/wp\/v2\/comments?post=25639"}],"version-history":[{"count":1,"href":"https:\/\/paragaleriedetalborjt.com\/en\/wp-json\/wp\/v2\/product\/25639\/revisions"}],"predecessor-version":[{"id":30624,"href":"https:\/\/paragaleriedetalborjt.com\/en\/wp-json\/wp\/v2\/product\/25639\/revisions\/30624"}],"wp:featuredmedia":[{"embeddable":true,"href":"https:\/\/paragaleriedetalborjt.com\/en\/wp-json\/wp\/v2\/media\/30623"}],"wp:attachment":[{"href":"https:\/\/paragaleriedetalborjt.com\/en\/wp-json\/wp\/v2\/media?parent=25639"}],"wp:term":[{"taxonomy":"pwb-brand","embeddable":true,"href":"https:\/\/paragaleriedetalborjt.com\/en\/wp-json\/wp\/v2\/pwb-brand?post=25639"},{"taxonomy":"product_cat","embeddable":true,"href":"https:\/\/paragaleriedetalborjt.com\/en\/wp-json\/wp\/v2\/product_cat?post=25639"},{"taxonomy":"product_tag","embeddable":true,"href":"https:\/\/paragaleriedetalborjt.com\/en\/wp-json\/wp\/v2\/product_tag?post=25639"}],"curies":[{"name":"wp","href":"https:\/\/api.w.org\/{rel}","templated":true}]}}