{"id":25627,"date":"2026-01-02T19:32:49","date_gmt":"2026-01-02T18:32:49","guid":{"rendered":"https:\/\/paragaleriedetalborjt.com\/?post_type=product&#038;p=25627"},"modified":"2026-01-02T22:18:09","modified_gmt":"2026-01-02T21:18:09","slug":"gival-dentifrice-gencives-sensibles-75g","status":"publish","type":"product","link":"https:\/\/paragaleriedetalborjt.com\/en\/boutique\/gival-dentifrice-gencives-sensibles-75g\/","title":{"rendered":"Gival Dentifrice Gencives Sensibles 75g"},"content":{"rendered":"<div aria-labelledby=\"tab-title-description\" class=\"woocommerce-Tabs-panel woocommerce-Tabs-panel--description panel entry-content wc-tab\" id=\"tab-description\" role=\"tabpanel\" style=\"\">\n<h2>Description<\/h2>\n<p>Une formule unique associe des ingr\u00e9dients naturels soigneusement s\u00e9lectionn\u00e9s, le The\u0301 vert, la Camomille, l\u2019Aloe\u0300 vera, la Menthe poivr\u00e9e reconnus pour leurs propri\u00e9t\u00e9s tonifiantes, apaisantes et rafra\u00eechissantes.<\/p>\n<p>Enrichi en Carbonate de Calcium et Hydroxyapatite, pour favoriser la re\u0301mine\u0301ralisation de l\u2019\u00e9mail dentaire et aider a\u0300 renforcer les dents, r\u00e9duisant ainsi la sensibilit\u00e9\u0301 dentaire, tout en luttant contre la formation des caries et en rafra\u00eechissant l\u2019haleine tout au long de la journ\u00e9e.<\/p>\n<\/div>","protected":false},"excerpt":{"rendered":"<p>Highlights:Le Dentifrice Gencives Sensibles GIVAL a \u00e9t\u00e9\u0301 sp\u00e9cialement formule\u0301 pour prot\u00e9ger et renforcer les gencives fragilis\u00e9es.<\/p>","protected":false},"featured_media":30611,"comment_status":"open","ping_status":"closed","template":"","meta":[],"pwb-brand":[],"product_cat":[16],"product_tag":[],"class_list":{"0":"post-25627","1":"product","2":"type-product","3":"status-publish","4":"has-post-thumbnail","6":"product_cat-non-classe","7":"pa_brands-gival","9":"first","10":"instock","11":"sale","12":"shipping-taxable","13":"purchasable","14":"product-type-simple"},"yoast_head":"<!-- This site is optimized with the Yoast SEO plugin v27.5 - https:\/\/yoast.com\/product\/yoast-seo-wordpress\/ -->\n<title>Gival Dentifrice Gencives Sensibles 75g - paragaleriedetalborjt<\/title>\n<meta name=\"robots\" content=\"index, follow, max-snippet:-1, max-image-preview:large, max-video-preview:-1\" \/>\n<link rel=\"canonical\" href=\"https:\/\/paragaleriedetalborjt.com\/en\/boutique\/gival-dentifrice-gencives-sensibles-75g\/\" \/>\n<meta property=\"og:locale\" content=\"en_US\" \/>\n<meta property=\"og:type\" content=\"article\" \/>\n<meta property=\"og:title\" content=\"Gival Dentifrice Gencives Sensibles 75g - paragaleriedetalborjt\" \/>\n<meta property=\"og:description\" content=\"Highlights:Le Dentifrice Gencives Sensibles GIVAL a \u00e9t\u00e9\u0301 sp\u00e9cialement formule\u0301 pour prot\u00e9ger et renforcer les gencives fragilis\u00e9es.\" \/>\n<meta property=\"og:url\" content=\"https:\/\/paragaleriedetalborjt.com\/en\/boutique\/gival-dentifrice-gencives-sensibles-75g\/\" \/>\n<meta property=\"og:site_name\" content=\"paragaleriedetalborjt\" \/>\n<meta property=\"article:modified_time\" content=\"2026-01-02T21:18:09+00:00\" \/>\n<meta property=\"og:image\" content=\"https:\/\/paragaleriedetalborjt.com\/wp-content\/uploads\/2026\/01\/Gival-Dent-gencives-sensibles-75g-600x600-1.jpg\" \/>\n\t<meta property=\"og:image:width\" content=\"600\" \/>\n\t<meta property=\"og:image:height\" content=\"600\" \/>\n\t<meta property=\"og:image:type\" content=\"image\/jpeg\" \/>\n<meta name=\"twitter:card\" content=\"summary_large_image\" \/>\n<script type=\"application\/ld+json\" class=\"yoast-schema-graph\">{\"@context\":\"https:\\\/\\\/schema.org\",\"@graph\":[{\"@type\":\"WebPage\",\"@id\":\"https:\\\/\\\/paragaleriedetalborjt.com\\\/boutique\\\/gival-dentifrice-gencives-sensibles-75g\\\/\",\"url\":\"https:\\\/\\\/paragaleriedetalborjt.com\\\/boutique\\\/gival-dentifrice-gencives-sensibles-75g\\\/\",\"name\":\"Gival Dentifrice Gencives Sensibles 75g - paragaleriedetalborjt\",\"isPartOf\":{\"@id\":\"https:\\\/\\\/paragaleriedetalborjt.com\\\/#website\"},\"primaryImageOfPage\":{\"@id\":\"https:\\\/\\\/paragaleriedetalborjt.com\\\/boutique\\\/gival-dentifrice-gencives-sensibles-75g\\\/#primaryimage\"},\"image\":{\"@id\":\"https:\\\/\\\/paragaleriedetalborjt.com\\\/boutique\\\/gival-dentifrice-gencives-sensibles-75g\\\/#primaryimage\"},\"thumbnailUrl\":\"https:\\\/\\\/paragaleriedetalborjt.com\\\/wp-content\\\/uploads\\\/2026\\\/01\\\/Gival-Dent-gencives-sensibles-75g-600x600-1.jpg\",\"datePublished\":\"2026-01-02T18:32:49+00:00\",\"dateModified\":\"2026-01-02T21:18:09+00:00\",\"breadcrumb\":{\"@id\":\"https:\\\/\\\/paragaleriedetalborjt.com\\\/boutique\\\/gival-dentifrice-gencives-sensibles-75g\\\/#breadcrumb\"},\"inLanguage\":\"en-US\",\"potentialAction\":[{\"@type\":\"ReadAction\",\"target\":[\"https:\\\/\\\/paragaleriedetalborjt.com\\\/boutique\\\/gival-dentifrice-gencives-sensibles-75g\\\/\"]}]},{\"@type\":\"ImageObject\",\"inLanguage\":\"en-US\",\"@id\":\"https:\\\/\\\/paragaleriedetalborjt.com\\\/boutique\\\/gival-dentifrice-gencives-sensibles-75g\\\/#primaryimage\",\"url\":\"https:\\\/\\\/paragaleriedetalborjt.com\\\/wp-content\\\/uploads\\\/2026\\\/01\\\/Gival-Dent-gencives-sensibles-75g-600x600-1.jpg\",\"contentUrl\":\"https:\\\/\\\/paragaleriedetalborjt.com\\\/wp-content\\\/uploads\\\/2026\\\/01\\\/Gival-Dent-gencives-sensibles-75g-600x600-1.jpg\",\"width\":600,\"height\":600},{\"@type\":\"BreadcrumbList\",\"@id\":\"https:\\\/\\\/paragaleriedetalborjt.com\\\/boutique\\\/gival-dentifrice-gencives-sensibles-75g\\\/#breadcrumb\",\"itemListElement\":[{\"@type\":\"ListItem\",\"position\":1,\"name\":\"Accueil\",\"item\":\"https:\\\/\\\/paragaleriedetalborjt.com\\\/\"},{\"@type\":\"ListItem\",\"position\":2,\"name\":\"Boutique\",\"item\":\"https:\\\/\\\/paragaleriedetalborjt.com\\\/boutique\\\/\"},{\"@type\":\"ListItem\",\"position\":3,\"name\":\"Gival Dentifrice Gencives Sensibles 75g\"}]},{\"@type\":\"WebSite\",\"@id\":\"https:\\\/\\\/paragaleriedetalborjt.com\\\/#website\",\"url\":\"https:\\\/\\\/paragaleriedetalborjt.com\\\/\",\"name\":\"paragaleriedetalborjt\",\"description\":\"\",\"potentialAction\":[{\"@type\":\"SearchAction\",\"target\":{\"@type\":\"EntryPoint\",\"urlTemplate\":\"https:\\\/\\\/paragaleriedetalborjt.com\\\/?s={search_term_string}\"},\"query-input\":{\"@type\":\"PropertyValueSpecification\",\"valueRequired\":true,\"valueName\":\"search_term_string\"}}],\"inLanguage\":\"en-US\"}]}<\/script>\n<!-- \/ Yoast SEO plugin. -->","yoast_head_json":{"title":"Gival Dentifrice Gencives Sensibles 75g - paragaleriedetalborjt","robots":{"index":"index","follow":"follow","max-snippet":"max-snippet:-1","max-image-preview":"max-image-preview:large","max-video-preview":"max-video-preview:-1"},"canonical":"https:\/\/paragaleriedetalborjt.com\/en\/boutique\/gival-dentifrice-gencives-sensibles-75g\/","og_locale":"en_US","og_type":"article","og_title":"Gival Dentifrice Gencives Sensibles 75g - paragaleriedetalborjt","og_description":"Highlights:Le Dentifrice Gencives Sensibles GIVAL a \u00e9t\u00e9\u0301 sp\u00e9cialement formule\u0301 pour prot\u00e9ger et renforcer les gencives fragilis\u00e9es.","og_url":"https:\/\/paragaleriedetalborjt.com\/en\/boutique\/gival-dentifrice-gencives-sensibles-75g\/","og_site_name":"paragaleriedetalborjt","article_modified_time":"2026-01-02T21:18:09+00:00","og_image":[{"width":600,"height":600,"url":"https:\/\/paragaleriedetalborjt.com\/wp-content\/uploads\/2026\/01\/Gival-Dent-gencives-sensibles-75g-600x600-1.jpg","type":"image\/jpeg"}],"twitter_card":"summary_large_image","schema":{"@context":"https:\/\/schema.org","@graph":[{"@type":"WebPage","@id":"https:\/\/paragaleriedetalborjt.com\/boutique\/gival-dentifrice-gencives-sensibles-75g\/","url":"https:\/\/paragaleriedetalborjt.com\/boutique\/gival-dentifrice-gencives-sensibles-75g\/","name":"Gival Dentifrice Gencives Sensibles 75g - paragaleriedetalborjt","isPartOf":{"@id":"https:\/\/paragaleriedetalborjt.com\/#website"},"primaryImageOfPage":{"@id":"https:\/\/paragaleriedetalborjt.com\/boutique\/gival-dentifrice-gencives-sensibles-75g\/#primaryimage"},"image":{"@id":"https:\/\/paragaleriedetalborjt.com\/boutique\/gival-dentifrice-gencives-sensibles-75g\/#primaryimage"},"thumbnailUrl":"https:\/\/paragaleriedetalborjt.com\/wp-content\/uploads\/2026\/01\/Gival-Dent-gencives-sensibles-75g-600x600-1.jpg","datePublished":"2026-01-02T18:32:49+00:00","dateModified":"2026-01-02T21:18:09+00:00","breadcrumb":{"@id":"https:\/\/paragaleriedetalborjt.com\/boutique\/gival-dentifrice-gencives-sensibles-75g\/#breadcrumb"},"inLanguage":"en-US","potentialAction":[{"@type":"ReadAction","target":["https:\/\/paragaleriedetalborjt.com\/boutique\/gival-dentifrice-gencives-sensibles-75g\/"]}]},{"@type":"ImageObject","inLanguage":"en-US","@id":"https:\/\/paragaleriedetalborjt.com\/boutique\/gival-dentifrice-gencives-sensibles-75g\/#primaryimage","url":"https:\/\/paragaleriedetalborjt.com\/wp-content\/uploads\/2026\/01\/Gival-Dent-gencives-sensibles-75g-600x600-1.jpg","contentUrl":"https:\/\/paragaleriedetalborjt.com\/wp-content\/uploads\/2026\/01\/Gival-Dent-gencives-sensibles-75g-600x600-1.jpg","width":600,"height":600},{"@type":"BreadcrumbList","@id":"https:\/\/paragaleriedetalborjt.com\/boutique\/gival-dentifrice-gencives-sensibles-75g\/#breadcrumb","itemListElement":[{"@type":"ListItem","position":1,"name":"Accueil","item":"https:\/\/paragaleriedetalborjt.com\/"},{"@type":"ListItem","position":2,"name":"Boutique","item":"https:\/\/paragaleriedetalborjt.com\/boutique\/"},{"@type":"ListItem","position":3,"name":"Gival Dentifrice Gencives Sensibles 75g"}]},{"@type":"WebSite","@id":"https:\/\/paragaleriedetalborjt.com\/#website","url":"https:\/\/paragaleriedetalborjt.com\/","name":"paragaleriedetalborjt","description":"","potentialAction":[{"@type":"SearchAction","target":{"@type":"EntryPoint","urlTemplate":"https:\/\/paragaleriedetalborjt.com\/?s={search_term_string}"},"query-input":{"@type":"PropertyValueSpecification","valueRequired":true,"valueName":"search_term_string"}}],"inLanguage":"en-US"}]}},"brands":[],"_links":{"self":[{"href":"https:\/\/paragaleriedetalborjt.com\/en\/wp-json\/wp\/v2\/product\/25627","targetHints":{"allow":["GET"]}}],"collection":[{"href":"https:\/\/paragaleriedetalborjt.com\/en\/wp-json\/wp\/v2\/product"}],"about":[{"href":"https:\/\/paragaleriedetalborjt.com\/en\/wp-json\/wp\/v2\/types\/product"}],"replies":[{"embeddable":true,"href":"https:\/\/paragaleriedetalborjt.com\/en\/wp-json\/wp\/v2\/comments?post=25627"}],"version-history":[{"count":1,"href":"https:\/\/paragaleriedetalborjt.com\/en\/wp-json\/wp\/v2\/product\/25627\/revisions"}],"predecessor-version":[{"id":30612,"href":"https:\/\/paragaleriedetalborjt.com\/en\/wp-json\/wp\/v2\/product\/25627\/revisions\/30612"}],"wp:featuredmedia":[{"embeddable":true,"href":"https:\/\/paragaleriedetalborjt.com\/en\/wp-json\/wp\/v2\/media\/30611"}],"wp:attachment":[{"href":"https:\/\/paragaleriedetalborjt.com\/en\/wp-json\/wp\/v2\/media?parent=25627"}],"wp:term":[{"taxonomy":"pwb-brand","embeddable":true,"href":"https:\/\/paragaleriedetalborjt.com\/en\/wp-json\/wp\/v2\/pwb-brand?post=25627"},{"taxonomy":"product_cat","embeddable":true,"href":"https:\/\/paragaleriedetalborjt.com\/en\/wp-json\/wp\/v2\/product_cat?post=25627"},{"taxonomy":"product_tag","embeddable":true,"href":"https:\/\/paragaleriedetalborjt.com\/en\/wp-json\/wp\/v2\/product_tag?post=25627"}],"curies":[{"name":"wp","href":"https:\/\/api.w.org\/{rel}","templated":true}]}}