{"id":25582,"date":"2026-01-02T19:30:54","date_gmt":"2026-01-02T18:30:54","guid":{"rendered":"https:\/\/paragaleriedetalborjt.com\/?post_type=product&#038;p=25582"},"modified":"2026-01-02T22:18:01","modified_gmt":"2026-01-02T21:18:01","slug":"buccotherm-dentifrice-prevention-caries-citron-75ml","status":"publish","type":"product","link":"https:\/\/paragaleriedetalborjt.com\/en\/boutique\/buccotherm-dentifrice-prevention-caries-citron-75ml\/","title":{"rendered":"Buccotherm Dentifrice Prevention caries Citron 75ml"},"content":{"rendered":"<div aria-labelledby=\"tab-title-description\" class=\"woocommerce-Tabs-panel woocommerce-Tabs-panel--description panel entry-content wc-tab\" id=\"tab-description\" role=\"tabpanel\" style=\"\">\n<h2>Description<\/h2>\n<p>BUCCOTHERM\u00ae Protection compl\u00e8te au citron\u00a0eucalyptus est un dentifrice certifi\u00e9 BIO* compos\u00e9 \u00e0 100% d\u2019ingr\u00e9dients d\u2019origine naturelle. Sa formule unique associe l\u2019Eau thermale de Cast\u00e9ra-Verduzan \u00e0 l\u2019Aloe Vera pour renforcer les dents et prot\u00e9ger les gencives. Formul\u00e9 avec du fluor\u00a0\u2013 1450 ppm \u2013\u00a0il aide \u00e0 combattre efficacement les attaques acides et \u00e0 pr\u00e9venir la formation des caries. Son ar\u00f4me naturel de citron eucalyptus procure une agr\u00e9able sensation de fra\u00eecheur.<\/p>\n<\/div>","protected":false},"excerpt":{"rendered":"<p>Highlights:Dentifrice Protection Compl\u00e8te au Citron eucalyptus certifi\u00e9 BIO 75ML, Go\u00fbt citron eucalyptus<\/p>","protected":false},"featured_media":30541,"comment_status":"open","ping_status":"closed","template":"","meta":[],"pwb-brand":[],"product_cat":[16],"product_tag":[],"class_list":{"0":"post-25582","1":"product","2":"type-product","3":"status-publish","4":"has-post-thumbnail","6":"product_cat-non-classe","7":"pa_brands-buccotherm","9":"first","10":"instock","11":"sale","12":"shipping-taxable","13":"purchasable","14":"product-type-simple"},"yoast_head":"<!-- This site is optimized with the Yoast SEO plugin v26.9 - https:\/\/yoast.com\/product\/yoast-seo-wordpress\/ -->\n<title>Buccotherm Dentifrice Prevention caries Citron 75ml - paragaleriedetalborjt<\/title>\n<meta name=\"robots\" content=\"index, follow, max-snippet:-1, max-image-preview:large, max-video-preview:-1\" \/>\n<link rel=\"canonical\" href=\"https:\/\/paragaleriedetalborjt.com\/en\/boutique\/buccotherm-dentifrice-prevention-caries-citron-75ml\/\" \/>\n<meta property=\"og:locale\" content=\"en_US\" \/>\n<meta property=\"og:type\" content=\"article\" \/>\n<meta property=\"og:title\" content=\"Buccotherm Dentifrice Prevention caries Citron 75ml - paragaleriedetalborjt\" \/>\n<meta property=\"og:description\" content=\"Highlights:Dentifrice Protection Compl\u00e8te au Citron eucalyptus certifi\u00e9 BIO 75ML, Go\u00fbt citron eucalyptus\" \/>\n<meta property=\"og:url\" content=\"https:\/\/paragaleriedetalborjt.com\/en\/boutique\/buccotherm-dentifrice-prevention-caries-citron-75ml\/\" \/>\n<meta property=\"og:site_name\" content=\"paragaleriedetalborjt\" \/>\n<meta property=\"article:modified_time\" content=\"2026-01-02T21:18:01+00:00\" \/>\n<meta property=\"og:image\" content=\"https:\/\/paragaleriedetalborjt.com\/wp-content\/uploads\/2026\/01\/Buccotherm-Dent-Prevention-caries-Citron-75ml-600x600-1.jpg\" \/>\n\t<meta property=\"og:image:width\" content=\"600\" \/>\n\t<meta property=\"og:image:height\" content=\"600\" \/>\n\t<meta property=\"og:image:type\" content=\"image\/jpeg\" \/>\n<meta name=\"twitter:card\" content=\"summary_large_image\" \/>\n<script type=\"application\/ld+json\" class=\"yoast-schema-graph\">{\"@context\":\"https:\/\/schema.org\",\"@graph\":[{\"@type\":\"WebPage\",\"@id\":\"https:\/\/paragaleriedetalborjt.com\/boutique\/buccotherm-dentifrice-prevention-caries-citron-75ml\/\",\"url\":\"https:\/\/paragaleriedetalborjt.com\/boutique\/buccotherm-dentifrice-prevention-caries-citron-75ml\/\",\"name\":\"Buccotherm Dentifrice Prevention caries Citron 75ml - paragaleriedetalborjt\",\"isPartOf\":{\"@id\":\"https:\/\/paragaleriedetalborjt.com\/#website\"},\"primaryImageOfPage\":{\"@id\":\"https:\/\/paragaleriedetalborjt.com\/boutique\/buccotherm-dentifrice-prevention-caries-citron-75ml\/#primaryimage\"},\"image\":{\"@id\":\"https:\/\/paragaleriedetalborjt.com\/boutique\/buccotherm-dentifrice-prevention-caries-citron-75ml\/#primaryimage\"},\"thumbnailUrl\":\"https:\/\/paragaleriedetalborjt.com\/wp-content\/uploads\/2026\/01\/Buccotherm-Dent-Prevention-caries-Citron-75ml-600x600-1.jpg\",\"datePublished\":\"2026-01-02T18:30:54+00:00\",\"dateModified\":\"2026-01-02T21:18:01+00:00\",\"breadcrumb\":{\"@id\":\"https:\/\/paragaleriedetalborjt.com\/boutique\/buccotherm-dentifrice-prevention-caries-citron-75ml\/#breadcrumb\"},\"inLanguage\":\"en-US\",\"potentialAction\":[{\"@type\":\"ReadAction\",\"target\":[\"https:\/\/paragaleriedetalborjt.com\/boutique\/buccotherm-dentifrice-prevention-caries-citron-75ml\/\"]}]},{\"@type\":\"ImageObject\",\"inLanguage\":\"en-US\",\"@id\":\"https:\/\/paragaleriedetalborjt.com\/boutique\/buccotherm-dentifrice-prevention-caries-citron-75ml\/#primaryimage\",\"url\":\"https:\/\/paragaleriedetalborjt.com\/wp-content\/uploads\/2026\/01\/Buccotherm-Dent-Prevention-caries-Citron-75ml-600x600-1.jpg\",\"contentUrl\":\"https:\/\/paragaleriedetalborjt.com\/wp-content\/uploads\/2026\/01\/Buccotherm-Dent-Prevention-caries-Citron-75ml-600x600-1.jpg\",\"width\":600,\"height\":600},{\"@type\":\"BreadcrumbList\",\"@id\":\"https:\/\/paragaleriedetalborjt.com\/boutique\/buccotherm-dentifrice-prevention-caries-citron-75ml\/#breadcrumb\",\"itemListElement\":[{\"@type\":\"ListItem\",\"position\":1,\"name\":\"Accueil\",\"item\":\"https:\/\/paragaleriedetalborjt.com\/\"},{\"@type\":\"ListItem\",\"position\":2,\"name\":\"Boutique\",\"item\":\"https:\/\/paragaleriedetalborjt.com\/boutique\/\"},{\"@type\":\"ListItem\",\"position\":3,\"name\":\"Buccotherm Dentifrice Prevention caries Citron 75ml\"}]},{\"@type\":\"WebSite\",\"@id\":\"https:\/\/paragaleriedetalborjt.com\/#website\",\"url\":\"https:\/\/paragaleriedetalborjt.com\/\",\"name\":\"paragaleriedetalborjt\",\"description\":\"\",\"potentialAction\":[{\"@type\":\"SearchAction\",\"target\":{\"@type\":\"EntryPoint\",\"urlTemplate\":\"https:\/\/paragaleriedetalborjt.com\/?s={search_term_string}\"},\"query-input\":{\"@type\":\"PropertyValueSpecification\",\"valueRequired\":true,\"valueName\":\"search_term_string\"}}],\"inLanguage\":\"en-US\"}]}<\/script>\n<!-- \/ Yoast SEO plugin. -->","yoast_head_json":{"title":"Buccotherm Dentifrice Prevention caries Citron 75ml - paragaleriedetalborjt","robots":{"index":"index","follow":"follow","max-snippet":"max-snippet:-1","max-image-preview":"max-image-preview:large","max-video-preview":"max-video-preview:-1"},"canonical":"https:\/\/paragaleriedetalborjt.com\/en\/boutique\/buccotherm-dentifrice-prevention-caries-citron-75ml\/","og_locale":"en_US","og_type":"article","og_title":"Buccotherm Dentifrice Prevention caries Citron 75ml - paragaleriedetalborjt","og_description":"Highlights:Dentifrice Protection Compl\u00e8te au Citron eucalyptus certifi\u00e9 BIO 75ML, Go\u00fbt citron eucalyptus","og_url":"https:\/\/paragaleriedetalborjt.com\/en\/boutique\/buccotherm-dentifrice-prevention-caries-citron-75ml\/","og_site_name":"paragaleriedetalborjt","article_modified_time":"2026-01-02T21:18:01+00:00","og_image":[{"width":600,"height":600,"url":"https:\/\/paragaleriedetalborjt.com\/wp-content\/uploads\/2026\/01\/Buccotherm-Dent-Prevention-caries-Citron-75ml-600x600-1.jpg","type":"image\/jpeg"}],"twitter_card":"summary_large_image","schema":{"@context":"https:\/\/schema.org","@graph":[{"@type":"WebPage","@id":"https:\/\/paragaleriedetalborjt.com\/boutique\/buccotherm-dentifrice-prevention-caries-citron-75ml\/","url":"https:\/\/paragaleriedetalborjt.com\/boutique\/buccotherm-dentifrice-prevention-caries-citron-75ml\/","name":"Buccotherm Dentifrice Prevention caries Citron 75ml - paragaleriedetalborjt","isPartOf":{"@id":"https:\/\/paragaleriedetalborjt.com\/#website"},"primaryImageOfPage":{"@id":"https:\/\/paragaleriedetalborjt.com\/boutique\/buccotherm-dentifrice-prevention-caries-citron-75ml\/#primaryimage"},"image":{"@id":"https:\/\/paragaleriedetalborjt.com\/boutique\/buccotherm-dentifrice-prevention-caries-citron-75ml\/#primaryimage"},"thumbnailUrl":"https:\/\/paragaleriedetalborjt.com\/wp-content\/uploads\/2026\/01\/Buccotherm-Dent-Prevention-caries-Citron-75ml-600x600-1.jpg","datePublished":"2026-01-02T18:30:54+00:00","dateModified":"2026-01-02T21:18:01+00:00","breadcrumb":{"@id":"https:\/\/paragaleriedetalborjt.com\/boutique\/buccotherm-dentifrice-prevention-caries-citron-75ml\/#breadcrumb"},"inLanguage":"en-US","potentialAction":[{"@type":"ReadAction","target":["https:\/\/paragaleriedetalborjt.com\/boutique\/buccotherm-dentifrice-prevention-caries-citron-75ml\/"]}]},{"@type":"ImageObject","inLanguage":"en-US","@id":"https:\/\/paragaleriedetalborjt.com\/boutique\/buccotherm-dentifrice-prevention-caries-citron-75ml\/#primaryimage","url":"https:\/\/paragaleriedetalborjt.com\/wp-content\/uploads\/2026\/01\/Buccotherm-Dent-Prevention-caries-Citron-75ml-600x600-1.jpg","contentUrl":"https:\/\/paragaleriedetalborjt.com\/wp-content\/uploads\/2026\/01\/Buccotherm-Dent-Prevention-caries-Citron-75ml-600x600-1.jpg","width":600,"height":600},{"@type":"BreadcrumbList","@id":"https:\/\/paragaleriedetalborjt.com\/boutique\/buccotherm-dentifrice-prevention-caries-citron-75ml\/#breadcrumb","itemListElement":[{"@type":"ListItem","position":1,"name":"Accueil","item":"https:\/\/paragaleriedetalborjt.com\/"},{"@type":"ListItem","position":2,"name":"Boutique","item":"https:\/\/paragaleriedetalborjt.com\/boutique\/"},{"@type":"ListItem","position":3,"name":"Buccotherm Dentifrice Prevention caries Citron 75ml"}]},{"@type":"WebSite","@id":"https:\/\/paragaleriedetalborjt.com\/#website","url":"https:\/\/paragaleriedetalborjt.com\/","name":"paragaleriedetalborjt","description":"","potentialAction":[{"@type":"SearchAction","target":{"@type":"EntryPoint","urlTemplate":"https:\/\/paragaleriedetalborjt.com\/?s={search_term_string}"},"query-input":{"@type":"PropertyValueSpecification","valueRequired":true,"valueName":"search_term_string"}}],"inLanguage":"en-US"}]}},"brands":[],"_links":{"self":[{"href":"https:\/\/paragaleriedetalborjt.com\/en\/wp-json\/wp\/v2\/product\/25582","targetHints":{"allow":["GET"]}}],"collection":[{"href":"https:\/\/paragaleriedetalborjt.com\/en\/wp-json\/wp\/v2\/product"}],"about":[{"href":"https:\/\/paragaleriedetalborjt.com\/en\/wp-json\/wp\/v2\/types\/product"}],"replies":[{"embeddable":true,"href":"https:\/\/paragaleriedetalborjt.com\/en\/wp-json\/wp\/v2\/comments?post=25582"}],"version-history":[{"count":1,"href":"https:\/\/paragaleriedetalborjt.com\/en\/wp-json\/wp\/v2\/product\/25582\/revisions"}],"predecessor-version":[{"id":30542,"href":"https:\/\/paragaleriedetalborjt.com\/en\/wp-json\/wp\/v2\/product\/25582\/revisions\/30542"}],"wp:featuredmedia":[{"embeddable":true,"href":"https:\/\/paragaleriedetalborjt.com\/en\/wp-json\/wp\/v2\/media\/30541"}],"wp:attachment":[{"href":"https:\/\/paragaleriedetalborjt.com\/en\/wp-json\/wp\/v2\/media?parent=25582"}],"wp:term":[{"taxonomy":"pwb-brand","embeddable":true,"href":"https:\/\/paragaleriedetalborjt.com\/en\/wp-json\/wp\/v2\/pwb-brand?post=25582"},{"taxonomy":"product_cat","embeddable":true,"href":"https:\/\/paragaleriedetalborjt.com\/en\/wp-json\/wp\/v2\/product_cat?post=25582"},{"taxonomy":"product_tag","embeddable":true,"href":"https:\/\/paragaleriedetalborjt.com\/en\/wp-json\/wp\/v2\/product_tag?post=25582"}],"curies":[{"name":"wp","href":"https:\/\/api.w.org\/{rel}","templated":true}]}}