{"id":25555,"date":"2026-01-02T19:29:27","date_gmt":"2026-01-02T18:29:27","guid":{"rendered":"https:\/\/paragaleriedetalborjt.com\/?post_type=product&#038;p=25555"},"modified":"2026-01-02T22:17:57","modified_gmt":"2026-01-02T21:17:57","slug":"cliniceutica-ceracap-shampoing-antipelliculaire-250ml","status":"publish","type":"product","link":"https:\/\/paragaleriedetalborjt.com\/en\/boutique\/cliniceutica-ceracap-shampoing-antipelliculaire-250ml\/","title":{"rendered":"Cliniceutica Ceracap Shampoing Antipelliculaire 250ml"},"content":{"rendered":"<div aria-labelledby=\"tab-title-description\" class=\"woocommerce-Tabs-panel woocommerce-Tabs-panel--description panel entry-content wc-tab\" id=\"tab-description\" role=\"tabpanel\" style=\"\">\n<h2>Description<\/h2>\n<p>Le shampooing antipelliculaire CERACAP AP est sp\u00e9cifiquement formul\u00e9 \u00e0 partir d\u2019acide salicylique et Kopirox\u00ae pour contribuer \u00e0 soulager les sympt\u00f4mes associ\u00e9s aux \u00e9tats squameux s\u00e9v\u00e8res du cuir chevelu : Contr\u00f4le les pellicules et les d\u00e9mangeaisons \/ irritations \/ rougeurs \/ desquamation et \u00e9caillement du cuir chevelu.<br \/>\nIl contient un complexe \u00e9quilibrant riche en Adandrine\u00ae, en Romarin, en C\u00e9ramides A2 en provitamine B5 et en Acide Lactique pour procurer tous les \u00e9l\u00e9ments essentiels \u00e0 am\u00e9liorer l\u2019apparence de vos cheveux.<\/p>\n<ul class=\"ui-tabs-nav ui-corner-all ui-helper-reset ui-helper-clearfix ui-widget-header\" role=\"tablist\">\n<li aria-controls=\"tab-67629a8d3544e-1\" aria-expanded=\"true\" aria-labelledby=\"ui-id-5\" aria-selected=\"true\" class=\"ui-tabs-tab ui-corner-top ui-state-default ui-tab ui-tabs-active ui-state-active\" role=\"tab\" tabindex=\"0\"><strong>Conseil d\u2019utilisation :\u00a0<\/strong><\/li>\n<\/ul>\n<div aria-hidden=\"false\" aria-labelledby=\"ui-id-5\" class=\"ui-tabs-panel ui-corner-bottom ui-widget-content\" id=\"tab-67629a8d3544e-1\" role=\"tabpanel\">\n<ul>\n<li>Adultes, adolescents et enfants de plus de 2 ans : Appliquer uniform\u00e9ment sur le cuir chevelu, laisser agir plusieurs minutes, puis rincer. R\u00e9p\u00e9ter l\u2019application.<\/li>\n<li><b>Fr\u00e9quence :\u00a0<\/b>Utiliser le produit au moins deux fois par semaine ou selon les directives d\u2019un m\u00e9decin ou praticien de soins de sant\u00e9<\/li>\n<\/ul>\n<\/div>\n<\/div>","protected":false},"excerpt":{"rendered":"<p>Highlights:Soin antipelliculaire (pellicules s\u00e8ches et grasses ) \u00e9tats squameux s\u00e9v\u00e8res pourcheveux normaux \u00e0 gras<\/p>","protected":false},"featured_media":30487,"comment_status":"open","ping_status":"closed","template":"","meta":[],"pwb-brand":[],"product_cat":[16],"product_tag":[],"class_list":{"0":"post-25555","1":"product","2":"type-product","3":"status-publish","4":"has-post-thumbnail","6":"product_cat-non-classe","7":"pa_brands-cliniceutica","9":"first","10":"instock","11":"sale","12":"shipping-taxable","13":"purchasable","14":"product-type-simple"},"yoast_head":"<!-- This site is optimized with the Yoast SEO plugin v27.5 - https:\/\/yoast.com\/product\/yoast-seo-wordpress\/ -->\n<title>Cliniceutica Ceracap Shampoing Antipelliculaire 250ml - paragaleriedetalborjt<\/title>\n<meta name=\"robots\" content=\"index, follow, max-snippet:-1, max-image-preview:large, max-video-preview:-1\" \/>\n<link rel=\"canonical\" href=\"https:\/\/paragaleriedetalborjt.com\/en\/boutique\/cliniceutica-ceracap-shampoing-antipelliculaire-250ml\/\" \/>\n<meta property=\"og:locale\" content=\"en_US\" \/>\n<meta property=\"og:type\" content=\"article\" \/>\n<meta property=\"og:title\" content=\"Cliniceutica Ceracap Shampoing Antipelliculaire 250ml - paragaleriedetalborjt\" \/>\n<meta property=\"og:description\" content=\"Highlights:Soin antipelliculaire (pellicules s\u00e8ches et grasses ) \u00e9tats squameux s\u00e9v\u00e8res pourcheveux normaux \u00e0 gras\" \/>\n<meta property=\"og:url\" content=\"https:\/\/paragaleriedetalborjt.com\/en\/boutique\/cliniceutica-ceracap-shampoing-antipelliculaire-250ml\/\" \/>\n<meta property=\"og:site_name\" content=\"paragaleriedetalborjt\" \/>\n<meta property=\"article:modified_time\" content=\"2026-01-02T21:17:57+00:00\" \/>\n<meta property=\"og:image\" content=\"https:\/\/paragaleriedetalborjt.com\/wp-content\/uploads\/2026\/01\/Cliniceutica-Ceracap-Shamp-antipelliculaire-250ml-600x600-1.jpg\" \/>\n\t<meta property=\"og:image:width\" content=\"600\" \/>\n\t<meta property=\"og:image:height\" content=\"600\" \/>\n\t<meta property=\"og:image:type\" content=\"image\/jpeg\" \/>\n<meta name=\"twitter:card\" content=\"summary_large_image\" \/>\n<meta name=\"twitter:label1\" content=\"Est. reading time\" \/>\n\t<meta name=\"twitter:data1\" content=\"1 minute\" \/>\n<script type=\"application\/ld+json\" class=\"yoast-schema-graph\">{\"@context\":\"https:\\\/\\\/schema.org\",\"@graph\":[{\"@type\":\"WebPage\",\"@id\":\"https:\\\/\\\/paragaleriedetalborjt.com\\\/boutique\\\/cliniceutica-ceracap-shampoing-antipelliculaire-250ml\\\/\",\"url\":\"https:\\\/\\\/paragaleriedetalborjt.com\\\/boutique\\\/cliniceutica-ceracap-shampoing-antipelliculaire-250ml\\\/\",\"name\":\"Cliniceutica Ceracap Shampoing Antipelliculaire 250ml - paragaleriedetalborjt\",\"isPartOf\":{\"@id\":\"https:\\\/\\\/paragaleriedetalborjt.com\\\/#website\"},\"primaryImageOfPage\":{\"@id\":\"https:\\\/\\\/paragaleriedetalborjt.com\\\/boutique\\\/cliniceutica-ceracap-shampoing-antipelliculaire-250ml\\\/#primaryimage\"},\"image\":{\"@id\":\"https:\\\/\\\/paragaleriedetalborjt.com\\\/boutique\\\/cliniceutica-ceracap-shampoing-antipelliculaire-250ml\\\/#primaryimage\"},\"thumbnailUrl\":\"https:\\\/\\\/paragaleriedetalborjt.com\\\/wp-content\\\/uploads\\\/2026\\\/01\\\/Cliniceutica-Ceracap-Shamp-antipelliculaire-250ml-600x600-1.jpg\",\"datePublished\":\"2026-01-02T18:29:27+00:00\",\"dateModified\":\"2026-01-02T21:17:57+00:00\",\"breadcrumb\":{\"@id\":\"https:\\\/\\\/paragaleriedetalborjt.com\\\/boutique\\\/cliniceutica-ceracap-shampoing-antipelliculaire-250ml\\\/#breadcrumb\"},\"inLanguage\":\"en-US\",\"potentialAction\":[{\"@type\":\"ReadAction\",\"target\":[\"https:\\\/\\\/paragaleriedetalborjt.com\\\/boutique\\\/cliniceutica-ceracap-shampoing-antipelliculaire-250ml\\\/\"]}]},{\"@type\":\"ImageObject\",\"inLanguage\":\"en-US\",\"@id\":\"https:\\\/\\\/paragaleriedetalborjt.com\\\/boutique\\\/cliniceutica-ceracap-shampoing-antipelliculaire-250ml\\\/#primaryimage\",\"url\":\"https:\\\/\\\/paragaleriedetalborjt.com\\\/wp-content\\\/uploads\\\/2026\\\/01\\\/Cliniceutica-Ceracap-Shamp-antipelliculaire-250ml-600x600-1.jpg\",\"contentUrl\":\"https:\\\/\\\/paragaleriedetalborjt.com\\\/wp-content\\\/uploads\\\/2026\\\/01\\\/Cliniceutica-Ceracap-Shamp-antipelliculaire-250ml-600x600-1.jpg\",\"width\":600,\"height\":600},{\"@type\":\"BreadcrumbList\",\"@id\":\"https:\\\/\\\/paragaleriedetalborjt.com\\\/boutique\\\/cliniceutica-ceracap-shampoing-antipelliculaire-250ml\\\/#breadcrumb\",\"itemListElement\":[{\"@type\":\"ListItem\",\"position\":1,\"name\":\"Accueil\",\"item\":\"https:\\\/\\\/paragaleriedetalborjt.com\\\/\"},{\"@type\":\"ListItem\",\"position\":2,\"name\":\"Boutique\",\"item\":\"https:\\\/\\\/paragaleriedetalborjt.com\\\/boutique\\\/\"},{\"@type\":\"ListItem\",\"position\":3,\"name\":\"Cliniceutica Ceracap Shampoing Antipelliculaire 250ml\"}]},{\"@type\":\"WebSite\",\"@id\":\"https:\\\/\\\/paragaleriedetalborjt.com\\\/#website\",\"url\":\"https:\\\/\\\/paragaleriedetalborjt.com\\\/\",\"name\":\"paragaleriedetalborjt\",\"description\":\"\",\"potentialAction\":[{\"@type\":\"SearchAction\",\"target\":{\"@type\":\"EntryPoint\",\"urlTemplate\":\"https:\\\/\\\/paragaleriedetalborjt.com\\\/?s={search_term_string}\"},\"query-input\":{\"@type\":\"PropertyValueSpecification\",\"valueRequired\":true,\"valueName\":\"search_term_string\"}}],\"inLanguage\":\"en-US\"}]}<\/script>\n<!-- \/ Yoast SEO plugin. -->","yoast_head_json":{"title":"Cliniceutica Ceracap Shampoing Antipelliculaire 250ml - paragaleriedetalborjt","robots":{"index":"index","follow":"follow","max-snippet":"max-snippet:-1","max-image-preview":"max-image-preview:large","max-video-preview":"max-video-preview:-1"},"canonical":"https:\/\/paragaleriedetalborjt.com\/en\/boutique\/cliniceutica-ceracap-shampoing-antipelliculaire-250ml\/","og_locale":"en_US","og_type":"article","og_title":"Cliniceutica Ceracap Shampoing Antipelliculaire 250ml - paragaleriedetalborjt","og_description":"Highlights:Soin antipelliculaire (pellicules s\u00e8ches et grasses ) \u00e9tats squameux s\u00e9v\u00e8res pourcheveux normaux \u00e0 gras","og_url":"https:\/\/paragaleriedetalborjt.com\/en\/boutique\/cliniceutica-ceracap-shampoing-antipelliculaire-250ml\/","og_site_name":"paragaleriedetalborjt","article_modified_time":"2026-01-02T21:17:57+00:00","og_image":[{"width":600,"height":600,"url":"https:\/\/paragaleriedetalborjt.com\/wp-content\/uploads\/2026\/01\/Cliniceutica-Ceracap-Shamp-antipelliculaire-250ml-600x600-1.jpg","type":"image\/jpeg"}],"twitter_card":"summary_large_image","twitter_misc":{"Est. reading time":"1 minute"},"schema":{"@context":"https:\/\/schema.org","@graph":[{"@type":"WebPage","@id":"https:\/\/paragaleriedetalborjt.com\/boutique\/cliniceutica-ceracap-shampoing-antipelliculaire-250ml\/","url":"https:\/\/paragaleriedetalborjt.com\/boutique\/cliniceutica-ceracap-shampoing-antipelliculaire-250ml\/","name":"Cliniceutica Ceracap Shampoing Antipelliculaire 250ml - paragaleriedetalborjt","isPartOf":{"@id":"https:\/\/paragaleriedetalborjt.com\/#website"},"primaryImageOfPage":{"@id":"https:\/\/paragaleriedetalborjt.com\/boutique\/cliniceutica-ceracap-shampoing-antipelliculaire-250ml\/#primaryimage"},"image":{"@id":"https:\/\/paragaleriedetalborjt.com\/boutique\/cliniceutica-ceracap-shampoing-antipelliculaire-250ml\/#primaryimage"},"thumbnailUrl":"https:\/\/paragaleriedetalborjt.com\/wp-content\/uploads\/2026\/01\/Cliniceutica-Ceracap-Shamp-antipelliculaire-250ml-600x600-1.jpg","datePublished":"2026-01-02T18:29:27+00:00","dateModified":"2026-01-02T21:17:57+00:00","breadcrumb":{"@id":"https:\/\/paragaleriedetalborjt.com\/boutique\/cliniceutica-ceracap-shampoing-antipelliculaire-250ml\/#breadcrumb"},"inLanguage":"en-US","potentialAction":[{"@type":"ReadAction","target":["https:\/\/paragaleriedetalborjt.com\/boutique\/cliniceutica-ceracap-shampoing-antipelliculaire-250ml\/"]}]},{"@type":"ImageObject","inLanguage":"en-US","@id":"https:\/\/paragaleriedetalborjt.com\/boutique\/cliniceutica-ceracap-shampoing-antipelliculaire-250ml\/#primaryimage","url":"https:\/\/paragaleriedetalborjt.com\/wp-content\/uploads\/2026\/01\/Cliniceutica-Ceracap-Shamp-antipelliculaire-250ml-600x600-1.jpg","contentUrl":"https:\/\/paragaleriedetalborjt.com\/wp-content\/uploads\/2026\/01\/Cliniceutica-Ceracap-Shamp-antipelliculaire-250ml-600x600-1.jpg","width":600,"height":600},{"@type":"BreadcrumbList","@id":"https:\/\/paragaleriedetalborjt.com\/boutique\/cliniceutica-ceracap-shampoing-antipelliculaire-250ml\/#breadcrumb","itemListElement":[{"@type":"ListItem","position":1,"name":"Accueil","item":"https:\/\/paragaleriedetalborjt.com\/"},{"@type":"ListItem","position":2,"name":"Boutique","item":"https:\/\/paragaleriedetalborjt.com\/boutique\/"},{"@type":"ListItem","position":3,"name":"Cliniceutica Ceracap Shampoing Antipelliculaire 250ml"}]},{"@type":"WebSite","@id":"https:\/\/paragaleriedetalborjt.com\/#website","url":"https:\/\/paragaleriedetalborjt.com\/","name":"paragaleriedetalborjt","description":"","potentialAction":[{"@type":"SearchAction","target":{"@type":"EntryPoint","urlTemplate":"https:\/\/paragaleriedetalborjt.com\/?s={search_term_string}"},"query-input":{"@type":"PropertyValueSpecification","valueRequired":true,"valueName":"search_term_string"}}],"inLanguage":"en-US"}]}},"brands":[],"_links":{"self":[{"href":"https:\/\/paragaleriedetalborjt.com\/en\/wp-json\/wp\/v2\/product\/25555","targetHints":{"allow":["GET"]}}],"collection":[{"href":"https:\/\/paragaleriedetalborjt.com\/en\/wp-json\/wp\/v2\/product"}],"about":[{"href":"https:\/\/paragaleriedetalborjt.com\/en\/wp-json\/wp\/v2\/types\/product"}],"replies":[{"embeddable":true,"href":"https:\/\/paragaleriedetalborjt.com\/en\/wp-json\/wp\/v2\/comments?post=25555"}],"version-history":[{"count":1,"href":"https:\/\/paragaleriedetalborjt.com\/en\/wp-json\/wp\/v2\/product\/25555\/revisions"}],"predecessor-version":[{"id":30488,"href":"https:\/\/paragaleriedetalborjt.com\/en\/wp-json\/wp\/v2\/product\/25555\/revisions\/30488"}],"wp:featuredmedia":[{"embeddable":true,"href":"https:\/\/paragaleriedetalborjt.com\/en\/wp-json\/wp\/v2\/media\/30487"}],"wp:attachment":[{"href":"https:\/\/paragaleriedetalborjt.com\/en\/wp-json\/wp\/v2\/media?parent=25555"}],"wp:term":[{"taxonomy":"pwb-brand","embeddable":true,"href":"https:\/\/paragaleriedetalborjt.com\/en\/wp-json\/wp\/v2\/pwb-brand?post=25555"},{"taxonomy":"product_cat","embeddable":true,"href":"https:\/\/paragaleriedetalborjt.com\/en\/wp-json\/wp\/v2\/product_cat?post=25555"},{"taxonomy":"product_tag","embeddable":true,"href":"https:\/\/paragaleriedetalborjt.com\/en\/wp-json\/wp\/v2\/product_tag?post=25555"}],"curies":[{"name":"wp","href":"https:\/\/api.w.org\/{rel}","templated":true}]}}